{"id":137237,"date":"2026-04-28T09:58:11","date_gmt":"2026-04-28T07:58:11","guid":{"rendered":"https:\/\/webshopdistricoscom.webhosting.be\/product\/bio-balance-creme-callosites-200-ml-ref-7075-022\/"},"modified":"2026-04-28T09:58:17","modified_gmt":"2026-04-28T07:58:17","slug":"bio-balance-creme-callosites-200-ml-ref-7075-022","status":"publish","type":"product","link":"https:\/\/districos.standingout.be\/fr\/product\/bio-balance-creme-callosites-200-ml-ref-7075-022\/","title":{"rendered":"Bio Balance Cr\u00e8me Callosit\u00e9s 200 ml"},"content":{"rendered":"<p >\n<p dir=\"ltr\"><font size=\"2\">Cr\u00e8me pour les pieds hydratante non grasse pour le traitement intensif de callosit\u00e9s. Les ingr\u00e9dients de qualit\u00e9 sup\u00e9rieure comme l\u2019ur\u00e9e (15 %), l\u2019huile d\u2019avocat et les extraits d\u2019algues r\u00e9tablissent la peau d\u00e9shydrat\u00e9e et le manque de lipides de la peau et aident \u00e0 r\u00e9tablir sa fonction naturelle.<\/font><\/p>\n<p dir=\"ltr\"><font size=\"2\"><\/font><\/p>\n<ul>\n<li><font size=\"2\">Emballage : 200 ml.<\/font><\/li>\n<li><font size=\"2\">Vegan.&nbsp;&nbsp;<\/font><\/li>\n<\/ul>\n<p dir=\"ltr\"><font size=\"2\"><font face=\"Verdana\"><br \/><b>Mode d\u2019emploi<\/b><\/font><\/font><\/p>\n<p><font size=\"2\"><\/font><\/p>\n<p dir=\"ltr\"><font size=\"2\">Appliquez et massez 1 \u00e0 2 fois par jour.<\/font><\/p>\n<p dir=\"ltr\"><font size=\"2\"><br \/><\/font><\/p>\n<p dir=\"ltr\"><font size=\"2\"><b>Aussi disponible<\/b><\/font><\/p>\n<p dir=\"ltr\"><font size=\"2\"><\/font><\/p>\n<ul>\n<li><font size=\"2\">Flacon de cabine de 500 ml (<u><a href=\"https:\/\/districos.com\/ProductDetail\/7075.023\" target=\"_blank\" rel=\"noopener noreferrer nofollow\">r\u00e9f. 7075.023<\/a><\/u>)<\/font><\/li>\n<li><font size=\"2\">Petit flacon de 75 ml (<u><a href=\"https:\/\/districos.com\/ProductDetail\/7075.021\" target=\"_blank\" rel=\"noopener noreferrer nofollow\">r\u00e9f. 7075.021<\/a><\/u>)<\/font><\/li>\n<li><font size=\"2\">\u00c9chantillon de 5 ml (<u><a href=\"https:\/\/districos.com\/ProductDetail\/7075.983\" target=\"_blank\" rel=\"noopener noreferrer nofollow\">r\u00e9f. 7075.983<\/a><\/u>)<\/font><\/li>\n<li><font size=\"2\">Pr\u00e9sentoir contenant 8 flacons de 75 ml (<u><a href=\"https:\/\/districos.com\/ProductDetail\/7075.025\" target=\"_blank\" rel=\"noopener noreferrer nofollow\">r\u00e9f. 7075.025<\/a><\/u>)<\/font><\/li>\n<\/ul>\n<div><span>D\u00e9couvrez \u00e9galement la&nbsp;<\/span><span>Bio Balance Cr\u00e8me Moussante Callus+<\/span><span>, v<\/span><span>otre soin de callosit\u00e9s de confiance \u2013 d\u00e9sormais encore plus efficace sous forme de mousse&nbsp;<\/span><span>! (<a href=\"https:\/\/webshop.districos.com\/ProductDetail\/7075.054\" target=\"_blank\" rel=\"noopener noreferrer nofollow\">r\u00e9f. 7075.054<\/a>)<\/span><\/div>\n","protected":false},"excerpt":{"rendered":"<p>Cr\u00e8me pour les pieds hydratante non grasse pour le traitement intensif de callosit\u00e9s. Les ingr\u00e9dients de qualit\u00e9 sup\u00e9rieure comme l\u2019ur\u00e9e (15 %), l\u2019huile d\u2019avocat et les extraits d\u2019algues r\u00e9tablissent la peau d\u00e9shydrat\u00e9e et le manque de lipides de la peau et aident \u00e0 r\u00e9tablir sa fonction naturelle. Emballage : 200 ml. Vegan.&nbsp;&nbsp; Mode d\u2019emploi Appliquez [&hellip;]<\/p>\n","protected":false},"featured_media":147547,"comment_status":"open","ping_status":"closed","template":"","meta":{"_acf_changed":false},"product_brand":[10306],"product_cat":[10082,10078,9946],"product_tag":[],"class_list":{"0":"post-137237","1":"product","2":"type-product","3":"status-publish","4":"has-post-thumbnail","6":"product_brand-bb-voet-fr","7":"product_cat-soins-des-pieds-podologie-produits-de-soin-bio-balance-feet","8":"product_cat-soins-des-pieds-podologie-produits-de-soin-cremes-lotions","9":"product_cat-beaute-pedicure-produits-de-soin","11":"first","12":"instock","13":"taxable","14":"shipping-taxable","15":"product-type-simple"},"acf":[],"yoast_head":"<!-- This site is optimized with the Yoast SEO plugin v27.3 - https:\/\/yoast.com\/product\/yoast-seo-wordpress\/ -->\n<title>Bio Balance Cr\u00e8me Callosit\u00e9s 200 ml - Districos Webshop<\/title>\n<meta name=\"robots\" content=\"noindex, follow, max-snippet:-1, max-image-preview:large, max-video-preview:-1\" \/>\n<meta property=\"og:locale\" content=\"fr_FR\" \/>\n<meta property=\"og:type\" content=\"article\" \/>\n<meta property=\"og:title\" content=\"Bio Balance Cr\u00e8me Callosit\u00e9s 200 ml - Districos Webshop\" \/>\n<meta property=\"og:description\" content=\"Cr\u00e8me pour les pieds hydratante non grasse pour le traitement intensif de callosit\u00e9s. Les ingr\u00e9dients de qualit\u00e9 sup\u00e9rieure comme l\u2019ur\u00e9e (15 %), l\u2019huile d\u2019avocat et les extraits d\u2019algues r\u00e9tablissent la peau d\u00e9shydrat\u00e9e et le manque de lipides de la peau et aident \u00e0 r\u00e9tablir sa fonction naturelle. Emballage : 200 ml. Vegan.&nbsp;&nbsp; Mode d\u2019emploi Appliquez [&hellip;]\" \/>\n<meta property=\"og:url\" content=\"https:\/\/districos.standingout.be\/fr\/product\/bio-balance-creme-callosites-200-ml-ref-7075-022\/\" \/>\n<meta property=\"og:site_name\" content=\"Districos Webshop\" \/>\n<meta property=\"article:modified_time\" content=\"2026-04-28T07:58:17+00:00\" \/>\n<meta name=\"twitter:card\" content=\"summary_large_image\" \/>\n<meta name=\"twitter:label1\" content=\"Dur\u00e9e de lecture estim\u00e9e\" \/>\n\t<meta name=\"twitter:data1\" content=\"1 minute\" \/>\n<script type=\"application\/ld+json\" class=\"yoast-schema-graph\">{\"@context\":\"https:\\\/\\\/schema.org\",\"@graph\":[{\"@type\":\"WebPage\",\"@id\":\"https:\\\/\\\/districos.standingout.be\\\/fr\\\/product\\\/bio-balance-creme-callosites-200-ml-ref-7075-022\\\/\",\"url\":\"https:\\\/\\\/districos.standingout.be\\\/fr\\\/product\\\/bio-balance-creme-callosites-200-ml-ref-7075-022\\\/\",\"name\":\"Bio Balance Cr\u00e8me Callosit\u00e9s 200 ml - Districos Webshop\",\"isPartOf\":{\"@id\":\"https:\\\/\\\/districos.standingout.be\\\/fr\\\/#website\"},\"primaryImageOfPage\":{\"@id\":\"https:\\\/\\\/districos.standingout.be\\\/fr\\\/product\\\/bio-balance-creme-callosites-200-ml-ref-7075-022\\\/#primaryimage\"},\"image\":{\"@id\":\"https:\\\/\\\/districos.standingout.be\\\/fr\\\/product\\\/bio-balance-creme-callosites-200-ml-ref-7075-022\\\/#primaryimage\"},\"thumbnailUrl\":\"https:\\\/\\\/districos.standingout.be\\\/wp-content\\\/uploads\\\/2026\\\/04\\\/7075.022@Calluscreme-200-ml_1-1.png\",\"datePublished\":\"2026-04-28T07:58:11+00:00\",\"dateModified\":\"2026-04-28T07:58:17+00:00\",\"breadcrumb\":{\"@id\":\"https:\\\/\\\/districos.standingout.be\\\/fr\\\/product\\\/bio-balance-creme-callosites-200-ml-ref-7075-022\\\/#breadcrumb\"},\"inLanguage\":\"fr-FR\",\"potentialAction\":[{\"@type\":\"ReadAction\",\"target\":[\"https:\\\/\\\/districos.standingout.be\\\/fr\\\/product\\\/bio-balance-creme-callosites-200-ml-ref-7075-022\\\/\"]}]},{\"@type\":\"ImageObject\",\"inLanguage\":\"fr-FR\",\"@id\":\"https:\\\/\\\/districos.standingout.be\\\/fr\\\/product\\\/bio-balance-creme-callosites-200-ml-ref-7075-022\\\/#primaryimage\",\"url\":\"https:\\\/\\\/districos.standingout.be\\\/wp-content\\\/uploads\\\/2026\\\/04\\\/7075.022@Calluscreme-200-ml_1-1.png\",\"contentUrl\":\"https:\\\/\\\/districos.standingout.be\\\/wp-content\\\/uploads\\\/2026\\\/04\\\/7075.022@Calluscreme-200-ml_1-1.png\",\"width\":600,\"height\":600},{\"@type\":\"BreadcrumbList\",\"@id\":\"https:\\\/\\\/districos.standingout.be\\\/fr\\\/product\\\/bio-balance-creme-callosites-200-ml-ref-7075-022\\\/#breadcrumb\",\"itemListElement\":[{\"@type\":\"ListItem\",\"position\":1,\"name\":\"Home\",\"item\":\"https:\\\/\\\/districos.standingout.be\\\/fr\\\/bienvenue-chez-districos\\\/\"},{\"@type\":\"ListItem\",\"position\":2,\"name\":\"Boutique\",\"item\":\"https:\\\/\\\/districos.standingout.be\\\/fr\\\/boutique\\\/\"},{\"@type\":\"ListItem\",\"position\":3,\"name\":\"Bio Balance Cr\u00e8me Callosit\u00e9s 200 ml\"}]},{\"@type\":\"WebSite\",\"@id\":\"https:\\\/\\\/districos.standingout.be\\\/fr\\\/#website\",\"url\":\"https:\\\/\\\/districos.standingout.be\\\/fr\\\/\",\"name\":\"Districos Webshop\",\"description\":\"\",\"publisher\":{\"@id\":\"https:\\\/\\\/districos.standingout.be\\\/fr\\\/#organization\"},\"potentialAction\":[{\"@type\":\"SearchAction\",\"target\":{\"@type\":\"EntryPoint\",\"urlTemplate\":\"https:\\\/\\\/districos.standingout.be\\\/fr\\\/?s={search_term_string}\"},\"query-input\":{\"@type\":\"PropertyValueSpecification\",\"valueRequired\":true,\"valueName\":\"search_term_string\"}}],\"inLanguage\":\"fr-FR\"},{\"@type\":\"Organization\",\"@id\":\"https:\\\/\\\/districos.standingout.be\\\/fr\\\/#organization\",\"name\":\"Districos Webshop\",\"url\":\"https:\\\/\\\/districos.standingout.be\\\/fr\\\/\",\"logo\":{\"@type\":\"ImageObject\",\"inLanguage\":\"fr-FR\",\"@id\":\"https:\\\/\\\/districos.standingout.be\\\/fr\\\/#\\\/schema\\\/logo\\\/image\\\/\",\"url\":\"https:\\\/\\\/districos.standingout.be\\\/wp-content\\\/uploads\\\/2022\\\/09\\\/Districos_Logo_Webshop.svg\",\"contentUrl\":\"https:\\\/\\\/districos.standingout.be\\\/wp-content\\\/uploads\\\/2022\\\/09\\\/Districos_Logo_Webshop.svg\",\"caption\":\"Districos Webshop\"},\"image\":{\"@id\":\"https:\\\/\\\/districos.standingout.be\\\/fr\\\/#\\\/schema\\\/logo\\\/image\\\/\"}}]}<\/script>\n<!-- \/ Yoast SEO plugin. -->","yoast_head_json":{"title":"Bio Balance Cr\u00e8me Callosit\u00e9s 200 ml - Districos Webshop","robots":{"index":"noindex","follow":"follow","max-snippet":"max-snippet:-1","max-image-preview":"max-image-preview:large","max-video-preview":"max-video-preview:-1"},"og_locale":"fr_FR","og_type":"article","og_title":"Bio Balance Cr\u00e8me Callosit\u00e9s 200 ml - Districos Webshop","og_description":"Cr\u00e8me pour les pieds hydratante non grasse pour le traitement intensif de callosit\u00e9s. Les ingr\u00e9dients de qualit\u00e9 sup\u00e9rieure comme l\u2019ur\u00e9e (15 %), l\u2019huile d\u2019avocat et les extraits d\u2019algues r\u00e9tablissent la peau d\u00e9shydrat\u00e9e et le manque de lipides de la peau et aident \u00e0 r\u00e9tablir sa fonction naturelle. Emballage : 200 ml. Vegan.&nbsp;&nbsp; Mode d\u2019emploi Appliquez [&hellip;]","og_url":"https:\/\/districos.standingout.be\/fr\/product\/bio-balance-creme-callosites-200-ml-ref-7075-022\/","og_site_name":"Districos Webshop","article_modified_time":"2026-04-28T07:58:17+00:00","twitter_card":"summary_large_image","twitter_misc":{"Dur\u00e9e de lecture estim\u00e9e":"1 minute"},"schema":{"@context":"https:\/\/schema.org","@graph":[{"@type":"WebPage","@id":"https:\/\/districos.standingout.be\/fr\/product\/bio-balance-creme-callosites-200-ml-ref-7075-022\/","url":"https:\/\/districos.standingout.be\/fr\/product\/bio-balance-creme-callosites-200-ml-ref-7075-022\/","name":"Bio Balance Cr\u00e8me Callosit\u00e9s 200 ml - Districos Webshop","isPartOf":{"@id":"https:\/\/districos.standingout.be\/fr\/#website"},"primaryImageOfPage":{"@id":"https:\/\/districos.standingout.be\/fr\/product\/bio-balance-creme-callosites-200-ml-ref-7075-022\/#primaryimage"},"image":{"@id":"https:\/\/districos.standingout.be\/fr\/product\/bio-balance-creme-callosites-200-ml-ref-7075-022\/#primaryimage"},"thumbnailUrl":"https:\/\/districos.standingout.be\/wp-content\/uploads\/2026\/04\/7075.022@Calluscreme-200-ml_1-1.png","datePublished":"2026-04-28T07:58:11+00:00","dateModified":"2026-04-28T07:58:17+00:00","breadcrumb":{"@id":"https:\/\/districos.standingout.be\/fr\/product\/bio-balance-creme-callosites-200-ml-ref-7075-022\/#breadcrumb"},"inLanguage":"fr-FR","potentialAction":[{"@type":"ReadAction","target":["https:\/\/districos.standingout.be\/fr\/product\/bio-balance-creme-callosites-200-ml-ref-7075-022\/"]}]},{"@type":"ImageObject","inLanguage":"fr-FR","@id":"https:\/\/districos.standingout.be\/fr\/product\/bio-balance-creme-callosites-200-ml-ref-7075-022\/#primaryimage","url":"https:\/\/districos.standingout.be\/wp-content\/uploads\/2026\/04\/7075.022@Calluscreme-200-ml_1-1.png","contentUrl":"https:\/\/districos.standingout.be\/wp-content\/uploads\/2026\/04\/7075.022@Calluscreme-200-ml_1-1.png","width":600,"height":600},{"@type":"BreadcrumbList","@id":"https:\/\/districos.standingout.be\/fr\/product\/bio-balance-creme-callosites-200-ml-ref-7075-022\/#breadcrumb","itemListElement":[{"@type":"ListItem","position":1,"name":"Home","item":"https:\/\/districos.standingout.be\/fr\/bienvenue-chez-districos\/"},{"@type":"ListItem","position":2,"name":"Boutique","item":"https:\/\/districos.standingout.be\/fr\/boutique\/"},{"@type":"ListItem","position":3,"name":"Bio Balance Cr\u00e8me Callosit\u00e9s 200 ml"}]},{"@type":"WebSite","@id":"https:\/\/districos.standingout.be\/fr\/#website","url":"https:\/\/districos.standingout.be\/fr\/","name":"Districos Webshop","description":"","publisher":{"@id":"https:\/\/districos.standingout.be\/fr\/#organization"},"potentialAction":[{"@type":"SearchAction","target":{"@type":"EntryPoint","urlTemplate":"https:\/\/districos.standingout.be\/fr\/?s={search_term_string}"},"query-input":{"@type":"PropertyValueSpecification","valueRequired":true,"valueName":"search_term_string"}}],"inLanguage":"fr-FR"},{"@type":"Organization","@id":"https:\/\/districos.standingout.be\/fr\/#organization","name":"Districos Webshop","url":"https:\/\/districos.standingout.be\/fr\/","logo":{"@type":"ImageObject","inLanguage":"fr-FR","@id":"https:\/\/districos.standingout.be\/fr\/#\/schema\/logo\/image\/","url":"https:\/\/districos.standingout.be\/wp-content\/uploads\/2022\/09\/Districos_Logo_Webshop.svg","contentUrl":"https:\/\/districos.standingout.be\/wp-content\/uploads\/2022\/09\/Districos_Logo_Webshop.svg","caption":"Districos Webshop"},"image":{"@id":"https:\/\/districos.standingout.be\/fr\/#\/schema\/logo\/image\/"}}]}},"_links":{"self":[{"href":"https:\/\/districos.standingout.be\/fr\/wp-json\/wp\/v2\/product\/137237","targetHints":{"allow":["GET"]}}],"collection":[{"href":"https:\/\/districos.standingout.be\/fr\/wp-json\/wp\/v2\/product"}],"about":[{"href":"https:\/\/districos.standingout.be\/fr\/wp-json\/wp\/v2\/types\/product"}],"replies":[{"embeddable":true,"href":"https:\/\/districos.standingout.be\/fr\/wp-json\/wp\/v2\/comments?post=137237"}],"wp:featuredmedia":[{"embeddable":true,"href":"https:\/\/districos.standingout.be\/fr\/wp-json\/wp\/v2\/media\/147547"}],"wp:attachment":[{"href":"https:\/\/districos.standingout.be\/fr\/wp-json\/wp\/v2\/media?parent=137237"}],"wp:term":[{"taxonomy":"product_brand","embeddable":true,"href":"https:\/\/districos.standingout.be\/fr\/wp-json\/wp\/v2\/product_brand?post=137237"},{"taxonomy":"product_cat","embeddable":true,"href":"https:\/\/districos.standingout.be\/fr\/wp-json\/wp\/v2\/product_cat?post=137237"},{"taxonomy":"product_tag","embeddable":true,"href":"https:\/\/districos.standingout.be\/fr\/wp-json\/wp\/v2\/product_tag?post=137237"}],"curies":[{"name":"wp","href":"https:\/\/api.w.org\/{rel}","templated":true}]}}