{"id":137245,"date":"2026-04-28T09:58:43","date_gmt":"2026-04-28T07:58:43","guid":{"rendered":"https:\/\/webshopdistricoscom.webhosting.be\/product\/presentoir-bio-balance-baume-gercures-8-x-75-ml-ref-7075-035\/"},"modified":"2026-04-28T09:58:49","modified_gmt":"2026-04-28T07:58:49","slug":"presentoir-bio-balance-baume-gercures-8-x-75-ml-ref-7075-035","status":"publish","type":"product","link":"https:\/\/districos.standingout.be\/fr\/product\/presentoir-bio-balance-baume-gercures-8-x-75-ml-ref-7075-035\/","title":{"rendered":"Pr\u00e9sentoir Bio Balance Baume Ger\u00e7ures 8 x 75 ml"},"content":{"rendered":"<p >\n<p dir=\"ltr\">Baume gras riche en provitamines B5 (panth\u00e9nol), en Cardiospermum halicacabum, en vip\u00e9rine commune et en bisabolol pour un effet antidouleur et antid\u00e9mangeaisons et pour aider \u00e0 r\u00e9tablir l\u2019\u00e9quilibre naturel des fluides de la peau. Le baume a l&rsquo;effet d&rsquo;un pansement occlusif afin de garantir que les ingr\u00e9dients soigneusement s\u00e9lectionn\u00e9s p\u00e9n\u00e8trent mieux la peau et pour \u00e9viter que celle-ci se dess\u00e8che encore plus.<\/p>\n<p dir=\"ltr\">\n<ul>\n<li>Emballage : pr\u00e9sentoir contenant 8 flacons de 75 ml.<\/li>\n<\/ul>\n<div><b>Mode d&#8217;emploi<\/b><\/div>\n<div>\n<ul>\n<li>Appliquez et massez 1 \u00e0 2 fois par jour.<\/li>\n<li>Il est conseill\u00e9 de l&rsquo;appliquer le soir et de mettre des chaussettes.<\/li>\n<\/ul>\n<div><b>Conseils d&rsquo;utilisation<\/b><\/div>\n<\/div>\n<div>\n<ul>\n<li>Il n&rsquo;est pas recommand\u00e9 d&rsquo;utiliser ce baume sur les patient(e)s diab\u00e9tiques.<\/li>\n<li>Pour les patient(e)s en oncologie, demandez toujours l&rsquo;avis du m\u00e9decin.<\/li>\n<\/ul>\n<div><b>Aussi disponible<\/b><\/div>\n<\/div>\n<div>\n<p dir=\"ltr\"><b><font size=\"2\"><\/font><\/b><\/p>\n<ul>\n<li><font size=\"2\">Petit flacon de 75 ml (<u><a href=\"https:\/\/districos.com\/ProductDetail\/7075.031\" target=\"_blank\" rel=\"noopener noreferrer nofollow\">r\u00e9f. 7075.031<\/a><\/u>)<\/font><\/li>\n<li><font size=\"2\">\u00c9chantillon de 5 ml (<u><a href=\"https:\/\/districos.com\/ProductDetail\/7075.984\" target=\"_blank\" rel=\"noopener noreferrer nofollow\">r\u00e9f. 7075.984<\/a><\/u>)<\/font><\/li>\n<\/ul>\n<\/div>\n","protected":false},"excerpt":{"rendered":"<p>Baume gras riche en provitamines B5 (panth\u00e9nol), en Cardiospermum halicacabum, en vip\u00e9rine commune et en bisabolol pour un effet antidouleur et antid\u00e9mangeaisons et pour aider \u00e0 r\u00e9tablir l\u2019\u00e9quilibre naturel des fluides de la peau. Le baume a l&rsquo;effet d&rsquo;un pansement occlusif afin de garantir que les ingr\u00e9dients soigneusement s\u00e9lectionn\u00e9s p\u00e9n\u00e8trent mieux la peau et pour [&hellip;]<\/p>\n","protected":false},"featured_media":78206,"comment_status":"open","ping_status":"closed","template":"","meta":{"_acf_changed":false},"product_brand":[10306],"product_cat":[10082,10078,9946],"product_tag":[],"class_list":{"0":"post-137245","1":"product","2":"type-product","3":"status-publish","4":"has-post-thumbnail","6":"product_brand-bb-voet-fr","7":"product_cat-soins-des-pieds-podologie-produits-de-soin-bio-balance-feet","8":"product_cat-soins-des-pieds-podologie-produits-de-soin-cremes-lotions","9":"product_cat-beaute-pedicure-produits-de-soin","11":"first","12":"instock","13":"taxable","14":"shipping-taxable","15":"product-type-simple"},"acf":[],"yoast_head":"<!-- This site is optimized with the Yoast SEO plugin v27.3 - https:\/\/yoast.com\/product\/yoast-seo-wordpress\/ -->\n<title>Pr\u00e9sentoir Bio Balance Baume Ger\u00e7ures 8 x 75 ml - Districos Webshop<\/title>\n<meta name=\"robots\" content=\"noindex, follow, max-snippet:-1, max-image-preview:large, max-video-preview:-1\" \/>\n<meta property=\"og:locale\" content=\"fr_FR\" \/>\n<meta property=\"og:type\" content=\"article\" \/>\n<meta property=\"og:title\" content=\"Pr\u00e9sentoir Bio Balance Baume Ger\u00e7ures 8 x 75 ml - Districos Webshop\" \/>\n<meta property=\"og:description\" content=\"Baume gras riche en provitamines B5 (panth\u00e9nol), en Cardiospermum halicacabum, en vip\u00e9rine commune et en bisabolol pour un effet antidouleur et antid\u00e9mangeaisons et pour aider \u00e0 r\u00e9tablir l\u2019\u00e9quilibre naturel des fluides de la peau. Le baume a l&rsquo;effet d&rsquo;un pansement occlusif afin de garantir que les ingr\u00e9dients soigneusement s\u00e9lectionn\u00e9s p\u00e9n\u00e8trent mieux la peau et pour [&hellip;]\" \/>\n<meta property=\"og:url\" content=\"https:\/\/districos.standingout.be\/fr\/product\/presentoir-bio-balance-baume-gercures-8-x-75-ml-ref-7075-035\/\" \/>\n<meta property=\"og:site_name\" content=\"Districos Webshop\" \/>\n<meta property=\"article:modified_time\" content=\"2026-04-28T07:58:49+00:00\" \/>\n<meta name=\"twitter:card\" content=\"summary_large_image\" \/>\n<meta name=\"twitter:label1\" content=\"Dur\u00e9e de lecture estim\u00e9e\" \/>\n\t<meta name=\"twitter:data1\" content=\"1 minute\" \/>\n<script type=\"application\/ld+json\" class=\"yoast-schema-graph\">{\"@context\":\"https:\\\/\\\/schema.org\",\"@graph\":[{\"@type\":\"WebPage\",\"@id\":\"https:\\\/\\\/districos.standingout.be\\\/fr\\\/product\\\/presentoir-bio-balance-baume-gercures-8-x-75-ml-ref-7075-035\\\/\",\"url\":\"https:\\\/\\\/districos.standingout.be\\\/fr\\\/product\\\/presentoir-bio-balance-baume-gercures-8-x-75-ml-ref-7075-035\\\/\",\"name\":\"Pr\u00e9sentoir Bio Balance Baume Ger\u00e7ures 8 x 75 ml - Districos Webshop\",\"isPartOf\":{\"@id\":\"https:\\\/\\\/districos.standingout.be\\\/fr\\\/#website\"},\"primaryImageOfPage\":{\"@id\":\"https:\\\/\\\/districos.standingout.be\\\/fr\\\/product\\\/presentoir-bio-balance-baume-gercures-8-x-75-ml-ref-7075-035\\\/#primaryimage\"},\"image\":{\"@id\":\"https:\\\/\\\/districos.standingout.be\\\/fr\\\/product\\\/presentoir-bio-balance-baume-gercures-8-x-75-ml-ref-7075-035\\\/#primaryimage\"},\"thumbnailUrl\":\"https:\\\/\\\/districos.standingout.be\\\/wp-content\\\/uploads\\\/2025\\\/07\\\/7075.035@LowRes_1_0.png\",\"datePublished\":\"2026-04-28T07:58:43+00:00\",\"dateModified\":\"2026-04-28T07:58:49+00:00\",\"breadcrumb\":{\"@id\":\"https:\\\/\\\/districos.standingout.be\\\/fr\\\/product\\\/presentoir-bio-balance-baume-gercures-8-x-75-ml-ref-7075-035\\\/#breadcrumb\"},\"inLanguage\":\"fr-FR\",\"potentialAction\":[{\"@type\":\"ReadAction\",\"target\":[\"https:\\\/\\\/districos.standingout.be\\\/fr\\\/product\\\/presentoir-bio-balance-baume-gercures-8-x-75-ml-ref-7075-035\\\/\"]}]},{\"@type\":\"ImageObject\",\"inLanguage\":\"fr-FR\",\"@id\":\"https:\\\/\\\/districos.standingout.be\\\/fr\\\/product\\\/presentoir-bio-balance-baume-gercures-8-x-75-ml-ref-7075-035\\\/#primaryimage\",\"url\":\"https:\\\/\\\/districos.standingout.be\\\/wp-content\\\/uploads\\\/2025\\\/07\\\/7075.035@LowRes_1_0.png\",\"contentUrl\":\"https:\\\/\\\/districos.standingout.be\\\/wp-content\\\/uploads\\\/2025\\\/07\\\/7075.035@LowRes_1_0.png\",\"width\":600,\"height\":600},{\"@type\":\"BreadcrumbList\",\"@id\":\"https:\\\/\\\/districos.standingout.be\\\/fr\\\/product\\\/presentoir-bio-balance-baume-gercures-8-x-75-ml-ref-7075-035\\\/#breadcrumb\",\"itemListElement\":[{\"@type\":\"ListItem\",\"position\":1,\"name\":\"Home\",\"item\":\"https:\\\/\\\/districos.standingout.be\\\/fr\\\/bienvenue-chez-districos\\\/\"},{\"@type\":\"ListItem\",\"position\":2,\"name\":\"Boutique\",\"item\":\"https:\\\/\\\/districos.standingout.be\\\/fr\\\/boutique\\\/\"},{\"@type\":\"ListItem\",\"position\":3,\"name\":\"Pr\u00e9sentoir Bio Balance Baume Ger\u00e7ures 8 x 75 ml\"}]},{\"@type\":\"WebSite\",\"@id\":\"https:\\\/\\\/districos.standingout.be\\\/fr\\\/#website\",\"url\":\"https:\\\/\\\/districos.standingout.be\\\/fr\\\/\",\"name\":\"Districos Webshop\",\"description\":\"\",\"publisher\":{\"@id\":\"https:\\\/\\\/districos.standingout.be\\\/fr\\\/#organization\"},\"potentialAction\":[{\"@type\":\"SearchAction\",\"target\":{\"@type\":\"EntryPoint\",\"urlTemplate\":\"https:\\\/\\\/districos.standingout.be\\\/fr\\\/?s={search_term_string}\"},\"query-input\":{\"@type\":\"PropertyValueSpecification\",\"valueRequired\":true,\"valueName\":\"search_term_string\"}}],\"inLanguage\":\"fr-FR\"},{\"@type\":\"Organization\",\"@id\":\"https:\\\/\\\/districos.standingout.be\\\/fr\\\/#organization\",\"name\":\"Districos Webshop\",\"url\":\"https:\\\/\\\/districos.standingout.be\\\/fr\\\/\",\"logo\":{\"@type\":\"ImageObject\",\"inLanguage\":\"fr-FR\",\"@id\":\"https:\\\/\\\/districos.standingout.be\\\/fr\\\/#\\\/schema\\\/logo\\\/image\\\/\",\"url\":\"https:\\\/\\\/districos.standingout.be\\\/wp-content\\\/uploads\\\/2022\\\/09\\\/Districos_Logo_Webshop.svg\",\"contentUrl\":\"https:\\\/\\\/districos.standingout.be\\\/wp-content\\\/uploads\\\/2022\\\/09\\\/Districos_Logo_Webshop.svg\",\"caption\":\"Districos Webshop\"},\"image\":{\"@id\":\"https:\\\/\\\/districos.standingout.be\\\/fr\\\/#\\\/schema\\\/logo\\\/image\\\/\"}}]}<\/script>\n<!-- \/ Yoast SEO plugin. -->","yoast_head_json":{"title":"Pr\u00e9sentoir Bio Balance Baume Ger\u00e7ures 8 x 75 ml - Districos Webshop","robots":{"index":"noindex","follow":"follow","max-snippet":"max-snippet:-1","max-image-preview":"max-image-preview:large","max-video-preview":"max-video-preview:-1"},"og_locale":"fr_FR","og_type":"article","og_title":"Pr\u00e9sentoir Bio Balance Baume Ger\u00e7ures 8 x 75 ml - Districos Webshop","og_description":"Baume gras riche en provitamines B5 (panth\u00e9nol), en Cardiospermum halicacabum, en vip\u00e9rine commune et en bisabolol pour un effet antidouleur et antid\u00e9mangeaisons et pour aider \u00e0 r\u00e9tablir l\u2019\u00e9quilibre naturel des fluides de la peau. Le baume a l&rsquo;effet d&rsquo;un pansement occlusif afin de garantir que les ingr\u00e9dients soigneusement s\u00e9lectionn\u00e9s p\u00e9n\u00e8trent mieux la peau et pour [&hellip;]","og_url":"https:\/\/districos.standingout.be\/fr\/product\/presentoir-bio-balance-baume-gercures-8-x-75-ml-ref-7075-035\/","og_site_name":"Districos Webshop","article_modified_time":"2026-04-28T07:58:49+00:00","twitter_card":"summary_large_image","twitter_misc":{"Dur\u00e9e de lecture estim\u00e9e":"1 minute"},"schema":{"@context":"https:\/\/schema.org","@graph":[{"@type":"WebPage","@id":"https:\/\/districos.standingout.be\/fr\/product\/presentoir-bio-balance-baume-gercures-8-x-75-ml-ref-7075-035\/","url":"https:\/\/districos.standingout.be\/fr\/product\/presentoir-bio-balance-baume-gercures-8-x-75-ml-ref-7075-035\/","name":"Pr\u00e9sentoir Bio Balance Baume Ger\u00e7ures 8 x 75 ml - Districos Webshop","isPartOf":{"@id":"https:\/\/districos.standingout.be\/fr\/#website"},"primaryImageOfPage":{"@id":"https:\/\/districos.standingout.be\/fr\/product\/presentoir-bio-balance-baume-gercures-8-x-75-ml-ref-7075-035\/#primaryimage"},"image":{"@id":"https:\/\/districos.standingout.be\/fr\/product\/presentoir-bio-balance-baume-gercures-8-x-75-ml-ref-7075-035\/#primaryimage"},"thumbnailUrl":"https:\/\/districos.standingout.be\/wp-content\/uploads\/2025\/07\/7075.035@LowRes_1_0.png","datePublished":"2026-04-28T07:58:43+00:00","dateModified":"2026-04-28T07:58:49+00:00","breadcrumb":{"@id":"https:\/\/districos.standingout.be\/fr\/product\/presentoir-bio-balance-baume-gercures-8-x-75-ml-ref-7075-035\/#breadcrumb"},"inLanguage":"fr-FR","potentialAction":[{"@type":"ReadAction","target":["https:\/\/districos.standingout.be\/fr\/product\/presentoir-bio-balance-baume-gercures-8-x-75-ml-ref-7075-035\/"]}]},{"@type":"ImageObject","inLanguage":"fr-FR","@id":"https:\/\/districos.standingout.be\/fr\/product\/presentoir-bio-balance-baume-gercures-8-x-75-ml-ref-7075-035\/#primaryimage","url":"https:\/\/districos.standingout.be\/wp-content\/uploads\/2025\/07\/7075.035@LowRes_1_0.png","contentUrl":"https:\/\/districos.standingout.be\/wp-content\/uploads\/2025\/07\/7075.035@LowRes_1_0.png","width":600,"height":600},{"@type":"BreadcrumbList","@id":"https:\/\/districos.standingout.be\/fr\/product\/presentoir-bio-balance-baume-gercures-8-x-75-ml-ref-7075-035\/#breadcrumb","itemListElement":[{"@type":"ListItem","position":1,"name":"Home","item":"https:\/\/districos.standingout.be\/fr\/bienvenue-chez-districos\/"},{"@type":"ListItem","position":2,"name":"Boutique","item":"https:\/\/districos.standingout.be\/fr\/boutique\/"},{"@type":"ListItem","position":3,"name":"Pr\u00e9sentoir Bio Balance Baume Ger\u00e7ures 8 x 75 ml"}]},{"@type":"WebSite","@id":"https:\/\/districos.standingout.be\/fr\/#website","url":"https:\/\/districos.standingout.be\/fr\/","name":"Districos Webshop","description":"","publisher":{"@id":"https:\/\/districos.standingout.be\/fr\/#organization"},"potentialAction":[{"@type":"SearchAction","target":{"@type":"EntryPoint","urlTemplate":"https:\/\/districos.standingout.be\/fr\/?s={search_term_string}"},"query-input":{"@type":"PropertyValueSpecification","valueRequired":true,"valueName":"search_term_string"}}],"inLanguage":"fr-FR"},{"@type":"Organization","@id":"https:\/\/districos.standingout.be\/fr\/#organization","name":"Districos Webshop","url":"https:\/\/districos.standingout.be\/fr\/","logo":{"@type":"ImageObject","inLanguage":"fr-FR","@id":"https:\/\/districos.standingout.be\/fr\/#\/schema\/logo\/image\/","url":"https:\/\/districos.standingout.be\/wp-content\/uploads\/2022\/09\/Districos_Logo_Webshop.svg","contentUrl":"https:\/\/districos.standingout.be\/wp-content\/uploads\/2022\/09\/Districos_Logo_Webshop.svg","caption":"Districos Webshop"},"image":{"@id":"https:\/\/districos.standingout.be\/fr\/#\/schema\/logo\/image\/"}}]}},"_links":{"self":[{"href":"https:\/\/districos.standingout.be\/fr\/wp-json\/wp\/v2\/product\/137245","targetHints":{"allow":["GET"]}}],"collection":[{"href":"https:\/\/districos.standingout.be\/fr\/wp-json\/wp\/v2\/product"}],"about":[{"href":"https:\/\/districos.standingout.be\/fr\/wp-json\/wp\/v2\/types\/product"}],"replies":[{"embeddable":true,"href":"https:\/\/districos.standingout.be\/fr\/wp-json\/wp\/v2\/comments?post=137245"}],"wp:featuredmedia":[{"embeddable":true,"href":"https:\/\/districos.standingout.be\/fr\/wp-json\/wp\/v2\/media\/78206"}],"wp:attachment":[{"href":"https:\/\/districos.standingout.be\/fr\/wp-json\/wp\/v2\/media?parent=137245"}],"wp:term":[{"taxonomy":"product_brand","embeddable":true,"href":"https:\/\/districos.standingout.be\/fr\/wp-json\/wp\/v2\/product_brand?post=137245"},{"taxonomy":"product_cat","embeddable":true,"href":"https:\/\/districos.standingout.be\/fr\/wp-json\/wp\/v2\/product_cat?post=137245"},{"taxonomy":"product_tag","embeddable":true,"href":"https:\/\/districos.standingout.be\/fr\/wp-json\/wp\/v2\/product_tag?post=137245"}],"curies":[{"name":"wp","href":"https:\/\/api.w.org\/{rel}","templated":true}]}}