{"id":137247,"date":"2026-04-28T09:58:50","date_gmt":"2026-04-28T07:58:50","guid":{"rendered":"https:\/\/webshopdistricoscom.webhosting.be\/product\/bio-balance-creme-moussante-avocado-125-ml-ref-7075-050\/"},"modified":"2026-04-28T09:58:57","modified_gmt":"2026-04-28T07:58:57","slug":"bio-balance-creme-moussante-avocado-125-ml-ref-7075-050","status":"publish","type":"product","link":"https:\/\/districos.standingout.be\/fr\/product\/bio-balance-creme-moussante-avocado-125-ml-ref-7075-050\/","title":{"rendered":"Bio Balance Cr\u00e8me Moussante Avocado+ 125 ml"},"content":{"rendered":"<p >\n<\/p>\n<\/p>\n<\/p>\n<\/p>\n<p dir=\"ltr\"><b>Cr\u00e8me Moussante pour les pieds \u2013 peau normale \u00e0 s\u00e8che<\/b><\/p>\n<div><b>Bio Balance Avocado+ Cr\u00e8me Moussante<br \/><\/b><span><i>Votre soin de confiance \u2013 d\u00e9sormais encore plus efficace sous forme de mousse !<\/p>\n<p><\/i><\/span><\/div>\n<div>D\u00e9couvrez la Cr\u00e8me Moussante Bio Balance Avocado+ : une texture mousse innovante et a\u00e9rienne qui nourrit intens\u00e9ment la peau sans laisser de sensation grasse. Id\u00e9ale pour le soin quotidien des pieds et des jambes secs \u00e0 tr\u00e8s secs, elle est \u00e9galement recommand\u00e9e pour les soins des pieds diab\u00e9tiques.<\/div>\n<div>Sa formule puissante \u00e0 base de 10 % d&rsquo;ur\u00e9e, d&rsquo;huile d&rsquo;avocat et de glyc\u00e9rine hydrate en profondeur, soutient la r\u00e9g\u00e9n\u00e9ration naturelle des cellules cutan\u00e9es et aide \u00e0 r\u00e9duire la formation de callosit\u00e9s. Gr\u00e2ce \u00e0 l&rsquo;ajout d&rsquo;acide hyaluronique, cette cr\u00e8me moussante stimule \u00e9galement la production de collag\u00e8ne pour une peau plus souple et \u00e9lastique.<\/div>\n<div><\/div>\n<div><span><u>Pourquoi choisir la Cr\u00e8me Moussante Bio Balance Avocado+ ?<\/u><\/span><\/div>\n<div>\n<ul>\n<li><span>Absorption ultra-rapide : chaussettes et chaussures peuvent \u00eatre remises imm\u00e9diatement, sans sensation collante ou grasse.<\/span><\/li>\n<li><span>Nutrition intensive : la combinaison d&rsquo;ur\u00e9e, de glyc\u00e9rine et d&rsquo;huile d&rsquo;avocat assure une hydratation profonde et restaure la barri\u00e8re cutan\u00e9e.<\/span><\/li>\n<li><span>Texture l\u00e9g\u00e8re et efficace : une petite quantit\u00e9 de mousse couvre une grande surface de peau.<\/span><\/li>\n<li><span>Hygi\u00e9nique et \u00e9conomique : parfait pour une utilisation en milieu professionnel tel que les cabinets de p\u00e9dicure, les instituts de beaut\u00e9 et les \u00e9tablissements de soins.<\/span><\/li>\n<li><span>Id\u00e9ale pour une utilisation quotidienne : con\u00e7ue pour les personnes actives et les professionnels recherchant des r\u00e9sultats rapides et efficaces.<\/span><\/li>\n<\/ul>\n<p><span>D\u00e9couvrez <\/span><a href=\"https:\/\/fr.districos.com\/p\/bio-balance-feet-creme-moussante-avocado.html\" target=\"_blank\" rel=\"noopener noreferrer nofollow\">ici<\/a><span> tous les avantages de Cr\u00e8me Moussante Bio Balance Avocado+.<\/span><\/div>\n<div><span><u>Conseils d&rsquo;utilisation<\/u><\/span><span><u>:<\/u><\/span><\/div>\n<div>\n<ul>\n<li><span>Bien agiter l\u2019a\u00e9rosol avant usage et toujours le tenir en position verticale pendant l\u2019application. Appliquer une petite quantit\u00e9 matin et soir et masser d\u00e9licatement.<\/span><\/li>\n<li><span>Votre soin de confiance, une exp\u00e9rience renouvel\u00e9e \u2013 nourrissez intens\u00e9ment les pieds de mani\u00e8re rapide et hygi\u00e9nique avec la Cr\u00e8me Moussante Bio Balance Avocado+ !<\/span><\/li>\n<\/ul>\n<div>\n<div><b>Aussi disponible<\/b><\/div>\n<div>\n<ul>\n<li>35 ml (<a href=\"https:\/\/webshop.districos.com\/ProductDetail\/7075.051\" target=\"_blank\" rel=\"noopener noreferrer nofollow\">r\u00e9f. 7075.051<\/a>)<\/li>\n<\/ul>\n<\/div>\n<\/div>\n<\/div>\n<p> <timestamp:19908855:73\/> <\/p>\n","protected":false},"excerpt":{"rendered":"<p>Cr\u00e8me Moussante pour les pieds \u2013 peau normale \u00e0 s\u00e8che Bio Balance Avocado+ Cr\u00e8me MoussanteVotre soin de confiance \u2013 d\u00e9sormais encore plus efficace sous forme de mousse ! D\u00e9couvrez la Cr\u00e8me Moussante Bio Balance Avocado+ : une texture mousse innovante et a\u00e9rienne qui nourrit intens\u00e9ment la peau sans laisser de sensation grasse. Id\u00e9ale pour le [&hellip;]<\/p>\n","protected":false},"featured_media":147556,"comment_status":"open","ping_status":"closed","template":"","meta":{"_acf_changed":false},"product_brand":[10306],"product_cat":[10082,10078,9946],"product_tag":[],"class_list":{"0":"post-137247","1":"product","2":"type-product","3":"status-publish","4":"has-post-thumbnail","6":"product_brand-bb-voet-fr","7":"product_cat-soins-des-pieds-podologie-produits-de-soin-bio-balance-feet","8":"product_cat-soins-des-pieds-podologie-produits-de-soin-cremes-lotions","9":"product_cat-beaute-pedicure-produits-de-soin","11":"first","12":"instock","13":"taxable","14":"shipping-taxable","15":"product-type-simple"},"acf":[],"yoast_head":"<!-- This site is optimized with the Yoast SEO plugin v27.3 - https:\/\/yoast.com\/product\/yoast-seo-wordpress\/ -->\n<title>Bio Balance Cr\u00e8me Moussante Avocado+ 125 ml - Districos Webshop<\/title>\n<meta name=\"robots\" content=\"noindex, follow, max-snippet:-1, max-image-preview:large, max-video-preview:-1\" \/>\n<meta property=\"og:locale\" content=\"fr_FR\" \/>\n<meta property=\"og:type\" content=\"article\" \/>\n<meta property=\"og:title\" content=\"Bio Balance Cr\u00e8me Moussante Avocado+ 125 ml - Districos Webshop\" \/>\n<meta property=\"og:description\" content=\"Cr\u00e8me Moussante pour les pieds \u2013 peau normale \u00e0 s\u00e8che Bio Balance Avocado+ Cr\u00e8me MoussanteVotre soin de confiance \u2013 d\u00e9sormais encore plus efficace sous forme de mousse ! D\u00e9couvrez la Cr\u00e8me Moussante Bio Balance Avocado+ : une texture mousse innovante et a\u00e9rienne qui nourrit intens\u00e9ment la peau sans laisser de sensation grasse. Id\u00e9ale pour le [&hellip;]\" \/>\n<meta property=\"og:url\" content=\"https:\/\/districos.standingout.be\/fr\/product\/bio-balance-creme-moussante-avocado-125-ml-ref-7075-050\/\" \/>\n<meta property=\"og:site_name\" content=\"Districos Webshop\" \/>\n<meta property=\"article:modified_time\" content=\"2026-04-28T07:58:57+00:00\" \/>\n<meta name=\"twitter:card\" content=\"summary_large_image\" \/>\n<meta name=\"twitter:label1\" content=\"Dur\u00e9e de lecture estim\u00e9e\" \/>\n\t<meta name=\"twitter:data1\" content=\"2 minutes\" \/>\n<script type=\"application\/ld+json\" class=\"yoast-schema-graph\">{\"@context\":\"https:\\\/\\\/schema.org\",\"@graph\":[{\"@type\":\"WebPage\",\"@id\":\"https:\\\/\\\/districos.standingout.be\\\/fr\\\/product\\\/bio-balance-creme-moussante-avocado-125-ml-ref-7075-050\\\/\",\"url\":\"https:\\\/\\\/districos.standingout.be\\\/fr\\\/product\\\/bio-balance-creme-moussante-avocado-125-ml-ref-7075-050\\\/\",\"name\":\"Bio Balance Cr\u00e8me Moussante Avocado+ 125 ml - Districos Webshop\",\"isPartOf\":{\"@id\":\"https:\\\/\\\/districos.standingout.be\\\/fr\\\/#website\"},\"primaryImageOfPage\":{\"@id\":\"https:\\\/\\\/districos.standingout.be\\\/fr\\\/product\\\/bio-balance-creme-moussante-avocado-125-ml-ref-7075-050\\\/#primaryimage\"},\"image\":{\"@id\":\"https:\\\/\\\/districos.standingout.be\\\/fr\\\/product\\\/bio-balance-creme-moussante-avocado-125-ml-ref-7075-050\\\/#primaryimage\"},\"thumbnailUrl\":\"https:\\\/\\\/districos.standingout.be\\\/wp-content\\\/uploads\\\/2026\\\/04\\\/7075.050@Bio-Balance-Schuimcreme-Avocado-125ml_1-1.png\",\"datePublished\":\"2026-04-28T07:58:50+00:00\",\"dateModified\":\"2026-04-28T07:58:57+00:00\",\"breadcrumb\":{\"@id\":\"https:\\\/\\\/districos.standingout.be\\\/fr\\\/product\\\/bio-balance-creme-moussante-avocado-125-ml-ref-7075-050\\\/#breadcrumb\"},\"inLanguage\":\"fr-FR\",\"potentialAction\":[{\"@type\":\"ReadAction\",\"target\":[\"https:\\\/\\\/districos.standingout.be\\\/fr\\\/product\\\/bio-balance-creme-moussante-avocado-125-ml-ref-7075-050\\\/\"]}]},{\"@type\":\"ImageObject\",\"inLanguage\":\"fr-FR\",\"@id\":\"https:\\\/\\\/districos.standingout.be\\\/fr\\\/product\\\/bio-balance-creme-moussante-avocado-125-ml-ref-7075-050\\\/#primaryimage\",\"url\":\"https:\\\/\\\/districos.standingout.be\\\/wp-content\\\/uploads\\\/2026\\\/04\\\/7075.050@Bio-Balance-Schuimcreme-Avocado-125ml_1-1.png\",\"contentUrl\":\"https:\\\/\\\/districos.standingout.be\\\/wp-content\\\/uploads\\\/2026\\\/04\\\/7075.050@Bio-Balance-Schuimcreme-Avocado-125ml_1-1.png\",\"width\":600,\"height\":600},{\"@type\":\"BreadcrumbList\",\"@id\":\"https:\\\/\\\/districos.standingout.be\\\/fr\\\/product\\\/bio-balance-creme-moussante-avocado-125-ml-ref-7075-050\\\/#breadcrumb\",\"itemListElement\":[{\"@type\":\"ListItem\",\"position\":1,\"name\":\"Home\",\"item\":\"https:\\\/\\\/districos.standingout.be\\\/fr\\\/bienvenue-chez-districos\\\/\"},{\"@type\":\"ListItem\",\"position\":2,\"name\":\"Boutique\",\"item\":\"https:\\\/\\\/districos.standingout.be\\\/fr\\\/boutique\\\/\"},{\"@type\":\"ListItem\",\"position\":3,\"name\":\"Bio Balance Cr\u00e8me Moussante Avocado+ 125 ml\"}]},{\"@type\":\"WebSite\",\"@id\":\"https:\\\/\\\/districos.standingout.be\\\/fr\\\/#website\",\"url\":\"https:\\\/\\\/districos.standingout.be\\\/fr\\\/\",\"name\":\"Districos Webshop\",\"description\":\"\",\"publisher\":{\"@id\":\"https:\\\/\\\/districos.standingout.be\\\/fr\\\/#organization\"},\"potentialAction\":[{\"@type\":\"SearchAction\",\"target\":{\"@type\":\"EntryPoint\",\"urlTemplate\":\"https:\\\/\\\/districos.standingout.be\\\/fr\\\/?s={search_term_string}\"},\"query-input\":{\"@type\":\"PropertyValueSpecification\",\"valueRequired\":true,\"valueName\":\"search_term_string\"}}],\"inLanguage\":\"fr-FR\"},{\"@type\":\"Organization\",\"@id\":\"https:\\\/\\\/districos.standingout.be\\\/fr\\\/#organization\",\"name\":\"Districos Webshop\",\"url\":\"https:\\\/\\\/districos.standingout.be\\\/fr\\\/\",\"logo\":{\"@type\":\"ImageObject\",\"inLanguage\":\"fr-FR\",\"@id\":\"https:\\\/\\\/districos.standingout.be\\\/fr\\\/#\\\/schema\\\/logo\\\/image\\\/\",\"url\":\"https:\\\/\\\/districos.standingout.be\\\/wp-content\\\/uploads\\\/2022\\\/09\\\/Districos_Logo_Webshop.svg\",\"contentUrl\":\"https:\\\/\\\/districos.standingout.be\\\/wp-content\\\/uploads\\\/2022\\\/09\\\/Districos_Logo_Webshop.svg\",\"caption\":\"Districos Webshop\"},\"image\":{\"@id\":\"https:\\\/\\\/districos.standingout.be\\\/fr\\\/#\\\/schema\\\/logo\\\/image\\\/\"}}]}<\/script>\n<!-- \/ Yoast SEO plugin. -->","yoast_head_json":{"title":"Bio Balance Cr\u00e8me Moussante Avocado+ 125 ml - Districos Webshop","robots":{"index":"noindex","follow":"follow","max-snippet":"max-snippet:-1","max-image-preview":"max-image-preview:large","max-video-preview":"max-video-preview:-1"},"og_locale":"fr_FR","og_type":"article","og_title":"Bio Balance Cr\u00e8me Moussante Avocado+ 125 ml - Districos Webshop","og_description":"Cr\u00e8me Moussante pour les pieds \u2013 peau normale \u00e0 s\u00e8che Bio Balance Avocado+ Cr\u00e8me MoussanteVotre soin de confiance \u2013 d\u00e9sormais encore plus efficace sous forme de mousse ! D\u00e9couvrez la Cr\u00e8me Moussante Bio Balance Avocado+ : une texture mousse innovante et a\u00e9rienne qui nourrit intens\u00e9ment la peau sans laisser de sensation grasse. Id\u00e9ale pour le [&hellip;]","og_url":"https:\/\/districos.standingout.be\/fr\/product\/bio-balance-creme-moussante-avocado-125-ml-ref-7075-050\/","og_site_name":"Districos Webshop","article_modified_time":"2026-04-28T07:58:57+00:00","twitter_card":"summary_large_image","twitter_misc":{"Dur\u00e9e de lecture estim\u00e9e":"2 minutes"},"schema":{"@context":"https:\/\/schema.org","@graph":[{"@type":"WebPage","@id":"https:\/\/districos.standingout.be\/fr\/product\/bio-balance-creme-moussante-avocado-125-ml-ref-7075-050\/","url":"https:\/\/districos.standingout.be\/fr\/product\/bio-balance-creme-moussante-avocado-125-ml-ref-7075-050\/","name":"Bio Balance Cr\u00e8me Moussante Avocado+ 125 ml - Districos Webshop","isPartOf":{"@id":"https:\/\/districos.standingout.be\/fr\/#website"},"primaryImageOfPage":{"@id":"https:\/\/districos.standingout.be\/fr\/product\/bio-balance-creme-moussante-avocado-125-ml-ref-7075-050\/#primaryimage"},"image":{"@id":"https:\/\/districos.standingout.be\/fr\/product\/bio-balance-creme-moussante-avocado-125-ml-ref-7075-050\/#primaryimage"},"thumbnailUrl":"https:\/\/districos.standingout.be\/wp-content\/uploads\/2026\/04\/7075.050@Bio-Balance-Schuimcreme-Avocado-125ml_1-1.png","datePublished":"2026-04-28T07:58:50+00:00","dateModified":"2026-04-28T07:58:57+00:00","breadcrumb":{"@id":"https:\/\/districos.standingout.be\/fr\/product\/bio-balance-creme-moussante-avocado-125-ml-ref-7075-050\/#breadcrumb"},"inLanguage":"fr-FR","potentialAction":[{"@type":"ReadAction","target":["https:\/\/districos.standingout.be\/fr\/product\/bio-balance-creme-moussante-avocado-125-ml-ref-7075-050\/"]}]},{"@type":"ImageObject","inLanguage":"fr-FR","@id":"https:\/\/districos.standingout.be\/fr\/product\/bio-balance-creme-moussante-avocado-125-ml-ref-7075-050\/#primaryimage","url":"https:\/\/districos.standingout.be\/wp-content\/uploads\/2026\/04\/7075.050@Bio-Balance-Schuimcreme-Avocado-125ml_1-1.png","contentUrl":"https:\/\/districos.standingout.be\/wp-content\/uploads\/2026\/04\/7075.050@Bio-Balance-Schuimcreme-Avocado-125ml_1-1.png","width":600,"height":600},{"@type":"BreadcrumbList","@id":"https:\/\/districos.standingout.be\/fr\/product\/bio-balance-creme-moussante-avocado-125-ml-ref-7075-050\/#breadcrumb","itemListElement":[{"@type":"ListItem","position":1,"name":"Home","item":"https:\/\/districos.standingout.be\/fr\/bienvenue-chez-districos\/"},{"@type":"ListItem","position":2,"name":"Boutique","item":"https:\/\/districos.standingout.be\/fr\/boutique\/"},{"@type":"ListItem","position":3,"name":"Bio Balance Cr\u00e8me Moussante Avocado+ 125 ml"}]},{"@type":"WebSite","@id":"https:\/\/districos.standingout.be\/fr\/#website","url":"https:\/\/districos.standingout.be\/fr\/","name":"Districos Webshop","description":"","publisher":{"@id":"https:\/\/districos.standingout.be\/fr\/#organization"},"potentialAction":[{"@type":"SearchAction","target":{"@type":"EntryPoint","urlTemplate":"https:\/\/districos.standingout.be\/fr\/?s={search_term_string}"},"query-input":{"@type":"PropertyValueSpecification","valueRequired":true,"valueName":"search_term_string"}}],"inLanguage":"fr-FR"},{"@type":"Organization","@id":"https:\/\/districos.standingout.be\/fr\/#organization","name":"Districos Webshop","url":"https:\/\/districos.standingout.be\/fr\/","logo":{"@type":"ImageObject","inLanguage":"fr-FR","@id":"https:\/\/districos.standingout.be\/fr\/#\/schema\/logo\/image\/","url":"https:\/\/districos.standingout.be\/wp-content\/uploads\/2022\/09\/Districos_Logo_Webshop.svg","contentUrl":"https:\/\/districos.standingout.be\/wp-content\/uploads\/2022\/09\/Districos_Logo_Webshop.svg","caption":"Districos Webshop"},"image":{"@id":"https:\/\/districos.standingout.be\/fr\/#\/schema\/logo\/image\/"}}]}},"_links":{"self":[{"href":"https:\/\/districos.standingout.be\/fr\/wp-json\/wp\/v2\/product\/137247","targetHints":{"allow":["GET"]}}],"collection":[{"href":"https:\/\/districos.standingout.be\/fr\/wp-json\/wp\/v2\/product"}],"about":[{"href":"https:\/\/districos.standingout.be\/fr\/wp-json\/wp\/v2\/types\/product"}],"replies":[{"embeddable":true,"href":"https:\/\/districos.standingout.be\/fr\/wp-json\/wp\/v2\/comments?post=137247"}],"wp:featuredmedia":[{"embeddable":true,"href":"https:\/\/districos.standingout.be\/fr\/wp-json\/wp\/v2\/media\/147556"}],"wp:attachment":[{"href":"https:\/\/districos.standingout.be\/fr\/wp-json\/wp\/v2\/media?parent=137247"}],"wp:term":[{"taxonomy":"product_brand","embeddable":true,"href":"https:\/\/districos.standingout.be\/fr\/wp-json\/wp\/v2\/product_brand?post=137247"},{"taxonomy":"product_cat","embeddable":true,"href":"https:\/\/districos.standingout.be\/fr\/wp-json\/wp\/v2\/product_cat?post=137247"},{"taxonomy":"product_tag","embeddable":true,"href":"https:\/\/districos.standingout.be\/fr\/wp-json\/wp\/v2\/product_tag?post=137247"}],"curies":[{"name":"wp","href":"https:\/\/api.w.org\/{rel}","templated":true}]}}