{"id":137251,"date":"2026-04-28T09:59:06","date_gmt":"2026-04-28T07:59:06","guid":{"rendered":"https:\/\/webshopdistricoscom.webhosting.be\/product\/bio-balance-creme-moussante-callus-125-ml-ref-7075-054\/"},"modified":"2026-04-28T09:59:14","modified_gmt":"2026-04-28T07:59:14","slug":"bio-balance-creme-moussante-callus-125-ml-ref-7075-054","status":"publish","type":"product","link":"https:\/\/districos.standingout.be\/fr\/product\/bio-balance-creme-moussante-callus-125-ml-ref-7075-054\/","title":{"rendered":"Bio Balance Cr\u00e8me Moussante Callus+ 125 ml"},"content":{"rendered":"<p >\n<\/p>\n<\/p>\n<\/p>\n<p><b>Cr\u00e8me mousse pour le traitement intensif des callosit\u00e9s.<\/b><\/p>\n<p><span><b>Bio Balance Callus+ Cr\u00e8me mousse<br \/><\/b><\/span><i>Votre soin anti-callosit\u00e9s habituel, d\u00e9sormais encore plus efficace sous forme de mousse !<\/i><\/p>\n<p><span>D\u00e9couvrez la cr\u00e8me mousse Bio Balance Callus+ : une cr\u00e8me mousse non grasse et intens\u00e9ment hydratante qui nourrit la peau en profondeur sans laisser de film gras. Sp\u00e9cialement con\u00e7ue pour le soin quotidien des callosit\u00e9s, elle est recommand\u00e9e pour les soins des pieds diab\u00e9tiques.<\/span><\/p>\n<p>Sa formule puissante \u00e0 base de 10 % d&rsquo;ur\u00e9e, d&rsquo;allanto\u00efne et de glyc\u00e9rine hydrate en profondeur, acc\u00e9l\u00e8re naturellement la r\u00e9g\u00e9n\u00e9ration des cellules cutan\u00e9es et r\u00e9duit la formation de callosit\u00e9s. Les huiles naturelles ajout\u00e9es \u00e0 la cr\u00e8me mousseuse rendent \u00e9galement la peau tr\u00e8s douce. La mousse a un effet anti irritant et pr\u00e9vient les points de pression.<\/p>\n<p><u>Pourquoi choisir la mousse Bio Balance Callus+ ?<\/u><\/p>\n<ul>\n<li>R\u00e9duit la formation de callosit\u00e9s gr\u00e2ce \u00e0 l&rsquo;ur\u00e9e et \u00e0 la glyc\u00e9rine \u2013 aide \u00e0 pr\u00e9venir activement la k\u00e9ratinisation.<\/li>\n<li>Acc\u00e9l\u00e8re le renouvellement cutan\u00e9 gr\u00e2ce \u00e0 l&rsquo;allanto\u00efne \u2013 favorise la r\u00e9g\u00e9n\u00e9ration naturelle de la peau gerc\u00e9e et rugueuse.<\/li>\n<li>Mousse l\u00e9g\u00e8re et a\u00e9rienne \u2013 p\u00e9n\u00e8tre rapidement sans laisser de sensation grasse, id\u00e9ale pour un usage quotidien.<\/li>\n<li>Formule professionnelle \u2013 parfaite pour une utilisation en cabinet et recommand\u00e9e pour un usage domestique. Un produit id\u00e9al \u00e0 vendre !<\/li>\n<\/ul>\n<p><u>Conseils d&rsquo;utilisation :<\/u><\/p>\n<ul>\n<li>Bien agiter le flacon avant utilisation et le maintenir en position verticale pendant l&rsquo;application. Appliquer une petite quantit\u00e9 matin et soir et masser l\u00e9g\u00e8rement.<\/li>\n<li>Soin familier, exp\u00e9rience renouvel\u00e9e \u2013 avec la mousse Bio Balance Callus+, vous acc\u00e9l\u00e9rez le renouvellement de la peau et r\u00e9duisez les callosit\u00e9s, de mani\u00e8re rapide et hygi\u00e9nique !<\/li>\n<\/ul>\n<p><span>D\u00e9couvrez \u00e9galement le <\/span><b>Bio Balance Callus+ Control Home Kit<\/b><span> (<\/span><a href=\"https:\/\/webshop.districos.com\/ProductDetail\/7075.0541\"style=\"font-size: 10pt;\" target=\"_blank\" rel=\"noopener noreferrer nofollow\">r\u00e9f. 7075.0541<\/a><span>). Le kit de vente id\u00e9al avec cr\u00e8me moussante et r\u00e2pe pour les pieds qui permet \u00e0 vos clients de garder leurs pieds sans callosit\u00e9s plus longtemps \u00e0 la maison.<\/span><span>&nbsp;<\/span><\/p>\n","protected":false},"excerpt":{"rendered":"<p>Cr\u00e8me mousse pour le traitement intensif des callosit\u00e9s. Bio Balance Callus+ Cr\u00e8me mousseVotre soin anti-callosit\u00e9s habituel, d\u00e9sormais encore plus efficace sous forme de mousse ! D\u00e9couvrez la cr\u00e8me mousse Bio Balance Callus+ : une cr\u00e8me mousse non grasse et intens\u00e9ment hydratante qui nourrit la peau en profondeur sans laisser de film gras. Sp\u00e9cialement con\u00e7ue pour [&hellip;]<\/p>\n","protected":false},"featured_media":147564,"comment_status":"open","ping_status":"closed","template":"","meta":{"_acf_changed":false},"product_brand":[10306],"product_cat":[10082,10078,9946],"product_tag":[],"class_list":{"0":"post-137251","1":"product","2":"type-product","3":"status-publish","4":"has-post-thumbnail","6":"product_brand-bb-voet-fr","7":"product_cat-soins-des-pieds-podologie-produits-de-soin-bio-balance-feet","8":"product_cat-soins-des-pieds-podologie-produits-de-soin-cremes-lotions","9":"product_cat-beaute-pedicure-produits-de-soin","11":"first","12":"instock","13":"taxable","14":"shipping-taxable","15":"product-type-simple"},"acf":[],"yoast_head":"<!-- This site is optimized with the Yoast SEO plugin v27.3 - https:\/\/yoast.com\/product\/yoast-seo-wordpress\/ -->\n<title>Bio Balance Cr\u00e8me Moussante Callus+ 125 ml - Districos Webshop<\/title>\n<meta name=\"robots\" content=\"noindex, follow, max-snippet:-1, max-image-preview:large, max-video-preview:-1\" \/>\n<meta property=\"og:locale\" content=\"fr_FR\" \/>\n<meta property=\"og:type\" content=\"article\" \/>\n<meta property=\"og:title\" content=\"Bio Balance Cr\u00e8me Moussante Callus+ 125 ml - Districos Webshop\" \/>\n<meta property=\"og:description\" content=\"Cr\u00e8me mousse pour le traitement intensif des callosit\u00e9s. Bio Balance Callus+ Cr\u00e8me mousseVotre soin anti-callosit\u00e9s habituel, d\u00e9sormais encore plus efficace sous forme de mousse ! D\u00e9couvrez la cr\u00e8me mousse Bio Balance Callus+ : une cr\u00e8me mousse non grasse et intens\u00e9ment hydratante qui nourrit la peau en profondeur sans laisser de film gras. Sp\u00e9cialement con\u00e7ue pour [&hellip;]\" \/>\n<meta property=\"og:url\" content=\"https:\/\/districos.standingout.be\/fr\/product\/bio-balance-creme-moussante-callus-125-ml-ref-7075-054\/\" \/>\n<meta property=\"og:site_name\" content=\"Districos Webshop\" \/>\n<meta property=\"article:modified_time\" content=\"2026-04-28T07:59:14+00:00\" \/>\n<meta name=\"twitter:card\" content=\"summary_large_image\" \/>\n<meta name=\"twitter:label1\" content=\"Dur\u00e9e de lecture estim\u00e9e\" \/>\n\t<meta name=\"twitter:data1\" content=\"2 minutes\" \/>\n<script type=\"application\/ld+json\" class=\"yoast-schema-graph\">{\"@context\":\"https:\\\/\\\/schema.org\",\"@graph\":[{\"@type\":\"WebPage\",\"@id\":\"https:\\\/\\\/districos.standingout.be\\\/fr\\\/product\\\/bio-balance-creme-moussante-callus-125-ml-ref-7075-054\\\/\",\"url\":\"https:\\\/\\\/districos.standingout.be\\\/fr\\\/product\\\/bio-balance-creme-moussante-callus-125-ml-ref-7075-054\\\/\",\"name\":\"Bio Balance Cr\u00e8me Moussante Callus+ 125 ml - Districos Webshop\",\"isPartOf\":{\"@id\":\"https:\\\/\\\/districos.standingout.be\\\/fr\\\/#website\"},\"primaryImageOfPage\":{\"@id\":\"https:\\\/\\\/districos.standingout.be\\\/fr\\\/product\\\/bio-balance-creme-moussante-callus-125-ml-ref-7075-054\\\/#primaryimage\"},\"image\":{\"@id\":\"https:\\\/\\\/districos.standingout.be\\\/fr\\\/product\\\/bio-balance-creme-moussante-callus-125-ml-ref-7075-054\\\/#primaryimage\"},\"thumbnailUrl\":\"https:\\\/\\\/districos.standingout.be\\\/wp-content\\\/uploads\\\/2026\\\/04\\\/7075.054@Bio-Balance-Schuimcreme-Callus-125-ml_1-1.png\",\"datePublished\":\"2026-04-28T07:59:06+00:00\",\"dateModified\":\"2026-04-28T07:59:14+00:00\",\"breadcrumb\":{\"@id\":\"https:\\\/\\\/districos.standingout.be\\\/fr\\\/product\\\/bio-balance-creme-moussante-callus-125-ml-ref-7075-054\\\/#breadcrumb\"},\"inLanguage\":\"fr-FR\",\"potentialAction\":[{\"@type\":\"ReadAction\",\"target\":[\"https:\\\/\\\/districos.standingout.be\\\/fr\\\/product\\\/bio-balance-creme-moussante-callus-125-ml-ref-7075-054\\\/\"]}]},{\"@type\":\"ImageObject\",\"inLanguage\":\"fr-FR\",\"@id\":\"https:\\\/\\\/districos.standingout.be\\\/fr\\\/product\\\/bio-balance-creme-moussante-callus-125-ml-ref-7075-054\\\/#primaryimage\",\"url\":\"https:\\\/\\\/districos.standingout.be\\\/wp-content\\\/uploads\\\/2026\\\/04\\\/7075.054@Bio-Balance-Schuimcreme-Callus-125-ml_1-1.png\",\"contentUrl\":\"https:\\\/\\\/districos.standingout.be\\\/wp-content\\\/uploads\\\/2026\\\/04\\\/7075.054@Bio-Balance-Schuimcreme-Callus-125-ml_1-1.png\",\"width\":600,\"height\":600},{\"@type\":\"BreadcrumbList\",\"@id\":\"https:\\\/\\\/districos.standingout.be\\\/fr\\\/product\\\/bio-balance-creme-moussante-callus-125-ml-ref-7075-054\\\/#breadcrumb\",\"itemListElement\":[{\"@type\":\"ListItem\",\"position\":1,\"name\":\"Home\",\"item\":\"https:\\\/\\\/districos.standingout.be\\\/fr\\\/bienvenue-chez-districos\\\/\"},{\"@type\":\"ListItem\",\"position\":2,\"name\":\"Boutique\",\"item\":\"https:\\\/\\\/districos.standingout.be\\\/fr\\\/boutique\\\/\"},{\"@type\":\"ListItem\",\"position\":3,\"name\":\"Bio Balance Cr\u00e8me Moussante Callus+ 125 ml\"}]},{\"@type\":\"WebSite\",\"@id\":\"https:\\\/\\\/districos.standingout.be\\\/fr\\\/#website\",\"url\":\"https:\\\/\\\/districos.standingout.be\\\/fr\\\/\",\"name\":\"Districos Webshop\",\"description\":\"\",\"publisher\":{\"@id\":\"https:\\\/\\\/districos.standingout.be\\\/fr\\\/#organization\"},\"potentialAction\":[{\"@type\":\"SearchAction\",\"target\":{\"@type\":\"EntryPoint\",\"urlTemplate\":\"https:\\\/\\\/districos.standingout.be\\\/fr\\\/?s={search_term_string}\"},\"query-input\":{\"@type\":\"PropertyValueSpecification\",\"valueRequired\":true,\"valueName\":\"search_term_string\"}}],\"inLanguage\":\"fr-FR\"},{\"@type\":\"Organization\",\"@id\":\"https:\\\/\\\/districos.standingout.be\\\/fr\\\/#organization\",\"name\":\"Districos Webshop\",\"url\":\"https:\\\/\\\/districos.standingout.be\\\/fr\\\/\",\"logo\":{\"@type\":\"ImageObject\",\"inLanguage\":\"fr-FR\",\"@id\":\"https:\\\/\\\/districos.standingout.be\\\/fr\\\/#\\\/schema\\\/logo\\\/image\\\/\",\"url\":\"https:\\\/\\\/districos.standingout.be\\\/wp-content\\\/uploads\\\/2022\\\/09\\\/Districos_Logo_Webshop.svg\",\"contentUrl\":\"https:\\\/\\\/districos.standingout.be\\\/wp-content\\\/uploads\\\/2022\\\/09\\\/Districos_Logo_Webshop.svg\",\"caption\":\"Districos Webshop\"},\"image\":{\"@id\":\"https:\\\/\\\/districos.standingout.be\\\/fr\\\/#\\\/schema\\\/logo\\\/image\\\/\"}}]}<\/script>\n<!-- \/ Yoast SEO plugin. -->","yoast_head_json":{"title":"Bio Balance Cr\u00e8me Moussante Callus+ 125 ml - Districos Webshop","robots":{"index":"noindex","follow":"follow","max-snippet":"max-snippet:-1","max-image-preview":"max-image-preview:large","max-video-preview":"max-video-preview:-1"},"og_locale":"fr_FR","og_type":"article","og_title":"Bio Balance Cr\u00e8me Moussante Callus+ 125 ml - Districos Webshop","og_description":"Cr\u00e8me mousse pour le traitement intensif des callosit\u00e9s. Bio Balance Callus+ Cr\u00e8me mousseVotre soin anti-callosit\u00e9s habituel, d\u00e9sormais encore plus efficace sous forme de mousse ! D\u00e9couvrez la cr\u00e8me mousse Bio Balance Callus+ : une cr\u00e8me mousse non grasse et intens\u00e9ment hydratante qui nourrit la peau en profondeur sans laisser de film gras. Sp\u00e9cialement con\u00e7ue pour [&hellip;]","og_url":"https:\/\/districos.standingout.be\/fr\/product\/bio-balance-creme-moussante-callus-125-ml-ref-7075-054\/","og_site_name":"Districos Webshop","article_modified_time":"2026-04-28T07:59:14+00:00","twitter_card":"summary_large_image","twitter_misc":{"Dur\u00e9e de lecture estim\u00e9e":"2 minutes"},"schema":{"@context":"https:\/\/schema.org","@graph":[{"@type":"WebPage","@id":"https:\/\/districos.standingout.be\/fr\/product\/bio-balance-creme-moussante-callus-125-ml-ref-7075-054\/","url":"https:\/\/districos.standingout.be\/fr\/product\/bio-balance-creme-moussante-callus-125-ml-ref-7075-054\/","name":"Bio Balance Cr\u00e8me Moussante Callus+ 125 ml - Districos Webshop","isPartOf":{"@id":"https:\/\/districos.standingout.be\/fr\/#website"},"primaryImageOfPage":{"@id":"https:\/\/districos.standingout.be\/fr\/product\/bio-balance-creme-moussante-callus-125-ml-ref-7075-054\/#primaryimage"},"image":{"@id":"https:\/\/districos.standingout.be\/fr\/product\/bio-balance-creme-moussante-callus-125-ml-ref-7075-054\/#primaryimage"},"thumbnailUrl":"https:\/\/districos.standingout.be\/wp-content\/uploads\/2026\/04\/7075.054@Bio-Balance-Schuimcreme-Callus-125-ml_1-1.png","datePublished":"2026-04-28T07:59:06+00:00","dateModified":"2026-04-28T07:59:14+00:00","breadcrumb":{"@id":"https:\/\/districos.standingout.be\/fr\/product\/bio-balance-creme-moussante-callus-125-ml-ref-7075-054\/#breadcrumb"},"inLanguage":"fr-FR","potentialAction":[{"@type":"ReadAction","target":["https:\/\/districos.standingout.be\/fr\/product\/bio-balance-creme-moussante-callus-125-ml-ref-7075-054\/"]}]},{"@type":"ImageObject","inLanguage":"fr-FR","@id":"https:\/\/districos.standingout.be\/fr\/product\/bio-balance-creme-moussante-callus-125-ml-ref-7075-054\/#primaryimage","url":"https:\/\/districos.standingout.be\/wp-content\/uploads\/2026\/04\/7075.054@Bio-Balance-Schuimcreme-Callus-125-ml_1-1.png","contentUrl":"https:\/\/districos.standingout.be\/wp-content\/uploads\/2026\/04\/7075.054@Bio-Balance-Schuimcreme-Callus-125-ml_1-1.png","width":600,"height":600},{"@type":"BreadcrumbList","@id":"https:\/\/districos.standingout.be\/fr\/product\/bio-balance-creme-moussante-callus-125-ml-ref-7075-054\/#breadcrumb","itemListElement":[{"@type":"ListItem","position":1,"name":"Home","item":"https:\/\/districos.standingout.be\/fr\/bienvenue-chez-districos\/"},{"@type":"ListItem","position":2,"name":"Boutique","item":"https:\/\/districos.standingout.be\/fr\/boutique\/"},{"@type":"ListItem","position":3,"name":"Bio Balance Cr\u00e8me Moussante Callus+ 125 ml"}]},{"@type":"WebSite","@id":"https:\/\/districos.standingout.be\/fr\/#website","url":"https:\/\/districos.standingout.be\/fr\/","name":"Districos Webshop","description":"","publisher":{"@id":"https:\/\/districos.standingout.be\/fr\/#organization"},"potentialAction":[{"@type":"SearchAction","target":{"@type":"EntryPoint","urlTemplate":"https:\/\/districos.standingout.be\/fr\/?s={search_term_string}"},"query-input":{"@type":"PropertyValueSpecification","valueRequired":true,"valueName":"search_term_string"}}],"inLanguage":"fr-FR"},{"@type":"Organization","@id":"https:\/\/districos.standingout.be\/fr\/#organization","name":"Districos Webshop","url":"https:\/\/districos.standingout.be\/fr\/","logo":{"@type":"ImageObject","inLanguage":"fr-FR","@id":"https:\/\/districos.standingout.be\/fr\/#\/schema\/logo\/image\/","url":"https:\/\/districos.standingout.be\/wp-content\/uploads\/2022\/09\/Districos_Logo_Webshop.svg","contentUrl":"https:\/\/districos.standingout.be\/wp-content\/uploads\/2022\/09\/Districos_Logo_Webshop.svg","caption":"Districos Webshop"},"image":{"@id":"https:\/\/districos.standingout.be\/fr\/#\/schema\/logo\/image\/"}}]}},"_links":{"self":[{"href":"https:\/\/districos.standingout.be\/fr\/wp-json\/wp\/v2\/product\/137251","targetHints":{"allow":["GET"]}}],"collection":[{"href":"https:\/\/districos.standingout.be\/fr\/wp-json\/wp\/v2\/product"}],"about":[{"href":"https:\/\/districos.standingout.be\/fr\/wp-json\/wp\/v2\/types\/product"}],"replies":[{"embeddable":true,"href":"https:\/\/districos.standingout.be\/fr\/wp-json\/wp\/v2\/comments?post=137251"}],"wp:featuredmedia":[{"embeddable":true,"href":"https:\/\/districos.standingout.be\/fr\/wp-json\/wp\/v2\/media\/147564"}],"wp:attachment":[{"href":"https:\/\/districos.standingout.be\/fr\/wp-json\/wp\/v2\/media?parent=137251"}],"wp:term":[{"taxonomy":"product_brand","embeddable":true,"href":"https:\/\/districos.standingout.be\/fr\/wp-json\/wp\/v2\/product_brand?post=137251"},{"taxonomy":"product_cat","embeddable":true,"href":"https:\/\/districos.standingout.be\/fr\/wp-json\/wp\/v2\/product_cat?post=137251"},{"taxonomy":"product_tag","embeddable":true,"href":"https:\/\/districos.standingout.be\/fr\/wp-json\/wp\/v2\/product_tag?post=137251"}],"curies":[{"name":"wp","href":"https:\/\/api.w.org\/{rel}","templated":true}]}}