{"id":137253,"date":"2026-04-28T09:59:14","date_gmt":"2026-04-28T07:59:14","guid":{"rendered":"https:\/\/webshopdistricoscom.webhosting.be\/product\/bio-balance-callus-control-home-kit-ref-7075-0541-2\/"},"modified":"2026-04-28T09:59:23","modified_gmt":"2026-04-28T07:59:23","slug":"bio-balance-callus-control-home-kit-ref-7075-0541","status":"publish","type":"product","link":"https:\/\/districos.standingout.be\/fr\/product\/bio-balance-callus-control-home-kit-ref-7075-0541\/","title":{"rendered":"Bio Balance Callus+ Control Home Kit"},"content":{"rendered":"<p >\n<p>Le <b>Bio Balance Callus+ Control Home Kit<\/b> a \u00e9t\u00e9 con\u00e7u pour \u00e9largir votre offre professionnelle et fournir \u00e0 vos clients une solution efficace \u00e0 domicile. Le Home Kit peut \u00eatre utilis\u00e9 en compl\u00e9ment de vos traitements, afin d&rsquo;optimiser les r\u00e9sultats et d&rsquo;augmenter la satisfaction des clients.<\/p>\n<p><b><u>Contenu<\/u><\/b><\/p>\n<ul>\n<li><b>Bio Balance Callus+ Cr\u00e8me mousse <\/b>(<a href=\"https:\/\/webshop.districos.com\/ProductDetail\/7075.054\" target=\"_blank\" rel=\"noopener noreferrer nofollow\">r\u00e9f. 7075.054<\/a>)<b> :<\/b><\/li>\n<li>Cette cr\u00e8me mousseuse a \u00e9t\u00e9 d\u00e9velopp\u00e9e pour le soin quotidien des peaux rugueuses et calleuses. Sa formule contient 10 % d&rsquo;ur\u00e9e, d&rsquo;allanto\u00efne et de glyc\u00e9rine, des ingr\u00e9dients qui contribuent \u00e0 l&rsquo;hydratation, \u00e0 la r\u00e9g\u00e9n\u00e9ration cellulaire et \u00e0 la r\u00e9duction des callosit\u00e9s. Sa texture l\u00e9g\u00e8re permet une absorption rapide sans sensation grasse. Ce produit convient \u00e9galement aux soins des pieds des personnes diab\u00e9tiques.<\/li>\n<li><b>Lime \u00e0 pied double face Bio Balance en acier inoxydable :<\/b><\/li>\n<li>Une r\u00e2pe \u00e0 pieds durable en acier inoxydable, con\u00e7ue pour un usage professionnel et intensif. La r\u00e2pe est double face et dot\u00e9e d&rsquo;un c\u00f4t\u00e9 grossier et d&rsquo;un c\u00f4t\u00e9 fin, ce qui permet d&rsquo;\u00e9liminer les callosit\u00e9s tenaces et superficielles. La r\u00e2pe est enti\u00e8rement d\u00e9sinfectable et st\u00e9rilisable jusqu&rsquo;\u00e0 180 \u00b0C, ce qui garantit une hygi\u00e8ne optimale.<\/li>\n<\/ul>\n<p><b><u>Application et avantages pour votre cabinet<\/u><\/b><\/p>\n<p><span>Recommandez ce kit en cas de callosit\u00e9s r\u00e9currentes et offrez \u00e0 vos clients la possibilit\u00e9 de maintenir les r\u00e9sultats d&rsquo;un traitement \u00e0 domicile. La combinaison de l&rsquo;action m\u00e9canique de la r\u00e2pe et des propri\u00e9t\u00e9s nourrissantes de la cr\u00e8me mousseuse aide \u00e0 garder la peau lisse et sans callosit\u00e9s plus longtemps. Id\u00e9al pour aider vos clients dans leur routine quotidienne de soins des pieds.<\/span>&nbsp;<\/p>\n","protected":false},"excerpt":{"rendered":"<p>Le Bio Balance Callus+ Control Home Kit a \u00e9t\u00e9 con\u00e7u pour \u00e9largir votre offre professionnelle et fournir \u00e0 vos clients une solution efficace \u00e0 domicile. Le Home Kit peut \u00eatre utilis\u00e9 en compl\u00e9ment de vos traitements, afin d&rsquo;optimiser les r\u00e9sultats et d&rsquo;augmenter la satisfaction des clients. Contenu Bio Balance Callus+ Cr\u00e8me mousse (r\u00e9f. 7075.054) : [&hellip;]<\/p>\n","protected":false},"featured_media":147566,"comment_status":"open","ping_status":"closed","template":"","meta":{"_acf_changed":false},"product_brand":[10306],"product_cat":[10082,10078,9946],"product_tag":[],"class_list":{"0":"post-137253","1":"product","2":"type-product","3":"status-publish","4":"has-post-thumbnail","6":"product_brand-bb-voet-fr","7":"product_cat-soins-des-pieds-podologie-produits-de-soin-bio-balance-feet","8":"product_cat-soins-des-pieds-podologie-produits-de-soin-cremes-lotions","9":"product_cat-beaute-pedicure-produits-de-soin","11":"first","12":"instock","13":"taxable","14":"shipping-taxable","15":"product-type-simple"},"acf":[],"yoast_head":"<!-- This site is optimized with the Yoast SEO plugin v27.3 - https:\/\/yoast.com\/product\/yoast-seo-wordpress\/ -->\n<title>Bio Balance Callus+ Control Home Kit - Districos Webshop<\/title>\n<meta name=\"robots\" content=\"noindex, follow, max-snippet:-1, max-image-preview:large, max-video-preview:-1\" \/>\n<meta property=\"og:locale\" content=\"fr_FR\" \/>\n<meta property=\"og:type\" content=\"article\" \/>\n<meta property=\"og:title\" content=\"Bio Balance Callus+ Control Home Kit - Districos Webshop\" \/>\n<meta property=\"og:description\" content=\"Le Bio Balance Callus+ Control Home Kit a \u00e9t\u00e9 con\u00e7u pour \u00e9largir votre offre professionnelle et fournir \u00e0 vos clients une solution efficace \u00e0 domicile. Le Home Kit peut \u00eatre utilis\u00e9 en compl\u00e9ment de vos traitements, afin d&rsquo;optimiser les r\u00e9sultats et d&rsquo;augmenter la satisfaction des clients. Contenu Bio Balance Callus+ Cr\u00e8me mousse (r\u00e9f. 7075.054) : [&hellip;]\" \/>\n<meta property=\"og:url\" content=\"https:\/\/districos.standingout.be\/fr\/product\/bio-balance-callus-control-home-kit-ref-7075-0541\/\" \/>\n<meta property=\"og:site_name\" content=\"Districos Webshop\" \/>\n<meta property=\"article:modified_time\" content=\"2026-04-28T07:59:23+00:00\" \/>\n<meta name=\"twitter:card\" content=\"summary_large_image\" \/>\n<meta name=\"twitter:label1\" content=\"Dur\u00e9e de lecture estim\u00e9e\" \/>\n\t<meta name=\"twitter:data1\" content=\"1 minute\" \/>\n<script type=\"application\/ld+json\" class=\"yoast-schema-graph\">{\"@context\":\"https:\\\/\\\/schema.org\",\"@graph\":[{\"@type\":\"WebPage\",\"@id\":\"https:\\\/\\\/districos.standingout.be\\\/fr\\\/product\\\/bio-balance-callus-control-home-kit-ref-7075-0541\\\/\",\"url\":\"https:\\\/\\\/districos.standingout.be\\\/fr\\\/product\\\/bio-balance-callus-control-home-kit-ref-7075-0541\\\/\",\"name\":\"Bio Balance Callus+ Control Home Kit - Districos Webshop\",\"isPartOf\":{\"@id\":\"https:\\\/\\\/districos.standingout.be\\\/fr\\\/#website\"},\"primaryImageOfPage\":{\"@id\":\"https:\\\/\\\/districos.standingout.be\\\/fr\\\/product\\\/bio-balance-callus-control-home-kit-ref-7075-0541\\\/#primaryimage\"},\"image\":{\"@id\":\"https:\\\/\\\/districos.standingout.be\\\/fr\\\/product\\\/bio-balance-callus-control-home-kit-ref-7075-0541\\\/#primaryimage\"},\"thumbnailUrl\":\"https:\\\/\\\/districos.standingout.be\\\/wp-content\\\/uploads\\\/2026\\\/04\\\/7075.0541@Bio-Balance-Callus-Control-Home-Kit_1-1.png\",\"datePublished\":\"2026-04-28T07:59:14+00:00\",\"dateModified\":\"2026-04-28T07:59:23+00:00\",\"breadcrumb\":{\"@id\":\"https:\\\/\\\/districos.standingout.be\\\/fr\\\/product\\\/bio-balance-callus-control-home-kit-ref-7075-0541\\\/#breadcrumb\"},\"inLanguage\":\"fr-FR\",\"potentialAction\":[{\"@type\":\"ReadAction\",\"target\":[\"https:\\\/\\\/districos.standingout.be\\\/fr\\\/product\\\/bio-balance-callus-control-home-kit-ref-7075-0541\\\/\"]}]},{\"@type\":\"ImageObject\",\"inLanguage\":\"fr-FR\",\"@id\":\"https:\\\/\\\/districos.standingout.be\\\/fr\\\/product\\\/bio-balance-callus-control-home-kit-ref-7075-0541\\\/#primaryimage\",\"url\":\"https:\\\/\\\/districos.standingout.be\\\/wp-content\\\/uploads\\\/2026\\\/04\\\/7075.0541@Bio-Balance-Callus-Control-Home-Kit_1-1.png\",\"contentUrl\":\"https:\\\/\\\/districos.standingout.be\\\/wp-content\\\/uploads\\\/2026\\\/04\\\/7075.0541@Bio-Balance-Callus-Control-Home-Kit_1-1.png\",\"width\":1500,\"height\":1500},{\"@type\":\"BreadcrumbList\",\"@id\":\"https:\\\/\\\/districos.standingout.be\\\/fr\\\/product\\\/bio-balance-callus-control-home-kit-ref-7075-0541\\\/#breadcrumb\",\"itemListElement\":[{\"@type\":\"ListItem\",\"position\":1,\"name\":\"Home\",\"item\":\"https:\\\/\\\/districos.standingout.be\\\/fr\\\/bienvenue-chez-districos\\\/\"},{\"@type\":\"ListItem\",\"position\":2,\"name\":\"Boutique\",\"item\":\"https:\\\/\\\/districos.standingout.be\\\/fr\\\/boutique\\\/\"},{\"@type\":\"ListItem\",\"position\":3,\"name\":\"Bio Balance Callus+ Control Home Kit\"}]},{\"@type\":\"WebSite\",\"@id\":\"https:\\\/\\\/districos.standingout.be\\\/fr\\\/#website\",\"url\":\"https:\\\/\\\/districos.standingout.be\\\/fr\\\/\",\"name\":\"Districos Webshop\",\"description\":\"\",\"publisher\":{\"@id\":\"https:\\\/\\\/districos.standingout.be\\\/fr\\\/#organization\"},\"potentialAction\":[{\"@type\":\"SearchAction\",\"target\":{\"@type\":\"EntryPoint\",\"urlTemplate\":\"https:\\\/\\\/districos.standingout.be\\\/fr\\\/?s={search_term_string}\"},\"query-input\":{\"@type\":\"PropertyValueSpecification\",\"valueRequired\":true,\"valueName\":\"search_term_string\"}}],\"inLanguage\":\"fr-FR\"},{\"@type\":\"Organization\",\"@id\":\"https:\\\/\\\/districos.standingout.be\\\/fr\\\/#organization\",\"name\":\"Districos Webshop\",\"url\":\"https:\\\/\\\/districos.standingout.be\\\/fr\\\/\",\"logo\":{\"@type\":\"ImageObject\",\"inLanguage\":\"fr-FR\",\"@id\":\"https:\\\/\\\/districos.standingout.be\\\/fr\\\/#\\\/schema\\\/logo\\\/image\\\/\",\"url\":\"https:\\\/\\\/districos.standingout.be\\\/wp-content\\\/uploads\\\/2022\\\/09\\\/Districos_Logo_Webshop.svg\",\"contentUrl\":\"https:\\\/\\\/districos.standingout.be\\\/wp-content\\\/uploads\\\/2022\\\/09\\\/Districos_Logo_Webshop.svg\",\"caption\":\"Districos Webshop\"},\"image\":{\"@id\":\"https:\\\/\\\/districos.standingout.be\\\/fr\\\/#\\\/schema\\\/logo\\\/image\\\/\"}}]}<\/script>\n<!-- \/ Yoast SEO plugin. -->","yoast_head_json":{"title":"Bio Balance Callus+ Control Home Kit - Districos Webshop","robots":{"index":"noindex","follow":"follow","max-snippet":"max-snippet:-1","max-image-preview":"max-image-preview:large","max-video-preview":"max-video-preview:-1"},"og_locale":"fr_FR","og_type":"article","og_title":"Bio Balance Callus+ Control Home Kit - Districos Webshop","og_description":"Le Bio Balance Callus+ Control Home Kit a \u00e9t\u00e9 con\u00e7u pour \u00e9largir votre offre professionnelle et fournir \u00e0 vos clients une solution efficace \u00e0 domicile. Le Home Kit peut \u00eatre utilis\u00e9 en compl\u00e9ment de vos traitements, afin d&rsquo;optimiser les r\u00e9sultats et d&rsquo;augmenter la satisfaction des clients. Contenu Bio Balance Callus+ Cr\u00e8me mousse (r\u00e9f. 7075.054) : [&hellip;]","og_url":"https:\/\/districos.standingout.be\/fr\/product\/bio-balance-callus-control-home-kit-ref-7075-0541\/","og_site_name":"Districos Webshop","article_modified_time":"2026-04-28T07:59:23+00:00","twitter_card":"summary_large_image","twitter_misc":{"Dur\u00e9e de lecture estim\u00e9e":"1 minute"},"schema":{"@context":"https:\/\/schema.org","@graph":[{"@type":"WebPage","@id":"https:\/\/districos.standingout.be\/fr\/product\/bio-balance-callus-control-home-kit-ref-7075-0541\/","url":"https:\/\/districos.standingout.be\/fr\/product\/bio-balance-callus-control-home-kit-ref-7075-0541\/","name":"Bio Balance Callus+ Control Home Kit - Districos Webshop","isPartOf":{"@id":"https:\/\/districos.standingout.be\/fr\/#website"},"primaryImageOfPage":{"@id":"https:\/\/districos.standingout.be\/fr\/product\/bio-balance-callus-control-home-kit-ref-7075-0541\/#primaryimage"},"image":{"@id":"https:\/\/districos.standingout.be\/fr\/product\/bio-balance-callus-control-home-kit-ref-7075-0541\/#primaryimage"},"thumbnailUrl":"https:\/\/districos.standingout.be\/wp-content\/uploads\/2026\/04\/7075.0541@Bio-Balance-Callus-Control-Home-Kit_1-1.png","datePublished":"2026-04-28T07:59:14+00:00","dateModified":"2026-04-28T07:59:23+00:00","breadcrumb":{"@id":"https:\/\/districos.standingout.be\/fr\/product\/bio-balance-callus-control-home-kit-ref-7075-0541\/#breadcrumb"},"inLanguage":"fr-FR","potentialAction":[{"@type":"ReadAction","target":["https:\/\/districos.standingout.be\/fr\/product\/bio-balance-callus-control-home-kit-ref-7075-0541\/"]}]},{"@type":"ImageObject","inLanguage":"fr-FR","@id":"https:\/\/districos.standingout.be\/fr\/product\/bio-balance-callus-control-home-kit-ref-7075-0541\/#primaryimage","url":"https:\/\/districos.standingout.be\/wp-content\/uploads\/2026\/04\/7075.0541@Bio-Balance-Callus-Control-Home-Kit_1-1.png","contentUrl":"https:\/\/districos.standingout.be\/wp-content\/uploads\/2026\/04\/7075.0541@Bio-Balance-Callus-Control-Home-Kit_1-1.png","width":1500,"height":1500},{"@type":"BreadcrumbList","@id":"https:\/\/districos.standingout.be\/fr\/product\/bio-balance-callus-control-home-kit-ref-7075-0541\/#breadcrumb","itemListElement":[{"@type":"ListItem","position":1,"name":"Home","item":"https:\/\/districos.standingout.be\/fr\/bienvenue-chez-districos\/"},{"@type":"ListItem","position":2,"name":"Boutique","item":"https:\/\/districos.standingout.be\/fr\/boutique\/"},{"@type":"ListItem","position":3,"name":"Bio Balance Callus+ Control Home Kit"}]},{"@type":"WebSite","@id":"https:\/\/districos.standingout.be\/fr\/#website","url":"https:\/\/districos.standingout.be\/fr\/","name":"Districos Webshop","description":"","publisher":{"@id":"https:\/\/districos.standingout.be\/fr\/#organization"},"potentialAction":[{"@type":"SearchAction","target":{"@type":"EntryPoint","urlTemplate":"https:\/\/districos.standingout.be\/fr\/?s={search_term_string}"},"query-input":{"@type":"PropertyValueSpecification","valueRequired":true,"valueName":"search_term_string"}}],"inLanguage":"fr-FR"},{"@type":"Organization","@id":"https:\/\/districos.standingout.be\/fr\/#organization","name":"Districos Webshop","url":"https:\/\/districos.standingout.be\/fr\/","logo":{"@type":"ImageObject","inLanguage":"fr-FR","@id":"https:\/\/districos.standingout.be\/fr\/#\/schema\/logo\/image\/","url":"https:\/\/districos.standingout.be\/wp-content\/uploads\/2022\/09\/Districos_Logo_Webshop.svg","contentUrl":"https:\/\/districos.standingout.be\/wp-content\/uploads\/2022\/09\/Districos_Logo_Webshop.svg","caption":"Districos Webshop"},"image":{"@id":"https:\/\/districos.standingout.be\/fr\/#\/schema\/logo\/image\/"}}]}},"_links":{"self":[{"href":"https:\/\/districos.standingout.be\/fr\/wp-json\/wp\/v2\/product\/137253","targetHints":{"allow":["GET"]}}],"collection":[{"href":"https:\/\/districos.standingout.be\/fr\/wp-json\/wp\/v2\/product"}],"about":[{"href":"https:\/\/districos.standingout.be\/fr\/wp-json\/wp\/v2\/types\/product"}],"replies":[{"embeddable":true,"href":"https:\/\/districos.standingout.be\/fr\/wp-json\/wp\/v2\/comments?post=137253"}],"wp:featuredmedia":[{"embeddable":true,"href":"https:\/\/districos.standingout.be\/fr\/wp-json\/wp\/v2\/media\/147566"}],"wp:attachment":[{"href":"https:\/\/districos.standingout.be\/fr\/wp-json\/wp\/v2\/media?parent=137253"}],"wp:term":[{"taxonomy":"product_brand","embeddable":true,"href":"https:\/\/districos.standingout.be\/fr\/wp-json\/wp\/v2\/product_brand?post=137253"},{"taxonomy":"product_cat","embeddable":true,"href":"https:\/\/districos.standingout.be\/fr\/wp-json\/wp\/v2\/product_cat?post=137253"},{"taxonomy":"product_tag","embeddable":true,"href":"https:\/\/districos.standingout.be\/fr\/wp-json\/wp\/v2\/product_tag?post=137253"}],"curies":[{"name":"wp","href":"https:\/\/api.w.org\/{rel}","templated":true}]}}