{"id":137255,"date":"2026-04-28T09:59:24","date_gmt":"2026-04-28T07:59:24","guid":{"rendered":"https:\/\/webshopdistricoscom.webhosting.be\/product\/bio-balance-spa-fizz-pastilles-effervescentes-10-g-25-pcs-ref-7075-51\/"},"modified":"2026-04-28T09:59:29","modified_gmt":"2026-04-28T07:59:29","slug":"bio-balance-spa-fizz-pastilles-effervescentes-10-g-25-pcs-ref-7075-51","status":"publish","type":"product","link":"https:\/\/districos.standingout.be\/fr\/product\/bio-balance-spa-fizz-pastilles-effervescentes-10-g-25-pcs-ref-7075-51\/","title":{"rendered":"Bio Balance Spa Fizz Pastilles Effervescentes 10 g 25 pcs."},"content":{"rendered":"<p >\n<\/p>\n<\/p>\n<p dir=\"ltr\">Pastilles effervescentes qui stimulent la circulation sanguine dans les pieds et qui ont<span>&nbsp;une action extr\u00eamement relaxante et rafra\u00eechissante.<\/span><\/p>\n<p dir=\"ltr\">\n<ul>\n<li><span>Pastille effervescente de couleur verte enrichie en menthe, sauge, pignon de pin et huiles essentielles.<\/span><\/li>\n<li><span>Emballage : 25 x 10 g, emball\u00e9es s\u00e9par\u00e9ment et donc un produit de vente id\u00e9al.<\/span><\/li>\n<\/ul>\n<div><b>Mode d&#8217;emploi<\/b><\/div>\n<div>Dissolvez une pastille dans de l&rsquo;eau chaude et laissez tremper les pieds pendant 10 minutes.<\/div>\n<\/p>\n<p dir=\"ltr\"><\/p><\/p>\n","protected":false},"excerpt":{"rendered":"<p>Pastilles effervescentes qui stimulent la circulation sanguine dans les pieds et qui ont&nbsp;une action extr\u00eamement relaxante et rafra\u00eechissante. Pastille effervescente de couleur verte enrichie en menthe, sauge, pignon de pin et huiles essentielles. Emballage : 25 x 10 g, emball\u00e9es s\u00e9par\u00e9ment et donc un produit de vente id\u00e9al. Mode d&#8217;emploi Dissolvez une pastille dans de [&hellip;]<\/p>\n","protected":false},"featured_media":147568,"comment_status":"open","ping_status":"closed","template":"","meta":{"_acf_changed":false},"product_brand":[10306],"product_cat":[10082,10078,9946,10080],"product_tag":[],"class_list":{"0":"post-137255","1":"product","2":"type-product","3":"status-publish","4":"has-post-thumbnail","6":"product_brand-bb-voet-fr","7":"product_cat-soins-des-pieds-podologie-produits-de-soin-bio-balance-feet","8":"product_cat-soins-des-pieds-podologie-produits-de-soin-cremes-lotions","9":"product_cat-beaute-pedicure-produits-de-soin","10":"product_cat-soins-des-pieds-podologie-produits-de-soin-spa-pedicure","12":"first","13":"instock","14":"taxable","15":"shipping-taxable","16":"product-type-simple"},"acf":[],"yoast_head":"<!-- This site is optimized with the Yoast SEO plugin v27.3 - https:\/\/yoast.com\/product\/yoast-seo-wordpress\/ -->\n<title>Bio Balance Spa Fizz Pastilles Effervescentes 10 g 25 pcs. - Districos Webshop<\/title>\n<meta name=\"robots\" content=\"noindex, follow, max-snippet:-1, max-image-preview:large, max-video-preview:-1\" \/>\n<meta property=\"og:locale\" content=\"fr_FR\" \/>\n<meta property=\"og:type\" content=\"article\" \/>\n<meta property=\"og:title\" content=\"Bio Balance Spa Fizz Pastilles Effervescentes 10 g 25 pcs. - Districos Webshop\" \/>\n<meta property=\"og:description\" content=\"Pastilles effervescentes qui stimulent la circulation sanguine dans les pieds et qui ont&nbsp;une action extr\u00eamement relaxante et rafra\u00eechissante. Pastille effervescente de couleur verte enrichie en menthe, sauge, pignon de pin et huiles essentielles. Emballage : 25 x 10 g, emball\u00e9es s\u00e9par\u00e9ment et donc un produit de vente id\u00e9al. Mode d&#8217;emploi Dissolvez une pastille dans de [&hellip;]\" \/>\n<meta property=\"og:url\" content=\"https:\/\/districos.standingout.be\/fr\/product\/bio-balance-spa-fizz-pastilles-effervescentes-10-g-25-pcs-ref-7075-51\/\" \/>\n<meta property=\"og:site_name\" content=\"Districos Webshop\" \/>\n<meta property=\"article:modified_time\" content=\"2026-04-28T07:59:29+00:00\" \/>\n<meta name=\"twitter:card\" content=\"summary_large_image\" \/>\n<script type=\"application\/ld+json\" class=\"yoast-schema-graph\">{\"@context\":\"https:\\\/\\\/schema.org\",\"@graph\":[{\"@type\":\"WebPage\",\"@id\":\"https:\\\/\\\/districos.standingout.be\\\/fr\\\/product\\\/bio-balance-spa-fizz-pastilles-effervescentes-10-g-25-pcs-ref-7075-51\\\/\",\"url\":\"https:\\\/\\\/districos.standingout.be\\\/fr\\\/product\\\/bio-balance-spa-fizz-pastilles-effervescentes-10-g-25-pcs-ref-7075-51\\\/\",\"name\":\"Bio Balance Spa Fizz Pastilles Effervescentes 10 g 25 pcs. - Districos Webshop\",\"isPartOf\":{\"@id\":\"https:\\\/\\\/districos.standingout.be\\\/fr\\\/#website\"},\"primaryImageOfPage\":{\"@id\":\"https:\\\/\\\/districos.standingout.be\\\/fr\\\/product\\\/bio-balance-spa-fizz-pastilles-effervescentes-10-g-25-pcs-ref-7075-51\\\/#primaryimage\"},\"image\":{\"@id\":\"https:\\\/\\\/districos.standingout.be\\\/fr\\\/product\\\/bio-balance-spa-fizz-pastilles-effervescentes-10-g-25-pcs-ref-7075-51\\\/#primaryimage\"},\"thumbnailUrl\":\"https:\\\/\\\/districos.standingout.be\\\/wp-content\\\/uploads\\\/2026\\\/04\\\/7075.51@Feet-Bruistabletten-Spa-Fizz-10-g-25-st_1-1.png\",\"datePublished\":\"2026-04-28T07:59:24+00:00\",\"dateModified\":\"2026-04-28T07:59:29+00:00\",\"breadcrumb\":{\"@id\":\"https:\\\/\\\/districos.standingout.be\\\/fr\\\/product\\\/bio-balance-spa-fizz-pastilles-effervescentes-10-g-25-pcs-ref-7075-51\\\/#breadcrumb\"},\"inLanguage\":\"fr-FR\",\"potentialAction\":[{\"@type\":\"ReadAction\",\"target\":[\"https:\\\/\\\/districos.standingout.be\\\/fr\\\/product\\\/bio-balance-spa-fizz-pastilles-effervescentes-10-g-25-pcs-ref-7075-51\\\/\"]}]},{\"@type\":\"ImageObject\",\"inLanguage\":\"fr-FR\",\"@id\":\"https:\\\/\\\/districos.standingout.be\\\/fr\\\/product\\\/bio-balance-spa-fizz-pastilles-effervescentes-10-g-25-pcs-ref-7075-51\\\/#primaryimage\",\"url\":\"https:\\\/\\\/districos.standingout.be\\\/wp-content\\\/uploads\\\/2026\\\/04\\\/7075.51@Feet-Bruistabletten-Spa-Fizz-10-g-25-st_1-1.png\",\"contentUrl\":\"https:\\\/\\\/districos.standingout.be\\\/wp-content\\\/uploads\\\/2026\\\/04\\\/7075.51@Feet-Bruistabletten-Spa-Fizz-10-g-25-st_1-1.png\",\"width\":600,\"height\":600},{\"@type\":\"BreadcrumbList\",\"@id\":\"https:\\\/\\\/districos.standingout.be\\\/fr\\\/product\\\/bio-balance-spa-fizz-pastilles-effervescentes-10-g-25-pcs-ref-7075-51\\\/#breadcrumb\",\"itemListElement\":[{\"@type\":\"ListItem\",\"position\":1,\"name\":\"Home\",\"item\":\"https:\\\/\\\/districos.standingout.be\\\/fr\\\/bienvenue-chez-districos\\\/\"},{\"@type\":\"ListItem\",\"position\":2,\"name\":\"Boutique\",\"item\":\"https:\\\/\\\/districos.standingout.be\\\/fr\\\/boutique\\\/\"},{\"@type\":\"ListItem\",\"position\":3,\"name\":\"Bio Balance Spa Fizz Pastilles Effervescentes 10 g 25 pcs.\"}]},{\"@type\":\"WebSite\",\"@id\":\"https:\\\/\\\/districos.standingout.be\\\/fr\\\/#website\",\"url\":\"https:\\\/\\\/districos.standingout.be\\\/fr\\\/\",\"name\":\"Districos Webshop\",\"description\":\"\",\"publisher\":{\"@id\":\"https:\\\/\\\/districos.standingout.be\\\/fr\\\/#organization\"},\"potentialAction\":[{\"@type\":\"SearchAction\",\"target\":{\"@type\":\"EntryPoint\",\"urlTemplate\":\"https:\\\/\\\/districos.standingout.be\\\/fr\\\/?s={search_term_string}\"},\"query-input\":{\"@type\":\"PropertyValueSpecification\",\"valueRequired\":true,\"valueName\":\"search_term_string\"}}],\"inLanguage\":\"fr-FR\"},{\"@type\":\"Organization\",\"@id\":\"https:\\\/\\\/districos.standingout.be\\\/fr\\\/#organization\",\"name\":\"Districos Webshop\",\"url\":\"https:\\\/\\\/districos.standingout.be\\\/fr\\\/\",\"logo\":{\"@type\":\"ImageObject\",\"inLanguage\":\"fr-FR\",\"@id\":\"https:\\\/\\\/districos.standingout.be\\\/fr\\\/#\\\/schema\\\/logo\\\/image\\\/\",\"url\":\"https:\\\/\\\/districos.standingout.be\\\/wp-content\\\/uploads\\\/2022\\\/09\\\/Districos_Logo_Webshop.svg\",\"contentUrl\":\"https:\\\/\\\/districos.standingout.be\\\/wp-content\\\/uploads\\\/2022\\\/09\\\/Districos_Logo_Webshop.svg\",\"caption\":\"Districos Webshop\"},\"image\":{\"@id\":\"https:\\\/\\\/districos.standingout.be\\\/fr\\\/#\\\/schema\\\/logo\\\/image\\\/\"}}]}<\/script>\n<!-- \/ Yoast SEO plugin. -->","yoast_head_json":{"title":"Bio Balance Spa Fizz Pastilles Effervescentes 10 g 25 pcs. - Districos Webshop","robots":{"index":"noindex","follow":"follow","max-snippet":"max-snippet:-1","max-image-preview":"max-image-preview:large","max-video-preview":"max-video-preview:-1"},"og_locale":"fr_FR","og_type":"article","og_title":"Bio Balance Spa Fizz Pastilles Effervescentes 10 g 25 pcs. - Districos Webshop","og_description":"Pastilles effervescentes qui stimulent la circulation sanguine dans les pieds et qui ont&nbsp;une action extr\u00eamement relaxante et rafra\u00eechissante. Pastille effervescente de couleur verte enrichie en menthe, sauge, pignon de pin et huiles essentielles. Emballage : 25 x 10 g, emball\u00e9es s\u00e9par\u00e9ment et donc un produit de vente id\u00e9al. Mode d&#8217;emploi Dissolvez une pastille dans de [&hellip;]","og_url":"https:\/\/districos.standingout.be\/fr\/product\/bio-balance-spa-fizz-pastilles-effervescentes-10-g-25-pcs-ref-7075-51\/","og_site_name":"Districos Webshop","article_modified_time":"2026-04-28T07:59:29+00:00","twitter_card":"summary_large_image","schema":{"@context":"https:\/\/schema.org","@graph":[{"@type":"WebPage","@id":"https:\/\/districos.standingout.be\/fr\/product\/bio-balance-spa-fizz-pastilles-effervescentes-10-g-25-pcs-ref-7075-51\/","url":"https:\/\/districos.standingout.be\/fr\/product\/bio-balance-spa-fizz-pastilles-effervescentes-10-g-25-pcs-ref-7075-51\/","name":"Bio Balance Spa Fizz Pastilles Effervescentes 10 g 25 pcs. - Districos Webshop","isPartOf":{"@id":"https:\/\/districos.standingout.be\/fr\/#website"},"primaryImageOfPage":{"@id":"https:\/\/districos.standingout.be\/fr\/product\/bio-balance-spa-fizz-pastilles-effervescentes-10-g-25-pcs-ref-7075-51\/#primaryimage"},"image":{"@id":"https:\/\/districos.standingout.be\/fr\/product\/bio-balance-spa-fizz-pastilles-effervescentes-10-g-25-pcs-ref-7075-51\/#primaryimage"},"thumbnailUrl":"https:\/\/districos.standingout.be\/wp-content\/uploads\/2026\/04\/7075.51@Feet-Bruistabletten-Spa-Fizz-10-g-25-st_1-1.png","datePublished":"2026-04-28T07:59:24+00:00","dateModified":"2026-04-28T07:59:29+00:00","breadcrumb":{"@id":"https:\/\/districos.standingout.be\/fr\/product\/bio-balance-spa-fizz-pastilles-effervescentes-10-g-25-pcs-ref-7075-51\/#breadcrumb"},"inLanguage":"fr-FR","potentialAction":[{"@type":"ReadAction","target":["https:\/\/districos.standingout.be\/fr\/product\/bio-balance-spa-fizz-pastilles-effervescentes-10-g-25-pcs-ref-7075-51\/"]}]},{"@type":"ImageObject","inLanguage":"fr-FR","@id":"https:\/\/districos.standingout.be\/fr\/product\/bio-balance-spa-fizz-pastilles-effervescentes-10-g-25-pcs-ref-7075-51\/#primaryimage","url":"https:\/\/districos.standingout.be\/wp-content\/uploads\/2026\/04\/7075.51@Feet-Bruistabletten-Spa-Fizz-10-g-25-st_1-1.png","contentUrl":"https:\/\/districos.standingout.be\/wp-content\/uploads\/2026\/04\/7075.51@Feet-Bruistabletten-Spa-Fizz-10-g-25-st_1-1.png","width":600,"height":600},{"@type":"BreadcrumbList","@id":"https:\/\/districos.standingout.be\/fr\/product\/bio-balance-spa-fizz-pastilles-effervescentes-10-g-25-pcs-ref-7075-51\/#breadcrumb","itemListElement":[{"@type":"ListItem","position":1,"name":"Home","item":"https:\/\/districos.standingout.be\/fr\/bienvenue-chez-districos\/"},{"@type":"ListItem","position":2,"name":"Boutique","item":"https:\/\/districos.standingout.be\/fr\/boutique\/"},{"@type":"ListItem","position":3,"name":"Bio Balance Spa Fizz Pastilles Effervescentes 10 g 25 pcs."}]},{"@type":"WebSite","@id":"https:\/\/districos.standingout.be\/fr\/#website","url":"https:\/\/districos.standingout.be\/fr\/","name":"Districos Webshop","description":"","publisher":{"@id":"https:\/\/districos.standingout.be\/fr\/#organization"},"potentialAction":[{"@type":"SearchAction","target":{"@type":"EntryPoint","urlTemplate":"https:\/\/districos.standingout.be\/fr\/?s={search_term_string}"},"query-input":{"@type":"PropertyValueSpecification","valueRequired":true,"valueName":"search_term_string"}}],"inLanguage":"fr-FR"},{"@type":"Organization","@id":"https:\/\/districos.standingout.be\/fr\/#organization","name":"Districos Webshop","url":"https:\/\/districos.standingout.be\/fr\/","logo":{"@type":"ImageObject","inLanguage":"fr-FR","@id":"https:\/\/districos.standingout.be\/fr\/#\/schema\/logo\/image\/","url":"https:\/\/districos.standingout.be\/wp-content\/uploads\/2022\/09\/Districos_Logo_Webshop.svg","contentUrl":"https:\/\/districos.standingout.be\/wp-content\/uploads\/2022\/09\/Districos_Logo_Webshop.svg","caption":"Districos Webshop"},"image":{"@id":"https:\/\/districos.standingout.be\/fr\/#\/schema\/logo\/image\/"}}]}},"_links":{"self":[{"href":"https:\/\/districos.standingout.be\/fr\/wp-json\/wp\/v2\/product\/137255","targetHints":{"allow":["GET"]}}],"collection":[{"href":"https:\/\/districos.standingout.be\/fr\/wp-json\/wp\/v2\/product"}],"about":[{"href":"https:\/\/districos.standingout.be\/fr\/wp-json\/wp\/v2\/types\/product"}],"replies":[{"embeddable":true,"href":"https:\/\/districos.standingout.be\/fr\/wp-json\/wp\/v2\/comments?post=137255"}],"wp:featuredmedia":[{"embeddable":true,"href":"https:\/\/districos.standingout.be\/fr\/wp-json\/wp\/v2\/media\/147568"}],"wp:attachment":[{"href":"https:\/\/districos.standingout.be\/fr\/wp-json\/wp\/v2\/media?parent=137255"}],"wp:term":[{"taxonomy":"product_brand","embeddable":true,"href":"https:\/\/districos.standingout.be\/fr\/wp-json\/wp\/v2\/product_brand?post=137255"},{"taxonomy":"product_cat","embeddable":true,"href":"https:\/\/districos.standingout.be\/fr\/wp-json\/wp\/v2\/product_cat?post=137255"},{"taxonomy":"product_tag","embeddable":true,"href":"https:\/\/districos.standingout.be\/fr\/wp-json\/wp\/v2\/product_tag?post=137255"}],"curies":[{"name":"wp","href":"https:\/\/api.w.org\/{rel}","templated":true}]}}