{"id":137271,"date":"2026-04-28T10:01:27","date_gmt":"2026-04-28T08:01:27","guid":{"rendered":"https:\/\/webshopdistricoscom.webhosting.be\/product\/bio-balance-feet-kit-cabine-avec-chaussons-thermiques-ref-7075-61\/"},"modified":"2026-04-28T10:01:35","modified_gmt":"2026-04-28T08:01:35","slug":"bio-balance-feet-kit-cabine-avec-chaussons-thermiques-ref-7075-61","status":"publish","type":"product","link":"https:\/\/districos.standingout.be\/fr\/product\/bio-balance-feet-kit-cabine-avec-chaussons-thermiques-ref-7075-61\/","title":{"rendered":"Bio Balance Feet Kit Cabine avec Chaussons Thermiques"},"content":{"rendered":"<p >\n<p dir=\"ltr\"><font size=\"2\"><b>Contenu<\/b><br \/><\/font><\/p>\n<ul>\n<li><font size=\"2\">1 x Bio Balance Spa Fizz Pastilles Effervescentes 10 g 25 pcs.<\/font><\/li>\n<li><font size=\"2\">1 x Podiskin avec Pompe 500 ml<\/font><\/li>\n<li><font size=\"2\">1 x Bio Balance Peeling pour les Pieds 200 ml<\/font><\/li>\n<li><font size=\"2\">1 x Bio Balance Masque pour les Pieds 200 ml<\/font><\/li>\n<li><font size=\"2\">1 x FunghiClear Spray Antimycosique 50 ml<\/font><\/li>\n<li><font size=\"2\">1 x Bio Balance Cr\u00e8me Pieds Care &amp; Refresh 500 ml<\/font><\/li>\n<li><font size=\"2\">1 x Bio Balance Cr\u00e8me Pieds Avocado 500 ml<\/font><\/li>\n<li><font size=\"2\">1 x Bio Balance Cr\u00e8me Callosit\u00e9s 200 ml<\/font><\/li>\n<li><font size=\"2\">1 x Depil\u00e8ve Sachets de Protection Paraffine 100 pcs.<\/font><\/li>\n<li><font size=\"2\">1 paire de Chaussons Thermiques<\/font><\/li>\n<\/ul>\n<p dir=\"ltr\"><font size=\"2\"><b><font face=\"Verdana\">\u00c9tape par \u00e9tape<\/font><\/b><\/font><\/p>\n<div>\n<ol dir=\"ltr\">\n<li><font size=\"2\">D\u00e9sinfectez vos mains et les pieds de votre client(e) avec le Podiskin.<\/font><\/li>\n<li><font size=\"2\">Ajoutez une Spa Fizz Pastille Effervescente de Bio Balance \u00e0 un bain de pieds et laissez tremper les pieds de votre client(e) pendant 10 minutes.<\/font><\/li>\n<li><font size=\"2\">S\u00e9chez les pieds et appliquez une petite quantit\u00e9 du Peeling pour les Pieds de Bio Balance.<\/font><\/li>\n<li><font size=\"2\">Gommez les pieds jusqu\u2019\u00e0 ce que les petits grains tombent. Utilisez un bac de r\u00e9ception afin de recueillir les grains. Il ne faut pas rincer.<\/font><\/li>\n<li><font size=\"2\">Appliquez une couche g\u00e9n\u00e9reuse du Masque pour les Pieds de Bio Balance sur les pieds de votre client(e). Vous pouvez le faoire avec vos mains. L\u2019utilisation d\u2019un pinceau masque est uniquement possible s&rsquo;il n&rsquo;y a pas d&rsquo;infections fongiques des pieds et des ongles.<\/font><\/li>\n<li><font size=\"2\">Glissez les pieds dans un sachet protecteur et couvrez de chaussons thermiques.<\/font><\/li>\n<li><font size=\"2\">Enlevez les sachets protecteurs et les chaussons thermiques et massez les restants du masque dans la peau. Si n\u00e9cessaire, vous pouvez utilisez une cr\u00e8me pieds de Bio Balance appropri\u00e9e \u00e0 la probl\u00e9matique des pieds\/de la peau.<\/font><\/li>\n<li><font size=\"2\">En cas d&rsquo;une infection fongique des pieds\/ongles, vous pouvez traiter les pieds \u00e0 la fin avec le Spray Antimycosique de FunghiClear : Vaporisez sur les zones \u00e0 traiter et dans les chaussures et recommandez FunghiClear pour les soins \u00e0 domicile (2 fois par jour sur les pieds, chaque semaine dans toutes les chaussures).<\/font><\/li>\n<\/ol>\n<\/div>\n","protected":false},"excerpt":{"rendered":"<p>Contenu 1 x Bio Balance Spa Fizz Pastilles Effervescentes 10 g 25 pcs. 1 x Podiskin avec Pompe 500 ml 1 x Bio Balance Peeling pour les Pieds 200 ml 1 x Bio Balance Masque pour les Pieds 200 ml 1 x FunghiClear Spray Antimycosique 50 ml 1 x Bio Balance Cr\u00e8me Pieds Care &amp; [&hellip;]<\/p>\n","protected":false},"featured_media":78239,"comment_status":"open","ping_status":"closed","template":"","meta":{"_acf_changed":false},"product_brand":[10306],"product_cat":[10082,10078,9946,10080],"product_tag":[],"class_list":{"0":"post-137271","1":"product","2":"type-product","3":"status-publish","4":"has-post-thumbnail","6":"product_brand-bb-voet-fr","7":"product_cat-soins-des-pieds-podologie-produits-de-soin-bio-balance-feet","8":"product_cat-soins-des-pieds-podologie-produits-de-soin-cremes-lotions","9":"product_cat-beaute-pedicure-produits-de-soin","10":"product_cat-soins-des-pieds-podologie-produits-de-soin-spa-pedicure","12":"first","13":"instock","14":"taxable","15":"shipping-taxable","16":"product-type-simple"},"acf":[],"yoast_head":"<!-- This site is optimized with the Yoast SEO plugin v27.3 - https:\/\/yoast.com\/product\/yoast-seo-wordpress\/ -->\n<title>Bio Balance Feet Kit Cabine avec Chaussons Thermiques - Districos Webshop<\/title>\n<meta name=\"robots\" content=\"noindex, follow, max-snippet:-1, max-image-preview:large, max-video-preview:-1\" \/>\n<meta property=\"og:locale\" content=\"fr_FR\" \/>\n<meta property=\"og:type\" content=\"article\" \/>\n<meta property=\"og:title\" content=\"Bio Balance Feet Kit Cabine avec Chaussons Thermiques - Districos Webshop\" \/>\n<meta property=\"og:description\" content=\"Contenu 1 x Bio Balance Spa Fizz Pastilles Effervescentes 10 g 25 pcs. 1 x Podiskin avec Pompe 500 ml 1 x Bio Balance Peeling pour les Pieds 200 ml 1 x Bio Balance Masque pour les Pieds 200 ml 1 x FunghiClear Spray Antimycosique 50 ml 1 x Bio Balance Cr\u00e8me Pieds Care &amp; [&hellip;]\" \/>\n<meta property=\"og:url\" content=\"https:\/\/districos.standingout.be\/fr\/product\/bio-balance-feet-kit-cabine-avec-chaussons-thermiques-ref-7075-61\/\" \/>\n<meta property=\"og:site_name\" content=\"Districos Webshop\" \/>\n<meta property=\"article:modified_time\" content=\"2026-04-28T08:01:35+00:00\" \/>\n<meta name=\"twitter:card\" content=\"summary_large_image\" \/>\n<meta name=\"twitter:label1\" content=\"Dur\u00e9e de lecture estim\u00e9e\" \/>\n\t<meta name=\"twitter:data1\" content=\"2 minutes\" \/>\n<script type=\"application\/ld+json\" class=\"yoast-schema-graph\">{\"@context\":\"https:\\\/\\\/schema.org\",\"@graph\":[{\"@type\":\"WebPage\",\"@id\":\"https:\\\/\\\/districos.standingout.be\\\/fr\\\/product\\\/bio-balance-feet-kit-cabine-avec-chaussons-thermiques-ref-7075-61\\\/\",\"url\":\"https:\\\/\\\/districos.standingout.be\\\/fr\\\/product\\\/bio-balance-feet-kit-cabine-avec-chaussons-thermiques-ref-7075-61\\\/\",\"name\":\"Bio Balance Feet Kit Cabine avec Chaussons Thermiques - Districos Webshop\",\"isPartOf\":{\"@id\":\"https:\\\/\\\/districos.standingout.be\\\/fr\\\/#website\"},\"primaryImageOfPage\":{\"@id\":\"https:\\\/\\\/districos.standingout.be\\\/fr\\\/product\\\/bio-balance-feet-kit-cabine-avec-chaussons-thermiques-ref-7075-61\\\/#primaryimage\"},\"image\":{\"@id\":\"https:\\\/\\\/districos.standingout.be\\\/fr\\\/product\\\/bio-balance-feet-kit-cabine-avec-chaussons-thermiques-ref-7075-61\\\/#primaryimage\"},\"thumbnailUrl\":\"https:\\\/\\\/districos.standingout.be\\\/wp-content\\\/uploads\\\/2025\\\/07\\\/7075.61@LowRes_1.png\",\"datePublished\":\"2026-04-28T08:01:27+00:00\",\"dateModified\":\"2026-04-28T08:01:35+00:00\",\"breadcrumb\":{\"@id\":\"https:\\\/\\\/districos.standingout.be\\\/fr\\\/product\\\/bio-balance-feet-kit-cabine-avec-chaussons-thermiques-ref-7075-61\\\/#breadcrumb\"},\"inLanguage\":\"fr-FR\",\"potentialAction\":[{\"@type\":\"ReadAction\",\"target\":[\"https:\\\/\\\/districos.standingout.be\\\/fr\\\/product\\\/bio-balance-feet-kit-cabine-avec-chaussons-thermiques-ref-7075-61\\\/\"]}]},{\"@type\":\"ImageObject\",\"inLanguage\":\"fr-FR\",\"@id\":\"https:\\\/\\\/districos.standingout.be\\\/fr\\\/product\\\/bio-balance-feet-kit-cabine-avec-chaussons-thermiques-ref-7075-61\\\/#primaryimage\",\"url\":\"https:\\\/\\\/districos.standingout.be\\\/wp-content\\\/uploads\\\/2025\\\/07\\\/7075.61@LowRes_1.png\",\"contentUrl\":\"https:\\\/\\\/districos.standingout.be\\\/wp-content\\\/uploads\\\/2025\\\/07\\\/7075.61@LowRes_1.png\",\"width\":600,\"height\":600},{\"@type\":\"BreadcrumbList\",\"@id\":\"https:\\\/\\\/districos.standingout.be\\\/fr\\\/product\\\/bio-balance-feet-kit-cabine-avec-chaussons-thermiques-ref-7075-61\\\/#breadcrumb\",\"itemListElement\":[{\"@type\":\"ListItem\",\"position\":1,\"name\":\"Home\",\"item\":\"https:\\\/\\\/districos.standingout.be\\\/fr\\\/bienvenue-chez-districos\\\/\"},{\"@type\":\"ListItem\",\"position\":2,\"name\":\"Boutique\",\"item\":\"https:\\\/\\\/districos.standingout.be\\\/fr\\\/boutique\\\/\"},{\"@type\":\"ListItem\",\"position\":3,\"name\":\"Bio Balance Feet Kit Cabine avec Chaussons Thermiques\"}]},{\"@type\":\"WebSite\",\"@id\":\"https:\\\/\\\/districos.standingout.be\\\/fr\\\/#website\",\"url\":\"https:\\\/\\\/districos.standingout.be\\\/fr\\\/\",\"name\":\"Districos Webshop\",\"description\":\"\",\"publisher\":{\"@id\":\"https:\\\/\\\/districos.standingout.be\\\/fr\\\/#organization\"},\"potentialAction\":[{\"@type\":\"SearchAction\",\"target\":{\"@type\":\"EntryPoint\",\"urlTemplate\":\"https:\\\/\\\/districos.standingout.be\\\/fr\\\/?s={search_term_string}\"},\"query-input\":{\"@type\":\"PropertyValueSpecification\",\"valueRequired\":true,\"valueName\":\"search_term_string\"}}],\"inLanguage\":\"fr-FR\"},{\"@type\":\"Organization\",\"@id\":\"https:\\\/\\\/districos.standingout.be\\\/fr\\\/#organization\",\"name\":\"Districos Webshop\",\"url\":\"https:\\\/\\\/districos.standingout.be\\\/fr\\\/\",\"logo\":{\"@type\":\"ImageObject\",\"inLanguage\":\"fr-FR\",\"@id\":\"https:\\\/\\\/districos.standingout.be\\\/fr\\\/#\\\/schema\\\/logo\\\/image\\\/\",\"url\":\"https:\\\/\\\/districos.standingout.be\\\/wp-content\\\/uploads\\\/2022\\\/09\\\/Districos_Logo_Webshop.svg\",\"contentUrl\":\"https:\\\/\\\/districos.standingout.be\\\/wp-content\\\/uploads\\\/2022\\\/09\\\/Districos_Logo_Webshop.svg\",\"caption\":\"Districos Webshop\"},\"image\":{\"@id\":\"https:\\\/\\\/districos.standingout.be\\\/fr\\\/#\\\/schema\\\/logo\\\/image\\\/\"}}]}<\/script>\n<!-- \/ Yoast SEO plugin. -->","yoast_head_json":{"title":"Bio Balance Feet Kit Cabine avec Chaussons Thermiques - Districos Webshop","robots":{"index":"noindex","follow":"follow","max-snippet":"max-snippet:-1","max-image-preview":"max-image-preview:large","max-video-preview":"max-video-preview:-1"},"og_locale":"fr_FR","og_type":"article","og_title":"Bio Balance Feet Kit Cabine avec Chaussons Thermiques - Districos Webshop","og_description":"Contenu 1 x Bio Balance Spa Fizz Pastilles Effervescentes 10 g 25 pcs. 1 x Podiskin avec Pompe 500 ml 1 x Bio Balance Peeling pour les Pieds 200 ml 1 x Bio Balance Masque pour les Pieds 200 ml 1 x FunghiClear Spray Antimycosique 50 ml 1 x Bio Balance Cr\u00e8me Pieds Care &amp; [&hellip;]","og_url":"https:\/\/districos.standingout.be\/fr\/product\/bio-balance-feet-kit-cabine-avec-chaussons-thermiques-ref-7075-61\/","og_site_name":"Districos Webshop","article_modified_time":"2026-04-28T08:01:35+00:00","twitter_card":"summary_large_image","twitter_misc":{"Dur\u00e9e de lecture estim\u00e9e":"2 minutes"},"schema":{"@context":"https:\/\/schema.org","@graph":[{"@type":"WebPage","@id":"https:\/\/districos.standingout.be\/fr\/product\/bio-balance-feet-kit-cabine-avec-chaussons-thermiques-ref-7075-61\/","url":"https:\/\/districos.standingout.be\/fr\/product\/bio-balance-feet-kit-cabine-avec-chaussons-thermiques-ref-7075-61\/","name":"Bio Balance Feet Kit Cabine avec Chaussons Thermiques - Districos Webshop","isPartOf":{"@id":"https:\/\/districos.standingout.be\/fr\/#website"},"primaryImageOfPage":{"@id":"https:\/\/districos.standingout.be\/fr\/product\/bio-balance-feet-kit-cabine-avec-chaussons-thermiques-ref-7075-61\/#primaryimage"},"image":{"@id":"https:\/\/districos.standingout.be\/fr\/product\/bio-balance-feet-kit-cabine-avec-chaussons-thermiques-ref-7075-61\/#primaryimage"},"thumbnailUrl":"https:\/\/districos.standingout.be\/wp-content\/uploads\/2025\/07\/7075.61@LowRes_1.png","datePublished":"2026-04-28T08:01:27+00:00","dateModified":"2026-04-28T08:01:35+00:00","breadcrumb":{"@id":"https:\/\/districos.standingout.be\/fr\/product\/bio-balance-feet-kit-cabine-avec-chaussons-thermiques-ref-7075-61\/#breadcrumb"},"inLanguage":"fr-FR","potentialAction":[{"@type":"ReadAction","target":["https:\/\/districos.standingout.be\/fr\/product\/bio-balance-feet-kit-cabine-avec-chaussons-thermiques-ref-7075-61\/"]}]},{"@type":"ImageObject","inLanguage":"fr-FR","@id":"https:\/\/districos.standingout.be\/fr\/product\/bio-balance-feet-kit-cabine-avec-chaussons-thermiques-ref-7075-61\/#primaryimage","url":"https:\/\/districos.standingout.be\/wp-content\/uploads\/2025\/07\/7075.61@LowRes_1.png","contentUrl":"https:\/\/districos.standingout.be\/wp-content\/uploads\/2025\/07\/7075.61@LowRes_1.png","width":600,"height":600},{"@type":"BreadcrumbList","@id":"https:\/\/districos.standingout.be\/fr\/product\/bio-balance-feet-kit-cabine-avec-chaussons-thermiques-ref-7075-61\/#breadcrumb","itemListElement":[{"@type":"ListItem","position":1,"name":"Home","item":"https:\/\/districos.standingout.be\/fr\/bienvenue-chez-districos\/"},{"@type":"ListItem","position":2,"name":"Boutique","item":"https:\/\/districos.standingout.be\/fr\/boutique\/"},{"@type":"ListItem","position":3,"name":"Bio Balance Feet Kit Cabine avec Chaussons Thermiques"}]},{"@type":"WebSite","@id":"https:\/\/districos.standingout.be\/fr\/#website","url":"https:\/\/districos.standingout.be\/fr\/","name":"Districos Webshop","description":"","publisher":{"@id":"https:\/\/districos.standingout.be\/fr\/#organization"},"potentialAction":[{"@type":"SearchAction","target":{"@type":"EntryPoint","urlTemplate":"https:\/\/districos.standingout.be\/fr\/?s={search_term_string}"},"query-input":{"@type":"PropertyValueSpecification","valueRequired":true,"valueName":"search_term_string"}}],"inLanguage":"fr-FR"},{"@type":"Organization","@id":"https:\/\/districos.standingout.be\/fr\/#organization","name":"Districos Webshop","url":"https:\/\/districos.standingout.be\/fr\/","logo":{"@type":"ImageObject","inLanguage":"fr-FR","@id":"https:\/\/districos.standingout.be\/fr\/#\/schema\/logo\/image\/","url":"https:\/\/districos.standingout.be\/wp-content\/uploads\/2022\/09\/Districos_Logo_Webshop.svg","contentUrl":"https:\/\/districos.standingout.be\/wp-content\/uploads\/2022\/09\/Districos_Logo_Webshop.svg","caption":"Districos Webshop"},"image":{"@id":"https:\/\/districos.standingout.be\/fr\/#\/schema\/logo\/image\/"}}]}},"_links":{"self":[{"href":"https:\/\/districos.standingout.be\/fr\/wp-json\/wp\/v2\/product\/137271","targetHints":{"allow":["GET"]}}],"collection":[{"href":"https:\/\/districos.standingout.be\/fr\/wp-json\/wp\/v2\/product"}],"about":[{"href":"https:\/\/districos.standingout.be\/fr\/wp-json\/wp\/v2\/types\/product"}],"replies":[{"embeddable":true,"href":"https:\/\/districos.standingout.be\/fr\/wp-json\/wp\/v2\/comments?post=137271"}],"wp:featuredmedia":[{"embeddable":true,"href":"https:\/\/districos.standingout.be\/fr\/wp-json\/wp\/v2\/media\/78239"}],"wp:attachment":[{"href":"https:\/\/districos.standingout.be\/fr\/wp-json\/wp\/v2\/media?parent=137271"}],"wp:term":[{"taxonomy":"product_brand","embeddable":true,"href":"https:\/\/districos.standingout.be\/fr\/wp-json\/wp\/v2\/product_brand?post=137271"},{"taxonomy":"product_cat","embeddable":true,"href":"https:\/\/districos.standingout.be\/fr\/wp-json\/wp\/v2\/product_cat?post=137271"},{"taxonomy":"product_tag","embeddable":true,"href":"https:\/\/districos.standingout.be\/fr\/wp-json\/wp\/v2\/product_tag?post=137271"}],"curies":[{"name":"wp","href":"https:\/\/api.w.org\/{rel}","templated":true}]}}