{"id":137273,"date":"2026-04-28T10:01:36","date_gmt":"2026-04-28T08:01:36","guid":{"rendered":"https:\/\/webshopdistricoscom.webhosting.be\/product\/echantillon-bio-balance-creme-pieds-care-refresh-5-ml-ref-7075-982\/"},"modified":"2026-04-28T10:01:42","modified_gmt":"2026-04-28T08:01:42","slug":"echantillon-bio-balance-creme-pieds-care-refresh-5-ml-ref-7075-982","status":"publish","type":"product","link":"https:\/\/districos.standingout.be\/fr\/product\/echantillon-bio-balance-creme-pieds-care-refresh-5-ml-ref-7075-982\/","title":{"rendered":"\u00c9chantillon Bio Balance Cr\u00e8me Pieds Care &#038; Refresh 5 ml"},"content":{"rendered":"<p >\n<\/p>\n<p dir=\"ltr\"><b>Cr\u00e8me pieds pour les peaux normales \u00e0 s\u00e8ches<\/b><\/p>\n<p dir=\"ltr\">Une sensation agr\u00e9able et rafra\u00eechissante aux huiles aromatiques. Les propri\u00e9t\u00e9s rafra\u00eechissantes d\u2019aloe vera, de camphre et de menthe permettent un soulagement rapide des pieds douloureux et lourds. L\u2019ur\u00e9e, l\u2019eucalyptus et le lipide naturel, lanoline, permettent une hydratation intense de longue dur\u00e9e des pieds secs et r\u00eaches. La peau gerc\u00e9e redevient souple et douce gr\u00e2ce \u00e0 l\u2019action r\u00e9paratrice des huiles de pin et de romarin. Les nombreuses huiles essentielles naturelles pr\u00e9sentes ont une action antifongique : elles prot\u00e8gent activement la peau de mycoses et des odeurs.<\/p>\n<ul>\n<li>Emballage : \u00e9chantillon de 5 ml.<\/li>\n<li>Vegan.<\/li>\n<\/ul>\n<div><b>Aussi disponible<\/b><\/div>\n<div>\n<div>\n<ul>\n<li>Flacon de cabine de 500 ml (<u><a href=\"https:\/\/districos.com\/ProductDetail\/7075.013\" target=\"_blank\" rel=\"noopener noreferrer nofollow\">r\u00e9f. 7075.013<\/a><\/u>)<\/li>\n<li>Flacon de 200 ml (<u><a href=\"https:\/\/districos.com\/ProductDetail\/7075.012\" target=\"_blank\" rel=\"noopener noreferrer nofollow\">r\u00e9f. 7075.012<\/a><\/u>)<\/li>\n<li>Petit flacon de 75 ml (<u><a href=\"https:\/\/districos.com\/ProductDetail\/7075.011\" target=\"_blank\" rel=\"noopener noreferrer nofollow\">r\u00e9f. 7075.011<\/a><\/u>)<\/li>\n<li>Emballage de voyage de 30 ml (<u><a href=\"https:\/\/districos.com\/ProductDetail\/7075.014\" target=\"_blank\" rel=\"noopener noreferrer nofollow\">r\u00e9f. 7075.014<\/a><\/u>)<\/li>\n<li>Pr\u00e9sentoir contenant 8 tubes de 75 ml (<u><a href=\"https:\/\/districos.com\/ProductDetail\/7075.015\" target=\"_blank\" rel=\"noopener noreferrer nofollow\">r\u00e9f. 7075.015<\/a><\/u>)<\/li>\n<\/ul>\n<\/div>\n<\/div>\n","protected":false},"excerpt":{"rendered":"<p>Cr\u00e8me pieds pour les peaux normales \u00e0 s\u00e8ches Une sensation agr\u00e9able et rafra\u00eechissante aux huiles aromatiques. Les propri\u00e9t\u00e9s rafra\u00eechissantes d\u2019aloe vera, de camphre et de menthe permettent un soulagement rapide des pieds douloureux et lourds. L\u2019ur\u00e9e, l\u2019eucalyptus et le lipide naturel, lanoline, permettent une hydratation intense de longue dur\u00e9e des pieds secs et r\u00eaches. La [&hellip;]<\/p>\n","protected":false},"featured_media":78245,"comment_status":"open","ping_status":"closed","template":"","meta":{"_acf_changed":false},"product_brand":[10306],"product_cat":[10082,10078,10226,9946],"product_tag":[],"class_list":{"0":"post-137273","1":"product","2":"type-product","3":"status-publish","4":"has-post-thumbnail","6":"product_brand-bb-voet-fr","7":"product_cat-soins-des-pieds-podologie-produits-de-soin-bio-balance-feet","8":"product_cat-soins-des-pieds-podologie-produits-de-soin-cremes-lotions","9":"product_cat-promotions-promotions-materiel-promotionnel","10":"product_cat-beaute-pedicure-produits-de-soin","12":"first","13":"instock","14":"taxable","15":"shipping-taxable","16":"product-type-simple"},"acf":[],"yoast_head":"<!-- This site is optimized with the Yoast SEO plugin v27.3 - https:\/\/yoast.com\/product\/yoast-seo-wordpress\/ -->\n<title>\u00c9chantillon Bio Balance Cr\u00e8me Pieds Care &amp; Refresh 5 ml - Districos Webshop<\/title>\n<meta name=\"robots\" content=\"noindex, follow, max-snippet:-1, max-image-preview:large, max-video-preview:-1\" \/>\n<meta property=\"og:locale\" content=\"fr_FR\" \/>\n<meta property=\"og:type\" content=\"article\" \/>\n<meta property=\"og:title\" content=\"\u00c9chantillon Bio Balance Cr\u00e8me Pieds Care &amp; Refresh 5 ml - Districos Webshop\" \/>\n<meta property=\"og:description\" content=\"Cr\u00e8me pieds pour les peaux normales \u00e0 s\u00e8ches Une sensation agr\u00e9able et rafra\u00eechissante aux huiles aromatiques. Les propri\u00e9t\u00e9s rafra\u00eechissantes d\u2019aloe vera, de camphre et de menthe permettent un soulagement rapide des pieds douloureux et lourds. L\u2019ur\u00e9e, l\u2019eucalyptus et le lipide naturel, lanoline, permettent une hydratation intense de longue dur\u00e9e des pieds secs et r\u00eaches. La [&hellip;]\" \/>\n<meta property=\"og:url\" content=\"https:\/\/districos.standingout.be\/fr\/product\/echantillon-bio-balance-creme-pieds-care-refresh-5-ml-ref-7075-982\/\" \/>\n<meta property=\"og:site_name\" content=\"Districos Webshop\" \/>\n<meta property=\"article:modified_time\" content=\"2026-04-28T08:01:42+00:00\" \/>\n<meta name=\"twitter:card\" content=\"summary_large_image\" \/>\n<meta name=\"twitter:label1\" content=\"Dur\u00e9e de lecture estim\u00e9e\" \/>\n\t<meta name=\"twitter:data1\" content=\"1 minute\" \/>\n<script type=\"application\/ld+json\" class=\"yoast-schema-graph\">{\"@context\":\"https:\\\/\\\/schema.org\",\"@graph\":[{\"@type\":\"WebPage\",\"@id\":\"https:\\\/\\\/districos.standingout.be\\\/fr\\\/product\\\/echantillon-bio-balance-creme-pieds-care-refresh-5-ml-ref-7075-982\\\/\",\"url\":\"https:\\\/\\\/districos.standingout.be\\\/fr\\\/product\\\/echantillon-bio-balance-creme-pieds-care-refresh-5-ml-ref-7075-982\\\/\",\"name\":\"\u00c9chantillon Bio Balance Cr\u00e8me Pieds Care & Refresh 5 ml - Districos Webshop\",\"isPartOf\":{\"@id\":\"https:\\\/\\\/districos.standingout.be\\\/fr\\\/#website\"},\"primaryImageOfPage\":{\"@id\":\"https:\\\/\\\/districos.standingout.be\\\/fr\\\/product\\\/echantillon-bio-balance-creme-pieds-care-refresh-5-ml-ref-7075-982\\\/#primaryimage\"},\"image\":{\"@id\":\"https:\\\/\\\/districos.standingout.be\\\/fr\\\/product\\\/echantillon-bio-balance-creme-pieds-care-refresh-5-ml-ref-7075-982\\\/#primaryimage\"},\"thumbnailUrl\":\"https:\\\/\\\/districos.standingout.be\\\/wp-content\\\/uploads\\\/2025\\\/07\\\/7075.982@LowRes_1_0.png\",\"datePublished\":\"2026-04-28T08:01:36+00:00\",\"dateModified\":\"2026-04-28T08:01:42+00:00\",\"breadcrumb\":{\"@id\":\"https:\\\/\\\/districos.standingout.be\\\/fr\\\/product\\\/echantillon-bio-balance-creme-pieds-care-refresh-5-ml-ref-7075-982\\\/#breadcrumb\"},\"inLanguage\":\"fr-FR\",\"potentialAction\":[{\"@type\":\"ReadAction\",\"target\":[\"https:\\\/\\\/districos.standingout.be\\\/fr\\\/product\\\/echantillon-bio-balance-creme-pieds-care-refresh-5-ml-ref-7075-982\\\/\"]}]},{\"@type\":\"ImageObject\",\"inLanguage\":\"fr-FR\",\"@id\":\"https:\\\/\\\/districos.standingout.be\\\/fr\\\/product\\\/echantillon-bio-balance-creme-pieds-care-refresh-5-ml-ref-7075-982\\\/#primaryimage\",\"url\":\"https:\\\/\\\/districos.standingout.be\\\/wp-content\\\/uploads\\\/2025\\\/07\\\/7075.982@LowRes_1_0.png\",\"contentUrl\":\"https:\\\/\\\/districos.standingout.be\\\/wp-content\\\/uploads\\\/2025\\\/07\\\/7075.982@LowRes_1_0.png\",\"width\":600,\"height\":600},{\"@type\":\"BreadcrumbList\",\"@id\":\"https:\\\/\\\/districos.standingout.be\\\/fr\\\/product\\\/echantillon-bio-balance-creme-pieds-care-refresh-5-ml-ref-7075-982\\\/#breadcrumb\",\"itemListElement\":[{\"@type\":\"ListItem\",\"position\":1,\"name\":\"Home\",\"item\":\"https:\\\/\\\/districos.standingout.be\\\/fr\\\/bienvenue-chez-districos\\\/\"},{\"@type\":\"ListItem\",\"position\":2,\"name\":\"Boutique\",\"item\":\"https:\\\/\\\/districos.standingout.be\\\/fr\\\/boutique\\\/\"},{\"@type\":\"ListItem\",\"position\":3,\"name\":\"\u00c9chantillon Bio Balance Cr\u00e8me Pieds Care &#038; Refresh 5 ml\"}]},{\"@type\":\"WebSite\",\"@id\":\"https:\\\/\\\/districos.standingout.be\\\/fr\\\/#website\",\"url\":\"https:\\\/\\\/districos.standingout.be\\\/fr\\\/\",\"name\":\"Districos Webshop\",\"description\":\"\",\"publisher\":{\"@id\":\"https:\\\/\\\/districos.standingout.be\\\/fr\\\/#organization\"},\"potentialAction\":[{\"@type\":\"SearchAction\",\"target\":{\"@type\":\"EntryPoint\",\"urlTemplate\":\"https:\\\/\\\/districos.standingout.be\\\/fr\\\/?s={search_term_string}\"},\"query-input\":{\"@type\":\"PropertyValueSpecification\",\"valueRequired\":true,\"valueName\":\"search_term_string\"}}],\"inLanguage\":\"fr-FR\"},{\"@type\":\"Organization\",\"@id\":\"https:\\\/\\\/districos.standingout.be\\\/fr\\\/#organization\",\"name\":\"Districos Webshop\",\"url\":\"https:\\\/\\\/districos.standingout.be\\\/fr\\\/\",\"logo\":{\"@type\":\"ImageObject\",\"inLanguage\":\"fr-FR\",\"@id\":\"https:\\\/\\\/districos.standingout.be\\\/fr\\\/#\\\/schema\\\/logo\\\/image\\\/\",\"url\":\"https:\\\/\\\/districos.standingout.be\\\/wp-content\\\/uploads\\\/2022\\\/09\\\/Districos_Logo_Webshop.svg\",\"contentUrl\":\"https:\\\/\\\/districos.standingout.be\\\/wp-content\\\/uploads\\\/2022\\\/09\\\/Districos_Logo_Webshop.svg\",\"caption\":\"Districos Webshop\"},\"image\":{\"@id\":\"https:\\\/\\\/districos.standingout.be\\\/fr\\\/#\\\/schema\\\/logo\\\/image\\\/\"}}]}<\/script>\n<!-- \/ Yoast SEO plugin. -->","yoast_head_json":{"title":"\u00c9chantillon Bio Balance Cr\u00e8me Pieds Care & Refresh 5 ml - Districos Webshop","robots":{"index":"noindex","follow":"follow","max-snippet":"max-snippet:-1","max-image-preview":"max-image-preview:large","max-video-preview":"max-video-preview:-1"},"og_locale":"fr_FR","og_type":"article","og_title":"\u00c9chantillon Bio Balance Cr\u00e8me Pieds Care & Refresh 5 ml - Districos Webshop","og_description":"Cr\u00e8me pieds pour les peaux normales \u00e0 s\u00e8ches Une sensation agr\u00e9able et rafra\u00eechissante aux huiles aromatiques. Les propri\u00e9t\u00e9s rafra\u00eechissantes d\u2019aloe vera, de camphre et de menthe permettent un soulagement rapide des pieds douloureux et lourds. L\u2019ur\u00e9e, l\u2019eucalyptus et le lipide naturel, lanoline, permettent une hydratation intense de longue dur\u00e9e des pieds secs et r\u00eaches. La [&hellip;]","og_url":"https:\/\/districos.standingout.be\/fr\/product\/echantillon-bio-balance-creme-pieds-care-refresh-5-ml-ref-7075-982\/","og_site_name":"Districos Webshop","article_modified_time":"2026-04-28T08:01:42+00:00","twitter_card":"summary_large_image","twitter_misc":{"Dur\u00e9e de lecture estim\u00e9e":"1 minute"},"schema":{"@context":"https:\/\/schema.org","@graph":[{"@type":"WebPage","@id":"https:\/\/districos.standingout.be\/fr\/product\/echantillon-bio-balance-creme-pieds-care-refresh-5-ml-ref-7075-982\/","url":"https:\/\/districos.standingout.be\/fr\/product\/echantillon-bio-balance-creme-pieds-care-refresh-5-ml-ref-7075-982\/","name":"\u00c9chantillon Bio Balance Cr\u00e8me Pieds Care & Refresh 5 ml - Districos Webshop","isPartOf":{"@id":"https:\/\/districos.standingout.be\/fr\/#website"},"primaryImageOfPage":{"@id":"https:\/\/districos.standingout.be\/fr\/product\/echantillon-bio-balance-creme-pieds-care-refresh-5-ml-ref-7075-982\/#primaryimage"},"image":{"@id":"https:\/\/districos.standingout.be\/fr\/product\/echantillon-bio-balance-creme-pieds-care-refresh-5-ml-ref-7075-982\/#primaryimage"},"thumbnailUrl":"https:\/\/districos.standingout.be\/wp-content\/uploads\/2025\/07\/7075.982@LowRes_1_0.png","datePublished":"2026-04-28T08:01:36+00:00","dateModified":"2026-04-28T08:01:42+00:00","breadcrumb":{"@id":"https:\/\/districos.standingout.be\/fr\/product\/echantillon-bio-balance-creme-pieds-care-refresh-5-ml-ref-7075-982\/#breadcrumb"},"inLanguage":"fr-FR","potentialAction":[{"@type":"ReadAction","target":["https:\/\/districos.standingout.be\/fr\/product\/echantillon-bio-balance-creme-pieds-care-refresh-5-ml-ref-7075-982\/"]}]},{"@type":"ImageObject","inLanguage":"fr-FR","@id":"https:\/\/districos.standingout.be\/fr\/product\/echantillon-bio-balance-creme-pieds-care-refresh-5-ml-ref-7075-982\/#primaryimage","url":"https:\/\/districos.standingout.be\/wp-content\/uploads\/2025\/07\/7075.982@LowRes_1_0.png","contentUrl":"https:\/\/districos.standingout.be\/wp-content\/uploads\/2025\/07\/7075.982@LowRes_1_0.png","width":600,"height":600},{"@type":"BreadcrumbList","@id":"https:\/\/districos.standingout.be\/fr\/product\/echantillon-bio-balance-creme-pieds-care-refresh-5-ml-ref-7075-982\/#breadcrumb","itemListElement":[{"@type":"ListItem","position":1,"name":"Home","item":"https:\/\/districos.standingout.be\/fr\/bienvenue-chez-districos\/"},{"@type":"ListItem","position":2,"name":"Boutique","item":"https:\/\/districos.standingout.be\/fr\/boutique\/"},{"@type":"ListItem","position":3,"name":"\u00c9chantillon Bio Balance Cr\u00e8me Pieds Care &#038; Refresh 5 ml"}]},{"@type":"WebSite","@id":"https:\/\/districos.standingout.be\/fr\/#website","url":"https:\/\/districos.standingout.be\/fr\/","name":"Districos Webshop","description":"","publisher":{"@id":"https:\/\/districos.standingout.be\/fr\/#organization"},"potentialAction":[{"@type":"SearchAction","target":{"@type":"EntryPoint","urlTemplate":"https:\/\/districos.standingout.be\/fr\/?s={search_term_string}"},"query-input":{"@type":"PropertyValueSpecification","valueRequired":true,"valueName":"search_term_string"}}],"inLanguage":"fr-FR"},{"@type":"Organization","@id":"https:\/\/districos.standingout.be\/fr\/#organization","name":"Districos Webshop","url":"https:\/\/districos.standingout.be\/fr\/","logo":{"@type":"ImageObject","inLanguage":"fr-FR","@id":"https:\/\/districos.standingout.be\/fr\/#\/schema\/logo\/image\/","url":"https:\/\/districos.standingout.be\/wp-content\/uploads\/2022\/09\/Districos_Logo_Webshop.svg","contentUrl":"https:\/\/districos.standingout.be\/wp-content\/uploads\/2022\/09\/Districos_Logo_Webshop.svg","caption":"Districos Webshop"},"image":{"@id":"https:\/\/districos.standingout.be\/fr\/#\/schema\/logo\/image\/"}}]}},"_links":{"self":[{"href":"https:\/\/districos.standingout.be\/fr\/wp-json\/wp\/v2\/product\/137273","targetHints":{"allow":["GET"]}}],"collection":[{"href":"https:\/\/districos.standingout.be\/fr\/wp-json\/wp\/v2\/product"}],"about":[{"href":"https:\/\/districos.standingout.be\/fr\/wp-json\/wp\/v2\/types\/product"}],"replies":[{"embeddable":true,"href":"https:\/\/districos.standingout.be\/fr\/wp-json\/wp\/v2\/comments?post=137273"}],"wp:featuredmedia":[{"embeddable":true,"href":"https:\/\/districos.standingout.be\/fr\/wp-json\/wp\/v2\/media\/78245"}],"wp:attachment":[{"href":"https:\/\/districos.standingout.be\/fr\/wp-json\/wp\/v2\/media?parent=137273"}],"wp:term":[{"taxonomy":"product_brand","embeddable":true,"href":"https:\/\/districos.standingout.be\/fr\/wp-json\/wp\/v2\/product_brand?post=137273"},{"taxonomy":"product_cat","embeddable":true,"href":"https:\/\/districos.standingout.be\/fr\/wp-json\/wp\/v2\/product_cat?post=137273"},{"taxonomy":"product_tag","embeddable":true,"href":"https:\/\/districos.standingout.be\/fr\/wp-json\/wp\/v2\/product_tag?post=137273"}],"curies":[{"name":"wp","href":"https:\/\/api.w.org\/{rel}","templated":true}]}}