{"id":137281,"date":"2026-04-28T10:02:51","date_gmt":"2026-04-28T08:02:51","guid":{"rendered":"https:\/\/webshopdistricoscom.webhosting.be\/product\/pochon-dherbes-arome-thai-125-g-ref-7085-08\/"},"modified":"2026-04-28T10:02:53","modified_gmt":"2026-04-28T08:02:53","slug":"pochon-dherbes-arome-thai-125-g-ref-7085-08","status":"publish","type":"product","link":"https:\/\/districos.standingout.be\/fr\/product\/pochon-dherbes-arome-thai-125-g-ref-7085-08\/","title":{"rendered":"Pochon d&rsquo;Herbes Ar\u00f4me Tha\u00ef 125 g"},"content":{"rendered":"<p >\n<\/p>\n<\/p>\n<\/p>\n<p><span lang=\"FR\">Pochon de massage Tha\u00ef avec des herbes d\u00e9licieusement parfum\u00e9es afin d\u2019harmoniser le corps et l\u2019esprit.<o:p><\/o:p><\/span><\/p>\n<\/p>\n<ul>\n<li><span lang=\"FR\">Emballage&nbsp;: 1 pochon de 125 g.<\/span><\/li>\n<\/ul>\n<p><span lang=\"FR\"><b>Ingr\u00e9dients<\/b><o:p><\/o:p><\/span><\/p>\n<p><span lang=\"FR\">Feuilles de citronnelle, racines de citronnelle, zeste de citron vert kaffir, feuilles de tamarin, feuilles d\u2019Acacia concinna, chlorure de sodium, racines de Zingiber Cassumunar Roxb., camphre, born\u00e9ol, racines de curcuma, z\u00e9doaire, poudre de Pueraria Mirifica.<\/span><\/p>\n<p><span lang=\"FR\"><b>ATTENTION&nbsp;<\/b>: Ces pochons d&rsquo;herbes peuvent donner de la couleur. Il est donc recommand\u00e9 d&rsquo;utiliser des serviettes fonc\u00e9es lors d&rsquo;un massage aux pochons d&rsquo;herbes.<\/span><\/p>\n<p><span lang=\"FR\"><b>\u00c9galement disponible :<\/b> Pochon d\u2019Herbes Tha\u00ef Original 150 g (<a href=\"https:\/\/www.districos.com\/ProductDetail\/7085.07\" target=\"_blank\" rel=\"noopener noreferrer nofollow\">r\u00e9f. 7085.07<\/a>).<font face=\"Verdana, sans-serif\"><o:p><\/o:p><\/font><\/span><\/p>\n","protected":false},"excerpt":{"rendered":"<p>Pochon de massage Tha\u00ef avec des herbes d\u00e9licieusement parfum\u00e9es afin d\u2019harmoniser le corps et l\u2019esprit. Emballage&nbsp;: 1 pochon de 125 g. Ingr\u00e9dients Feuilles de citronnelle, racines de citronnelle, zeste de citron vert kaffir, feuilles de tamarin, feuilles d\u2019Acacia concinna, chlorure de sodium, racines de Zingiber Cassumunar Roxb., camphre, born\u00e9ol, racines de curcuma, z\u00e9doaire, poudre de [&hellip;]<\/p>\n","protected":false},"featured_media":78266,"comment_status":"open","ping_status":"closed","template":"","meta":{"_acf_changed":false},"product_brand":[10380],"product_cat":[9874],"product_tag":[],"class_list":{"0":"post-137281","1":"product","2":"type-product","3":"status-publish","4":"has-post-thumbnail","6":"product_brand-districos-fr","7":"product_cat-beaute-corps-massage","9":"first","10":"instock","11":"taxable","12":"shipping-taxable","13":"product-type-simple"},"acf":[],"yoast_head":"<!-- This site is optimized with the Yoast SEO plugin v27.3 - https:\/\/yoast.com\/product\/yoast-seo-wordpress\/ -->\n<title>Pochon d&#039;Herbes Ar\u00f4me Tha\u00ef 125 g - Districos Webshop<\/title>\n<meta name=\"robots\" content=\"noindex, follow, max-snippet:-1, max-image-preview:large, max-video-preview:-1\" \/>\n<meta property=\"og:locale\" content=\"fr_FR\" \/>\n<meta property=\"og:type\" content=\"article\" \/>\n<meta property=\"og:title\" content=\"Pochon d&#039;Herbes Ar\u00f4me Tha\u00ef 125 g - Districos Webshop\" \/>\n<meta property=\"og:description\" content=\"Pochon de massage Tha\u00ef avec des herbes d\u00e9licieusement parfum\u00e9es afin d\u2019harmoniser le corps et l\u2019esprit. Emballage&nbsp;: 1 pochon de 125 g. Ingr\u00e9dients Feuilles de citronnelle, racines de citronnelle, zeste de citron vert kaffir, feuilles de tamarin, feuilles d\u2019Acacia concinna, chlorure de sodium, racines de Zingiber Cassumunar Roxb., camphre, born\u00e9ol, racines de curcuma, z\u00e9doaire, poudre de [&hellip;]\" \/>\n<meta property=\"og:url\" content=\"https:\/\/districos.standingout.be\/fr\/product\/pochon-dherbes-arome-thai-125-g-ref-7085-08\/\" \/>\n<meta property=\"og:site_name\" content=\"Districos Webshop\" \/>\n<meta property=\"article:modified_time\" content=\"2026-04-28T08:02:53+00:00\" \/>\n<meta name=\"twitter:card\" content=\"summary_large_image\" \/>\n<script type=\"application\/ld+json\" class=\"yoast-schema-graph\">{\"@context\":\"https:\\\/\\\/schema.org\",\"@graph\":[{\"@type\":\"WebPage\",\"@id\":\"https:\\\/\\\/districos.standingout.be\\\/fr\\\/product\\\/pochon-dherbes-arome-thai-125-g-ref-7085-08\\\/\",\"url\":\"https:\\\/\\\/districos.standingout.be\\\/fr\\\/product\\\/pochon-dherbes-arome-thai-125-g-ref-7085-08\\\/\",\"name\":\"Pochon d'Herbes Ar\u00f4me Tha\u00ef 125 g - Districos Webshop\",\"isPartOf\":{\"@id\":\"https:\\\/\\\/districos.standingout.be\\\/fr\\\/#website\"},\"primaryImageOfPage\":{\"@id\":\"https:\\\/\\\/districos.standingout.be\\\/fr\\\/product\\\/pochon-dherbes-arome-thai-125-g-ref-7085-08\\\/#primaryimage\"},\"image\":{\"@id\":\"https:\\\/\\\/districos.standingout.be\\\/fr\\\/product\\\/pochon-dherbes-arome-thai-125-g-ref-7085-08\\\/#primaryimage\"},\"thumbnailUrl\":\"https:\\\/\\\/districos.standingout.be\\\/wp-content\\\/uploads\\\/2025\\\/07\\\/7085.08@LowRes_1.png\",\"datePublished\":\"2026-04-28T08:02:51+00:00\",\"dateModified\":\"2026-04-28T08:02:53+00:00\",\"breadcrumb\":{\"@id\":\"https:\\\/\\\/districos.standingout.be\\\/fr\\\/product\\\/pochon-dherbes-arome-thai-125-g-ref-7085-08\\\/#breadcrumb\"},\"inLanguage\":\"fr-FR\",\"potentialAction\":[{\"@type\":\"ReadAction\",\"target\":[\"https:\\\/\\\/districos.standingout.be\\\/fr\\\/product\\\/pochon-dherbes-arome-thai-125-g-ref-7085-08\\\/\"]}]},{\"@type\":\"ImageObject\",\"inLanguage\":\"fr-FR\",\"@id\":\"https:\\\/\\\/districos.standingout.be\\\/fr\\\/product\\\/pochon-dherbes-arome-thai-125-g-ref-7085-08\\\/#primaryimage\",\"url\":\"https:\\\/\\\/districos.standingout.be\\\/wp-content\\\/uploads\\\/2025\\\/07\\\/7085.08@LowRes_1.png\",\"contentUrl\":\"https:\\\/\\\/districos.standingout.be\\\/wp-content\\\/uploads\\\/2025\\\/07\\\/7085.08@LowRes_1.png\",\"width\":600,\"height\":600},{\"@type\":\"BreadcrumbList\",\"@id\":\"https:\\\/\\\/districos.standingout.be\\\/fr\\\/product\\\/pochon-dherbes-arome-thai-125-g-ref-7085-08\\\/#breadcrumb\",\"itemListElement\":[{\"@type\":\"ListItem\",\"position\":1,\"name\":\"Home\",\"item\":\"https:\\\/\\\/districos.standingout.be\\\/fr\\\/bienvenue-chez-districos\\\/\"},{\"@type\":\"ListItem\",\"position\":2,\"name\":\"Boutique\",\"item\":\"https:\\\/\\\/districos.standingout.be\\\/fr\\\/boutique\\\/\"},{\"@type\":\"ListItem\",\"position\":3,\"name\":\"Pochon d&#8217;Herbes Ar\u00f4me Tha\u00ef 125 g\"}]},{\"@type\":\"WebSite\",\"@id\":\"https:\\\/\\\/districos.standingout.be\\\/fr\\\/#website\",\"url\":\"https:\\\/\\\/districos.standingout.be\\\/fr\\\/\",\"name\":\"Districos Webshop\",\"description\":\"\",\"publisher\":{\"@id\":\"https:\\\/\\\/districos.standingout.be\\\/fr\\\/#organization\"},\"potentialAction\":[{\"@type\":\"SearchAction\",\"target\":{\"@type\":\"EntryPoint\",\"urlTemplate\":\"https:\\\/\\\/districos.standingout.be\\\/fr\\\/?s={search_term_string}\"},\"query-input\":{\"@type\":\"PropertyValueSpecification\",\"valueRequired\":true,\"valueName\":\"search_term_string\"}}],\"inLanguage\":\"fr-FR\"},{\"@type\":\"Organization\",\"@id\":\"https:\\\/\\\/districos.standingout.be\\\/fr\\\/#organization\",\"name\":\"Districos Webshop\",\"url\":\"https:\\\/\\\/districos.standingout.be\\\/fr\\\/\",\"logo\":{\"@type\":\"ImageObject\",\"inLanguage\":\"fr-FR\",\"@id\":\"https:\\\/\\\/districos.standingout.be\\\/fr\\\/#\\\/schema\\\/logo\\\/image\\\/\",\"url\":\"https:\\\/\\\/districos.standingout.be\\\/wp-content\\\/uploads\\\/2022\\\/09\\\/Districos_Logo_Webshop.svg\",\"contentUrl\":\"https:\\\/\\\/districos.standingout.be\\\/wp-content\\\/uploads\\\/2022\\\/09\\\/Districos_Logo_Webshop.svg\",\"caption\":\"Districos Webshop\"},\"image\":{\"@id\":\"https:\\\/\\\/districos.standingout.be\\\/fr\\\/#\\\/schema\\\/logo\\\/image\\\/\"}}]}<\/script>\n<!-- \/ Yoast SEO plugin. -->","yoast_head_json":{"title":"Pochon d'Herbes Ar\u00f4me Tha\u00ef 125 g - Districos Webshop","robots":{"index":"noindex","follow":"follow","max-snippet":"max-snippet:-1","max-image-preview":"max-image-preview:large","max-video-preview":"max-video-preview:-1"},"og_locale":"fr_FR","og_type":"article","og_title":"Pochon d'Herbes Ar\u00f4me Tha\u00ef 125 g - Districos Webshop","og_description":"Pochon de massage Tha\u00ef avec des herbes d\u00e9licieusement parfum\u00e9es afin d\u2019harmoniser le corps et l\u2019esprit. Emballage&nbsp;: 1 pochon de 125 g. Ingr\u00e9dients Feuilles de citronnelle, racines de citronnelle, zeste de citron vert kaffir, feuilles de tamarin, feuilles d\u2019Acacia concinna, chlorure de sodium, racines de Zingiber Cassumunar Roxb., camphre, born\u00e9ol, racines de curcuma, z\u00e9doaire, poudre de [&hellip;]","og_url":"https:\/\/districos.standingout.be\/fr\/product\/pochon-dherbes-arome-thai-125-g-ref-7085-08\/","og_site_name":"Districos Webshop","article_modified_time":"2026-04-28T08:02:53+00:00","twitter_card":"summary_large_image","schema":{"@context":"https:\/\/schema.org","@graph":[{"@type":"WebPage","@id":"https:\/\/districos.standingout.be\/fr\/product\/pochon-dherbes-arome-thai-125-g-ref-7085-08\/","url":"https:\/\/districos.standingout.be\/fr\/product\/pochon-dherbes-arome-thai-125-g-ref-7085-08\/","name":"Pochon d'Herbes Ar\u00f4me Tha\u00ef 125 g - Districos Webshop","isPartOf":{"@id":"https:\/\/districos.standingout.be\/fr\/#website"},"primaryImageOfPage":{"@id":"https:\/\/districos.standingout.be\/fr\/product\/pochon-dherbes-arome-thai-125-g-ref-7085-08\/#primaryimage"},"image":{"@id":"https:\/\/districos.standingout.be\/fr\/product\/pochon-dherbes-arome-thai-125-g-ref-7085-08\/#primaryimage"},"thumbnailUrl":"https:\/\/districos.standingout.be\/wp-content\/uploads\/2025\/07\/7085.08@LowRes_1.png","datePublished":"2026-04-28T08:02:51+00:00","dateModified":"2026-04-28T08:02:53+00:00","breadcrumb":{"@id":"https:\/\/districos.standingout.be\/fr\/product\/pochon-dherbes-arome-thai-125-g-ref-7085-08\/#breadcrumb"},"inLanguage":"fr-FR","potentialAction":[{"@type":"ReadAction","target":["https:\/\/districos.standingout.be\/fr\/product\/pochon-dherbes-arome-thai-125-g-ref-7085-08\/"]}]},{"@type":"ImageObject","inLanguage":"fr-FR","@id":"https:\/\/districos.standingout.be\/fr\/product\/pochon-dherbes-arome-thai-125-g-ref-7085-08\/#primaryimage","url":"https:\/\/districos.standingout.be\/wp-content\/uploads\/2025\/07\/7085.08@LowRes_1.png","contentUrl":"https:\/\/districos.standingout.be\/wp-content\/uploads\/2025\/07\/7085.08@LowRes_1.png","width":600,"height":600},{"@type":"BreadcrumbList","@id":"https:\/\/districos.standingout.be\/fr\/product\/pochon-dherbes-arome-thai-125-g-ref-7085-08\/#breadcrumb","itemListElement":[{"@type":"ListItem","position":1,"name":"Home","item":"https:\/\/districos.standingout.be\/fr\/bienvenue-chez-districos\/"},{"@type":"ListItem","position":2,"name":"Boutique","item":"https:\/\/districos.standingout.be\/fr\/boutique\/"},{"@type":"ListItem","position":3,"name":"Pochon d&#8217;Herbes Ar\u00f4me Tha\u00ef 125 g"}]},{"@type":"WebSite","@id":"https:\/\/districos.standingout.be\/fr\/#website","url":"https:\/\/districos.standingout.be\/fr\/","name":"Districos Webshop","description":"","publisher":{"@id":"https:\/\/districos.standingout.be\/fr\/#organization"},"potentialAction":[{"@type":"SearchAction","target":{"@type":"EntryPoint","urlTemplate":"https:\/\/districos.standingout.be\/fr\/?s={search_term_string}"},"query-input":{"@type":"PropertyValueSpecification","valueRequired":true,"valueName":"search_term_string"}}],"inLanguage":"fr-FR"},{"@type":"Organization","@id":"https:\/\/districos.standingout.be\/fr\/#organization","name":"Districos Webshop","url":"https:\/\/districos.standingout.be\/fr\/","logo":{"@type":"ImageObject","inLanguage":"fr-FR","@id":"https:\/\/districos.standingout.be\/fr\/#\/schema\/logo\/image\/","url":"https:\/\/districos.standingout.be\/wp-content\/uploads\/2022\/09\/Districos_Logo_Webshop.svg","contentUrl":"https:\/\/districos.standingout.be\/wp-content\/uploads\/2022\/09\/Districos_Logo_Webshop.svg","caption":"Districos Webshop"},"image":{"@id":"https:\/\/districos.standingout.be\/fr\/#\/schema\/logo\/image\/"}}]}},"_links":{"self":[{"href":"https:\/\/districos.standingout.be\/fr\/wp-json\/wp\/v2\/product\/137281","targetHints":{"allow":["GET"]}}],"collection":[{"href":"https:\/\/districos.standingout.be\/fr\/wp-json\/wp\/v2\/product"}],"about":[{"href":"https:\/\/districos.standingout.be\/fr\/wp-json\/wp\/v2\/types\/product"}],"replies":[{"embeddable":true,"href":"https:\/\/districos.standingout.be\/fr\/wp-json\/wp\/v2\/comments?post=137281"}],"wp:featuredmedia":[{"embeddable":true,"href":"https:\/\/districos.standingout.be\/fr\/wp-json\/wp\/v2\/media\/78266"}],"wp:attachment":[{"href":"https:\/\/districos.standingout.be\/fr\/wp-json\/wp\/v2\/media?parent=137281"}],"wp:term":[{"taxonomy":"product_brand","embeddable":true,"href":"https:\/\/districos.standingout.be\/fr\/wp-json\/wp\/v2\/product_brand?post=137281"},{"taxonomy":"product_cat","embeddable":true,"href":"https:\/\/districos.standingout.be\/fr\/wp-json\/wp\/v2\/product_cat?post=137281"},{"taxonomy":"product_tag","embeddable":true,"href":"https:\/\/districos.standingout.be\/fr\/wp-json\/wp\/v2\/product_tag?post=137281"}],"curies":[{"name":"wp","href":"https:\/\/api.w.org\/{rel}","templated":true}]}}