{"id":137285,"date":"2026-04-28T10:02:56","date_gmt":"2026-04-28T08:02:56","guid":{"rendered":"https:\/\/webshopdistricoscom.webhosting.be\/product\/cobra-brush-cleaner-500-ml-ref-7091-20-2\/"},"modified":"2026-04-28T10:02:59","modified_gmt":"2026-04-28T08:02:59","slug":"cobra-brush-cleaner-500-ml-ref-7091-20","status":"publish","type":"product","link":"https:\/\/districos.standingout.be\/fr\/product\/cobra-brush-cleaner-500-ml-ref-7091-20\/","title":{"rendered":"Cobra Brush Cleaner 500 ml"},"content":{"rendered":"<p >\n<p dir=\"ltr\"><font size=\"2\">Produit pour le nettoyage de brosses, de pinceaux et d&rsquo;autres instruments d\u00e9licats.<\/font><\/p>\n<p dir=\"ltr\"><font size=\"2\"><\/font><\/p>\n<ul>\n<li><font size=\"2\">Emballage : 500 ml.<\/font><\/li>\n<\/ul>\n<div><font size=\"2\"><b>Mode d&#8217;emploi<\/b><\/font><\/div>\n<p dir=\"ltr\"><font size=\"2\"><\/p>\n<p><\/font><\/p>\n<div>\n<ul>\n<li><font size=\"2\"><span>Enlevez d\u2019abord le surplus de maquillage avec de l\u2019eau ti\u00e8de et un savon doux (type shampooing pour b\u00e9b\u00e9s).<\/span><\/font><\/li>\n<li><font size=\"2\"><span>Vaporisez ensuite le Brush Cleaner sur les poils de votre pinceau.<\/span><\/font><\/li>\n<li><font size=\"2\"><span>Laissez agir une trentaine de secondes et s\u00e9chez en tamponnant avec un tissu.<\/span><\/font><\/li>\n<li><font size=\"2\"><span>R\u00e9p\u00e9tez si n\u00e9cessaire.<\/span><\/font><\/li>\n<li><font size=\"2\"><span>Vaporisez ensuite une derni\u00e8re fois le Brush Cleaner sur les poils de votre pinceaux et laissez s\u00e9cher \u00e0 l&rsquo;air libre.<\/span><\/font><\/li>\n<\/ul>\n<\/div>\n","protected":false},"excerpt":{"rendered":"<p>Produit pour le nettoyage de brosses, de pinceaux et d&rsquo;autres instruments d\u00e9licats. Emballage : 500 ml. Mode d&#8217;emploi Enlevez d\u2019abord le surplus de maquillage avec de l\u2019eau ti\u00e8de et un savon doux (type shampooing pour b\u00e9b\u00e9s). Vaporisez ensuite le Brush Cleaner sur les poils de votre pinceau. Laissez agir une trentaine de secondes et s\u00e9chez [&hellip;]<\/p>\n","protected":false},"featured_media":78281,"comment_status":"open","ping_status":"closed","template":"","meta":{"_acf_changed":false},"product_brand":[10334],"product_cat":[9888],"product_tag":[],"class_list":{"0":"post-137285","1":"product","2":"type-product","3":"status-publish","4":"has-post-thumbnail","6":"product_brand-cobra-fr","7":"product_cat-beaute-maquillage-pinceaux-brosses","9":"first","10":"instock","11":"taxable","12":"shipping-taxable","13":"product-type-simple"},"acf":[],"yoast_head":"<!-- This site is optimized with the Yoast SEO plugin v27.3 - https:\/\/yoast.com\/product\/yoast-seo-wordpress\/ -->\n<title>Cobra Brush Cleaner 500 ml - Districos Webshop<\/title>\n<meta name=\"robots\" content=\"noindex, follow, max-snippet:-1, max-image-preview:large, max-video-preview:-1\" \/>\n<meta property=\"og:locale\" content=\"fr_FR\" \/>\n<meta property=\"og:type\" content=\"article\" \/>\n<meta property=\"og:title\" content=\"Cobra Brush Cleaner 500 ml - Districos Webshop\" \/>\n<meta property=\"og:description\" content=\"Produit pour le nettoyage de brosses, de pinceaux et d&rsquo;autres instruments d\u00e9licats. Emballage : 500 ml. Mode d&#8217;emploi Enlevez d\u2019abord le surplus de maquillage avec de l\u2019eau ti\u00e8de et un savon doux (type shampooing pour b\u00e9b\u00e9s). Vaporisez ensuite le Brush Cleaner sur les poils de votre pinceau. Laissez agir une trentaine de secondes et s\u00e9chez [&hellip;]\" \/>\n<meta property=\"og:url\" content=\"https:\/\/districos.standingout.be\/fr\/product\/cobra-brush-cleaner-500-ml-ref-7091-20\/\" \/>\n<meta property=\"og:site_name\" content=\"Districos Webshop\" \/>\n<meta property=\"article:modified_time\" content=\"2026-04-28T08:02:59+00:00\" \/>\n<meta name=\"twitter:card\" content=\"summary_large_image\" \/>\n<script type=\"application\/ld+json\" class=\"yoast-schema-graph\">{\"@context\":\"https:\\\/\\\/schema.org\",\"@graph\":[{\"@type\":\"WebPage\",\"@id\":\"https:\\\/\\\/districos.standingout.be\\\/fr\\\/product\\\/cobra-brush-cleaner-500-ml-ref-7091-20\\\/\",\"url\":\"https:\\\/\\\/districos.standingout.be\\\/fr\\\/product\\\/cobra-brush-cleaner-500-ml-ref-7091-20\\\/\",\"name\":\"Cobra Brush Cleaner 500 ml - Districos Webshop\",\"isPartOf\":{\"@id\":\"https:\\\/\\\/districos.standingout.be\\\/fr\\\/#website\"},\"primaryImageOfPage\":{\"@id\":\"https:\\\/\\\/districos.standingout.be\\\/fr\\\/product\\\/cobra-brush-cleaner-500-ml-ref-7091-20\\\/#primaryimage\"},\"image\":{\"@id\":\"https:\\\/\\\/districos.standingout.be\\\/fr\\\/product\\\/cobra-brush-cleaner-500-ml-ref-7091-20\\\/#primaryimage\"},\"thumbnailUrl\":\"https:\\\/\\\/districos.standingout.be\\\/wp-content\\\/uploads\\\/2025\\\/07\\\/7091.20@LowRes_1_0.png\",\"datePublished\":\"2026-04-28T08:02:56+00:00\",\"dateModified\":\"2026-04-28T08:02:59+00:00\",\"breadcrumb\":{\"@id\":\"https:\\\/\\\/districos.standingout.be\\\/fr\\\/product\\\/cobra-brush-cleaner-500-ml-ref-7091-20\\\/#breadcrumb\"},\"inLanguage\":\"fr-FR\",\"potentialAction\":[{\"@type\":\"ReadAction\",\"target\":[\"https:\\\/\\\/districos.standingout.be\\\/fr\\\/product\\\/cobra-brush-cleaner-500-ml-ref-7091-20\\\/\"]}]},{\"@type\":\"ImageObject\",\"inLanguage\":\"fr-FR\",\"@id\":\"https:\\\/\\\/districos.standingout.be\\\/fr\\\/product\\\/cobra-brush-cleaner-500-ml-ref-7091-20\\\/#primaryimage\",\"url\":\"https:\\\/\\\/districos.standingout.be\\\/wp-content\\\/uploads\\\/2025\\\/07\\\/7091.20@LowRes_1_0.png\",\"contentUrl\":\"https:\\\/\\\/districos.standingout.be\\\/wp-content\\\/uploads\\\/2025\\\/07\\\/7091.20@LowRes_1_0.png\",\"width\":600,\"height\":600},{\"@type\":\"BreadcrumbList\",\"@id\":\"https:\\\/\\\/districos.standingout.be\\\/fr\\\/product\\\/cobra-brush-cleaner-500-ml-ref-7091-20\\\/#breadcrumb\",\"itemListElement\":[{\"@type\":\"ListItem\",\"position\":1,\"name\":\"Home\",\"item\":\"https:\\\/\\\/districos.standingout.be\\\/fr\\\/bienvenue-chez-districos\\\/\"},{\"@type\":\"ListItem\",\"position\":2,\"name\":\"Boutique\",\"item\":\"https:\\\/\\\/districos.standingout.be\\\/fr\\\/boutique\\\/\"},{\"@type\":\"ListItem\",\"position\":3,\"name\":\"Cobra Brush Cleaner 500 ml\"}]},{\"@type\":\"WebSite\",\"@id\":\"https:\\\/\\\/districos.standingout.be\\\/fr\\\/#website\",\"url\":\"https:\\\/\\\/districos.standingout.be\\\/fr\\\/\",\"name\":\"Districos Webshop\",\"description\":\"\",\"publisher\":{\"@id\":\"https:\\\/\\\/districos.standingout.be\\\/fr\\\/#organization\"},\"potentialAction\":[{\"@type\":\"SearchAction\",\"target\":{\"@type\":\"EntryPoint\",\"urlTemplate\":\"https:\\\/\\\/districos.standingout.be\\\/fr\\\/?s={search_term_string}\"},\"query-input\":{\"@type\":\"PropertyValueSpecification\",\"valueRequired\":true,\"valueName\":\"search_term_string\"}}],\"inLanguage\":\"fr-FR\"},{\"@type\":\"Organization\",\"@id\":\"https:\\\/\\\/districos.standingout.be\\\/fr\\\/#organization\",\"name\":\"Districos Webshop\",\"url\":\"https:\\\/\\\/districos.standingout.be\\\/fr\\\/\",\"logo\":{\"@type\":\"ImageObject\",\"inLanguage\":\"fr-FR\",\"@id\":\"https:\\\/\\\/districos.standingout.be\\\/fr\\\/#\\\/schema\\\/logo\\\/image\\\/\",\"url\":\"https:\\\/\\\/districos.standingout.be\\\/wp-content\\\/uploads\\\/2022\\\/09\\\/Districos_Logo_Webshop.svg\",\"contentUrl\":\"https:\\\/\\\/districos.standingout.be\\\/wp-content\\\/uploads\\\/2022\\\/09\\\/Districos_Logo_Webshop.svg\",\"caption\":\"Districos Webshop\"},\"image\":{\"@id\":\"https:\\\/\\\/districos.standingout.be\\\/fr\\\/#\\\/schema\\\/logo\\\/image\\\/\"}}]}<\/script>\n<!-- \/ Yoast SEO plugin. -->","yoast_head_json":{"title":"Cobra Brush Cleaner 500 ml - Districos Webshop","robots":{"index":"noindex","follow":"follow","max-snippet":"max-snippet:-1","max-image-preview":"max-image-preview:large","max-video-preview":"max-video-preview:-1"},"og_locale":"fr_FR","og_type":"article","og_title":"Cobra Brush Cleaner 500 ml - Districos Webshop","og_description":"Produit pour le nettoyage de brosses, de pinceaux et d&rsquo;autres instruments d\u00e9licats. Emballage : 500 ml. Mode d&#8217;emploi Enlevez d\u2019abord le surplus de maquillage avec de l\u2019eau ti\u00e8de et un savon doux (type shampooing pour b\u00e9b\u00e9s). Vaporisez ensuite le Brush Cleaner sur les poils de votre pinceau. Laissez agir une trentaine de secondes et s\u00e9chez [&hellip;]","og_url":"https:\/\/districos.standingout.be\/fr\/product\/cobra-brush-cleaner-500-ml-ref-7091-20\/","og_site_name":"Districos Webshop","article_modified_time":"2026-04-28T08:02:59+00:00","twitter_card":"summary_large_image","schema":{"@context":"https:\/\/schema.org","@graph":[{"@type":"WebPage","@id":"https:\/\/districos.standingout.be\/fr\/product\/cobra-brush-cleaner-500-ml-ref-7091-20\/","url":"https:\/\/districos.standingout.be\/fr\/product\/cobra-brush-cleaner-500-ml-ref-7091-20\/","name":"Cobra Brush Cleaner 500 ml - Districos Webshop","isPartOf":{"@id":"https:\/\/districos.standingout.be\/fr\/#website"},"primaryImageOfPage":{"@id":"https:\/\/districos.standingout.be\/fr\/product\/cobra-brush-cleaner-500-ml-ref-7091-20\/#primaryimage"},"image":{"@id":"https:\/\/districos.standingout.be\/fr\/product\/cobra-brush-cleaner-500-ml-ref-7091-20\/#primaryimage"},"thumbnailUrl":"https:\/\/districos.standingout.be\/wp-content\/uploads\/2025\/07\/7091.20@LowRes_1_0.png","datePublished":"2026-04-28T08:02:56+00:00","dateModified":"2026-04-28T08:02:59+00:00","breadcrumb":{"@id":"https:\/\/districos.standingout.be\/fr\/product\/cobra-brush-cleaner-500-ml-ref-7091-20\/#breadcrumb"},"inLanguage":"fr-FR","potentialAction":[{"@type":"ReadAction","target":["https:\/\/districos.standingout.be\/fr\/product\/cobra-brush-cleaner-500-ml-ref-7091-20\/"]}]},{"@type":"ImageObject","inLanguage":"fr-FR","@id":"https:\/\/districos.standingout.be\/fr\/product\/cobra-brush-cleaner-500-ml-ref-7091-20\/#primaryimage","url":"https:\/\/districos.standingout.be\/wp-content\/uploads\/2025\/07\/7091.20@LowRes_1_0.png","contentUrl":"https:\/\/districos.standingout.be\/wp-content\/uploads\/2025\/07\/7091.20@LowRes_1_0.png","width":600,"height":600},{"@type":"BreadcrumbList","@id":"https:\/\/districos.standingout.be\/fr\/product\/cobra-brush-cleaner-500-ml-ref-7091-20\/#breadcrumb","itemListElement":[{"@type":"ListItem","position":1,"name":"Home","item":"https:\/\/districos.standingout.be\/fr\/bienvenue-chez-districos\/"},{"@type":"ListItem","position":2,"name":"Boutique","item":"https:\/\/districos.standingout.be\/fr\/boutique\/"},{"@type":"ListItem","position":3,"name":"Cobra Brush Cleaner 500 ml"}]},{"@type":"WebSite","@id":"https:\/\/districos.standingout.be\/fr\/#website","url":"https:\/\/districos.standingout.be\/fr\/","name":"Districos Webshop","description":"","publisher":{"@id":"https:\/\/districos.standingout.be\/fr\/#organization"},"potentialAction":[{"@type":"SearchAction","target":{"@type":"EntryPoint","urlTemplate":"https:\/\/districos.standingout.be\/fr\/?s={search_term_string}"},"query-input":{"@type":"PropertyValueSpecification","valueRequired":true,"valueName":"search_term_string"}}],"inLanguage":"fr-FR"},{"@type":"Organization","@id":"https:\/\/districos.standingout.be\/fr\/#organization","name":"Districos Webshop","url":"https:\/\/districos.standingout.be\/fr\/","logo":{"@type":"ImageObject","inLanguage":"fr-FR","@id":"https:\/\/districos.standingout.be\/fr\/#\/schema\/logo\/image\/","url":"https:\/\/districos.standingout.be\/wp-content\/uploads\/2022\/09\/Districos_Logo_Webshop.svg","contentUrl":"https:\/\/districos.standingout.be\/wp-content\/uploads\/2022\/09\/Districos_Logo_Webshop.svg","caption":"Districos Webshop"},"image":{"@id":"https:\/\/districos.standingout.be\/fr\/#\/schema\/logo\/image\/"}}]}},"_links":{"self":[{"href":"https:\/\/districos.standingout.be\/fr\/wp-json\/wp\/v2\/product\/137285","targetHints":{"allow":["GET"]}}],"collection":[{"href":"https:\/\/districos.standingout.be\/fr\/wp-json\/wp\/v2\/product"}],"about":[{"href":"https:\/\/districos.standingout.be\/fr\/wp-json\/wp\/v2\/types\/product"}],"replies":[{"embeddable":true,"href":"https:\/\/districos.standingout.be\/fr\/wp-json\/wp\/v2\/comments?post=137285"}],"wp:featuredmedia":[{"embeddable":true,"href":"https:\/\/districos.standingout.be\/fr\/wp-json\/wp\/v2\/media\/78281"}],"wp:attachment":[{"href":"https:\/\/districos.standingout.be\/fr\/wp-json\/wp\/v2\/media?parent=137285"}],"wp:term":[{"taxonomy":"product_brand","embeddable":true,"href":"https:\/\/districos.standingout.be\/fr\/wp-json\/wp\/v2\/product_brand?post=137285"},{"taxonomy":"product_cat","embeddable":true,"href":"https:\/\/districos.standingout.be\/fr\/wp-json\/wp\/v2\/product_cat?post=137285"},{"taxonomy":"product_tag","embeddable":true,"href":"https:\/\/districos.standingout.be\/fr\/wp-json\/wp\/v2\/product_tag?post=137285"}],"curies":[{"name":"wp","href":"https:\/\/api.w.org\/{rel}","templated":true}]}}