{"id":137289,"date":"2026-04-28T10:03:05","date_gmt":"2026-04-28T08:03:05","guid":{"rendered":"https:\/\/webshopdistricoscom.webhosting.be\/product\/activator-20-eau-oxygenee-1-l-ref-7091-23\/"},"modified":"2026-04-28T10:03:08","modified_gmt":"2026-04-28T08:03:08","slug":"activator-20-eau-oxygenee-1-l-ref-7091-23","status":"publish","type":"product","link":"https:\/\/districos.standingout.be\/fr\/product\/activator-20-eau-oxygenee-1-l-ref-7091-23\/","title":{"rendered":"Activator 20 Eau Oxyg\u00e9n\u00e9e 1 l"},"content":{"rendered":"<p >\n<p dir=\"ltr\"><font size=\"2\">Eau oxyg\u00e9n\u00e9e sous forme de cr\u00e8me. \u00c0 utiliser en combinaison avec la Violet Bleach Poudre D\u00e9colorante (<u><a href=\"https:\/\/districos.com\/ProductDetail\/7091.21\" target=\"_blank\" rel=\"noopener noreferrer nofollow\">r\u00e9f. 7091.21<\/a><\/u>) pour la d\u00e9coloration des poils.&nbsp;<\/font><\/p>\n<p dir=\"ltr\"><font size=\"2\"><\/font><\/p>\n<p dir=\"ltr\"><font size=\"2\"><\/p>\n<p><\/font><\/p>\n<ul>\n<li><font size=\"2\"><font size=\"2\">Correspond \u00e0 de l\u2019eau oxyg\u00e9n\u00e9e stabilis\u00e9e \u00e0 6 %.&nbsp;<\/font><\/font><\/li>\n<li><font size=\"2\"><font size=\"2\">Enrichie en huile de jojoba et en beurre de cacao.<\/font><\/font><\/li>\n<li><font size=\"2\"><font size=\"2\">Emballage : flacon de 1 litre.<\/font><\/font><\/li>\n<\/ul>\n","protected":false},"excerpt":{"rendered":"<p>Eau oxyg\u00e9n\u00e9e sous forme de cr\u00e8me. \u00c0 utiliser en combinaison avec la Violet Bleach Poudre D\u00e9colorante (r\u00e9f. 7091.21) pour la d\u00e9coloration des poils.&nbsp; Correspond \u00e0 de l\u2019eau oxyg\u00e9n\u00e9e stabilis\u00e9e \u00e0 6 %.&nbsp; Enrichie en huile de jojoba et en beurre de cacao. Emballage : flacon de 1 litre.<\/p>\n","protected":false},"featured_media":78290,"comment_status":"open","ping_status":"closed","template":"","meta":{"_acf_changed":false},"product_brand":[10380],"product_cat":[9922],"product_tag":[],"class_list":{"0":"post-137289","1":"product","2":"type-product","3":"status-publish","4":"has-post-thumbnail","6":"product_brand-districos-fr","7":"product_cat-beaute-epilation-soins-pre-post-epilation","9":"first","10":"instock","11":"taxable","12":"shipping-taxable","13":"product-type-simple"},"acf":[],"yoast_head":"<!-- This site is optimized with the Yoast SEO plugin v27.3 - https:\/\/yoast.com\/product\/yoast-seo-wordpress\/ -->\n<title>Activator 20 Eau Oxyg\u00e9n\u00e9e 1 l - Districos Webshop<\/title>\n<meta name=\"robots\" content=\"noindex, follow, max-snippet:-1, max-image-preview:large, max-video-preview:-1\" \/>\n<meta property=\"og:locale\" content=\"fr_FR\" \/>\n<meta property=\"og:type\" content=\"article\" \/>\n<meta property=\"og:title\" content=\"Activator 20 Eau Oxyg\u00e9n\u00e9e 1 l - Districos Webshop\" \/>\n<meta property=\"og:description\" content=\"Eau oxyg\u00e9n\u00e9e sous forme de cr\u00e8me. \u00c0 utiliser en combinaison avec la Violet Bleach Poudre D\u00e9colorante (r\u00e9f. 7091.21) pour la d\u00e9coloration des poils.&nbsp; Correspond \u00e0 de l\u2019eau oxyg\u00e9n\u00e9e stabilis\u00e9e \u00e0 6 %.&nbsp; Enrichie en huile de jojoba et en beurre de cacao. Emballage : flacon de 1 litre.\" \/>\n<meta property=\"og:url\" content=\"https:\/\/districos.standingout.be\/fr\/product\/activator-20-eau-oxygenee-1-l-ref-7091-23\/\" \/>\n<meta property=\"og:site_name\" content=\"Districos Webshop\" \/>\n<meta property=\"article:modified_time\" content=\"2026-04-28T08:03:08+00:00\" \/>\n<meta name=\"twitter:card\" content=\"summary_large_image\" \/>\n<script type=\"application\/ld+json\" class=\"yoast-schema-graph\">{\"@context\":\"https:\\\/\\\/schema.org\",\"@graph\":[{\"@type\":\"WebPage\",\"@id\":\"https:\\\/\\\/districos.standingout.be\\\/fr\\\/product\\\/activator-20-eau-oxygenee-1-l-ref-7091-23\\\/\",\"url\":\"https:\\\/\\\/districos.standingout.be\\\/fr\\\/product\\\/activator-20-eau-oxygenee-1-l-ref-7091-23\\\/\",\"name\":\"Activator 20 Eau Oxyg\u00e9n\u00e9e 1 l - Districos Webshop\",\"isPartOf\":{\"@id\":\"https:\\\/\\\/districos.standingout.be\\\/fr\\\/#website\"},\"primaryImageOfPage\":{\"@id\":\"https:\\\/\\\/districos.standingout.be\\\/fr\\\/product\\\/activator-20-eau-oxygenee-1-l-ref-7091-23\\\/#primaryimage\"},\"image\":{\"@id\":\"https:\\\/\\\/districos.standingout.be\\\/fr\\\/product\\\/activator-20-eau-oxygenee-1-l-ref-7091-23\\\/#primaryimage\"},\"thumbnailUrl\":\"https:\\\/\\\/districos.standingout.be\\\/wp-content\\\/uploads\\\/2025\\\/07\\\/7091.23@LowRes_1_0.png\",\"datePublished\":\"2026-04-28T08:03:05+00:00\",\"dateModified\":\"2026-04-28T08:03:08+00:00\",\"breadcrumb\":{\"@id\":\"https:\\\/\\\/districos.standingout.be\\\/fr\\\/product\\\/activator-20-eau-oxygenee-1-l-ref-7091-23\\\/#breadcrumb\"},\"inLanguage\":\"fr-FR\",\"potentialAction\":[{\"@type\":\"ReadAction\",\"target\":[\"https:\\\/\\\/districos.standingout.be\\\/fr\\\/product\\\/activator-20-eau-oxygenee-1-l-ref-7091-23\\\/\"]}]},{\"@type\":\"ImageObject\",\"inLanguage\":\"fr-FR\",\"@id\":\"https:\\\/\\\/districos.standingout.be\\\/fr\\\/product\\\/activator-20-eau-oxygenee-1-l-ref-7091-23\\\/#primaryimage\",\"url\":\"https:\\\/\\\/districos.standingout.be\\\/wp-content\\\/uploads\\\/2025\\\/07\\\/7091.23@LowRes_1_0.png\",\"contentUrl\":\"https:\\\/\\\/districos.standingout.be\\\/wp-content\\\/uploads\\\/2025\\\/07\\\/7091.23@LowRes_1_0.png\",\"width\":600,\"height\":600},{\"@type\":\"BreadcrumbList\",\"@id\":\"https:\\\/\\\/districos.standingout.be\\\/fr\\\/product\\\/activator-20-eau-oxygenee-1-l-ref-7091-23\\\/#breadcrumb\",\"itemListElement\":[{\"@type\":\"ListItem\",\"position\":1,\"name\":\"Home\",\"item\":\"https:\\\/\\\/districos.standingout.be\\\/fr\\\/bienvenue-chez-districos\\\/\"},{\"@type\":\"ListItem\",\"position\":2,\"name\":\"Boutique\",\"item\":\"https:\\\/\\\/districos.standingout.be\\\/fr\\\/boutique\\\/\"},{\"@type\":\"ListItem\",\"position\":3,\"name\":\"Activator 20 Eau Oxyg\u00e9n\u00e9e 1 l\"}]},{\"@type\":\"WebSite\",\"@id\":\"https:\\\/\\\/districos.standingout.be\\\/fr\\\/#website\",\"url\":\"https:\\\/\\\/districos.standingout.be\\\/fr\\\/\",\"name\":\"Districos Webshop\",\"description\":\"\",\"publisher\":{\"@id\":\"https:\\\/\\\/districos.standingout.be\\\/fr\\\/#organization\"},\"potentialAction\":[{\"@type\":\"SearchAction\",\"target\":{\"@type\":\"EntryPoint\",\"urlTemplate\":\"https:\\\/\\\/districos.standingout.be\\\/fr\\\/?s={search_term_string}\"},\"query-input\":{\"@type\":\"PropertyValueSpecification\",\"valueRequired\":true,\"valueName\":\"search_term_string\"}}],\"inLanguage\":\"fr-FR\"},{\"@type\":\"Organization\",\"@id\":\"https:\\\/\\\/districos.standingout.be\\\/fr\\\/#organization\",\"name\":\"Districos Webshop\",\"url\":\"https:\\\/\\\/districos.standingout.be\\\/fr\\\/\",\"logo\":{\"@type\":\"ImageObject\",\"inLanguage\":\"fr-FR\",\"@id\":\"https:\\\/\\\/districos.standingout.be\\\/fr\\\/#\\\/schema\\\/logo\\\/image\\\/\",\"url\":\"https:\\\/\\\/districos.standingout.be\\\/wp-content\\\/uploads\\\/2022\\\/09\\\/Districos_Logo_Webshop.svg\",\"contentUrl\":\"https:\\\/\\\/districos.standingout.be\\\/wp-content\\\/uploads\\\/2022\\\/09\\\/Districos_Logo_Webshop.svg\",\"caption\":\"Districos Webshop\"},\"image\":{\"@id\":\"https:\\\/\\\/districos.standingout.be\\\/fr\\\/#\\\/schema\\\/logo\\\/image\\\/\"}}]}<\/script>\n<!-- \/ Yoast SEO plugin. -->","yoast_head_json":{"title":"Activator 20 Eau Oxyg\u00e9n\u00e9e 1 l - Districos Webshop","robots":{"index":"noindex","follow":"follow","max-snippet":"max-snippet:-1","max-image-preview":"max-image-preview:large","max-video-preview":"max-video-preview:-1"},"og_locale":"fr_FR","og_type":"article","og_title":"Activator 20 Eau Oxyg\u00e9n\u00e9e 1 l - Districos Webshop","og_description":"Eau oxyg\u00e9n\u00e9e sous forme de cr\u00e8me. \u00c0 utiliser en combinaison avec la Violet Bleach Poudre D\u00e9colorante (r\u00e9f. 7091.21) pour la d\u00e9coloration des poils.&nbsp; Correspond \u00e0 de l\u2019eau oxyg\u00e9n\u00e9e stabilis\u00e9e \u00e0 6 %.&nbsp; Enrichie en huile de jojoba et en beurre de cacao. Emballage : flacon de 1 litre.","og_url":"https:\/\/districos.standingout.be\/fr\/product\/activator-20-eau-oxygenee-1-l-ref-7091-23\/","og_site_name":"Districos Webshop","article_modified_time":"2026-04-28T08:03:08+00:00","twitter_card":"summary_large_image","schema":{"@context":"https:\/\/schema.org","@graph":[{"@type":"WebPage","@id":"https:\/\/districos.standingout.be\/fr\/product\/activator-20-eau-oxygenee-1-l-ref-7091-23\/","url":"https:\/\/districos.standingout.be\/fr\/product\/activator-20-eau-oxygenee-1-l-ref-7091-23\/","name":"Activator 20 Eau Oxyg\u00e9n\u00e9e 1 l - Districos Webshop","isPartOf":{"@id":"https:\/\/districos.standingout.be\/fr\/#website"},"primaryImageOfPage":{"@id":"https:\/\/districos.standingout.be\/fr\/product\/activator-20-eau-oxygenee-1-l-ref-7091-23\/#primaryimage"},"image":{"@id":"https:\/\/districos.standingout.be\/fr\/product\/activator-20-eau-oxygenee-1-l-ref-7091-23\/#primaryimage"},"thumbnailUrl":"https:\/\/districos.standingout.be\/wp-content\/uploads\/2025\/07\/7091.23@LowRes_1_0.png","datePublished":"2026-04-28T08:03:05+00:00","dateModified":"2026-04-28T08:03:08+00:00","breadcrumb":{"@id":"https:\/\/districos.standingout.be\/fr\/product\/activator-20-eau-oxygenee-1-l-ref-7091-23\/#breadcrumb"},"inLanguage":"fr-FR","potentialAction":[{"@type":"ReadAction","target":["https:\/\/districos.standingout.be\/fr\/product\/activator-20-eau-oxygenee-1-l-ref-7091-23\/"]}]},{"@type":"ImageObject","inLanguage":"fr-FR","@id":"https:\/\/districos.standingout.be\/fr\/product\/activator-20-eau-oxygenee-1-l-ref-7091-23\/#primaryimage","url":"https:\/\/districos.standingout.be\/wp-content\/uploads\/2025\/07\/7091.23@LowRes_1_0.png","contentUrl":"https:\/\/districos.standingout.be\/wp-content\/uploads\/2025\/07\/7091.23@LowRes_1_0.png","width":600,"height":600},{"@type":"BreadcrumbList","@id":"https:\/\/districos.standingout.be\/fr\/product\/activator-20-eau-oxygenee-1-l-ref-7091-23\/#breadcrumb","itemListElement":[{"@type":"ListItem","position":1,"name":"Home","item":"https:\/\/districos.standingout.be\/fr\/bienvenue-chez-districos\/"},{"@type":"ListItem","position":2,"name":"Boutique","item":"https:\/\/districos.standingout.be\/fr\/boutique\/"},{"@type":"ListItem","position":3,"name":"Activator 20 Eau Oxyg\u00e9n\u00e9e 1 l"}]},{"@type":"WebSite","@id":"https:\/\/districos.standingout.be\/fr\/#website","url":"https:\/\/districos.standingout.be\/fr\/","name":"Districos Webshop","description":"","publisher":{"@id":"https:\/\/districos.standingout.be\/fr\/#organization"},"potentialAction":[{"@type":"SearchAction","target":{"@type":"EntryPoint","urlTemplate":"https:\/\/districos.standingout.be\/fr\/?s={search_term_string}"},"query-input":{"@type":"PropertyValueSpecification","valueRequired":true,"valueName":"search_term_string"}}],"inLanguage":"fr-FR"},{"@type":"Organization","@id":"https:\/\/districos.standingout.be\/fr\/#organization","name":"Districos Webshop","url":"https:\/\/districos.standingout.be\/fr\/","logo":{"@type":"ImageObject","inLanguage":"fr-FR","@id":"https:\/\/districos.standingout.be\/fr\/#\/schema\/logo\/image\/","url":"https:\/\/districos.standingout.be\/wp-content\/uploads\/2022\/09\/Districos_Logo_Webshop.svg","contentUrl":"https:\/\/districos.standingout.be\/wp-content\/uploads\/2022\/09\/Districos_Logo_Webshop.svg","caption":"Districos Webshop"},"image":{"@id":"https:\/\/districos.standingout.be\/fr\/#\/schema\/logo\/image\/"}}]}},"_links":{"self":[{"href":"https:\/\/districos.standingout.be\/fr\/wp-json\/wp\/v2\/product\/137289","targetHints":{"allow":["GET"]}}],"collection":[{"href":"https:\/\/districos.standingout.be\/fr\/wp-json\/wp\/v2\/product"}],"about":[{"href":"https:\/\/districos.standingout.be\/fr\/wp-json\/wp\/v2\/types\/product"}],"replies":[{"embeddable":true,"href":"https:\/\/districos.standingout.be\/fr\/wp-json\/wp\/v2\/comments?post=137289"}],"wp:featuredmedia":[{"embeddable":true,"href":"https:\/\/districos.standingout.be\/fr\/wp-json\/wp\/v2\/media\/78290"}],"wp:attachment":[{"href":"https:\/\/districos.standingout.be\/fr\/wp-json\/wp\/v2\/media?parent=137289"}],"wp:term":[{"taxonomy":"product_brand","embeddable":true,"href":"https:\/\/districos.standingout.be\/fr\/wp-json\/wp\/v2\/product_brand?post=137289"},{"taxonomy":"product_cat","embeddable":true,"href":"https:\/\/districos.standingout.be\/fr\/wp-json\/wp\/v2\/product_cat?post=137289"},{"taxonomy":"product_tag","embeddable":true,"href":"https:\/\/districos.standingout.be\/fr\/wp-json\/wp\/v2\/product_tag?post=137289"}],"curies":[{"name":"wp","href":"https:\/\/api.w.org\/{rel}","templated":true}]}}