{"id":137293,"date":"2026-04-28T10:03:18","date_gmt":"2026-04-28T08:03:18","guid":{"rendered":"https:\/\/webshopdistricoscom.webhosting.be\/product\/prevens-lingettes-desinfectantes-100-pcs-ref-7091-28\/"},"modified":"2026-04-28T10:03:23","modified_gmt":"2026-04-28T08:03:23","slug":"prevens-lingettes-desinfectantes-100-pcs-ref-7091-28","status":"publish","type":"product","link":"https:\/\/districos.standingout.be\/fr\/product\/prevens-lingettes-desinfectantes-100-pcs-ref-7091-28\/","title":{"rendered":"Preven&rsquo;s Lingettes D\u00e9sinfectantes 100 pcs."},"content":{"rendered":"<p >\n<p><font size=\"4\"><font size=\"4\">Attention : Cette marque n\u2019est plus disponible et ne peut plus \u00eatre command\u00e9e.<\/font><\/font><\/p>\n<p>Un produit alternatif comparable est disponible sous la r\u00e9f\u00e9rence&nbsp;<a href=\"https:\/\/webshop.districos.com\/ProductDetail\/7091.29\" target=\"_blank\" rel=\"noopener noreferrer nofollow\"> 7091.29<\/a>.&nbsp;<\/p>\n","protected":false},"excerpt":{"rendered":"<p>Attention : Cette marque n\u2019est plus disponible et ne peut plus \u00eatre command\u00e9e. Un produit alternatif comparable est disponible sous la r\u00e9f\u00e9rence&nbsp; 7091.29.&nbsp;<\/p>\n","protected":false},"featured_media":90626,"comment_status":"open","ping_status":"closed","template":"","meta":{"_acf_changed":false},"product_brand":[],"product_cat":[9958,9988,10118],"product_tag":[],"class_list":{"0":"post-137293","1":"product","2":"type-product","3":"status-publish","4":"has-post-thumbnail","6":"product_cat-beaute-pedicure-desinfection-nettoyage","7":"product_cat-soins-des-pieds-podologie-desinfection-nettoyage-produits-de-desinfection-de-nettoyage","8":"product_cat-hygiene-articles-jetables-desinfection-nettoyage-produits-de-desinfection-de-nettoyage","10":"first","11":"outofstock","12":"taxable","13":"shipping-taxable","14":"product-type-simple"},"acf":[],"yoast_head":"<!-- This site is optimized with the Yoast SEO plugin v27.3 - https:\/\/yoast.com\/product\/yoast-seo-wordpress\/ -->\n<title>Preven&#039;s Lingettes D\u00e9sinfectantes 100 pcs. - Districos Webshop<\/title>\n<meta name=\"robots\" content=\"noindex, follow, max-snippet:-1, max-image-preview:large, max-video-preview:-1\" \/>\n<meta property=\"og:locale\" content=\"fr_FR\" \/>\n<meta property=\"og:type\" content=\"article\" \/>\n<meta property=\"og:title\" content=\"Preven&#039;s Lingettes D\u00e9sinfectantes 100 pcs. - Districos Webshop\" \/>\n<meta property=\"og:description\" content=\"Attention : Cette marque n\u2019est plus disponible et ne peut plus \u00eatre command\u00e9e. Un produit alternatif comparable est disponible sous la r\u00e9f\u00e9rence&nbsp; 7091.29.&nbsp;\" \/>\n<meta property=\"og:url\" content=\"https:\/\/districos.standingout.be\/fr\/product\/prevens-lingettes-desinfectantes-100-pcs-ref-7091-28\/\" \/>\n<meta property=\"og:site_name\" content=\"Districos Webshop\" \/>\n<meta property=\"article:modified_time\" content=\"2026-04-28T08:03:23+00:00\" \/>\n<meta name=\"twitter:card\" content=\"summary_large_image\" \/>\n<script type=\"application\/ld+json\" class=\"yoast-schema-graph\">{\"@context\":\"https:\\\/\\\/schema.org\",\"@graph\":[{\"@type\":\"WebPage\",\"@id\":\"https:\\\/\\\/districos.standingout.be\\\/fr\\\/product\\\/prevens-lingettes-desinfectantes-100-pcs-ref-7091-28\\\/\",\"url\":\"https:\\\/\\\/districos.standingout.be\\\/fr\\\/product\\\/prevens-lingettes-desinfectantes-100-pcs-ref-7091-28\\\/\",\"name\":\"Preven's Lingettes D\u00e9sinfectantes 100 pcs. - Districos Webshop\",\"isPartOf\":{\"@id\":\"https:\\\/\\\/districos.standingout.be\\\/fr\\\/#website\"},\"primaryImageOfPage\":{\"@id\":\"https:\\\/\\\/districos.standingout.be\\\/fr\\\/product\\\/prevens-lingettes-desinfectantes-100-pcs-ref-7091-28\\\/#primaryimage\"},\"image\":{\"@id\":\"https:\\\/\\\/districos.standingout.be\\\/fr\\\/product\\\/prevens-lingettes-desinfectantes-100-pcs-ref-7091-28\\\/#primaryimage\"},\"thumbnailUrl\":\"https:\\\/\\\/districos.standingout.be\\\/wp-content\\\/uploads\\\/2026\\\/01\\\/7091.28@LowRes_1_0.png\",\"datePublished\":\"2026-04-28T08:03:18+00:00\",\"dateModified\":\"2026-04-28T08:03:23+00:00\",\"breadcrumb\":{\"@id\":\"https:\\\/\\\/districos.standingout.be\\\/fr\\\/product\\\/prevens-lingettes-desinfectantes-100-pcs-ref-7091-28\\\/#breadcrumb\"},\"inLanguage\":\"fr-FR\",\"potentialAction\":[{\"@type\":\"ReadAction\",\"target\":[\"https:\\\/\\\/districos.standingout.be\\\/fr\\\/product\\\/prevens-lingettes-desinfectantes-100-pcs-ref-7091-28\\\/\"]}]},{\"@type\":\"ImageObject\",\"inLanguage\":\"fr-FR\",\"@id\":\"https:\\\/\\\/districos.standingout.be\\\/fr\\\/product\\\/prevens-lingettes-desinfectantes-100-pcs-ref-7091-28\\\/#primaryimage\",\"url\":\"https:\\\/\\\/districos.standingout.be\\\/wp-content\\\/uploads\\\/2026\\\/01\\\/7091.28@LowRes_1_0.png\",\"contentUrl\":\"https:\\\/\\\/districos.standingout.be\\\/wp-content\\\/uploads\\\/2026\\\/01\\\/7091.28@LowRes_1_0.png\",\"width\":600,\"height\":600},{\"@type\":\"BreadcrumbList\",\"@id\":\"https:\\\/\\\/districos.standingout.be\\\/fr\\\/product\\\/prevens-lingettes-desinfectantes-100-pcs-ref-7091-28\\\/#breadcrumb\",\"itemListElement\":[{\"@type\":\"ListItem\",\"position\":1,\"name\":\"Home\",\"item\":\"https:\\\/\\\/districos.standingout.be\\\/fr\\\/bienvenue-chez-districos\\\/\"},{\"@type\":\"ListItem\",\"position\":2,\"name\":\"Boutique\",\"item\":\"https:\\\/\\\/districos.standingout.be\\\/fr\\\/boutique\\\/\"},{\"@type\":\"ListItem\",\"position\":3,\"name\":\"Preven&#8217;s Lingettes D\u00e9sinfectantes 100 pcs.\"}]},{\"@type\":\"WebSite\",\"@id\":\"https:\\\/\\\/districos.standingout.be\\\/fr\\\/#website\",\"url\":\"https:\\\/\\\/districos.standingout.be\\\/fr\\\/\",\"name\":\"Districos Webshop\",\"description\":\"\",\"publisher\":{\"@id\":\"https:\\\/\\\/districos.standingout.be\\\/fr\\\/#organization\"},\"potentialAction\":[{\"@type\":\"SearchAction\",\"target\":{\"@type\":\"EntryPoint\",\"urlTemplate\":\"https:\\\/\\\/districos.standingout.be\\\/fr\\\/?s={search_term_string}\"},\"query-input\":{\"@type\":\"PropertyValueSpecification\",\"valueRequired\":true,\"valueName\":\"search_term_string\"}}],\"inLanguage\":\"fr-FR\"},{\"@type\":\"Organization\",\"@id\":\"https:\\\/\\\/districos.standingout.be\\\/fr\\\/#organization\",\"name\":\"Districos Webshop\",\"url\":\"https:\\\/\\\/districos.standingout.be\\\/fr\\\/\",\"logo\":{\"@type\":\"ImageObject\",\"inLanguage\":\"fr-FR\",\"@id\":\"https:\\\/\\\/districos.standingout.be\\\/fr\\\/#\\\/schema\\\/logo\\\/image\\\/\",\"url\":\"https:\\\/\\\/districos.standingout.be\\\/wp-content\\\/uploads\\\/2022\\\/09\\\/Districos_Logo_Webshop.svg\",\"contentUrl\":\"https:\\\/\\\/districos.standingout.be\\\/wp-content\\\/uploads\\\/2022\\\/09\\\/Districos_Logo_Webshop.svg\",\"caption\":\"Districos Webshop\"},\"image\":{\"@id\":\"https:\\\/\\\/districos.standingout.be\\\/fr\\\/#\\\/schema\\\/logo\\\/image\\\/\"}}]}<\/script>\n<!-- \/ Yoast SEO plugin. -->","yoast_head_json":{"title":"Preven's Lingettes D\u00e9sinfectantes 100 pcs. - Districos Webshop","robots":{"index":"noindex","follow":"follow","max-snippet":"max-snippet:-1","max-image-preview":"max-image-preview:large","max-video-preview":"max-video-preview:-1"},"og_locale":"fr_FR","og_type":"article","og_title":"Preven's Lingettes D\u00e9sinfectantes 100 pcs. - Districos Webshop","og_description":"Attention : Cette marque n\u2019est plus disponible et ne peut plus \u00eatre command\u00e9e. Un produit alternatif comparable est disponible sous la r\u00e9f\u00e9rence&nbsp; 7091.29.&nbsp;","og_url":"https:\/\/districos.standingout.be\/fr\/product\/prevens-lingettes-desinfectantes-100-pcs-ref-7091-28\/","og_site_name":"Districos Webshop","article_modified_time":"2026-04-28T08:03:23+00:00","twitter_card":"summary_large_image","schema":{"@context":"https:\/\/schema.org","@graph":[{"@type":"WebPage","@id":"https:\/\/districos.standingout.be\/fr\/product\/prevens-lingettes-desinfectantes-100-pcs-ref-7091-28\/","url":"https:\/\/districos.standingout.be\/fr\/product\/prevens-lingettes-desinfectantes-100-pcs-ref-7091-28\/","name":"Preven's Lingettes D\u00e9sinfectantes 100 pcs. - Districos Webshop","isPartOf":{"@id":"https:\/\/districos.standingout.be\/fr\/#website"},"primaryImageOfPage":{"@id":"https:\/\/districos.standingout.be\/fr\/product\/prevens-lingettes-desinfectantes-100-pcs-ref-7091-28\/#primaryimage"},"image":{"@id":"https:\/\/districos.standingout.be\/fr\/product\/prevens-lingettes-desinfectantes-100-pcs-ref-7091-28\/#primaryimage"},"thumbnailUrl":"https:\/\/districos.standingout.be\/wp-content\/uploads\/2026\/01\/7091.28@LowRes_1_0.png","datePublished":"2026-04-28T08:03:18+00:00","dateModified":"2026-04-28T08:03:23+00:00","breadcrumb":{"@id":"https:\/\/districos.standingout.be\/fr\/product\/prevens-lingettes-desinfectantes-100-pcs-ref-7091-28\/#breadcrumb"},"inLanguage":"fr-FR","potentialAction":[{"@type":"ReadAction","target":["https:\/\/districos.standingout.be\/fr\/product\/prevens-lingettes-desinfectantes-100-pcs-ref-7091-28\/"]}]},{"@type":"ImageObject","inLanguage":"fr-FR","@id":"https:\/\/districos.standingout.be\/fr\/product\/prevens-lingettes-desinfectantes-100-pcs-ref-7091-28\/#primaryimage","url":"https:\/\/districos.standingout.be\/wp-content\/uploads\/2026\/01\/7091.28@LowRes_1_0.png","contentUrl":"https:\/\/districos.standingout.be\/wp-content\/uploads\/2026\/01\/7091.28@LowRes_1_0.png","width":600,"height":600},{"@type":"BreadcrumbList","@id":"https:\/\/districos.standingout.be\/fr\/product\/prevens-lingettes-desinfectantes-100-pcs-ref-7091-28\/#breadcrumb","itemListElement":[{"@type":"ListItem","position":1,"name":"Home","item":"https:\/\/districos.standingout.be\/fr\/bienvenue-chez-districos\/"},{"@type":"ListItem","position":2,"name":"Boutique","item":"https:\/\/districos.standingout.be\/fr\/boutique\/"},{"@type":"ListItem","position":3,"name":"Preven&#8217;s Lingettes D\u00e9sinfectantes 100 pcs."}]},{"@type":"WebSite","@id":"https:\/\/districos.standingout.be\/fr\/#website","url":"https:\/\/districos.standingout.be\/fr\/","name":"Districos Webshop","description":"","publisher":{"@id":"https:\/\/districos.standingout.be\/fr\/#organization"},"potentialAction":[{"@type":"SearchAction","target":{"@type":"EntryPoint","urlTemplate":"https:\/\/districos.standingout.be\/fr\/?s={search_term_string}"},"query-input":{"@type":"PropertyValueSpecification","valueRequired":true,"valueName":"search_term_string"}}],"inLanguage":"fr-FR"},{"@type":"Organization","@id":"https:\/\/districos.standingout.be\/fr\/#organization","name":"Districos Webshop","url":"https:\/\/districos.standingout.be\/fr\/","logo":{"@type":"ImageObject","inLanguage":"fr-FR","@id":"https:\/\/districos.standingout.be\/fr\/#\/schema\/logo\/image\/","url":"https:\/\/districos.standingout.be\/wp-content\/uploads\/2022\/09\/Districos_Logo_Webshop.svg","contentUrl":"https:\/\/districos.standingout.be\/wp-content\/uploads\/2022\/09\/Districos_Logo_Webshop.svg","caption":"Districos Webshop"},"image":{"@id":"https:\/\/districos.standingout.be\/fr\/#\/schema\/logo\/image\/"}}]}},"_links":{"self":[{"href":"https:\/\/districos.standingout.be\/fr\/wp-json\/wp\/v2\/product\/137293","targetHints":{"allow":["GET"]}}],"collection":[{"href":"https:\/\/districos.standingout.be\/fr\/wp-json\/wp\/v2\/product"}],"about":[{"href":"https:\/\/districos.standingout.be\/fr\/wp-json\/wp\/v2\/types\/product"}],"replies":[{"embeddable":true,"href":"https:\/\/districos.standingout.be\/fr\/wp-json\/wp\/v2\/comments?post=137293"}],"wp:featuredmedia":[{"embeddable":true,"href":"https:\/\/districos.standingout.be\/fr\/wp-json\/wp\/v2\/media\/90626"}],"wp:attachment":[{"href":"https:\/\/districos.standingout.be\/fr\/wp-json\/wp\/v2\/media?parent=137293"}],"wp:term":[{"taxonomy":"product_brand","embeddable":true,"href":"https:\/\/districos.standingout.be\/fr\/wp-json\/wp\/v2\/product_brand?post=137293"},{"taxonomy":"product_cat","embeddable":true,"href":"https:\/\/districos.standingout.be\/fr\/wp-json\/wp\/v2\/product_cat?post=137293"},{"taxonomy":"product_tag","embeddable":true,"href":"https:\/\/districos.standingout.be\/fr\/wp-json\/wp\/v2\/product_tag?post=137293"}],"curies":[{"name":"wp","href":"https:\/\/api.w.org\/{rel}","templated":true}]}}