{"id":137295,"date":"2026-04-28T10:03:25","date_gmt":"2026-04-28T08:03:25","guid":{"rendered":"https:\/\/webshopdistricoscom.webhosting.be\/product\/sani-cloth-af3-2-en-1-lingettes-desinfectantes-100-pcs-ref-7091-29\/"},"modified":"2026-04-28T10:03:30","modified_gmt":"2026-04-28T08:03:30","slug":"sani-cloth-af3-2-en-1-lingettes-desinfectantes-100-pcs-ref-7091-29","status":"publish","type":"product","link":"https:\/\/districos.standingout.be\/fr\/product\/sani-cloth-af3-2-en-1-lingettes-desinfectantes-100-pcs-ref-7091-29\/","title":{"rendered":"Sani-Cloth AF3 2-en-1 Lingettes D\u00e9sinfectantes 100 pcs."},"content":{"rendered":"<p >\n<\/p>\n<\/p>\n<\/p>\n<\/p>\n<\/p>\n<p><font size=\"4\"><\/font><\/p>\n<p><font size=\"4\"><font size=\"4\"><\/font><\/font><\/p>\n<\/p>\n<p><font size=\"4\"><span><b>Sani-Cloth<\/b><\/span><\/font><sup><span>\u00ae<\/span><\/sup><font size=\"4\"><span><b>&nbsp;AF\u00b3 \u2013 Lingettes d\u00e9sinfectantes sans alcool<\/b><\/span><\/font><\/p>\n<p><span>100 lingettes par paquet \u2013 200 x 200 mm<\/span><\/p>\n<p><font size=\"3\"><\/font><\/p>\n<p><font size=\"3\"><font size=\"3\"><\/font><\/font><\/p>\n<\/p>\n<p><font size=\"3\"><span><b>Nettoyage et d\u00e9sinfection professionnels en un seul geste<\/b><\/span><\/font><\/p>\n<p><span>Sani-Cloth<\/span><sup><span>\u00ae<\/span><\/sup><span>&nbsp;AF\u00b3 est le choix id\u00e9al pour ceux qui recherchent une solution puissante et sans alcool pour le nettoyage quotidien des surfaces dans les environnements m\u00e9dicaux et esth\u00e9tiques.<\/span><\/p>\n<p><span>Ces lingettes 2-en-1 nettoient et d\u00e9sinfectent en un seul geste, et peuvent \u00eatre utilis\u00e9es en toute s\u00e9curit\u00e9 sur les appareils et les surfaces sensibles gr\u00e2ce \u00e0 leur composition \u00e9tudi\u00e9e et leur compatibilit\u00e9 test\u00e9e sur de nombreux dispositifs m\u00e9dicaux.<br \/><\/span><\/p>\n<p><u><span>Pourquoi choisir Sani-Cloth<\/span><sup><span>\u00ae<\/span><\/sup><span>&nbsp;AF\u00b3 ?<\/span><\/u><\/p>\n<ul>\n<li><span><b>Sans alcool<\/b> \u2013 s\u00fbr pour le caoutchouc, les plastiques, les rev\u00eatements et les appareils tels que les micromoteurs de p\u00e9dicure, les pi\u00e8ces \u00e0 main et les tuyaux (<\/span>n-Alkyl Dimethyl Benzyl Ammonium Chloride \u2013 0,14% et n-Alkyl Dimethyl Ethylbenzyl Ammonium Chloride \u2013 0,14%)<\/li>\n<li><span>Action rapide \u2013 d\u00e9sinfection compl\u00e8te en seulement 1 minute, m\u00eame sur des surfaces visiblement sales<\/span><\/li>\n<li><span>Large spectre d\u2019efficacit\u00e9 \u2013 actif contre les bact\u00e9ries, levures, virus (y compris Norovirus et SARS-CoV-2) et la tuberculose<\/span><\/li>\n<li><span>Test\u00e9 dermatologiquement \u2013 ne contient pas de PHMB, peut \u00eatre utilis\u00e9 sans gants<\/span><\/li>\n<li><span>Dispositif m\u00e9dical de classe IIa \u2013 certifi\u00e9 CE, adapt\u00e9 \u00e0 une utilisation professionnelle dans les soins, la podologie et la beaut\u00e9<\/span><\/li>\n<li><span>Test\u00e9 sur plus de 450 appareils m\u00e9dicaux \u2013 y compris les tuyaux en caoutchouc, les bo\u00eetiers et les surfaces sensibles<\/span><\/li>\n<\/ul>\n<div><u>Choix durable &amp; fiable<\/u><\/div>\n<div>\n<ul>\n<li><span>Fabriqu\u00e9 au Royaume-Uni (Corby) avec une repr\u00e9sentation europ\u00e9enne en Italie<\/span><\/li>\n<li>Membre du label \u201cMade in Britain\u201d \u2013 garantit une production \u00e9thique, une cha\u00eene d\u2019approvisionnement courte et une disponibilit\u00e9 stable<\/li>\n<li>Faible empreinte carbone gr\u00e2ce \u00e0 une production locale en Europe<\/li>\n<\/ul>\n<\/div><\/p>\n","protected":false},"excerpt":{"rendered":"<p>Sani-Cloth\u00ae&nbsp;AF\u00b3 \u2013 Lingettes d\u00e9sinfectantes sans alcool 100 lingettes par paquet \u2013 200 x 200 mm Nettoyage et d\u00e9sinfection professionnels en un seul geste Sani-Cloth\u00ae&nbsp;AF\u00b3 est le choix id\u00e9al pour ceux qui recherchent une solution puissante et sans alcool pour le nettoyage quotidien des surfaces dans les environnements m\u00e9dicaux et esth\u00e9tiques. Ces lingettes 2-en-1 nettoient et [&hellip;]<\/p>\n","protected":false},"featured_media":147572,"comment_status":"open","ping_status":"closed","template":"","meta":{"_acf_changed":false},"product_brand":[10542],"product_cat":[9958,9988,10118],"product_tag":[],"class_list":{"0":"post-137295","1":"product","2":"type-product","3":"status-publish","4":"has-post-thumbnail","6":"product_brand-sani-cloth-fr","7":"product_cat-beaute-pedicure-desinfection-nettoyage","8":"product_cat-soins-des-pieds-podologie-desinfection-nettoyage-produits-de-desinfection-de-nettoyage","9":"product_cat-hygiene-articles-jetables-desinfection-nettoyage-produits-de-desinfection-de-nettoyage","11":"first","12":"instock","13":"taxable","14":"shipping-taxable","15":"product-type-simple"},"acf":[],"yoast_head":"<!-- This site is optimized with the Yoast SEO plugin v27.3 - https:\/\/yoast.com\/product\/yoast-seo-wordpress\/ -->\n<title>Sani-Cloth AF3 2-en-1 Lingettes D\u00e9sinfectantes 100 pcs. - Districos Webshop<\/title>\n<meta name=\"robots\" content=\"noindex, follow, max-snippet:-1, max-image-preview:large, max-video-preview:-1\" \/>\n<meta property=\"og:locale\" content=\"fr_FR\" \/>\n<meta property=\"og:type\" content=\"article\" \/>\n<meta property=\"og:title\" content=\"Sani-Cloth AF3 2-en-1 Lingettes D\u00e9sinfectantes 100 pcs. - Districos Webshop\" \/>\n<meta property=\"og:description\" content=\"Sani-Cloth\u00ae&nbsp;AF\u00b3 \u2013 Lingettes d\u00e9sinfectantes sans alcool 100 lingettes par paquet \u2013 200 x 200 mm Nettoyage et d\u00e9sinfection professionnels en un seul geste Sani-Cloth\u00ae&nbsp;AF\u00b3 est le choix id\u00e9al pour ceux qui recherchent une solution puissante et sans alcool pour le nettoyage quotidien des surfaces dans les environnements m\u00e9dicaux et esth\u00e9tiques. Ces lingettes 2-en-1 nettoient et [&hellip;]\" \/>\n<meta property=\"og:url\" content=\"https:\/\/districos.standingout.be\/fr\/product\/sani-cloth-af3-2-en-1-lingettes-desinfectantes-100-pcs-ref-7091-29\/\" \/>\n<meta property=\"og:site_name\" content=\"Districos Webshop\" \/>\n<meta property=\"article:modified_time\" content=\"2026-04-28T08:03:30+00:00\" \/>\n<meta name=\"twitter:card\" content=\"summary_large_image\" \/>\n<meta name=\"twitter:label1\" content=\"Dur\u00e9e de lecture estim\u00e9e\" \/>\n\t<meta name=\"twitter:data1\" content=\"1 minute\" \/>\n<script type=\"application\/ld+json\" class=\"yoast-schema-graph\">{\"@context\":\"https:\\\/\\\/schema.org\",\"@graph\":[{\"@type\":\"WebPage\",\"@id\":\"https:\\\/\\\/districos.standingout.be\\\/fr\\\/product\\\/sani-cloth-af3-2-en-1-lingettes-desinfectantes-100-pcs-ref-7091-29\\\/\",\"url\":\"https:\\\/\\\/districos.standingout.be\\\/fr\\\/product\\\/sani-cloth-af3-2-en-1-lingettes-desinfectantes-100-pcs-ref-7091-29\\\/\",\"name\":\"Sani-Cloth AF3 2-en-1 Lingettes D\u00e9sinfectantes 100 pcs. - Districos Webshop\",\"isPartOf\":{\"@id\":\"https:\\\/\\\/districos.standingout.be\\\/fr\\\/#website\"},\"primaryImageOfPage\":{\"@id\":\"https:\\\/\\\/districos.standingout.be\\\/fr\\\/product\\\/sani-cloth-af3-2-en-1-lingettes-desinfectantes-100-pcs-ref-7091-29\\\/#primaryimage\"},\"image\":{\"@id\":\"https:\\\/\\\/districos.standingout.be\\\/fr\\\/product\\\/sani-cloth-af3-2-en-1-lingettes-desinfectantes-100-pcs-ref-7091-29\\\/#primaryimage\"},\"thumbnailUrl\":\"https:\\\/\\\/districos.standingout.be\\\/wp-content\\\/uploads\\\/2026\\\/04\\\/7091.29@Sani-Cloth-AF3-2-in-1-Desinfectie-Doekjes-100-st_1-1.png\",\"datePublished\":\"2026-04-28T08:03:25+00:00\",\"dateModified\":\"2026-04-28T08:03:30+00:00\",\"breadcrumb\":{\"@id\":\"https:\\\/\\\/districos.standingout.be\\\/fr\\\/product\\\/sani-cloth-af3-2-en-1-lingettes-desinfectantes-100-pcs-ref-7091-29\\\/#breadcrumb\"},\"inLanguage\":\"fr-FR\",\"potentialAction\":[{\"@type\":\"ReadAction\",\"target\":[\"https:\\\/\\\/districos.standingout.be\\\/fr\\\/product\\\/sani-cloth-af3-2-en-1-lingettes-desinfectantes-100-pcs-ref-7091-29\\\/\"]}]},{\"@type\":\"ImageObject\",\"inLanguage\":\"fr-FR\",\"@id\":\"https:\\\/\\\/districos.standingout.be\\\/fr\\\/product\\\/sani-cloth-af3-2-en-1-lingettes-desinfectantes-100-pcs-ref-7091-29\\\/#primaryimage\",\"url\":\"https:\\\/\\\/districos.standingout.be\\\/wp-content\\\/uploads\\\/2026\\\/04\\\/7091.29@Sani-Cloth-AF3-2-in-1-Desinfectie-Doekjes-100-st_1-1.png\",\"contentUrl\":\"https:\\\/\\\/districos.standingout.be\\\/wp-content\\\/uploads\\\/2026\\\/04\\\/7091.29@Sani-Cloth-AF3-2-in-1-Desinfectie-Doekjes-100-st_1-1.png\",\"width\":600,\"height\":600},{\"@type\":\"BreadcrumbList\",\"@id\":\"https:\\\/\\\/districos.standingout.be\\\/fr\\\/product\\\/sani-cloth-af3-2-en-1-lingettes-desinfectantes-100-pcs-ref-7091-29\\\/#breadcrumb\",\"itemListElement\":[{\"@type\":\"ListItem\",\"position\":1,\"name\":\"Home\",\"item\":\"https:\\\/\\\/districos.standingout.be\\\/fr\\\/bienvenue-chez-districos\\\/\"},{\"@type\":\"ListItem\",\"position\":2,\"name\":\"Boutique\",\"item\":\"https:\\\/\\\/districos.standingout.be\\\/fr\\\/boutique\\\/\"},{\"@type\":\"ListItem\",\"position\":3,\"name\":\"Sani-Cloth AF3 2-en-1 Lingettes D\u00e9sinfectantes 100 pcs.\"}]},{\"@type\":\"WebSite\",\"@id\":\"https:\\\/\\\/districos.standingout.be\\\/fr\\\/#website\",\"url\":\"https:\\\/\\\/districos.standingout.be\\\/fr\\\/\",\"name\":\"Districos Webshop\",\"description\":\"\",\"publisher\":{\"@id\":\"https:\\\/\\\/districos.standingout.be\\\/fr\\\/#organization\"},\"potentialAction\":[{\"@type\":\"SearchAction\",\"target\":{\"@type\":\"EntryPoint\",\"urlTemplate\":\"https:\\\/\\\/districos.standingout.be\\\/fr\\\/?s={search_term_string}\"},\"query-input\":{\"@type\":\"PropertyValueSpecification\",\"valueRequired\":true,\"valueName\":\"search_term_string\"}}],\"inLanguage\":\"fr-FR\"},{\"@type\":\"Organization\",\"@id\":\"https:\\\/\\\/districos.standingout.be\\\/fr\\\/#organization\",\"name\":\"Districos Webshop\",\"url\":\"https:\\\/\\\/districos.standingout.be\\\/fr\\\/\",\"logo\":{\"@type\":\"ImageObject\",\"inLanguage\":\"fr-FR\",\"@id\":\"https:\\\/\\\/districos.standingout.be\\\/fr\\\/#\\\/schema\\\/logo\\\/image\\\/\",\"url\":\"https:\\\/\\\/districos.standingout.be\\\/wp-content\\\/uploads\\\/2022\\\/09\\\/Districos_Logo_Webshop.svg\",\"contentUrl\":\"https:\\\/\\\/districos.standingout.be\\\/wp-content\\\/uploads\\\/2022\\\/09\\\/Districos_Logo_Webshop.svg\",\"caption\":\"Districos Webshop\"},\"image\":{\"@id\":\"https:\\\/\\\/districos.standingout.be\\\/fr\\\/#\\\/schema\\\/logo\\\/image\\\/\"}}]}<\/script>\n<!-- \/ Yoast SEO plugin. -->","yoast_head_json":{"title":"Sani-Cloth AF3 2-en-1 Lingettes D\u00e9sinfectantes 100 pcs. - Districos Webshop","robots":{"index":"noindex","follow":"follow","max-snippet":"max-snippet:-1","max-image-preview":"max-image-preview:large","max-video-preview":"max-video-preview:-1"},"og_locale":"fr_FR","og_type":"article","og_title":"Sani-Cloth AF3 2-en-1 Lingettes D\u00e9sinfectantes 100 pcs. - Districos Webshop","og_description":"Sani-Cloth\u00ae&nbsp;AF\u00b3 \u2013 Lingettes d\u00e9sinfectantes sans alcool 100 lingettes par paquet \u2013 200 x 200 mm Nettoyage et d\u00e9sinfection professionnels en un seul geste Sani-Cloth\u00ae&nbsp;AF\u00b3 est le choix id\u00e9al pour ceux qui recherchent une solution puissante et sans alcool pour le nettoyage quotidien des surfaces dans les environnements m\u00e9dicaux et esth\u00e9tiques. Ces lingettes 2-en-1 nettoient et [&hellip;]","og_url":"https:\/\/districos.standingout.be\/fr\/product\/sani-cloth-af3-2-en-1-lingettes-desinfectantes-100-pcs-ref-7091-29\/","og_site_name":"Districos Webshop","article_modified_time":"2026-04-28T08:03:30+00:00","twitter_card":"summary_large_image","twitter_misc":{"Dur\u00e9e de lecture estim\u00e9e":"1 minute"},"schema":{"@context":"https:\/\/schema.org","@graph":[{"@type":"WebPage","@id":"https:\/\/districos.standingout.be\/fr\/product\/sani-cloth-af3-2-en-1-lingettes-desinfectantes-100-pcs-ref-7091-29\/","url":"https:\/\/districos.standingout.be\/fr\/product\/sani-cloth-af3-2-en-1-lingettes-desinfectantes-100-pcs-ref-7091-29\/","name":"Sani-Cloth AF3 2-en-1 Lingettes D\u00e9sinfectantes 100 pcs. - Districos Webshop","isPartOf":{"@id":"https:\/\/districos.standingout.be\/fr\/#website"},"primaryImageOfPage":{"@id":"https:\/\/districos.standingout.be\/fr\/product\/sani-cloth-af3-2-en-1-lingettes-desinfectantes-100-pcs-ref-7091-29\/#primaryimage"},"image":{"@id":"https:\/\/districos.standingout.be\/fr\/product\/sani-cloth-af3-2-en-1-lingettes-desinfectantes-100-pcs-ref-7091-29\/#primaryimage"},"thumbnailUrl":"https:\/\/districos.standingout.be\/wp-content\/uploads\/2026\/04\/7091.29@Sani-Cloth-AF3-2-in-1-Desinfectie-Doekjes-100-st_1-1.png","datePublished":"2026-04-28T08:03:25+00:00","dateModified":"2026-04-28T08:03:30+00:00","breadcrumb":{"@id":"https:\/\/districos.standingout.be\/fr\/product\/sani-cloth-af3-2-en-1-lingettes-desinfectantes-100-pcs-ref-7091-29\/#breadcrumb"},"inLanguage":"fr-FR","potentialAction":[{"@type":"ReadAction","target":["https:\/\/districos.standingout.be\/fr\/product\/sani-cloth-af3-2-en-1-lingettes-desinfectantes-100-pcs-ref-7091-29\/"]}]},{"@type":"ImageObject","inLanguage":"fr-FR","@id":"https:\/\/districos.standingout.be\/fr\/product\/sani-cloth-af3-2-en-1-lingettes-desinfectantes-100-pcs-ref-7091-29\/#primaryimage","url":"https:\/\/districos.standingout.be\/wp-content\/uploads\/2026\/04\/7091.29@Sani-Cloth-AF3-2-in-1-Desinfectie-Doekjes-100-st_1-1.png","contentUrl":"https:\/\/districos.standingout.be\/wp-content\/uploads\/2026\/04\/7091.29@Sani-Cloth-AF3-2-in-1-Desinfectie-Doekjes-100-st_1-1.png","width":600,"height":600},{"@type":"BreadcrumbList","@id":"https:\/\/districos.standingout.be\/fr\/product\/sani-cloth-af3-2-en-1-lingettes-desinfectantes-100-pcs-ref-7091-29\/#breadcrumb","itemListElement":[{"@type":"ListItem","position":1,"name":"Home","item":"https:\/\/districos.standingout.be\/fr\/bienvenue-chez-districos\/"},{"@type":"ListItem","position":2,"name":"Boutique","item":"https:\/\/districos.standingout.be\/fr\/boutique\/"},{"@type":"ListItem","position":3,"name":"Sani-Cloth AF3 2-en-1 Lingettes D\u00e9sinfectantes 100 pcs."}]},{"@type":"WebSite","@id":"https:\/\/districos.standingout.be\/fr\/#website","url":"https:\/\/districos.standingout.be\/fr\/","name":"Districos Webshop","description":"","publisher":{"@id":"https:\/\/districos.standingout.be\/fr\/#organization"},"potentialAction":[{"@type":"SearchAction","target":{"@type":"EntryPoint","urlTemplate":"https:\/\/districos.standingout.be\/fr\/?s={search_term_string}"},"query-input":{"@type":"PropertyValueSpecification","valueRequired":true,"valueName":"search_term_string"}}],"inLanguage":"fr-FR"},{"@type":"Organization","@id":"https:\/\/districos.standingout.be\/fr\/#organization","name":"Districos Webshop","url":"https:\/\/districos.standingout.be\/fr\/","logo":{"@type":"ImageObject","inLanguage":"fr-FR","@id":"https:\/\/districos.standingout.be\/fr\/#\/schema\/logo\/image\/","url":"https:\/\/districos.standingout.be\/wp-content\/uploads\/2022\/09\/Districos_Logo_Webshop.svg","contentUrl":"https:\/\/districos.standingout.be\/wp-content\/uploads\/2022\/09\/Districos_Logo_Webshop.svg","caption":"Districos Webshop"},"image":{"@id":"https:\/\/districos.standingout.be\/fr\/#\/schema\/logo\/image\/"}}]}},"_links":{"self":[{"href":"https:\/\/districos.standingout.be\/fr\/wp-json\/wp\/v2\/product\/137295","targetHints":{"allow":["GET"]}}],"collection":[{"href":"https:\/\/districos.standingout.be\/fr\/wp-json\/wp\/v2\/product"}],"about":[{"href":"https:\/\/districos.standingout.be\/fr\/wp-json\/wp\/v2\/types\/product"}],"replies":[{"embeddable":true,"href":"https:\/\/districos.standingout.be\/fr\/wp-json\/wp\/v2\/comments?post=137295"}],"wp:featuredmedia":[{"embeddable":true,"href":"https:\/\/districos.standingout.be\/fr\/wp-json\/wp\/v2\/media\/147572"}],"wp:attachment":[{"href":"https:\/\/districos.standingout.be\/fr\/wp-json\/wp\/v2\/media?parent=137295"}],"wp:term":[{"taxonomy":"product_brand","embeddable":true,"href":"https:\/\/districos.standingout.be\/fr\/wp-json\/wp\/v2\/product_brand?post=137295"},{"taxonomy":"product_cat","embeddable":true,"href":"https:\/\/districos.standingout.be\/fr\/wp-json\/wp\/v2\/product_cat?post=137295"},{"taxonomy":"product_tag","embeddable":true,"href":"https:\/\/districos.standingout.be\/fr\/wp-json\/wp\/v2\/product_tag?post=137295"}],"curies":[{"name":"wp","href":"https:\/\/api.w.org\/{rel}","templated":true}]}}