{"id":137307,"date":"2026-04-28T10:03:52","date_gmt":"2026-04-28T08:03:52","guid":{"rendered":"https:\/\/webshopdistricoscom.webhosting.be\/product\/podisan-1-l-ref-7091-61-2\/"},"modified":"2026-04-28T10:03:56","modified_gmt":"2026-04-28T08:03:56","slug":"podisan-1-l-ref-7091-61","status":"publish","type":"product","link":"https:\/\/districos.standingout.be\/fr\/product\/podisan-1-l-ref-7091-61\/","title":{"rendered":"Podisan 1 l"},"content":{"rendered":"<p >\n<\/p>\n<p dir=\"ltr\">Liquide pour nettoyer et d\u00e9sinfecter les instruments et les surfaces. Les bact\u00e9ries et les mycoses sont \u00e9limin\u00e9es.<\/p>\n<p dir=\"ltr\">\n<ul>\n<li>Convient \u00e9galement pour une utilisation dans un nettoyeur \u00e0 ultrasons. <\/li>\n<li>Emballage : 1 l.<\/li>\n<\/ul>\n<div><b>Mode d&#8217;emploi<\/b><\/div>\n<div>\n<ul>\n<li><span>Immergez les instruments dans du Podisan dilu\u00e9 (m\u00e9langez 10 \u00e0 20 ml avec 1 l d\u2019eau. Ce m\u00e9lange se r\u00e9utilise jusqu\u2019\u00e0 2 jours apr\u00e8s pr\u00e9paration.) Temps d\u2019action : 5 minutes avec nettoyeur \u00e0 ultrasons, 20 minutes sans nettoyeur \u00e0 ultrasons. Apr\u00e8s, rincez les instruments \u00e0 l\u2019eau. Ensuite, trempez les instruments durant 5 minutes dans du Podiclean non dilu\u00e9 ou dans de l\u2019alcool d\u00e9sinfectant (80 %). Laissez s\u00e9cher \u00e0 l\u2019air libre.<\/span><\/li>\n<li>Le Podisan peut \u00e9galement \u00eatre utilis\u00e9 pour le nettoyage et la d\u00e9sinfection profondes des plaques plexi d&rsquo;un banc solaire :<span>&nbsp;apr\u00e8s chaque session de solarium, pulv\u00e9risez du produit sur les plaques en plexi (6 ml de Podisan par 600 ml d\u2019eau dans un <u><a href=\"https:\/\/districos.com\/ProductDetail\/3062.2\" target=\"_blank\" rel=\"noopener noreferrer nofollow\">flacon spray de 600 ml<\/a><\/u>), \u00e9talez le produit et laissez agir durant 5 minutes. Rincez \u00e0 l\u2019eau et s\u00e9chez bien.<\/span><\/li>\n<\/ul>\n<\/div><\/p>\n","protected":false},"excerpt":{"rendered":"<p>Liquide pour nettoyer et d\u00e9sinfecter les instruments et les surfaces. Les bact\u00e9ries et les mycoses sont \u00e9limin\u00e9es. Convient \u00e9galement pour une utilisation dans un nettoyeur \u00e0 ultrasons. Emballage : 1 l. Mode d&#8217;emploi Immergez les instruments dans du Podisan dilu\u00e9 (m\u00e9langez 10 \u00e0 20 ml avec 1 l d\u2019eau. Ce m\u00e9lange se r\u00e9utilise jusqu\u2019\u00e0 2 [&hellip;]<\/p>\n","protected":false},"featured_media":78314,"comment_status":"open","ping_status":"closed","template":"","meta":{"_acf_changed":false},"product_brand":[10530],"product_cat":[9958,9988,10118],"product_tag":[],"class_list":{"0":"post-137307","1":"product","2":"type-product","3":"status-publish","4":"has-post-thumbnail","6":"product_brand-reymerink-fr","7":"product_cat-beaute-pedicure-desinfection-nettoyage","8":"product_cat-soins-des-pieds-podologie-desinfection-nettoyage-produits-de-desinfection-de-nettoyage","9":"product_cat-hygiene-articles-jetables-desinfection-nettoyage-produits-de-desinfection-de-nettoyage","11":"first","12":"instock","13":"taxable","14":"shipping-taxable","15":"product-type-simple"},"acf":[],"yoast_head":"<!-- This site is optimized with the Yoast SEO plugin v27.3 - https:\/\/yoast.com\/product\/yoast-seo-wordpress\/ -->\n<title>Podisan 1 l - Districos Webshop<\/title>\n<meta name=\"robots\" content=\"noindex, follow, max-snippet:-1, max-image-preview:large, max-video-preview:-1\" \/>\n<meta property=\"og:locale\" content=\"fr_FR\" \/>\n<meta property=\"og:type\" content=\"article\" \/>\n<meta property=\"og:title\" content=\"Podisan 1 l - Districos Webshop\" \/>\n<meta property=\"og:description\" content=\"Liquide pour nettoyer et d\u00e9sinfecter les instruments et les surfaces. Les bact\u00e9ries et les mycoses sont \u00e9limin\u00e9es. Convient \u00e9galement pour une utilisation dans un nettoyeur \u00e0 ultrasons. Emballage : 1 l. Mode d&#8217;emploi Immergez les instruments dans du Podisan dilu\u00e9 (m\u00e9langez 10 \u00e0 20 ml avec 1 l d\u2019eau. Ce m\u00e9lange se r\u00e9utilise jusqu\u2019\u00e0 2 [&hellip;]\" \/>\n<meta property=\"og:url\" content=\"https:\/\/districos.standingout.be\/fr\/product\/podisan-1-l-ref-7091-61\/\" \/>\n<meta property=\"og:site_name\" content=\"Districos Webshop\" \/>\n<meta property=\"article:modified_time\" content=\"2026-04-28T08:03:56+00:00\" \/>\n<meta name=\"twitter:card\" content=\"summary_large_image\" \/>\n<meta name=\"twitter:label1\" content=\"Dur\u00e9e de lecture estim\u00e9e\" \/>\n\t<meta name=\"twitter:data1\" content=\"1 minute\" \/>\n<script type=\"application\/ld+json\" class=\"yoast-schema-graph\">{\"@context\":\"https:\\\/\\\/schema.org\",\"@graph\":[{\"@type\":\"WebPage\",\"@id\":\"https:\\\/\\\/districos.standingout.be\\\/fr\\\/product\\\/podisan-1-l-ref-7091-61\\\/\",\"url\":\"https:\\\/\\\/districos.standingout.be\\\/fr\\\/product\\\/podisan-1-l-ref-7091-61\\\/\",\"name\":\"Podisan 1 l - Districos Webshop\",\"isPartOf\":{\"@id\":\"https:\\\/\\\/districos.standingout.be\\\/fr\\\/#website\"},\"primaryImageOfPage\":{\"@id\":\"https:\\\/\\\/districos.standingout.be\\\/fr\\\/product\\\/podisan-1-l-ref-7091-61\\\/#primaryimage\"},\"image\":{\"@id\":\"https:\\\/\\\/districos.standingout.be\\\/fr\\\/product\\\/podisan-1-l-ref-7091-61\\\/#primaryimage\"},\"thumbnailUrl\":\"https:\\\/\\\/districos.standingout.be\\\/wp-content\\\/uploads\\\/2025\\\/07\\\/7091.61@LowRes_1_0.png\",\"datePublished\":\"2026-04-28T08:03:52+00:00\",\"dateModified\":\"2026-04-28T08:03:56+00:00\",\"breadcrumb\":{\"@id\":\"https:\\\/\\\/districos.standingout.be\\\/fr\\\/product\\\/podisan-1-l-ref-7091-61\\\/#breadcrumb\"},\"inLanguage\":\"fr-FR\",\"potentialAction\":[{\"@type\":\"ReadAction\",\"target\":[\"https:\\\/\\\/districos.standingout.be\\\/fr\\\/product\\\/podisan-1-l-ref-7091-61\\\/\"]}]},{\"@type\":\"ImageObject\",\"inLanguage\":\"fr-FR\",\"@id\":\"https:\\\/\\\/districos.standingout.be\\\/fr\\\/product\\\/podisan-1-l-ref-7091-61\\\/#primaryimage\",\"url\":\"https:\\\/\\\/districos.standingout.be\\\/wp-content\\\/uploads\\\/2025\\\/07\\\/7091.61@LowRes_1_0.png\",\"contentUrl\":\"https:\\\/\\\/districos.standingout.be\\\/wp-content\\\/uploads\\\/2025\\\/07\\\/7091.61@LowRes_1_0.png\",\"width\":600,\"height\":600},{\"@type\":\"BreadcrumbList\",\"@id\":\"https:\\\/\\\/districos.standingout.be\\\/fr\\\/product\\\/podisan-1-l-ref-7091-61\\\/#breadcrumb\",\"itemListElement\":[{\"@type\":\"ListItem\",\"position\":1,\"name\":\"Home\",\"item\":\"https:\\\/\\\/districos.standingout.be\\\/fr\\\/bienvenue-chez-districos\\\/\"},{\"@type\":\"ListItem\",\"position\":2,\"name\":\"Boutique\",\"item\":\"https:\\\/\\\/districos.standingout.be\\\/fr\\\/boutique\\\/\"},{\"@type\":\"ListItem\",\"position\":3,\"name\":\"Podisan 1 l\"}]},{\"@type\":\"WebSite\",\"@id\":\"https:\\\/\\\/districos.standingout.be\\\/fr\\\/#website\",\"url\":\"https:\\\/\\\/districos.standingout.be\\\/fr\\\/\",\"name\":\"Districos Webshop\",\"description\":\"\",\"publisher\":{\"@id\":\"https:\\\/\\\/districos.standingout.be\\\/fr\\\/#organization\"},\"potentialAction\":[{\"@type\":\"SearchAction\",\"target\":{\"@type\":\"EntryPoint\",\"urlTemplate\":\"https:\\\/\\\/districos.standingout.be\\\/fr\\\/?s={search_term_string}\"},\"query-input\":{\"@type\":\"PropertyValueSpecification\",\"valueRequired\":true,\"valueName\":\"search_term_string\"}}],\"inLanguage\":\"fr-FR\"},{\"@type\":\"Organization\",\"@id\":\"https:\\\/\\\/districos.standingout.be\\\/fr\\\/#organization\",\"name\":\"Districos Webshop\",\"url\":\"https:\\\/\\\/districos.standingout.be\\\/fr\\\/\",\"logo\":{\"@type\":\"ImageObject\",\"inLanguage\":\"fr-FR\",\"@id\":\"https:\\\/\\\/districos.standingout.be\\\/fr\\\/#\\\/schema\\\/logo\\\/image\\\/\",\"url\":\"https:\\\/\\\/districos.standingout.be\\\/wp-content\\\/uploads\\\/2022\\\/09\\\/Districos_Logo_Webshop.svg\",\"contentUrl\":\"https:\\\/\\\/districos.standingout.be\\\/wp-content\\\/uploads\\\/2022\\\/09\\\/Districos_Logo_Webshop.svg\",\"caption\":\"Districos Webshop\"},\"image\":{\"@id\":\"https:\\\/\\\/districos.standingout.be\\\/fr\\\/#\\\/schema\\\/logo\\\/image\\\/\"}}]}<\/script>\n<!-- \/ Yoast SEO plugin. -->","yoast_head_json":{"title":"Podisan 1 l - Districos Webshop","robots":{"index":"noindex","follow":"follow","max-snippet":"max-snippet:-1","max-image-preview":"max-image-preview:large","max-video-preview":"max-video-preview:-1"},"og_locale":"fr_FR","og_type":"article","og_title":"Podisan 1 l - Districos Webshop","og_description":"Liquide pour nettoyer et d\u00e9sinfecter les instruments et les surfaces. Les bact\u00e9ries et les mycoses sont \u00e9limin\u00e9es. Convient \u00e9galement pour une utilisation dans un nettoyeur \u00e0 ultrasons. Emballage : 1 l. Mode d&#8217;emploi Immergez les instruments dans du Podisan dilu\u00e9 (m\u00e9langez 10 \u00e0 20 ml avec 1 l d\u2019eau. Ce m\u00e9lange se r\u00e9utilise jusqu\u2019\u00e0 2 [&hellip;]","og_url":"https:\/\/districos.standingout.be\/fr\/product\/podisan-1-l-ref-7091-61\/","og_site_name":"Districos Webshop","article_modified_time":"2026-04-28T08:03:56+00:00","twitter_card":"summary_large_image","twitter_misc":{"Dur\u00e9e de lecture estim\u00e9e":"1 minute"},"schema":{"@context":"https:\/\/schema.org","@graph":[{"@type":"WebPage","@id":"https:\/\/districos.standingout.be\/fr\/product\/podisan-1-l-ref-7091-61\/","url":"https:\/\/districos.standingout.be\/fr\/product\/podisan-1-l-ref-7091-61\/","name":"Podisan 1 l - Districos Webshop","isPartOf":{"@id":"https:\/\/districos.standingout.be\/fr\/#website"},"primaryImageOfPage":{"@id":"https:\/\/districos.standingout.be\/fr\/product\/podisan-1-l-ref-7091-61\/#primaryimage"},"image":{"@id":"https:\/\/districos.standingout.be\/fr\/product\/podisan-1-l-ref-7091-61\/#primaryimage"},"thumbnailUrl":"https:\/\/districos.standingout.be\/wp-content\/uploads\/2025\/07\/7091.61@LowRes_1_0.png","datePublished":"2026-04-28T08:03:52+00:00","dateModified":"2026-04-28T08:03:56+00:00","breadcrumb":{"@id":"https:\/\/districos.standingout.be\/fr\/product\/podisan-1-l-ref-7091-61\/#breadcrumb"},"inLanguage":"fr-FR","potentialAction":[{"@type":"ReadAction","target":["https:\/\/districos.standingout.be\/fr\/product\/podisan-1-l-ref-7091-61\/"]}]},{"@type":"ImageObject","inLanguage":"fr-FR","@id":"https:\/\/districos.standingout.be\/fr\/product\/podisan-1-l-ref-7091-61\/#primaryimage","url":"https:\/\/districos.standingout.be\/wp-content\/uploads\/2025\/07\/7091.61@LowRes_1_0.png","contentUrl":"https:\/\/districos.standingout.be\/wp-content\/uploads\/2025\/07\/7091.61@LowRes_1_0.png","width":600,"height":600},{"@type":"BreadcrumbList","@id":"https:\/\/districos.standingout.be\/fr\/product\/podisan-1-l-ref-7091-61\/#breadcrumb","itemListElement":[{"@type":"ListItem","position":1,"name":"Home","item":"https:\/\/districos.standingout.be\/fr\/bienvenue-chez-districos\/"},{"@type":"ListItem","position":2,"name":"Boutique","item":"https:\/\/districos.standingout.be\/fr\/boutique\/"},{"@type":"ListItem","position":3,"name":"Podisan 1 l"}]},{"@type":"WebSite","@id":"https:\/\/districos.standingout.be\/fr\/#website","url":"https:\/\/districos.standingout.be\/fr\/","name":"Districos Webshop","description":"","publisher":{"@id":"https:\/\/districos.standingout.be\/fr\/#organization"},"potentialAction":[{"@type":"SearchAction","target":{"@type":"EntryPoint","urlTemplate":"https:\/\/districos.standingout.be\/fr\/?s={search_term_string}"},"query-input":{"@type":"PropertyValueSpecification","valueRequired":true,"valueName":"search_term_string"}}],"inLanguage":"fr-FR"},{"@type":"Organization","@id":"https:\/\/districos.standingout.be\/fr\/#organization","name":"Districos Webshop","url":"https:\/\/districos.standingout.be\/fr\/","logo":{"@type":"ImageObject","inLanguage":"fr-FR","@id":"https:\/\/districos.standingout.be\/fr\/#\/schema\/logo\/image\/","url":"https:\/\/districos.standingout.be\/wp-content\/uploads\/2022\/09\/Districos_Logo_Webshop.svg","contentUrl":"https:\/\/districos.standingout.be\/wp-content\/uploads\/2022\/09\/Districos_Logo_Webshop.svg","caption":"Districos Webshop"},"image":{"@id":"https:\/\/districos.standingout.be\/fr\/#\/schema\/logo\/image\/"}}]}},"_links":{"self":[{"href":"https:\/\/districos.standingout.be\/fr\/wp-json\/wp\/v2\/product\/137307","targetHints":{"allow":["GET"]}}],"collection":[{"href":"https:\/\/districos.standingout.be\/fr\/wp-json\/wp\/v2\/product"}],"about":[{"href":"https:\/\/districos.standingout.be\/fr\/wp-json\/wp\/v2\/types\/product"}],"replies":[{"embeddable":true,"href":"https:\/\/districos.standingout.be\/fr\/wp-json\/wp\/v2\/comments?post=137307"}],"wp:featuredmedia":[{"embeddable":true,"href":"https:\/\/districos.standingout.be\/fr\/wp-json\/wp\/v2\/media\/78314"}],"wp:attachment":[{"href":"https:\/\/districos.standingout.be\/fr\/wp-json\/wp\/v2\/media?parent=137307"}],"wp:term":[{"taxonomy":"product_brand","embeddable":true,"href":"https:\/\/districos.standingout.be\/fr\/wp-json\/wp\/v2\/product_brand?post=137307"},{"taxonomy":"product_cat","embeddable":true,"href":"https:\/\/districos.standingout.be\/fr\/wp-json\/wp\/v2\/product_cat?post=137307"},{"taxonomy":"product_tag","embeddable":true,"href":"https:\/\/districos.standingout.be\/fr\/wp-json\/wp\/v2\/product_tag?post=137307"}],"curies":[{"name":"wp","href":"https:\/\/api.w.org\/{rel}","templated":true}]}}