{"id":137309,"date":"2026-04-28T10:03:59","date_gmt":"2026-04-28T08:03:59","guid":{"rendered":"https:\/\/webshopdistricoscom.webhosting.be\/product\/podisonic-1-l-ref-7091-62-2\/"},"modified":"2026-04-28T10:04:04","modified_gmt":"2026-04-28T08:04:04","slug":"podisonic-1-l-ref-7091-62","status":"publish","type":"product","link":"https:\/\/districos.standingout.be\/fr\/product\/podisonic-1-l-ref-7091-62\/","title":{"rendered":"Podisonic 1 l"},"content":{"rendered":"<p >\n<p dir=ltr>Nettoyant puissant \u00e0 utiliser dans le nettoyeur \u00e0 ultrasons. Il d\u00e9tache les impuret\u00e9s et est utilis\u00e9 pour le nettoyage d\u2019instruments et de fraises en m\u00e9tal.<\/p>\n<p> <b>Application <\/b>: Diluez 10-20 ml de Podisonic dans 1 l d\u2019eau d\u2019environ 50 degr\u00e9s. Apr\u00e8s environ 5 minutes dans le nettoyeur \u00e0 ultrasons, rincez les instruments \u00e0 l\u2019eau et mettez-les durant 5 minutes dans le Podiclean ou de l\u2019alcool \u00e0 80 %. Laissez-les s\u00e9cher \u00e0 l\u2019air libre par apr\u00e8s. Le produit se r\u00e9utilise jusqu\u2019\u00e0 24 heures. <\/p>\n<p> Emballage : flacon de 1 l<\/p><\/p>\n","protected":false},"excerpt":{"rendered":"<p>Nettoyant puissant \u00e0 utiliser dans le nettoyeur \u00e0 ultrasons. Il d\u00e9tache les impuret\u00e9s et est utilis\u00e9 pour le nettoyage d\u2019instruments et de fraises en m\u00e9tal. Application : Diluez 10-20 ml de Podisonic dans 1 l d\u2019eau d\u2019environ 50 degr\u00e9s. Apr\u00e8s environ 5 minutes dans le nettoyeur \u00e0 ultrasons, rincez les instruments \u00e0 l\u2019eau et mettez-les [&hellip;]<\/p>\n","protected":false},"featured_media":78317,"comment_status":"open","ping_status":"closed","template":"","meta":{"_acf_changed":false},"product_brand":[10530],"product_cat":[9958,9988,10118],"product_tag":[],"class_list":{"0":"post-137309","1":"product","2":"type-product","3":"status-publish","4":"has-post-thumbnail","6":"product_brand-reymerink-fr","7":"product_cat-beaute-pedicure-desinfection-nettoyage","8":"product_cat-soins-des-pieds-podologie-desinfection-nettoyage-produits-de-desinfection-de-nettoyage","9":"product_cat-hygiene-articles-jetables-desinfection-nettoyage-produits-de-desinfection-de-nettoyage","11":"first","12":"instock","13":"taxable","14":"shipping-taxable","15":"product-type-simple"},"acf":[],"yoast_head":"<!-- This site is optimized with the Yoast SEO plugin v27.3 - https:\/\/yoast.com\/product\/yoast-seo-wordpress\/ -->\n<title>Podisonic 1 l - Districos Webshop<\/title>\n<meta name=\"robots\" content=\"noindex, follow, max-snippet:-1, max-image-preview:large, max-video-preview:-1\" \/>\n<meta property=\"og:locale\" content=\"fr_FR\" \/>\n<meta property=\"og:type\" content=\"article\" \/>\n<meta property=\"og:title\" content=\"Podisonic 1 l - Districos Webshop\" \/>\n<meta property=\"og:description\" content=\"Nettoyant puissant \u00e0 utiliser dans le nettoyeur \u00e0 ultrasons. Il d\u00e9tache les impuret\u00e9s et est utilis\u00e9 pour le nettoyage d\u2019instruments et de fraises en m\u00e9tal. Application : Diluez 10-20 ml de Podisonic dans 1 l d\u2019eau d\u2019environ 50 degr\u00e9s. Apr\u00e8s environ 5 minutes dans le nettoyeur \u00e0 ultrasons, rincez les instruments \u00e0 l\u2019eau et mettez-les [&hellip;]\" \/>\n<meta property=\"og:url\" content=\"https:\/\/districos.standingout.be\/fr\/product\/podisonic-1-l-ref-7091-62\/\" \/>\n<meta property=\"og:site_name\" content=\"Districos Webshop\" \/>\n<meta property=\"article:modified_time\" content=\"2026-04-28T08:04:04+00:00\" \/>\n<meta name=\"twitter:card\" content=\"summary_large_image\" \/>\n<script type=\"application\/ld+json\" class=\"yoast-schema-graph\">{\"@context\":\"https:\\\/\\\/schema.org\",\"@graph\":[{\"@type\":\"WebPage\",\"@id\":\"https:\\\/\\\/districos.standingout.be\\\/fr\\\/product\\\/podisonic-1-l-ref-7091-62\\\/\",\"url\":\"https:\\\/\\\/districos.standingout.be\\\/fr\\\/product\\\/podisonic-1-l-ref-7091-62\\\/\",\"name\":\"Podisonic 1 l - Districos Webshop\",\"isPartOf\":{\"@id\":\"https:\\\/\\\/districos.standingout.be\\\/fr\\\/#website\"},\"primaryImageOfPage\":{\"@id\":\"https:\\\/\\\/districos.standingout.be\\\/fr\\\/product\\\/podisonic-1-l-ref-7091-62\\\/#primaryimage\"},\"image\":{\"@id\":\"https:\\\/\\\/districos.standingout.be\\\/fr\\\/product\\\/podisonic-1-l-ref-7091-62\\\/#primaryimage\"},\"thumbnailUrl\":\"https:\\\/\\\/districos.standingout.be\\\/wp-content\\\/uploads\\\/2025\\\/07\\\/7091.62@LowRes_1_0.png\",\"datePublished\":\"2026-04-28T08:03:59+00:00\",\"dateModified\":\"2026-04-28T08:04:04+00:00\",\"breadcrumb\":{\"@id\":\"https:\\\/\\\/districos.standingout.be\\\/fr\\\/product\\\/podisonic-1-l-ref-7091-62\\\/#breadcrumb\"},\"inLanguage\":\"fr-FR\",\"potentialAction\":[{\"@type\":\"ReadAction\",\"target\":[\"https:\\\/\\\/districos.standingout.be\\\/fr\\\/product\\\/podisonic-1-l-ref-7091-62\\\/\"]}]},{\"@type\":\"ImageObject\",\"inLanguage\":\"fr-FR\",\"@id\":\"https:\\\/\\\/districos.standingout.be\\\/fr\\\/product\\\/podisonic-1-l-ref-7091-62\\\/#primaryimage\",\"url\":\"https:\\\/\\\/districos.standingout.be\\\/wp-content\\\/uploads\\\/2025\\\/07\\\/7091.62@LowRes_1_0.png\",\"contentUrl\":\"https:\\\/\\\/districos.standingout.be\\\/wp-content\\\/uploads\\\/2025\\\/07\\\/7091.62@LowRes_1_0.png\",\"width\":600,\"height\":600},{\"@type\":\"BreadcrumbList\",\"@id\":\"https:\\\/\\\/districos.standingout.be\\\/fr\\\/product\\\/podisonic-1-l-ref-7091-62\\\/#breadcrumb\",\"itemListElement\":[{\"@type\":\"ListItem\",\"position\":1,\"name\":\"Home\",\"item\":\"https:\\\/\\\/districos.standingout.be\\\/fr\\\/bienvenue-chez-districos\\\/\"},{\"@type\":\"ListItem\",\"position\":2,\"name\":\"Boutique\",\"item\":\"https:\\\/\\\/districos.standingout.be\\\/fr\\\/boutique\\\/\"},{\"@type\":\"ListItem\",\"position\":3,\"name\":\"Podisonic 1 l\"}]},{\"@type\":\"WebSite\",\"@id\":\"https:\\\/\\\/districos.standingout.be\\\/fr\\\/#website\",\"url\":\"https:\\\/\\\/districos.standingout.be\\\/fr\\\/\",\"name\":\"Districos Webshop\",\"description\":\"\",\"publisher\":{\"@id\":\"https:\\\/\\\/districos.standingout.be\\\/fr\\\/#organization\"},\"potentialAction\":[{\"@type\":\"SearchAction\",\"target\":{\"@type\":\"EntryPoint\",\"urlTemplate\":\"https:\\\/\\\/districos.standingout.be\\\/fr\\\/?s={search_term_string}\"},\"query-input\":{\"@type\":\"PropertyValueSpecification\",\"valueRequired\":true,\"valueName\":\"search_term_string\"}}],\"inLanguage\":\"fr-FR\"},{\"@type\":\"Organization\",\"@id\":\"https:\\\/\\\/districos.standingout.be\\\/fr\\\/#organization\",\"name\":\"Districos Webshop\",\"url\":\"https:\\\/\\\/districos.standingout.be\\\/fr\\\/\",\"logo\":{\"@type\":\"ImageObject\",\"inLanguage\":\"fr-FR\",\"@id\":\"https:\\\/\\\/districos.standingout.be\\\/fr\\\/#\\\/schema\\\/logo\\\/image\\\/\",\"url\":\"https:\\\/\\\/districos.standingout.be\\\/wp-content\\\/uploads\\\/2022\\\/09\\\/Districos_Logo_Webshop.svg\",\"contentUrl\":\"https:\\\/\\\/districos.standingout.be\\\/wp-content\\\/uploads\\\/2022\\\/09\\\/Districos_Logo_Webshop.svg\",\"caption\":\"Districos Webshop\"},\"image\":{\"@id\":\"https:\\\/\\\/districos.standingout.be\\\/fr\\\/#\\\/schema\\\/logo\\\/image\\\/\"}}]}<\/script>\n<!-- \/ Yoast SEO plugin. -->","yoast_head_json":{"title":"Podisonic 1 l - Districos Webshop","robots":{"index":"noindex","follow":"follow","max-snippet":"max-snippet:-1","max-image-preview":"max-image-preview:large","max-video-preview":"max-video-preview:-1"},"og_locale":"fr_FR","og_type":"article","og_title":"Podisonic 1 l - Districos Webshop","og_description":"Nettoyant puissant \u00e0 utiliser dans le nettoyeur \u00e0 ultrasons. Il d\u00e9tache les impuret\u00e9s et est utilis\u00e9 pour le nettoyage d\u2019instruments et de fraises en m\u00e9tal. Application : Diluez 10-20 ml de Podisonic dans 1 l d\u2019eau d\u2019environ 50 degr\u00e9s. Apr\u00e8s environ 5 minutes dans le nettoyeur \u00e0 ultrasons, rincez les instruments \u00e0 l\u2019eau et mettez-les [&hellip;]","og_url":"https:\/\/districos.standingout.be\/fr\/product\/podisonic-1-l-ref-7091-62\/","og_site_name":"Districos Webshop","article_modified_time":"2026-04-28T08:04:04+00:00","twitter_card":"summary_large_image","schema":{"@context":"https:\/\/schema.org","@graph":[{"@type":"WebPage","@id":"https:\/\/districos.standingout.be\/fr\/product\/podisonic-1-l-ref-7091-62\/","url":"https:\/\/districos.standingout.be\/fr\/product\/podisonic-1-l-ref-7091-62\/","name":"Podisonic 1 l - Districos Webshop","isPartOf":{"@id":"https:\/\/districos.standingout.be\/fr\/#website"},"primaryImageOfPage":{"@id":"https:\/\/districos.standingout.be\/fr\/product\/podisonic-1-l-ref-7091-62\/#primaryimage"},"image":{"@id":"https:\/\/districos.standingout.be\/fr\/product\/podisonic-1-l-ref-7091-62\/#primaryimage"},"thumbnailUrl":"https:\/\/districos.standingout.be\/wp-content\/uploads\/2025\/07\/7091.62@LowRes_1_0.png","datePublished":"2026-04-28T08:03:59+00:00","dateModified":"2026-04-28T08:04:04+00:00","breadcrumb":{"@id":"https:\/\/districos.standingout.be\/fr\/product\/podisonic-1-l-ref-7091-62\/#breadcrumb"},"inLanguage":"fr-FR","potentialAction":[{"@type":"ReadAction","target":["https:\/\/districos.standingout.be\/fr\/product\/podisonic-1-l-ref-7091-62\/"]}]},{"@type":"ImageObject","inLanguage":"fr-FR","@id":"https:\/\/districos.standingout.be\/fr\/product\/podisonic-1-l-ref-7091-62\/#primaryimage","url":"https:\/\/districos.standingout.be\/wp-content\/uploads\/2025\/07\/7091.62@LowRes_1_0.png","contentUrl":"https:\/\/districos.standingout.be\/wp-content\/uploads\/2025\/07\/7091.62@LowRes_1_0.png","width":600,"height":600},{"@type":"BreadcrumbList","@id":"https:\/\/districos.standingout.be\/fr\/product\/podisonic-1-l-ref-7091-62\/#breadcrumb","itemListElement":[{"@type":"ListItem","position":1,"name":"Home","item":"https:\/\/districos.standingout.be\/fr\/bienvenue-chez-districos\/"},{"@type":"ListItem","position":2,"name":"Boutique","item":"https:\/\/districos.standingout.be\/fr\/boutique\/"},{"@type":"ListItem","position":3,"name":"Podisonic 1 l"}]},{"@type":"WebSite","@id":"https:\/\/districos.standingout.be\/fr\/#website","url":"https:\/\/districos.standingout.be\/fr\/","name":"Districos Webshop","description":"","publisher":{"@id":"https:\/\/districos.standingout.be\/fr\/#organization"},"potentialAction":[{"@type":"SearchAction","target":{"@type":"EntryPoint","urlTemplate":"https:\/\/districos.standingout.be\/fr\/?s={search_term_string}"},"query-input":{"@type":"PropertyValueSpecification","valueRequired":true,"valueName":"search_term_string"}}],"inLanguage":"fr-FR"},{"@type":"Organization","@id":"https:\/\/districos.standingout.be\/fr\/#organization","name":"Districos Webshop","url":"https:\/\/districos.standingout.be\/fr\/","logo":{"@type":"ImageObject","inLanguage":"fr-FR","@id":"https:\/\/districos.standingout.be\/fr\/#\/schema\/logo\/image\/","url":"https:\/\/districos.standingout.be\/wp-content\/uploads\/2022\/09\/Districos_Logo_Webshop.svg","contentUrl":"https:\/\/districos.standingout.be\/wp-content\/uploads\/2022\/09\/Districos_Logo_Webshop.svg","caption":"Districos Webshop"},"image":{"@id":"https:\/\/districos.standingout.be\/fr\/#\/schema\/logo\/image\/"}}]}},"_links":{"self":[{"href":"https:\/\/districos.standingout.be\/fr\/wp-json\/wp\/v2\/product\/137309","targetHints":{"allow":["GET"]}}],"collection":[{"href":"https:\/\/districos.standingout.be\/fr\/wp-json\/wp\/v2\/product"}],"about":[{"href":"https:\/\/districos.standingout.be\/fr\/wp-json\/wp\/v2\/types\/product"}],"replies":[{"embeddable":true,"href":"https:\/\/districos.standingout.be\/fr\/wp-json\/wp\/v2\/comments?post=137309"}],"wp:featuredmedia":[{"embeddable":true,"href":"https:\/\/districos.standingout.be\/fr\/wp-json\/wp\/v2\/media\/78317"}],"wp:attachment":[{"href":"https:\/\/districos.standingout.be\/fr\/wp-json\/wp\/v2\/media?parent=137309"}],"wp:term":[{"taxonomy":"product_brand","embeddable":true,"href":"https:\/\/districos.standingout.be\/fr\/wp-json\/wp\/v2\/product_brand?post=137309"},{"taxonomy":"product_cat","embeddable":true,"href":"https:\/\/districos.standingout.be\/fr\/wp-json\/wp\/v2\/product_cat?post=137309"},{"taxonomy":"product_tag","embeddable":true,"href":"https:\/\/districos.standingout.be\/fr\/wp-json\/wp\/v2\/product_tag?post=137309"}],"curies":[{"name":"wp","href":"https:\/\/api.w.org\/{rel}","templated":true}]}}