{"id":137331,"date":"2026-04-28T10:05:53","date_gmt":"2026-04-28T08:05:53","guid":{"rendered":"https:\/\/webshopdistricoscom.webhosting.be\/product\/allclean-rt-desinfection-des-fraises-1-l-ref-7091-79\/"},"modified":"2026-04-28T10:05:56","modified_gmt":"2026-04-28T08:05:56","slug":"allclean-rt-desinfection-des-fraises-1-l-ref-7091-79","status":"publish","type":"product","link":"https:\/\/districos.standingout.be\/fr\/product\/allclean-rt-desinfection-des-fraises-1-l-ref-7091-79\/","title":{"rendered":"AllClean RT D\u00e9sinfection des Fraises 1 l"},"content":{"rendered":"<p >\n<\/p>\n<p><font color=\"#000400\">AllClean RT est un concentr\u00e9 innovant qui a \u00e9t\u00e9 sp\u00e9cifiquement d\u00e9velopp\u00e9 pour le nettoyage et la d\u00e9sinfection des fraises. Il est un dispositif m\u00e9dical agr\u00e9\u00e9 qui \u00e9limine efficacement les bact\u00e9ries, les moisissures et les virus.<\/font><\/p>\n<ul>\n<li><font color=\"#000400\">\u00c0 utiliser non dilu\u00e9.<\/font><\/li>\n<li><font color=\"#000400\">Id\u00e9al pour le\/la p\u00e9dicure ambulant(e).<\/font><\/li>\n<\/ul>\n<p><b><font color=\"#000400\">Mode d\u2019emploi<\/font><\/b><\/p>\n<ul>\n<li><font color=\"#000400\">Immergez les fraises dans du AllClean RT non dilu\u00e9.<\/font><\/li>\n<li><font color=\"#000400\">Temps d\u2019action : 5 minutes sans nettoyeur \u00e0 ultrasons.<\/font><\/li>\n<li><font color=\"#000400\">Rincez les instruments \u00e0 l\u2019eau et laissez s\u00e9cher \u00e0 l\u2019air libre.<\/font><\/li>\n<\/ul>\n<p><font color=\"#000400\">Aussi disponible : Bouchon Doseur pour Flacon AllClean 1 l (r\u00e9f. 7091.792)<\/font><\/p>\n","protected":false},"excerpt":{"rendered":"<p>AllClean RT est un concentr\u00e9 innovant qui a \u00e9t\u00e9 sp\u00e9cifiquement d\u00e9velopp\u00e9 pour le nettoyage et la d\u00e9sinfection des fraises. Il est un dispositif m\u00e9dical agr\u00e9\u00e9 qui \u00e9limine efficacement les bact\u00e9ries, les moisissures et les virus. \u00c0 utiliser non dilu\u00e9. Id\u00e9al pour le\/la p\u00e9dicure ambulant(e). Mode d\u2019emploi Immergez les fraises dans du AllClean RT non dilu\u00e9. [&hellip;]<\/p>\n","protected":false},"featured_media":78350,"comment_status":"open","ping_status":"closed","template":"","meta":{"_acf_changed":false},"product_brand":[10530],"product_cat":[9958,9988,10118],"product_tag":[],"class_list":{"0":"post-137331","1":"product","2":"type-product","3":"status-publish","4":"has-post-thumbnail","6":"product_brand-reymerink-fr","7":"product_cat-beaute-pedicure-desinfection-nettoyage","8":"product_cat-soins-des-pieds-podologie-desinfection-nettoyage-produits-de-desinfection-de-nettoyage","9":"product_cat-hygiene-articles-jetables-desinfection-nettoyage-produits-de-desinfection-de-nettoyage","11":"first","12":"instock","13":"taxable","14":"shipping-taxable","15":"product-type-simple"},"acf":[],"yoast_head":"<!-- This site is optimized with the Yoast SEO plugin v27.3 - https:\/\/yoast.com\/product\/yoast-seo-wordpress\/ -->\n<title>AllClean RT D\u00e9sinfection des Fraises 1 l - Districos Webshop<\/title>\n<meta name=\"robots\" content=\"noindex, follow, max-snippet:-1, max-image-preview:large, max-video-preview:-1\" \/>\n<meta property=\"og:locale\" content=\"fr_FR\" \/>\n<meta property=\"og:type\" content=\"article\" \/>\n<meta property=\"og:title\" content=\"AllClean RT D\u00e9sinfection des Fraises 1 l - Districos Webshop\" \/>\n<meta property=\"og:description\" content=\"AllClean RT est un concentr\u00e9 innovant qui a \u00e9t\u00e9 sp\u00e9cifiquement d\u00e9velopp\u00e9 pour le nettoyage et la d\u00e9sinfection des fraises. Il est un dispositif m\u00e9dical agr\u00e9\u00e9 qui \u00e9limine efficacement les bact\u00e9ries, les moisissures et les virus. \u00c0 utiliser non dilu\u00e9. Id\u00e9al pour le\/la p\u00e9dicure ambulant(e). Mode d\u2019emploi Immergez les fraises dans du AllClean RT non dilu\u00e9. [&hellip;]\" \/>\n<meta property=\"og:url\" content=\"https:\/\/districos.standingout.be\/fr\/product\/allclean-rt-desinfection-des-fraises-1-l-ref-7091-79\/\" \/>\n<meta property=\"og:site_name\" content=\"Districos Webshop\" \/>\n<meta property=\"article:modified_time\" content=\"2026-04-28T08:05:56+00:00\" \/>\n<meta name=\"twitter:card\" content=\"summary_large_image\" \/>\n<script type=\"application\/ld+json\" class=\"yoast-schema-graph\">{\"@context\":\"https:\\\/\\\/schema.org\",\"@graph\":[{\"@type\":\"WebPage\",\"@id\":\"https:\\\/\\\/districos.standingout.be\\\/fr\\\/product\\\/allclean-rt-desinfection-des-fraises-1-l-ref-7091-79\\\/\",\"url\":\"https:\\\/\\\/districos.standingout.be\\\/fr\\\/product\\\/allclean-rt-desinfection-des-fraises-1-l-ref-7091-79\\\/\",\"name\":\"AllClean RT D\u00e9sinfection des Fraises 1 l - Districos Webshop\",\"isPartOf\":{\"@id\":\"https:\\\/\\\/districos.standingout.be\\\/fr\\\/#website\"},\"primaryImageOfPage\":{\"@id\":\"https:\\\/\\\/districos.standingout.be\\\/fr\\\/product\\\/allclean-rt-desinfection-des-fraises-1-l-ref-7091-79\\\/#primaryimage\"},\"image\":{\"@id\":\"https:\\\/\\\/districos.standingout.be\\\/fr\\\/product\\\/allclean-rt-desinfection-des-fraises-1-l-ref-7091-79\\\/#primaryimage\"},\"thumbnailUrl\":\"https:\\\/\\\/districos.standingout.be\\\/wp-content\\\/uploads\\\/2025\\\/07\\\/7091.79@LowRes_1_0.png\",\"datePublished\":\"2026-04-28T08:05:53+00:00\",\"dateModified\":\"2026-04-28T08:05:56+00:00\",\"breadcrumb\":{\"@id\":\"https:\\\/\\\/districos.standingout.be\\\/fr\\\/product\\\/allclean-rt-desinfection-des-fraises-1-l-ref-7091-79\\\/#breadcrumb\"},\"inLanguage\":\"fr-FR\",\"potentialAction\":[{\"@type\":\"ReadAction\",\"target\":[\"https:\\\/\\\/districos.standingout.be\\\/fr\\\/product\\\/allclean-rt-desinfection-des-fraises-1-l-ref-7091-79\\\/\"]}]},{\"@type\":\"ImageObject\",\"inLanguage\":\"fr-FR\",\"@id\":\"https:\\\/\\\/districos.standingout.be\\\/fr\\\/product\\\/allclean-rt-desinfection-des-fraises-1-l-ref-7091-79\\\/#primaryimage\",\"url\":\"https:\\\/\\\/districos.standingout.be\\\/wp-content\\\/uploads\\\/2025\\\/07\\\/7091.79@LowRes_1_0.png\",\"contentUrl\":\"https:\\\/\\\/districos.standingout.be\\\/wp-content\\\/uploads\\\/2025\\\/07\\\/7091.79@LowRes_1_0.png\",\"width\":600,\"height\":600},{\"@type\":\"BreadcrumbList\",\"@id\":\"https:\\\/\\\/districos.standingout.be\\\/fr\\\/product\\\/allclean-rt-desinfection-des-fraises-1-l-ref-7091-79\\\/#breadcrumb\",\"itemListElement\":[{\"@type\":\"ListItem\",\"position\":1,\"name\":\"Home\",\"item\":\"https:\\\/\\\/districos.standingout.be\\\/fr\\\/bienvenue-chez-districos\\\/\"},{\"@type\":\"ListItem\",\"position\":2,\"name\":\"Boutique\",\"item\":\"https:\\\/\\\/districos.standingout.be\\\/fr\\\/boutique\\\/\"},{\"@type\":\"ListItem\",\"position\":3,\"name\":\"AllClean RT D\u00e9sinfection des Fraises 1 l\"}]},{\"@type\":\"WebSite\",\"@id\":\"https:\\\/\\\/districos.standingout.be\\\/fr\\\/#website\",\"url\":\"https:\\\/\\\/districos.standingout.be\\\/fr\\\/\",\"name\":\"Districos Webshop\",\"description\":\"\",\"publisher\":{\"@id\":\"https:\\\/\\\/districos.standingout.be\\\/fr\\\/#organization\"},\"potentialAction\":[{\"@type\":\"SearchAction\",\"target\":{\"@type\":\"EntryPoint\",\"urlTemplate\":\"https:\\\/\\\/districos.standingout.be\\\/fr\\\/?s={search_term_string}\"},\"query-input\":{\"@type\":\"PropertyValueSpecification\",\"valueRequired\":true,\"valueName\":\"search_term_string\"}}],\"inLanguage\":\"fr-FR\"},{\"@type\":\"Organization\",\"@id\":\"https:\\\/\\\/districos.standingout.be\\\/fr\\\/#organization\",\"name\":\"Districos Webshop\",\"url\":\"https:\\\/\\\/districos.standingout.be\\\/fr\\\/\",\"logo\":{\"@type\":\"ImageObject\",\"inLanguage\":\"fr-FR\",\"@id\":\"https:\\\/\\\/districos.standingout.be\\\/fr\\\/#\\\/schema\\\/logo\\\/image\\\/\",\"url\":\"https:\\\/\\\/districos.standingout.be\\\/wp-content\\\/uploads\\\/2022\\\/09\\\/Districos_Logo_Webshop.svg\",\"contentUrl\":\"https:\\\/\\\/districos.standingout.be\\\/wp-content\\\/uploads\\\/2022\\\/09\\\/Districos_Logo_Webshop.svg\",\"caption\":\"Districos Webshop\"},\"image\":{\"@id\":\"https:\\\/\\\/districos.standingout.be\\\/fr\\\/#\\\/schema\\\/logo\\\/image\\\/\"}}]}<\/script>\n<!-- \/ Yoast SEO plugin. -->","yoast_head_json":{"title":"AllClean RT D\u00e9sinfection des Fraises 1 l - Districos Webshop","robots":{"index":"noindex","follow":"follow","max-snippet":"max-snippet:-1","max-image-preview":"max-image-preview:large","max-video-preview":"max-video-preview:-1"},"og_locale":"fr_FR","og_type":"article","og_title":"AllClean RT D\u00e9sinfection des Fraises 1 l - Districos Webshop","og_description":"AllClean RT est un concentr\u00e9 innovant qui a \u00e9t\u00e9 sp\u00e9cifiquement d\u00e9velopp\u00e9 pour le nettoyage et la d\u00e9sinfection des fraises. Il est un dispositif m\u00e9dical agr\u00e9\u00e9 qui \u00e9limine efficacement les bact\u00e9ries, les moisissures et les virus. \u00c0 utiliser non dilu\u00e9. Id\u00e9al pour le\/la p\u00e9dicure ambulant(e). Mode d\u2019emploi Immergez les fraises dans du AllClean RT non dilu\u00e9. [&hellip;]","og_url":"https:\/\/districos.standingout.be\/fr\/product\/allclean-rt-desinfection-des-fraises-1-l-ref-7091-79\/","og_site_name":"Districos Webshop","article_modified_time":"2026-04-28T08:05:56+00:00","twitter_card":"summary_large_image","schema":{"@context":"https:\/\/schema.org","@graph":[{"@type":"WebPage","@id":"https:\/\/districos.standingout.be\/fr\/product\/allclean-rt-desinfection-des-fraises-1-l-ref-7091-79\/","url":"https:\/\/districos.standingout.be\/fr\/product\/allclean-rt-desinfection-des-fraises-1-l-ref-7091-79\/","name":"AllClean RT D\u00e9sinfection des Fraises 1 l - Districos Webshop","isPartOf":{"@id":"https:\/\/districos.standingout.be\/fr\/#website"},"primaryImageOfPage":{"@id":"https:\/\/districos.standingout.be\/fr\/product\/allclean-rt-desinfection-des-fraises-1-l-ref-7091-79\/#primaryimage"},"image":{"@id":"https:\/\/districos.standingout.be\/fr\/product\/allclean-rt-desinfection-des-fraises-1-l-ref-7091-79\/#primaryimage"},"thumbnailUrl":"https:\/\/districos.standingout.be\/wp-content\/uploads\/2025\/07\/7091.79@LowRes_1_0.png","datePublished":"2026-04-28T08:05:53+00:00","dateModified":"2026-04-28T08:05:56+00:00","breadcrumb":{"@id":"https:\/\/districos.standingout.be\/fr\/product\/allclean-rt-desinfection-des-fraises-1-l-ref-7091-79\/#breadcrumb"},"inLanguage":"fr-FR","potentialAction":[{"@type":"ReadAction","target":["https:\/\/districos.standingout.be\/fr\/product\/allclean-rt-desinfection-des-fraises-1-l-ref-7091-79\/"]}]},{"@type":"ImageObject","inLanguage":"fr-FR","@id":"https:\/\/districos.standingout.be\/fr\/product\/allclean-rt-desinfection-des-fraises-1-l-ref-7091-79\/#primaryimage","url":"https:\/\/districos.standingout.be\/wp-content\/uploads\/2025\/07\/7091.79@LowRes_1_0.png","contentUrl":"https:\/\/districos.standingout.be\/wp-content\/uploads\/2025\/07\/7091.79@LowRes_1_0.png","width":600,"height":600},{"@type":"BreadcrumbList","@id":"https:\/\/districos.standingout.be\/fr\/product\/allclean-rt-desinfection-des-fraises-1-l-ref-7091-79\/#breadcrumb","itemListElement":[{"@type":"ListItem","position":1,"name":"Home","item":"https:\/\/districos.standingout.be\/fr\/bienvenue-chez-districos\/"},{"@type":"ListItem","position":2,"name":"Boutique","item":"https:\/\/districos.standingout.be\/fr\/boutique\/"},{"@type":"ListItem","position":3,"name":"AllClean RT D\u00e9sinfection des Fraises 1 l"}]},{"@type":"WebSite","@id":"https:\/\/districos.standingout.be\/fr\/#website","url":"https:\/\/districos.standingout.be\/fr\/","name":"Districos Webshop","description":"","publisher":{"@id":"https:\/\/districos.standingout.be\/fr\/#organization"},"potentialAction":[{"@type":"SearchAction","target":{"@type":"EntryPoint","urlTemplate":"https:\/\/districos.standingout.be\/fr\/?s={search_term_string}"},"query-input":{"@type":"PropertyValueSpecification","valueRequired":true,"valueName":"search_term_string"}}],"inLanguage":"fr-FR"},{"@type":"Organization","@id":"https:\/\/districos.standingout.be\/fr\/#organization","name":"Districos Webshop","url":"https:\/\/districos.standingout.be\/fr\/","logo":{"@type":"ImageObject","inLanguage":"fr-FR","@id":"https:\/\/districos.standingout.be\/fr\/#\/schema\/logo\/image\/","url":"https:\/\/districos.standingout.be\/wp-content\/uploads\/2022\/09\/Districos_Logo_Webshop.svg","contentUrl":"https:\/\/districos.standingout.be\/wp-content\/uploads\/2022\/09\/Districos_Logo_Webshop.svg","caption":"Districos Webshop"},"image":{"@id":"https:\/\/districos.standingout.be\/fr\/#\/schema\/logo\/image\/"}}]}},"_links":{"self":[{"href":"https:\/\/districos.standingout.be\/fr\/wp-json\/wp\/v2\/product\/137331","targetHints":{"allow":["GET"]}}],"collection":[{"href":"https:\/\/districos.standingout.be\/fr\/wp-json\/wp\/v2\/product"}],"about":[{"href":"https:\/\/districos.standingout.be\/fr\/wp-json\/wp\/v2\/types\/product"}],"replies":[{"embeddable":true,"href":"https:\/\/districos.standingout.be\/fr\/wp-json\/wp\/v2\/comments?post=137331"}],"wp:featuredmedia":[{"embeddable":true,"href":"https:\/\/districos.standingout.be\/fr\/wp-json\/wp\/v2\/media\/78350"}],"wp:attachment":[{"href":"https:\/\/districos.standingout.be\/fr\/wp-json\/wp\/v2\/media?parent=137331"}],"wp:term":[{"taxonomy":"product_brand","embeddable":true,"href":"https:\/\/districos.standingout.be\/fr\/wp-json\/wp\/v2\/product_brand?post=137331"},{"taxonomy":"product_cat","embeddable":true,"href":"https:\/\/districos.standingout.be\/fr\/wp-json\/wp\/v2\/product_cat?post=137331"},{"taxonomy":"product_tag","embeddable":true,"href":"https:\/\/districos.standingout.be\/fr\/wp-json\/wp\/v2\/product_tag?post=137331"}],"curies":[{"name":"wp","href":"https:\/\/api.w.org\/{rel}","templated":true}]}}