{"id":137339,"date":"2026-04-28T10:06:21","date_gmt":"2026-04-28T08:06:21","guid":{"rendered":"https:\/\/webshopdistricoscom.webhosting.be\/product\/durr-id-220-25-l-ref-7091-81-2\/"},"modified":"2026-04-28T10:06:25","modified_gmt":"2026-04-28T08:06:25","slug":"durr-id-220-25-l-ref-7091-81","status":"publish","type":"product","link":"https:\/\/districos.standingout.be\/fr\/product\/durr-id-220-25-l-ref-7091-81\/","title":{"rendered":"D\u00fcrr ID 220 2,5 l"},"content":{"rendered":"<p >\n<p dir=ltr>Lorsqu\u2019il s\u2019agit de la d\u00e9sinfection et le nettoyage, on ne peut pas prendre de risque. Voil\u00e0 pourquoi Districos a fait appel au D\u00fcrr Dental, un fabricant de produits de d\u00e9sinfection et de nettoyage qui a des dizaines d\u2019ann\u00e9es d&rsquo;exp\u00e9rience. Toutes leurs pr\u00e9parations satisfont aux exiges cruciales de la pratique.<\/p>\n<p> <b>Les avantages de D\u00fcrr :<\/b> <\/p>\n<ul> <\/p>\n<li>Test\u00e9 cliniquement<\/li>\n<p> <\/p>\n<li>Facile d\u2019utilisation gr\u00e2ce au dosage<\/li>\n<p> <\/p>\n<li>Temps d\u2019action courts<\/li>\n<p> <\/p>\n<li>S\u00e8che vite sans laisser de r\u00e9sidus<\/li>\n<p> <\/ul>\n<p> <\/p>\n<ul> <\/ul>\n<p> D\u00e9sinfection de pinces et ciseaux en inox aussi bien \u00e0 domicile qu\u2019\u00e0 l\u2019institut\/en cabine <b>APR\u00c8S CHAQUE CLIENT<\/b><\/p>\n<p> Pour les fraises \u00e0 domicile <b>APR\u00c8S CHAQUE CLIENT<\/b><\/p>\n<p> <b>D\u00fcrr ID 220 : <\/b>Solution pr\u00eate \u00e0 l\u2019emploi enti\u00e8rement virucide pour le nettoyage et la d\u00e9sinfection des fraises. Tr\u00e8s grande puissance de nettoyage sp\u00e9cialement des structures fines des fraises. Protection anticorrosion particuli\u00e8rement \u00e9lev\u00e9e et conservation de 7 jours. <b>Attention !<\/b> Uniquement pour les fraises, pas appropri\u00e9 pour les autres instruments. <\/p>\n<ul> <\/ul>\n<p> Emballage : bidon de 2,5 l<\/p>\n<p> \u00c9galement disponible en bidon d\u2019 1 l (R\u00e9f. : 7091.82)<\/p><\/p>\n","protected":false},"excerpt":{"rendered":"<p>Lorsqu\u2019il s\u2019agit de la d\u00e9sinfection et le nettoyage, on ne peut pas prendre de risque. Voil\u00e0 pourquoi Districos a fait appel au D\u00fcrr Dental, un fabricant de produits de d\u00e9sinfection et de nettoyage qui a des dizaines d\u2019ann\u00e9es d&rsquo;exp\u00e9rience. Toutes leurs pr\u00e9parations satisfont aux exiges cruciales de la pratique. Les avantages de D\u00fcrr : Test\u00e9 [&hellip;]<\/p>\n","protected":false},"featured_media":78368,"comment_status":"open","ping_status":"closed","template":"","meta":{"_acf_changed":false},"product_brand":[10384],"product_cat":[9958,10118,9988],"product_tag":[],"class_list":{"0":"post-137339","1":"product","2":"type-product","3":"status-publish","4":"has-post-thumbnail","6":"product_brand-durr-fr","7":"product_cat-beaute-pedicure-desinfection-nettoyage","8":"product_cat-hygiene-articles-jetables-desinfection-nettoyage-produits-de-desinfection-de-nettoyage","9":"product_cat-soins-des-pieds-podologie-desinfection-nettoyage-produits-de-desinfection-de-nettoyage","11":"first","12":"instock","13":"taxable","14":"shipping-taxable","15":"product-type-simple"},"acf":[],"yoast_head":"<!-- This site is optimized with the Yoast SEO plugin v27.3 - https:\/\/yoast.com\/product\/yoast-seo-wordpress\/ -->\n<title>D\u00fcrr ID 220 2,5 l - Districos Webshop<\/title>\n<meta name=\"robots\" content=\"noindex, follow, max-snippet:-1, max-image-preview:large, max-video-preview:-1\" \/>\n<meta property=\"og:locale\" content=\"fr_FR\" \/>\n<meta property=\"og:type\" content=\"article\" \/>\n<meta property=\"og:title\" content=\"D\u00fcrr ID 220 2,5 l - Districos Webshop\" \/>\n<meta property=\"og:description\" content=\"Lorsqu\u2019il s\u2019agit de la d\u00e9sinfection et le nettoyage, on ne peut pas prendre de risque. Voil\u00e0 pourquoi Districos a fait appel au D\u00fcrr Dental, un fabricant de produits de d\u00e9sinfection et de nettoyage qui a des dizaines d\u2019ann\u00e9es d&rsquo;exp\u00e9rience. Toutes leurs pr\u00e9parations satisfont aux exiges cruciales de la pratique. Les avantages de D\u00fcrr : Test\u00e9 [&hellip;]\" \/>\n<meta property=\"og:url\" content=\"https:\/\/districos.standingout.be\/fr\/product\/durr-id-220-25-l-ref-7091-81\/\" \/>\n<meta property=\"og:site_name\" content=\"Districos Webshop\" \/>\n<meta property=\"article:modified_time\" content=\"2026-04-28T08:06:25+00:00\" \/>\n<meta name=\"twitter:card\" content=\"summary_large_image\" \/>\n<meta name=\"twitter:label1\" content=\"Dur\u00e9e de lecture estim\u00e9e\" \/>\n\t<meta name=\"twitter:data1\" content=\"1 minute\" \/>\n<script type=\"application\/ld+json\" class=\"yoast-schema-graph\">{\"@context\":\"https:\\\/\\\/schema.org\",\"@graph\":[{\"@type\":\"WebPage\",\"@id\":\"https:\\\/\\\/districos.standingout.be\\\/fr\\\/product\\\/durr-id-220-25-l-ref-7091-81\\\/\",\"url\":\"https:\\\/\\\/districos.standingout.be\\\/fr\\\/product\\\/durr-id-220-25-l-ref-7091-81\\\/\",\"name\":\"D\u00fcrr ID 220 2,5 l - Districos Webshop\",\"isPartOf\":{\"@id\":\"https:\\\/\\\/districos.standingout.be\\\/fr\\\/#website\"},\"primaryImageOfPage\":{\"@id\":\"https:\\\/\\\/districos.standingout.be\\\/fr\\\/product\\\/durr-id-220-25-l-ref-7091-81\\\/#primaryimage\"},\"image\":{\"@id\":\"https:\\\/\\\/districos.standingout.be\\\/fr\\\/product\\\/durr-id-220-25-l-ref-7091-81\\\/#primaryimage\"},\"thumbnailUrl\":\"https:\\\/\\\/districos.standingout.be\\\/wp-content\\\/uploads\\\/2025\\\/07\\\/7091.81@LowRes_1_0.png\",\"datePublished\":\"2026-04-28T08:06:21+00:00\",\"dateModified\":\"2026-04-28T08:06:25+00:00\",\"breadcrumb\":{\"@id\":\"https:\\\/\\\/districos.standingout.be\\\/fr\\\/product\\\/durr-id-220-25-l-ref-7091-81\\\/#breadcrumb\"},\"inLanguage\":\"fr-FR\",\"potentialAction\":[{\"@type\":\"ReadAction\",\"target\":[\"https:\\\/\\\/districos.standingout.be\\\/fr\\\/product\\\/durr-id-220-25-l-ref-7091-81\\\/\"]}]},{\"@type\":\"ImageObject\",\"inLanguage\":\"fr-FR\",\"@id\":\"https:\\\/\\\/districos.standingout.be\\\/fr\\\/product\\\/durr-id-220-25-l-ref-7091-81\\\/#primaryimage\",\"url\":\"https:\\\/\\\/districos.standingout.be\\\/wp-content\\\/uploads\\\/2025\\\/07\\\/7091.81@LowRes_1_0.png\",\"contentUrl\":\"https:\\\/\\\/districos.standingout.be\\\/wp-content\\\/uploads\\\/2025\\\/07\\\/7091.81@LowRes_1_0.png\",\"width\":600,\"height\":600},{\"@type\":\"BreadcrumbList\",\"@id\":\"https:\\\/\\\/districos.standingout.be\\\/fr\\\/product\\\/durr-id-220-25-l-ref-7091-81\\\/#breadcrumb\",\"itemListElement\":[{\"@type\":\"ListItem\",\"position\":1,\"name\":\"Home\",\"item\":\"https:\\\/\\\/districos.standingout.be\\\/fr\\\/bienvenue-chez-districos\\\/\"},{\"@type\":\"ListItem\",\"position\":2,\"name\":\"Boutique\",\"item\":\"https:\\\/\\\/districos.standingout.be\\\/fr\\\/boutique\\\/\"},{\"@type\":\"ListItem\",\"position\":3,\"name\":\"D\u00fcrr ID 220 2,5 l\"}]},{\"@type\":\"WebSite\",\"@id\":\"https:\\\/\\\/districos.standingout.be\\\/fr\\\/#website\",\"url\":\"https:\\\/\\\/districos.standingout.be\\\/fr\\\/\",\"name\":\"Districos Webshop\",\"description\":\"\",\"publisher\":{\"@id\":\"https:\\\/\\\/districos.standingout.be\\\/fr\\\/#organization\"},\"potentialAction\":[{\"@type\":\"SearchAction\",\"target\":{\"@type\":\"EntryPoint\",\"urlTemplate\":\"https:\\\/\\\/districos.standingout.be\\\/fr\\\/?s={search_term_string}\"},\"query-input\":{\"@type\":\"PropertyValueSpecification\",\"valueRequired\":true,\"valueName\":\"search_term_string\"}}],\"inLanguage\":\"fr-FR\"},{\"@type\":\"Organization\",\"@id\":\"https:\\\/\\\/districos.standingout.be\\\/fr\\\/#organization\",\"name\":\"Districos Webshop\",\"url\":\"https:\\\/\\\/districos.standingout.be\\\/fr\\\/\",\"logo\":{\"@type\":\"ImageObject\",\"inLanguage\":\"fr-FR\",\"@id\":\"https:\\\/\\\/districos.standingout.be\\\/fr\\\/#\\\/schema\\\/logo\\\/image\\\/\",\"url\":\"https:\\\/\\\/districos.standingout.be\\\/wp-content\\\/uploads\\\/2022\\\/09\\\/Districos_Logo_Webshop.svg\",\"contentUrl\":\"https:\\\/\\\/districos.standingout.be\\\/wp-content\\\/uploads\\\/2022\\\/09\\\/Districos_Logo_Webshop.svg\",\"caption\":\"Districos Webshop\"},\"image\":{\"@id\":\"https:\\\/\\\/districos.standingout.be\\\/fr\\\/#\\\/schema\\\/logo\\\/image\\\/\"}}]}<\/script>\n<!-- \/ Yoast SEO plugin. -->","yoast_head_json":{"title":"D\u00fcrr ID 220 2,5 l - Districos Webshop","robots":{"index":"noindex","follow":"follow","max-snippet":"max-snippet:-1","max-image-preview":"max-image-preview:large","max-video-preview":"max-video-preview:-1"},"og_locale":"fr_FR","og_type":"article","og_title":"D\u00fcrr ID 220 2,5 l - Districos Webshop","og_description":"Lorsqu\u2019il s\u2019agit de la d\u00e9sinfection et le nettoyage, on ne peut pas prendre de risque. Voil\u00e0 pourquoi Districos a fait appel au D\u00fcrr Dental, un fabricant de produits de d\u00e9sinfection et de nettoyage qui a des dizaines d\u2019ann\u00e9es d&rsquo;exp\u00e9rience. Toutes leurs pr\u00e9parations satisfont aux exiges cruciales de la pratique. Les avantages de D\u00fcrr : Test\u00e9 [&hellip;]","og_url":"https:\/\/districos.standingout.be\/fr\/product\/durr-id-220-25-l-ref-7091-81\/","og_site_name":"Districos Webshop","article_modified_time":"2026-04-28T08:06:25+00:00","twitter_card":"summary_large_image","twitter_misc":{"Dur\u00e9e de lecture estim\u00e9e":"1 minute"},"schema":{"@context":"https:\/\/schema.org","@graph":[{"@type":"WebPage","@id":"https:\/\/districos.standingout.be\/fr\/product\/durr-id-220-25-l-ref-7091-81\/","url":"https:\/\/districos.standingout.be\/fr\/product\/durr-id-220-25-l-ref-7091-81\/","name":"D\u00fcrr ID 220 2,5 l - Districos Webshop","isPartOf":{"@id":"https:\/\/districos.standingout.be\/fr\/#website"},"primaryImageOfPage":{"@id":"https:\/\/districos.standingout.be\/fr\/product\/durr-id-220-25-l-ref-7091-81\/#primaryimage"},"image":{"@id":"https:\/\/districos.standingout.be\/fr\/product\/durr-id-220-25-l-ref-7091-81\/#primaryimage"},"thumbnailUrl":"https:\/\/districos.standingout.be\/wp-content\/uploads\/2025\/07\/7091.81@LowRes_1_0.png","datePublished":"2026-04-28T08:06:21+00:00","dateModified":"2026-04-28T08:06:25+00:00","breadcrumb":{"@id":"https:\/\/districos.standingout.be\/fr\/product\/durr-id-220-25-l-ref-7091-81\/#breadcrumb"},"inLanguage":"fr-FR","potentialAction":[{"@type":"ReadAction","target":["https:\/\/districos.standingout.be\/fr\/product\/durr-id-220-25-l-ref-7091-81\/"]}]},{"@type":"ImageObject","inLanguage":"fr-FR","@id":"https:\/\/districos.standingout.be\/fr\/product\/durr-id-220-25-l-ref-7091-81\/#primaryimage","url":"https:\/\/districos.standingout.be\/wp-content\/uploads\/2025\/07\/7091.81@LowRes_1_0.png","contentUrl":"https:\/\/districos.standingout.be\/wp-content\/uploads\/2025\/07\/7091.81@LowRes_1_0.png","width":600,"height":600},{"@type":"BreadcrumbList","@id":"https:\/\/districos.standingout.be\/fr\/product\/durr-id-220-25-l-ref-7091-81\/#breadcrumb","itemListElement":[{"@type":"ListItem","position":1,"name":"Home","item":"https:\/\/districos.standingout.be\/fr\/bienvenue-chez-districos\/"},{"@type":"ListItem","position":2,"name":"Boutique","item":"https:\/\/districos.standingout.be\/fr\/boutique\/"},{"@type":"ListItem","position":3,"name":"D\u00fcrr ID 220 2,5 l"}]},{"@type":"WebSite","@id":"https:\/\/districos.standingout.be\/fr\/#website","url":"https:\/\/districos.standingout.be\/fr\/","name":"Districos Webshop","description":"","publisher":{"@id":"https:\/\/districos.standingout.be\/fr\/#organization"},"potentialAction":[{"@type":"SearchAction","target":{"@type":"EntryPoint","urlTemplate":"https:\/\/districos.standingout.be\/fr\/?s={search_term_string}"},"query-input":{"@type":"PropertyValueSpecification","valueRequired":true,"valueName":"search_term_string"}}],"inLanguage":"fr-FR"},{"@type":"Organization","@id":"https:\/\/districos.standingout.be\/fr\/#organization","name":"Districos Webshop","url":"https:\/\/districos.standingout.be\/fr\/","logo":{"@type":"ImageObject","inLanguage":"fr-FR","@id":"https:\/\/districos.standingout.be\/fr\/#\/schema\/logo\/image\/","url":"https:\/\/districos.standingout.be\/wp-content\/uploads\/2022\/09\/Districos_Logo_Webshop.svg","contentUrl":"https:\/\/districos.standingout.be\/wp-content\/uploads\/2022\/09\/Districos_Logo_Webshop.svg","caption":"Districos Webshop"},"image":{"@id":"https:\/\/districos.standingout.be\/fr\/#\/schema\/logo\/image\/"}}]}},"_links":{"self":[{"href":"https:\/\/districos.standingout.be\/fr\/wp-json\/wp\/v2\/product\/137339","targetHints":{"allow":["GET"]}}],"collection":[{"href":"https:\/\/districos.standingout.be\/fr\/wp-json\/wp\/v2\/product"}],"about":[{"href":"https:\/\/districos.standingout.be\/fr\/wp-json\/wp\/v2\/types\/product"}],"replies":[{"embeddable":true,"href":"https:\/\/districos.standingout.be\/fr\/wp-json\/wp\/v2\/comments?post=137339"}],"wp:featuredmedia":[{"embeddable":true,"href":"https:\/\/districos.standingout.be\/fr\/wp-json\/wp\/v2\/media\/78368"}],"wp:attachment":[{"href":"https:\/\/districos.standingout.be\/fr\/wp-json\/wp\/v2\/media?parent=137339"}],"wp:term":[{"taxonomy":"product_brand","embeddable":true,"href":"https:\/\/districos.standingout.be\/fr\/wp-json\/wp\/v2\/product_brand?post=137339"},{"taxonomy":"product_cat","embeddable":true,"href":"https:\/\/districos.standingout.be\/fr\/wp-json\/wp\/v2\/product_cat?post=137339"},{"taxonomy":"product_tag","embeddable":true,"href":"https:\/\/districos.standingout.be\/fr\/wp-json\/wp\/v2\/product_tag?post=137339"}],"curies":[{"name":"wp","href":"https:\/\/api.w.org\/{rel}","templated":true}]}}