{"id":137343,"date":"2026-04-28T10:06:34","date_gmt":"2026-04-28T08:06:34","guid":{"rendered":"https:\/\/webshopdistricoscom.webhosting.be\/product\/durr-fd-366-sensitive-wipes-100-pcs-ref-7091-85\/"},"modified":"2026-04-28T10:06:38","modified_gmt":"2026-04-28T08:06:38","slug":"durr-fd-366-sensitive-wipes-100-pcs-ref-7091-85","status":"publish","type":"product","link":"https:\/\/districos.standingout.be\/fr\/product\/durr-fd-366-sensitive-wipes-100-pcs-ref-7091-85\/","title":{"rendered":"D\u00fcrr FD 366 Sensitive Wipes 100 pcs."},"content":{"rendered":"<p >\n<p dir=ltr>Lorsqu\u2019il s\u2019agit de la d\u00e9sinfection et le nettoyage, on ne peut pas prendre de risque. Voil\u00e0 pourquoi Districos a fait appel au D\u00fcrr Dental, un fabricant de produits de d\u00e9sinfection et de nettoyage qui a des dizaines d\u2019ann\u00e9es d\u2019exp\u00e9rience. Toutes leurs pr\u00e9parations satisfont aux exiges cruciales de la pratique.<\/p>\n<p> <b>Les avantages de D\u00fcrr :<\/b> <\/p>\n<ul> <\/p>\n<li>Test\u00e9 cliniquement<\/li>\n<p> <\/p>\n<li>Facile d\u2019utilisation gr\u00e2ce au dosage<\/li>\n<p> <\/p>\n<li>Temps d\u2019action courts<\/li>\n<p> <\/p>\n<li>S\u00e8che vite sans laisser de r\u00e9sidus<\/li>\n<p> <\/ul>\n<p> La d\u00e9sinfection de surfaces d\u00e9licates dans la cabine de p\u00e9dicure comme l\u2019unit\u00e9 de traitement, la fraiseuse, les armoires, les plateaux, les pi\u00e8ces \u00e0 main et le skai du fauteuil de soins : <b>APR\u00c8S CHAQUE CLIENT<\/b><\/p>\n<p> Nettoyage et entretien du cuire synth\u00e9tique comme le skai du fauteuil : <b>1 x PAR SEMAINE<\/b><\/p>\n<p> <b>D\u00fcrr FD 366 Sensitive Wipes :<\/b> Des lingettes de nettoyage et de d\u00e9sinfection pr\u00eate \u00e0 l\u2019emploi pour les surfaces d\u00e9licates. Lingettes extra grandes non parfum\u00e9es avec une action d\u00e9sinfectante rapide. <\/p>\n<ul> <\/ul>\n<p> Emballage : distributeur avec 100 lingettes (Dimensions : 20 x 30 cm L x l)<\/p>\n<p> \u00c9galement disponible : refill pour FD 366 (4 x 100 pcs.) (R\u00e9f. : 7091.86) <\/p>\n<ul> <\/ul><\/p>\n","protected":false},"excerpt":{"rendered":"<p>Lorsqu\u2019il s\u2019agit de la d\u00e9sinfection et le nettoyage, on ne peut pas prendre de risque. Voil\u00e0 pourquoi Districos a fait appel au D\u00fcrr Dental, un fabricant de produits de d\u00e9sinfection et de nettoyage qui a des dizaines d\u2019ann\u00e9es d\u2019exp\u00e9rience. Toutes leurs pr\u00e9parations satisfont aux exiges cruciales de la pratique. Les avantages de D\u00fcrr : Test\u00e9 [&hellip;]<\/p>\n","protected":false},"featured_media":147580,"comment_status":"open","ping_status":"closed","template":"","meta":{"_acf_changed":false},"product_brand":[10384],"product_cat":[9958,9988,10118],"product_tag":[],"class_list":{"0":"post-137343","1":"product","2":"type-product","3":"status-publish","4":"has-post-thumbnail","6":"product_brand-durr-fr","7":"product_cat-beaute-pedicure-desinfection-nettoyage","8":"product_cat-soins-des-pieds-podologie-desinfection-nettoyage-produits-de-desinfection-de-nettoyage","9":"product_cat-hygiene-articles-jetables-desinfection-nettoyage-produits-de-desinfection-de-nettoyage","11":"first","12":"instock","13":"taxable","14":"shipping-taxable","15":"product-type-simple"},"acf":[],"yoast_head":"<!-- This site is optimized with the Yoast SEO plugin v27.3 - https:\/\/yoast.com\/product\/yoast-seo-wordpress\/ -->\n<title>D\u00fcrr FD 366 Sensitive Wipes 100 pcs. - Districos Webshop<\/title>\n<meta name=\"robots\" content=\"noindex, follow, max-snippet:-1, max-image-preview:large, max-video-preview:-1\" \/>\n<meta property=\"og:locale\" content=\"fr_FR\" \/>\n<meta property=\"og:type\" content=\"article\" \/>\n<meta property=\"og:title\" content=\"D\u00fcrr FD 366 Sensitive Wipes 100 pcs. - Districos Webshop\" \/>\n<meta property=\"og:description\" content=\"Lorsqu\u2019il s\u2019agit de la d\u00e9sinfection et le nettoyage, on ne peut pas prendre de risque. Voil\u00e0 pourquoi Districos a fait appel au D\u00fcrr Dental, un fabricant de produits de d\u00e9sinfection et de nettoyage qui a des dizaines d\u2019ann\u00e9es d\u2019exp\u00e9rience. Toutes leurs pr\u00e9parations satisfont aux exiges cruciales de la pratique. Les avantages de D\u00fcrr : Test\u00e9 [&hellip;]\" \/>\n<meta property=\"og:url\" content=\"https:\/\/districos.standingout.be\/fr\/product\/durr-fd-366-sensitive-wipes-100-pcs-ref-7091-85\/\" \/>\n<meta property=\"og:site_name\" content=\"Districos Webshop\" \/>\n<meta property=\"article:modified_time\" content=\"2026-04-28T08:06:38+00:00\" \/>\n<meta name=\"twitter:card\" content=\"summary_large_image\" \/>\n<meta name=\"twitter:label1\" content=\"Dur\u00e9e de lecture estim\u00e9e\" \/>\n\t<meta name=\"twitter:data1\" content=\"1 minute\" \/>\n<script type=\"application\/ld+json\" class=\"yoast-schema-graph\">{\"@context\":\"https:\\\/\\\/schema.org\",\"@graph\":[{\"@type\":\"WebPage\",\"@id\":\"https:\\\/\\\/districos.standingout.be\\\/fr\\\/product\\\/durr-fd-366-sensitive-wipes-100-pcs-ref-7091-85\\\/\",\"url\":\"https:\\\/\\\/districos.standingout.be\\\/fr\\\/product\\\/durr-fd-366-sensitive-wipes-100-pcs-ref-7091-85\\\/\",\"name\":\"D\u00fcrr FD 366 Sensitive Wipes 100 pcs. - Districos Webshop\",\"isPartOf\":{\"@id\":\"https:\\\/\\\/districos.standingout.be\\\/fr\\\/#website\"},\"primaryImageOfPage\":{\"@id\":\"https:\\\/\\\/districos.standingout.be\\\/fr\\\/product\\\/durr-fd-366-sensitive-wipes-100-pcs-ref-7091-85\\\/#primaryimage\"},\"image\":{\"@id\":\"https:\\\/\\\/districos.standingout.be\\\/fr\\\/product\\\/durr-fd-366-sensitive-wipes-100-pcs-ref-7091-85\\\/#primaryimage\"},\"thumbnailUrl\":\"https:\\\/\\\/districos.standingout.be\\\/wp-content\\\/uploads\\\/2026\\\/04\\\/7091.85@Durr-FD-366-Sensitive-Wipes-100-st._1-1.png\",\"datePublished\":\"2026-04-28T08:06:34+00:00\",\"dateModified\":\"2026-04-28T08:06:38+00:00\",\"breadcrumb\":{\"@id\":\"https:\\\/\\\/districos.standingout.be\\\/fr\\\/product\\\/durr-fd-366-sensitive-wipes-100-pcs-ref-7091-85\\\/#breadcrumb\"},\"inLanguage\":\"fr-FR\",\"potentialAction\":[{\"@type\":\"ReadAction\",\"target\":[\"https:\\\/\\\/districos.standingout.be\\\/fr\\\/product\\\/durr-fd-366-sensitive-wipes-100-pcs-ref-7091-85\\\/\"]}]},{\"@type\":\"ImageObject\",\"inLanguage\":\"fr-FR\",\"@id\":\"https:\\\/\\\/districos.standingout.be\\\/fr\\\/product\\\/durr-fd-366-sensitive-wipes-100-pcs-ref-7091-85\\\/#primaryimage\",\"url\":\"https:\\\/\\\/districos.standingout.be\\\/wp-content\\\/uploads\\\/2026\\\/04\\\/7091.85@Durr-FD-366-Sensitive-Wipes-100-st._1-1.png\",\"contentUrl\":\"https:\\\/\\\/districos.standingout.be\\\/wp-content\\\/uploads\\\/2026\\\/04\\\/7091.85@Durr-FD-366-Sensitive-Wipes-100-st._1-1.png\",\"width\":600,\"height\":600},{\"@type\":\"BreadcrumbList\",\"@id\":\"https:\\\/\\\/districos.standingout.be\\\/fr\\\/product\\\/durr-fd-366-sensitive-wipes-100-pcs-ref-7091-85\\\/#breadcrumb\",\"itemListElement\":[{\"@type\":\"ListItem\",\"position\":1,\"name\":\"Home\",\"item\":\"https:\\\/\\\/districos.standingout.be\\\/fr\\\/bienvenue-chez-districos\\\/\"},{\"@type\":\"ListItem\",\"position\":2,\"name\":\"Boutique\",\"item\":\"https:\\\/\\\/districos.standingout.be\\\/fr\\\/boutique\\\/\"},{\"@type\":\"ListItem\",\"position\":3,\"name\":\"D\u00fcrr FD 366 Sensitive Wipes 100 pcs.\"}]},{\"@type\":\"WebSite\",\"@id\":\"https:\\\/\\\/districos.standingout.be\\\/fr\\\/#website\",\"url\":\"https:\\\/\\\/districos.standingout.be\\\/fr\\\/\",\"name\":\"Districos Webshop\",\"description\":\"\",\"publisher\":{\"@id\":\"https:\\\/\\\/districos.standingout.be\\\/fr\\\/#organization\"},\"potentialAction\":[{\"@type\":\"SearchAction\",\"target\":{\"@type\":\"EntryPoint\",\"urlTemplate\":\"https:\\\/\\\/districos.standingout.be\\\/fr\\\/?s={search_term_string}\"},\"query-input\":{\"@type\":\"PropertyValueSpecification\",\"valueRequired\":true,\"valueName\":\"search_term_string\"}}],\"inLanguage\":\"fr-FR\"},{\"@type\":\"Organization\",\"@id\":\"https:\\\/\\\/districos.standingout.be\\\/fr\\\/#organization\",\"name\":\"Districos Webshop\",\"url\":\"https:\\\/\\\/districos.standingout.be\\\/fr\\\/\",\"logo\":{\"@type\":\"ImageObject\",\"inLanguage\":\"fr-FR\",\"@id\":\"https:\\\/\\\/districos.standingout.be\\\/fr\\\/#\\\/schema\\\/logo\\\/image\\\/\",\"url\":\"https:\\\/\\\/districos.standingout.be\\\/wp-content\\\/uploads\\\/2022\\\/09\\\/Districos_Logo_Webshop.svg\",\"contentUrl\":\"https:\\\/\\\/districos.standingout.be\\\/wp-content\\\/uploads\\\/2022\\\/09\\\/Districos_Logo_Webshop.svg\",\"caption\":\"Districos Webshop\"},\"image\":{\"@id\":\"https:\\\/\\\/districos.standingout.be\\\/fr\\\/#\\\/schema\\\/logo\\\/image\\\/\"}}]}<\/script>\n<!-- \/ Yoast SEO plugin. -->","yoast_head_json":{"title":"D\u00fcrr FD 366 Sensitive Wipes 100 pcs. - Districos Webshop","robots":{"index":"noindex","follow":"follow","max-snippet":"max-snippet:-1","max-image-preview":"max-image-preview:large","max-video-preview":"max-video-preview:-1"},"og_locale":"fr_FR","og_type":"article","og_title":"D\u00fcrr FD 366 Sensitive Wipes 100 pcs. - Districos Webshop","og_description":"Lorsqu\u2019il s\u2019agit de la d\u00e9sinfection et le nettoyage, on ne peut pas prendre de risque. Voil\u00e0 pourquoi Districos a fait appel au D\u00fcrr Dental, un fabricant de produits de d\u00e9sinfection et de nettoyage qui a des dizaines d\u2019ann\u00e9es d\u2019exp\u00e9rience. Toutes leurs pr\u00e9parations satisfont aux exiges cruciales de la pratique. Les avantages de D\u00fcrr : Test\u00e9 [&hellip;]","og_url":"https:\/\/districos.standingout.be\/fr\/product\/durr-fd-366-sensitive-wipes-100-pcs-ref-7091-85\/","og_site_name":"Districos Webshop","article_modified_time":"2026-04-28T08:06:38+00:00","twitter_card":"summary_large_image","twitter_misc":{"Dur\u00e9e de lecture estim\u00e9e":"1 minute"},"schema":{"@context":"https:\/\/schema.org","@graph":[{"@type":"WebPage","@id":"https:\/\/districos.standingout.be\/fr\/product\/durr-fd-366-sensitive-wipes-100-pcs-ref-7091-85\/","url":"https:\/\/districos.standingout.be\/fr\/product\/durr-fd-366-sensitive-wipes-100-pcs-ref-7091-85\/","name":"D\u00fcrr FD 366 Sensitive Wipes 100 pcs. - Districos Webshop","isPartOf":{"@id":"https:\/\/districos.standingout.be\/fr\/#website"},"primaryImageOfPage":{"@id":"https:\/\/districos.standingout.be\/fr\/product\/durr-fd-366-sensitive-wipes-100-pcs-ref-7091-85\/#primaryimage"},"image":{"@id":"https:\/\/districos.standingout.be\/fr\/product\/durr-fd-366-sensitive-wipes-100-pcs-ref-7091-85\/#primaryimage"},"thumbnailUrl":"https:\/\/districos.standingout.be\/wp-content\/uploads\/2026\/04\/7091.85@Durr-FD-366-Sensitive-Wipes-100-st._1-1.png","datePublished":"2026-04-28T08:06:34+00:00","dateModified":"2026-04-28T08:06:38+00:00","breadcrumb":{"@id":"https:\/\/districos.standingout.be\/fr\/product\/durr-fd-366-sensitive-wipes-100-pcs-ref-7091-85\/#breadcrumb"},"inLanguage":"fr-FR","potentialAction":[{"@type":"ReadAction","target":["https:\/\/districos.standingout.be\/fr\/product\/durr-fd-366-sensitive-wipes-100-pcs-ref-7091-85\/"]}]},{"@type":"ImageObject","inLanguage":"fr-FR","@id":"https:\/\/districos.standingout.be\/fr\/product\/durr-fd-366-sensitive-wipes-100-pcs-ref-7091-85\/#primaryimage","url":"https:\/\/districos.standingout.be\/wp-content\/uploads\/2026\/04\/7091.85@Durr-FD-366-Sensitive-Wipes-100-st._1-1.png","contentUrl":"https:\/\/districos.standingout.be\/wp-content\/uploads\/2026\/04\/7091.85@Durr-FD-366-Sensitive-Wipes-100-st._1-1.png","width":600,"height":600},{"@type":"BreadcrumbList","@id":"https:\/\/districos.standingout.be\/fr\/product\/durr-fd-366-sensitive-wipes-100-pcs-ref-7091-85\/#breadcrumb","itemListElement":[{"@type":"ListItem","position":1,"name":"Home","item":"https:\/\/districos.standingout.be\/fr\/bienvenue-chez-districos\/"},{"@type":"ListItem","position":2,"name":"Boutique","item":"https:\/\/districos.standingout.be\/fr\/boutique\/"},{"@type":"ListItem","position":3,"name":"D\u00fcrr FD 366 Sensitive Wipes 100 pcs."}]},{"@type":"WebSite","@id":"https:\/\/districos.standingout.be\/fr\/#website","url":"https:\/\/districos.standingout.be\/fr\/","name":"Districos Webshop","description":"","publisher":{"@id":"https:\/\/districos.standingout.be\/fr\/#organization"},"potentialAction":[{"@type":"SearchAction","target":{"@type":"EntryPoint","urlTemplate":"https:\/\/districos.standingout.be\/fr\/?s={search_term_string}"},"query-input":{"@type":"PropertyValueSpecification","valueRequired":true,"valueName":"search_term_string"}}],"inLanguage":"fr-FR"},{"@type":"Organization","@id":"https:\/\/districos.standingout.be\/fr\/#organization","name":"Districos Webshop","url":"https:\/\/districos.standingout.be\/fr\/","logo":{"@type":"ImageObject","inLanguage":"fr-FR","@id":"https:\/\/districos.standingout.be\/fr\/#\/schema\/logo\/image\/","url":"https:\/\/districos.standingout.be\/wp-content\/uploads\/2022\/09\/Districos_Logo_Webshop.svg","contentUrl":"https:\/\/districos.standingout.be\/wp-content\/uploads\/2022\/09\/Districos_Logo_Webshop.svg","caption":"Districos Webshop"},"image":{"@id":"https:\/\/districos.standingout.be\/fr\/#\/schema\/logo\/image\/"}}]}},"_links":{"self":[{"href":"https:\/\/districos.standingout.be\/fr\/wp-json\/wp\/v2\/product\/137343","targetHints":{"allow":["GET"]}}],"collection":[{"href":"https:\/\/districos.standingout.be\/fr\/wp-json\/wp\/v2\/product"}],"about":[{"href":"https:\/\/districos.standingout.be\/fr\/wp-json\/wp\/v2\/types\/product"}],"replies":[{"embeddable":true,"href":"https:\/\/districos.standingout.be\/fr\/wp-json\/wp\/v2\/comments?post=137343"}],"wp:featuredmedia":[{"embeddable":true,"href":"https:\/\/districos.standingout.be\/fr\/wp-json\/wp\/v2\/media\/147580"}],"wp:attachment":[{"href":"https:\/\/districos.standingout.be\/fr\/wp-json\/wp\/v2\/media?parent=137343"}],"wp:term":[{"taxonomy":"product_brand","embeddable":true,"href":"https:\/\/districos.standingout.be\/fr\/wp-json\/wp\/v2\/product_brand?post=137343"},{"taxonomy":"product_cat","embeddable":true,"href":"https:\/\/districos.standingout.be\/fr\/wp-json\/wp\/v2\/product_cat?post=137343"},{"taxonomy":"product_tag","embeddable":true,"href":"https:\/\/districos.standingout.be\/fr\/wp-json\/wp\/v2\/product_tag?post=137343"}],"curies":[{"name":"wp","href":"https:\/\/api.w.org\/{rel}","templated":true}]}}