{"id":137347,"date":"2026-04-28T10:06:45","date_gmt":"2026-04-28T08:06:45","guid":{"rendered":"https:\/\/webshopdistricoscom.webhosting.be\/product\/durr-fd-366-sensitive-25-l-ref-7091-88-2\/"},"modified":"2026-04-28T10:06:49","modified_gmt":"2026-04-28T08:06:49","slug":"durr-fd-366-sensitive-25-l-ref-7091-88","status":"publish","type":"product","link":"https:\/\/districos.standingout.be\/fr\/product\/durr-fd-366-sensitive-25-l-ref-7091-88\/","title":{"rendered":"D\u00fcrr FD 366 Sensitive 2,5 l"},"content":{"rendered":"<p >\n<p dir=ltr>Liquide pr\u00eat \u00e0 l\u2019emploi&nbsp; avec une teneur en alcool basse pour la d\u00e9sinfection et le nettoyage des surfaces particuli\u00e8rement d\u00e9licates. Liquide \u00e0 appliquer avec un tissu sec. Id\u00e9ale en combinaison avec le nettoyeur du cuir synth\u00e9tique FD 360 pour la d\u00e9sinfection du ska\u00ef de votre fauteuil de soins. <\/p><\/p>\n","protected":false},"excerpt":{"rendered":"<p>Liquide pr\u00eat \u00e0 l\u2019emploi&nbsp; avec une teneur en alcool basse pour la d\u00e9sinfection et le nettoyage des surfaces particuli\u00e8rement d\u00e9licates. Liquide \u00e0 appliquer avec un tissu sec. Id\u00e9ale en combinaison avec le nettoyeur du cuir synth\u00e9tique FD 360 pour la d\u00e9sinfection du ska\u00ef de votre fauteuil de soins.<\/p>\n","protected":false},"featured_media":78383,"comment_status":"open","ping_status":"closed","template":"","meta":{"_acf_changed":false},"product_brand":[10384],"product_cat":[9958,10118,9988],"product_tag":[],"class_list":{"0":"post-137347","1":"product","2":"type-product","3":"status-publish","4":"has-post-thumbnail","6":"product_brand-durr-fr","7":"product_cat-beaute-pedicure-desinfection-nettoyage","8":"product_cat-hygiene-articles-jetables-desinfection-nettoyage-produits-de-desinfection-de-nettoyage","9":"product_cat-soins-des-pieds-podologie-desinfection-nettoyage-produits-de-desinfection-de-nettoyage","11":"first","12":"outofstock","13":"taxable","14":"shipping-taxable","15":"product-type-simple"},"acf":[],"yoast_head":"<!-- This site is optimized with the Yoast SEO plugin v27.3 - https:\/\/yoast.com\/product\/yoast-seo-wordpress\/ -->\n<title>D\u00fcrr FD 366 Sensitive 2,5 l - Districos Webshop<\/title>\n<meta name=\"robots\" content=\"noindex, follow, max-snippet:-1, max-image-preview:large, max-video-preview:-1\" \/>\n<meta property=\"og:locale\" content=\"fr_FR\" \/>\n<meta property=\"og:type\" content=\"article\" \/>\n<meta property=\"og:title\" content=\"D\u00fcrr FD 366 Sensitive 2,5 l - Districos Webshop\" \/>\n<meta property=\"og:description\" content=\"Liquide pr\u00eat \u00e0 l\u2019emploi&nbsp; avec une teneur en alcool basse pour la d\u00e9sinfection et le nettoyage des surfaces particuli\u00e8rement d\u00e9licates. Liquide \u00e0 appliquer avec un tissu sec. Id\u00e9ale en combinaison avec le nettoyeur du cuir synth\u00e9tique FD 360 pour la d\u00e9sinfection du ska\u00ef de votre fauteuil de soins.\" \/>\n<meta property=\"og:url\" content=\"https:\/\/districos.standingout.be\/fr\/product\/durr-fd-366-sensitive-25-l-ref-7091-88\/\" \/>\n<meta property=\"og:site_name\" content=\"Districos Webshop\" \/>\n<meta property=\"article:modified_time\" content=\"2026-04-28T08:06:49+00:00\" \/>\n<meta name=\"twitter:card\" content=\"summary_large_image\" \/>\n<script type=\"application\/ld+json\" class=\"yoast-schema-graph\">{\"@context\":\"https:\\\/\\\/schema.org\",\"@graph\":[{\"@type\":\"WebPage\",\"@id\":\"https:\\\/\\\/districos.standingout.be\\\/fr\\\/product\\\/durr-fd-366-sensitive-25-l-ref-7091-88\\\/\",\"url\":\"https:\\\/\\\/districos.standingout.be\\\/fr\\\/product\\\/durr-fd-366-sensitive-25-l-ref-7091-88\\\/\",\"name\":\"D\u00fcrr FD 366 Sensitive 2,5 l - Districos Webshop\",\"isPartOf\":{\"@id\":\"https:\\\/\\\/districos.standingout.be\\\/fr\\\/#website\"},\"primaryImageOfPage\":{\"@id\":\"https:\\\/\\\/districos.standingout.be\\\/fr\\\/product\\\/durr-fd-366-sensitive-25-l-ref-7091-88\\\/#primaryimage\"},\"image\":{\"@id\":\"https:\\\/\\\/districos.standingout.be\\\/fr\\\/product\\\/durr-fd-366-sensitive-25-l-ref-7091-88\\\/#primaryimage\"},\"thumbnailUrl\":\"https:\\\/\\\/districos.standingout.be\\\/wp-content\\\/uploads\\\/2025\\\/07\\\/7091.88@LowRes_1_0.png\",\"datePublished\":\"2026-04-28T08:06:45+00:00\",\"dateModified\":\"2026-04-28T08:06:49+00:00\",\"breadcrumb\":{\"@id\":\"https:\\\/\\\/districos.standingout.be\\\/fr\\\/product\\\/durr-fd-366-sensitive-25-l-ref-7091-88\\\/#breadcrumb\"},\"inLanguage\":\"fr-FR\",\"potentialAction\":[{\"@type\":\"ReadAction\",\"target\":[\"https:\\\/\\\/districos.standingout.be\\\/fr\\\/product\\\/durr-fd-366-sensitive-25-l-ref-7091-88\\\/\"]}]},{\"@type\":\"ImageObject\",\"inLanguage\":\"fr-FR\",\"@id\":\"https:\\\/\\\/districos.standingout.be\\\/fr\\\/product\\\/durr-fd-366-sensitive-25-l-ref-7091-88\\\/#primaryimage\",\"url\":\"https:\\\/\\\/districos.standingout.be\\\/wp-content\\\/uploads\\\/2025\\\/07\\\/7091.88@LowRes_1_0.png\",\"contentUrl\":\"https:\\\/\\\/districos.standingout.be\\\/wp-content\\\/uploads\\\/2025\\\/07\\\/7091.88@LowRes_1_0.png\",\"width\":600,\"height\":600},{\"@type\":\"BreadcrumbList\",\"@id\":\"https:\\\/\\\/districos.standingout.be\\\/fr\\\/product\\\/durr-fd-366-sensitive-25-l-ref-7091-88\\\/#breadcrumb\",\"itemListElement\":[{\"@type\":\"ListItem\",\"position\":1,\"name\":\"Home\",\"item\":\"https:\\\/\\\/districos.standingout.be\\\/fr\\\/bienvenue-chez-districos\\\/\"},{\"@type\":\"ListItem\",\"position\":2,\"name\":\"Boutique\",\"item\":\"https:\\\/\\\/districos.standingout.be\\\/fr\\\/boutique\\\/\"},{\"@type\":\"ListItem\",\"position\":3,\"name\":\"D\u00fcrr FD 366 Sensitive 2,5 l\"}]},{\"@type\":\"WebSite\",\"@id\":\"https:\\\/\\\/districos.standingout.be\\\/fr\\\/#website\",\"url\":\"https:\\\/\\\/districos.standingout.be\\\/fr\\\/\",\"name\":\"Districos Webshop\",\"description\":\"\",\"publisher\":{\"@id\":\"https:\\\/\\\/districos.standingout.be\\\/fr\\\/#organization\"},\"potentialAction\":[{\"@type\":\"SearchAction\",\"target\":{\"@type\":\"EntryPoint\",\"urlTemplate\":\"https:\\\/\\\/districos.standingout.be\\\/fr\\\/?s={search_term_string}\"},\"query-input\":{\"@type\":\"PropertyValueSpecification\",\"valueRequired\":true,\"valueName\":\"search_term_string\"}}],\"inLanguage\":\"fr-FR\"},{\"@type\":\"Organization\",\"@id\":\"https:\\\/\\\/districos.standingout.be\\\/fr\\\/#organization\",\"name\":\"Districos Webshop\",\"url\":\"https:\\\/\\\/districos.standingout.be\\\/fr\\\/\",\"logo\":{\"@type\":\"ImageObject\",\"inLanguage\":\"fr-FR\",\"@id\":\"https:\\\/\\\/districos.standingout.be\\\/fr\\\/#\\\/schema\\\/logo\\\/image\\\/\",\"url\":\"https:\\\/\\\/districos.standingout.be\\\/wp-content\\\/uploads\\\/2022\\\/09\\\/Districos_Logo_Webshop.svg\",\"contentUrl\":\"https:\\\/\\\/districos.standingout.be\\\/wp-content\\\/uploads\\\/2022\\\/09\\\/Districos_Logo_Webshop.svg\",\"caption\":\"Districos Webshop\"},\"image\":{\"@id\":\"https:\\\/\\\/districos.standingout.be\\\/fr\\\/#\\\/schema\\\/logo\\\/image\\\/\"}}]}<\/script>\n<!-- \/ Yoast SEO plugin. -->","yoast_head_json":{"title":"D\u00fcrr FD 366 Sensitive 2,5 l - Districos Webshop","robots":{"index":"noindex","follow":"follow","max-snippet":"max-snippet:-1","max-image-preview":"max-image-preview:large","max-video-preview":"max-video-preview:-1"},"og_locale":"fr_FR","og_type":"article","og_title":"D\u00fcrr FD 366 Sensitive 2,5 l - Districos Webshop","og_description":"Liquide pr\u00eat \u00e0 l\u2019emploi&nbsp; avec une teneur en alcool basse pour la d\u00e9sinfection et le nettoyage des surfaces particuli\u00e8rement d\u00e9licates. Liquide \u00e0 appliquer avec un tissu sec. Id\u00e9ale en combinaison avec le nettoyeur du cuir synth\u00e9tique FD 360 pour la d\u00e9sinfection du ska\u00ef de votre fauteuil de soins.","og_url":"https:\/\/districos.standingout.be\/fr\/product\/durr-fd-366-sensitive-25-l-ref-7091-88\/","og_site_name":"Districos Webshop","article_modified_time":"2026-04-28T08:06:49+00:00","twitter_card":"summary_large_image","schema":{"@context":"https:\/\/schema.org","@graph":[{"@type":"WebPage","@id":"https:\/\/districos.standingout.be\/fr\/product\/durr-fd-366-sensitive-25-l-ref-7091-88\/","url":"https:\/\/districos.standingout.be\/fr\/product\/durr-fd-366-sensitive-25-l-ref-7091-88\/","name":"D\u00fcrr FD 366 Sensitive 2,5 l - Districos Webshop","isPartOf":{"@id":"https:\/\/districos.standingout.be\/fr\/#website"},"primaryImageOfPage":{"@id":"https:\/\/districos.standingout.be\/fr\/product\/durr-fd-366-sensitive-25-l-ref-7091-88\/#primaryimage"},"image":{"@id":"https:\/\/districos.standingout.be\/fr\/product\/durr-fd-366-sensitive-25-l-ref-7091-88\/#primaryimage"},"thumbnailUrl":"https:\/\/districos.standingout.be\/wp-content\/uploads\/2025\/07\/7091.88@LowRes_1_0.png","datePublished":"2026-04-28T08:06:45+00:00","dateModified":"2026-04-28T08:06:49+00:00","breadcrumb":{"@id":"https:\/\/districos.standingout.be\/fr\/product\/durr-fd-366-sensitive-25-l-ref-7091-88\/#breadcrumb"},"inLanguage":"fr-FR","potentialAction":[{"@type":"ReadAction","target":["https:\/\/districos.standingout.be\/fr\/product\/durr-fd-366-sensitive-25-l-ref-7091-88\/"]}]},{"@type":"ImageObject","inLanguage":"fr-FR","@id":"https:\/\/districos.standingout.be\/fr\/product\/durr-fd-366-sensitive-25-l-ref-7091-88\/#primaryimage","url":"https:\/\/districos.standingout.be\/wp-content\/uploads\/2025\/07\/7091.88@LowRes_1_0.png","contentUrl":"https:\/\/districos.standingout.be\/wp-content\/uploads\/2025\/07\/7091.88@LowRes_1_0.png","width":600,"height":600},{"@type":"BreadcrumbList","@id":"https:\/\/districos.standingout.be\/fr\/product\/durr-fd-366-sensitive-25-l-ref-7091-88\/#breadcrumb","itemListElement":[{"@type":"ListItem","position":1,"name":"Home","item":"https:\/\/districos.standingout.be\/fr\/bienvenue-chez-districos\/"},{"@type":"ListItem","position":2,"name":"Boutique","item":"https:\/\/districos.standingout.be\/fr\/boutique\/"},{"@type":"ListItem","position":3,"name":"D\u00fcrr FD 366 Sensitive 2,5 l"}]},{"@type":"WebSite","@id":"https:\/\/districos.standingout.be\/fr\/#website","url":"https:\/\/districos.standingout.be\/fr\/","name":"Districos Webshop","description":"","publisher":{"@id":"https:\/\/districos.standingout.be\/fr\/#organization"},"potentialAction":[{"@type":"SearchAction","target":{"@type":"EntryPoint","urlTemplate":"https:\/\/districos.standingout.be\/fr\/?s={search_term_string}"},"query-input":{"@type":"PropertyValueSpecification","valueRequired":true,"valueName":"search_term_string"}}],"inLanguage":"fr-FR"},{"@type":"Organization","@id":"https:\/\/districos.standingout.be\/fr\/#organization","name":"Districos Webshop","url":"https:\/\/districos.standingout.be\/fr\/","logo":{"@type":"ImageObject","inLanguage":"fr-FR","@id":"https:\/\/districos.standingout.be\/fr\/#\/schema\/logo\/image\/","url":"https:\/\/districos.standingout.be\/wp-content\/uploads\/2022\/09\/Districos_Logo_Webshop.svg","contentUrl":"https:\/\/districos.standingout.be\/wp-content\/uploads\/2022\/09\/Districos_Logo_Webshop.svg","caption":"Districos Webshop"},"image":{"@id":"https:\/\/districos.standingout.be\/fr\/#\/schema\/logo\/image\/"}}]}},"_links":{"self":[{"href":"https:\/\/districos.standingout.be\/fr\/wp-json\/wp\/v2\/product\/137347","targetHints":{"allow":["GET"]}}],"collection":[{"href":"https:\/\/districos.standingout.be\/fr\/wp-json\/wp\/v2\/product"}],"about":[{"href":"https:\/\/districos.standingout.be\/fr\/wp-json\/wp\/v2\/types\/product"}],"replies":[{"embeddable":true,"href":"https:\/\/districos.standingout.be\/fr\/wp-json\/wp\/v2\/comments?post=137347"}],"wp:featuredmedia":[{"embeddable":true,"href":"https:\/\/districos.standingout.be\/fr\/wp-json\/wp\/v2\/media\/78383"}],"wp:attachment":[{"href":"https:\/\/districos.standingout.be\/fr\/wp-json\/wp\/v2\/media?parent=137347"}],"wp:term":[{"taxonomy":"product_brand","embeddable":true,"href":"https:\/\/districos.standingout.be\/fr\/wp-json\/wp\/v2\/product_brand?post=137347"},{"taxonomy":"product_cat","embeddable":true,"href":"https:\/\/districos.standingout.be\/fr\/wp-json\/wp\/v2\/product_cat?post=137347"},{"taxonomy":"product_tag","embeddable":true,"href":"https:\/\/districos.standingout.be\/fr\/wp-json\/wp\/v2\/product_tag?post=137347"}],"curies":[{"name":"wp","href":"https:\/\/api.w.org\/{rel}","templated":true}]}}