{"id":137353,"date":"2026-04-28T10:09:25","date_gmt":"2026-04-28T08:09:25","guid":{"rendered":"https:\/\/webshopdistricoscom.webhosting.be\/product\/bio-balance-presentoir-en-plexiglass-vide-pieds-visage-ref-7098-03\/"},"modified":"2026-04-28T10:09:28","modified_gmt":"2026-04-28T08:09:28","slug":"bio-balance-presentoir-en-plexiglass-vide-pieds-visage-ref-7098-03","status":"publish","type":"product","link":"https:\/\/districos.standingout.be\/fr\/product\/bio-balance-presentoir-en-plexiglass-vide-pieds-visage-ref-7098-03\/","title":{"rendered":"Bio Balance Pr\u00e9sentoir en Plexiglass Vide Pieds + Visage"},"content":{"rendered":"<p >\n<\/p>\n<p dir=\"ltr\">Pr\u00e9sentoir en plexiglass afin de pr\u00e9senter de fa\u00e7on attractive les produits de Bio Balance dans votre salon.<\/p>\n<p dir=\"ltr\">\n<p dir=\"ltr\">\n<\/p>\n<ul>\n<li>Livr\u00e9 avec un poster pour pr\u00e9senter les produits pour le visage et un autre pour les produits pour les pieds.<\/li>\n<li>Dimensions : 29 x 19 x 30 cm (L x l x h).<\/li>\n<\/ul>\n","protected":false},"excerpt":{"rendered":"<p>Pr\u00e9sentoir en plexiglass afin de pr\u00e9senter de fa\u00e7on attractive les produits de Bio Balance dans votre salon. Livr\u00e9 avec un poster pour pr\u00e9senter les produits pour le visage et un autre pour les produits pour les pieds. Dimensions : 29 x 19 x 30 cm (L x l x h).<\/p>\n","protected":false},"featured_media":78392,"comment_status":"open","ping_status":"closed","template":"","meta":{"_acf_changed":false},"product_brand":[10308],"product_cat":[9856,10226],"product_tag":[],"class_list":{"0":"post-137353","1":"product","2":"type-product","3":"status-publish","4":"has-post-thumbnail","6":"product_brand-bb_gelaat-fr","7":"product_cat-beaute-visage-bio-balance-visage","8":"product_cat-promotions-promotions-materiel-promotionnel","10":"first","11":"instock","12":"taxable","13":"shipping-taxable","14":"product-type-simple"},"acf":[],"yoast_head":"<!-- This site is optimized with the Yoast SEO plugin v27.3 - https:\/\/yoast.com\/product\/yoast-seo-wordpress\/ -->\n<title>Bio Balance Pr\u00e9sentoir en Plexiglass Vide Pieds + Visage - Districos Webshop<\/title>\n<meta name=\"robots\" content=\"noindex, follow, max-snippet:-1, max-image-preview:large, max-video-preview:-1\" \/>\n<meta property=\"og:locale\" content=\"fr_FR\" \/>\n<meta property=\"og:type\" content=\"article\" \/>\n<meta property=\"og:title\" content=\"Bio Balance Pr\u00e9sentoir en Plexiglass Vide Pieds + Visage - Districos Webshop\" \/>\n<meta property=\"og:description\" content=\"Pr\u00e9sentoir en plexiglass afin de pr\u00e9senter de fa\u00e7on attractive les produits de Bio Balance dans votre salon. Livr\u00e9 avec un poster pour pr\u00e9senter les produits pour le visage et un autre pour les produits pour les pieds. Dimensions : 29 x 19 x 30 cm (L x l x h).\" \/>\n<meta property=\"og:url\" content=\"https:\/\/districos.standingout.be\/fr\/product\/bio-balance-presentoir-en-plexiglass-vide-pieds-visage-ref-7098-03\/\" \/>\n<meta property=\"og:site_name\" content=\"Districos Webshop\" \/>\n<meta property=\"article:modified_time\" content=\"2026-04-28T08:09:28+00:00\" \/>\n<meta name=\"twitter:card\" content=\"summary_large_image\" \/>\n<script type=\"application\/ld+json\" class=\"yoast-schema-graph\">{\"@context\":\"https:\\\/\\\/schema.org\",\"@graph\":[{\"@type\":\"WebPage\",\"@id\":\"https:\\\/\\\/districos.standingout.be\\\/fr\\\/product\\\/bio-balance-presentoir-en-plexiglass-vide-pieds-visage-ref-7098-03\\\/\",\"url\":\"https:\\\/\\\/districos.standingout.be\\\/fr\\\/product\\\/bio-balance-presentoir-en-plexiglass-vide-pieds-visage-ref-7098-03\\\/\",\"name\":\"Bio Balance Pr\u00e9sentoir en Plexiglass Vide Pieds + Visage - Districos Webshop\",\"isPartOf\":{\"@id\":\"https:\\\/\\\/districos.standingout.be\\\/fr\\\/#website\"},\"primaryImageOfPage\":{\"@id\":\"https:\\\/\\\/districos.standingout.be\\\/fr\\\/product\\\/bio-balance-presentoir-en-plexiglass-vide-pieds-visage-ref-7098-03\\\/#primaryimage\"},\"image\":{\"@id\":\"https:\\\/\\\/districos.standingout.be\\\/fr\\\/product\\\/bio-balance-presentoir-en-plexiglass-vide-pieds-visage-ref-7098-03\\\/#primaryimage\"},\"thumbnailUrl\":\"https:\\\/\\\/districos.standingout.be\\\/wp-content\\\/uploads\\\/2025\\\/07\\\/7098.03@LowRes_1.png\",\"datePublished\":\"2026-04-28T08:09:25+00:00\",\"dateModified\":\"2026-04-28T08:09:28+00:00\",\"breadcrumb\":{\"@id\":\"https:\\\/\\\/districos.standingout.be\\\/fr\\\/product\\\/bio-balance-presentoir-en-plexiglass-vide-pieds-visage-ref-7098-03\\\/#breadcrumb\"},\"inLanguage\":\"fr-FR\",\"potentialAction\":[{\"@type\":\"ReadAction\",\"target\":[\"https:\\\/\\\/districos.standingout.be\\\/fr\\\/product\\\/bio-balance-presentoir-en-plexiglass-vide-pieds-visage-ref-7098-03\\\/\"]}]},{\"@type\":\"ImageObject\",\"inLanguage\":\"fr-FR\",\"@id\":\"https:\\\/\\\/districos.standingout.be\\\/fr\\\/product\\\/bio-balance-presentoir-en-plexiglass-vide-pieds-visage-ref-7098-03\\\/#primaryimage\",\"url\":\"https:\\\/\\\/districos.standingout.be\\\/wp-content\\\/uploads\\\/2025\\\/07\\\/7098.03@LowRes_1.png\",\"contentUrl\":\"https:\\\/\\\/districos.standingout.be\\\/wp-content\\\/uploads\\\/2025\\\/07\\\/7098.03@LowRes_1.png\",\"width\":600,\"height\":600},{\"@type\":\"BreadcrumbList\",\"@id\":\"https:\\\/\\\/districos.standingout.be\\\/fr\\\/product\\\/bio-balance-presentoir-en-plexiglass-vide-pieds-visage-ref-7098-03\\\/#breadcrumb\",\"itemListElement\":[{\"@type\":\"ListItem\",\"position\":1,\"name\":\"Home\",\"item\":\"https:\\\/\\\/districos.standingout.be\\\/fr\\\/bienvenue-chez-districos\\\/\"},{\"@type\":\"ListItem\",\"position\":2,\"name\":\"Boutique\",\"item\":\"https:\\\/\\\/districos.standingout.be\\\/fr\\\/boutique\\\/\"},{\"@type\":\"ListItem\",\"position\":3,\"name\":\"Bio Balance Pr\u00e9sentoir en Plexiglass Vide Pieds + Visage\"}]},{\"@type\":\"WebSite\",\"@id\":\"https:\\\/\\\/districos.standingout.be\\\/fr\\\/#website\",\"url\":\"https:\\\/\\\/districos.standingout.be\\\/fr\\\/\",\"name\":\"Districos Webshop\",\"description\":\"\",\"publisher\":{\"@id\":\"https:\\\/\\\/districos.standingout.be\\\/fr\\\/#organization\"},\"potentialAction\":[{\"@type\":\"SearchAction\",\"target\":{\"@type\":\"EntryPoint\",\"urlTemplate\":\"https:\\\/\\\/districos.standingout.be\\\/fr\\\/?s={search_term_string}\"},\"query-input\":{\"@type\":\"PropertyValueSpecification\",\"valueRequired\":true,\"valueName\":\"search_term_string\"}}],\"inLanguage\":\"fr-FR\"},{\"@type\":\"Organization\",\"@id\":\"https:\\\/\\\/districos.standingout.be\\\/fr\\\/#organization\",\"name\":\"Districos Webshop\",\"url\":\"https:\\\/\\\/districos.standingout.be\\\/fr\\\/\",\"logo\":{\"@type\":\"ImageObject\",\"inLanguage\":\"fr-FR\",\"@id\":\"https:\\\/\\\/districos.standingout.be\\\/fr\\\/#\\\/schema\\\/logo\\\/image\\\/\",\"url\":\"https:\\\/\\\/districos.standingout.be\\\/wp-content\\\/uploads\\\/2022\\\/09\\\/Districos_Logo_Webshop.svg\",\"contentUrl\":\"https:\\\/\\\/districos.standingout.be\\\/wp-content\\\/uploads\\\/2022\\\/09\\\/Districos_Logo_Webshop.svg\",\"caption\":\"Districos Webshop\"},\"image\":{\"@id\":\"https:\\\/\\\/districos.standingout.be\\\/fr\\\/#\\\/schema\\\/logo\\\/image\\\/\"}}]}<\/script>\n<!-- \/ Yoast SEO plugin. -->","yoast_head_json":{"title":"Bio Balance Pr\u00e9sentoir en Plexiglass Vide Pieds + Visage - Districos Webshop","robots":{"index":"noindex","follow":"follow","max-snippet":"max-snippet:-1","max-image-preview":"max-image-preview:large","max-video-preview":"max-video-preview:-1"},"og_locale":"fr_FR","og_type":"article","og_title":"Bio Balance Pr\u00e9sentoir en Plexiglass Vide Pieds + Visage - Districos Webshop","og_description":"Pr\u00e9sentoir en plexiglass afin de pr\u00e9senter de fa\u00e7on attractive les produits de Bio Balance dans votre salon. Livr\u00e9 avec un poster pour pr\u00e9senter les produits pour le visage et un autre pour les produits pour les pieds. Dimensions : 29 x 19 x 30 cm (L x l x h).","og_url":"https:\/\/districos.standingout.be\/fr\/product\/bio-balance-presentoir-en-plexiglass-vide-pieds-visage-ref-7098-03\/","og_site_name":"Districos Webshop","article_modified_time":"2026-04-28T08:09:28+00:00","twitter_card":"summary_large_image","schema":{"@context":"https:\/\/schema.org","@graph":[{"@type":"WebPage","@id":"https:\/\/districos.standingout.be\/fr\/product\/bio-balance-presentoir-en-plexiglass-vide-pieds-visage-ref-7098-03\/","url":"https:\/\/districos.standingout.be\/fr\/product\/bio-balance-presentoir-en-plexiglass-vide-pieds-visage-ref-7098-03\/","name":"Bio Balance Pr\u00e9sentoir en Plexiglass Vide Pieds + Visage - Districos Webshop","isPartOf":{"@id":"https:\/\/districos.standingout.be\/fr\/#website"},"primaryImageOfPage":{"@id":"https:\/\/districos.standingout.be\/fr\/product\/bio-balance-presentoir-en-plexiglass-vide-pieds-visage-ref-7098-03\/#primaryimage"},"image":{"@id":"https:\/\/districos.standingout.be\/fr\/product\/bio-balance-presentoir-en-plexiglass-vide-pieds-visage-ref-7098-03\/#primaryimage"},"thumbnailUrl":"https:\/\/districos.standingout.be\/wp-content\/uploads\/2025\/07\/7098.03@LowRes_1.png","datePublished":"2026-04-28T08:09:25+00:00","dateModified":"2026-04-28T08:09:28+00:00","breadcrumb":{"@id":"https:\/\/districos.standingout.be\/fr\/product\/bio-balance-presentoir-en-plexiglass-vide-pieds-visage-ref-7098-03\/#breadcrumb"},"inLanguage":"fr-FR","potentialAction":[{"@type":"ReadAction","target":["https:\/\/districos.standingout.be\/fr\/product\/bio-balance-presentoir-en-plexiglass-vide-pieds-visage-ref-7098-03\/"]}]},{"@type":"ImageObject","inLanguage":"fr-FR","@id":"https:\/\/districos.standingout.be\/fr\/product\/bio-balance-presentoir-en-plexiglass-vide-pieds-visage-ref-7098-03\/#primaryimage","url":"https:\/\/districos.standingout.be\/wp-content\/uploads\/2025\/07\/7098.03@LowRes_1.png","contentUrl":"https:\/\/districos.standingout.be\/wp-content\/uploads\/2025\/07\/7098.03@LowRes_1.png","width":600,"height":600},{"@type":"BreadcrumbList","@id":"https:\/\/districos.standingout.be\/fr\/product\/bio-balance-presentoir-en-plexiglass-vide-pieds-visage-ref-7098-03\/#breadcrumb","itemListElement":[{"@type":"ListItem","position":1,"name":"Home","item":"https:\/\/districos.standingout.be\/fr\/bienvenue-chez-districos\/"},{"@type":"ListItem","position":2,"name":"Boutique","item":"https:\/\/districos.standingout.be\/fr\/boutique\/"},{"@type":"ListItem","position":3,"name":"Bio Balance Pr\u00e9sentoir en Plexiglass Vide Pieds + Visage"}]},{"@type":"WebSite","@id":"https:\/\/districos.standingout.be\/fr\/#website","url":"https:\/\/districos.standingout.be\/fr\/","name":"Districos Webshop","description":"","publisher":{"@id":"https:\/\/districos.standingout.be\/fr\/#organization"},"potentialAction":[{"@type":"SearchAction","target":{"@type":"EntryPoint","urlTemplate":"https:\/\/districos.standingout.be\/fr\/?s={search_term_string}"},"query-input":{"@type":"PropertyValueSpecification","valueRequired":true,"valueName":"search_term_string"}}],"inLanguage":"fr-FR"},{"@type":"Organization","@id":"https:\/\/districos.standingout.be\/fr\/#organization","name":"Districos Webshop","url":"https:\/\/districos.standingout.be\/fr\/","logo":{"@type":"ImageObject","inLanguage":"fr-FR","@id":"https:\/\/districos.standingout.be\/fr\/#\/schema\/logo\/image\/","url":"https:\/\/districos.standingout.be\/wp-content\/uploads\/2022\/09\/Districos_Logo_Webshop.svg","contentUrl":"https:\/\/districos.standingout.be\/wp-content\/uploads\/2022\/09\/Districos_Logo_Webshop.svg","caption":"Districos Webshop"},"image":{"@id":"https:\/\/districos.standingout.be\/fr\/#\/schema\/logo\/image\/"}}]}},"_links":{"self":[{"href":"https:\/\/districos.standingout.be\/fr\/wp-json\/wp\/v2\/product\/137353","targetHints":{"allow":["GET"]}}],"collection":[{"href":"https:\/\/districos.standingout.be\/fr\/wp-json\/wp\/v2\/product"}],"about":[{"href":"https:\/\/districos.standingout.be\/fr\/wp-json\/wp\/v2\/types\/product"}],"replies":[{"embeddable":true,"href":"https:\/\/districos.standingout.be\/fr\/wp-json\/wp\/v2\/comments?post=137353"}],"wp:featuredmedia":[{"embeddable":true,"href":"https:\/\/districos.standingout.be\/fr\/wp-json\/wp\/v2\/media\/78392"}],"wp:attachment":[{"href":"https:\/\/districos.standingout.be\/fr\/wp-json\/wp\/v2\/media?parent=137353"}],"wp:term":[{"taxonomy":"product_brand","embeddable":true,"href":"https:\/\/districos.standingout.be\/fr\/wp-json\/wp\/v2\/product_brand?post=137353"},{"taxonomy":"product_cat","embeddable":true,"href":"https:\/\/districos.standingout.be\/fr\/wp-json\/wp\/v2\/product_cat?post=137353"},{"taxonomy":"product_tag","embeddable":true,"href":"https:\/\/districos.standingout.be\/fr\/wp-json\/wp\/v2\/product_tag?post=137353"}],"curies":[{"name":"wp","href":"https:\/\/api.w.org\/{rel}","templated":true}]}}