{"id":137367,"date":"2026-04-28T10:10:36","date_gmt":"2026-04-28T08:10:36","guid":{"rendered":"https:\/\/webshopdistricoscom.webhosting.be\/product\/presentoir-cobra-lashes-recourbe-cils-chauffant-8-pcs-ref-7101-81\/"},"modified":"2026-04-28T10:10:41","modified_gmt":"2026-04-28T08:10:41","slug":"presentoir-cobra-lashes-recourbe-cils-chauffant-8-pcs-ref-7101-81","status":"publish","type":"product","link":"https:\/\/districos.standingout.be\/fr\/product\/presentoir-cobra-lashes-recourbe-cils-chauffant-8-pcs-ref-7101-81\/","title":{"rendered":"Pr\u00e9sentoir Cobra Lashes Recourbe-Cils Chauffant 8 pcs."},"content":{"rendered":"<p >\n<p dir=ltr><b><\/b><\/p>\n<p> <b>De beaux cils recourb\u00e9s qui ont l\u2019air plus longs en quelques secondes !<\/b><br \/> Le recourbe-cils chauffant soul\u00e8ve et recourbe quotidiennement les cils naturels et les extensions au moyen de chaleur sans les endommager. Pr\u00e9chauffez le recourbe-cils (15 \u00e0 30 secondes pour la bonne temp\u00e9rature). Tenez-le contre la racine des cils pendant plusieurs secondes et tirez lentement en soulevant vers les pointes. L\u2019application sur du mascara encore humide intensifie le r\u00e9sultat. <\/p>\n<ul> <\/p>\n<li><b>Cabine :&nbsp;<\/b>corrigez d\u2019abord les cils rigides avec le recourbe-cils chauffant pour une pose facile des extensions.<\/li>\n<p> <\/p>\n<li><b>Utilisation \u00e0 domicile:&nbsp;<\/b>votre client(e) peut accentuer son nouveau set de cils en les recourbant quotidiennement \u00e0 domicile. Le recourbe-cils s\u2019utilise \u00e9galement sur les cils naturels, pour qu\u2019ils aient l\u2019air plus longs et soient joliment courb\u00e9s.<\/li>\n<p> <\/ul>\n<p> <\/p>\n<ul> <\/ul>\n<p> <\/p>\n<ul> <\/ul>\n<p> Emballage : pr\u00e9sentoir de vente avec 8 recourbe-cils<\/p>\n<p> Recourbe-cils \u00e9galement disponible s\u00e9par\u00e9ment (R\u00e9f. : 7101.82).<\/p><\/p>\n","protected":false},"excerpt":{"rendered":"<p>De beaux cils recourb\u00e9s qui ont l\u2019air plus longs en quelques secondes ! Le recourbe-cils chauffant soul\u00e8ve et recourbe quotidiennement les cils naturels et les extensions au moyen de chaleur sans les endommager. Pr\u00e9chauffez le recourbe-cils (15 \u00e0 30 secondes pour la bonne temp\u00e9rature). Tenez-le contre la racine des cils pendant plusieurs secondes et tirez [&hellip;]<\/p>\n","protected":false},"featured_media":78422,"comment_status":"open","ping_status":"closed","template":"","meta":{"_acf_changed":false},"product_brand":[10338],"product_cat":[9984,9982],"product_tag":[],"class_list":{"0":"post-137367","1":"product","2":"type-product","3":"status-publish","4":"has-post-thumbnail","6":"product_brand-cobra-lashes-fr","7":"product_cat-beaute-cils-sourcils-accessoires","8":"product_cat-beaute-cils-sourcils-extension-des-cils","10":"first","11":"instock","12":"taxable","13":"shipping-taxable","14":"product-type-simple"},"acf":[],"yoast_head":"<!-- This site is optimized with the Yoast SEO plugin v27.3 - https:\/\/yoast.com\/product\/yoast-seo-wordpress\/ -->\n<title>Pr\u00e9sentoir Cobra Lashes Recourbe-Cils Chauffant 8 pcs. - Districos Webshop<\/title>\n<meta name=\"robots\" content=\"noindex, follow, max-snippet:-1, max-image-preview:large, max-video-preview:-1\" \/>\n<meta property=\"og:locale\" content=\"fr_FR\" \/>\n<meta property=\"og:type\" content=\"article\" \/>\n<meta property=\"og:title\" content=\"Pr\u00e9sentoir Cobra Lashes Recourbe-Cils Chauffant 8 pcs. - Districos Webshop\" \/>\n<meta property=\"og:description\" content=\"De beaux cils recourb\u00e9s qui ont l\u2019air plus longs en quelques secondes ! Le recourbe-cils chauffant soul\u00e8ve et recourbe quotidiennement les cils naturels et les extensions au moyen de chaleur sans les endommager. Pr\u00e9chauffez le recourbe-cils (15 \u00e0 30 secondes pour la bonne temp\u00e9rature). Tenez-le contre la racine des cils pendant plusieurs secondes et tirez [&hellip;]\" \/>\n<meta property=\"og:url\" content=\"https:\/\/districos.standingout.be\/fr\/product\/presentoir-cobra-lashes-recourbe-cils-chauffant-8-pcs-ref-7101-81\/\" \/>\n<meta property=\"og:site_name\" content=\"Districos Webshop\" \/>\n<meta property=\"article:modified_time\" content=\"2026-04-28T08:10:41+00:00\" \/>\n<meta name=\"twitter:card\" content=\"summary_large_image\" \/>\n<meta name=\"twitter:label1\" content=\"Dur\u00e9e de lecture estim\u00e9e\" \/>\n\t<meta name=\"twitter:data1\" content=\"1 minute\" \/>\n<script type=\"application\/ld+json\" class=\"yoast-schema-graph\">{\"@context\":\"https:\\\/\\\/schema.org\",\"@graph\":[{\"@type\":\"WebPage\",\"@id\":\"https:\\\/\\\/districos.standingout.be\\\/fr\\\/product\\\/presentoir-cobra-lashes-recourbe-cils-chauffant-8-pcs-ref-7101-81\\\/\",\"url\":\"https:\\\/\\\/districos.standingout.be\\\/fr\\\/product\\\/presentoir-cobra-lashes-recourbe-cils-chauffant-8-pcs-ref-7101-81\\\/\",\"name\":\"Pr\u00e9sentoir Cobra Lashes Recourbe-Cils Chauffant 8 pcs. - Districos Webshop\",\"isPartOf\":{\"@id\":\"https:\\\/\\\/districos.standingout.be\\\/fr\\\/#website\"},\"primaryImageOfPage\":{\"@id\":\"https:\\\/\\\/districos.standingout.be\\\/fr\\\/product\\\/presentoir-cobra-lashes-recourbe-cils-chauffant-8-pcs-ref-7101-81\\\/#primaryimage\"},\"image\":{\"@id\":\"https:\\\/\\\/districos.standingout.be\\\/fr\\\/product\\\/presentoir-cobra-lashes-recourbe-cils-chauffant-8-pcs-ref-7101-81\\\/#primaryimage\"},\"thumbnailUrl\":\"https:\\\/\\\/districos.standingout.be\\\/wp-content\\\/uploads\\\/2025\\\/07\\\/7101.81@LowRes_1_0.png\",\"datePublished\":\"2026-04-28T08:10:36+00:00\",\"dateModified\":\"2026-04-28T08:10:41+00:00\",\"breadcrumb\":{\"@id\":\"https:\\\/\\\/districos.standingout.be\\\/fr\\\/product\\\/presentoir-cobra-lashes-recourbe-cils-chauffant-8-pcs-ref-7101-81\\\/#breadcrumb\"},\"inLanguage\":\"fr-FR\",\"potentialAction\":[{\"@type\":\"ReadAction\",\"target\":[\"https:\\\/\\\/districos.standingout.be\\\/fr\\\/product\\\/presentoir-cobra-lashes-recourbe-cils-chauffant-8-pcs-ref-7101-81\\\/\"]}]},{\"@type\":\"ImageObject\",\"inLanguage\":\"fr-FR\",\"@id\":\"https:\\\/\\\/districos.standingout.be\\\/fr\\\/product\\\/presentoir-cobra-lashes-recourbe-cils-chauffant-8-pcs-ref-7101-81\\\/#primaryimage\",\"url\":\"https:\\\/\\\/districos.standingout.be\\\/wp-content\\\/uploads\\\/2025\\\/07\\\/7101.81@LowRes_1_0.png\",\"contentUrl\":\"https:\\\/\\\/districos.standingout.be\\\/wp-content\\\/uploads\\\/2025\\\/07\\\/7101.81@LowRes_1_0.png\",\"width\":600,\"height\":600},{\"@type\":\"BreadcrumbList\",\"@id\":\"https:\\\/\\\/districos.standingout.be\\\/fr\\\/product\\\/presentoir-cobra-lashes-recourbe-cils-chauffant-8-pcs-ref-7101-81\\\/#breadcrumb\",\"itemListElement\":[{\"@type\":\"ListItem\",\"position\":1,\"name\":\"Home\",\"item\":\"https:\\\/\\\/districos.standingout.be\\\/fr\\\/bienvenue-chez-districos\\\/\"},{\"@type\":\"ListItem\",\"position\":2,\"name\":\"Boutique\",\"item\":\"https:\\\/\\\/districos.standingout.be\\\/fr\\\/boutique\\\/\"},{\"@type\":\"ListItem\",\"position\":3,\"name\":\"Pr\u00e9sentoir Cobra Lashes Recourbe-Cils Chauffant 8 pcs.\"}]},{\"@type\":\"WebSite\",\"@id\":\"https:\\\/\\\/districos.standingout.be\\\/fr\\\/#website\",\"url\":\"https:\\\/\\\/districos.standingout.be\\\/fr\\\/\",\"name\":\"Districos Webshop\",\"description\":\"\",\"publisher\":{\"@id\":\"https:\\\/\\\/districos.standingout.be\\\/fr\\\/#organization\"},\"potentialAction\":[{\"@type\":\"SearchAction\",\"target\":{\"@type\":\"EntryPoint\",\"urlTemplate\":\"https:\\\/\\\/districos.standingout.be\\\/fr\\\/?s={search_term_string}\"},\"query-input\":{\"@type\":\"PropertyValueSpecification\",\"valueRequired\":true,\"valueName\":\"search_term_string\"}}],\"inLanguage\":\"fr-FR\"},{\"@type\":\"Organization\",\"@id\":\"https:\\\/\\\/districos.standingout.be\\\/fr\\\/#organization\",\"name\":\"Districos Webshop\",\"url\":\"https:\\\/\\\/districos.standingout.be\\\/fr\\\/\",\"logo\":{\"@type\":\"ImageObject\",\"inLanguage\":\"fr-FR\",\"@id\":\"https:\\\/\\\/districos.standingout.be\\\/fr\\\/#\\\/schema\\\/logo\\\/image\\\/\",\"url\":\"https:\\\/\\\/districos.standingout.be\\\/wp-content\\\/uploads\\\/2022\\\/09\\\/Districos_Logo_Webshop.svg\",\"contentUrl\":\"https:\\\/\\\/districos.standingout.be\\\/wp-content\\\/uploads\\\/2022\\\/09\\\/Districos_Logo_Webshop.svg\",\"caption\":\"Districos Webshop\"},\"image\":{\"@id\":\"https:\\\/\\\/districos.standingout.be\\\/fr\\\/#\\\/schema\\\/logo\\\/image\\\/\"}}]}<\/script>\n<!-- \/ Yoast SEO plugin. -->","yoast_head_json":{"title":"Pr\u00e9sentoir Cobra Lashes Recourbe-Cils Chauffant 8 pcs. - Districos Webshop","robots":{"index":"noindex","follow":"follow","max-snippet":"max-snippet:-1","max-image-preview":"max-image-preview:large","max-video-preview":"max-video-preview:-1"},"og_locale":"fr_FR","og_type":"article","og_title":"Pr\u00e9sentoir Cobra Lashes Recourbe-Cils Chauffant 8 pcs. - Districos Webshop","og_description":"De beaux cils recourb\u00e9s qui ont l\u2019air plus longs en quelques secondes ! Le recourbe-cils chauffant soul\u00e8ve et recourbe quotidiennement les cils naturels et les extensions au moyen de chaleur sans les endommager. Pr\u00e9chauffez le recourbe-cils (15 \u00e0 30 secondes pour la bonne temp\u00e9rature). Tenez-le contre la racine des cils pendant plusieurs secondes et tirez [&hellip;]","og_url":"https:\/\/districos.standingout.be\/fr\/product\/presentoir-cobra-lashes-recourbe-cils-chauffant-8-pcs-ref-7101-81\/","og_site_name":"Districos Webshop","article_modified_time":"2026-04-28T08:10:41+00:00","twitter_card":"summary_large_image","twitter_misc":{"Dur\u00e9e de lecture estim\u00e9e":"1 minute"},"schema":{"@context":"https:\/\/schema.org","@graph":[{"@type":"WebPage","@id":"https:\/\/districos.standingout.be\/fr\/product\/presentoir-cobra-lashes-recourbe-cils-chauffant-8-pcs-ref-7101-81\/","url":"https:\/\/districos.standingout.be\/fr\/product\/presentoir-cobra-lashes-recourbe-cils-chauffant-8-pcs-ref-7101-81\/","name":"Pr\u00e9sentoir Cobra Lashes Recourbe-Cils Chauffant 8 pcs. - Districos Webshop","isPartOf":{"@id":"https:\/\/districos.standingout.be\/fr\/#website"},"primaryImageOfPage":{"@id":"https:\/\/districos.standingout.be\/fr\/product\/presentoir-cobra-lashes-recourbe-cils-chauffant-8-pcs-ref-7101-81\/#primaryimage"},"image":{"@id":"https:\/\/districos.standingout.be\/fr\/product\/presentoir-cobra-lashes-recourbe-cils-chauffant-8-pcs-ref-7101-81\/#primaryimage"},"thumbnailUrl":"https:\/\/districos.standingout.be\/wp-content\/uploads\/2025\/07\/7101.81@LowRes_1_0.png","datePublished":"2026-04-28T08:10:36+00:00","dateModified":"2026-04-28T08:10:41+00:00","breadcrumb":{"@id":"https:\/\/districos.standingout.be\/fr\/product\/presentoir-cobra-lashes-recourbe-cils-chauffant-8-pcs-ref-7101-81\/#breadcrumb"},"inLanguage":"fr-FR","potentialAction":[{"@type":"ReadAction","target":["https:\/\/districos.standingout.be\/fr\/product\/presentoir-cobra-lashes-recourbe-cils-chauffant-8-pcs-ref-7101-81\/"]}]},{"@type":"ImageObject","inLanguage":"fr-FR","@id":"https:\/\/districos.standingout.be\/fr\/product\/presentoir-cobra-lashes-recourbe-cils-chauffant-8-pcs-ref-7101-81\/#primaryimage","url":"https:\/\/districos.standingout.be\/wp-content\/uploads\/2025\/07\/7101.81@LowRes_1_0.png","contentUrl":"https:\/\/districos.standingout.be\/wp-content\/uploads\/2025\/07\/7101.81@LowRes_1_0.png","width":600,"height":600},{"@type":"BreadcrumbList","@id":"https:\/\/districos.standingout.be\/fr\/product\/presentoir-cobra-lashes-recourbe-cils-chauffant-8-pcs-ref-7101-81\/#breadcrumb","itemListElement":[{"@type":"ListItem","position":1,"name":"Home","item":"https:\/\/districos.standingout.be\/fr\/bienvenue-chez-districos\/"},{"@type":"ListItem","position":2,"name":"Boutique","item":"https:\/\/districos.standingout.be\/fr\/boutique\/"},{"@type":"ListItem","position":3,"name":"Pr\u00e9sentoir Cobra Lashes Recourbe-Cils Chauffant 8 pcs."}]},{"@type":"WebSite","@id":"https:\/\/districos.standingout.be\/fr\/#website","url":"https:\/\/districos.standingout.be\/fr\/","name":"Districos Webshop","description":"","publisher":{"@id":"https:\/\/districos.standingout.be\/fr\/#organization"},"potentialAction":[{"@type":"SearchAction","target":{"@type":"EntryPoint","urlTemplate":"https:\/\/districos.standingout.be\/fr\/?s={search_term_string}"},"query-input":{"@type":"PropertyValueSpecification","valueRequired":true,"valueName":"search_term_string"}}],"inLanguage":"fr-FR"},{"@type":"Organization","@id":"https:\/\/districos.standingout.be\/fr\/#organization","name":"Districos Webshop","url":"https:\/\/districos.standingout.be\/fr\/","logo":{"@type":"ImageObject","inLanguage":"fr-FR","@id":"https:\/\/districos.standingout.be\/fr\/#\/schema\/logo\/image\/","url":"https:\/\/districos.standingout.be\/wp-content\/uploads\/2022\/09\/Districos_Logo_Webshop.svg","contentUrl":"https:\/\/districos.standingout.be\/wp-content\/uploads\/2022\/09\/Districos_Logo_Webshop.svg","caption":"Districos Webshop"},"image":{"@id":"https:\/\/districos.standingout.be\/fr\/#\/schema\/logo\/image\/"}}]}},"_links":{"self":[{"href":"https:\/\/districos.standingout.be\/fr\/wp-json\/wp\/v2\/product\/137367","targetHints":{"allow":["GET"]}}],"collection":[{"href":"https:\/\/districos.standingout.be\/fr\/wp-json\/wp\/v2\/product"}],"about":[{"href":"https:\/\/districos.standingout.be\/fr\/wp-json\/wp\/v2\/types\/product"}],"replies":[{"embeddable":true,"href":"https:\/\/districos.standingout.be\/fr\/wp-json\/wp\/v2\/comments?post=137367"}],"wp:featuredmedia":[{"embeddable":true,"href":"https:\/\/districos.standingout.be\/fr\/wp-json\/wp\/v2\/media\/78422"}],"wp:attachment":[{"href":"https:\/\/districos.standingout.be\/fr\/wp-json\/wp\/v2\/media?parent=137367"}],"wp:term":[{"taxonomy":"product_brand","embeddable":true,"href":"https:\/\/districos.standingout.be\/fr\/wp-json\/wp\/v2\/product_brand?post=137367"},{"taxonomy":"product_cat","embeddable":true,"href":"https:\/\/districos.standingout.be\/fr\/wp-json\/wp\/v2\/product_cat?post=137367"},{"taxonomy":"product_tag","embeddable":true,"href":"https:\/\/districos.standingout.be\/fr\/wp-json\/wp\/v2\/product_tag?post=137367"}],"curies":[{"name":"wp","href":"https:\/\/api.w.org\/{rel}","templated":true}]}}