{"id":137371,"date":"2026-04-28T10:10:47","date_gmt":"2026-04-28T08:10:47","guid":{"rendered":"https:\/\/webshopdistricoscom.webhosting.be\/product\/cobra-eye-make-up-remover-soft-250-ml-ref-7102-021-2\/"},"modified":"2026-04-28T10:10:51","modified_gmt":"2026-04-28T08:10:51","slug":"cobra-eye-make-up-remover-soft-250-ml-ref-7102-021","status":"publish","type":"product","link":"https:\/\/districos.standingout.be\/fr\/product\/cobra-eye-make-up-remover-soft-250-ml-ref-7102-021\/","title":{"rendered":"Cobra Eye Make-Up Remover Soft 250 ml"},"content":{"rendered":"<p >\n<p dir=ltr>D\u00e9maquillant \u00e0 base d\u2019eau et d\u2019ingr\u00e9dients hydratants qui d\u00e9graisse les cils et la peau avant le traitement. N\u2019ab\u00eeme pas les extensions au cours des soins \u00e0 domicile. Un produit indispensable en cabine et \u00e0 domicile. Il est conseill\u00e9 d\u2019utiliser uniquement des moyens hydrosolubles avant d\u2019effectuer un soin des cils. Conseillez \u00e0 vos client(e)s l\u2019utilisation \u00e0 domcile du Cobra Make-up Remover ou du Cobra Lashes Foam Cleanser (p. 137) apr\u00e8s une extension de cils et dites leurs d\u2019\u00e9viter tous produits gras ou \u00e0 base d\u2019huile. C\u2019est \u00e9galement un d\u00e9maquillant tr\u00e8s doux pour un emploi g\u00e9n\u00e9ral qui ne laisse pas de traces de graisse. Appropri\u00e9 pour les peaux sensibles. Sans parfum, parab\u00e8nes et colorants.<\/p>\n<p> <b>ASTUCE :<\/b> Les r\u00e9sidus et la graisse entravent l\u2019action &amp; le r\u00e9sultat du traitement des cils et des sourcils. Il est donc essentiel de bien d\u00e9graisser au pr\u00e9alable !<\/p>\n<p> <b>Emballage :<\/b> Flacon de 150ml (<a href=&quot;https:\/\/districos.com\/index.php\/fr\/artikel\/cobra-eye-make-up-remover-soft-150ml&quot; target=&quot;_blank&quot; target=\"_blank\" rel=\"noopener noreferrer nofollow\">r\u00e9f. 7102.022<\/a>), pr\u00e9sentoir Cobra Eye Make-up Remover de 9 x 150ml (<a href=&quot;https:\/\/districos.com\/index.php\/fr\/artikel\/display-cobra-eye-make-up-remover-soft-9-x-150ml&quot; target=&quot;_blank&quot; target=\"_blank\" rel=\"noopener noreferrer nofollow\">r\u00e9f. 7102.022D<\/a>). <\/p><\/p>\n","protected":false},"excerpt":{"rendered":"<p>D\u00e9maquillant \u00e0 base d\u2019eau et d\u2019ingr\u00e9dients hydratants qui d\u00e9graisse les cils et la peau avant le traitement. N\u2019ab\u00eeme pas les extensions au cours des soins \u00e0 domicile. Un produit indispensable en cabine et \u00e0 domicile. Il est conseill\u00e9 d\u2019utiliser uniquement des moyens hydrosolubles avant d\u2019effectuer un soin des cils. Conseillez \u00e0 vos client(e)s l\u2019utilisation \u00e0 [&hellip;]<\/p>\n","protected":false},"featured_media":78428,"comment_status":"open","ping_status":"closed","template":"","meta":{"_acf_changed":false},"product_brand":[10338],"product_cat":[9984,9982],"product_tag":[],"class_list":{"0":"post-137371","1":"product","2":"type-product","3":"status-publish","4":"has-post-thumbnail","6":"product_brand-cobra-lashes-fr","7":"product_cat-beaute-cils-sourcils-accessoires","8":"product_cat-beaute-cils-sourcils-extension-des-cils","10":"first","11":"instock","12":"taxable","13":"shipping-taxable","14":"product-type-simple"},"acf":[],"yoast_head":"<!-- This site is optimized with the Yoast SEO plugin v27.3 - https:\/\/yoast.com\/product\/yoast-seo-wordpress\/ -->\n<title>Cobra Eye Make-Up Remover Soft 250 ml - Districos Webshop<\/title>\n<meta name=\"robots\" content=\"noindex, follow, max-snippet:-1, max-image-preview:large, max-video-preview:-1\" \/>\n<meta property=\"og:locale\" content=\"fr_FR\" \/>\n<meta property=\"og:type\" content=\"article\" \/>\n<meta property=\"og:title\" content=\"Cobra Eye Make-Up Remover Soft 250 ml - Districos Webshop\" \/>\n<meta property=\"og:description\" content=\"D\u00e9maquillant \u00e0 base d\u2019eau et d\u2019ingr\u00e9dients hydratants qui d\u00e9graisse les cils et la peau avant le traitement. N\u2019ab\u00eeme pas les extensions au cours des soins \u00e0 domicile. Un produit indispensable en cabine et \u00e0 domicile. Il est conseill\u00e9 d\u2019utiliser uniquement des moyens hydrosolubles avant d\u2019effectuer un soin des cils. Conseillez \u00e0 vos client(e)s l\u2019utilisation \u00e0 [&hellip;]\" \/>\n<meta property=\"og:url\" content=\"https:\/\/districos.standingout.be\/fr\/product\/cobra-eye-make-up-remover-soft-250-ml-ref-7102-021\/\" \/>\n<meta property=\"og:site_name\" content=\"Districos Webshop\" \/>\n<meta property=\"article:modified_time\" content=\"2026-04-28T08:10:51+00:00\" \/>\n<meta name=\"twitter:card\" content=\"summary_large_image\" \/>\n<meta name=\"twitter:label1\" content=\"Dur\u00e9e de lecture estim\u00e9e\" \/>\n\t<meta name=\"twitter:data1\" content=\"1 minute\" \/>\n<script type=\"application\/ld+json\" class=\"yoast-schema-graph\">{\"@context\":\"https:\\\/\\\/schema.org\",\"@graph\":[{\"@type\":\"WebPage\",\"@id\":\"https:\\\/\\\/districos.standingout.be\\\/fr\\\/product\\\/cobra-eye-make-up-remover-soft-250-ml-ref-7102-021\\\/\",\"url\":\"https:\\\/\\\/districos.standingout.be\\\/fr\\\/product\\\/cobra-eye-make-up-remover-soft-250-ml-ref-7102-021\\\/\",\"name\":\"Cobra Eye Make-Up Remover Soft 250 ml - Districos Webshop\",\"isPartOf\":{\"@id\":\"https:\\\/\\\/districos.standingout.be\\\/fr\\\/#website\"},\"primaryImageOfPage\":{\"@id\":\"https:\\\/\\\/districos.standingout.be\\\/fr\\\/product\\\/cobra-eye-make-up-remover-soft-250-ml-ref-7102-021\\\/#primaryimage\"},\"image\":{\"@id\":\"https:\\\/\\\/districos.standingout.be\\\/fr\\\/product\\\/cobra-eye-make-up-remover-soft-250-ml-ref-7102-021\\\/#primaryimage\"},\"thumbnailUrl\":\"https:\\\/\\\/districos.standingout.be\\\/wp-content\\\/uploads\\\/2025\\\/07\\\/7102.021@LowRes_1_0.png\",\"datePublished\":\"2026-04-28T08:10:47+00:00\",\"dateModified\":\"2026-04-28T08:10:51+00:00\",\"breadcrumb\":{\"@id\":\"https:\\\/\\\/districos.standingout.be\\\/fr\\\/product\\\/cobra-eye-make-up-remover-soft-250-ml-ref-7102-021\\\/#breadcrumb\"},\"inLanguage\":\"fr-FR\",\"potentialAction\":[{\"@type\":\"ReadAction\",\"target\":[\"https:\\\/\\\/districos.standingout.be\\\/fr\\\/product\\\/cobra-eye-make-up-remover-soft-250-ml-ref-7102-021\\\/\"]}]},{\"@type\":\"ImageObject\",\"inLanguage\":\"fr-FR\",\"@id\":\"https:\\\/\\\/districos.standingout.be\\\/fr\\\/product\\\/cobra-eye-make-up-remover-soft-250-ml-ref-7102-021\\\/#primaryimage\",\"url\":\"https:\\\/\\\/districos.standingout.be\\\/wp-content\\\/uploads\\\/2025\\\/07\\\/7102.021@LowRes_1_0.png\",\"contentUrl\":\"https:\\\/\\\/districos.standingout.be\\\/wp-content\\\/uploads\\\/2025\\\/07\\\/7102.021@LowRes_1_0.png\",\"width\":600,\"height\":600},{\"@type\":\"BreadcrumbList\",\"@id\":\"https:\\\/\\\/districos.standingout.be\\\/fr\\\/product\\\/cobra-eye-make-up-remover-soft-250-ml-ref-7102-021\\\/#breadcrumb\",\"itemListElement\":[{\"@type\":\"ListItem\",\"position\":1,\"name\":\"Home\",\"item\":\"https:\\\/\\\/districos.standingout.be\\\/fr\\\/bienvenue-chez-districos\\\/\"},{\"@type\":\"ListItem\",\"position\":2,\"name\":\"Boutique\",\"item\":\"https:\\\/\\\/districos.standingout.be\\\/fr\\\/boutique\\\/\"},{\"@type\":\"ListItem\",\"position\":3,\"name\":\"Cobra Eye Make-Up Remover Soft 250 ml\"}]},{\"@type\":\"WebSite\",\"@id\":\"https:\\\/\\\/districos.standingout.be\\\/fr\\\/#website\",\"url\":\"https:\\\/\\\/districos.standingout.be\\\/fr\\\/\",\"name\":\"Districos Webshop\",\"description\":\"\",\"publisher\":{\"@id\":\"https:\\\/\\\/districos.standingout.be\\\/fr\\\/#organization\"},\"potentialAction\":[{\"@type\":\"SearchAction\",\"target\":{\"@type\":\"EntryPoint\",\"urlTemplate\":\"https:\\\/\\\/districos.standingout.be\\\/fr\\\/?s={search_term_string}\"},\"query-input\":{\"@type\":\"PropertyValueSpecification\",\"valueRequired\":true,\"valueName\":\"search_term_string\"}}],\"inLanguage\":\"fr-FR\"},{\"@type\":\"Organization\",\"@id\":\"https:\\\/\\\/districos.standingout.be\\\/fr\\\/#organization\",\"name\":\"Districos Webshop\",\"url\":\"https:\\\/\\\/districos.standingout.be\\\/fr\\\/\",\"logo\":{\"@type\":\"ImageObject\",\"inLanguage\":\"fr-FR\",\"@id\":\"https:\\\/\\\/districos.standingout.be\\\/fr\\\/#\\\/schema\\\/logo\\\/image\\\/\",\"url\":\"https:\\\/\\\/districos.standingout.be\\\/wp-content\\\/uploads\\\/2022\\\/09\\\/Districos_Logo_Webshop.svg\",\"contentUrl\":\"https:\\\/\\\/districos.standingout.be\\\/wp-content\\\/uploads\\\/2022\\\/09\\\/Districos_Logo_Webshop.svg\",\"caption\":\"Districos Webshop\"},\"image\":{\"@id\":\"https:\\\/\\\/districos.standingout.be\\\/fr\\\/#\\\/schema\\\/logo\\\/image\\\/\"}}]}<\/script>\n<!-- \/ Yoast SEO plugin. -->","yoast_head_json":{"title":"Cobra Eye Make-Up Remover Soft 250 ml - Districos Webshop","robots":{"index":"noindex","follow":"follow","max-snippet":"max-snippet:-1","max-image-preview":"max-image-preview:large","max-video-preview":"max-video-preview:-1"},"og_locale":"fr_FR","og_type":"article","og_title":"Cobra Eye Make-Up Remover Soft 250 ml - Districos Webshop","og_description":"D\u00e9maquillant \u00e0 base d\u2019eau et d\u2019ingr\u00e9dients hydratants qui d\u00e9graisse les cils et la peau avant le traitement. N\u2019ab\u00eeme pas les extensions au cours des soins \u00e0 domicile. Un produit indispensable en cabine et \u00e0 domicile. Il est conseill\u00e9 d\u2019utiliser uniquement des moyens hydrosolubles avant d\u2019effectuer un soin des cils. Conseillez \u00e0 vos client(e)s l\u2019utilisation \u00e0 [&hellip;]","og_url":"https:\/\/districos.standingout.be\/fr\/product\/cobra-eye-make-up-remover-soft-250-ml-ref-7102-021\/","og_site_name":"Districos Webshop","article_modified_time":"2026-04-28T08:10:51+00:00","twitter_card":"summary_large_image","twitter_misc":{"Dur\u00e9e de lecture estim\u00e9e":"1 minute"},"schema":{"@context":"https:\/\/schema.org","@graph":[{"@type":"WebPage","@id":"https:\/\/districos.standingout.be\/fr\/product\/cobra-eye-make-up-remover-soft-250-ml-ref-7102-021\/","url":"https:\/\/districos.standingout.be\/fr\/product\/cobra-eye-make-up-remover-soft-250-ml-ref-7102-021\/","name":"Cobra Eye Make-Up Remover Soft 250 ml - Districos Webshop","isPartOf":{"@id":"https:\/\/districos.standingout.be\/fr\/#website"},"primaryImageOfPage":{"@id":"https:\/\/districos.standingout.be\/fr\/product\/cobra-eye-make-up-remover-soft-250-ml-ref-7102-021\/#primaryimage"},"image":{"@id":"https:\/\/districos.standingout.be\/fr\/product\/cobra-eye-make-up-remover-soft-250-ml-ref-7102-021\/#primaryimage"},"thumbnailUrl":"https:\/\/districos.standingout.be\/wp-content\/uploads\/2025\/07\/7102.021@LowRes_1_0.png","datePublished":"2026-04-28T08:10:47+00:00","dateModified":"2026-04-28T08:10:51+00:00","breadcrumb":{"@id":"https:\/\/districos.standingout.be\/fr\/product\/cobra-eye-make-up-remover-soft-250-ml-ref-7102-021\/#breadcrumb"},"inLanguage":"fr-FR","potentialAction":[{"@type":"ReadAction","target":["https:\/\/districos.standingout.be\/fr\/product\/cobra-eye-make-up-remover-soft-250-ml-ref-7102-021\/"]}]},{"@type":"ImageObject","inLanguage":"fr-FR","@id":"https:\/\/districos.standingout.be\/fr\/product\/cobra-eye-make-up-remover-soft-250-ml-ref-7102-021\/#primaryimage","url":"https:\/\/districos.standingout.be\/wp-content\/uploads\/2025\/07\/7102.021@LowRes_1_0.png","contentUrl":"https:\/\/districos.standingout.be\/wp-content\/uploads\/2025\/07\/7102.021@LowRes_1_0.png","width":600,"height":600},{"@type":"BreadcrumbList","@id":"https:\/\/districos.standingout.be\/fr\/product\/cobra-eye-make-up-remover-soft-250-ml-ref-7102-021\/#breadcrumb","itemListElement":[{"@type":"ListItem","position":1,"name":"Home","item":"https:\/\/districos.standingout.be\/fr\/bienvenue-chez-districos\/"},{"@type":"ListItem","position":2,"name":"Boutique","item":"https:\/\/districos.standingout.be\/fr\/boutique\/"},{"@type":"ListItem","position":3,"name":"Cobra Eye Make-Up Remover Soft 250 ml"}]},{"@type":"WebSite","@id":"https:\/\/districos.standingout.be\/fr\/#website","url":"https:\/\/districos.standingout.be\/fr\/","name":"Districos Webshop","description":"","publisher":{"@id":"https:\/\/districos.standingout.be\/fr\/#organization"},"potentialAction":[{"@type":"SearchAction","target":{"@type":"EntryPoint","urlTemplate":"https:\/\/districos.standingout.be\/fr\/?s={search_term_string}"},"query-input":{"@type":"PropertyValueSpecification","valueRequired":true,"valueName":"search_term_string"}}],"inLanguage":"fr-FR"},{"@type":"Organization","@id":"https:\/\/districos.standingout.be\/fr\/#organization","name":"Districos Webshop","url":"https:\/\/districos.standingout.be\/fr\/","logo":{"@type":"ImageObject","inLanguage":"fr-FR","@id":"https:\/\/districos.standingout.be\/fr\/#\/schema\/logo\/image\/","url":"https:\/\/districos.standingout.be\/wp-content\/uploads\/2022\/09\/Districos_Logo_Webshop.svg","contentUrl":"https:\/\/districos.standingout.be\/wp-content\/uploads\/2022\/09\/Districos_Logo_Webshop.svg","caption":"Districos Webshop"},"image":{"@id":"https:\/\/districos.standingout.be\/fr\/#\/schema\/logo\/image\/"}}]}},"_links":{"self":[{"href":"https:\/\/districos.standingout.be\/fr\/wp-json\/wp\/v2\/product\/137371","targetHints":{"allow":["GET"]}}],"collection":[{"href":"https:\/\/districos.standingout.be\/fr\/wp-json\/wp\/v2\/product"}],"about":[{"href":"https:\/\/districos.standingout.be\/fr\/wp-json\/wp\/v2\/types\/product"}],"replies":[{"embeddable":true,"href":"https:\/\/districos.standingout.be\/fr\/wp-json\/wp\/v2\/comments?post=137371"}],"wp:featuredmedia":[{"embeddable":true,"href":"https:\/\/districos.standingout.be\/fr\/wp-json\/wp\/v2\/media\/78428"}],"wp:attachment":[{"href":"https:\/\/districos.standingout.be\/fr\/wp-json\/wp\/v2\/media?parent=137371"}],"wp:term":[{"taxonomy":"product_brand","embeddable":true,"href":"https:\/\/districos.standingout.be\/fr\/wp-json\/wp\/v2\/product_brand?post=137371"},{"taxonomy":"product_cat","embeddable":true,"href":"https:\/\/districos.standingout.be\/fr\/wp-json\/wp\/v2\/product_cat?post=137371"},{"taxonomy":"product_tag","embeddable":true,"href":"https:\/\/districos.standingout.be\/fr\/wp-json\/wp\/v2\/product_tag?post=137371"}],"curies":[{"name":"wp","href":"https:\/\/api.w.org\/{rel}","templated":true}]}}