{"id":137377,"date":"2026-04-28T10:11:46","date_gmt":"2026-04-28T08:11:46","guid":{"rendered":"https:\/\/webshopdistricoscom.webhosting.be\/product\/cobra-eyelash-foam-cleanser-100-ml-ref-7102-50-2\/"},"modified":"2026-04-28T10:11:49","modified_gmt":"2026-04-28T08:11:49","slug":"cobra-eyelash-foam-cleanser-100-ml-ref-7102-50","status":"publish","type":"product","link":"https:\/\/districos.standingout.be\/fr\/product\/cobra-eyelash-foam-cleanser-100-ml-ref-7102-50\/","title":{"rendered":"Cobra Eyelash Foam Cleanser 100 ml"},"content":{"rendered":"<p >\n<p dir=ltr>Lorsque l\u2019on porte des extensions de cils, le nettoyage quotidien des cils est tr\u00e8s important. Cela r\u00e9duit le risque d\u2019irritation ou d\u2019inflammation de la peau autour des cils et \u00e9vite les r\u00e9actions allergiques. De plus, il prolonge la dur\u00e9e de vie des extensions et maintient les cils naturels en bonne sant\u00e9. <\/p>\n<p> <b>Utilisation \u00e0 domicile : <\/b>Appliquez une petite quantit\u00e9 sur la brosse (humidifi\u00e9e) et brossez doucement avec un mouvement descendant \u00e0 travers les extensions sans ouvrir les yeux. Rincez bien \u00e0 l\u2019eau et essuyez avec une serviette non pelucheuse. Utilisez ensuite une brosse \u00e0 mascara pour brosser \u00e0 nouveau les cils bien droits.<\/p><\/p>\n","protected":false},"excerpt":{"rendered":"<p>Lorsque l\u2019on porte des extensions de cils, le nettoyage quotidien des cils est tr\u00e8s important. Cela r\u00e9duit le risque d\u2019irritation ou d\u2019inflammation de la peau autour des cils et \u00e9vite les r\u00e9actions allergiques. De plus, il prolonge la dur\u00e9e de vie des extensions et maintient les cils naturels en bonne sant\u00e9. Utilisation \u00e0 domicile : [&hellip;]<\/p>\n","protected":false},"featured_media":78437,"comment_status":"open","ping_status":"closed","template":"","meta":{"_acf_changed":false},"product_brand":[10338],"product_cat":[9984,9982],"product_tag":[],"class_list":{"0":"post-137377","1":"product","2":"type-product","3":"status-publish","4":"has-post-thumbnail","6":"product_brand-cobra-lashes-fr","7":"product_cat-beaute-cils-sourcils-accessoires","8":"product_cat-beaute-cils-sourcils-extension-des-cils","10":"first","11":"instock","12":"taxable","13":"shipping-taxable","14":"product-type-simple"},"acf":[],"yoast_head":"<!-- This site is optimized with the Yoast SEO plugin v27.3 - https:\/\/yoast.com\/product\/yoast-seo-wordpress\/ -->\n<title>Cobra Eyelash Foam Cleanser 100 ml - Districos Webshop<\/title>\n<meta name=\"robots\" content=\"noindex, follow, max-snippet:-1, max-image-preview:large, max-video-preview:-1\" \/>\n<meta property=\"og:locale\" content=\"fr_FR\" \/>\n<meta property=\"og:type\" content=\"article\" \/>\n<meta property=\"og:title\" content=\"Cobra Eyelash Foam Cleanser 100 ml - Districos Webshop\" \/>\n<meta property=\"og:description\" content=\"Lorsque l\u2019on porte des extensions de cils, le nettoyage quotidien des cils est tr\u00e8s important. Cela r\u00e9duit le risque d\u2019irritation ou d\u2019inflammation de la peau autour des cils et \u00e9vite les r\u00e9actions allergiques. De plus, il prolonge la dur\u00e9e de vie des extensions et maintient les cils naturels en bonne sant\u00e9. Utilisation \u00e0 domicile : [&hellip;]\" \/>\n<meta property=\"og:url\" content=\"https:\/\/districos.standingout.be\/fr\/product\/cobra-eyelash-foam-cleanser-100-ml-ref-7102-50\/\" \/>\n<meta property=\"og:site_name\" content=\"Districos Webshop\" \/>\n<meta property=\"article:modified_time\" content=\"2026-04-28T08:11:49+00:00\" \/>\n<meta name=\"twitter:card\" content=\"summary_large_image\" \/>\n<meta name=\"twitter:label1\" content=\"Dur\u00e9e de lecture estim\u00e9e\" \/>\n\t<meta name=\"twitter:data1\" content=\"1 minute\" \/>\n<script type=\"application\/ld+json\" class=\"yoast-schema-graph\">{\"@context\":\"https:\\\/\\\/schema.org\",\"@graph\":[{\"@type\":\"WebPage\",\"@id\":\"https:\\\/\\\/districos.standingout.be\\\/fr\\\/product\\\/cobra-eyelash-foam-cleanser-100-ml-ref-7102-50\\\/\",\"url\":\"https:\\\/\\\/districos.standingout.be\\\/fr\\\/product\\\/cobra-eyelash-foam-cleanser-100-ml-ref-7102-50\\\/\",\"name\":\"Cobra Eyelash Foam Cleanser 100 ml - Districos Webshop\",\"isPartOf\":{\"@id\":\"https:\\\/\\\/districos.standingout.be\\\/fr\\\/#website\"},\"primaryImageOfPage\":{\"@id\":\"https:\\\/\\\/districos.standingout.be\\\/fr\\\/product\\\/cobra-eyelash-foam-cleanser-100-ml-ref-7102-50\\\/#primaryimage\"},\"image\":{\"@id\":\"https:\\\/\\\/districos.standingout.be\\\/fr\\\/product\\\/cobra-eyelash-foam-cleanser-100-ml-ref-7102-50\\\/#primaryimage\"},\"thumbnailUrl\":\"https:\\\/\\\/districos.standingout.be\\\/wp-content\\\/uploads\\\/2025\\\/07\\\/7102.50@LowRes_1_0.png\",\"datePublished\":\"2026-04-28T08:11:46+00:00\",\"dateModified\":\"2026-04-28T08:11:49+00:00\",\"breadcrumb\":{\"@id\":\"https:\\\/\\\/districos.standingout.be\\\/fr\\\/product\\\/cobra-eyelash-foam-cleanser-100-ml-ref-7102-50\\\/#breadcrumb\"},\"inLanguage\":\"fr-FR\",\"potentialAction\":[{\"@type\":\"ReadAction\",\"target\":[\"https:\\\/\\\/districos.standingout.be\\\/fr\\\/product\\\/cobra-eyelash-foam-cleanser-100-ml-ref-7102-50\\\/\"]}]},{\"@type\":\"ImageObject\",\"inLanguage\":\"fr-FR\",\"@id\":\"https:\\\/\\\/districos.standingout.be\\\/fr\\\/product\\\/cobra-eyelash-foam-cleanser-100-ml-ref-7102-50\\\/#primaryimage\",\"url\":\"https:\\\/\\\/districos.standingout.be\\\/wp-content\\\/uploads\\\/2025\\\/07\\\/7102.50@LowRes_1_0.png\",\"contentUrl\":\"https:\\\/\\\/districos.standingout.be\\\/wp-content\\\/uploads\\\/2025\\\/07\\\/7102.50@LowRes_1_0.png\",\"width\":600,\"height\":600},{\"@type\":\"BreadcrumbList\",\"@id\":\"https:\\\/\\\/districos.standingout.be\\\/fr\\\/product\\\/cobra-eyelash-foam-cleanser-100-ml-ref-7102-50\\\/#breadcrumb\",\"itemListElement\":[{\"@type\":\"ListItem\",\"position\":1,\"name\":\"Home\",\"item\":\"https:\\\/\\\/districos.standingout.be\\\/fr\\\/bienvenue-chez-districos\\\/\"},{\"@type\":\"ListItem\",\"position\":2,\"name\":\"Boutique\",\"item\":\"https:\\\/\\\/districos.standingout.be\\\/fr\\\/boutique\\\/\"},{\"@type\":\"ListItem\",\"position\":3,\"name\":\"Cobra Eyelash Foam Cleanser 100 ml\"}]},{\"@type\":\"WebSite\",\"@id\":\"https:\\\/\\\/districos.standingout.be\\\/fr\\\/#website\",\"url\":\"https:\\\/\\\/districos.standingout.be\\\/fr\\\/\",\"name\":\"Districos Webshop\",\"description\":\"\",\"publisher\":{\"@id\":\"https:\\\/\\\/districos.standingout.be\\\/fr\\\/#organization\"},\"potentialAction\":[{\"@type\":\"SearchAction\",\"target\":{\"@type\":\"EntryPoint\",\"urlTemplate\":\"https:\\\/\\\/districos.standingout.be\\\/fr\\\/?s={search_term_string}\"},\"query-input\":{\"@type\":\"PropertyValueSpecification\",\"valueRequired\":true,\"valueName\":\"search_term_string\"}}],\"inLanguage\":\"fr-FR\"},{\"@type\":\"Organization\",\"@id\":\"https:\\\/\\\/districos.standingout.be\\\/fr\\\/#organization\",\"name\":\"Districos Webshop\",\"url\":\"https:\\\/\\\/districos.standingout.be\\\/fr\\\/\",\"logo\":{\"@type\":\"ImageObject\",\"inLanguage\":\"fr-FR\",\"@id\":\"https:\\\/\\\/districos.standingout.be\\\/fr\\\/#\\\/schema\\\/logo\\\/image\\\/\",\"url\":\"https:\\\/\\\/districos.standingout.be\\\/wp-content\\\/uploads\\\/2022\\\/09\\\/Districos_Logo_Webshop.svg\",\"contentUrl\":\"https:\\\/\\\/districos.standingout.be\\\/wp-content\\\/uploads\\\/2022\\\/09\\\/Districos_Logo_Webshop.svg\",\"caption\":\"Districos Webshop\"},\"image\":{\"@id\":\"https:\\\/\\\/districos.standingout.be\\\/fr\\\/#\\\/schema\\\/logo\\\/image\\\/\"}}]}<\/script>\n<!-- \/ Yoast SEO plugin. -->","yoast_head_json":{"title":"Cobra Eyelash Foam Cleanser 100 ml - Districos Webshop","robots":{"index":"noindex","follow":"follow","max-snippet":"max-snippet:-1","max-image-preview":"max-image-preview:large","max-video-preview":"max-video-preview:-1"},"og_locale":"fr_FR","og_type":"article","og_title":"Cobra Eyelash Foam Cleanser 100 ml - Districos Webshop","og_description":"Lorsque l\u2019on porte des extensions de cils, le nettoyage quotidien des cils est tr\u00e8s important. Cela r\u00e9duit le risque d\u2019irritation ou d\u2019inflammation de la peau autour des cils et \u00e9vite les r\u00e9actions allergiques. De plus, il prolonge la dur\u00e9e de vie des extensions et maintient les cils naturels en bonne sant\u00e9. Utilisation \u00e0 domicile : [&hellip;]","og_url":"https:\/\/districos.standingout.be\/fr\/product\/cobra-eyelash-foam-cleanser-100-ml-ref-7102-50\/","og_site_name":"Districos Webshop","article_modified_time":"2026-04-28T08:11:49+00:00","twitter_card":"summary_large_image","twitter_misc":{"Dur\u00e9e de lecture estim\u00e9e":"1 minute"},"schema":{"@context":"https:\/\/schema.org","@graph":[{"@type":"WebPage","@id":"https:\/\/districos.standingout.be\/fr\/product\/cobra-eyelash-foam-cleanser-100-ml-ref-7102-50\/","url":"https:\/\/districos.standingout.be\/fr\/product\/cobra-eyelash-foam-cleanser-100-ml-ref-7102-50\/","name":"Cobra Eyelash Foam Cleanser 100 ml - Districos Webshop","isPartOf":{"@id":"https:\/\/districos.standingout.be\/fr\/#website"},"primaryImageOfPage":{"@id":"https:\/\/districos.standingout.be\/fr\/product\/cobra-eyelash-foam-cleanser-100-ml-ref-7102-50\/#primaryimage"},"image":{"@id":"https:\/\/districos.standingout.be\/fr\/product\/cobra-eyelash-foam-cleanser-100-ml-ref-7102-50\/#primaryimage"},"thumbnailUrl":"https:\/\/districos.standingout.be\/wp-content\/uploads\/2025\/07\/7102.50@LowRes_1_0.png","datePublished":"2026-04-28T08:11:46+00:00","dateModified":"2026-04-28T08:11:49+00:00","breadcrumb":{"@id":"https:\/\/districos.standingout.be\/fr\/product\/cobra-eyelash-foam-cleanser-100-ml-ref-7102-50\/#breadcrumb"},"inLanguage":"fr-FR","potentialAction":[{"@type":"ReadAction","target":["https:\/\/districos.standingout.be\/fr\/product\/cobra-eyelash-foam-cleanser-100-ml-ref-7102-50\/"]}]},{"@type":"ImageObject","inLanguage":"fr-FR","@id":"https:\/\/districos.standingout.be\/fr\/product\/cobra-eyelash-foam-cleanser-100-ml-ref-7102-50\/#primaryimage","url":"https:\/\/districos.standingout.be\/wp-content\/uploads\/2025\/07\/7102.50@LowRes_1_0.png","contentUrl":"https:\/\/districos.standingout.be\/wp-content\/uploads\/2025\/07\/7102.50@LowRes_1_0.png","width":600,"height":600},{"@type":"BreadcrumbList","@id":"https:\/\/districos.standingout.be\/fr\/product\/cobra-eyelash-foam-cleanser-100-ml-ref-7102-50\/#breadcrumb","itemListElement":[{"@type":"ListItem","position":1,"name":"Home","item":"https:\/\/districos.standingout.be\/fr\/bienvenue-chez-districos\/"},{"@type":"ListItem","position":2,"name":"Boutique","item":"https:\/\/districos.standingout.be\/fr\/boutique\/"},{"@type":"ListItem","position":3,"name":"Cobra Eyelash Foam Cleanser 100 ml"}]},{"@type":"WebSite","@id":"https:\/\/districos.standingout.be\/fr\/#website","url":"https:\/\/districos.standingout.be\/fr\/","name":"Districos Webshop","description":"","publisher":{"@id":"https:\/\/districos.standingout.be\/fr\/#organization"},"potentialAction":[{"@type":"SearchAction","target":{"@type":"EntryPoint","urlTemplate":"https:\/\/districos.standingout.be\/fr\/?s={search_term_string}"},"query-input":{"@type":"PropertyValueSpecification","valueRequired":true,"valueName":"search_term_string"}}],"inLanguage":"fr-FR"},{"@type":"Organization","@id":"https:\/\/districos.standingout.be\/fr\/#organization","name":"Districos Webshop","url":"https:\/\/districos.standingout.be\/fr\/","logo":{"@type":"ImageObject","inLanguage":"fr-FR","@id":"https:\/\/districos.standingout.be\/fr\/#\/schema\/logo\/image\/","url":"https:\/\/districos.standingout.be\/wp-content\/uploads\/2022\/09\/Districos_Logo_Webshop.svg","contentUrl":"https:\/\/districos.standingout.be\/wp-content\/uploads\/2022\/09\/Districos_Logo_Webshop.svg","caption":"Districos Webshop"},"image":{"@id":"https:\/\/districos.standingout.be\/fr\/#\/schema\/logo\/image\/"}}]}},"_links":{"self":[{"href":"https:\/\/districos.standingout.be\/fr\/wp-json\/wp\/v2\/product\/137377","targetHints":{"allow":["GET"]}}],"collection":[{"href":"https:\/\/districos.standingout.be\/fr\/wp-json\/wp\/v2\/product"}],"about":[{"href":"https:\/\/districos.standingout.be\/fr\/wp-json\/wp\/v2\/types\/product"}],"replies":[{"embeddable":true,"href":"https:\/\/districos.standingout.be\/fr\/wp-json\/wp\/v2\/comments?post=137377"}],"wp:featuredmedia":[{"embeddable":true,"href":"https:\/\/districos.standingout.be\/fr\/wp-json\/wp\/v2\/media\/78437"}],"wp:attachment":[{"href":"https:\/\/districos.standingout.be\/fr\/wp-json\/wp\/v2\/media?parent=137377"}],"wp:term":[{"taxonomy":"product_brand","embeddable":true,"href":"https:\/\/districos.standingout.be\/fr\/wp-json\/wp\/v2\/product_brand?post=137377"},{"taxonomy":"product_cat","embeddable":true,"href":"https:\/\/districos.standingout.be\/fr\/wp-json\/wp\/v2\/product_cat?post=137377"},{"taxonomy":"product_tag","embeddable":true,"href":"https:\/\/districos.standingout.be\/fr\/wp-json\/wp\/v2\/product_tag?post=137377"}],"curies":[{"name":"wp","href":"https:\/\/api.w.org\/{rel}","templated":true}]}}