{"id":137379,"date":"2026-04-28T10:11:51","date_gmt":"2026-04-28T08:11:51","guid":{"rendered":"https:\/\/webshopdistricoscom.webhosting.be\/product\/cobra-eyelash-foam-cleanser-100-ml-brosse-de-nettoyage-ref-7102-51\/"},"modified":"2026-04-28T10:11:54","modified_gmt":"2026-04-28T08:11:54","slug":"cobra-eyelash-foam-cleanser-100-ml-brosse-de-nettoyage-ref-7102-51","status":"publish","type":"product","link":"https:\/\/districos.standingout.be\/fr\/product\/cobra-eyelash-foam-cleanser-100-ml-brosse-de-nettoyage-ref-7102-51\/","title":{"rendered":"Cobra Eyelash Foam Cleanser 100 ml + Brosse de Nettoyage"},"content":{"rendered":"<p >\n<\/p>\n<p dir=\"ltr\"><b>Un must pour un bon suivi des extensions de cils !<\/b><\/p>\n<p dir=\"ltr\">Lorsque l\u2019on porte des extensions de cils, le nettoyage quotidien des cils est tr\u00e8s important. Cela r\u00e9duit le risque d\u2019irritation ou d\u2019inflammation de la peau autour des cils et \u00e9vite les r\u00e9actions allergiques. De plus, il prolonge la dur\u00e9e de vie des extensions et maintient les cils naturels en bonne sant\u00e9.<br \/> <b>Contenu : <\/b>1 x 100 ml Eyelash Foam Cleanser + brosse de nettoyage \u00e0 cils<br \/> <b>Utilisation \u00e0 domicile :&nbsp;<\/b>Appliquez une petite quantit\u00e9 sur la brosse (humidifi\u00e9e) et brossez doucement avec un mouvement descendant \u00e0 travers les extensions sans ouvrir les yeux. Rincez bien \u00e0 l\u2019eau et essuyez avec un coton non pelucheux. Utilisez ensuite une brosse \u00e0 mascara pour brosser \u00e0 nouveau les cils bien droits.<\/p>\n<p> <b><\/b><\/p><\/p>\n","protected":false},"excerpt":{"rendered":"<p>Un must pour un bon suivi des extensions de cils ! Lorsque l\u2019on porte des extensions de cils, le nettoyage quotidien des cils est tr\u00e8s important. Cela r\u00e9duit le risque d\u2019irritation ou d\u2019inflammation de la peau autour des cils et \u00e9vite les r\u00e9actions allergiques. De plus, il prolonge la dur\u00e9e de vie des extensions et [&hellip;]<\/p>\n","protected":false},"featured_media":78440,"comment_status":"open","ping_status":"closed","template":"","meta":{"_acf_changed":false},"product_brand":[10338],"product_cat":[9984,9982],"product_tag":[],"class_list":{"0":"post-137379","1":"product","2":"type-product","3":"status-publish","4":"has-post-thumbnail","6":"product_brand-cobra-lashes-fr","7":"product_cat-beaute-cils-sourcils-accessoires","8":"product_cat-beaute-cils-sourcils-extension-des-cils","10":"first","11":"instock","12":"taxable","13":"shipping-taxable","14":"product-type-simple"},"acf":[],"yoast_head":"<!-- This site is optimized with the Yoast SEO plugin v27.3 - https:\/\/yoast.com\/product\/yoast-seo-wordpress\/ -->\n<title>Cobra Eyelash Foam Cleanser 100 ml + Brosse de Nettoyage - Districos Webshop<\/title>\n<meta name=\"robots\" content=\"noindex, follow, max-snippet:-1, max-image-preview:large, max-video-preview:-1\" \/>\n<meta property=\"og:locale\" content=\"fr_FR\" \/>\n<meta property=\"og:type\" content=\"article\" \/>\n<meta property=\"og:title\" content=\"Cobra Eyelash Foam Cleanser 100 ml + Brosse de Nettoyage - Districos Webshop\" \/>\n<meta property=\"og:description\" content=\"Un must pour un bon suivi des extensions de cils ! Lorsque l\u2019on porte des extensions de cils, le nettoyage quotidien des cils est tr\u00e8s important. Cela r\u00e9duit le risque d\u2019irritation ou d\u2019inflammation de la peau autour des cils et \u00e9vite les r\u00e9actions allergiques. De plus, il prolonge la dur\u00e9e de vie des extensions et [&hellip;]\" \/>\n<meta property=\"og:url\" content=\"https:\/\/districos.standingout.be\/fr\/product\/cobra-eyelash-foam-cleanser-100-ml-brosse-de-nettoyage-ref-7102-51\/\" \/>\n<meta property=\"og:site_name\" content=\"Districos Webshop\" \/>\n<meta property=\"article:modified_time\" content=\"2026-04-28T08:11:54+00:00\" \/>\n<meta name=\"twitter:card\" content=\"summary_large_image\" \/>\n<meta name=\"twitter:label1\" content=\"Dur\u00e9e de lecture estim\u00e9e\" \/>\n\t<meta name=\"twitter:data1\" content=\"1 minute\" \/>\n<script type=\"application\/ld+json\" class=\"yoast-schema-graph\">{\"@context\":\"https:\\\/\\\/schema.org\",\"@graph\":[{\"@type\":\"WebPage\",\"@id\":\"https:\\\/\\\/districos.standingout.be\\\/fr\\\/product\\\/cobra-eyelash-foam-cleanser-100-ml-brosse-de-nettoyage-ref-7102-51\\\/\",\"url\":\"https:\\\/\\\/districos.standingout.be\\\/fr\\\/product\\\/cobra-eyelash-foam-cleanser-100-ml-brosse-de-nettoyage-ref-7102-51\\\/\",\"name\":\"Cobra Eyelash Foam Cleanser 100 ml + Brosse de Nettoyage - Districos Webshop\",\"isPartOf\":{\"@id\":\"https:\\\/\\\/districos.standingout.be\\\/fr\\\/#website\"},\"primaryImageOfPage\":{\"@id\":\"https:\\\/\\\/districos.standingout.be\\\/fr\\\/product\\\/cobra-eyelash-foam-cleanser-100-ml-brosse-de-nettoyage-ref-7102-51\\\/#primaryimage\"},\"image\":{\"@id\":\"https:\\\/\\\/districos.standingout.be\\\/fr\\\/product\\\/cobra-eyelash-foam-cleanser-100-ml-brosse-de-nettoyage-ref-7102-51\\\/#primaryimage\"},\"thumbnailUrl\":\"https:\\\/\\\/districos.standingout.be\\\/wp-content\\\/uploads\\\/2025\\\/07\\\/7102.51@LowRes_1_0.png\",\"datePublished\":\"2026-04-28T08:11:51+00:00\",\"dateModified\":\"2026-04-28T08:11:54+00:00\",\"breadcrumb\":{\"@id\":\"https:\\\/\\\/districos.standingout.be\\\/fr\\\/product\\\/cobra-eyelash-foam-cleanser-100-ml-brosse-de-nettoyage-ref-7102-51\\\/#breadcrumb\"},\"inLanguage\":\"fr-FR\",\"potentialAction\":[{\"@type\":\"ReadAction\",\"target\":[\"https:\\\/\\\/districos.standingout.be\\\/fr\\\/product\\\/cobra-eyelash-foam-cleanser-100-ml-brosse-de-nettoyage-ref-7102-51\\\/\"]}]},{\"@type\":\"ImageObject\",\"inLanguage\":\"fr-FR\",\"@id\":\"https:\\\/\\\/districos.standingout.be\\\/fr\\\/product\\\/cobra-eyelash-foam-cleanser-100-ml-brosse-de-nettoyage-ref-7102-51\\\/#primaryimage\",\"url\":\"https:\\\/\\\/districos.standingout.be\\\/wp-content\\\/uploads\\\/2025\\\/07\\\/7102.51@LowRes_1_0.png\",\"contentUrl\":\"https:\\\/\\\/districos.standingout.be\\\/wp-content\\\/uploads\\\/2025\\\/07\\\/7102.51@LowRes_1_0.png\",\"width\":600,\"height\":600},{\"@type\":\"BreadcrumbList\",\"@id\":\"https:\\\/\\\/districos.standingout.be\\\/fr\\\/product\\\/cobra-eyelash-foam-cleanser-100-ml-brosse-de-nettoyage-ref-7102-51\\\/#breadcrumb\",\"itemListElement\":[{\"@type\":\"ListItem\",\"position\":1,\"name\":\"Home\",\"item\":\"https:\\\/\\\/districos.standingout.be\\\/fr\\\/bienvenue-chez-districos\\\/\"},{\"@type\":\"ListItem\",\"position\":2,\"name\":\"Boutique\",\"item\":\"https:\\\/\\\/districos.standingout.be\\\/fr\\\/boutique\\\/\"},{\"@type\":\"ListItem\",\"position\":3,\"name\":\"Cobra Eyelash Foam Cleanser 100 ml + Brosse de Nettoyage\"}]},{\"@type\":\"WebSite\",\"@id\":\"https:\\\/\\\/districos.standingout.be\\\/fr\\\/#website\",\"url\":\"https:\\\/\\\/districos.standingout.be\\\/fr\\\/\",\"name\":\"Districos Webshop\",\"description\":\"\",\"publisher\":{\"@id\":\"https:\\\/\\\/districos.standingout.be\\\/fr\\\/#organization\"},\"potentialAction\":[{\"@type\":\"SearchAction\",\"target\":{\"@type\":\"EntryPoint\",\"urlTemplate\":\"https:\\\/\\\/districos.standingout.be\\\/fr\\\/?s={search_term_string}\"},\"query-input\":{\"@type\":\"PropertyValueSpecification\",\"valueRequired\":true,\"valueName\":\"search_term_string\"}}],\"inLanguage\":\"fr-FR\"},{\"@type\":\"Organization\",\"@id\":\"https:\\\/\\\/districos.standingout.be\\\/fr\\\/#organization\",\"name\":\"Districos Webshop\",\"url\":\"https:\\\/\\\/districos.standingout.be\\\/fr\\\/\",\"logo\":{\"@type\":\"ImageObject\",\"inLanguage\":\"fr-FR\",\"@id\":\"https:\\\/\\\/districos.standingout.be\\\/fr\\\/#\\\/schema\\\/logo\\\/image\\\/\",\"url\":\"https:\\\/\\\/districos.standingout.be\\\/wp-content\\\/uploads\\\/2022\\\/09\\\/Districos_Logo_Webshop.svg\",\"contentUrl\":\"https:\\\/\\\/districos.standingout.be\\\/wp-content\\\/uploads\\\/2022\\\/09\\\/Districos_Logo_Webshop.svg\",\"caption\":\"Districos Webshop\"},\"image\":{\"@id\":\"https:\\\/\\\/districos.standingout.be\\\/fr\\\/#\\\/schema\\\/logo\\\/image\\\/\"}}]}<\/script>\n<!-- \/ Yoast SEO plugin. -->","yoast_head_json":{"title":"Cobra Eyelash Foam Cleanser 100 ml + Brosse de Nettoyage - Districos Webshop","robots":{"index":"noindex","follow":"follow","max-snippet":"max-snippet:-1","max-image-preview":"max-image-preview:large","max-video-preview":"max-video-preview:-1"},"og_locale":"fr_FR","og_type":"article","og_title":"Cobra Eyelash Foam Cleanser 100 ml + Brosse de Nettoyage - Districos Webshop","og_description":"Un must pour un bon suivi des extensions de cils ! Lorsque l\u2019on porte des extensions de cils, le nettoyage quotidien des cils est tr\u00e8s important. Cela r\u00e9duit le risque d\u2019irritation ou d\u2019inflammation de la peau autour des cils et \u00e9vite les r\u00e9actions allergiques. De plus, il prolonge la dur\u00e9e de vie des extensions et [&hellip;]","og_url":"https:\/\/districos.standingout.be\/fr\/product\/cobra-eyelash-foam-cleanser-100-ml-brosse-de-nettoyage-ref-7102-51\/","og_site_name":"Districos Webshop","article_modified_time":"2026-04-28T08:11:54+00:00","twitter_card":"summary_large_image","twitter_misc":{"Dur\u00e9e de lecture estim\u00e9e":"1 minute"},"schema":{"@context":"https:\/\/schema.org","@graph":[{"@type":"WebPage","@id":"https:\/\/districos.standingout.be\/fr\/product\/cobra-eyelash-foam-cleanser-100-ml-brosse-de-nettoyage-ref-7102-51\/","url":"https:\/\/districos.standingout.be\/fr\/product\/cobra-eyelash-foam-cleanser-100-ml-brosse-de-nettoyage-ref-7102-51\/","name":"Cobra Eyelash Foam Cleanser 100 ml + Brosse de Nettoyage - Districos Webshop","isPartOf":{"@id":"https:\/\/districos.standingout.be\/fr\/#website"},"primaryImageOfPage":{"@id":"https:\/\/districos.standingout.be\/fr\/product\/cobra-eyelash-foam-cleanser-100-ml-brosse-de-nettoyage-ref-7102-51\/#primaryimage"},"image":{"@id":"https:\/\/districos.standingout.be\/fr\/product\/cobra-eyelash-foam-cleanser-100-ml-brosse-de-nettoyage-ref-7102-51\/#primaryimage"},"thumbnailUrl":"https:\/\/districos.standingout.be\/wp-content\/uploads\/2025\/07\/7102.51@LowRes_1_0.png","datePublished":"2026-04-28T08:11:51+00:00","dateModified":"2026-04-28T08:11:54+00:00","breadcrumb":{"@id":"https:\/\/districos.standingout.be\/fr\/product\/cobra-eyelash-foam-cleanser-100-ml-brosse-de-nettoyage-ref-7102-51\/#breadcrumb"},"inLanguage":"fr-FR","potentialAction":[{"@type":"ReadAction","target":["https:\/\/districos.standingout.be\/fr\/product\/cobra-eyelash-foam-cleanser-100-ml-brosse-de-nettoyage-ref-7102-51\/"]}]},{"@type":"ImageObject","inLanguage":"fr-FR","@id":"https:\/\/districos.standingout.be\/fr\/product\/cobra-eyelash-foam-cleanser-100-ml-brosse-de-nettoyage-ref-7102-51\/#primaryimage","url":"https:\/\/districos.standingout.be\/wp-content\/uploads\/2025\/07\/7102.51@LowRes_1_0.png","contentUrl":"https:\/\/districos.standingout.be\/wp-content\/uploads\/2025\/07\/7102.51@LowRes_1_0.png","width":600,"height":600},{"@type":"BreadcrumbList","@id":"https:\/\/districos.standingout.be\/fr\/product\/cobra-eyelash-foam-cleanser-100-ml-brosse-de-nettoyage-ref-7102-51\/#breadcrumb","itemListElement":[{"@type":"ListItem","position":1,"name":"Home","item":"https:\/\/districos.standingout.be\/fr\/bienvenue-chez-districos\/"},{"@type":"ListItem","position":2,"name":"Boutique","item":"https:\/\/districos.standingout.be\/fr\/boutique\/"},{"@type":"ListItem","position":3,"name":"Cobra Eyelash Foam Cleanser 100 ml + Brosse de Nettoyage"}]},{"@type":"WebSite","@id":"https:\/\/districos.standingout.be\/fr\/#website","url":"https:\/\/districos.standingout.be\/fr\/","name":"Districos Webshop","description":"","publisher":{"@id":"https:\/\/districos.standingout.be\/fr\/#organization"},"potentialAction":[{"@type":"SearchAction","target":{"@type":"EntryPoint","urlTemplate":"https:\/\/districos.standingout.be\/fr\/?s={search_term_string}"},"query-input":{"@type":"PropertyValueSpecification","valueRequired":true,"valueName":"search_term_string"}}],"inLanguage":"fr-FR"},{"@type":"Organization","@id":"https:\/\/districos.standingout.be\/fr\/#organization","name":"Districos Webshop","url":"https:\/\/districos.standingout.be\/fr\/","logo":{"@type":"ImageObject","inLanguage":"fr-FR","@id":"https:\/\/districos.standingout.be\/fr\/#\/schema\/logo\/image\/","url":"https:\/\/districos.standingout.be\/wp-content\/uploads\/2022\/09\/Districos_Logo_Webshop.svg","contentUrl":"https:\/\/districos.standingout.be\/wp-content\/uploads\/2022\/09\/Districos_Logo_Webshop.svg","caption":"Districos Webshop"},"image":{"@id":"https:\/\/districos.standingout.be\/fr\/#\/schema\/logo\/image\/"}}]}},"_links":{"self":[{"href":"https:\/\/districos.standingout.be\/fr\/wp-json\/wp\/v2\/product\/137379","targetHints":{"allow":["GET"]}}],"collection":[{"href":"https:\/\/districos.standingout.be\/fr\/wp-json\/wp\/v2\/product"}],"about":[{"href":"https:\/\/districos.standingout.be\/fr\/wp-json\/wp\/v2\/types\/product"}],"replies":[{"embeddable":true,"href":"https:\/\/districos.standingout.be\/fr\/wp-json\/wp\/v2\/comments?post=137379"}],"wp:featuredmedia":[{"embeddable":true,"href":"https:\/\/districos.standingout.be\/fr\/wp-json\/wp\/v2\/media\/78440"}],"wp:attachment":[{"href":"https:\/\/districos.standingout.be\/fr\/wp-json\/wp\/v2\/media?parent=137379"}],"wp:term":[{"taxonomy":"product_brand","embeddable":true,"href":"https:\/\/districos.standingout.be\/fr\/wp-json\/wp\/v2\/product_brand?post=137379"},{"taxonomy":"product_cat","embeddable":true,"href":"https:\/\/districos.standingout.be\/fr\/wp-json\/wp\/v2\/product_cat?post=137379"},{"taxonomy":"product_tag","embeddable":true,"href":"https:\/\/districos.standingout.be\/fr\/wp-json\/wp\/v2\/product_tag?post=137379"}],"curies":[{"name":"wp","href":"https:\/\/api.w.org\/{rel}","templated":true}]}}