{"id":137389,"date":"2026-04-28T10:12:15","date_gmt":"2026-04-28T08:12:15","guid":{"rendered":"https:\/\/webshopdistricoscom.webhosting.be\/product\/cobra-brow-mapping-fil-blanc-30-m-ref-7102-62\/"},"modified":"2026-04-28T10:12:17","modified_gmt":"2026-04-28T08:12:17","slug":"cobra-brow-mapping-fil-blanc-30-m-ref-7102-62","status":"publish","type":"product","link":"https:\/\/districos.standingout.be\/fr\/product\/cobra-brow-mapping-fil-blanc-30-m-ref-7102-62\/","title":{"rendered":"Cobra Brow Mapping Fil Blanc 30 m"},"content":{"rendered":"<p >\n<\/p>\n<\/p>\n<p data-start=\"30\" data-end=\"83\"><strong data-start=\"30\" data-end=\"83\">Outil pratique pour mettre les sourcils en forme.<\/strong><\/p>\n<p data-start=\"85\" data-end=\"277\">\n<p>Avec la Cobra Brow Mapping Fil, vous cartographiez rapidement et facilement la forme id\u00e9ale des sourcils gr\u00e2ce \u00e0 des lignes fines et nettes. Le fil est d\u00e9j\u00e0 pigment\u00e9 et pr\u00eat \u00e0 l&#8217;emploi.<\/p>\n<\/p>\n<ul>\n<li><span>Contenu : 30 m&nbsp;<\/span><\/li>\n<li>Couleur : blanc<\/li>\n<\/ul>\n<p><b>\u00c9galement disponible en noir :<\/b><\/p>\n<\/p>\n<ul>\n<li>Cobra Brow Mapping Fil Noir 30 m (<a href=\"https:\/\/webshop.districos.com\/ProductDetail\/7102.61\" target=\"_blank\" rel=\"noopener noreferrer nofollow\">r\u00e9f. 7102.61<\/a>)<\/li>\n<\/ul>\n","protected":false},"excerpt":{"rendered":"<p>Outil pratique pour mettre les sourcils en forme. Avec la Cobra Brow Mapping Fil, vous cartographiez rapidement et facilement la forme id\u00e9ale des sourcils gr\u00e2ce \u00e0 des lignes fines et nettes. Le fil est d\u00e9j\u00e0 pigment\u00e9 et pr\u00eat \u00e0 l&#8217;emploi. Contenu : 30 m&nbsp; Couleur : blanc \u00c9galement disponible en noir : Cobra Brow Mapping [&hellip;]<\/p>\n","protected":false},"featured_media":147598,"comment_status":"open","ping_status":"closed","template":"","meta":{"_acf_changed":false},"product_brand":[10336],"product_cat":[9984,9982,9882],"product_tag":[],"class_list":{"0":"post-137389","1":"product","2":"type-product","3":"status-publish","4":"has-post-thumbnail","6":"product_brand-cobra-cosmetics-fr","7":"product_cat-beaute-cils-sourcils-accessoires","8":"product_cat-beaute-cils-sourcils-extension-des-cils","9":"product_cat-beaute-maquillage-yeux-sourcils","11":"first","12":"instock","13":"taxable","14":"shipping-taxable","15":"product-type-simple"},"acf":[],"yoast_head":"<!-- This site is optimized with the Yoast SEO plugin v27.3 - https:\/\/yoast.com\/product\/yoast-seo-wordpress\/ -->\n<title>Cobra Brow Mapping Fil Blanc 30 m - Districos Webshop<\/title>\n<meta name=\"robots\" content=\"noindex, follow, max-snippet:-1, max-image-preview:large, max-video-preview:-1\" \/>\n<meta property=\"og:locale\" content=\"fr_FR\" \/>\n<meta property=\"og:type\" content=\"article\" \/>\n<meta property=\"og:title\" content=\"Cobra Brow Mapping Fil Blanc 30 m - Districos Webshop\" \/>\n<meta property=\"og:description\" content=\"Outil pratique pour mettre les sourcils en forme. Avec la Cobra Brow Mapping Fil, vous cartographiez rapidement et facilement la forme id\u00e9ale des sourcils gr\u00e2ce \u00e0 des lignes fines et nettes. Le fil est d\u00e9j\u00e0 pigment\u00e9 et pr\u00eat \u00e0 l&#8217;emploi. Contenu : 30 m&nbsp; Couleur : blanc \u00c9galement disponible en noir : Cobra Brow Mapping [&hellip;]\" \/>\n<meta property=\"og:url\" content=\"https:\/\/districos.standingout.be\/fr\/product\/cobra-brow-mapping-fil-blanc-30-m-ref-7102-62\/\" \/>\n<meta property=\"og:site_name\" content=\"Districos Webshop\" \/>\n<meta property=\"article:modified_time\" content=\"2026-04-28T08:12:17+00:00\" \/>\n<meta name=\"twitter:card\" content=\"summary_large_image\" \/>\n<script type=\"application\/ld+json\" class=\"yoast-schema-graph\">{\"@context\":\"https:\\\/\\\/schema.org\",\"@graph\":[{\"@type\":\"WebPage\",\"@id\":\"https:\\\/\\\/districos.standingout.be\\\/fr\\\/product\\\/cobra-brow-mapping-fil-blanc-30-m-ref-7102-62\\\/\",\"url\":\"https:\\\/\\\/districos.standingout.be\\\/fr\\\/product\\\/cobra-brow-mapping-fil-blanc-30-m-ref-7102-62\\\/\",\"name\":\"Cobra Brow Mapping Fil Blanc 30 m - Districos Webshop\",\"isPartOf\":{\"@id\":\"https:\\\/\\\/districos.standingout.be\\\/fr\\\/#website\"},\"primaryImageOfPage\":{\"@id\":\"https:\\\/\\\/districos.standingout.be\\\/fr\\\/product\\\/cobra-brow-mapping-fil-blanc-30-m-ref-7102-62\\\/#primaryimage\"},\"image\":{\"@id\":\"https:\\\/\\\/districos.standingout.be\\\/fr\\\/product\\\/cobra-brow-mapping-fil-blanc-30-m-ref-7102-62\\\/#primaryimage\"},\"thumbnailUrl\":\"https:\\\/\\\/districos.standingout.be\\\/wp-content\\\/uploads\\\/2026\\\/04\\\/7102.62@Cobra-Brow-Mapping-String-Wit-10-m_1.png\",\"datePublished\":\"2026-04-28T08:12:15+00:00\",\"dateModified\":\"2026-04-28T08:12:17+00:00\",\"breadcrumb\":{\"@id\":\"https:\\\/\\\/districos.standingout.be\\\/fr\\\/product\\\/cobra-brow-mapping-fil-blanc-30-m-ref-7102-62\\\/#breadcrumb\"},\"inLanguage\":\"fr-FR\",\"potentialAction\":[{\"@type\":\"ReadAction\",\"target\":[\"https:\\\/\\\/districos.standingout.be\\\/fr\\\/product\\\/cobra-brow-mapping-fil-blanc-30-m-ref-7102-62\\\/\"]}]},{\"@type\":\"ImageObject\",\"inLanguage\":\"fr-FR\",\"@id\":\"https:\\\/\\\/districos.standingout.be\\\/fr\\\/product\\\/cobra-brow-mapping-fil-blanc-30-m-ref-7102-62\\\/#primaryimage\",\"url\":\"https:\\\/\\\/districos.standingout.be\\\/wp-content\\\/uploads\\\/2026\\\/04\\\/7102.62@Cobra-Brow-Mapping-String-Wit-10-m_1.png\",\"contentUrl\":\"https:\\\/\\\/districos.standingout.be\\\/wp-content\\\/uploads\\\/2026\\\/04\\\/7102.62@Cobra-Brow-Mapping-String-Wit-10-m_1.png\",\"width\":600,\"height\":600},{\"@type\":\"BreadcrumbList\",\"@id\":\"https:\\\/\\\/districos.standingout.be\\\/fr\\\/product\\\/cobra-brow-mapping-fil-blanc-30-m-ref-7102-62\\\/#breadcrumb\",\"itemListElement\":[{\"@type\":\"ListItem\",\"position\":1,\"name\":\"Home\",\"item\":\"https:\\\/\\\/districos.standingout.be\\\/fr\\\/bienvenue-chez-districos\\\/\"},{\"@type\":\"ListItem\",\"position\":2,\"name\":\"Boutique\",\"item\":\"https:\\\/\\\/districos.standingout.be\\\/fr\\\/boutique\\\/\"},{\"@type\":\"ListItem\",\"position\":3,\"name\":\"Cobra Brow Mapping Fil Blanc 30 m\"}]},{\"@type\":\"WebSite\",\"@id\":\"https:\\\/\\\/districos.standingout.be\\\/fr\\\/#website\",\"url\":\"https:\\\/\\\/districos.standingout.be\\\/fr\\\/\",\"name\":\"Districos Webshop\",\"description\":\"\",\"publisher\":{\"@id\":\"https:\\\/\\\/districos.standingout.be\\\/fr\\\/#organization\"},\"potentialAction\":[{\"@type\":\"SearchAction\",\"target\":{\"@type\":\"EntryPoint\",\"urlTemplate\":\"https:\\\/\\\/districos.standingout.be\\\/fr\\\/?s={search_term_string}\"},\"query-input\":{\"@type\":\"PropertyValueSpecification\",\"valueRequired\":true,\"valueName\":\"search_term_string\"}}],\"inLanguage\":\"fr-FR\"},{\"@type\":\"Organization\",\"@id\":\"https:\\\/\\\/districos.standingout.be\\\/fr\\\/#organization\",\"name\":\"Districos Webshop\",\"url\":\"https:\\\/\\\/districos.standingout.be\\\/fr\\\/\",\"logo\":{\"@type\":\"ImageObject\",\"inLanguage\":\"fr-FR\",\"@id\":\"https:\\\/\\\/districos.standingout.be\\\/fr\\\/#\\\/schema\\\/logo\\\/image\\\/\",\"url\":\"https:\\\/\\\/districos.standingout.be\\\/wp-content\\\/uploads\\\/2022\\\/09\\\/Districos_Logo_Webshop.svg\",\"contentUrl\":\"https:\\\/\\\/districos.standingout.be\\\/wp-content\\\/uploads\\\/2022\\\/09\\\/Districos_Logo_Webshop.svg\",\"caption\":\"Districos Webshop\"},\"image\":{\"@id\":\"https:\\\/\\\/districos.standingout.be\\\/fr\\\/#\\\/schema\\\/logo\\\/image\\\/\"}}]}<\/script>\n<!-- \/ Yoast SEO plugin. -->","yoast_head_json":{"title":"Cobra Brow Mapping Fil Blanc 30 m - Districos Webshop","robots":{"index":"noindex","follow":"follow","max-snippet":"max-snippet:-1","max-image-preview":"max-image-preview:large","max-video-preview":"max-video-preview:-1"},"og_locale":"fr_FR","og_type":"article","og_title":"Cobra Brow Mapping Fil Blanc 30 m - Districos Webshop","og_description":"Outil pratique pour mettre les sourcils en forme. Avec la Cobra Brow Mapping Fil, vous cartographiez rapidement et facilement la forme id\u00e9ale des sourcils gr\u00e2ce \u00e0 des lignes fines et nettes. Le fil est d\u00e9j\u00e0 pigment\u00e9 et pr\u00eat \u00e0 l&#8217;emploi. Contenu : 30 m&nbsp; Couleur : blanc \u00c9galement disponible en noir : Cobra Brow Mapping [&hellip;]","og_url":"https:\/\/districos.standingout.be\/fr\/product\/cobra-brow-mapping-fil-blanc-30-m-ref-7102-62\/","og_site_name":"Districos Webshop","article_modified_time":"2026-04-28T08:12:17+00:00","twitter_card":"summary_large_image","schema":{"@context":"https:\/\/schema.org","@graph":[{"@type":"WebPage","@id":"https:\/\/districos.standingout.be\/fr\/product\/cobra-brow-mapping-fil-blanc-30-m-ref-7102-62\/","url":"https:\/\/districos.standingout.be\/fr\/product\/cobra-brow-mapping-fil-blanc-30-m-ref-7102-62\/","name":"Cobra Brow Mapping Fil Blanc 30 m - Districos Webshop","isPartOf":{"@id":"https:\/\/districos.standingout.be\/fr\/#website"},"primaryImageOfPage":{"@id":"https:\/\/districos.standingout.be\/fr\/product\/cobra-brow-mapping-fil-blanc-30-m-ref-7102-62\/#primaryimage"},"image":{"@id":"https:\/\/districos.standingout.be\/fr\/product\/cobra-brow-mapping-fil-blanc-30-m-ref-7102-62\/#primaryimage"},"thumbnailUrl":"https:\/\/districos.standingout.be\/wp-content\/uploads\/2026\/04\/7102.62@Cobra-Brow-Mapping-String-Wit-10-m_1.png","datePublished":"2026-04-28T08:12:15+00:00","dateModified":"2026-04-28T08:12:17+00:00","breadcrumb":{"@id":"https:\/\/districos.standingout.be\/fr\/product\/cobra-brow-mapping-fil-blanc-30-m-ref-7102-62\/#breadcrumb"},"inLanguage":"fr-FR","potentialAction":[{"@type":"ReadAction","target":["https:\/\/districos.standingout.be\/fr\/product\/cobra-brow-mapping-fil-blanc-30-m-ref-7102-62\/"]}]},{"@type":"ImageObject","inLanguage":"fr-FR","@id":"https:\/\/districos.standingout.be\/fr\/product\/cobra-brow-mapping-fil-blanc-30-m-ref-7102-62\/#primaryimage","url":"https:\/\/districos.standingout.be\/wp-content\/uploads\/2026\/04\/7102.62@Cobra-Brow-Mapping-String-Wit-10-m_1.png","contentUrl":"https:\/\/districos.standingout.be\/wp-content\/uploads\/2026\/04\/7102.62@Cobra-Brow-Mapping-String-Wit-10-m_1.png","width":600,"height":600},{"@type":"BreadcrumbList","@id":"https:\/\/districos.standingout.be\/fr\/product\/cobra-brow-mapping-fil-blanc-30-m-ref-7102-62\/#breadcrumb","itemListElement":[{"@type":"ListItem","position":1,"name":"Home","item":"https:\/\/districos.standingout.be\/fr\/bienvenue-chez-districos\/"},{"@type":"ListItem","position":2,"name":"Boutique","item":"https:\/\/districos.standingout.be\/fr\/boutique\/"},{"@type":"ListItem","position":3,"name":"Cobra Brow Mapping Fil Blanc 30 m"}]},{"@type":"WebSite","@id":"https:\/\/districos.standingout.be\/fr\/#website","url":"https:\/\/districos.standingout.be\/fr\/","name":"Districos Webshop","description":"","publisher":{"@id":"https:\/\/districos.standingout.be\/fr\/#organization"},"potentialAction":[{"@type":"SearchAction","target":{"@type":"EntryPoint","urlTemplate":"https:\/\/districos.standingout.be\/fr\/?s={search_term_string}"},"query-input":{"@type":"PropertyValueSpecification","valueRequired":true,"valueName":"search_term_string"}}],"inLanguage":"fr-FR"},{"@type":"Organization","@id":"https:\/\/districos.standingout.be\/fr\/#organization","name":"Districos Webshop","url":"https:\/\/districos.standingout.be\/fr\/","logo":{"@type":"ImageObject","inLanguage":"fr-FR","@id":"https:\/\/districos.standingout.be\/fr\/#\/schema\/logo\/image\/","url":"https:\/\/districos.standingout.be\/wp-content\/uploads\/2022\/09\/Districos_Logo_Webshop.svg","contentUrl":"https:\/\/districos.standingout.be\/wp-content\/uploads\/2022\/09\/Districos_Logo_Webshop.svg","caption":"Districos Webshop"},"image":{"@id":"https:\/\/districos.standingout.be\/fr\/#\/schema\/logo\/image\/"}}]}},"_links":{"self":[{"href":"https:\/\/districos.standingout.be\/fr\/wp-json\/wp\/v2\/product\/137389","targetHints":{"allow":["GET"]}}],"collection":[{"href":"https:\/\/districos.standingout.be\/fr\/wp-json\/wp\/v2\/product"}],"about":[{"href":"https:\/\/districos.standingout.be\/fr\/wp-json\/wp\/v2\/types\/product"}],"replies":[{"embeddable":true,"href":"https:\/\/districos.standingout.be\/fr\/wp-json\/wp\/v2\/comments?post=137389"}],"wp:featuredmedia":[{"embeddable":true,"href":"https:\/\/districos.standingout.be\/fr\/wp-json\/wp\/v2\/media\/147598"}],"wp:attachment":[{"href":"https:\/\/districos.standingout.be\/fr\/wp-json\/wp\/v2\/media?parent=137389"}],"wp:term":[{"taxonomy":"product_brand","embeddable":true,"href":"https:\/\/districos.standingout.be\/fr\/wp-json\/wp\/v2\/product_brand?post=137389"},{"taxonomy":"product_cat","embeddable":true,"href":"https:\/\/districos.standingout.be\/fr\/wp-json\/wp\/v2\/product_cat?post=137389"},{"taxonomy":"product_tag","embeddable":true,"href":"https:\/\/districos.standingout.be\/fr\/wp-json\/wp\/v2\/product_tag?post=137389"}],"curies":[{"name":"wp","href":"https:\/\/api.w.org\/{rel}","templated":true}]}}