{"id":137391,"date":"2026-04-28T10:12:18","date_gmt":"2026-04-28T08:12:18","guid":{"rendered":"https:\/\/webshopdistricoscom.webhosting.be\/product\/cobra-cils-sur-bande-natural-1-colle-ref-7103-01\/"},"modified":"2026-04-28T10:12:23","modified_gmt":"2026-04-28T08:12:23","slug":"cobra-cils-sur-bande-natural-1-colle-ref-7103-01","status":"publish","type":"product","link":"https:\/\/districos.standingout.be\/fr\/product\/cobra-cils-sur-bande-natural-1-colle-ref-7103-01\/","title":{"rendered":"Cobra Cils sur Bande Natural #1 + Colle"},"content":{"rendered":"<p >\n<p dir=ltr><b>De merveilleux cils complets en un clin d\u2019\u0153il !<\/b><\/p>\n<p> Un beau regard avec les cils sur bande de Cobra<sup>\u00ae <\/sup>Lashes. Optez pour plus de volume ou un r\u00e9sultat naturel. Pour les f\u00eates, choisissez les magnifiques cils \u00e0 bijou ou \u00e0 paillettes. Les cils sur bandes de Cobra<sup>\u00ae <\/sup>Lashes sont tr\u00e8s l\u00e9gers et tr\u00e8s confortables \u00e0 porter. Un set de Cobra<sup>\u00ae<\/sup> Lashes comporte toujours une paire de cils et une colle 24h d\u20191 g. <\/p>\n<ul> <\/p>\n<li>Une bande de faux cils fournie est coll\u00e9e en une fois sur la peau de la paupi\u00e8re \u00e0 l&rsquo;aide d&rsquo;une colle \u00e0 base de latex douce et incolore.<\/li>\n<p> <\/p>\n<li>Comme le mascara et le fond de teint, les bandes de cils font parties du maquillage de jour naturel et du maquillage de f\u00eate.<\/li>\n<p> <\/p>\n<li>Peuvent \u00eatre pr\u00e9sent\u00e9es pendant les soins ou les maquillages.<\/li>\n<p> <\/p>\n<li>Possibilit\u00e9 d\u2019organiser des ateliers pour que les client(e)s apprennent \u00e0 les poser facilement avec un maquillage de jour rapide.<\/li>\n<p> <\/p>\n<li>Extr\u00eamement appropri\u00e9es pour une soir\u00e9e.<\/li>\n<p> <\/p>\n<li>Tenue : 1 journ\u00e9e.<\/li>\n<p> <\/ul>\n<p> Emballage : 1 paire de cils incl. colle de 1 g<\/p><\/p>\n","protected":false},"excerpt":{"rendered":"<p>De merveilleux cils complets en un clin d\u2019\u0153il ! Un beau regard avec les cils sur bande de Cobra\u00ae Lashes. Optez pour plus de volume ou un r\u00e9sultat naturel. Pour les f\u00eates, choisissez les magnifiques cils \u00e0 bijou ou \u00e0 paillettes. Les cils sur bandes de Cobra\u00ae Lashes sont tr\u00e8s l\u00e9gers et tr\u00e8s confortables \u00e0 [&hellip;]<\/p>\n","protected":false},"featured_media":78458,"comment_status":"open","ping_status":"closed","template":"","meta":{"_acf_changed":false},"product_brand":[10338],"product_cat":[9982],"product_tag":[],"class_list":{"0":"post-137391","1":"product","2":"type-product","3":"status-publish","4":"has-post-thumbnail","6":"product_brand-cobra-lashes-fr","7":"product_cat-beaute-cils-sourcils-extension-des-cils","9":"first","10":"outofstock","11":"taxable","12":"shipping-taxable","13":"product-type-simple"},"acf":[],"yoast_head":"<!-- This site is optimized with the Yoast SEO plugin v27.3 - https:\/\/yoast.com\/product\/yoast-seo-wordpress\/ -->\n<title>Cobra Cils sur Bande Natural #1 + Colle - Districos Webshop<\/title>\n<meta name=\"robots\" content=\"noindex, follow, max-snippet:-1, max-image-preview:large, max-video-preview:-1\" \/>\n<meta property=\"og:locale\" content=\"fr_FR\" \/>\n<meta property=\"og:type\" content=\"article\" \/>\n<meta property=\"og:title\" content=\"Cobra Cils sur Bande Natural #1 + Colle - Districos Webshop\" \/>\n<meta property=\"og:description\" content=\"De merveilleux cils complets en un clin d\u2019\u0153il ! Un beau regard avec les cils sur bande de Cobra\u00ae Lashes. Optez pour plus de volume ou un r\u00e9sultat naturel. Pour les f\u00eates, choisissez les magnifiques cils \u00e0 bijou ou \u00e0 paillettes. Les cils sur bandes de Cobra\u00ae Lashes sont tr\u00e8s l\u00e9gers et tr\u00e8s confortables \u00e0 [&hellip;]\" \/>\n<meta property=\"og:url\" content=\"https:\/\/districos.standingout.be\/fr\/product\/cobra-cils-sur-bande-natural-1-colle-ref-7103-01\/\" \/>\n<meta property=\"og:site_name\" content=\"Districos Webshop\" \/>\n<meta property=\"article:modified_time\" content=\"2026-04-28T08:12:23+00:00\" \/>\n<meta name=\"twitter:card\" content=\"summary_large_image\" \/>\n<meta name=\"twitter:label1\" content=\"Dur\u00e9e de lecture estim\u00e9e\" \/>\n\t<meta name=\"twitter:data1\" content=\"1 minute\" \/>\n<script type=\"application\/ld+json\" class=\"yoast-schema-graph\">{\"@context\":\"https:\\\/\\\/schema.org\",\"@graph\":[{\"@type\":\"WebPage\",\"@id\":\"https:\\\/\\\/districos.standingout.be\\\/fr\\\/product\\\/cobra-cils-sur-bande-natural-1-colle-ref-7103-01\\\/\",\"url\":\"https:\\\/\\\/districos.standingout.be\\\/fr\\\/product\\\/cobra-cils-sur-bande-natural-1-colle-ref-7103-01\\\/\",\"name\":\"Cobra Cils sur Bande Natural #1 + Colle - Districos Webshop\",\"isPartOf\":{\"@id\":\"https:\\\/\\\/districos.standingout.be\\\/fr\\\/#website\"},\"primaryImageOfPage\":{\"@id\":\"https:\\\/\\\/districos.standingout.be\\\/fr\\\/product\\\/cobra-cils-sur-bande-natural-1-colle-ref-7103-01\\\/#primaryimage\"},\"image\":{\"@id\":\"https:\\\/\\\/districos.standingout.be\\\/fr\\\/product\\\/cobra-cils-sur-bande-natural-1-colle-ref-7103-01\\\/#primaryimage\"},\"thumbnailUrl\":\"https:\\\/\\\/districos.standingout.be\\\/wp-content\\\/uploads\\\/2025\\\/07\\\/7103.01@LowRes_1_0.png\",\"datePublished\":\"2026-04-28T08:12:18+00:00\",\"dateModified\":\"2026-04-28T08:12:23+00:00\",\"breadcrumb\":{\"@id\":\"https:\\\/\\\/districos.standingout.be\\\/fr\\\/product\\\/cobra-cils-sur-bande-natural-1-colle-ref-7103-01\\\/#breadcrumb\"},\"inLanguage\":\"fr-FR\",\"potentialAction\":[{\"@type\":\"ReadAction\",\"target\":[\"https:\\\/\\\/districos.standingout.be\\\/fr\\\/product\\\/cobra-cils-sur-bande-natural-1-colle-ref-7103-01\\\/\"]}]},{\"@type\":\"ImageObject\",\"inLanguage\":\"fr-FR\",\"@id\":\"https:\\\/\\\/districos.standingout.be\\\/fr\\\/product\\\/cobra-cils-sur-bande-natural-1-colle-ref-7103-01\\\/#primaryimage\",\"url\":\"https:\\\/\\\/districos.standingout.be\\\/wp-content\\\/uploads\\\/2025\\\/07\\\/7103.01@LowRes_1_0.png\",\"contentUrl\":\"https:\\\/\\\/districos.standingout.be\\\/wp-content\\\/uploads\\\/2025\\\/07\\\/7103.01@LowRes_1_0.png\",\"width\":600,\"height\":600},{\"@type\":\"BreadcrumbList\",\"@id\":\"https:\\\/\\\/districos.standingout.be\\\/fr\\\/product\\\/cobra-cils-sur-bande-natural-1-colle-ref-7103-01\\\/#breadcrumb\",\"itemListElement\":[{\"@type\":\"ListItem\",\"position\":1,\"name\":\"Home\",\"item\":\"https:\\\/\\\/districos.standingout.be\\\/fr\\\/bienvenue-chez-districos\\\/\"},{\"@type\":\"ListItem\",\"position\":2,\"name\":\"Boutique\",\"item\":\"https:\\\/\\\/districos.standingout.be\\\/fr\\\/boutique\\\/\"},{\"@type\":\"ListItem\",\"position\":3,\"name\":\"Cobra Cils sur Bande Natural #1 + Colle\"}]},{\"@type\":\"WebSite\",\"@id\":\"https:\\\/\\\/districos.standingout.be\\\/fr\\\/#website\",\"url\":\"https:\\\/\\\/districos.standingout.be\\\/fr\\\/\",\"name\":\"Districos Webshop\",\"description\":\"\",\"publisher\":{\"@id\":\"https:\\\/\\\/districos.standingout.be\\\/fr\\\/#organization\"},\"potentialAction\":[{\"@type\":\"SearchAction\",\"target\":{\"@type\":\"EntryPoint\",\"urlTemplate\":\"https:\\\/\\\/districos.standingout.be\\\/fr\\\/?s={search_term_string}\"},\"query-input\":{\"@type\":\"PropertyValueSpecification\",\"valueRequired\":true,\"valueName\":\"search_term_string\"}}],\"inLanguage\":\"fr-FR\"},{\"@type\":\"Organization\",\"@id\":\"https:\\\/\\\/districos.standingout.be\\\/fr\\\/#organization\",\"name\":\"Districos Webshop\",\"url\":\"https:\\\/\\\/districos.standingout.be\\\/fr\\\/\",\"logo\":{\"@type\":\"ImageObject\",\"inLanguage\":\"fr-FR\",\"@id\":\"https:\\\/\\\/districos.standingout.be\\\/fr\\\/#\\\/schema\\\/logo\\\/image\\\/\",\"url\":\"https:\\\/\\\/districos.standingout.be\\\/wp-content\\\/uploads\\\/2022\\\/09\\\/Districos_Logo_Webshop.svg\",\"contentUrl\":\"https:\\\/\\\/districos.standingout.be\\\/wp-content\\\/uploads\\\/2022\\\/09\\\/Districos_Logo_Webshop.svg\",\"caption\":\"Districos Webshop\"},\"image\":{\"@id\":\"https:\\\/\\\/districos.standingout.be\\\/fr\\\/#\\\/schema\\\/logo\\\/image\\\/\"}}]}<\/script>\n<!-- \/ Yoast SEO plugin. -->","yoast_head_json":{"title":"Cobra Cils sur Bande Natural #1 + Colle - Districos Webshop","robots":{"index":"noindex","follow":"follow","max-snippet":"max-snippet:-1","max-image-preview":"max-image-preview:large","max-video-preview":"max-video-preview:-1"},"og_locale":"fr_FR","og_type":"article","og_title":"Cobra Cils sur Bande Natural #1 + Colle - Districos Webshop","og_description":"De merveilleux cils complets en un clin d\u2019\u0153il ! Un beau regard avec les cils sur bande de Cobra\u00ae Lashes. Optez pour plus de volume ou un r\u00e9sultat naturel. Pour les f\u00eates, choisissez les magnifiques cils \u00e0 bijou ou \u00e0 paillettes. Les cils sur bandes de Cobra\u00ae Lashes sont tr\u00e8s l\u00e9gers et tr\u00e8s confortables \u00e0 [&hellip;]","og_url":"https:\/\/districos.standingout.be\/fr\/product\/cobra-cils-sur-bande-natural-1-colle-ref-7103-01\/","og_site_name":"Districos Webshop","article_modified_time":"2026-04-28T08:12:23+00:00","twitter_card":"summary_large_image","twitter_misc":{"Dur\u00e9e de lecture estim\u00e9e":"1 minute"},"schema":{"@context":"https:\/\/schema.org","@graph":[{"@type":"WebPage","@id":"https:\/\/districos.standingout.be\/fr\/product\/cobra-cils-sur-bande-natural-1-colle-ref-7103-01\/","url":"https:\/\/districos.standingout.be\/fr\/product\/cobra-cils-sur-bande-natural-1-colle-ref-7103-01\/","name":"Cobra Cils sur Bande Natural #1 + Colle - Districos Webshop","isPartOf":{"@id":"https:\/\/districos.standingout.be\/fr\/#website"},"primaryImageOfPage":{"@id":"https:\/\/districos.standingout.be\/fr\/product\/cobra-cils-sur-bande-natural-1-colle-ref-7103-01\/#primaryimage"},"image":{"@id":"https:\/\/districos.standingout.be\/fr\/product\/cobra-cils-sur-bande-natural-1-colle-ref-7103-01\/#primaryimage"},"thumbnailUrl":"https:\/\/districos.standingout.be\/wp-content\/uploads\/2025\/07\/7103.01@LowRes_1_0.png","datePublished":"2026-04-28T08:12:18+00:00","dateModified":"2026-04-28T08:12:23+00:00","breadcrumb":{"@id":"https:\/\/districos.standingout.be\/fr\/product\/cobra-cils-sur-bande-natural-1-colle-ref-7103-01\/#breadcrumb"},"inLanguage":"fr-FR","potentialAction":[{"@type":"ReadAction","target":["https:\/\/districos.standingout.be\/fr\/product\/cobra-cils-sur-bande-natural-1-colle-ref-7103-01\/"]}]},{"@type":"ImageObject","inLanguage":"fr-FR","@id":"https:\/\/districos.standingout.be\/fr\/product\/cobra-cils-sur-bande-natural-1-colle-ref-7103-01\/#primaryimage","url":"https:\/\/districos.standingout.be\/wp-content\/uploads\/2025\/07\/7103.01@LowRes_1_0.png","contentUrl":"https:\/\/districos.standingout.be\/wp-content\/uploads\/2025\/07\/7103.01@LowRes_1_0.png","width":600,"height":600},{"@type":"BreadcrumbList","@id":"https:\/\/districos.standingout.be\/fr\/product\/cobra-cils-sur-bande-natural-1-colle-ref-7103-01\/#breadcrumb","itemListElement":[{"@type":"ListItem","position":1,"name":"Home","item":"https:\/\/districos.standingout.be\/fr\/bienvenue-chez-districos\/"},{"@type":"ListItem","position":2,"name":"Boutique","item":"https:\/\/districos.standingout.be\/fr\/boutique\/"},{"@type":"ListItem","position":3,"name":"Cobra Cils sur Bande Natural #1 + Colle"}]},{"@type":"WebSite","@id":"https:\/\/districos.standingout.be\/fr\/#website","url":"https:\/\/districos.standingout.be\/fr\/","name":"Districos Webshop","description":"","publisher":{"@id":"https:\/\/districos.standingout.be\/fr\/#organization"},"potentialAction":[{"@type":"SearchAction","target":{"@type":"EntryPoint","urlTemplate":"https:\/\/districos.standingout.be\/fr\/?s={search_term_string}"},"query-input":{"@type":"PropertyValueSpecification","valueRequired":true,"valueName":"search_term_string"}}],"inLanguage":"fr-FR"},{"@type":"Organization","@id":"https:\/\/districos.standingout.be\/fr\/#organization","name":"Districos Webshop","url":"https:\/\/districos.standingout.be\/fr\/","logo":{"@type":"ImageObject","inLanguage":"fr-FR","@id":"https:\/\/districos.standingout.be\/fr\/#\/schema\/logo\/image\/","url":"https:\/\/districos.standingout.be\/wp-content\/uploads\/2022\/09\/Districos_Logo_Webshop.svg","contentUrl":"https:\/\/districos.standingout.be\/wp-content\/uploads\/2022\/09\/Districos_Logo_Webshop.svg","caption":"Districos Webshop"},"image":{"@id":"https:\/\/districos.standingout.be\/fr\/#\/schema\/logo\/image\/"}}]}},"_links":{"self":[{"href":"https:\/\/districos.standingout.be\/fr\/wp-json\/wp\/v2\/product\/137391","targetHints":{"allow":["GET"]}}],"collection":[{"href":"https:\/\/districos.standingout.be\/fr\/wp-json\/wp\/v2\/product"}],"about":[{"href":"https:\/\/districos.standingout.be\/fr\/wp-json\/wp\/v2\/types\/product"}],"replies":[{"embeddable":true,"href":"https:\/\/districos.standingout.be\/fr\/wp-json\/wp\/v2\/comments?post=137391"}],"wp:featuredmedia":[{"embeddable":true,"href":"https:\/\/districos.standingout.be\/fr\/wp-json\/wp\/v2\/media\/78458"}],"wp:attachment":[{"href":"https:\/\/districos.standingout.be\/fr\/wp-json\/wp\/v2\/media?parent=137391"}],"wp:term":[{"taxonomy":"product_brand","embeddable":true,"href":"https:\/\/districos.standingout.be\/fr\/wp-json\/wp\/v2\/product_brand?post=137391"},{"taxonomy":"product_cat","embeddable":true,"href":"https:\/\/districos.standingout.be\/fr\/wp-json\/wp\/v2\/product_cat?post=137391"},{"taxonomy":"product_tag","embeddable":true,"href":"https:\/\/districos.standingout.be\/fr\/wp-json\/wp\/v2\/product_tag?post=137391"}],"curies":[{"name":"wp","href":"https:\/\/api.w.org\/{rel}","templated":true}]}}