{"id":137451,"date":"2026-04-28T10:15:13","date_gmt":"2026-04-28T08:15:13","guid":{"rendered":"https:\/\/webshopdistricoscom.webhosting.be\/product\/petite-serviette-en-coton-blanc-50x30-cm-6-pcs-ref-7112-016\/"},"modified":"2026-04-28T10:15:16","modified_gmt":"2026-04-28T08:15:16","slug":"petite-serviette-en-coton-blanc-50x30-cm-6-pcs-ref-7112-016","status":"publish","type":"product","link":"https:\/\/districos.standingout.be\/fr\/product\/petite-serviette-en-coton-blanc-50x30-cm-6-pcs-ref-7112-016\/","title":{"rendered":"Petite Serviette en Coton Blanc 50&#215;30 cm 6 pcs."},"content":{"rendered":"<p >\n<p><span lang=\"FR\">Petites serviettes en 100 % coton de superbe qualit\u00e9 500 g. <o:p><\/o:p><\/span><\/p>\n<ul>\n<li><span lang=\"FR\">50 x 30 cm.<\/span><\/li>\n<li><span lang=\"FR\">Couleur&nbsp;: blanc.<\/span><\/li>\n<li><span lang=\"FR\">Peuvent \u00eatre chauff\u00e9es dans un chauffe-compresses comme alternative aux compresses pendant un soin de visage (Attention&nbsp;: ne les mettez jamais \u00e0 sec dans le chauffe-compresses !).<\/span><\/li>\n<\/ul>\n<p><span lang=\"FR\"><b><br \/><\/b><\/span><\/p>\n<p><span lang=\"FR\"><b>Conseils d\u2019utilisation<\/b><o:p><\/o:p><\/span><\/p>\n<p><span lang=\"FR\">Trempez du nouveau coton dans de l\u2019eau froide avec un filet de vinaigre durant une nuit. Ainsi le pouvoir absorbant et l\u2019inalt\u00e9rabilit\u00e9 des couleurs du coton seront augment\u00e9s.<o:p><\/o:p><\/span><\/p>\n<p><span lang=\"FR\"><br \/><\/span><\/p>\n<p><span lang=\"FR\">Aussi disponible&nbsp;: emballage avec 1 pi\u00e8ce (r\u00e9f. 7112.01).<o:p><\/o:p><\/span><\/p>\n","protected":false},"excerpt":{"rendered":"<p>Petites serviettes en 100 % coton de superbe qualit\u00e9 500 g. 50 x 30 cm. Couleur&nbsp;: blanc. Peuvent \u00eatre chauff\u00e9es dans un chauffe-compresses comme alternative aux compresses pendant un soin de visage (Attention&nbsp;: ne les mettez jamais \u00e0 sec dans le chauffe-compresses !). Conseils d\u2019utilisation Trempez du nouveau coton dans de l\u2019eau froide avec un [&hellip;]<\/p>\n","protected":false},"featured_media":147604,"comment_status":"open","ping_status":"closed","template":"","meta":{"_acf_changed":false},"product_brand":[10612],"product_cat":[10210,9964],"product_tag":[],"class_list":{"0":"post-137451","1":"product","2":"type-product","3":"status-publish","4":"has-post-thumbnail","6":"product_brand-zenna-fr","7":"product_cat-fournitures-pour-cabinet-textile-linges-a-main-compresses","8":"product_cat-beaute-materiel-pratique-textile","10":"first","11":"instock","12":"taxable","13":"shipping-taxable","14":"product-type-simple"},"acf":[],"yoast_head":"<!-- This site is optimized with the Yoast SEO plugin v27.3 - https:\/\/yoast.com\/product\/yoast-seo-wordpress\/ -->\n<title>Petite Serviette en Coton Blanc 50x30 cm 6 pcs. - Districos Webshop<\/title>\n<meta name=\"robots\" content=\"noindex, follow, max-snippet:-1, max-image-preview:large, max-video-preview:-1\" \/>\n<meta property=\"og:locale\" content=\"fr_FR\" \/>\n<meta property=\"og:type\" content=\"article\" \/>\n<meta property=\"og:title\" content=\"Petite Serviette en Coton Blanc 50x30 cm 6 pcs. - Districos Webshop\" \/>\n<meta property=\"og:description\" content=\"Petites serviettes en 100 % coton de superbe qualit\u00e9 500 g. 50 x 30 cm. Couleur&nbsp;: blanc. Peuvent \u00eatre chauff\u00e9es dans un chauffe-compresses comme alternative aux compresses pendant un soin de visage (Attention&nbsp;: ne les mettez jamais \u00e0 sec dans le chauffe-compresses !). Conseils d\u2019utilisation Trempez du nouveau coton dans de l\u2019eau froide avec un [&hellip;]\" \/>\n<meta property=\"og:url\" content=\"https:\/\/districos.standingout.be\/fr\/product\/petite-serviette-en-coton-blanc-50x30-cm-6-pcs-ref-7112-016\/\" \/>\n<meta property=\"og:site_name\" content=\"Districos Webshop\" \/>\n<meta property=\"article:modified_time\" content=\"2026-04-28T08:15:16+00:00\" \/>\n<meta name=\"twitter:card\" content=\"summary_large_image\" \/>\n<script type=\"application\/ld+json\" class=\"yoast-schema-graph\">{\"@context\":\"https:\\\/\\\/schema.org\",\"@graph\":[{\"@type\":\"WebPage\",\"@id\":\"https:\\\/\\\/districos.standingout.be\\\/fr\\\/product\\\/petite-serviette-en-coton-blanc-50x30-cm-6-pcs-ref-7112-016\\\/\",\"url\":\"https:\\\/\\\/districos.standingout.be\\\/fr\\\/product\\\/petite-serviette-en-coton-blanc-50x30-cm-6-pcs-ref-7112-016\\\/\",\"name\":\"Petite Serviette en Coton Blanc 50x30 cm 6 pcs. - Districos Webshop\",\"isPartOf\":{\"@id\":\"https:\\\/\\\/districos.standingout.be\\\/fr\\\/#website\"},\"primaryImageOfPage\":{\"@id\":\"https:\\\/\\\/districos.standingout.be\\\/fr\\\/product\\\/petite-serviette-en-coton-blanc-50x30-cm-6-pcs-ref-7112-016\\\/#primaryimage\"},\"image\":{\"@id\":\"https:\\\/\\\/districos.standingout.be\\\/fr\\\/product\\\/petite-serviette-en-coton-blanc-50x30-cm-6-pcs-ref-7112-016\\\/#primaryimage\"},\"thumbnailUrl\":\"https:\\\/\\\/districos.standingout.be\\\/wp-content\\\/uploads\\\/2026\\\/04\\\/7112.016@Katoenen-Gastendoekje-Wit-50x30-cm-6-st_1-1.png\",\"datePublished\":\"2026-04-28T08:15:13+00:00\",\"dateModified\":\"2026-04-28T08:15:16+00:00\",\"breadcrumb\":{\"@id\":\"https:\\\/\\\/districos.standingout.be\\\/fr\\\/product\\\/petite-serviette-en-coton-blanc-50x30-cm-6-pcs-ref-7112-016\\\/#breadcrumb\"},\"inLanguage\":\"fr-FR\",\"potentialAction\":[{\"@type\":\"ReadAction\",\"target\":[\"https:\\\/\\\/districos.standingout.be\\\/fr\\\/product\\\/petite-serviette-en-coton-blanc-50x30-cm-6-pcs-ref-7112-016\\\/\"]}]},{\"@type\":\"ImageObject\",\"inLanguage\":\"fr-FR\",\"@id\":\"https:\\\/\\\/districos.standingout.be\\\/fr\\\/product\\\/petite-serviette-en-coton-blanc-50x30-cm-6-pcs-ref-7112-016\\\/#primaryimage\",\"url\":\"https:\\\/\\\/districos.standingout.be\\\/wp-content\\\/uploads\\\/2026\\\/04\\\/7112.016@Katoenen-Gastendoekje-Wit-50x30-cm-6-st_1-1.png\",\"contentUrl\":\"https:\\\/\\\/districos.standingout.be\\\/wp-content\\\/uploads\\\/2026\\\/04\\\/7112.016@Katoenen-Gastendoekje-Wit-50x30-cm-6-st_1-1.png\",\"width\":600,\"height\":600},{\"@type\":\"BreadcrumbList\",\"@id\":\"https:\\\/\\\/districos.standingout.be\\\/fr\\\/product\\\/petite-serviette-en-coton-blanc-50x30-cm-6-pcs-ref-7112-016\\\/#breadcrumb\",\"itemListElement\":[{\"@type\":\"ListItem\",\"position\":1,\"name\":\"Home\",\"item\":\"https:\\\/\\\/districos.standingout.be\\\/fr\\\/bienvenue-chez-districos\\\/\"},{\"@type\":\"ListItem\",\"position\":2,\"name\":\"Boutique\",\"item\":\"https:\\\/\\\/districos.standingout.be\\\/fr\\\/boutique\\\/\"},{\"@type\":\"ListItem\",\"position\":3,\"name\":\"Petite Serviette en Coton Blanc 50&#215;30 cm 6 pcs.\"}]},{\"@type\":\"WebSite\",\"@id\":\"https:\\\/\\\/districos.standingout.be\\\/fr\\\/#website\",\"url\":\"https:\\\/\\\/districos.standingout.be\\\/fr\\\/\",\"name\":\"Districos Webshop\",\"description\":\"\",\"publisher\":{\"@id\":\"https:\\\/\\\/districos.standingout.be\\\/fr\\\/#organization\"},\"potentialAction\":[{\"@type\":\"SearchAction\",\"target\":{\"@type\":\"EntryPoint\",\"urlTemplate\":\"https:\\\/\\\/districos.standingout.be\\\/fr\\\/?s={search_term_string}\"},\"query-input\":{\"@type\":\"PropertyValueSpecification\",\"valueRequired\":true,\"valueName\":\"search_term_string\"}}],\"inLanguage\":\"fr-FR\"},{\"@type\":\"Organization\",\"@id\":\"https:\\\/\\\/districos.standingout.be\\\/fr\\\/#organization\",\"name\":\"Districos Webshop\",\"url\":\"https:\\\/\\\/districos.standingout.be\\\/fr\\\/\",\"logo\":{\"@type\":\"ImageObject\",\"inLanguage\":\"fr-FR\",\"@id\":\"https:\\\/\\\/districos.standingout.be\\\/fr\\\/#\\\/schema\\\/logo\\\/image\\\/\",\"url\":\"https:\\\/\\\/districos.standingout.be\\\/wp-content\\\/uploads\\\/2022\\\/09\\\/Districos_Logo_Webshop.svg\",\"contentUrl\":\"https:\\\/\\\/districos.standingout.be\\\/wp-content\\\/uploads\\\/2022\\\/09\\\/Districos_Logo_Webshop.svg\",\"caption\":\"Districos Webshop\"},\"image\":{\"@id\":\"https:\\\/\\\/districos.standingout.be\\\/fr\\\/#\\\/schema\\\/logo\\\/image\\\/\"}}]}<\/script>\n<!-- \/ Yoast SEO plugin. -->","yoast_head_json":{"title":"Petite Serviette en Coton Blanc 50x30 cm 6 pcs. - Districos Webshop","robots":{"index":"noindex","follow":"follow","max-snippet":"max-snippet:-1","max-image-preview":"max-image-preview:large","max-video-preview":"max-video-preview:-1"},"og_locale":"fr_FR","og_type":"article","og_title":"Petite Serviette en Coton Blanc 50x30 cm 6 pcs. - Districos Webshop","og_description":"Petites serviettes en 100 % coton de superbe qualit\u00e9 500 g. 50 x 30 cm. Couleur&nbsp;: blanc. Peuvent \u00eatre chauff\u00e9es dans un chauffe-compresses comme alternative aux compresses pendant un soin de visage (Attention&nbsp;: ne les mettez jamais \u00e0 sec dans le chauffe-compresses !). Conseils d\u2019utilisation Trempez du nouveau coton dans de l\u2019eau froide avec un [&hellip;]","og_url":"https:\/\/districos.standingout.be\/fr\/product\/petite-serviette-en-coton-blanc-50x30-cm-6-pcs-ref-7112-016\/","og_site_name":"Districos Webshop","article_modified_time":"2026-04-28T08:15:16+00:00","twitter_card":"summary_large_image","schema":{"@context":"https:\/\/schema.org","@graph":[{"@type":"WebPage","@id":"https:\/\/districos.standingout.be\/fr\/product\/petite-serviette-en-coton-blanc-50x30-cm-6-pcs-ref-7112-016\/","url":"https:\/\/districos.standingout.be\/fr\/product\/petite-serviette-en-coton-blanc-50x30-cm-6-pcs-ref-7112-016\/","name":"Petite Serviette en Coton Blanc 50x30 cm 6 pcs. - Districos Webshop","isPartOf":{"@id":"https:\/\/districos.standingout.be\/fr\/#website"},"primaryImageOfPage":{"@id":"https:\/\/districos.standingout.be\/fr\/product\/petite-serviette-en-coton-blanc-50x30-cm-6-pcs-ref-7112-016\/#primaryimage"},"image":{"@id":"https:\/\/districos.standingout.be\/fr\/product\/petite-serviette-en-coton-blanc-50x30-cm-6-pcs-ref-7112-016\/#primaryimage"},"thumbnailUrl":"https:\/\/districos.standingout.be\/wp-content\/uploads\/2026\/04\/7112.016@Katoenen-Gastendoekje-Wit-50x30-cm-6-st_1-1.png","datePublished":"2026-04-28T08:15:13+00:00","dateModified":"2026-04-28T08:15:16+00:00","breadcrumb":{"@id":"https:\/\/districos.standingout.be\/fr\/product\/petite-serviette-en-coton-blanc-50x30-cm-6-pcs-ref-7112-016\/#breadcrumb"},"inLanguage":"fr-FR","potentialAction":[{"@type":"ReadAction","target":["https:\/\/districos.standingout.be\/fr\/product\/petite-serviette-en-coton-blanc-50x30-cm-6-pcs-ref-7112-016\/"]}]},{"@type":"ImageObject","inLanguage":"fr-FR","@id":"https:\/\/districos.standingout.be\/fr\/product\/petite-serviette-en-coton-blanc-50x30-cm-6-pcs-ref-7112-016\/#primaryimage","url":"https:\/\/districos.standingout.be\/wp-content\/uploads\/2026\/04\/7112.016@Katoenen-Gastendoekje-Wit-50x30-cm-6-st_1-1.png","contentUrl":"https:\/\/districos.standingout.be\/wp-content\/uploads\/2026\/04\/7112.016@Katoenen-Gastendoekje-Wit-50x30-cm-6-st_1-1.png","width":600,"height":600},{"@type":"BreadcrumbList","@id":"https:\/\/districos.standingout.be\/fr\/product\/petite-serviette-en-coton-blanc-50x30-cm-6-pcs-ref-7112-016\/#breadcrumb","itemListElement":[{"@type":"ListItem","position":1,"name":"Home","item":"https:\/\/districos.standingout.be\/fr\/bienvenue-chez-districos\/"},{"@type":"ListItem","position":2,"name":"Boutique","item":"https:\/\/districos.standingout.be\/fr\/boutique\/"},{"@type":"ListItem","position":3,"name":"Petite Serviette en Coton Blanc 50&#215;30 cm 6 pcs."}]},{"@type":"WebSite","@id":"https:\/\/districos.standingout.be\/fr\/#website","url":"https:\/\/districos.standingout.be\/fr\/","name":"Districos Webshop","description":"","publisher":{"@id":"https:\/\/districos.standingout.be\/fr\/#organization"},"potentialAction":[{"@type":"SearchAction","target":{"@type":"EntryPoint","urlTemplate":"https:\/\/districos.standingout.be\/fr\/?s={search_term_string}"},"query-input":{"@type":"PropertyValueSpecification","valueRequired":true,"valueName":"search_term_string"}}],"inLanguage":"fr-FR"},{"@type":"Organization","@id":"https:\/\/districos.standingout.be\/fr\/#organization","name":"Districos Webshop","url":"https:\/\/districos.standingout.be\/fr\/","logo":{"@type":"ImageObject","inLanguage":"fr-FR","@id":"https:\/\/districos.standingout.be\/fr\/#\/schema\/logo\/image\/","url":"https:\/\/districos.standingout.be\/wp-content\/uploads\/2022\/09\/Districos_Logo_Webshop.svg","contentUrl":"https:\/\/districos.standingout.be\/wp-content\/uploads\/2022\/09\/Districos_Logo_Webshop.svg","caption":"Districos Webshop"},"image":{"@id":"https:\/\/districos.standingout.be\/fr\/#\/schema\/logo\/image\/"}}]}},"_links":{"self":[{"href":"https:\/\/districos.standingout.be\/fr\/wp-json\/wp\/v2\/product\/137451","targetHints":{"allow":["GET"]}}],"collection":[{"href":"https:\/\/districos.standingout.be\/fr\/wp-json\/wp\/v2\/product"}],"about":[{"href":"https:\/\/districos.standingout.be\/fr\/wp-json\/wp\/v2\/types\/product"}],"replies":[{"embeddable":true,"href":"https:\/\/districos.standingout.be\/fr\/wp-json\/wp\/v2\/comments?post=137451"}],"wp:featuredmedia":[{"embeddable":true,"href":"https:\/\/districos.standingout.be\/fr\/wp-json\/wp\/v2\/media\/147604"}],"wp:attachment":[{"href":"https:\/\/districos.standingout.be\/fr\/wp-json\/wp\/v2\/media?parent=137451"}],"wp:term":[{"taxonomy":"product_brand","embeddable":true,"href":"https:\/\/districos.standingout.be\/fr\/wp-json\/wp\/v2\/product_brand?post=137451"},{"taxonomy":"product_cat","embeddable":true,"href":"https:\/\/districos.standingout.be\/fr\/wp-json\/wp\/v2\/product_cat?post=137451"},{"taxonomy":"product_tag","embeddable":true,"href":"https:\/\/districos.standingout.be\/fr\/wp-json\/wp\/v2\/product_tag?post=137451"}],"curies":[{"name":"wp","href":"https:\/\/api.w.org\/{rel}","templated":true}]}}