{"id":137453,"date":"2026-04-28T10:15:17","date_gmt":"2026-04-28T08:15:17","guid":{"rendered":"https:\/\/webshopdistricoscom.webhosting.be\/product\/serviette-de-bain-en-coton-blanc-100x50-cm-1-pc-ref-7113-01\/"},"modified":"2026-04-28T10:15:20","modified_gmt":"2026-04-28T08:15:20","slug":"serviette-de-bain-en-coton-blanc-100x50-cm-1-pc-ref-7113-01","status":"publish","type":"product","link":"https:\/\/districos.standingout.be\/fr\/product\/serviette-de-bain-en-coton-blanc-100x50-cm-1-pc-ref-7113-01\/","title":{"rendered":"Serviette de Bain en Coton Blanc 100&#215;50 cm 1 pc."},"content":{"rendered":"<p >\n<p>Serviette en 100 % coton de superbe qualit\u00e9 500 g. <o:p><\/o:p><\/p>\n<ul>\n<li><span lang=\"FR\">100 x 50 cm (format universel et le plus utilis\u00e9).<\/span><\/li>\n<li><span lang=\"FR\">Couleur&nbsp;: blanc.<\/span><\/li>\n<\/ul>\n<p><span lang=\"FR\"><b><br \/><\/b><\/span><\/p>\n<p><span lang=\"FR\"><b>Conseils d\u2019utilisation<\/b><o:p><\/o:p><\/span><\/p>\n<p><span lang=\"FR\">Trempez du nouveau coton dans de l\u2019eau froide avec un filet de vinaigre durant une nuit. Ainsi le pouvoir absorbant et l\u2019inalt\u00e9rabilit\u00e9 des couleurs du coton seront augment\u00e9s.<o:p><\/o:p><\/span><\/p>\n<p><span lang=\"FR\"><br \/><\/span><\/p>\n<p><span lang=\"FR\">Aussi disponible&nbsp;: emballage avec 3 pi\u00e8ces (r\u00e9f. 7113.013).<o:p><\/o:p><\/span><\/p>\n","protected":false},"excerpt":{"rendered":"<p>Serviette en 100 % coton de superbe qualit\u00e9 500 g. 100 x 50 cm (format universel et le plus utilis\u00e9). Couleur&nbsp;: blanc. Conseils d\u2019utilisation Trempez du nouveau coton dans de l\u2019eau froide avec un filet de vinaigre durant une nuit. Ainsi le pouvoir absorbant et l\u2019inalt\u00e9rabilit\u00e9 des couleurs du coton seront augment\u00e9s. Aussi disponible&nbsp;: emballage [&hellip;]<\/p>\n","protected":false},"featured_media":147606,"comment_status":"open","ping_status":"closed","template":"","meta":{"_acf_changed":false},"product_brand":[10612],"product_cat":[10210,9964],"product_tag":[],"class_list":{"0":"post-137453","1":"product","2":"type-product","3":"status-publish","4":"has-post-thumbnail","6":"product_brand-zenna-fr","7":"product_cat-fournitures-pour-cabinet-textile-linges-a-main-compresses","8":"product_cat-beaute-materiel-pratique-textile","10":"first","11":"instock","12":"taxable","13":"shipping-taxable","14":"product-type-simple"},"acf":[],"yoast_head":"<!-- This site is optimized with the Yoast SEO plugin v27.3 - https:\/\/yoast.com\/product\/yoast-seo-wordpress\/ -->\n<title>Serviette de Bain en Coton Blanc 100x50 cm 1 pc. - Districos Webshop<\/title>\n<meta name=\"robots\" content=\"noindex, follow, max-snippet:-1, max-image-preview:large, max-video-preview:-1\" \/>\n<meta property=\"og:locale\" content=\"fr_FR\" \/>\n<meta property=\"og:type\" content=\"article\" \/>\n<meta property=\"og:title\" content=\"Serviette de Bain en Coton Blanc 100x50 cm 1 pc. - Districos Webshop\" \/>\n<meta property=\"og:description\" content=\"Serviette en 100 % coton de superbe qualit\u00e9 500 g. 100 x 50 cm (format universel et le plus utilis\u00e9). Couleur&nbsp;: blanc. Conseils d\u2019utilisation Trempez du nouveau coton dans de l\u2019eau froide avec un filet de vinaigre durant une nuit. Ainsi le pouvoir absorbant et l\u2019inalt\u00e9rabilit\u00e9 des couleurs du coton seront augment\u00e9s. Aussi disponible&nbsp;: emballage [&hellip;]\" \/>\n<meta property=\"og:url\" content=\"https:\/\/districos.standingout.be\/fr\/product\/serviette-de-bain-en-coton-blanc-100x50-cm-1-pc-ref-7113-01\/\" \/>\n<meta property=\"og:site_name\" content=\"Districos Webshop\" \/>\n<meta property=\"article:modified_time\" content=\"2026-04-28T08:15:20+00:00\" \/>\n<meta name=\"twitter:card\" content=\"summary_large_image\" \/>\n<script type=\"application\/ld+json\" class=\"yoast-schema-graph\">{\"@context\":\"https:\\\/\\\/schema.org\",\"@graph\":[{\"@type\":\"WebPage\",\"@id\":\"https:\\\/\\\/districos.standingout.be\\\/fr\\\/product\\\/serviette-de-bain-en-coton-blanc-100x50-cm-1-pc-ref-7113-01\\\/\",\"url\":\"https:\\\/\\\/districos.standingout.be\\\/fr\\\/product\\\/serviette-de-bain-en-coton-blanc-100x50-cm-1-pc-ref-7113-01\\\/\",\"name\":\"Serviette de Bain en Coton Blanc 100x50 cm 1 pc. - Districos Webshop\",\"isPartOf\":{\"@id\":\"https:\\\/\\\/districos.standingout.be\\\/fr\\\/#website\"},\"primaryImageOfPage\":{\"@id\":\"https:\\\/\\\/districos.standingout.be\\\/fr\\\/product\\\/serviette-de-bain-en-coton-blanc-100x50-cm-1-pc-ref-7113-01\\\/#primaryimage\"},\"image\":{\"@id\":\"https:\\\/\\\/districos.standingout.be\\\/fr\\\/product\\\/serviette-de-bain-en-coton-blanc-100x50-cm-1-pc-ref-7113-01\\\/#primaryimage\"},\"thumbnailUrl\":\"https:\\\/\\\/districos.standingout.be\\\/wp-content\\\/uploads\\\/2026\\\/04\\\/7113.01@Katoenen-Handdoek-Wit-100x50-cm-1-st_1-1.png\",\"datePublished\":\"2026-04-28T08:15:17+00:00\",\"dateModified\":\"2026-04-28T08:15:20+00:00\",\"breadcrumb\":{\"@id\":\"https:\\\/\\\/districos.standingout.be\\\/fr\\\/product\\\/serviette-de-bain-en-coton-blanc-100x50-cm-1-pc-ref-7113-01\\\/#breadcrumb\"},\"inLanguage\":\"fr-FR\",\"potentialAction\":[{\"@type\":\"ReadAction\",\"target\":[\"https:\\\/\\\/districos.standingout.be\\\/fr\\\/product\\\/serviette-de-bain-en-coton-blanc-100x50-cm-1-pc-ref-7113-01\\\/\"]}]},{\"@type\":\"ImageObject\",\"inLanguage\":\"fr-FR\",\"@id\":\"https:\\\/\\\/districos.standingout.be\\\/fr\\\/product\\\/serviette-de-bain-en-coton-blanc-100x50-cm-1-pc-ref-7113-01\\\/#primaryimage\",\"url\":\"https:\\\/\\\/districos.standingout.be\\\/wp-content\\\/uploads\\\/2026\\\/04\\\/7113.01@Katoenen-Handdoek-Wit-100x50-cm-1-st_1-1.png\",\"contentUrl\":\"https:\\\/\\\/districos.standingout.be\\\/wp-content\\\/uploads\\\/2026\\\/04\\\/7113.01@Katoenen-Handdoek-Wit-100x50-cm-1-st_1-1.png\",\"width\":600,\"height\":600},{\"@type\":\"BreadcrumbList\",\"@id\":\"https:\\\/\\\/districos.standingout.be\\\/fr\\\/product\\\/serviette-de-bain-en-coton-blanc-100x50-cm-1-pc-ref-7113-01\\\/#breadcrumb\",\"itemListElement\":[{\"@type\":\"ListItem\",\"position\":1,\"name\":\"Home\",\"item\":\"https:\\\/\\\/districos.standingout.be\\\/fr\\\/bienvenue-chez-districos\\\/\"},{\"@type\":\"ListItem\",\"position\":2,\"name\":\"Boutique\",\"item\":\"https:\\\/\\\/districos.standingout.be\\\/fr\\\/boutique\\\/\"},{\"@type\":\"ListItem\",\"position\":3,\"name\":\"Serviette de Bain en Coton Blanc 100&#215;50 cm 1 pc.\"}]},{\"@type\":\"WebSite\",\"@id\":\"https:\\\/\\\/districos.standingout.be\\\/fr\\\/#website\",\"url\":\"https:\\\/\\\/districos.standingout.be\\\/fr\\\/\",\"name\":\"Districos Webshop\",\"description\":\"\",\"publisher\":{\"@id\":\"https:\\\/\\\/districos.standingout.be\\\/fr\\\/#organization\"},\"potentialAction\":[{\"@type\":\"SearchAction\",\"target\":{\"@type\":\"EntryPoint\",\"urlTemplate\":\"https:\\\/\\\/districos.standingout.be\\\/fr\\\/?s={search_term_string}\"},\"query-input\":{\"@type\":\"PropertyValueSpecification\",\"valueRequired\":true,\"valueName\":\"search_term_string\"}}],\"inLanguage\":\"fr-FR\"},{\"@type\":\"Organization\",\"@id\":\"https:\\\/\\\/districos.standingout.be\\\/fr\\\/#organization\",\"name\":\"Districos Webshop\",\"url\":\"https:\\\/\\\/districos.standingout.be\\\/fr\\\/\",\"logo\":{\"@type\":\"ImageObject\",\"inLanguage\":\"fr-FR\",\"@id\":\"https:\\\/\\\/districos.standingout.be\\\/fr\\\/#\\\/schema\\\/logo\\\/image\\\/\",\"url\":\"https:\\\/\\\/districos.standingout.be\\\/wp-content\\\/uploads\\\/2022\\\/09\\\/Districos_Logo_Webshop.svg\",\"contentUrl\":\"https:\\\/\\\/districos.standingout.be\\\/wp-content\\\/uploads\\\/2022\\\/09\\\/Districos_Logo_Webshop.svg\",\"caption\":\"Districos Webshop\"},\"image\":{\"@id\":\"https:\\\/\\\/districos.standingout.be\\\/fr\\\/#\\\/schema\\\/logo\\\/image\\\/\"}}]}<\/script>\n<!-- \/ Yoast SEO plugin. -->","yoast_head_json":{"title":"Serviette de Bain en Coton Blanc 100x50 cm 1 pc. - Districos Webshop","robots":{"index":"noindex","follow":"follow","max-snippet":"max-snippet:-1","max-image-preview":"max-image-preview:large","max-video-preview":"max-video-preview:-1"},"og_locale":"fr_FR","og_type":"article","og_title":"Serviette de Bain en Coton Blanc 100x50 cm 1 pc. - Districos Webshop","og_description":"Serviette en 100 % coton de superbe qualit\u00e9 500 g. 100 x 50 cm (format universel et le plus utilis\u00e9). Couleur&nbsp;: blanc. Conseils d\u2019utilisation Trempez du nouveau coton dans de l\u2019eau froide avec un filet de vinaigre durant une nuit. Ainsi le pouvoir absorbant et l\u2019inalt\u00e9rabilit\u00e9 des couleurs du coton seront augment\u00e9s. Aussi disponible&nbsp;: emballage [&hellip;]","og_url":"https:\/\/districos.standingout.be\/fr\/product\/serviette-de-bain-en-coton-blanc-100x50-cm-1-pc-ref-7113-01\/","og_site_name":"Districos Webshop","article_modified_time":"2026-04-28T08:15:20+00:00","twitter_card":"summary_large_image","schema":{"@context":"https:\/\/schema.org","@graph":[{"@type":"WebPage","@id":"https:\/\/districos.standingout.be\/fr\/product\/serviette-de-bain-en-coton-blanc-100x50-cm-1-pc-ref-7113-01\/","url":"https:\/\/districos.standingout.be\/fr\/product\/serviette-de-bain-en-coton-blanc-100x50-cm-1-pc-ref-7113-01\/","name":"Serviette de Bain en Coton Blanc 100x50 cm 1 pc. - Districos Webshop","isPartOf":{"@id":"https:\/\/districos.standingout.be\/fr\/#website"},"primaryImageOfPage":{"@id":"https:\/\/districos.standingout.be\/fr\/product\/serviette-de-bain-en-coton-blanc-100x50-cm-1-pc-ref-7113-01\/#primaryimage"},"image":{"@id":"https:\/\/districos.standingout.be\/fr\/product\/serviette-de-bain-en-coton-blanc-100x50-cm-1-pc-ref-7113-01\/#primaryimage"},"thumbnailUrl":"https:\/\/districos.standingout.be\/wp-content\/uploads\/2026\/04\/7113.01@Katoenen-Handdoek-Wit-100x50-cm-1-st_1-1.png","datePublished":"2026-04-28T08:15:17+00:00","dateModified":"2026-04-28T08:15:20+00:00","breadcrumb":{"@id":"https:\/\/districos.standingout.be\/fr\/product\/serviette-de-bain-en-coton-blanc-100x50-cm-1-pc-ref-7113-01\/#breadcrumb"},"inLanguage":"fr-FR","potentialAction":[{"@type":"ReadAction","target":["https:\/\/districos.standingout.be\/fr\/product\/serviette-de-bain-en-coton-blanc-100x50-cm-1-pc-ref-7113-01\/"]}]},{"@type":"ImageObject","inLanguage":"fr-FR","@id":"https:\/\/districos.standingout.be\/fr\/product\/serviette-de-bain-en-coton-blanc-100x50-cm-1-pc-ref-7113-01\/#primaryimage","url":"https:\/\/districos.standingout.be\/wp-content\/uploads\/2026\/04\/7113.01@Katoenen-Handdoek-Wit-100x50-cm-1-st_1-1.png","contentUrl":"https:\/\/districos.standingout.be\/wp-content\/uploads\/2026\/04\/7113.01@Katoenen-Handdoek-Wit-100x50-cm-1-st_1-1.png","width":600,"height":600},{"@type":"BreadcrumbList","@id":"https:\/\/districos.standingout.be\/fr\/product\/serviette-de-bain-en-coton-blanc-100x50-cm-1-pc-ref-7113-01\/#breadcrumb","itemListElement":[{"@type":"ListItem","position":1,"name":"Home","item":"https:\/\/districos.standingout.be\/fr\/bienvenue-chez-districos\/"},{"@type":"ListItem","position":2,"name":"Boutique","item":"https:\/\/districos.standingout.be\/fr\/boutique\/"},{"@type":"ListItem","position":3,"name":"Serviette de Bain en Coton Blanc 100&#215;50 cm 1 pc."}]},{"@type":"WebSite","@id":"https:\/\/districos.standingout.be\/fr\/#website","url":"https:\/\/districos.standingout.be\/fr\/","name":"Districos Webshop","description":"","publisher":{"@id":"https:\/\/districos.standingout.be\/fr\/#organization"},"potentialAction":[{"@type":"SearchAction","target":{"@type":"EntryPoint","urlTemplate":"https:\/\/districos.standingout.be\/fr\/?s={search_term_string}"},"query-input":{"@type":"PropertyValueSpecification","valueRequired":true,"valueName":"search_term_string"}}],"inLanguage":"fr-FR"},{"@type":"Organization","@id":"https:\/\/districos.standingout.be\/fr\/#organization","name":"Districos Webshop","url":"https:\/\/districos.standingout.be\/fr\/","logo":{"@type":"ImageObject","inLanguage":"fr-FR","@id":"https:\/\/districos.standingout.be\/fr\/#\/schema\/logo\/image\/","url":"https:\/\/districos.standingout.be\/wp-content\/uploads\/2022\/09\/Districos_Logo_Webshop.svg","contentUrl":"https:\/\/districos.standingout.be\/wp-content\/uploads\/2022\/09\/Districos_Logo_Webshop.svg","caption":"Districos Webshop"},"image":{"@id":"https:\/\/districos.standingout.be\/fr\/#\/schema\/logo\/image\/"}}]}},"_links":{"self":[{"href":"https:\/\/districos.standingout.be\/fr\/wp-json\/wp\/v2\/product\/137453","targetHints":{"allow":["GET"]}}],"collection":[{"href":"https:\/\/districos.standingout.be\/fr\/wp-json\/wp\/v2\/product"}],"about":[{"href":"https:\/\/districos.standingout.be\/fr\/wp-json\/wp\/v2\/types\/product"}],"replies":[{"embeddable":true,"href":"https:\/\/districos.standingout.be\/fr\/wp-json\/wp\/v2\/comments?post=137453"}],"wp:featuredmedia":[{"embeddable":true,"href":"https:\/\/districos.standingout.be\/fr\/wp-json\/wp\/v2\/media\/147606"}],"wp:attachment":[{"href":"https:\/\/districos.standingout.be\/fr\/wp-json\/wp\/v2\/media?parent=137453"}],"wp:term":[{"taxonomy":"product_brand","embeddable":true,"href":"https:\/\/districos.standingout.be\/fr\/wp-json\/wp\/v2\/product_brand?post=137453"},{"taxonomy":"product_cat","embeddable":true,"href":"https:\/\/districos.standingout.be\/fr\/wp-json\/wp\/v2\/product_cat?post=137453"},{"taxonomy":"product_tag","embeddable":true,"href":"https:\/\/districos.standingout.be\/fr\/wp-json\/wp\/v2\/product_tag?post=137453"}],"curies":[{"name":"wp","href":"https:\/\/api.w.org\/{rel}","templated":true}]}}