{"id":137463,"date":"2026-04-28T10:15:37","date_gmt":"2026-04-28T08:15:37","guid":{"rendered":"https:\/\/webshopdistricoscom.webhosting.be\/product\/presentoir-cobra-full-of-lashes-mascara-10-x-165-ml-ref-7201-01d\/"},"modified":"2026-04-28T10:15:40","modified_gmt":"2026-04-28T08:15:40","slug":"presentoir-cobra-full-of-lashes-mascara-10-x-165-ml-ref-7201-01d","status":"publish","type":"product","link":"https:\/\/districos.standingout.be\/fr\/product\/presentoir-cobra-full-of-lashes-mascara-10-x-165-ml-ref-7201-01d\/","title":{"rendered":"Pr\u00e9sentoir Cobra Full of Lashes Mascara 10 x 16,5 ml"},"content":{"rendered":"<p >\n<\/p>\n<p dir=\"ltr\">Avec des fibres et une brosse innovante apportant instantan\u00e9ment de la longueur, du volume et un bel \u00e9cartement sans grumeaux. En cas d&rsquo;une application quotidienne durant 2 semaines, les cils naturels seront visiblement plus longs, plus \u00e9pais et plus forts gr\u00e2ce \u00e0 la formule 4 en 1 nutritive contenant de la Crotein M, du Nylon Fibres, du Widelash\u2122 et du Tritisol\u2122. Le mascara limite la perte de cils et convient \u00e9galement pour m\u00e9langer les cils sur bande avec les cils naturels. Utilisez le Cobra Soft Eye Make-Up Remover \u00e0 base d&rsquo;eau afin d&rsquo;enlever le mascara.&nbsp;<b><br \/><\/b><\/p>\n<p dir=\"ltr\"><b>Emploi&nbsp;<\/b>: Sortez la brosse du tube en tournant. Ne jamais pomper. Appliquez 2 ou 3 couches pour un effet frappant.<\/p>\n<div>\n<ul>\n<li>Formule nutritive.<\/li>\n<li>Instantan\u00e9ment plus de volume et de longueur.<\/li>\n<li>\u00c9cartement des cils sans grumeaux.<\/li>\n<li>Des cils plus longs, plus \u00e9pais et plus forts en 2 semaines (Auto\u00e9valuation parmi 30 femmes).<\/li>\n<\/ul>\n<\/div>\n<p> Contenu :<\/p>\n<ul>\n<li>9 x Mascara 16,5 ml avec emballage<\/li>\n<li>1 x Testeur Mascara 16,5 ml<\/li>\n<\/ul>\n<p> Egalement disponible s\u00e9par\u00e9ment en flacon de 16,5 ml (<a href=\"https:\/\/webshop.districos.com\/ProductDetail\/7201.01\" target=\"_blank\" rel=\"noopener noreferrer nofollow\">R\u00e9f. : 7201.01<\/a>).<\/p><\/p>\n","protected":false},"excerpt":{"rendered":"<p>Avec des fibres et une brosse innovante apportant instantan\u00e9ment de la longueur, du volume et un bel \u00e9cartement sans grumeaux. En cas d&rsquo;une application quotidienne durant 2 semaines, les cils naturels seront visiblement plus longs, plus \u00e9pais et plus forts gr\u00e2ce \u00e0 la formule 4 en 1 nutritive contenant de la Crotein M, du Nylon [&hellip;]<\/p>\n","protected":false},"featured_media":147608,"comment_status":"open","ping_status":"closed","template":"","meta":{"_acf_changed":false},"product_brand":[10336],"product_cat":[9882],"product_tag":[],"class_list":{"0":"post-137463","1":"product","2":"type-product","3":"status-publish","4":"has-post-thumbnail","6":"product_brand-cobra-cosmetics-fr","7":"product_cat-beaute-maquillage-yeux-sourcils","9":"first","10":"instock","11":"taxable","12":"shipping-taxable","13":"product-type-simple"},"acf":[],"yoast_head":"<!-- This site is optimized with the Yoast SEO plugin v27.3 - https:\/\/yoast.com\/product\/yoast-seo-wordpress\/ -->\n<title>Pr\u00e9sentoir Cobra Full of Lashes Mascara 10 x 16,5 ml - Districos Webshop<\/title>\n<meta name=\"robots\" content=\"noindex, follow, max-snippet:-1, max-image-preview:large, max-video-preview:-1\" \/>\n<meta property=\"og:locale\" content=\"fr_FR\" \/>\n<meta property=\"og:type\" content=\"article\" \/>\n<meta property=\"og:title\" content=\"Pr\u00e9sentoir Cobra Full of Lashes Mascara 10 x 16,5 ml - Districos Webshop\" \/>\n<meta property=\"og:description\" content=\"Avec des fibres et une brosse innovante apportant instantan\u00e9ment de la longueur, du volume et un bel \u00e9cartement sans grumeaux. En cas d&rsquo;une application quotidienne durant 2 semaines, les cils naturels seront visiblement plus longs, plus \u00e9pais et plus forts gr\u00e2ce \u00e0 la formule 4 en 1 nutritive contenant de la Crotein M, du Nylon [&hellip;]\" \/>\n<meta property=\"og:url\" content=\"https:\/\/districos.standingout.be\/fr\/product\/presentoir-cobra-full-of-lashes-mascara-10-x-165-ml-ref-7201-01d\/\" \/>\n<meta property=\"og:site_name\" content=\"Districos Webshop\" \/>\n<meta property=\"article:modified_time\" content=\"2026-04-28T08:15:40+00:00\" \/>\n<meta name=\"twitter:card\" content=\"summary_large_image\" \/>\n<meta name=\"twitter:label1\" content=\"Dur\u00e9e de lecture estim\u00e9e\" \/>\n\t<meta name=\"twitter:data1\" content=\"1 minute\" \/>\n<script type=\"application\/ld+json\" class=\"yoast-schema-graph\">{\"@context\":\"https:\\\/\\\/schema.org\",\"@graph\":[{\"@type\":\"WebPage\",\"@id\":\"https:\\\/\\\/districos.standingout.be\\\/fr\\\/product\\\/presentoir-cobra-full-of-lashes-mascara-10-x-165-ml-ref-7201-01d\\\/\",\"url\":\"https:\\\/\\\/districos.standingout.be\\\/fr\\\/product\\\/presentoir-cobra-full-of-lashes-mascara-10-x-165-ml-ref-7201-01d\\\/\",\"name\":\"Pr\u00e9sentoir Cobra Full of Lashes Mascara 10 x 16,5 ml - Districos Webshop\",\"isPartOf\":{\"@id\":\"https:\\\/\\\/districos.standingout.be\\\/fr\\\/#website\"},\"primaryImageOfPage\":{\"@id\":\"https:\\\/\\\/districos.standingout.be\\\/fr\\\/product\\\/presentoir-cobra-full-of-lashes-mascara-10-x-165-ml-ref-7201-01d\\\/#primaryimage\"},\"image\":{\"@id\":\"https:\\\/\\\/districos.standingout.be\\\/fr\\\/product\\\/presentoir-cobra-full-of-lashes-mascara-10-x-165-ml-ref-7201-01d\\\/#primaryimage\"},\"thumbnailUrl\":\"https:\\\/\\\/districos.standingout.be\\\/wp-content\\\/uploads\\\/2026\\\/04\\\/7201.01D@Display-Cobra-Full-of-Lashes-Mascara-10-x-165-ml_1-1.png\",\"datePublished\":\"2026-04-28T08:15:37+00:00\",\"dateModified\":\"2026-04-28T08:15:40+00:00\",\"breadcrumb\":{\"@id\":\"https:\\\/\\\/districos.standingout.be\\\/fr\\\/product\\\/presentoir-cobra-full-of-lashes-mascara-10-x-165-ml-ref-7201-01d\\\/#breadcrumb\"},\"inLanguage\":\"fr-FR\",\"potentialAction\":[{\"@type\":\"ReadAction\",\"target\":[\"https:\\\/\\\/districos.standingout.be\\\/fr\\\/product\\\/presentoir-cobra-full-of-lashes-mascara-10-x-165-ml-ref-7201-01d\\\/\"]}]},{\"@type\":\"ImageObject\",\"inLanguage\":\"fr-FR\",\"@id\":\"https:\\\/\\\/districos.standingout.be\\\/fr\\\/product\\\/presentoir-cobra-full-of-lashes-mascara-10-x-165-ml-ref-7201-01d\\\/#primaryimage\",\"url\":\"https:\\\/\\\/districos.standingout.be\\\/wp-content\\\/uploads\\\/2026\\\/04\\\/7201.01D@Display-Cobra-Full-of-Lashes-Mascara-10-x-165-ml_1-1.png\",\"contentUrl\":\"https:\\\/\\\/districos.standingout.be\\\/wp-content\\\/uploads\\\/2026\\\/04\\\/7201.01D@Display-Cobra-Full-of-Lashes-Mascara-10-x-165-ml_1-1.png\",\"width\":600,\"height\":600},{\"@type\":\"BreadcrumbList\",\"@id\":\"https:\\\/\\\/districos.standingout.be\\\/fr\\\/product\\\/presentoir-cobra-full-of-lashes-mascara-10-x-165-ml-ref-7201-01d\\\/#breadcrumb\",\"itemListElement\":[{\"@type\":\"ListItem\",\"position\":1,\"name\":\"Home\",\"item\":\"https:\\\/\\\/districos.standingout.be\\\/fr\\\/bienvenue-chez-districos\\\/\"},{\"@type\":\"ListItem\",\"position\":2,\"name\":\"Boutique\",\"item\":\"https:\\\/\\\/districos.standingout.be\\\/fr\\\/boutique\\\/\"},{\"@type\":\"ListItem\",\"position\":3,\"name\":\"Pr\u00e9sentoir Cobra Full of Lashes Mascara 10 x 16,5 ml\"}]},{\"@type\":\"WebSite\",\"@id\":\"https:\\\/\\\/districos.standingout.be\\\/fr\\\/#website\",\"url\":\"https:\\\/\\\/districos.standingout.be\\\/fr\\\/\",\"name\":\"Districos Webshop\",\"description\":\"\",\"publisher\":{\"@id\":\"https:\\\/\\\/districos.standingout.be\\\/fr\\\/#organization\"},\"potentialAction\":[{\"@type\":\"SearchAction\",\"target\":{\"@type\":\"EntryPoint\",\"urlTemplate\":\"https:\\\/\\\/districos.standingout.be\\\/fr\\\/?s={search_term_string}\"},\"query-input\":{\"@type\":\"PropertyValueSpecification\",\"valueRequired\":true,\"valueName\":\"search_term_string\"}}],\"inLanguage\":\"fr-FR\"},{\"@type\":\"Organization\",\"@id\":\"https:\\\/\\\/districos.standingout.be\\\/fr\\\/#organization\",\"name\":\"Districos Webshop\",\"url\":\"https:\\\/\\\/districos.standingout.be\\\/fr\\\/\",\"logo\":{\"@type\":\"ImageObject\",\"inLanguage\":\"fr-FR\",\"@id\":\"https:\\\/\\\/districos.standingout.be\\\/fr\\\/#\\\/schema\\\/logo\\\/image\\\/\",\"url\":\"https:\\\/\\\/districos.standingout.be\\\/wp-content\\\/uploads\\\/2022\\\/09\\\/Districos_Logo_Webshop.svg\",\"contentUrl\":\"https:\\\/\\\/districos.standingout.be\\\/wp-content\\\/uploads\\\/2022\\\/09\\\/Districos_Logo_Webshop.svg\",\"caption\":\"Districos Webshop\"},\"image\":{\"@id\":\"https:\\\/\\\/districos.standingout.be\\\/fr\\\/#\\\/schema\\\/logo\\\/image\\\/\"}}]}<\/script>\n<!-- \/ Yoast SEO plugin. -->","yoast_head_json":{"title":"Pr\u00e9sentoir Cobra Full of Lashes Mascara 10 x 16,5 ml - Districos Webshop","robots":{"index":"noindex","follow":"follow","max-snippet":"max-snippet:-1","max-image-preview":"max-image-preview:large","max-video-preview":"max-video-preview:-1"},"og_locale":"fr_FR","og_type":"article","og_title":"Pr\u00e9sentoir Cobra Full of Lashes Mascara 10 x 16,5 ml - Districos Webshop","og_description":"Avec des fibres et une brosse innovante apportant instantan\u00e9ment de la longueur, du volume et un bel \u00e9cartement sans grumeaux. En cas d&rsquo;une application quotidienne durant 2 semaines, les cils naturels seront visiblement plus longs, plus \u00e9pais et plus forts gr\u00e2ce \u00e0 la formule 4 en 1 nutritive contenant de la Crotein M, du Nylon [&hellip;]","og_url":"https:\/\/districos.standingout.be\/fr\/product\/presentoir-cobra-full-of-lashes-mascara-10-x-165-ml-ref-7201-01d\/","og_site_name":"Districos Webshop","article_modified_time":"2026-04-28T08:15:40+00:00","twitter_card":"summary_large_image","twitter_misc":{"Dur\u00e9e de lecture estim\u00e9e":"1 minute"},"schema":{"@context":"https:\/\/schema.org","@graph":[{"@type":"WebPage","@id":"https:\/\/districos.standingout.be\/fr\/product\/presentoir-cobra-full-of-lashes-mascara-10-x-165-ml-ref-7201-01d\/","url":"https:\/\/districos.standingout.be\/fr\/product\/presentoir-cobra-full-of-lashes-mascara-10-x-165-ml-ref-7201-01d\/","name":"Pr\u00e9sentoir Cobra Full of Lashes Mascara 10 x 16,5 ml - Districos Webshop","isPartOf":{"@id":"https:\/\/districos.standingout.be\/fr\/#website"},"primaryImageOfPage":{"@id":"https:\/\/districos.standingout.be\/fr\/product\/presentoir-cobra-full-of-lashes-mascara-10-x-165-ml-ref-7201-01d\/#primaryimage"},"image":{"@id":"https:\/\/districos.standingout.be\/fr\/product\/presentoir-cobra-full-of-lashes-mascara-10-x-165-ml-ref-7201-01d\/#primaryimage"},"thumbnailUrl":"https:\/\/districos.standingout.be\/wp-content\/uploads\/2026\/04\/7201.01D@Display-Cobra-Full-of-Lashes-Mascara-10-x-165-ml_1-1.png","datePublished":"2026-04-28T08:15:37+00:00","dateModified":"2026-04-28T08:15:40+00:00","breadcrumb":{"@id":"https:\/\/districos.standingout.be\/fr\/product\/presentoir-cobra-full-of-lashes-mascara-10-x-165-ml-ref-7201-01d\/#breadcrumb"},"inLanguage":"fr-FR","potentialAction":[{"@type":"ReadAction","target":["https:\/\/districos.standingout.be\/fr\/product\/presentoir-cobra-full-of-lashes-mascara-10-x-165-ml-ref-7201-01d\/"]}]},{"@type":"ImageObject","inLanguage":"fr-FR","@id":"https:\/\/districos.standingout.be\/fr\/product\/presentoir-cobra-full-of-lashes-mascara-10-x-165-ml-ref-7201-01d\/#primaryimage","url":"https:\/\/districos.standingout.be\/wp-content\/uploads\/2026\/04\/7201.01D@Display-Cobra-Full-of-Lashes-Mascara-10-x-165-ml_1-1.png","contentUrl":"https:\/\/districos.standingout.be\/wp-content\/uploads\/2026\/04\/7201.01D@Display-Cobra-Full-of-Lashes-Mascara-10-x-165-ml_1-1.png","width":600,"height":600},{"@type":"BreadcrumbList","@id":"https:\/\/districos.standingout.be\/fr\/product\/presentoir-cobra-full-of-lashes-mascara-10-x-165-ml-ref-7201-01d\/#breadcrumb","itemListElement":[{"@type":"ListItem","position":1,"name":"Home","item":"https:\/\/districos.standingout.be\/fr\/bienvenue-chez-districos\/"},{"@type":"ListItem","position":2,"name":"Boutique","item":"https:\/\/districos.standingout.be\/fr\/boutique\/"},{"@type":"ListItem","position":3,"name":"Pr\u00e9sentoir Cobra Full of Lashes Mascara 10 x 16,5 ml"}]},{"@type":"WebSite","@id":"https:\/\/districos.standingout.be\/fr\/#website","url":"https:\/\/districos.standingout.be\/fr\/","name":"Districos Webshop","description":"","publisher":{"@id":"https:\/\/districos.standingout.be\/fr\/#organization"},"potentialAction":[{"@type":"SearchAction","target":{"@type":"EntryPoint","urlTemplate":"https:\/\/districos.standingout.be\/fr\/?s={search_term_string}"},"query-input":{"@type":"PropertyValueSpecification","valueRequired":true,"valueName":"search_term_string"}}],"inLanguage":"fr-FR"},{"@type":"Organization","@id":"https:\/\/districos.standingout.be\/fr\/#organization","name":"Districos Webshop","url":"https:\/\/districos.standingout.be\/fr\/","logo":{"@type":"ImageObject","inLanguage":"fr-FR","@id":"https:\/\/districos.standingout.be\/fr\/#\/schema\/logo\/image\/","url":"https:\/\/districos.standingout.be\/wp-content\/uploads\/2022\/09\/Districos_Logo_Webshop.svg","contentUrl":"https:\/\/districos.standingout.be\/wp-content\/uploads\/2022\/09\/Districos_Logo_Webshop.svg","caption":"Districos Webshop"},"image":{"@id":"https:\/\/districos.standingout.be\/fr\/#\/schema\/logo\/image\/"}}]}},"_links":{"self":[{"href":"https:\/\/districos.standingout.be\/fr\/wp-json\/wp\/v2\/product\/137463","targetHints":{"allow":["GET"]}}],"collection":[{"href":"https:\/\/districos.standingout.be\/fr\/wp-json\/wp\/v2\/product"}],"about":[{"href":"https:\/\/districos.standingout.be\/fr\/wp-json\/wp\/v2\/types\/product"}],"replies":[{"embeddable":true,"href":"https:\/\/districos.standingout.be\/fr\/wp-json\/wp\/v2\/comments?post=137463"}],"wp:featuredmedia":[{"embeddable":true,"href":"https:\/\/districos.standingout.be\/fr\/wp-json\/wp\/v2\/media\/147608"}],"wp:attachment":[{"href":"https:\/\/districos.standingout.be\/fr\/wp-json\/wp\/v2\/media?parent=137463"}],"wp:term":[{"taxonomy":"product_brand","embeddable":true,"href":"https:\/\/districos.standingout.be\/fr\/wp-json\/wp\/v2\/product_brand?post=137463"},{"taxonomy":"product_cat","embeddable":true,"href":"https:\/\/districos.standingout.be\/fr\/wp-json\/wp\/v2\/product_cat?post=137463"},{"taxonomy":"product_tag","embeddable":true,"href":"https:\/\/districos.standingout.be\/fr\/wp-json\/wp\/v2\/product_tag?post=137463"}],"curies":[{"name":"wp","href":"https:\/\/api.w.org\/{rel}","templated":true}]}}