{"id":137467,"date":"2026-04-28T10:16:11","date_gmt":"2026-04-28T08:16:11","guid":{"rendered":"https:\/\/webshopdistricoscom.webhosting.be\/product\/eve-taylor-sleepwell-10-ml-ref-7506-02-2\/"},"modified":"2026-04-28T10:16:14","modified_gmt":"2026-04-28T08:16:14","slug":"eve-taylor-sleepwell-10-ml-ref-7506-02","status":"publish","type":"product","link":"https:\/\/districos.standingout.be\/fr\/product\/eve-taylor-sleepwell-10-ml-ref-7506-02\/","title":{"rendered":"Eve Taylor Sleepwell 10 ml"},"content":{"rendered":"<p >\n<p dir=\"ltr\">Ce m\u00e9lange de bois de c\u00e8dre marocain et d\u2019orange br\u00e9silienne vous garantit un repos nocturne bien m\u00e9rit\u00e9. La fra\u00eecheur de la lavande et de la racine de val\u00e9riane calment la respiration et vous plongent dans un sommeil paisible et tranquillisant.<\/p>\n<p dir=\"ltr\">\n<ul>\n<li>Huile m\u00e9lang\u00e9e.<\/li>\n<li>Emballage : 10 ml.<\/li>\n<\/ul>\n<div><b>Aussi disponible<\/b><\/div>\n<div>\n<div>Diffuseur d&rsquo;Ar\u00f4mes Ultrasonique (<u><a href=\"https:\/\/districos.com\/ProductDetail\/7506.341\" target=\"_blank\" rel=\"noopener noreferrer nofollow\">r\u00e9f. 7506.341<\/a><\/u>)<\/div>\n<\/div>\n","protected":false},"excerpt":{"rendered":"<p>Ce m\u00e9lange de bois de c\u00e8dre marocain et d\u2019orange br\u00e9silienne vous garantit un repos nocturne bien m\u00e9rit\u00e9. La fra\u00eecheur de la lavande et de la racine de val\u00e9riane calment la respiration et vous plongent dans un sommeil paisible et tranquillisant. Huile m\u00e9lang\u00e9e. Emballage : 10 ml. Aussi disponible Diffuseur d&rsquo;Ar\u00f4mes Ultrasonique (r\u00e9f. 7506.341)<\/p>\n","protected":false},"featured_media":78620,"comment_status":"open","ping_status":"closed","template":"","meta":{"_acf_changed":false},"product_brand":[10398],"product_cat":[9876],"product_tag":[],"class_list":{"0":"post-137467","1":"product","2":"type-product","3":"status-publish","4":"has-post-thumbnail","6":"product_brand-eve-taylor-fr","7":"product_cat-beaute-corps-aromatherapie","9":"first","10":"instock","11":"taxable","12":"shipping-taxable","13":"product-type-simple"},"acf":[],"yoast_head":"<!-- This site is optimized with the Yoast SEO plugin v27.3 - https:\/\/yoast.com\/product\/yoast-seo-wordpress\/ -->\n<title>Eve Taylor Sleepwell 10 ml - Districos Webshop<\/title>\n<meta name=\"robots\" content=\"noindex, follow, max-snippet:-1, max-image-preview:large, max-video-preview:-1\" \/>\n<meta property=\"og:locale\" content=\"fr_FR\" \/>\n<meta property=\"og:type\" content=\"article\" \/>\n<meta property=\"og:title\" content=\"Eve Taylor Sleepwell 10 ml - Districos Webshop\" \/>\n<meta property=\"og:description\" content=\"Ce m\u00e9lange de bois de c\u00e8dre marocain et d\u2019orange br\u00e9silienne vous garantit un repos nocturne bien m\u00e9rit\u00e9. La fra\u00eecheur de la lavande et de la racine de val\u00e9riane calment la respiration et vous plongent dans un sommeil paisible et tranquillisant. Huile m\u00e9lang\u00e9e. Emballage : 10 ml. Aussi disponible Diffuseur d&rsquo;Ar\u00f4mes Ultrasonique (r\u00e9f. 7506.341)\" \/>\n<meta property=\"og:url\" content=\"https:\/\/districos.standingout.be\/fr\/product\/eve-taylor-sleepwell-10-ml-ref-7506-02\/\" \/>\n<meta property=\"og:site_name\" content=\"Districos Webshop\" \/>\n<meta property=\"article:modified_time\" content=\"2026-04-28T08:16:14+00:00\" \/>\n<meta name=\"twitter:card\" content=\"summary_large_image\" \/>\n<script type=\"application\/ld+json\" class=\"yoast-schema-graph\">{\"@context\":\"https:\\\/\\\/schema.org\",\"@graph\":[{\"@type\":\"WebPage\",\"@id\":\"https:\\\/\\\/districos.standingout.be\\\/fr\\\/product\\\/eve-taylor-sleepwell-10-ml-ref-7506-02\\\/\",\"url\":\"https:\\\/\\\/districos.standingout.be\\\/fr\\\/product\\\/eve-taylor-sleepwell-10-ml-ref-7506-02\\\/\",\"name\":\"Eve Taylor Sleepwell 10 ml - Districos Webshop\",\"isPartOf\":{\"@id\":\"https:\\\/\\\/districos.standingout.be\\\/fr\\\/#website\"},\"primaryImageOfPage\":{\"@id\":\"https:\\\/\\\/districos.standingout.be\\\/fr\\\/product\\\/eve-taylor-sleepwell-10-ml-ref-7506-02\\\/#primaryimage\"},\"image\":{\"@id\":\"https:\\\/\\\/districos.standingout.be\\\/fr\\\/product\\\/eve-taylor-sleepwell-10-ml-ref-7506-02\\\/#primaryimage\"},\"thumbnailUrl\":\"https:\\\/\\\/districos.standingout.be\\\/wp-content\\\/uploads\\\/2025\\\/07\\\/7506.02@LowRes_1.png\",\"datePublished\":\"2026-04-28T08:16:11+00:00\",\"dateModified\":\"2026-04-28T08:16:14+00:00\",\"breadcrumb\":{\"@id\":\"https:\\\/\\\/districos.standingout.be\\\/fr\\\/product\\\/eve-taylor-sleepwell-10-ml-ref-7506-02\\\/#breadcrumb\"},\"inLanguage\":\"fr-FR\",\"potentialAction\":[{\"@type\":\"ReadAction\",\"target\":[\"https:\\\/\\\/districos.standingout.be\\\/fr\\\/product\\\/eve-taylor-sleepwell-10-ml-ref-7506-02\\\/\"]}]},{\"@type\":\"ImageObject\",\"inLanguage\":\"fr-FR\",\"@id\":\"https:\\\/\\\/districos.standingout.be\\\/fr\\\/product\\\/eve-taylor-sleepwell-10-ml-ref-7506-02\\\/#primaryimage\",\"url\":\"https:\\\/\\\/districos.standingout.be\\\/wp-content\\\/uploads\\\/2025\\\/07\\\/7506.02@LowRes_1.png\",\"contentUrl\":\"https:\\\/\\\/districos.standingout.be\\\/wp-content\\\/uploads\\\/2025\\\/07\\\/7506.02@LowRes_1.png\",\"width\":600,\"height\":600},{\"@type\":\"BreadcrumbList\",\"@id\":\"https:\\\/\\\/districos.standingout.be\\\/fr\\\/product\\\/eve-taylor-sleepwell-10-ml-ref-7506-02\\\/#breadcrumb\",\"itemListElement\":[{\"@type\":\"ListItem\",\"position\":1,\"name\":\"Home\",\"item\":\"https:\\\/\\\/districos.standingout.be\\\/fr\\\/bienvenue-chez-districos\\\/\"},{\"@type\":\"ListItem\",\"position\":2,\"name\":\"Boutique\",\"item\":\"https:\\\/\\\/districos.standingout.be\\\/fr\\\/boutique\\\/\"},{\"@type\":\"ListItem\",\"position\":3,\"name\":\"Eve Taylor Sleepwell 10 ml\"}]},{\"@type\":\"WebSite\",\"@id\":\"https:\\\/\\\/districos.standingout.be\\\/fr\\\/#website\",\"url\":\"https:\\\/\\\/districos.standingout.be\\\/fr\\\/\",\"name\":\"Districos Webshop\",\"description\":\"\",\"publisher\":{\"@id\":\"https:\\\/\\\/districos.standingout.be\\\/fr\\\/#organization\"},\"potentialAction\":[{\"@type\":\"SearchAction\",\"target\":{\"@type\":\"EntryPoint\",\"urlTemplate\":\"https:\\\/\\\/districos.standingout.be\\\/fr\\\/?s={search_term_string}\"},\"query-input\":{\"@type\":\"PropertyValueSpecification\",\"valueRequired\":true,\"valueName\":\"search_term_string\"}}],\"inLanguage\":\"fr-FR\"},{\"@type\":\"Organization\",\"@id\":\"https:\\\/\\\/districos.standingout.be\\\/fr\\\/#organization\",\"name\":\"Districos Webshop\",\"url\":\"https:\\\/\\\/districos.standingout.be\\\/fr\\\/\",\"logo\":{\"@type\":\"ImageObject\",\"inLanguage\":\"fr-FR\",\"@id\":\"https:\\\/\\\/districos.standingout.be\\\/fr\\\/#\\\/schema\\\/logo\\\/image\\\/\",\"url\":\"https:\\\/\\\/districos.standingout.be\\\/wp-content\\\/uploads\\\/2022\\\/09\\\/Districos_Logo_Webshop.svg\",\"contentUrl\":\"https:\\\/\\\/districos.standingout.be\\\/wp-content\\\/uploads\\\/2022\\\/09\\\/Districos_Logo_Webshop.svg\",\"caption\":\"Districos Webshop\"},\"image\":{\"@id\":\"https:\\\/\\\/districos.standingout.be\\\/fr\\\/#\\\/schema\\\/logo\\\/image\\\/\"}}]}<\/script>\n<!-- \/ Yoast SEO plugin. -->","yoast_head_json":{"title":"Eve Taylor Sleepwell 10 ml - Districos Webshop","robots":{"index":"noindex","follow":"follow","max-snippet":"max-snippet:-1","max-image-preview":"max-image-preview:large","max-video-preview":"max-video-preview:-1"},"og_locale":"fr_FR","og_type":"article","og_title":"Eve Taylor Sleepwell 10 ml - Districos Webshop","og_description":"Ce m\u00e9lange de bois de c\u00e8dre marocain et d\u2019orange br\u00e9silienne vous garantit un repos nocturne bien m\u00e9rit\u00e9. La fra\u00eecheur de la lavande et de la racine de val\u00e9riane calment la respiration et vous plongent dans un sommeil paisible et tranquillisant. Huile m\u00e9lang\u00e9e. Emballage : 10 ml. Aussi disponible Diffuseur d&rsquo;Ar\u00f4mes Ultrasonique (r\u00e9f. 7506.341)","og_url":"https:\/\/districos.standingout.be\/fr\/product\/eve-taylor-sleepwell-10-ml-ref-7506-02\/","og_site_name":"Districos Webshop","article_modified_time":"2026-04-28T08:16:14+00:00","twitter_card":"summary_large_image","schema":{"@context":"https:\/\/schema.org","@graph":[{"@type":"WebPage","@id":"https:\/\/districos.standingout.be\/fr\/product\/eve-taylor-sleepwell-10-ml-ref-7506-02\/","url":"https:\/\/districos.standingout.be\/fr\/product\/eve-taylor-sleepwell-10-ml-ref-7506-02\/","name":"Eve Taylor Sleepwell 10 ml - Districos Webshop","isPartOf":{"@id":"https:\/\/districos.standingout.be\/fr\/#website"},"primaryImageOfPage":{"@id":"https:\/\/districos.standingout.be\/fr\/product\/eve-taylor-sleepwell-10-ml-ref-7506-02\/#primaryimage"},"image":{"@id":"https:\/\/districos.standingout.be\/fr\/product\/eve-taylor-sleepwell-10-ml-ref-7506-02\/#primaryimage"},"thumbnailUrl":"https:\/\/districos.standingout.be\/wp-content\/uploads\/2025\/07\/7506.02@LowRes_1.png","datePublished":"2026-04-28T08:16:11+00:00","dateModified":"2026-04-28T08:16:14+00:00","breadcrumb":{"@id":"https:\/\/districos.standingout.be\/fr\/product\/eve-taylor-sleepwell-10-ml-ref-7506-02\/#breadcrumb"},"inLanguage":"fr-FR","potentialAction":[{"@type":"ReadAction","target":["https:\/\/districos.standingout.be\/fr\/product\/eve-taylor-sleepwell-10-ml-ref-7506-02\/"]}]},{"@type":"ImageObject","inLanguage":"fr-FR","@id":"https:\/\/districos.standingout.be\/fr\/product\/eve-taylor-sleepwell-10-ml-ref-7506-02\/#primaryimage","url":"https:\/\/districos.standingout.be\/wp-content\/uploads\/2025\/07\/7506.02@LowRes_1.png","contentUrl":"https:\/\/districos.standingout.be\/wp-content\/uploads\/2025\/07\/7506.02@LowRes_1.png","width":600,"height":600},{"@type":"BreadcrumbList","@id":"https:\/\/districos.standingout.be\/fr\/product\/eve-taylor-sleepwell-10-ml-ref-7506-02\/#breadcrumb","itemListElement":[{"@type":"ListItem","position":1,"name":"Home","item":"https:\/\/districos.standingout.be\/fr\/bienvenue-chez-districos\/"},{"@type":"ListItem","position":2,"name":"Boutique","item":"https:\/\/districos.standingout.be\/fr\/boutique\/"},{"@type":"ListItem","position":3,"name":"Eve Taylor Sleepwell 10 ml"}]},{"@type":"WebSite","@id":"https:\/\/districos.standingout.be\/fr\/#website","url":"https:\/\/districos.standingout.be\/fr\/","name":"Districos Webshop","description":"","publisher":{"@id":"https:\/\/districos.standingout.be\/fr\/#organization"},"potentialAction":[{"@type":"SearchAction","target":{"@type":"EntryPoint","urlTemplate":"https:\/\/districos.standingout.be\/fr\/?s={search_term_string}"},"query-input":{"@type":"PropertyValueSpecification","valueRequired":true,"valueName":"search_term_string"}}],"inLanguage":"fr-FR"},{"@type":"Organization","@id":"https:\/\/districos.standingout.be\/fr\/#organization","name":"Districos Webshop","url":"https:\/\/districos.standingout.be\/fr\/","logo":{"@type":"ImageObject","inLanguage":"fr-FR","@id":"https:\/\/districos.standingout.be\/fr\/#\/schema\/logo\/image\/","url":"https:\/\/districos.standingout.be\/wp-content\/uploads\/2022\/09\/Districos_Logo_Webshop.svg","contentUrl":"https:\/\/districos.standingout.be\/wp-content\/uploads\/2022\/09\/Districos_Logo_Webshop.svg","caption":"Districos Webshop"},"image":{"@id":"https:\/\/districos.standingout.be\/fr\/#\/schema\/logo\/image\/"}}]}},"_links":{"self":[{"href":"https:\/\/districos.standingout.be\/fr\/wp-json\/wp\/v2\/product\/137467","targetHints":{"allow":["GET"]}}],"collection":[{"href":"https:\/\/districos.standingout.be\/fr\/wp-json\/wp\/v2\/product"}],"about":[{"href":"https:\/\/districos.standingout.be\/fr\/wp-json\/wp\/v2\/types\/product"}],"replies":[{"embeddable":true,"href":"https:\/\/districos.standingout.be\/fr\/wp-json\/wp\/v2\/comments?post=137467"}],"wp:featuredmedia":[{"embeddable":true,"href":"https:\/\/districos.standingout.be\/fr\/wp-json\/wp\/v2\/media\/78620"}],"wp:attachment":[{"href":"https:\/\/districos.standingout.be\/fr\/wp-json\/wp\/v2\/media?parent=137467"}],"wp:term":[{"taxonomy":"product_brand","embeddable":true,"href":"https:\/\/districos.standingout.be\/fr\/wp-json\/wp\/v2\/product_brand?post=137467"},{"taxonomy":"product_cat","embeddable":true,"href":"https:\/\/districos.standingout.be\/fr\/wp-json\/wp\/v2\/product_cat?post=137467"},{"taxonomy":"product_tag","embeddable":true,"href":"https:\/\/districos.standingout.be\/fr\/wp-json\/wp\/v2\/product_tag?post=137467"}],"curies":[{"name":"wp","href":"https:\/\/api.w.org\/{rel}","templated":true}]}}