{"id":137469,"date":"2026-04-28T10:16:14","date_gmt":"2026-04-28T08:16:14","guid":{"rendered":"https:\/\/webshopdistricoscom.webhosting.be\/product\/eve-taylor-inspiration-10-ml-ref-7506-03-2\/"},"modified":"2026-04-28T10:16:17","modified_gmt":"2026-04-28T08:16:17","slug":"eve-taylor-inspiration-10-ml-ref-7506-03","status":"publish","type":"product","link":"https:\/\/districos.standingout.be\/fr\/product\/eve-taylor-inspiration-10-ml-ref-7506-03\/","title":{"rendered":"Eve Taylor Inspiration 10 ml"},"content":{"rendered":"<p >\n<p dir=\"ltr\"><b>Plonge l&rsquo;\u00e2me dans l&rsquo;ivresse et renforce l&rsquo;imagination !<\/b><\/p>\n<p dir=\"ltr\">Ce m\u00e9lange stimulant de basilic fran\u00e7ais avec un soup\u00e7on de sauge claire inspire des moments d\u2019\u00e9tude et de r\u00e9flexion. Il intensifie \u00e9galement la concentration par sa combinaison de romarin tunisien et citron sud-italien. Une m\u00e9tamorphose de vos pens\u00e9es inanim\u00e9es en des moments inspirants !<\/p>\n<p dir=\"ltr\">\n<ul>\n<li>Huile m\u00e9lang\u00e9e.<\/li>\n<li>Emballage : 10 ml.<\/li>\n<\/ul>\n<div><b>Aussi disponible<\/b><\/div>\n<div>\n<div>Diffuseur d&rsquo;Ar\u00f4mes Ultrasonique (<u><a href=\"https:\/\/districos.com\/ProductDetail\/7506.341\" target=\"_blank\" rel=\"noopener noreferrer nofollow\">r\u00e9f. 7506.341<\/a><\/u>)<\/div>\n<\/div>\n","protected":false},"excerpt":{"rendered":"<p>Plonge l&rsquo;\u00e2me dans l&rsquo;ivresse et renforce l&rsquo;imagination ! Ce m\u00e9lange stimulant de basilic fran\u00e7ais avec un soup\u00e7on de sauge claire inspire des moments d\u2019\u00e9tude et de r\u00e9flexion. Il intensifie \u00e9galement la concentration par sa combinaison de romarin tunisien et citron sud-italien. Une m\u00e9tamorphose de vos pens\u00e9es inanim\u00e9es en des moments inspirants ! Huile m\u00e9lang\u00e9e. Emballage [&hellip;]<\/p>\n","protected":false},"featured_media":78626,"comment_status":"open","ping_status":"closed","template":"","meta":{"_acf_changed":false},"product_brand":[10398],"product_cat":[9876],"product_tag":[],"class_list":{"0":"post-137469","1":"product","2":"type-product","3":"status-publish","4":"has-post-thumbnail","6":"product_brand-eve-taylor-fr","7":"product_cat-beaute-corps-aromatherapie","9":"first","10":"instock","11":"taxable","12":"shipping-taxable","13":"product-type-simple"},"acf":[],"yoast_head":"<!-- This site is optimized with the Yoast SEO plugin v27.3 - https:\/\/yoast.com\/product\/yoast-seo-wordpress\/ -->\n<title>Eve Taylor Inspiration 10 ml - Districos Webshop<\/title>\n<meta name=\"robots\" content=\"noindex, follow, max-snippet:-1, max-image-preview:large, max-video-preview:-1\" \/>\n<meta property=\"og:locale\" content=\"fr_FR\" \/>\n<meta property=\"og:type\" content=\"article\" \/>\n<meta property=\"og:title\" content=\"Eve Taylor Inspiration 10 ml - Districos Webshop\" \/>\n<meta property=\"og:description\" content=\"Plonge l&rsquo;\u00e2me dans l&rsquo;ivresse et renforce l&rsquo;imagination ! Ce m\u00e9lange stimulant de basilic fran\u00e7ais avec un soup\u00e7on de sauge claire inspire des moments d\u2019\u00e9tude et de r\u00e9flexion. Il intensifie \u00e9galement la concentration par sa combinaison de romarin tunisien et citron sud-italien. Une m\u00e9tamorphose de vos pens\u00e9es inanim\u00e9es en des moments inspirants ! Huile m\u00e9lang\u00e9e. Emballage [&hellip;]\" \/>\n<meta property=\"og:url\" content=\"https:\/\/districos.standingout.be\/fr\/product\/eve-taylor-inspiration-10-ml-ref-7506-03\/\" \/>\n<meta property=\"og:site_name\" content=\"Districos Webshop\" \/>\n<meta property=\"article:modified_time\" content=\"2026-04-28T08:16:17+00:00\" \/>\n<meta name=\"twitter:card\" content=\"summary_large_image\" \/>\n<script type=\"application\/ld+json\" class=\"yoast-schema-graph\">{\"@context\":\"https:\\\/\\\/schema.org\",\"@graph\":[{\"@type\":\"WebPage\",\"@id\":\"https:\\\/\\\/districos.standingout.be\\\/fr\\\/product\\\/eve-taylor-inspiration-10-ml-ref-7506-03\\\/\",\"url\":\"https:\\\/\\\/districos.standingout.be\\\/fr\\\/product\\\/eve-taylor-inspiration-10-ml-ref-7506-03\\\/\",\"name\":\"Eve Taylor Inspiration 10 ml - Districos Webshop\",\"isPartOf\":{\"@id\":\"https:\\\/\\\/districos.standingout.be\\\/fr\\\/#website\"},\"primaryImageOfPage\":{\"@id\":\"https:\\\/\\\/districos.standingout.be\\\/fr\\\/product\\\/eve-taylor-inspiration-10-ml-ref-7506-03\\\/#primaryimage\"},\"image\":{\"@id\":\"https:\\\/\\\/districos.standingout.be\\\/fr\\\/product\\\/eve-taylor-inspiration-10-ml-ref-7506-03\\\/#primaryimage\"},\"thumbnailUrl\":\"https:\\\/\\\/districos.standingout.be\\\/wp-content\\\/uploads\\\/2025\\\/07\\\/7506.03@LowRes_1.png\",\"datePublished\":\"2026-04-28T08:16:14+00:00\",\"dateModified\":\"2026-04-28T08:16:17+00:00\",\"breadcrumb\":{\"@id\":\"https:\\\/\\\/districos.standingout.be\\\/fr\\\/product\\\/eve-taylor-inspiration-10-ml-ref-7506-03\\\/#breadcrumb\"},\"inLanguage\":\"fr-FR\",\"potentialAction\":[{\"@type\":\"ReadAction\",\"target\":[\"https:\\\/\\\/districos.standingout.be\\\/fr\\\/product\\\/eve-taylor-inspiration-10-ml-ref-7506-03\\\/\"]}]},{\"@type\":\"ImageObject\",\"inLanguage\":\"fr-FR\",\"@id\":\"https:\\\/\\\/districos.standingout.be\\\/fr\\\/product\\\/eve-taylor-inspiration-10-ml-ref-7506-03\\\/#primaryimage\",\"url\":\"https:\\\/\\\/districos.standingout.be\\\/wp-content\\\/uploads\\\/2025\\\/07\\\/7506.03@LowRes_1.png\",\"contentUrl\":\"https:\\\/\\\/districos.standingout.be\\\/wp-content\\\/uploads\\\/2025\\\/07\\\/7506.03@LowRes_1.png\",\"width\":600,\"height\":600},{\"@type\":\"BreadcrumbList\",\"@id\":\"https:\\\/\\\/districos.standingout.be\\\/fr\\\/product\\\/eve-taylor-inspiration-10-ml-ref-7506-03\\\/#breadcrumb\",\"itemListElement\":[{\"@type\":\"ListItem\",\"position\":1,\"name\":\"Home\",\"item\":\"https:\\\/\\\/districos.standingout.be\\\/fr\\\/bienvenue-chez-districos\\\/\"},{\"@type\":\"ListItem\",\"position\":2,\"name\":\"Boutique\",\"item\":\"https:\\\/\\\/districos.standingout.be\\\/fr\\\/boutique\\\/\"},{\"@type\":\"ListItem\",\"position\":3,\"name\":\"Eve Taylor Inspiration 10 ml\"}]},{\"@type\":\"WebSite\",\"@id\":\"https:\\\/\\\/districos.standingout.be\\\/fr\\\/#website\",\"url\":\"https:\\\/\\\/districos.standingout.be\\\/fr\\\/\",\"name\":\"Districos Webshop\",\"description\":\"\",\"publisher\":{\"@id\":\"https:\\\/\\\/districos.standingout.be\\\/fr\\\/#organization\"},\"potentialAction\":[{\"@type\":\"SearchAction\",\"target\":{\"@type\":\"EntryPoint\",\"urlTemplate\":\"https:\\\/\\\/districos.standingout.be\\\/fr\\\/?s={search_term_string}\"},\"query-input\":{\"@type\":\"PropertyValueSpecification\",\"valueRequired\":true,\"valueName\":\"search_term_string\"}}],\"inLanguage\":\"fr-FR\"},{\"@type\":\"Organization\",\"@id\":\"https:\\\/\\\/districos.standingout.be\\\/fr\\\/#organization\",\"name\":\"Districos Webshop\",\"url\":\"https:\\\/\\\/districos.standingout.be\\\/fr\\\/\",\"logo\":{\"@type\":\"ImageObject\",\"inLanguage\":\"fr-FR\",\"@id\":\"https:\\\/\\\/districos.standingout.be\\\/fr\\\/#\\\/schema\\\/logo\\\/image\\\/\",\"url\":\"https:\\\/\\\/districos.standingout.be\\\/wp-content\\\/uploads\\\/2022\\\/09\\\/Districos_Logo_Webshop.svg\",\"contentUrl\":\"https:\\\/\\\/districos.standingout.be\\\/wp-content\\\/uploads\\\/2022\\\/09\\\/Districos_Logo_Webshop.svg\",\"caption\":\"Districos Webshop\"},\"image\":{\"@id\":\"https:\\\/\\\/districos.standingout.be\\\/fr\\\/#\\\/schema\\\/logo\\\/image\\\/\"}}]}<\/script>\n<!-- \/ Yoast SEO plugin. -->","yoast_head_json":{"title":"Eve Taylor Inspiration 10 ml - Districos Webshop","robots":{"index":"noindex","follow":"follow","max-snippet":"max-snippet:-1","max-image-preview":"max-image-preview:large","max-video-preview":"max-video-preview:-1"},"og_locale":"fr_FR","og_type":"article","og_title":"Eve Taylor Inspiration 10 ml - Districos Webshop","og_description":"Plonge l&rsquo;\u00e2me dans l&rsquo;ivresse et renforce l&rsquo;imagination ! Ce m\u00e9lange stimulant de basilic fran\u00e7ais avec un soup\u00e7on de sauge claire inspire des moments d\u2019\u00e9tude et de r\u00e9flexion. Il intensifie \u00e9galement la concentration par sa combinaison de romarin tunisien et citron sud-italien. Une m\u00e9tamorphose de vos pens\u00e9es inanim\u00e9es en des moments inspirants ! Huile m\u00e9lang\u00e9e. Emballage [&hellip;]","og_url":"https:\/\/districos.standingout.be\/fr\/product\/eve-taylor-inspiration-10-ml-ref-7506-03\/","og_site_name":"Districos Webshop","article_modified_time":"2026-04-28T08:16:17+00:00","twitter_card":"summary_large_image","schema":{"@context":"https:\/\/schema.org","@graph":[{"@type":"WebPage","@id":"https:\/\/districos.standingout.be\/fr\/product\/eve-taylor-inspiration-10-ml-ref-7506-03\/","url":"https:\/\/districos.standingout.be\/fr\/product\/eve-taylor-inspiration-10-ml-ref-7506-03\/","name":"Eve Taylor Inspiration 10 ml - Districos Webshop","isPartOf":{"@id":"https:\/\/districos.standingout.be\/fr\/#website"},"primaryImageOfPage":{"@id":"https:\/\/districos.standingout.be\/fr\/product\/eve-taylor-inspiration-10-ml-ref-7506-03\/#primaryimage"},"image":{"@id":"https:\/\/districos.standingout.be\/fr\/product\/eve-taylor-inspiration-10-ml-ref-7506-03\/#primaryimage"},"thumbnailUrl":"https:\/\/districos.standingout.be\/wp-content\/uploads\/2025\/07\/7506.03@LowRes_1.png","datePublished":"2026-04-28T08:16:14+00:00","dateModified":"2026-04-28T08:16:17+00:00","breadcrumb":{"@id":"https:\/\/districos.standingout.be\/fr\/product\/eve-taylor-inspiration-10-ml-ref-7506-03\/#breadcrumb"},"inLanguage":"fr-FR","potentialAction":[{"@type":"ReadAction","target":["https:\/\/districos.standingout.be\/fr\/product\/eve-taylor-inspiration-10-ml-ref-7506-03\/"]}]},{"@type":"ImageObject","inLanguage":"fr-FR","@id":"https:\/\/districos.standingout.be\/fr\/product\/eve-taylor-inspiration-10-ml-ref-7506-03\/#primaryimage","url":"https:\/\/districos.standingout.be\/wp-content\/uploads\/2025\/07\/7506.03@LowRes_1.png","contentUrl":"https:\/\/districos.standingout.be\/wp-content\/uploads\/2025\/07\/7506.03@LowRes_1.png","width":600,"height":600},{"@type":"BreadcrumbList","@id":"https:\/\/districos.standingout.be\/fr\/product\/eve-taylor-inspiration-10-ml-ref-7506-03\/#breadcrumb","itemListElement":[{"@type":"ListItem","position":1,"name":"Home","item":"https:\/\/districos.standingout.be\/fr\/bienvenue-chez-districos\/"},{"@type":"ListItem","position":2,"name":"Boutique","item":"https:\/\/districos.standingout.be\/fr\/boutique\/"},{"@type":"ListItem","position":3,"name":"Eve Taylor Inspiration 10 ml"}]},{"@type":"WebSite","@id":"https:\/\/districos.standingout.be\/fr\/#website","url":"https:\/\/districos.standingout.be\/fr\/","name":"Districos Webshop","description":"","publisher":{"@id":"https:\/\/districos.standingout.be\/fr\/#organization"},"potentialAction":[{"@type":"SearchAction","target":{"@type":"EntryPoint","urlTemplate":"https:\/\/districos.standingout.be\/fr\/?s={search_term_string}"},"query-input":{"@type":"PropertyValueSpecification","valueRequired":true,"valueName":"search_term_string"}}],"inLanguage":"fr-FR"},{"@type":"Organization","@id":"https:\/\/districos.standingout.be\/fr\/#organization","name":"Districos Webshop","url":"https:\/\/districos.standingout.be\/fr\/","logo":{"@type":"ImageObject","inLanguage":"fr-FR","@id":"https:\/\/districos.standingout.be\/fr\/#\/schema\/logo\/image\/","url":"https:\/\/districos.standingout.be\/wp-content\/uploads\/2022\/09\/Districos_Logo_Webshop.svg","contentUrl":"https:\/\/districos.standingout.be\/wp-content\/uploads\/2022\/09\/Districos_Logo_Webshop.svg","caption":"Districos Webshop"},"image":{"@id":"https:\/\/districos.standingout.be\/fr\/#\/schema\/logo\/image\/"}}]}},"_links":{"self":[{"href":"https:\/\/districos.standingout.be\/fr\/wp-json\/wp\/v2\/product\/137469","targetHints":{"allow":["GET"]}}],"collection":[{"href":"https:\/\/districos.standingout.be\/fr\/wp-json\/wp\/v2\/product"}],"about":[{"href":"https:\/\/districos.standingout.be\/fr\/wp-json\/wp\/v2\/types\/product"}],"replies":[{"embeddable":true,"href":"https:\/\/districos.standingout.be\/fr\/wp-json\/wp\/v2\/comments?post=137469"}],"wp:featuredmedia":[{"embeddable":true,"href":"https:\/\/districos.standingout.be\/fr\/wp-json\/wp\/v2\/media\/78626"}],"wp:attachment":[{"href":"https:\/\/districos.standingout.be\/fr\/wp-json\/wp\/v2\/media?parent=137469"}],"wp:term":[{"taxonomy":"product_brand","embeddable":true,"href":"https:\/\/districos.standingout.be\/fr\/wp-json\/wp\/v2\/product_brand?post=137469"},{"taxonomy":"product_cat","embeddable":true,"href":"https:\/\/districos.standingout.be\/fr\/wp-json\/wp\/v2\/product_cat?post=137469"},{"taxonomy":"product_tag","embeddable":true,"href":"https:\/\/districos.standingout.be\/fr\/wp-json\/wp\/v2\/product_tag?post=137469"}],"curies":[{"name":"wp","href":"https:\/\/api.w.org\/{rel}","templated":true}]}}