{"id":137487,"date":"2026-04-28T10:17:07","date_gmt":"2026-04-28T08:17:07","guid":{"rendered":"https:\/\/webshopdistricoscom.webhosting.be\/product\/diffuseur-daromes-ultrasonique-grand-300-ml-ref-7506-35\/"},"modified":"2026-04-28T10:17:10","modified_gmt":"2026-04-28T08:17:10","slug":"diffuseur-daromes-ultrasonique-grand-300-ml-ref-7506-35","status":"publish","type":"product","link":"https:\/\/districos.standingout.be\/fr\/product\/diffuseur-daromes-ultrasonique-grand-300-ml-ref-7506-35\/","title":{"rendered":"Diffuseur d&rsquo;Ar\u00f4mes Ultrasonique Grand 300 ml"},"content":{"rendered":"<p >\n<\/p>\n<\/p>\n<\/p>\n<p dir=\"ltr\">Diffuseur d&rsquo;ar\u00f4mes \u00e0 effet de brume et avec lumi\u00e8re LED qui peut \u00eatre r\u00e9gl\u00e9e (lumi\u00e8re claire, douce ou \u00e0 intervalle).<\/p>\n<p dir=\"ltr\">\n<ul>\n<li>Avec minuteur de 1 heure, de 2 heures, de 3 heures ou position continue<\/li>\n<li>Convient \u00e0 l&rsquo;usage en cabine et \u00e0 la vente<\/li>\n<li>Reservoir grand de 300 ml<\/li>\n<\/ul>\n<div><b>Mode d&#8217;emploi<\/b><\/div>\n<div>\n<ul>\n<li>Remplissez le diffuseur d&rsquo;ar\u00f4mes d&rsquo;eau min\u00e9rale selon les consignes du mode d&#8217;emploi.<\/li>\n<li>Ajoutez quelques gouttes d&rsquo;huile essentielle (1 \u00e0 2 gouttes).<\/li>\n<li>R\u00e9glez le minuteur, la couleur et l&rsquo;intensit\u00e9 de la lumi\u00e8re.<\/li>\n<li>Le diffuseur d&rsquo;ar\u00f4mes s&rsquo;arr\u00eate automatiquement quand il n&rsquo;y a plus d&rsquo;eau.<\/li>\n<\/ul>\n<div><b>CONSEIL<\/b><\/div>\n<\/div>\n<div>Saviez-vous que la colle \u00e0 extensions de cils durcit lorsqu&rsquo;elle entre en contact avec l&rsquo;humidit\u00e9 de l&rsquo;air ? Installez un diffuseur d&rsquo;ar\u00f4mes dans votre institut pour garantir une humidit\u00e9 de l&rsquo;air optimale ! Une humidit\u00e9 de 50-55 % est id\u00e9ale pour les <u><a href=\"https:\/\/webshop.districos.com\/search?SearchText=7035.01\" target=\"_blank\" rel=\"noopener noreferrer nofollow\">colles Cobra<\/a><\/u>.<\/div>\n<div><\/div>\n<div><span>\u00c9galement disponible dans le&nbsp;<\/span><b>Aromath\u00e9rapie Kit d&rsquo;Hiver<\/b><span>&nbsp;avec des huiles m\u00e9lang\u00e9es d&rsquo;Eve Taylor (<\/span><a href=\"https:\/\/webshop.districos.com\/ProductDetail\/7514.03\"style=\"font-size: 13.3333px;\" target=\"_blank\" rel=\"noopener noreferrer nofollow\"> r\u00e9f.&nbsp;7514.03<\/a><span>).<\/span><\/div>\n","protected":false},"excerpt":{"rendered":"<p>Diffuseur d&rsquo;ar\u00f4mes \u00e0 effet de brume et avec lumi\u00e8re LED qui peut \u00eatre r\u00e9gl\u00e9e (lumi\u00e8re claire, douce ou \u00e0 intervalle). Avec minuteur de 1 heure, de 2 heures, de 3 heures ou position continue Convient \u00e0 l&rsquo;usage en cabine et \u00e0 la vente Reservoir grand de 300 ml Mode d&#8217;emploi Remplissez le diffuseur d&rsquo;ar\u00f4mes d&rsquo;eau [&hellip;]<\/p>\n","protected":false},"featured_media":147618,"comment_status":"open","ping_status":"closed","template":"","meta":{"_acf_changed":false},"product_brand":[10380],"product_cat":[9876],"product_tag":[],"class_list":{"0":"post-137487","1":"product","2":"type-product","3":"status-publish","4":"has-post-thumbnail","6":"product_brand-districos-fr","7":"product_cat-beaute-corps-aromatherapie","9":"first","10":"instock","11":"taxable","12":"shipping-taxable","13":"product-type-simple"},"acf":[],"yoast_head":"<!-- This site is optimized with the Yoast SEO plugin v27.3 - https:\/\/yoast.com\/product\/yoast-seo-wordpress\/ -->\n<title>Diffuseur d&#039;Ar\u00f4mes Ultrasonique Grand 300 ml - Districos Webshop<\/title>\n<meta name=\"robots\" content=\"noindex, follow, max-snippet:-1, max-image-preview:large, max-video-preview:-1\" \/>\n<meta property=\"og:locale\" content=\"fr_FR\" \/>\n<meta property=\"og:type\" content=\"article\" \/>\n<meta property=\"og:title\" content=\"Diffuseur d&#039;Ar\u00f4mes Ultrasonique Grand 300 ml - Districos Webshop\" \/>\n<meta property=\"og:description\" content=\"Diffuseur d&rsquo;ar\u00f4mes \u00e0 effet de brume et avec lumi\u00e8re LED qui peut \u00eatre r\u00e9gl\u00e9e (lumi\u00e8re claire, douce ou \u00e0 intervalle). Avec minuteur de 1 heure, de 2 heures, de 3 heures ou position continue Convient \u00e0 l&rsquo;usage en cabine et \u00e0 la vente Reservoir grand de 300 ml Mode d&#8217;emploi Remplissez le diffuseur d&rsquo;ar\u00f4mes d&rsquo;eau [&hellip;]\" \/>\n<meta property=\"og:url\" content=\"https:\/\/districos.standingout.be\/fr\/product\/diffuseur-daromes-ultrasonique-grand-300-ml-ref-7506-35\/\" \/>\n<meta property=\"og:site_name\" content=\"Districos Webshop\" \/>\n<meta property=\"article:modified_time\" content=\"2026-04-28T08:17:10+00:00\" \/>\n<meta name=\"twitter:card\" content=\"summary_large_image\" \/>\n<meta name=\"twitter:label1\" content=\"Dur\u00e9e de lecture estim\u00e9e\" \/>\n\t<meta name=\"twitter:data1\" content=\"1 minute\" \/>\n<script type=\"application\/ld+json\" class=\"yoast-schema-graph\">{\"@context\":\"https:\\\/\\\/schema.org\",\"@graph\":[{\"@type\":\"WebPage\",\"@id\":\"https:\\\/\\\/districos.standingout.be\\\/fr\\\/product\\\/diffuseur-daromes-ultrasonique-grand-300-ml-ref-7506-35\\\/\",\"url\":\"https:\\\/\\\/districos.standingout.be\\\/fr\\\/product\\\/diffuseur-daromes-ultrasonique-grand-300-ml-ref-7506-35\\\/\",\"name\":\"Diffuseur d'Ar\u00f4mes Ultrasonique Grand 300 ml - Districos Webshop\",\"isPartOf\":{\"@id\":\"https:\\\/\\\/districos.standingout.be\\\/fr\\\/#website\"},\"primaryImageOfPage\":{\"@id\":\"https:\\\/\\\/districos.standingout.be\\\/fr\\\/product\\\/diffuseur-daromes-ultrasonique-grand-300-ml-ref-7506-35\\\/#primaryimage\"},\"image\":{\"@id\":\"https:\\\/\\\/districos.standingout.be\\\/fr\\\/product\\\/diffuseur-daromes-ultrasonique-grand-300-ml-ref-7506-35\\\/#primaryimage\"},\"thumbnailUrl\":\"https:\\\/\\\/districos.standingout.be\\\/wp-content\\\/uploads\\\/2026\\\/04\\\/7506.35@Ultrasone-Aromaverspreider-Groot-300-ml_1-1.png\",\"datePublished\":\"2026-04-28T08:17:07+00:00\",\"dateModified\":\"2026-04-28T08:17:10+00:00\",\"breadcrumb\":{\"@id\":\"https:\\\/\\\/districos.standingout.be\\\/fr\\\/product\\\/diffuseur-daromes-ultrasonique-grand-300-ml-ref-7506-35\\\/#breadcrumb\"},\"inLanguage\":\"fr-FR\",\"potentialAction\":[{\"@type\":\"ReadAction\",\"target\":[\"https:\\\/\\\/districos.standingout.be\\\/fr\\\/product\\\/diffuseur-daromes-ultrasonique-grand-300-ml-ref-7506-35\\\/\"]}]},{\"@type\":\"ImageObject\",\"inLanguage\":\"fr-FR\",\"@id\":\"https:\\\/\\\/districos.standingout.be\\\/fr\\\/product\\\/diffuseur-daromes-ultrasonique-grand-300-ml-ref-7506-35\\\/#primaryimage\",\"url\":\"https:\\\/\\\/districos.standingout.be\\\/wp-content\\\/uploads\\\/2026\\\/04\\\/7506.35@Ultrasone-Aromaverspreider-Groot-300-ml_1-1.png\",\"contentUrl\":\"https:\\\/\\\/districos.standingout.be\\\/wp-content\\\/uploads\\\/2026\\\/04\\\/7506.35@Ultrasone-Aromaverspreider-Groot-300-ml_1-1.png\",\"width\":600,\"height\":600},{\"@type\":\"BreadcrumbList\",\"@id\":\"https:\\\/\\\/districos.standingout.be\\\/fr\\\/product\\\/diffuseur-daromes-ultrasonique-grand-300-ml-ref-7506-35\\\/#breadcrumb\",\"itemListElement\":[{\"@type\":\"ListItem\",\"position\":1,\"name\":\"Home\",\"item\":\"https:\\\/\\\/districos.standingout.be\\\/fr\\\/bienvenue-chez-districos\\\/\"},{\"@type\":\"ListItem\",\"position\":2,\"name\":\"Boutique\",\"item\":\"https:\\\/\\\/districos.standingout.be\\\/fr\\\/boutique\\\/\"},{\"@type\":\"ListItem\",\"position\":3,\"name\":\"Diffuseur d&#8217;Ar\u00f4mes Ultrasonique Grand 300 ml\"}]},{\"@type\":\"WebSite\",\"@id\":\"https:\\\/\\\/districos.standingout.be\\\/fr\\\/#website\",\"url\":\"https:\\\/\\\/districos.standingout.be\\\/fr\\\/\",\"name\":\"Districos Webshop\",\"description\":\"\",\"publisher\":{\"@id\":\"https:\\\/\\\/districos.standingout.be\\\/fr\\\/#organization\"},\"potentialAction\":[{\"@type\":\"SearchAction\",\"target\":{\"@type\":\"EntryPoint\",\"urlTemplate\":\"https:\\\/\\\/districos.standingout.be\\\/fr\\\/?s={search_term_string}\"},\"query-input\":{\"@type\":\"PropertyValueSpecification\",\"valueRequired\":true,\"valueName\":\"search_term_string\"}}],\"inLanguage\":\"fr-FR\"},{\"@type\":\"Organization\",\"@id\":\"https:\\\/\\\/districos.standingout.be\\\/fr\\\/#organization\",\"name\":\"Districos Webshop\",\"url\":\"https:\\\/\\\/districos.standingout.be\\\/fr\\\/\",\"logo\":{\"@type\":\"ImageObject\",\"inLanguage\":\"fr-FR\",\"@id\":\"https:\\\/\\\/districos.standingout.be\\\/fr\\\/#\\\/schema\\\/logo\\\/image\\\/\",\"url\":\"https:\\\/\\\/districos.standingout.be\\\/wp-content\\\/uploads\\\/2022\\\/09\\\/Districos_Logo_Webshop.svg\",\"contentUrl\":\"https:\\\/\\\/districos.standingout.be\\\/wp-content\\\/uploads\\\/2022\\\/09\\\/Districos_Logo_Webshop.svg\",\"caption\":\"Districos Webshop\"},\"image\":{\"@id\":\"https:\\\/\\\/districos.standingout.be\\\/fr\\\/#\\\/schema\\\/logo\\\/image\\\/\"}}]}<\/script>\n<!-- \/ Yoast SEO plugin. -->","yoast_head_json":{"title":"Diffuseur d'Ar\u00f4mes Ultrasonique Grand 300 ml - Districos Webshop","robots":{"index":"noindex","follow":"follow","max-snippet":"max-snippet:-1","max-image-preview":"max-image-preview:large","max-video-preview":"max-video-preview:-1"},"og_locale":"fr_FR","og_type":"article","og_title":"Diffuseur d'Ar\u00f4mes Ultrasonique Grand 300 ml - Districos Webshop","og_description":"Diffuseur d&rsquo;ar\u00f4mes \u00e0 effet de brume et avec lumi\u00e8re LED qui peut \u00eatre r\u00e9gl\u00e9e (lumi\u00e8re claire, douce ou \u00e0 intervalle). Avec minuteur de 1 heure, de 2 heures, de 3 heures ou position continue Convient \u00e0 l&rsquo;usage en cabine et \u00e0 la vente Reservoir grand de 300 ml Mode d&#8217;emploi Remplissez le diffuseur d&rsquo;ar\u00f4mes d&rsquo;eau [&hellip;]","og_url":"https:\/\/districos.standingout.be\/fr\/product\/diffuseur-daromes-ultrasonique-grand-300-ml-ref-7506-35\/","og_site_name":"Districos Webshop","article_modified_time":"2026-04-28T08:17:10+00:00","twitter_card":"summary_large_image","twitter_misc":{"Dur\u00e9e de lecture estim\u00e9e":"1 minute"},"schema":{"@context":"https:\/\/schema.org","@graph":[{"@type":"WebPage","@id":"https:\/\/districos.standingout.be\/fr\/product\/diffuseur-daromes-ultrasonique-grand-300-ml-ref-7506-35\/","url":"https:\/\/districos.standingout.be\/fr\/product\/diffuseur-daromes-ultrasonique-grand-300-ml-ref-7506-35\/","name":"Diffuseur d'Ar\u00f4mes Ultrasonique Grand 300 ml - Districos Webshop","isPartOf":{"@id":"https:\/\/districos.standingout.be\/fr\/#website"},"primaryImageOfPage":{"@id":"https:\/\/districos.standingout.be\/fr\/product\/diffuseur-daromes-ultrasonique-grand-300-ml-ref-7506-35\/#primaryimage"},"image":{"@id":"https:\/\/districos.standingout.be\/fr\/product\/diffuseur-daromes-ultrasonique-grand-300-ml-ref-7506-35\/#primaryimage"},"thumbnailUrl":"https:\/\/districos.standingout.be\/wp-content\/uploads\/2026\/04\/7506.35@Ultrasone-Aromaverspreider-Groot-300-ml_1-1.png","datePublished":"2026-04-28T08:17:07+00:00","dateModified":"2026-04-28T08:17:10+00:00","breadcrumb":{"@id":"https:\/\/districos.standingout.be\/fr\/product\/diffuseur-daromes-ultrasonique-grand-300-ml-ref-7506-35\/#breadcrumb"},"inLanguage":"fr-FR","potentialAction":[{"@type":"ReadAction","target":["https:\/\/districos.standingout.be\/fr\/product\/diffuseur-daromes-ultrasonique-grand-300-ml-ref-7506-35\/"]}]},{"@type":"ImageObject","inLanguage":"fr-FR","@id":"https:\/\/districos.standingout.be\/fr\/product\/diffuseur-daromes-ultrasonique-grand-300-ml-ref-7506-35\/#primaryimage","url":"https:\/\/districos.standingout.be\/wp-content\/uploads\/2026\/04\/7506.35@Ultrasone-Aromaverspreider-Groot-300-ml_1-1.png","contentUrl":"https:\/\/districos.standingout.be\/wp-content\/uploads\/2026\/04\/7506.35@Ultrasone-Aromaverspreider-Groot-300-ml_1-1.png","width":600,"height":600},{"@type":"BreadcrumbList","@id":"https:\/\/districos.standingout.be\/fr\/product\/diffuseur-daromes-ultrasonique-grand-300-ml-ref-7506-35\/#breadcrumb","itemListElement":[{"@type":"ListItem","position":1,"name":"Home","item":"https:\/\/districos.standingout.be\/fr\/bienvenue-chez-districos\/"},{"@type":"ListItem","position":2,"name":"Boutique","item":"https:\/\/districos.standingout.be\/fr\/boutique\/"},{"@type":"ListItem","position":3,"name":"Diffuseur d&#8217;Ar\u00f4mes Ultrasonique Grand 300 ml"}]},{"@type":"WebSite","@id":"https:\/\/districos.standingout.be\/fr\/#website","url":"https:\/\/districos.standingout.be\/fr\/","name":"Districos Webshop","description":"","publisher":{"@id":"https:\/\/districos.standingout.be\/fr\/#organization"},"potentialAction":[{"@type":"SearchAction","target":{"@type":"EntryPoint","urlTemplate":"https:\/\/districos.standingout.be\/fr\/?s={search_term_string}"},"query-input":{"@type":"PropertyValueSpecification","valueRequired":true,"valueName":"search_term_string"}}],"inLanguage":"fr-FR"},{"@type":"Organization","@id":"https:\/\/districos.standingout.be\/fr\/#organization","name":"Districos Webshop","url":"https:\/\/districos.standingout.be\/fr\/","logo":{"@type":"ImageObject","inLanguage":"fr-FR","@id":"https:\/\/districos.standingout.be\/fr\/#\/schema\/logo\/image\/","url":"https:\/\/districos.standingout.be\/wp-content\/uploads\/2022\/09\/Districos_Logo_Webshop.svg","contentUrl":"https:\/\/districos.standingout.be\/wp-content\/uploads\/2022\/09\/Districos_Logo_Webshop.svg","caption":"Districos Webshop"},"image":{"@id":"https:\/\/districos.standingout.be\/fr\/#\/schema\/logo\/image\/"}}]}},"_links":{"self":[{"href":"https:\/\/districos.standingout.be\/fr\/wp-json\/wp\/v2\/product\/137487","targetHints":{"allow":["GET"]}}],"collection":[{"href":"https:\/\/districos.standingout.be\/fr\/wp-json\/wp\/v2\/product"}],"about":[{"href":"https:\/\/districos.standingout.be\/fr\/wp-json\/wp\/v2\/types\/product"}],"replies":[{"embeddable":true,"href":"https:\/\/districos.standingout.be\/fr\/wp-json\/wp\/v2\/comments?post=137487"}],"wp:featuredmedia":[{"embeddable":true,"href":"https:\/\/districos.standingout.be\/fr\/wp-json\/wp\/v2\/media\/147618"}],"wp:attachment":[{"href":"https:\/\/districos.standingout.be\/fr\/wp-json\/wp\/v2\/media?parent=137487"}],"wp:term":[{"taxonomy":"product_brand","embeddable":true,"href":"https:\/\/districos.standingout.be\/fr\/wp-json\/wp\/v2\/product_brand?post=137487"},{"taxonomy":"product_cat","embeddable":true,"href":"https:\/\/districos.standingout.be\/fr\/wp-json\/wp\/v2\/product_cat?post=137487"},{"taxonomy":"product_tag","embeddable":true,"href":"https:\/\/districos.standingout.be\/fr\/wp-json\/wp\/v2\/product_tag?post=137487"}],"curies":[{"name":"wp","href":"https:\/\/api.w.org\/{rel}","templated":true}]}}