{"id":137539,"date":"2026-04-28T10:18:55","date_gmt":"2026-04-28T08:18:55","guid":{"rendered":"https:\/\/webshopdistricoscom.webhosting.be\/product\/aromatherapie-colis-dinitiation-ref-7514-01\/"},"modified":"2026-04-28T10:18:58","modified_gmt":"2026-04-28T08:18:58","slug":"aromatherapie-colis-dinitiation-ref-7514-01","status":"publish","type":"product","link":"https:\/\/districos.standingout.be\/fr\/product\/aromatherapie-colis-dinitiation-ref-7514-01\/","title":{"rendered":"Aromath\u00e9rapie Colis d&rsquo;Initiation"},"content":{"rendered":"<p >\n<\/p>\n<p dir=\"ltr\"><b>Diffusez des ar\u00f4mes d\u2019ambiance dans votre institut<\/b><br \/> D\u00e9couvrez les m\u00e9langes d\u2019huiles essentielles Eve Taylor les plus pures aux actions sp\u00e9cifiques. Ils \u00e9voquent la passion, \u00e9veillent les sens ou fournissent un sentiment de s\u00e9curit\u00e9 et de protection. Chacun trouvera sans aucun doute le parfum qui satisfera ses souhaits et qui cr\u00e9era l&rsquo;ambiance d\u00e9sir\u00e9e. Ces huiles s\u2019emploient \u00e9galement dans l\u2019aspirateur, sous l\u2019oreiller ou dans l\u2019eau nettoyante des compresses et des \u00e9ponges, par exemple.<\/p>\n<p dir=\"ltr\"><b>Contenu<\/b><\/p>\n<\/p>\n<ul>\n<li><span lang=\"EN-US\">1 x Diffuseur d&rsquo;Ar\u00f4mes Ultrasonique<\/span><\/li>\n<li><span lang=\"EN-US\">1 x Eve Taylor Good Morning 10 ml<\/span><\/li>\n<li><span lang=\"EN-US\">1 x Eve Taylor Sleepwell 10 ml<\/span><\/li>\n<li><span lang=\"EN-US\">1 x Eve Taylor Inspiration 10 ml<\/span><\/li>\n<li><span lang=\"EN-US\">1 x Eve Taylor Relax 10 ml<\/span><\/li>\n<li><span lang=\"EN-US\">1 x Eve Taylor Recharge 10 ml<\/span><\/li>\n<li><span lang=\"EN-US\">1 x Eve Taylor Festivity 10 ml<\/span><\/li>\n<li><span lang=\"EN-US\">1 x Eve Taylor Serenity 10 ml<\/span><\/li>\n<li><span lang=\"EN-US\">1 x Eve Taylor Winter 10 ml<\/span><\/li>\n<li><span lang=\"EN-US\">1 x Eve Taylor Hug in a Bottle 10 ml<\/span><\/li>\n<li><span lang=\"EN-US\">1 x Eve Taylor Romance 10 ml<\/span><\/li>\n<li><span lang=\"EN-US\">1 x Eve Taylor Summer 10 ml<\/span><\/li>\n<\/ul>\n<p dir=\"ltr\">\n<ul> <\/ul><\/p>\n","protected":false},"excerpt":{"rendered":"<p>Diffusez des ar\u00f4mes d\u2019ambiance dans votre institut D\u00e9couvrez les m\u00e9langes d\u2019huiles essentielles Eve Taylor les plus pures aux actions sp\u00e9cifiques. Ils \u00e9voquent la passion, \u00e9veillent les sens ou fournissent un sentiment de s\u00e9curit\u00e9 et de protection. Chacun trouvera sans aucun doute le parfum qui satisfera ses souhaits et qui cr\u00e9era l&rsquo;ambiance d\u00e9sir\u00e9e. Ces huiles s\u2019emploient [&hellip;]<\/p>\n","protected":false},"featured_media":110900,"comment_status":"open","ping_status":"closed","template":"","meta":{"_acf_changed":false},"product_brand":[10398],"product_cat":[9876],"product_tag":[],"class_list":{"0":"post-137539","1":"product","2":"type-product","3":"status-publish","4":"has-post-thumbnail","6":"product_brand-eve-taylor-fr","7":"product_cat-beaute-corps-aromatherapie","9":"first","10":"instock","11":"taxable","12":"shipping-taxable","13":"product-type-simple"},"acf":[],"yoast_head":"<!-- This site is optimized with the Yoast SEO plugin v27.3 - https:\/\/yoast.com\/product\/yoast-seo-wordpress\/ -->\n<title>Aromath\u00e9rapie Colis d&#039;Initiation - Districos Webshop<\/title>\n<meta name=\"robots\" content=\"noindex, follow, max-snippet:-1, max-image-preview:large, max-video-preview:-1\" \/>\n<meta property=\"og:locale\" content=\"fr_FR\" \/>\n<meta property=\"og:type\" content=\"article\" \/>\n<meta property=\"og:title\" content=\"Aromath\u00e9rapie Colis d&#039;Initiation - Districos Webshop\" \/>\n<meta property=\"og:description\" content=\"Diffusez des ar\u00f4mes d\u2019ambiance dans votre institut D\u00e9couvrez les m\u00e9langes d\u2019huiles essentielles Eve Taylor les plus pures aux actions sp\u00e9cifiques. Ils \u00e9voquent la passion, \u00e9veillent les sens ou fournissent un sentiment de s\u00e9curit\u00e9 et de protection. Chacun trouvera sans aucun doute le parfum qui satisfera ses souhaits et qui cr\u00e9era l&rsquo;ambiance d\u00e9sir\u00e9e. Ces huiles s\u2019emploient [&hellip;]\" \/>\n<meta property=\"og:url\" content=\"https:\/\/districos.standingout.be\/fr\/product\/aromatherapie-colis-dinitiation-ref-7514-01\/\" \/>\n<meta property=\"og:site_name\" content=\"Districos Webshop\" \/>\n<meta property=\"article:modified_time\" content=\"2026-04-28T08:18:58+00:00\" \/>\n<meta name=\"twitter:card\" content=\"summary_large_image\" \/>\n<meta name=\"twitter:label1\" content=\"Dur\u00e9e de lecture estim\u00e9e\" \/>\n\t<meta name=\"twitter:data1\" content=\"1 minute\" \/>\n<script type=\"application\/ld+json\" class=\"yoast-schema-graph\">{\"@context\":\"https:\\\/\\\/schema.org\",\"@graph\":[{\"@type\":\"WebPage\",\"@id\":\"https:\\\/\\\/districos.standingout.be\\\/fr\\\/product\\\/aromatherapie-colis-dinitiation-ref-7514-01\\\/\",\"url\":\"https:\\\/\\\/districos.standingout.be\\\/fr\\\/product\\\/aromatherapie-colis-dinitiation-ref-7514-01\\\/\",\"name\":\"Aromath\u00e9rapie Colis d'Initiation - Districos Webshop\",\"isPartOf\":{\"@id\":\"https:\\\/\\\/districos.standingout.be\\\/fr\\\/#website\"},\"primaryImageOfPage\":{\"@id\":\"https:\\\/\\\/districos.standingout.be\\\/fr\\\/product\\\/aromatherapie-colis-dinitiation-ref-7514-01\\\/#primaryimage\"},\"image\":{\"@id\":\"https:\\\/\\\/districos.standingout.be\\\/fr\\\/product\\\/aromatherapie-colis-dinitiation-ref-7514-01\\\/#primaryimage\"},\"thumbnailUrl\":\"https:\\\/\\\/districos.standingout.be\\\/wp-content\\\/uploads\\\/2026\\\/03\\\/7514.01@LowRes_1_0.png\",\"datePublished\":\"2026-04-28T08:18:55+00:00\",\"dateModified\":\"2026-04-28T08:18:58+00:00\",\"breadcrumb\":{\"@id\":\"https:\\\/\\\/districos.standingout.be\\\/fr\\\/product\\\/aromatherapie-colis-dinitiation-ref-7514-01\\\/#breadcrumb\"},\"inLanguage\":\"fr-FR\",\"potentialAction\":[{\"@type\":\"ReadAction\",\"target\":[\"https:\\\/\\\/districos.standingout.be\\\/fr\\\/product\\\/aromatherapie-colis-dinitiation-ref-7514-01\\\/\"]}]},{\"@type\":\"ImageObject\",\"inLanguage\":\"fr-FR\",\"@id\":\"https:\\\/\\\/districos.standingout.be\\\/fr\\\/product\\\/aromatherapie-colis-dinitiation-ref-7514-01\\\/#primaryimage\",\"url\":\"https:\\\/\\\/districos.standingout.be\\\/wp-content\\\/uploads\\\/2026\\\/03\\\/7514.01@LowRes_1_0.png\",\"contentUrl\":\"https:\\\/\\\/districos.standingout.be\\\/wp-content\\\/uploads\\\/2026\\\/03\\\/7514.01@LowRes_1_0.png\",\"width\":600,\"height\":600},{\"@type\":\"BreadcrumbList\",\"@id\":\"https:\\\/\\\/districos.standingout.be\\\/fr\\\/product\\\/aromatherapie-colis-dinitiation-ref-7514-01\\\/#breadcrumb\",\"itemListElement\":[{\"@type\":\"ListItem\",\"position\":1,\"name\":\"Home\",\"item\":\"https:\\\/\\\/districos.standingout.be\\\/fr\\\/bienvenue-chez-districos\\\/\"},{\"@type\":\"ListItem\",\"position\":2,\"name\":\"Boutique\",\"item\":\"https:\\\/\\\/districos.standingout.be\\\/fr\\\/boutique\\\/\"},{\"@type\":\"ListItem\",\"position\":3,\"name\":\"Aromath\u00e9rapie Colis d&#8217;Initiation\"}]},{\"@type\":\"WebSite\",\"@id\":\"https:\\\/\\\/districos.standingout.be\\\/fr\\\/#website\",\"url\":\"https:\\\/\\\/districos.standingout.be\\\/fr\\\/\",\"name\":\"Districos Webshop\",\"description\":\"\",\"publisher\":{\"@id\":\"https:\\\/\\\/districos.standingout.be\\\/fr\\\/#organization\"},\"potentialAction\":[{\"@type\":\"SearchAction\",\"target\":{\"@type\":\"EntryPoint\",\"urlTemplate\":\"https:\\\/\\\/districos.standingout.be\\\/fr\\\/?s={search_term_string}\"},\"query-input\":{\"@type\":\"PropertyValueSpecification\",\"valueRequired\":true,\"valueName\":\"search_term_string\"}}],\"inLanguage\":\"fr-FR\"},{\"@type\":\"Organization\",\"@id\":\"https:\\\/\\\/districos.standingout.be\\\/fr\\\/#organization\",\"name\":\"Districos Webshop\",\"url\":\"https:\\\/\\\/districos.standingout.be\\\/fr\\\/\",\"logo\":{\"@type\":\"ImageObject\",\"inLanguage\":\"fr-FR\",\"@id\":\"https:\\\/\\\/districos.standingout.be\\\/fr\\\/#\\\/schema\\\/logo\\\/image\\\/\",\"url\":\"https:\\\/\\\/districos.standingout.be\\\/wp-content\\\/uploads\\\/2022\\\/09\\\/Districos_Logo_Webshop.svg\",\"contentUrl\":\"https:\\\/\\\/districos.standingout.be\\\/wp-content\\\/uploads\\\/2022\\\/09\\\/Districos_Logo_Webshop.svg\",\"caption\":\"Districos Webshop\"},\"image\":{\"@id\":\"https:\\\/\\\/districos.standingout.be\\\/fr\\\/#\\\/schema\\\/logo\\\/image\\\/\"}}]}<\/script>\n<!-- \/ Yoast SEO plugin. -->","yoast_head_json":{"title":"Aromath\u00e9rapie Colis d'Initiation - Districos Webshop","robots":{"index":"noindex","follow":"follow","max-snippet":"max-snippet:-1","max-image-preview":"max-image-preview:large","max-video-preview":"max-video-preview:-1"},"og_locale":"fr_FR","og_type":"article","og_title":"Aromath\u00e9rapie Colis d'Initiation - Districos Webshop","og_description":"Diffusez des ar\u00f4mes d\u2019ambiance dans votre institut D\u00e9couvrez les m\u00e9langes d\u2019huiles essentielles Eve Taylor les plus pures aux actions sp\u00e9cifiques. Ils \u00e9voquent la passion, \u00e9veillent les sens ou fournissent un sentiment de s\u00e9curit\u00e9 et de protection. Chacun trouvera sans aucun doute le parfum qui satisfera ses souhaits et qui cr\u00e9era l&rsquo;ambiance d\u00e9sir\u00e9e. Ces huiles s\u2019emploient [&hellip;]","og_url":"https:\/\/districos.standingout.be\/fr\/product\/aromatherapie-colis-dinitiation-ref-7514-01\/","og_site_name":"Districos Webshop","article_modified_time":"2026-04-28T08:18:58+00:00","twitter_card":"summary_large_image","twitter_misc":{"Dur\u00e9e de lecture estim\u00e9e":"1 minute"},"schema":{"@context":"https:\/\/schema.org","@graph":[{"@type":"WebPage","@id":"https:\/\/districos.standingout.be\/fr\/product\/aromatherapie-colis-dinitiation-ref-7514-01\/","url":"https:\/\/districos.standingout.be\/fr\/product\/aromatherapie-colis-dinitiation-ref-7514-01\/","name":"Aromath\u00e9rapie Colis d'Initiation - Districos Webshop","isPartOf":{"@id":"https:\/\/districos.standingout.be\/fr\/#website"},"primaryImageOfPage":{"@id":"https:\/\/districos.standingout.be\/fr\/product\/aromatherapie-colis-dinitiation-ref-7514-01\/#primaryimage"},"image":{"@id":"https:\/\/districos.standingout.be\/fr\/product\/aromatherapie-colis-dinitiation-ref-7514-01\/#primaryimage"},"thumbnailUrl":"https:\/\/districos.standingout.be\/wp-content\/uploads\/2026\/03\/7514.01@LowRes_1_0.png","datePublished":"2026-04-28T08:18:55+00:00","dateModified":"2026-04-28T08:18:58+00:00","breadcrumb":{"@id":"https:\/\/districos.standingout.be\/fr\/product\/aromatherapie-colis-dinitiation-ref-7514-01\/#breadcrumb"},"inLanguage":"fr-FR","potentialAction":[{"@type":"ReadAction","target":["https:\/\/districos.standingout.be\/fr\/product\/aromatherapie-colis-dinitiation-ref-7514-01\/"]}]},{"@type":"ImageObject","inLanguage":"fr-FR","@id":"https:\/\/districos.standingout.be\/fr\/product\/aromatherapie-colis-dinitiation-ref-7514-01\/#primaryimage","url":"https:\/\/districos.standingout.be\/wp-content\/uploads\/2026\/03\/7514.01@LowRes_1_0.png","contentUrl":"https:\/\/districos.standingout.be\/wp-content\/uploads\/2026\/03\/7514.01@LowRes_1_0.png","width":600,"height":600},{"@type":"BreadcrumbList","@id":"https:\/\/districos.standingout.be\/fr\/product\/aromatherapie-colis-dinitiation-ref-7514-01\/#breadcrumb","itemListElement":[{"@type":"ListItem","position":1,"name":"Home","item":"https:\/\/districos.standingout.be\/fr\/bienvenue-chez-districos\/"},{"@type":"ListItem","position":2,"name":"Boutique","item":"https:\/\/districos.standingout.be\/fr\/boutique\/"},{"@type":"ListItem","position":3,"name":"Aromath\u00e9rapie Colis d&#8217;Initiation"}]},{"@type":"WebSite","@id":"https:\/\/districos.standingout.be\/fr\/#website","url":"https:\/\/districos.standingout.be\/fr\/","name":"Districos Webshop","description":"","publisher":{"@id":"https:\/\/districos.standingout.be\/fr\/#organization"},"potentialAction":[{"@type":"SearchAction","target":{"@type":"EntryPoint","urlTemplate":"https:\/\/districos.standingout.be\/fr\/?s={search_term_string}"},"query-input":{"@type":"PropertyValueSpecification","valueRequired":true,"valueName":"search_term_string"}}],"inLanguage":"fr-FR"},{"@type":"Organization","@id":"https:\/\/districos.standingout.be\/fr\/#organization","name":"Districos Webshop","url":"https:\/\/districos.standingout.be\/fr\/","logo":{"@type":"ImageObject","inLanguage":"fr-FR","@id":"https:\/\/districos.standingout.be\/fr\/#\/schema\/logo\/image\/","url":"https:\/\/districos.standingout.be\/wp-content\/uploads\/2022\/09\/Districos_Logo_Webshop.svg","contentUrl":"https:\/\/districos.standingout.be\/wp-content\/uploads\/2022\/09\/Districos_Logo_Webshop.svg","caption":"Districos Webshop"},"image":{"@id":"https:\/\/districos.standingout.be\/fr\/#\/schema\/logo\/image\/"}}]}},"_links":{"self":[{"href":"https:\/\/districos.standingout.be\/fr\/wp-json\/wp\/v2\/product\/137539","targetHints":{"allow":["GET"]}}],"collection":[{"href":"https:\/\/districos.standingout.be\/fr\/wp-json\/wp\/v2\/product"}],"about":[{"href":"https:\/\/districos.standingout.be\/fr\/wp-json\/wp\/v2\/types\/product"}],"replies":[{"embeddable":true,"href":"https:\/\/districos.standingout.be\/fr\/wp-json\/wp\/v2\/comments?post=137539"}],"wp:featuredmedia":[{"embeddable":true,"href":"https:\/\/districos.standingout.be\/fr\/wp-json\/wp\/v2\/media\/110900"}],"wp:attachment":[{"href":"https:\/\/districos.standingout.be\/fr\/wp-json\/wp\/v2\/media?parent=137539"}],"wp:term":[{"taxonomy":"product_brand","embeddable":true,"href":"https:\/\/districos.standingout.be\/fr\/wp-json\/wp\/v2\/product_brand?post=137539"},{"taxonomy":"product_cat","embeddable":true,"href":"https:\/\/districos.standingout.be\/fr\/wp-json\/wp\/v2\/product_cat?post=137539"},{"taxonomy":"product_tag","embeddable":true,"href":"https:\/\/districos.standingout.be\/fr\/wp-json\/wp\/v2\/product_tag?post=137539"}],"curies":[{"name":"wp","href":"https:\/\/api.w.org\/{rel}","templated":true}]}}