{"id":137551,"date":"2026-04-28T10:19:11","date_gmt":"2026-04-28T08:19:11","guid":{"rendered":"https:\/\/webshopdistricoscom.webhosting.be\/product\/eve-taylor-huile-de-jojoba-500-ml-ref-7514-12\/"},"modified":"2026-04-28T10:19:14","modified_gmt":"2026-04-28T08:19:14","slug":"eve-taylor-huile-de-jojoba-500-ml-ref-7514-12","status":"publish","type":"product","link":"https:\/\/districos.standingout.be\/fr\/product\/eve-taylor-huile-de-jojoba-500-ml-ref-7514-12\/","title":{"rendered":"Eve Taylor Huile de Jojoba 500 ml"},"content":{"rendered":"<p >\n<p dir=\"ltr\">L\u2019huile de jojoba contient une concentration \u00e9lev\u00e9e de tocoph\u00e9rol stimulant le r\u00e9tablissement des cicatrices. Puisque cette huile r\u00e9duit la s\u00e9cr\u00e9tion de s\u00e9bum, elle est particuli\u00e8rement appropri\u00e9e pour les peaux grasses. Elle r\u00e9gule le taux d\u2019humidit\u00e9 des cellules cutan\u00e9es et a une action apaisante, ce qui la rend ad\u00e9quate pour les peaux s\u00e8ches et sensibles. En plus, l\u2019huile de jojoba est un antioxydant naturel, id\u00e9ale donc pour les peaux matures.<\/p>\n<p dir=\"ltr\">\n<ul>\n<li>Prot\u00e8ge la peau des facteurs externes comme les conditions atmosph\u00e9riques.<\/li>\n<li>Contient un indice solaire naturel (SPF 4) qui prolonge le bronzage. <\/li>\n<li>Emballage : 500 ml.<\/li>\n<\/ul><\/p>\n","protected":false},"excerpt":{"rendered":"<p>L\u2019huile de jojoba contient une concentration \u00e9lev\u00e9e de tocoph\u00e9rol stimulant le r\u00e9tablissement des cicatrices. Puisque cette huile r\u00e9duit la s\u00e9cr\u00e9tion de s\u00e9bum, elle est particuli\u00e8rement appropri\u00e9e pour les peaux grasses. Elle r\u00e9gule le taux d\u2019humidit\u00e9 des cellules cutan\u00e9es et a une action apaisante, ce qui la rend ad\u00e9quate pour les peaux s\u00e8ches et sensibles. En [&hellip;]<\/p>\n","protected":false},"featured_media":78779,"comment_status":"open","ping_status":"closed","template":"","meta":{"_acf_changed":false},"product_brand":[10398],"product_cat":[9876],"product_tag":[],"class_list":{"0":"post-137551","1":"product","2":"type-product","3":"status-publish","4":"has-post-thumbnail","6":"product_brand-eve-taylor-fr","7":"product_cat-beaute-corps-aromatherapie","9":"first","10":"instock","11":"taxable","12":"shipping-taxable","13":"product-type-simple"},"acf":[],"yoast_head":"<!-- This site is optimized with the Yoast SEO plugin v27.3 - https:\/\/yoast.com\/product\/yoast-seo-wordpress\/ -->\n<title>Eve Taylor Huile de Jojoba 500 ml - Districos Webshop<\/title>\n<meta name=\"robots\" content=\"noindex, follow, max-snippet:-1, max-image-preview:large, max-video-preview:-1\" \/>\n<meta property=\"og:locale\" content=\"fr_FR\" \/>\n<meta property=\"og:type\" content=\"article\" \/>\n<meta property=\"og:title\" content=\"Eve Taylor Huile de Jojoba 500 ml - Districos Webshop\" \/>\n<meta property=\"og:description\" content=\"L\u2019huile de jojoba contient une concentration \u00e9lev\u00e9e de tocoph\u00e9rol stimulant le r\u00e9tablissement des cicatrices. Puisque cette huile r\u00e9duit la s\u00e9cr\u00e9tion de s\u00e9bum, elle est particuli\u00e8rement appropri\u00e9e pour les peaux grasses. Elle r\u00e9gule le taux d\u2019humidit\u00e9 des cellules cutan\u00e9es et a une action apaisante, ce qui la rend ad\u00e9quate pour les peaux s\u00e8ches et sensibles. En [&hellip;]\" \/>\n<meta property=\"og:url\" content=\"https:\/\/districos.standingout.be\/fr\/product\/eve-taylor-huile-de-jojoba-500-ml-ref-7514-12\/\" \/>\n<meta property=\"og:site_name\" content=\"Districos Webshop\" \/>\n<meta property=\"article:modified_time\" content=\"2026-04-28T08:19:14+00:00\" \/>\n<meta name=\"twitter:card\" content=\"summary_large_image\" \/>\n<meta name=\"twitter:label1\" content=\"Dur\u00e9e de lecture estim\u00e9e\" \/>\n\t<meta name=\"twitter:data1\" content=\"1 minute\" \/>\n<script type=\"application\/ld+json\" class=\"yoast-schema-graph\">{\"@context\":\"https:\\\/\\\/schema.org\",\"@graph\":[{\"@type\":\"WebPage\",\"@id\":\"https:\\\/\\\/districos.standingout.be\\\/fr\\\/product\\\/eve-taylor-huile-de-jojoba-500-ml-ref-7514-12\\\/\",\"url\":\"https:\\\/\\\/districos.standingout.be\\\/fr\\\/product\\\/eve-taylor-huile-de-jojoba-500-ml-ref-7514-12\\\/\",\"name\":\"Eve Taylor Huile de Jojoba 500 ml - Districos Webshop\",\"isPartOf\":{\"@id\":\"https:\\\/\\\/districos.standingout.be\\\/fr\\\/#website\"},\"primaryImageOfPage\":{\"@id\":\"https:\\\/\\\/districos.standingout.be\\\/fr\\\/product\\\/eve-taylor-huile-de-jojoba-500-ml-ref-7514-12\\\/#primaryimage\"},\"image\":{\"@id\":\"https:\\\/\\\/districos.standingout.be\\\/fr\\\/product\\\/eve-taylor-huile-de-jojoba-500-ml-ref-7514-12\\\/#primaryimage\"},\"thumbnailUrl\":\"https:\\\/\\\/districos.standingout.be\\\/wp-content\\\/uploads\\\/2025\\\/07\\\/7514.12@LowRes_1_0.png\",\"datePublished\":\"2026-04-28T08:19:11+00:00\",\"dateModified\":\"2026-04-28T08:19:14+00:00\",\"breadcrumb\":{\"@id\":\"https:\\\/\\\/districos.standingout.be\\\/fr\\\/product\\\/eve-taylor-huile-de-jojoba-500-ml-ref-7514-12\\\/#breadcrumb\"},\"inLanguage\":\"fr-FR\",\"potentialAction\":[{\"@type\":\"ReadAction\",\"target\":[\"https:\\\/\\\/districos.standingout.be\\\/fr\\\/product\\\/eve-taylor-huile-de-jojoba-500-ml-ref-7514-12\\\/\"]}]},{\"@type\":\"ImageObject\",\"inLanguage\":\"fr-FR\",\"@id\":\"https:\\\/\\\/districos.standingout.be\\\/fr\\\/product\\\/eve-taylor-huile-de-jojoba-500-ml-ref-7514-12\\\/#primaryimage\",\"url\":\"https:\\\/\\\/districos.standingout.be\\\/wp-content\\\/uploads\\\/2025\\\/07\\\/7514.12@LowRes_1_0.png\",\"contentUrl\":\"https:\\\/\\\/districos.standingout.be\\\/wp-content\\\/uploads\\\/2025\\\/07\\\/7514.12@LowRes_1_0.png\",\"width\":600,\"height\":600},{\"@type\":\"BreadcrumbList\",\"@id\":\"https:\\\/\\\/districos.standingout.be\\\/fr\\\/product\\\/eve-taylor-huile-de-jojoba-500-ml-ref-7514-12\\\/#breadcrumb\",\"itemListElement\":[{\"@type\":\"ListItem\",\"position\":1,\"name\":\"Home\",\"item\":\"https:\\\/\\\/districos.standingout.be\\\/fr\\\/bienvenue-chez-districos\\\/\"},{\"@type\":\"ListItem\",\"position\":2,\"name\":\"Boutique\",\"item\":\"https:\\\/\\\/districos.standingout.be\\\/fr\\\/boutique\\\/\"},{\"@type\":\"ListItem\",\"position\":3,\"name\":\"Eve Taylor Huile de Jojoba 500 ml\"}]},{\"@type\":\"WebSite\",\"@id\":\"https:\\\/\\\/districos.standingout.be\\\/fr\\\/#website\",\"url\":\"https:\\\/\\\/districos.standingout.be\\\/fr\\\/\",\"name\":\"Districos Webshop\",\"description\":\"\",\"publisher\":{\"@id\":\"https:\\\/\\\/districos.standingout.be\\\/fr\\\/#organization\"},\"potentialAction\":[{\"@type\":\"SearchAction\",\"target\":{\"@type\":\"EntryPoint\",\"urlTemplate\":\"https:\\\/\\\/districos.standingout.be\\\/fr\\\/?s={search_term_string}\"},\"query-input\":{\"@type\":\"PropertyValueSpecification\",\"valueRequired\":true,\"valueName\":\"search_term_string\"}}],\"inLanguage\":\"fr-FR\"},{\"@type\":\"Organization\",\"@id\":\"https:\\\/\\\/districos.standingout.be\\\/fr\\\/#organization\",\"name\":\"Districos Webshop\",\"url\":\"https:\\\/\\\/districos.standingout.be\\\/fr\\\/\",\"logo\":{\"@type\":\"ImageObject\",\"inLanguage\":\"fr-FR\",\"@id\":\"https:\\\/\\\/districos.standingout.be\\\/fr\\\/#\\\/schema\\\/logo\\\/image\\\/\",\"url\":\"https:\\\/\\\/districos.standingout.be\\\/wp-content\\\/uploads\\\/2022\\\/09\\\/Districos_Logo_Webshop.svg\",\"contentUrl\":\"https:\\\/\\\/districos.standingout.be\\\/wp-content\\\/uploads\\\/2022\\\/09\\\/Districos_Logo_Webshop.svg\",\"caption\":\"Districos Webshop\"},\"image\":{\"@id\":\"https:\\\/\\\/districos.standingout.be\\\/fr\\\/#\\\/schema\\\/logo\\\/image\\\/\"}}]}<\/script>\n<!-- \/ Yoast SEO plugin. -->","yoast_head_json":{"title":"Eve Taylor Huile de Jojoba 500 ml - Districos Webshop","robots":{"index":"noindex","follow":"follow","max-snippet":"max-snippet:-1","max-image-preview":"max-image-preview:large","max-video-preview":"max-video-preview:-1"},"og_locale":"fr_FR","og_type":"article","og_title":"Eve Taylor Huile de Jojoba 500 ml - Districos Webshop","og_description":"L\u2019huile de jojoba contient une concentration \u00e9lev\u00e9e de tocoph\u00e9rol stimulant le r\u00e9tablissement des cicatrices. Puisque cette huile r\u00e9duit la s\u00e9cr\u00e9tion de s\u00e9bum, elle est particuli\u00e8rement appropri\u00e9e pour les peaux grasses. Elle r\u00e9gule le taux d\u2019humidit\u00e9 des cellules cutan\u00e9es et a une action apaisante, ce qui la rend ad\u00e9quate pour les peaux s\u00e8ches et sensibles. En [&hellip;]","og_url":"https:\/\/districos.standingout.be\/fr\/product\/eve-taylor-huile-de-jojoba-500-ml-ref-7514-12\/","og_site_name":"Districos Webshop","article_modified_time":"2026-04-28T08:19:14+00:00","twitter_card":"summary_large_image","twitter_misc":{"Dur\u00e9e de lecture estim\u00e9e":"1 minute"},"schema":{"@context":"https:\/\/schema.org","@graph":[{"@type":"WebPage","@id":"https:\/\/districos.standingout.be\/fr\/product\/eve-taylor-huile-de-jojoba-500-ml-ref-7514-12\/","url":"https:\/\/districos.standingout.be\/fr\/product\/eve-taylor-huile-de-jojoba-500-ml-ref-7514-12\/","name":"Eve Taylor Huile de Jojoba 500 ml - Districos Webshop","isPartOf":{"@id":"https:\/\/districos.standingout.be\/fr\/#website"},"primaryImageOfPage":{"@id":"https:\/\/districos.standingout.be\/fr\/product\/eve-taylor-huile-de-jojoba-500-ml-ref-7514-12\/#primaryimage"},"image":{"@id":"https:\/\/districos.standingout.be\/fr\/product\/eve-taylor-huile-de-jojoba-500-ml-ref-7514-12\/#primaryimage"},"thumbnailUrl":"https:\/\/districos.standingout.be\/wp-content\/uploads\/2025\/07\/7514.12@LowRes_1_0.png","datePublished":"2026-04-28T08:19:11+00:00","dateModified":"2026-04-28T08:19:14+00:00","breadcrumb":{"@id":"https:\/\/districos.standingout.be\/fr\/product\/eve-taylor-huile-de-jojoba-500-ml-ref-7514-12\/#breadcrumb"},"inLanguage":"fr-FR","potentialAction":[{"@type":"ReadAction","target":["https:\/\/districos.standingout.be\/fr\/product\/eve-taylor-huile-de-jojoba-500-ml-ref-7514-12\/"]}]},{"@type":"ImageObject","inLanguage":"fr-FR","@id":"https:\/\/districos.standingout.be\/fr\/product\/eve-taylor-huile-de-jojoba-500-ml-ref-7514-12\/#primaryimage","url":"https:\/\/districos.standingout.be\/wp-content\/uploads\/2025\/07\/7514.12@LowRes_1_0.png","contentUrl":"https:\/\/districos.standingout.be\/wp-content\/uploads\/2025\/07\/7514.12@LowRes_1_0.png","width":600,"height":600},{"@type":"BreadcrumbList","@id":"https:\/\/districos.standingout.be\/fr\/product\/eve-taylor-huile-de-jojoba-500-ml-ref-7514-12\/#breadcrumb","itemListElement":[{"@type":"ListItem","position":1,"name":"Home","item":"https:\/\/districos.standingout.be\/fr\/bienvenue-chez-districos\/"},{"@type":"ListItem","position":2,"name":"Boutique","item":"https:\/\/districos.standingout.be\/fr\/boutique\/"},{"@type":"ListItem","position":3,"name":"Eve Taylor Huile de Jojoba 500 ml"}]},{"@type":"WebSite","@id":"https:\/\/districos.standingout.be\/fr\/#website","url":"https:\/\/districos.standingout.be\/fr\/","name":"Districos Webshop","description":"","publisher":{"@id":"https:\/\/districos.standingout.be\/fr\/#organization"},"potentialAction":[{"@type":"SearchAction","target":{"@type":"EntryPoint","urlTemplate":"https:\/\/districos.standingout.be\/fr\/?s={search_term_string}"},"query-input":{"@type":"PropertyValueSpecification","valueRequired":true,"valueName":"search_term_string"}}],"inLanguage":"fr-FR"},{"@type":"Organization","@id":"https:\/\/districos.standingout.be\/fr\/#organization","name":"Districos Webshop","url":"https:\/\/districos.standingout.be\/fr\/","logo":{"@type":"ImageObject","inLanguage":"fr-FR","@id":"https:\/\/districos.standingout.be\/fr\/#\/schema\/logo\/image\/","url":"https:\/\/districos.standingout.be\/wp-content\/uploads\/2022\/09\/Districos_Logo_Webshop.svg","contentUrl":"https:\/\/districos.standingout.be\/wp-content\/uploads\/2022\/09\/Districos_Logo_Webshop.svg","caption":"Districos Webshop"},"image":{"@id":"https:\/\/districos.standingout.be\/fr\/#\/schema\/logo\/image\/"}}]}},"_links":{"self":[{"href":"https:\/\/districos.standingout.be\/fr\/wp-json\/wp\/v2\/product\/137551","targetHints":{"allow":["GET"]}}],"collection":[{"href":"https:\/\/districos.standingout.be\/fr\/wp-json\/wp\/v2\/product"}],"about":[{"href":"https:\/\/districos.standingout.be\/fr\/wp-json\/wp\/v2\/types\/product"}],"replies":[{"embeddable":true,"href":"https:\/\/districos.standingout.be\/fr\/wp-json\/wp\/v2\/comments?post=137551"}],"wp:featuredmedia":[{"embeddable":true,"href":"https:\/\/districos.standingout.be\/fr\/wp-json\/wp\/v2\/media\/78779"}],"wp:attachment":[{"href":"https:\/\/districos.standingout.be\/fr\/wp-json\/wp\/v2\/media?parent=137551"}],"wp:term":[{"taxonomy":"product_brand","embeddable":true,"href":"https:\/\/districos.standingout.be\/fr\/wp-json\/wp\/v2\/product_brand?post=137551"},{"taxonomy":"product_cat","embeddable":true,"href":"https:\/\/districos.standingout.be\/fr\/wp-json\/wp\/v2\/product_cat?post=137551"},{"taxonomy":"product_tag","embeddable":true,"href":"https:\/\/districos.standingout.be\/fr\/wp-json\/wp\/v2\/product_tag?post=137551"}],"curies":[{"name":"wp","href":"https:\/\/api.w.org\/{rel}","templated":true}]}}