{"id":137557,"date":"2026-04-28T10:19:24","date_gmt":"2026-04-28T08:19:24","guid":{"rendered":"https:\/\/webshopdistricoscom.webhosting.be\/product\/bio-balance-body-massage-oil-firming-250-ml-ref-7517-05-2\/"},"modified":"2026-04-28T10:19:28","modified_gmt":"2026-04-28T08:19:28","slug":"bio-balance-body-massage-oil-firming-250-ml-ref-7517-05","status":"publish","type":"product","link":"https:\/\/districos.standingout.be\/fr\/product\/bio-balance-body-massage-oil-firming-250-ml-ref-7517-05\/","title":{"rendered":"Bio Balance Body Massage Oil Firming 250 ml"},"content":{"rendered":"<p >\n<\/p>\n<p dir=\"ltr\"><b>RAFFERMISSANT<\/b><\/p>\n<p dir=\"ltr\">Ce m\u00e9lange d&rsquo;huiles essentielles raffermit les peaux rel\u00e2ch\u00e9es et est recommand\u00e9 en cas de vergetures. Les diff\u00e9rents ingr\u00e9dients sont connus pour leur pouvoir raffermissant sur les tissus cutan\u00e9s et les muscles et pour leurs qualit\u00e9s vasoconstrictrices.<\/p>\n<p dir=\"ltr\">\n<ul>\n<li>Ingr\u00e9dients : romarin, citronnelle, huile de noisette, galbanum.<\/li>\n<li>Emballage : flacon spray de 250 ml.<\/li>\n<li><font size=\"2\">Vegan.<\/font><\/li>\n<\/ul>\n<p dir=\"ltr\"><b>Conseils d&rsquo;utilisation<\/b><\/p>\n<p dir=\"ltr\"><span>Ne convient pas pour une utilisation chez les femmes enceintes.<\/span><\/p>\n<div><\/p>\n<div><b>Aussi disponible<\/b><\/div>\n<div>\n<ul>\n<li>Huile de massage amincissante : Body Massage Oil Slimming 250 ml (<u><a href=\"https:\/\/districos.com\/ProductDetail\/7517.06\" target=\"_blank\" rel=\"noopener noreferrer nofollow\">r\u00e9f. 7517.06<\/a><\/u>)<\/li>\n<li>Huile de massage relaxante : Body Massage Oil Relaxing 250 ml (<u><a href=\"https:\/\/districos.com\/ProductDetail\/7517.04\" target=\"_blank\" rel=\"noopener noreferrer nofollow\">r\u00e9f. 7517.04<\/a><\/u>)<\/li>\n<\/ul>\n<\/div>\n<\/div>\n","protected":false},"excerpt":{"rendered":"<p>RAFFERMISSANT Ce m\u00e9lange d&rsquo;huiles essentielles raffermit les peaux rel\u00e2ch\u00e9es et est recommand\u00e9 en cas de vergetures. Les diff\u00e9rents ingr\u00e9dients sont connus pour leur pouvoir raffermissant sur les tissus cutan\u00e9s et les muscles et pour leurs qualit\u00e9s vasoconstrictrices. Ingr\u00e9dients : romarin, citronnelle, huile de noisette, galbanum. Emballage : flacon spray de 250 ml. Vegan. Conseils d&rsquo;utilisation [&hellip;]<\/p>\n","protected":false},"featured_media":78791,"comment_status":"open","ping_status":"closed","template":"","meta":{"_acf_changed":false},"product_brand":[10302],"product_cat":[9874,9868],"product_tag":[],"class_list":{"0":"post-137557","1":"product","2":"type-product","3":"status-publish","4":"has-post-thumbnail","6":"product_brand-bb-lichaam-fr","7":"product_cat-beaute-corps-massage","8":"product_cat-beaute-corps-soins-du-corps","10":"first","11":"instock","12":"taxable","13":"shipping-taxable","14":"product-type-simple"},"acf":[],"yoast_head":"<!-- This site is optimized with the Yoast SEO plugin v27.3 - https:\/\/yoast.com\/product\/yoast-seo-wordpress\/ -->\n<title>Bio Balance Body Massage Oil Firming 250 ml - Districos Webshop<\/title>\n<meta name=\"robots\" content=\"noindex, follow, max-snippet:-1, max-image-preview:large, max-video-preview:-1\" \/>\n<meta property=\"og:locale\" content=\"fr_FR\" \/>\n<meta property=\"og:type\" content=\"article\" \/>\n<meta property=\"og:title\" content=\"Bio Balance Body Massage Oil Firming 250 ml - Districos Webshop\" \/>\n<meta property=\"og:description\" content=\"RAFFERMISSANT Ce m\u00e9lange d&rsquo;huiles essentielles raffermit les peaux rel\u00e2ch\u00e9es et est recommand\u00e9 en cas de vergetures. Les diff\u00e9rents ingr\u00e9dients sont connus pour leur pouvoir raffermissant sur les tissus cutan\u00e9s et les muscles et pour leurs qualit\u00e9s vasoconstrictrices. Ingr\u00e9dients : romarin, citronnelle, huile de noisette, galbanum. Emballage : flacon spray de 250 ml. Vegan. Conseils d&rsquo;utilisation [&hellip;]\" \/>\n<meta property=\"og:url\" content=\"https:\/\/districos.standingout.be\/fr\/product\/bio-balance-body-massage-oil-firming-250-ml-ref-7517-05\/\" \/>\n<meta property=\"og:site_name\" content=\"Districos Webshop\" \/>\n<meta property=\"article:modified_time\" content=\"2026-04-28T08:19:28+00:00\" \/>\n<meta name=\"twitter:card\" content=\"summary_large_image\" \/>\n<script type=\"application\/ld+json\" class=\"yoast-schema-graph\">{\"@context\":\"https:\\\/\\\/schema.org\",\"@graph\":[{\"@type\":\"WebPage\",\"@id\":\"https:\\\/\\\/districos.standingout.be\\\/fr\\\/product\\\/bio-balance-body-massage-oil-firming-250-ml-ref-7517-05\\\/\",\"url\":\"https:\\\/\\\/districos.standingout.be\\\/fr\\\/product\\\/bio-balance-body-massage-oil-firming-250-ml-ref-7517-05\\\/\",\"name\":\"Bio Balance Body Massage Oil Firming 250 ml - Districos Webshop\",\"isPartOf\":{\"@id\":\"https:\\\/\\\/districos.standingout.be\\\/fr\\\/#website\"},\"primaryImageOfPage\":{\"@id\":\"https:\\\/\\\/districos.standingout.be\\\/fr\\\/product\\\/bio-balance-body-massage-oil-firming-250-ml-ref-7517-05\\\/#primaryimage\"},\"image\":{\"@id\":\"https:\\\/\\\/districos.standingout.be\\\/fr\\\/product\\\/bio-balance-body-massage-oil-firming-250-ml-ref-7517-05\\\/#primaryimage\"},\"thumbnailUrl\":\"https:\\\/\\\/districos.standingout.be\\\/wp-content\\\/uploads\\\/2025\\\/07\\\/7517.05@LowRes_0.png\",\"datePublished\":\"2026-04-28T08:19:24+00:00\",\"dateModified\":\"2026-04-28T08:19:28+00:00\",\"breadcrumb\":{\"@id\":\"https:\\\/\\\/districos.standingout.be\\\/fr\\\/product\\\/bio-balance-body-massage-oil-firming-250-ml-ref-7517-05\\\/#breadcrumb\"},\"inLanguage\":\"fr-FR\",\"potentialAction\":[{\"@type\":\"ReadAction\",\"target\":[\"https:\\\/\\\/districos.standingout.be\\\/fr\\\/product\\\/bio-balance-body-massage-oil-firming-250-ml-ref-7517-05\\\/\"]}]},{\"@type\":\"ImageObject\",\"inLanguage\":\"fr-FR\",\"@id\":\"https:\\\/\\\/districos.standingout.be\\\/fr\\\/product\\\/bio-balance-body-massage-oil-firming-250-ml-ref-7517-05\\\/#primaryimage\",\"url\":\"https:\\\/\\\/districos.standingout.be\\\/wp-content\\\/uploads\\\/2025\\\/07\\\/7517.05@LowRes_0.png\",\"contentUrl\":\"https:\\\/\\\/districos.standingout.be\\\/wp-content\\\/uploads\\\/2025\\\/07\\\/7517.05@LowRes_0.png\",\"width\":600,\"height\":600},{\"@type\":\"BreadcrumbList\",\"@id\":\"https:\\\/\\\/districos.standingout.be\\\/fr\\\/product\\\/bio-balance-body-massage-oil-firming-250-ml-ref-7517-05\\\/#breadcrumb\",\"itemListElement\":[{\"@type\":\"ListItem\",\"position\":1,\"name\":\"Home\",\"item\":\"https:\\\/\\\/districos.standingout.be\\\/fr\\\/bienvenue-chez-districos\\\/\"},{\"@type\":\"ListItem\",\"position\":2,\"name\":\"Boutique\",\"item\":\"https:\\\/\\\/districos.standingout.be\\\/fr\\\/boutique\\\/\"},{\"@type\":\"ListItem\",\"position\":3,\"name\":\"Bio Balance Body Massage Oil Firming 250 ml\"}]},{\"@type\":\"WebSite\",\"@id\":\"https:\\\/\\\/districos.standingout.be\\\/fr\\\/#website\",\"url\":\"https:\\\/\\\/districos.standingout.be\\\/fr\\\/\",\"name\":\"Districos Webshop\",\"description\":\"\",\"publisher\":{\"@id\":\"https:\\\/\\\/districos.standingout.be\\\/fr\\\/#organization\"},\"potentialAction\":[{\"@type\":\"SearchAction\",\"target\":{\"@type\":\"EntryPoint\",\"urlTemplate\":\"https:\\\/\\\/districos.standingout.be\\\/fr\\\/?s={search_term_string}\"},\"query-input\":{\"@type\":\"PropertyValueSpecification\",\"valueRequired\":true,\"valueName\":\"search_term_string\"}}],\"inLanguage\":\"fr-FR\"},{\"@type\":\"Organization\",\"@id\":\"https:\\\/\\\/districos.standingout.be\\\/fr\\\/#organization\",\"name\":\"Districos Webshop\",\"url\":\"https:\\\/\\\/districos.standingout.be\\\/fr\\\/\",\"logo\":{\"@type\":\"ImageObject\",\"inLanguage\":\"fr-FR\",\"@id\":\"https:\\\/\\\/districos.standingout.be\\\/fr\\\/#\\\/schema\\\/logo\\\/image\\\/\",\"url\":\"https:\\\/\\\/districos.standingout.be\\\/wp-content\\\/uploads\\\/2022\\\/09\\\/Districos_Logo_Webshop.svg\",\"contentUrl\":\"https:\\\/\\\/districos.standingout.be\\\/wp-content\\\/uploads\\\/2022\\\/09\\\/Districos_Logo_Webshop.svg\",\"caption\":\"Districos Webshop\"},\"image\":{\"@id\":\"https:\\\/\\\/districos.standingout.be\\\/fr\\\/#\\\/schema\\\/logo\\\/image\\\/\"}}]}<\/script>\n<!-- \/ Yoast SEO plugin. -->","yoast_head_json":{"title":"Bio Balance Body Massage Oil Firming 250 ml - Districos Webshop","robots":{"index":"noindex","follow":"follow","max-snippet":"max-snippet:-1","max-image-preview":"max-image-preview:large","max-video-preview":"max-video-preview:-1"},"og_locale":"fr_FR","og_type":"article","og_title":"Bio Balance Body Massage Oil Firming 250 ml - Districos Webshop","og_description":"RAFFERMISSANT Ce m\u00e9lange d&rsquo;huiles essentielles raffermit les peaux rel\u00e2ch\u00e9es et est recommand\u00e9 en cas de vergetures. Les diff\u00e9rents ingr\u00e9dients sont connus pour leur pouvoir raffermissant sur les tissus cutan\u00e9s et les muscles et pour leurs qualit\u00e9s vasoconstrictrices. Ingr\u00e9dients : romarin, citronnelle, huile de noisette, galbanum. Emballage : flacon spray de 250 ml. Vegan. Conseils d&rsquo;utilisation [&hellip;]","og_url":"https:\/\/districos.standingout.be\/fr\/product\/bio-balance-body-massage-oil-firming-250-ml-ref-7517-05\/","og_site_name":"Districos Webshop","article_modified_time":"2026-04-28T08:19:28+00:00","twitter_card":"summary_large_image","schema":{"@context":"https:\/\/schema.org","@graph":[{"@type":"WebPage","@id":"https:\/\/districos.standingout.be\/fr\/product\/bio-balance-body-massage-oil-firming-250-ml-ref-7517-05\/","url":"https:\/\/districos.standingout.be\/fr\/product\/bio-balance-body-massage-oil-firming-250-ml-ref-7517-05\/","name":"Bio Balance Body Massage Oil Firming 250 ml - Districos Webshop","isPartOf":{"@id":"https:\/\/districos.standingout.be\/fr\/#website"},"primaryImageOfPage":{"@id":"https:\/\/districos.standingout.be\/fr\/product\/bio-balance-body-massage-oil-firming-250-ml-ref-7517-05\/#primaryimage"},"image":{"@id":"https:\/\/districos.standingout.be\/fr\/product\/bio-balance-body-massage-oil-firming-250-ml-ref-7517-05\/#primaryimage"},"thumbnailUrl":"https:\/\/districos.standingout.be\/wp-content\/uploads\/2025\/07\/7517.05@LowRes_0.png","datePublished":"2026-04-28T08:19:24+00:00","dateModified":"2026-04-28T08:19:28+00:00","breadcrumb":{"@id":"https:\/\/districos.standingout.be\/fr\/product\/bio-balance-body-massage-oil-firming-250-ml-ref-7517-05\/#breadcrumb"},"inLanguage":"fr-FR","potentialAction":[{"@type":"ReadAction","target":["https:\/\/districos.standingout.be\/fr\/product\/bio-balance-body-massage-oil-firming-250-ml-ref-7517-05\/"]}]},{"@type":"ImageObject","inLanguage":"fr-FR","@id":"https:\/\/districos.standingout.be\/fr\/product\/bio-balance-body-massage-oil-firming-250-ml-ref-7517-05\/#primaryimage","url":"https:\/\/districos.standingout.be\/wp-content\/uploads\/2025\/07\/7517.05@LowRes_0.png","contentUrl":"https:\/\/districos.standingout.be\/wp-content\/uploads\/2025\/07\/7517.05@LowRes_0.png","width":600,"height":600},{"@type":"BreadcrumbList","@id":"https:\/\/districos.standingout.be\/fr\/product\/bio-balance-body-massage-oil-firming-250-ml-ref-7517-05\/#breadcrumb","itemListElement":[{"@type":"ListItem","position":1,"name":"Home","item":"https:\/\/districos.standingout.be\/fr\/bienvenue-chez-districos\/"},{"@type":"ListItem","position":2,"name":"Boutique","item":"https:\/\/districos.standingout.be\/fr\/boutique\/"},{"@type":"ListItem","position":3,"name":"Bio Balance Body Massage Oil Firming 250 ml"}]},{"@type":"WebSite","@id":"https:\/\/districos.standingout.be\/fr\/#website","url":"https:\/\/districos.standingout.be\/fr\/","name":"Districos Webshop","description":"","publisher":{"@id":"https:\/\/districos.standingout.be\/fr\/#organization"},"potentialAction":[{"@type":"SearchAction","target":{"@type":"EntryPoint","urlTemplate":"https:\/\/districos.standingout.be\/fr\/?s={search_term_string}"},"query-input":{"@type":"PropertyValueSpecification","valueRequired":true,"valueName":"search_term_string"}}],"inLanguage":"fr-FR"},{"@type":"Organization","@id":"https:\/\/districos.standingout.be\/fr\/#organization","name":"Districos Webshop","url":"https:\/\/districos.standingout.be\/fr\/","logo":{"@type":"ImageObject","inLanguage":"fr-FR","@id":"https:\/\/districos.standingout.be\/fr\/#\/schema\/logo\/image\/","url":"https:\/\/districos.standingout.be\/wp-content\/uploads\/2022\/09\/Districos_Logo_Webshop.svg","contentUrl":"https:\/\/districos.standingout.be\/wp-content\/uploads\/2022\/09\/Districos_Logo_Webshop.svg","caption":"Districos Webshop"},"image":{"@id":"https:\/\/districos.standingout.be\/fr\/#\/schema\/logo\/image\/"}}]}},"_links":{"self":[{"href":"https:\/\/districos.standingout.be\/fr\/wp-json\/wp\/v2\/product\/137557","targetHints":{"allow":["GET"]}}],"collection":[{"href":"https:\/\/districos.standingout.be\/fr\/wp-json\/wp\/v2\/product"}],"about":[{"href":"https:\/\/districos.standingout.be\/fr\/wp-json\/wp\/v2\/types\/product"}],"replies":[{"embeddable":true,"href":"https:\/\/districos.standingout.be\/fr\/wp-json\/wp\/v2\/comments?post=137557"}],"wp:featuredmedia":[{"embeddable":true,"href":"https:\/\/districos.standingout.be\/fr\/wp-json\/wp\/v2\/media\/78791"}],"wp:attachment":[{"href":"https:\/\/districos.standingout.be\/fr\/wp-json\/wp\/v2\/media?parent=137557"}],"wp:term":[{"taxonomy":"product_brand","embeddable":true,"href":"https:\/\/districos.standingout.be\/fr\/wp-json\/wp\/v2\/product_brand?post=137557"},{"taxonomy":"product_cat","embeddable":true,"href":"https:\/\/districos.standingout.be\/fr\/wp-json\/wp\/v2\/product_cat?post=137557"},{"taxonomy":"product_tag","embeddable":true,"href":"https:\/\/districos.standingout.be\/fr\/wp-json\/wp\/v2\/product_tag?post=137557"}],"curies":[{"name":"wp","href":"https:\/\/api.w.org\/{rel}","templated":true}]}}