{"id":137561,"date":"2026-04-28T10:19:33","date_gmt":"2026-04-28T08:19:33","guid":{"rendered":"https:\/\/webshopdistricoscom.webhosting.be\/product\/bio-balance-massage-oil-summer-breeze-250-ml-ref-7517-09-2\/"},"modified":"2026-04-28T10:19:38","modified_gmt":"2026-04-28T08:19:38","slug":"bio-balance-massage-oil-summer-breeze-250-ml-ref-7517-09","status":"publish","type":"product","link":"https:\/\/districos.standingout.be\/fr\/product\/bio-balance-massage-oil-summer-breeze-250-ml-ref-7517-09\/","title":{"rendered":"Bio Balance Massage Oil Summer Breeze 250 ml"},"content":{"rendered":"<p >\n<\/p>\n<\/p>\n<\/p>\n<\/p>\n<p dir=\"ltr\"><span>D\u00e9couvrez la diff\u00e9rence d\u2019une huile de massage haut de gamme pour usage professionnel. Cette huile l\u00e9g\u00e8re et non grasse poss\u00e8de une texture parfaite, soyeuse, qui glisse longtemps \u2014 <b>id\u00e9ale pour des massages intensifs et prolong\u00e9s.<\/b>&nbsp;<\/span><span>Son parfum subtil et luxueux enveloppe les sens et cr\u00e9e une ambiance d\u00e9licieuse \u00e0 chaque soin. Gr\u00e2ce \u00e0 l\u2019ajout de <b>squalane<\/b>, cette huile nourrit intens\u00e9ment la peau : elle reste douce comme du velours apr\u00e8s utilisation, sans laisser de film gras.<\/span><\/p>\n<p dir=\"ltr\">\n<ul>\n<li><span>Glisse longtemps sans sensation de gras<\/span><\/li>\n<li><span>Enrichie en squalane nourrissant, adapt\u00e9e \u00e0 tous les types de peau<\/span><\/li>\n<li><span>Peau soyeuse m\u00eame apr\u00e8s le massage<\/span><\/li>\n<li><span>Parfum raffin\u00e9 et agr\u00e9able pour une exp\u00e9rience bien-\u00eatre compl\u00e8te<\/span><\/li>\n<li>Parfum (<b>Summer Breeze<\/b>) : une fragrance fra\u00eeche et tonifiante aux accents vifs d\u2019agrumes. Parfaite pour un d\u00e9marrage \u00e9nergique ou une sensation rafra\u00eechissante.<\/li>\n<\/ul>\n<div><b>\u00c9galement disponible :<\/b><\/div>\n<div>\n<ul>\n<li>Bio Balance Massage Oil Warm &amp; Cosy 250 ml (<a href=\"https:\/\/webshop.districos.com\/ProductDetail\/7517.10\" target=\"_blank\" rel=\"noopener noreferrer nofollow\">r\u00e9f. 7517.10<\/a>)<\/li>\n<\/ul>\n<\/div><\/p>\n","protected":false},"excerpt":{"rendered":"<p>D\u00e9couvrez la diff\u00e9rence d\u2019une huile de massage haut de gamme pour usage professionnel. Cette huile l\u00e9g\u00e8re et non grasse poss\u00e8de une texture parfaite, soyeuse, qui glisse longtemps \u2014 id\u00e9ale pour des massages intensifs et prolong\u00e9s.&nbsp;Son parfum subtil et luxueux enveloppe les sens et cr\u00e9e une ambiance d\u00e9licieuse \u00e0 chaque soin. Gr\u00e2ce \u00e0 l\u2019ajout de squalane, [&hellip;]<\/p>\n","protected":false},"featured_media":147638,"comment_status":"open","ping_status":"closed","template":"","meta":{"_acf_changed":false},"product_brand":[10302],"product_cat":[9874,9868],"product_tag":[],"class_list":{"0":"post-137561","1":"product","2":"type-product","3":"status-publish","4":"has-post-thumbnail","6":"product_brand-bb-lichaam-fr","7":"product_cat-beaute-corps-massage","8":"product_cat-beaute-corps-soins-du-corps","10":"first","11":"instock","12":"taxable","13":"shipping-taxable","14":"product-type-simple"},"acf":[],"yoast_head":"<!-- This site is optimized with the Yoast SEO plugin v27.3 - https:\/\/yoast.com\/product\/yoast-seo-wordpress\/ -->\n<title>Bio Balance Massage Oil Summer Breeze 250 ml - Districos Webshop<\/title>\n<meta name=\"robots\" content=\"noindex, follow, max-snippet:-1, max-image-preview:large, max-video-preview:-1\" \/>\n<meta property=\"og:locale\" content=\"fr_FR\" \/>\n<meta property=\"og:type\" content=\"article\" \/>\n<meta property=\"og:title\" content=\"Bio Balance Massage Oil Summer Breeze 250 ml - Districos Webshop\" \/>\n<meta property=\"og:description\" content=\"D\u00e9couvrez la diff\u00e9rence d\u2019une huile de massage haut de gamme pour usage professionnel. Cette huile l\u00e9g\u00e8re et non grasse poss\u00e8de une texture parfaite, soyeuse, qui glisse longtemps \u2014 id\u00e9ale pour des massages intensifs et prolong\u00e9s.&nbsp;Son parfum subtil et luxueux enveloppe les sens et cr\u00e9e une ambiance d\u00e9licieuse \u00e0 chaque soin. Gr\u00e2ce \u00e0 l\u2019ajout de squalane, [&hellip;]\" \/>\n<meta property=\"og:url\" content=\"https:\/\/districos.standingout.be\/fr\/product\/bio-balance-massage-oil-summer-breeze-250-ml-ref-7517-09\/\" \/>\n<meta property=\"og:site_name\" content=\"Districos Webshop\" \/>\n<meta property=\"article:modified_time\" content=\"2026-04-28T08:19:38+00:00\" \/>\n<meta name=\"twitter:card\" content=\"summary_large_image\" \/>\n<meta name=\"twitter:label1\" content=\"Dur\u00e9e de lecture estim\u00e9e\" \/>\n\t<meta name=\"twitter:data1\" content=\"1 minute\" \/>\n<script type=\"application\/ld+json\" class=\"yoast-schema-graph\">{\"@context\":\"https:\\\/\\\/schema.org\",\"@graph\":[{\"@type\":\"WebPage\",\"@id\":\"https:\\\/\\\/districos.standingout.be\\\/fr\\\/product\\\/bio-balance-massage-oil-summer-breeze-250-ml-ref-7517-09\\\/\",\"url\":\"https:\\\/\\\/districos.standingout.be\\\/fr\\\/product\\\/bio-balance-massage-oil-summer-breeze-250-ml-ref-7517-09\\\/\",\"name\":\"Bio Balance Massage Oil Summer Breeze 250 ml - Districos Webshop\",\"isPartOf\":{\"@id\":\"https:\\\/\\\/districos.standingout.be\\\/fr\\\/#website\"},\"primaryImageOfPage\":{\"@id\":\"https:\\\/\\\/districos.standingout.be\\\/fr\\\/product\\\/bio-balance-massage-oil-summer-breeze-250-ml-ref-7517-09\\\/#primaryimage\"},\"image\":{\"@id\":\"https:\\\/\\\/districos.standingout.be\\\/fr\\\/product\\\/bio-balance-massage-oil-summer-breeze-250-ml-ref-7517-09\\\/#primaryimage\"},\"thumbnailUrl\":\"https:\\\/\\\/districos.standingout.be\\\/wp-content\\\/uploads\\\/2026\\\/04\\\/7517.09@Bio-Balance-Massage-Oil-Summer-Breeze-250-ml_1-1.png\",\"datePublished\":\"2026-04-28T08:19:33+00:00\",\"dateModified\":\"2026-04-28T08:19:38+00:00\",\"breadcrumb\":{\"@id\":\"https:\\\/\\\/districos.standingout.be\\\/fr\\\/product\\\/bio-balance-massage-oil-summer-breeze-250-ml-ref-7517-09\\\/#breadcrumb\"},\"inLanguage\":\"fr-FR\",\"potentialAction\":[{\"@type\":\"ReadAction\",\"target\":[\"https:\\\/\\\/districos.standingout.be\\\/fr\\\/product\\\/bio-balance-massage-oil-summer-breeze-250-ml-ref-7517-09\\\/\"]}]},{\"@type\":\"ImageObject\",\"inLanguage\":\"fr-FR\",\"@id\":\"https:\\\/\\\/districos.standingout.be\\\/fr\\\/product\\\/bio-balance-massage-oil-summer-breeze-250-ml-ref-7517-09\\\/#primaryimage\",\"url\":\"https:\\\/\\\/districos.standingout.be\\\/wp-content\\\/uploads\\\/2026\\\/04\\\/7517.09@Bio-Balance-Massage-Oil-Summer-Breeze-250-ml_1-1.png\",\"contentUrl\":\"https:\\\/\\\/districos.standingout.be\\\/wp-content\\\/uploads\\\/2026\\\/04\\\/7517.09@Bio-Balance-Massage-Oil-Summer-Breeze-250-ml_1-1.png\",\"width\":600,\"height\":600},{\"@type\":\"BreadcrumbList\",\"@id\":\"https:\\\/\\\/districos.standingout.be\\\/fr\\\/product\\\/bio-balance-massage-oil-summer-breeze-250-ml-ref-7517-09\\\/#breadcrumb\",\"itemListElement\":[{\"@type\":\"ListItem\",\"position\":1,\"name\":\"Home\",\"item\":\"https:\\\/\\\/districos.standingout.be\\\/fr\\\/bienvenue-chez-districos\\\/\"},{\"@type\":\"ListItem\",\"position\":2,\"name\":\"Boutique\",\"item\":\"https:\\\/\\\/districos.standingout.be\\\/fr\\\/boutique\\\/\"},{\"@type\":\"ListItem\",\"position\":3,\"name\":\"Bio Balance Massage Oil Summer Breeze 250 ml\"}]},{\"@type\":\"WebSite\",\"@id\":\"https:\\\/\\\/districos.standingout.be\\\/fr\\\/#website\",\"url\":\"https:\\\/\\\/districos.standingout.be\\\/fr\\\/\",\"name\":\"Districos Webshop\",\"description\":\"\",\"publisher\":{\"@id\":\"https:\\\/\\\/districos.standingout.be\\\/fr\\\/#organization\"},\"potentialAction\":[{\"@type\":\"SearchAction\",\"target\":{\"@type\":\"EntryPoint\",\"urlTemplate\":\"https:\\\/\\\/districos.standingout.be\\\/fr\\\/?s={search_term_string}\"},\"query-input\":{\"@type\":\"PropertyValueSpecification\",\"valueRequired\":true,\"valueName\":\"search_term_string\"}}],\"inLanguage\":\"fr-FR\"},{\"@type\":\"Organization\",\"@id\":\"https:\\\/\\\/districos.standingout.be\\\/fr\\\/#organization\",\"name\":\"Districos Webshop\",\"url\":\"https:\\\/\\\/districos.standingout.be\\\/fr\\\/\",\"logo\":{\"@type\":\"ImageObject\",\"inLanguage\":\"fr-FR\",\"@id\":\"https:\\\/\\\/districos.standingout.be\\\/fr\\\/#\\\/schema\\\/logo\\\/image\\\/\",\"url\":\"https:\\\/\\\/districos.standingout.be\\\/wp-content\\\/uploads\\\/2022\\\/09\\\/Districos_Logo_Webshop.svg\",\"contentUrl\":\"https:\\\/\\\/districos.standingout.be\\\/wp-content\\\/uploads\\\/2022\\\/09\\\/Districos_Logo_Webshop.svg\",\"caption\":\"Districos Webshop\"},\"image\":{\"@id\":\"https:\\\/\\\/districos.standingout.be\\\/fr\\\/#\\\/schema\\\/logo\\\/image\\\/\"}}]}<\/script>\n<!-- \/ Yoast SEO plugin. -->","yoast_head_json":{"title":"Bio Balance Massage Oil Summer Breeze 250 ml - Districos Webshop","robots":{"index":"noindex","follow":"follow","max-snippet":"max-snippet:-1","max-image-preview":"max-image-preview:large","max-video-preview":"max-video-preview:-1"},"og_locale":"fr_FR","og_type":"article","og_title":"Bio Balance Massage Oil Summer Breeze 250 ml - Districos Webshop","og_description":"D\u00e9couvrez la diff\u00e9rence d\u2019une huile de massage haut de gamme pour usage professionnel. Cette huile l\u00e9g\u00e8re et non grasse poss\u00e8de une texture parfaite, soyeuse, qui glisse longtemps \u2014 id\u00e9ale pour des massages intensifs et prolong\u00e9s.&nbsp;Son parfum subtil et luxueux enveloppe les sens et cr\u00e9e une ambiance d\u00e9licieuse \u00e0 chaque soin. Gr\u00e2ce \u00e0 l\u2019ajout de squalane, [&hellip;]","og_url":"https:\/\/districos.standingout.be\/fr\/product\/bio-balance-massage-oil-summer-breeze-250-ml-ref-7517-09\/","og_site_name":"Districos Webshop","article_modified_time":"2026-04-28T08:19:38+00:00","twitter_card":"summary_large_image","twitter_misc":{"Dur\u00e9e de lecture estim\u00e9e":"1 minute"},"schema":{"@context":"https:\/\/schema.org","@graph":[{"@type":"WebPage","@id":"https:\/\/districos.standingout.be\/fr\/product\/bio-balance-massage-oil-summer-breeze-250-ml-ref-7517-09\/","url":"https:\/\/districos.standingout.be\/fr\/product\/bio-balance-massage-oil-summer-breeze-250-ml-ref-7517-09\/","name":"Bio Balance Massage Oil Summer Breeze 250 ml - Districos Webshop","isPartOf":{"@id":"https:\/\/districos.standingout.be\/fr\/#website"},"primaryImageOfPage":{"@id":"https:\/\/districos.standingout.be\/fr\/product\/bio-balance-massage-oil-summer-breeze-250-ml-ref-7517-09\/#primaryimage"},"image":{"@id":"https:\/\/districos.standingout.be\/fr\/product\/bio-balance-massage-oil-summer-breeze-250-ml-ref-7517-09\/#primaryimage"},"thumbnailUrl":"https:\/\/districos.standingout.be\/wp-content\/uploads\/2026\/04\/7517.09@Bio-Balance-Massage-Oil-Summer-Breeze-250-ml_1-1.png","datePublished":"2026-04-28T08:19:33+00:00","dateModified":"2026-04-28T08:19:38+00:00","breadcrumb":{"@id":"https:\/\/districos.standingout.be\/fr\/product\/bio-balance-massage-oil-summer-breeze-250-ml-ref-7517-09\/#breadcrumb"},"inLanguage":"fr-FR","potentialAction":[{"@type":"ReadAction","target":["https:\/\/districos.standingout.be\/fr\/product\/bio-balance-massage-oil-summer-breeze-250-ml-ref-7517-09\/"]}]},{"@type":"ImageObject","inLanguage":"fr-FR","@id":"https:\/\/districos.standingout.be\/fr\/product\/bio-balance-massage-oil-summer-breeze-250-ml-ref-7517-09\/#primaryimage","url":"https:\/\/districos.standingout.be\/wp-content\/uploads\/2026\/04\/7517.09@Bio-Balance-Massage-Oil-Summer-Breeze-250-ml_1-1.png","contentUrl":"https:\/\/districos.standingout.be\/wp-content\/uploads\/2026\/04\/7517.09@Bio-Balance-Massage-Oil-Summer-Breeze-250-ml_1-1.png","width":600,"height":600},{"@type":"BreadcrumbList","@id":"https:\/\/districos.standingout.be\/fr\/product\/bio-balance-massage-oil-summer-breeze-250-ml-ref-7517-09\/#breadcrumb","itemListElement":[{"@type":"ListItem","position":1,"name":"Home","item":"https:\/\/districos.standingout.be\/fr\/bienvenue-chez-districos\/"},{"@type":"ListItem","position":2,"name":"Boutique","item":"https:\/\/districos.standingout.be\/fr\/boutique\/"},{"@type":"ListItem","position":3,"name":"Bio Balance Massage Oil Summer Breeze 250 ml"}]},{"@type":"WebSite","@id":"https:\/\/districos.standingout.be\/fr\/#website","url":"https:\/\/districos.standingout.be\/fr\/","name":"Districos Webshop","description":"","publisher":{"@id":"https:\/\/districos.standingout.be\/fr\/#organization"},"potentialAction":[{"@type":"SearchAction","target":{"@type":"EntryPoint","urlTemplate":"https:\/\/districos.standingout.be\/fr\/?s={search_term_string}"},"query-input":{"@type":"PropertyValueSpecification","valueRequired":true,"valueName":"search_term_string"}}],"inLanguage":"fr-FR"},{"@type":"Organization","@id":"https:\/\/districos.standingout.be\/fr\/#organization","name":"Districos Webshop","url":"https:\/\/districos.standingout.be\/fr\/","logo":{"@type":"ImageObject","inLanguage":"fr-FR","@id":"https:\/\/districos.standingout.be\/fr\/#\/schema\/logo\/image\/","url":"https:\/\/districos.standingout.be\/wp-content\/uploads\/2022\/09\/Districos_Logo_Webshop.svg","contentUrl":"https:\/\/districos.standingout.be\/wp-content\/uploads\/2022\/09\/Districos_Logo_Webshop.svg","caption":"Districos Webshop"},"image":{"@id":"https:\/\/districos.standingout.be\/fr\/#\/schema\/logo\/image\/"}}]}},"_links":{"self":[{"href":"https:\/\/districos.standingout.be\/fr\/wp-json\/wp\/v2\/product\/137561","targetHints":{"allow":["GET"]}}],"collection":[{"href":"https:\/\/districos.standingout.be\/fr\/wp-json\/wp\/v2\/product"}],"about":[{"href":"https:\/\/districos.standingout.be\/fr\/wp-json\/wp\/v2\/types\/product"}],"replies":[{"embeddable":true,"href":"https:\/\/districos.standingout.be\/fr\/wp-json\/wp\/v2\/comments?post=137561"}],"wp:featuredmedia":[{"embeddable":true,"href":"https:\/\/districos.standingout.be\/fr\/wp-json\/wp\/v2\/media\/147638"}],"wp:attachment":[{"href":"https:\/\/districos.standingout.be\/fr\/wp-json\/wp\/v2\/media?parent=137561"}],"wp:term":[{"taxonomy":"product_brand","embeddable":true,"href":"https:\/\/districos.standingout.be\/fr\/wp-json\/wp\/v2\/product_brand?post=137561"},{"taxonomy":"product_cat","embeddable":true,"href":"https:\/\/districos.standingout.be\/fr\/wp-json\/wp\/v2\/product_cat?post=137561"},{"taxonomy":"product_tag","embeddable":true,"href":"https:\/\/districos.standingout.be\/fr\/wp-json\/wp\/v2\/product_tag?post=137561"}],"curies":[{"name":"wp","href":"https:\/\/api.w.org\/{rel}","templated":true}]}}