{"id":137565,"date":"2026-04-28T10:20:27","date_gmt":"2026-04-28T08:20:27","guid":{"rendered":"https:\/\/webshopdistricoscom.webhosting.be\/product\/huile-damande-douce-1-l-ref-7517-32\/"},"modified":"2026-04-28T10:20:33","modified_gmt":"2026-04-28T08:20:33","slug":"huile-damande-douce-1-l-ref-7517-32","status":"publish","type":"product","link":"https:\/\/districos.standingout.be\/fr\/product\/huile-damande-douce-1-l-ref-7517-32\/","title":{"rendered":"Huile d&rsquo;Amande Douce 1 l"},"content":{"rendered":"<p >\n<p dir=\"ltr\">Huile qui convient \u00e0 tous les types de peaux, m\u00eame les plus sensibles. Elle a un effet hydratant (pour les peaux s\u00e8ches), astringent et adoucissant.<\/p>\n<p dir=\"ltr\">\n<ul>\n<li>S\u2019emploie \u00e9galement comme base d\u2019une huile pour b\u00e9b\u00e9.<\/li>\n<li>Contient des vitamines A, B et C.<\/li>\n<li>Emballage : 1 l.<\/li>\n<\/ul>\n<div><b>Aussi disponible<\/b><\/div>\n<div>Flacon de 500 ml (<u><a href=\"https:\/\/districos.com\/ProductDetail\/7514.10\" target=\"_blank\" rel=\"noopener noreferrer nofollow\">r\u00e9f. 7514.10<\/a><\/u>)<\/div><\/p>\n","protected":false},"excerpt":{"rendered":"<p>Huile qui convient \u00e0 tous les types de peaux, m\u00eame les plus sensibles. Elle a un effet hydratant (pour les peaux s\u00e8ches), astringent et adoucissant. S\u2019emploie \u00e9galement comme base d\u2019une huile pour b\u00e9b\u00e9. Contient des vitamines A, B et C. Emballage : 1 l. Aussi disponible Flacon de 500 ml (r\u00e9f. 7514.10)<\/p>\n","protected":false},"featured_media":78800,"comment_status":"open","ping_status":"closed","template":"","meta":{"_acf_changed":false},"product_brand":[10530],"product_cat":[9876,9874],"product_tag":[],"class_list":{"0":"post-137565","1":"product","2":"type-product","3":"status-publish","4":"has-post-thumbnail","6":"product_brand-reymerink-fr","7":"product_cat-beaute-corps-aromatherapie","8":"product_cat-beaute-corps-massage","10":"first","11":"instock","12":"taxable","13":"shipping-taxable","14":"product-type-simple"},"acf":[],"yoast_head":"<!-- This site is optimized with the Yoast SEO plugin v27.3 - https:\/\/yoast.com\/product\/yoast-seo-wordpress\/ -->\n<title>Huile d&#039;Amande Douce 1 l - Districos Webshop<\/title>\n<meta name=\"robots\" content=\"noindex, follow, max-snippet:-1, max-image-preview:large, max-video-preview:-1\" \/>\n<meta property=\"og:locale\" content=\"fr_FR\" \/>\n<meta property=\"og:type\" content=\"article\" \/>\n<meta property=\"og:title\" content=\"Huile d&#039;Amande Douce 1 l - Districos Webshop\" \/>\n<meta property=\"og:description\" content=\"Huile qui convient \u00e0 tous les types de peaux, m\u00eame les plus sensibles. Elle a un effet hydratant (pour les peaux s\u00e8ches), astringent et adoucissant. S\u2019emploie \u00e9galement comme base d\u2019une huile pour b\u00e9b\u00e9. Contient des vitamines A, B et C. Emballage : 1 l. Aussi disponible Flacon de 500 ml (r\u00e9f. 7514.10)\" \/>\n<meta property=\"og:url\" content=\"https:\/\/districos.standingout.be\/fr\/product\/huile-damande-douce-1-l-ref-7517-32\/\" \/>\n<meta property=\"og:site_name\" content=\"Districos Webshop\" \/>\n<meta property=\"article:modified_time\" content=\"2026-04-28T08:20:33+00:00\" \/>\n<meta name=\"twitter:card\" content=\"summary_large_image\" \/>\n<script type=\"application\/ld+json\" class=\"yoast-schema-graph\">{\"@context\":\"https:\\\/\\\/schema.org\",\"@graph\":[{\"@type\":\"WebPage\",\"@id\":\"https:\\\/\\\/districos.standingout.be\\\/fr\\\/product\\\/huile-damande-douce-1-l-ref-7517-32\\\/\",\"url\":\"https:\\\/\\\/districos.standingout.be\\\/fr\\\/product\\\/huile-damande-douce-1-l-ref-7517-32\\\/\",\"name\":\"Huile d'Amande Douce 1 l - Districos Webshop\",\"isPartOf\":{\"@id\":\"https:\\\/\\\/districos.standingout.be\\\/fr\\\/#website\"},\"primaryImageOfPage\":{\"@id\":\"https:\\\/\\\/districos.standingout.be\\\/fr\\\/product\\\/huile-damande-douce-1-l-ref-7517-32\\\/#primaryimage\"},\"image\":{\"@id\":\"https:\\\/\\\/districos.standingout.be\\\/fr\\\/product\\\/huile-damande-douce-1-l-ref-7517-32\\\/#primaryimage\"},\"thumbnailUrl\":\"https:\\\/\\\/districos.standingout.be\\\/wp-content\\\/uploads\\\/2025\\\/07\\\/7517.32@LowRes_1_0.png\",\"datePublished\":\"2026-04-28T08:20:27+00:00\",\"dateModified\":\"2026-04-28T08:20:33+00:00\",\"breadcrumb\":{\"@id\":\"https:\\\/\\\/districos.standingout.be\\\/fr\\\/product\\\/huile-damande-douce-1-l-ref-7517-32\\\/#breadcrumb\"},\"inLanguage\":\"fr-FR\",\"potentialAction\":[{\"@type\":\"ReadAction\",\"target\":[\"https:\\\/\\\/districos.standingout.be\\\/fr\\\/product\\\/huile-damande-douce-1-l-ref-7517-32\\\/\"]}]},{\"@type\":\"ImageObject\",\"inLanguage\":\"fr-FR\",\"@id\":\"https:\\\/\\\/districos.standingout.be\\\/fr\\\/product\\\/huile-damande-douce-1-l-ref-7517-32\\\/#primaryimage\",\"url\":\"https:\\\/\\\/districos.standingout.be\\\/wp-content\\\/uploads\\\/2025\\\/07\\\/7517.32@LowRes_1_0.png\",\"contentUrl\":\"https:\\\/\\\/districos.standingout.be\\\/wp-content\\\/uploads\\\/2025\\\/07\\\/7517.32@LowRes_1_0.png\",\"width\":600,\"height\":600},{\"@type\":\"BreadcrumbList\",\"@id\":\"https:\\\/\\\/districos.standingout.be\\\/fr\\\/product\\\/huile-damande-douce-1-l-ref-7517-32\\\/#breadcrumb\",\"itemListElement\":[{\"@type\":\"ListItem\",\"position\":1,\"name\":\"Home\",\"item\":\"https:\\\/\\\/districos.standingout.be\\\/fr\\\/bienvenue-chez-districos\\\/\"},{\"@type\":\"ListItem\",\"position\":2,\"name\":\"Boutique\",\"item\":\"https:\\\/\\\/districos.standingout.be\\\/fr\\\/boutique\\\/\"},{\"@type\":\"ListItem\",\"position\":3,\"name\":\"Huile d&#8217;Amande Douce 1 l\"}]},{\"@type\":\"WebSite\",\"@id\":\"https:\\\/\\\/districos.standingout.be\\\/fr\\\/#website\",\"url\":\"https:\\\/\\\/districos.standingout.be\\\/fr\\\/\",\"name\":\"Districos Webshop\",\"description\":\"\",\"publisher\":{\"@id\":\"https:\\\/\\\/districos.standingout.be\\\/fr\\\/#organization\"},\"potentialAction\":[{\"@type\":\"SearchAction\",\"target\":{\"@type\":\"EntryPoint\",\"urlTemplate\":\"https:\\\/\\\/districos.standingout.be\\\/fr\\\/?s={search_term_string}\"},\"query-input\":{\"@type\":\"PropertyValueSpecification\",\"valueRequired\":true,\"valueName\":\"search_term_string\"}}],\"inLanguage\":\"fr-FR\"},{\"@type\":\"Organization\",\"@id\":\"https:\\\/\\\/districos.standingout.be\\\/fr\\\/#organization\",\"name\":\"Districos Webshop\",\"url\":\"https:\\\/\\\/districos.standingout.be\\\/fr\\\/\",\"logo\":{\"@type\":\"ImageObject\",\"inLanguage\":\"fr-FR\",\"@id\":\"https:\\\/\\\/districos.standingout.be\\\/fr\\\/#\\\/schema\\\/logo\\\/image\\\/\",\"url\":\"https:\\\/\\\/districos.standingout.be\\\/wp-content\\\/uploads\\\/2022\\\/09\\\/Districos_Logo_Webshop.svg\",\"contentUrl\":\"https:\\\/\\\/districos.standingout.be\\\/wp-content\\\/uploads\\\/2022\\\/09\\\/Districos_Logo_Webshop.svg\",\"caption\":\"Districos Webshop\"},\"image\":{\"@id\":\"https:\\\/\\\/districos.standingout.be\\\/fr\\\/#\\\/schema\\\/logo\\\/image\\\/\"}}]}<\/script>\n<!-- \/ Yoast SEO plugin. -->","yoast_head_json":{"title":"Huile d'Amande Douce 1 l - Districos Webshop","robots":{"index":"noindex","follow":"follow","max-snippet":"max-snippet:-1","max-image-preview":"max-image-preview:large","max-video-preview":"max-video-preview:-1"},"og_locale":"fr_FR","og_type":"article","og_title":"Huile d'Amande Douce 1 l - Districos Webshop","og_description":"Huile qui convient \u00e0 tous les types de peaux, m\u00eame les plus sensibles. Elle a un effet hydratant (pour les peaux s\u00e8ches), astringent et adoucissant. S\u2019emploie \u00e9galement comme base d\u2019une huile pour b\u00e9b\u00e9. Contient des vitamines A, B et C. Emballage : 1 l. Aussi disponible Flacon de 500 ml (r\u00e9f. 7514.10)","og_url":"https:\/\/districos.standingout.be\/fr\/product\/huile-damande-douce-1-l-ref-7517-32\/","og_site_name":"Districos Webshop","article_modified_time":"2026-04-28T08:20:33+00:00","twitter_card":"summary_large_image","schema":{"@context":"https:\/\/schema.org","@graph":[{"@type":"WebPage","@id":"https:\/\/districos.standingout.be\/fr\/product\/huile-damande-douce-1-l-ref-7517-32\/","url":"https:\/\/districos.standingout.be\/fr\/product\/huile-damande-douce-1-l-ref-7517-32\/","name":"Huile d'Amande Douce 1 l - Districos Webshop","isPartOf":{"@id":"https:\/\/districos.standingout.be\/fr\/#website"},"primaryImageOfPage":{"@id":"https:\/\/districos.standingout.be\/fr\/product\/huile-damande-douce-1-l-ref-7517-32\/#primaryimage"},"image":{"@id":"https:\/\/districos.standingout.be\/fr\/product\/huile-damande-douce-1-l-ref-7517-32\/#primaryimage"},"thumbnailUrl":"https:\/\/districos.standingout.be\/wp-content\/uploads\/2025\/07\/7517.32@LowRes_1_0.png","datePublished":"2026-04-28T08:20:27+00:00","dateModified":"2026-04-28T08:20:33+00:00","breadcrumb":{"@id":"https:\/\/districos.standingout.be\/fr\/product\/huile-damande-douce-1-l-ref-7517-32\/#breadcrumb"},"inLanguage":"fr-FR","potentialAction":[{"@type":"ReadAction","target":["https:\/\/districos.standingout.be\/fr\/product\/huile-damande-douce-1-l-ref-7517-32\/"]}]},{"@type":"ImageObject","inLanguage":"fr-FR","@id":"https:\/\/districos.standingout.be\/fr\/product\/huile-damande-douce-1-l-ref-7517-32\/#primaryimage","url":"https:\/\/districos.standingout.be\/wp-content\/uploads\/2025\/07\/7517.32@LowRes_1_0.png","contentUrl":"https:\/\/districos.standingout.be\/wp-content\/uploads\/2025\/07\/7517.32@LowRes_1_0.png","width":600,"height":600},{"@type":"BreadcrumbList","@id":"https:\/\/districos.standingout.be\/fr\/product\/huile-damande-douce-1-l-ref-7517-32\/#breadcrumb","itemListElement":[{"@type":"ListItem","position":1,"name":"Home","item":"https:\/\/districos.standingout.be\/fr\/bienvenue-chez-districos\/"},{"@type":"ListItem","position":2,"name":"Boutique","item":"https:\/\/districos.standingout.be\/fr\/boutique\/"},{"@type":"ListItem","position":3,"name":"Huile d&#8217;Amande Douce 1 l"}]},{"@type":"WebSite","@id":"https:\/\/districos.standingout.be\/fr\/#website","url":"https:\/\/districos.standingout.be\/fr\/","name":"Districos Webshop","description":"","publisher":{"@id":"https:\/\/districos.standingout.be\/fr\/#organization"},"potentialAction":[{"@type":"SearchAction","target":{"@type":"EntryPoint","urlTemplate":"https:\/\/districos.standingout.be\/fr\/?s={search_term_string}"},"query-input":{"@type":"PropertyValueSpecification","valueRequired":true,"valueName":"search_term_string"}}],"inLanguage":"fr-FR"},{"@type":"Organization","@id":"https:\/\/districos.standingout.be\/fr\/#organization","name":"Districos Webshop","url":"https:\/\/districos.standingout.be\/fr\/","logo":{"@type":"ImageObject","inLanguage":"fr-FR","@id":"https:\/\/districos.standingout.be\/fr\/#\/schema\/logo\/image\/","url":"https:\/\/districos.standingout.be\/wp-content\/uploads\/2022\/09\/Districos_Logo_Webshop.svg","contentUrl":"https:\/\/districos.standingout.be\/wp-content\/uploads\/2022\/09\/Districos_Logo_Webshop.svg","caption":"Districos Webshop"},"image":{"@id":"https:\/\/districos.standingout.be\/fr\/#\/schema\/logo\/image\/"}}]}},"_links":{"self":[{"href":"https:\/\/districos.standingout.be\/fr\/wp-json\/wp\/v2\/product\/137565","targetHints":{"allow":["GET"]}}],"collection":[{"href":"https:\/\/districos.standingout.be\/fr\/wp-json\/wp\/v2\/product"}],"about":[{"href":"https:\/\/districos.standingout.be\/fr\/wp-json\/wp\/v2\/types\/product"}],"replies":[{"embeddable":true,"href":"https:\/\/districos.standingout.be\/fr\/wp-json\/wp\/v2\/comments?post=137565"}],"wp:featuredmedia":[{"embeddable":true,"href":"https:\/\/districos.standingout.be\/fr\/wp-json\/wp\/v2\/media\/78800"}],"wp:attachment":[{"href":"https:\/\/districos.standingout.be\/fr\/wp-json\/wp\/v2\/media?parent=137565"}],"wp:term":[{"taxonomy":"product_brand","embeddable":true,"href":"https:\/\/districos.standingout.be\/fr\/wp-json\/wp\/v2\/product_brand?post=137565"},{"taxonomy":"product_cat","embeddable":true,"href":"https:\/\/districos.standingout.be\/fr\/wp-json\/wp\/v2\/product_cat?post=137565"},{"taxonomy":"product_tag","embeddable":true,"href":"https:\/\/districos.standingout.be\/fr\/wp-json\/wp\/v2\/product_tag?post=137565"}],"curies":[{"name":"wp","href":"https:\/\/api.w.org\/{rel}","templated":true}]}}