{"id":137569,"date":"2026-04-28T10:20:38","date_gmt":"2026-04-28T08:20:38","guid":{"rendered":"https:\/\/webshopdistricoscom.webhosting.be\/product\/bio-balance-botanica-massage-emulsion-500-ml-ref-7517-51-2\/"},"modified":"2026-04-28T10:20:44","modified_gmt":"2026-04-28T08:20:44","slug":"bio-balance-botanica-massage-emulsion-500-ml-ref-7517-51","status":"publish","type":"product","link":"https:\/\/districos.standingout.be\/fr\/product\/bio-balance-botanica-massage-emulsion-500-ml-ref-7517-51\/","title":{"rendered":"Bio Balance Botanica Massage Emulsion 500 ml"},"content":{"rendered":"<p >\n<p dir=\"ltr\">Cette \u00e9mulsion de massage hydratante et relaxante convient \u00e0 tous les types de peaux. L&rsquo;\u00e9mulsion est enrichie en ingr\u00e9dients naturels comme l\u2019aloe vera, l\u2019huile de tournesol, l\u2019Arnica montana et la vitamine E.<\/p>\n<p dir=\"ltr\">\n<ul>\n<li>Elle est compl\u00e8tement absorb\u00e9e par la peau et garantit une bonne adh\u00e9rence pendant le massage.<\/li>\n<li>Odeur douce et l\u00e9g\u00e8re.<\/li>\n<li>Ingr\u00e9dients actifs : aloe vera, huile de tournesol, Arnica montana, vitamine E.<\/li>\n<li>Emballage : 500 ml.<\/li>\n<li>Vegan.<\/li>\n<\/ul>\n<div><b>Aussi disponible<\/b><\/div>\n<div>Flacon de vente de 50 ml (<u><a href=\"https:\/\/districos.com\/ProductDetail\/7517.54\" target=\"_blank\" rel=\"noopener noreferrer nofollow\">r\u00e9f. 7517.54<\/a><\/u>)<\/div><\/p>\n","protected":false},"excerpt":{"rendered":"<p>Cette \u00e9mulsion de massage hydratante et relaxante convient \u00e0 tous les types de peaux. L&rsquo;\u00e9mulsion est enrichie en ingr\u00e9dients naturels comme l\u2019aloe vera, l\u2019huile de tournesol, l\u2019Arnica montana et la vitamine E. Elle est compl\u00e8tement absorb\u00e9e par la peau et garantit une bonne adh\u00e9rence pendant le massage. Odeur douce et l\u00e9g\u00e8re. Ingr\u00e9dients actifs : aloe [&hellip;]<\/p>\n","protected":false},"featured_media":147642,"comment_status":"open","ping_status":"closed","template":"","meta":{"_acf_changed":false},"product_brand":[10302],"product_cat":[9874,9868],"product_tag":[],"class_list":{"0":"post-137569","1":"product","2":"type-product","3":"status-publish","4":"has-post-thumbnail","6":"product_brand-bb-lichaam-fr","7":"product_cat-beaute-corps-massage","8":"product_cat-beaute-corps-soins-du-corps","10":"first","11":"instock","12":"taxable","13":"shipping-taxable","14":"product-type-simple"},"acf":[],"yoast_head":"<!-- This site is optimized with the Yoast SEO plugin v27.3 - https:\/\/yoast.com\/product\/yoast-seo-wordpress\/ -->\n<title>Bio Balance Botanica Massage Emulsion 500 ml - Districos Webshop<\/title>\n<meta name=\"robots\" content=\"noindex, follow, max-snippet:-1, max-image-preview:large, max-video-preview:-1\" \/>\n<meta property=\"og:locale\" content=\"fr_FR\" \/>\n<meta property=\"og:type\" content=\"article\" \/>\n<meta property=\"og:title\" content=\"Bio Balance Botanica Massage Emulsion 500 ml - Districos Webshop\" \/>\n<meta property=\"og:description\" content=\"Cette \u00e9mulsion de massage hydratante et relaxante convient \u00e0 tous les types de peaux. L&rsquo;\u00e9mulsion est enrichie en ingr\u00e9dients naturels comme l\u2019aloe vera, l\u2019huile de tournesol, l\u2019Arnica montana et la vitamine E. Elle est compl\u00e8tement absorb\u00e9e par la peau et garantit une bonne adh\u00e9rence pendant le massage. Odeur douce et l\u00e9g\u00e8re. Ingr\u00e9dients actifs : aloe [&hellip;]\" \/>\n<meta property=\"og:url\" content=\"https:\/\/districos.standingout.be\/fr\/product\/bio-balance-botanica-massage-emulsion-500-ml-ref-7517-51\/\" \/>\n<meta property=\"og:site_name\" content=\"Districos Webshop\" \/>\n<meta property=\"article:modified_time\" content=\"2026-04-28T08:20:44+00:00\" \/>\n<meta name=\"twitter:card\" content=\"summary_large_image\" \/>\n<script type=\"application\/ld+json\" class=\"yoast-schema-graph\">{\"@context\":\"https:\\\/\\\/schema.org\",\"@graph\":[{\"@type\":\"WebPage\",\"@id\":\"https:\\\/\\\/districos.standingout.be\\\/fr\\\/product\\\/bio-balance-botanica-massage-emulsion-500-ml-ref-7517-51\\\/\",\"url\":\"https:\\\/\\\/districos.standingout.be\\\/fr\\\/product\\\/bio-balance-botanica-massage-emulsion-500-ml-ref-7517-51\\\/\",\"name\":\"Bio Balance Botanica Massage Emulsion 500 ml - Districos Webshop\",\"isPartOf\":{\"@id\":\"https:\\\/\\\/districos.standingout.be\\\/fr\\\/#website\"},\"primaryImageOfPage\":{\"@id\":\"https:\\\/\\\/districos.standingout.be\\\/fr\\\/product\\\/bio-balance-botanica-massage-emulsion-500-ml-ref-7517-51\\\/#primaryimage\"},\"image\":{\"@id\":\"https:\\\/\\\/districos.standingout.be\\\/fr\\\/product\\\/bio-balance-botanica-massage-emulsion-500-ml-ref-7517-51\\\/#primaryimage\"},\"thumbnailUrl\":\"https:\\\/\\\/districos.standingout.be\\\/wp-content\\\/uploads\\\/2026\\\/04\\\/7517.51@Botanica-Body-Massage-Emulsie-500ml_1-1.png\",\"datePublished\":\"2026-04-28T08:20:38+00:00\",\"dateModified\":\"2026-04-28T08:20:44+00:00\",\"breadcrumb\":{\"@id\":\"https:\\\/\\\/districos.standingout.be\\\/fr\\\/product\\\/bio-balance-botanica-massage-emulsion-500-ml-ref-7517-51\\\/#breadcrumb\"},\"inLanguage\":\"fr-FR\",\"potentialAction\":[{\"@type\":\"ReadAction\",\"target\":[\"https:\\\/\\\/districos.standingout.be\\\/fr\\\/product\\\/bio-balance-botanica-massage-emulsion-500-ml-ref-7517-51\\\/\"]}]},{\"@type\":\"ImageObject\",\"inLanguage\":\"fr-FR\",\"@id\":\"https:\\\/\\\/districos.standingout.be\\\/fr\\\/product\\\/bio-balance-botanica-massage-emulsion-500-ml-ref-7517-51\\\/#primaryimage\",\"url\":\"https:\\\/\\\/districos.standingout.be\\\/wp-content\\\/uploads\\\/2026\\\/04\\\/7517.51@Botanica-Body-Massage-Emulsie-500ml_1-1.png\",\"contentUrl\":\"https:\\\/\\\/districos.standingout.be\\\/wp-content\\\/uploads\\\/2026\\\/04\\\/7517.51@Botanica-Body-Massage-Emulsie-500ml_1-1.png\",\"width\":600,\"height\":600},{\"@type\":\"BreadcrumbList\",\"@id\":\"https:\\\/\\\/districos.standingout.be\\\/fr\\\/product\\\/bio-balance-botanica-massage-emulsion-500-ml-ref-7517-51\\\/#breadcrumb\",\"itemListElement\":[{\"@type\":\"ListItem\",\"position\":1,\"name\":\"Home\",\"item\":\"https:\\\/\\\/districos.standingout.be\\\/fr\\\/bienvenue-chez-districos\\\/\"},{\"@type\":\"ListItem\",\"position\":2,\"name\":\"Boutique\",\"item\":\"https:\\\/\\\/districos.standingout.be\\\/fr\\\/boutique\\\/\"},{\"@type\":\"ListItem\",\"position\":3,\"name\":\"Bio Balance Botanica Massage Emulsion 500 ml\"}]},{\"@type\":\"WebSite\",\"@id\":\"https:\\\/\\\/districos.standingout.be\\\/fr\\\/#website\",\"url\":\"https:\\\/\\\/districos.standingout.be\\\/fr\\\/\",\"name\":\"Districos Webshop\",\"description\":\"\",\"publisher\":{\"@id\":\"https:\\\/\\\/districos.standingout.be\\\/fr\\\/#organization\"},\"potentialAction\":[{\"@type\":\"SearchAction\",\"target\":{\"@type\":\"EntryPoint\",\"urlTemplate\":\"https:\\\/\\\/districos.standingout.be\\\/fr\\\/?s={search_term_string}\"},\"query-input\":{\"@type\":\"PropertyValueSpecification\",\"valueRequired\":true,\"valueName\":\"search_term_string\"}}],\"inLanguage\":\"fr-FR\"},{\"@type\":\"Organization\",\"@id\":\"https:\\\/\\\/districos.standingout.be\\\/fr\\\/#organization\",\"name\":\"Districos Webshop\",\"url\":\"https:\\\/\\\/districos.standingout.be\\\/fr\\\/\",\"logo\":{\"@type\":\"ImageObject\",\"inLanguage\":\"fr-FR\",\"@id\":\"https:\\\/\\\/districos.standingout.be\\\/fr\\\/#\\\/schema\\\/logo\\\/image\\\/\",\"url\":\"https:\\\/\\\/districos.standingout.be\\\/wp-content\\\/uploads\\\/2022\\\/09\\\/Districos_Logo_Webshop.svg\",\"contentUrl\":\"https:\\\/\\\/districos.standingout.be\\\/wp-content\\\/uploads\\\/2022\\\/09\\\/Districos_Logo_Webshop.svg\",\"caption\":\"Districos Webshop\"},\"image\":{\"@id\":\"https:\\\/\\\/districos.standingout.be\\\/fr\\\/#\\\/schema\\\/logo\\\/image\\\/\"}}]}<\/script>\n<!-- \/ Yoast SEO plugin. -->","yoast_head_json":{"title":"Bio Balance Botanica Massage Emulsion 500 ml - Districos Webshop","robots":{"index":"noindex","follow":"follow","max-snippet":"max-snippet:-1","max-image-preview":"max-image-preview:large","max-video-preview":"max-video-preview:-1"},"og_locale":"fr_FR","og_type":"article","og_title":"Bio Balance Botanica Massage Emulsion 500 ml - Districos Webshop","og_description":"Cette \u00e9mulsion de massage hydratante et relaxante convient \u00e0 tous les types de peaux. L&rsquo;\u00e9mulsion est enrichie en ingr\u00e9dients naturels comme l\u2019aloe vera, l\u2019huile de tournesol, l\u2019Arnica montana et la vitamine E. Elle est compl\u00e8tement absorb\u00e9e par la peau et garantit une bonne adh\u00e9rence pendant le massage. Odeur douce et l\u00e9g\u00e8re. Ingr\u00e9dients actifs : aloe [&hellip;]","og_url":"https:\/\/districos.standingout.be\/fr\/product\/bio-balance-botanica-massage-emulsion-500-ml-ref-7517-51\/","og_site_name":"Districos Webshop","article_modified_time":"2026-04-28T08:20:44+00:00","twitter_card":"summary_large_image","schema":{"@context":"https:\/\/schema.org","@graph":[{"@type":"WebPage","@id":"https:\/\/districos.standingout.be\/fr\/product\/bio-balance-botanica-massage-emulsion-500-ml-ref-7517-51\/","url":"https:\/\/districos.standingout.be\/fr\/product\/bio-balance-botanica-massage-emulsion-500-ml-ref-7517-51\/","name":"Bio Balance Botanica Massage Emulsion 500 ml - Districos Webshop","isPartOf":{"@id":"https:\/\/districos.standingout.be\/fr\/#website"},"primaryImageOfPage":{"@id":"https:\/\/districos.standingout.be\/fr\/product\/bio-balance-botanica-massage-emulsion-500-ml-ref-7517-51\/#primaryimage"},"image":{"@id":"https:\/\/districos.standingout.be\/fr\/product\/bio-balance-botanica-massage-emulsion-500-ml-ref-7517-51\/#primaryimage"},"thumbnailUrl":"https:\/\/districos.standingout.be\/wp-content\/uploads\/2026\/04\/7517.51@Botanica-Body-Massage-Emulsie-500ml_1-1.png","datePublished":"2026-04-28T08:20:38+00:00","dateModified":"2026-04-28T08:20:44+00:00","breadcrumb":{"@id":"https:\/\/districos.standingout.be\/fr\/product\/bio-balance-botanica-massage-emulsion-500-ml-ref-7517-51\/#breadcrumb"},"inLanguage":"fr-FR","potentialAction":[{"@type":"ReadAction","target":["https:\/\/districos.standingout.be\/fr\/product\/bio-balance-botanica-massage-emulsion-500-ml-ref-7517-51\/"]}]},{"@type":"ImageObject","inLanguage":"fr-FR","@id":"https:\/\/districos.standingout.be\/fr\/product\/bio-balance-botanica-massage-emulsion-500-ml-ref-7517-51\/#primaryimage","url":"https:\/\/districos.standingout.be\/wp-content\/uploads\/2026\/04\/7517.51@Botanica-Body-Massage-Emulsie-500ml_1-1.png","contentUrl":"https:\/\/districos.standingout.be\/wp-content\/uploads\/2026\/04\/7517.51@Botanica-Body-Massage-Emulsie-500ml_1-1.png","width":600,"height":600},{"@type":"BreadcrumbList","@id":"https:\/\/districos.standingout.be\/fr\/product\/bio-balance-botanica-massage-emulsion-500-ml-ref-7517-51\/#breadcrumb","itemListElement":[{"@type":"ListItem","position":1,"name":"Home","item":"https:\/\/districos.standingout.be\/fr\/bienvenue-chez-districos\/"},{"@type":"ListItem","position":2,"name":"Boutique","item":"https:\/\/districos.standingout.be\/fr\/boutique\/"},{"@type":"ListItem","position":3,"name":"Bio Balance Botanica Massage Emulsion 500 ml"}]},{"@type":"WebSite","@id":"https:\/\/districos.standingout.be\/fr\/#website","url":"https:\/\/districos.standingout.be\/fr\/","name":"Districos Webshop","description":"","publisher":{"@id":"https:\/\/districos.standingout.be\/fr\/#organization"},"potentialAction":[{"@type":"SearchAction","target":{"@type":"EntryPoint","urlTemplate":"https:\/\/districos.standingout.be\/fr\/?s={search_term_string}"},"query-input":{"@type":"PropertyValueSpecification","valueRequired":true,"valueName":"search_term_string"}}],"inLanguage":"fr-FR"},{"@type":"Organization","@id":"https:\/\/districos.standingout.be\/fr\/#organization","name":"Districos Webshop","url":"https:\/\/districos.standingout.be\/fr\/","logo":{"@type":"ImageObject","inLanguage":"fr-FR","@id":"https:\/\/districos.standingout.be\/fr\/#\/schema\/logo\/image\/","url":"https:\/\/districos.standingout.be\/wp-content\/uploads\/2022\/09\/Districos_Logo_Webshop.svg","contentUrl":"https:\/\/districos.standingout.be\/wp-content\/uploads\/2022\/09\/Districos_Logo_Webshop.svg","caption":"Districos Webshop"},"image":{"@id":"https:\/\/districos.standingout.be\/fr\/#\/schema\/logo\/image\/"}}]}},"_links":{"self":[{"href":"https:\/\/districos.standingout.be\/fr\/wp-json\/wp\/v2\/product\/137569","targetHints":{"allow":["GET"]}}],"collection":[{"href":"https:\/\/districos.standingout.be\/fr\/wp-json\/wp\/v2\/product"}],"about":[{"href":"https:\/\/districos.standingout.be\/fr\/wp-json\/wp\/v2\/types\/product"}],"replies":[{"embeddable":true,"href":"https:\/\/districos.standingout.be\/fr\/wp-json\/wp\/v2\/comments?post=137569"}],"wp:featuredmedia":[{"embeddable":true,"href":"https:\/\/districos.standingout.be\/fr\/wp-json\/wp\/v2\/media\/147642"}],"wp:attachment":[{"href":"https:\/\/districos.standingout.be\/fr\/wp-json\/wp\/v2\/media?parent=137569"}],"wp:term":[{"taxonomy":"product_brand","embeddable":true,"href":"https:\/\/districos.standingout.be\/fr\/wp-json\/wp\/v2\/product_brand?post=137569"},{"taxonomy":"product_cat","embeddable":true,"href":"https:\/\/districos.standingout.be\/fr\/wp-json\/wp\/v2\/product_cat?post=137569"},{"taxonomy":"product_tag","embeddable":true,"href":"https:\/\/districos.standingout.be\/fr\/wp-json\/wp\/v2\/product_tag?post=137569"}],"curies":[{"name":"wp","href":"https:\/\/api.w.org\/{rel}","templated":true}]}}