{"id":137755,"date":"2026-04-28T10:28:25","date_gmt":"2026-04-28T08:28:25","guid":{"rendered":"https:\/\/webshopdistricoscom.webhosting.be\/product\/gel-conducteur-500-ml-ref-8011-09\/"},"modified":"2026-04-28T10:28:28","modified_gmt":"2026-04-28T08:28:28","slug":"gel-conducteur-500-ml-ref-8011-09","status":"publish","type":"product","link":"https:\/\/districos.standingout.be\/fr\/product\/gel-conducteur-500-ml-ref-8011-09\/","title":{"rendered":"Gel Conducteur 500 ml"},"content":{"rendered":"<p >\n<p data-start=\"798\" data-end=\"1063\">Ce&nbsp;<span data-start=\"804\" data-end=\"822\">gel conducteur<\/span>&nbsp;a \u00e9t\u00e9 sp\u00e9cialement con\u00e7u pour une utilisation avec des appareils de soins du corps et du visage (radiofr\u00e9quence, \u00e9lectrolyse, cavitation, \u00e9pilation laser etc.).<br data-start=\"967\" data-end=\"970\">Sa formule assure une conductivit\u00e9 optimale, est transparente, inodore et douce pour la peau &#8211; id\u00e9al pour une utilisation professionnelle en institut ou en cabinet.<\/p>\n<p dir=\"ltr\">\n<p data-start=\"1242\" data-end=\"1356\">\n<ul>\n<li>Transparent et non collant<\/li>\n<li>Convient \u00e0 tous les types de peau<\/li>\n<\/ul>\n<div><b>Aussi disponible :<\/b><\/div>\n<div>\n<div>\n<ul>\n<li>Gel Conducteur 1 kg (<a href=\"https:\/\/webshop.districos.com\/ProductDetail\/8011.10\" target=\"_blank\" rel=\"noopener noreferrer nofollow\">r\u00e9f. 8011.10<\/a>)<\/li>\n<li>Gel Conducteur 5 l (avec Pompe Doseuse) (<a href=\"https:\/\/webshop.districos.com\/ProductDetail\/8011.12\" target=\"_blank\" rel=\"noopener noreferrer nofollow\">r\u00e9f. 8011.12<\/a>)<\/li>\n<\/ul>\n<\/div>\n<\/div>\n","protected":false},"excerpt":{"rendered":"<p>Ce&nbsp;gel conducteur&nbsp;a \u00e9t\u00e9 sp\u00e9cialement con\u00e7u pour une utilisation avec des appareils de soins du corps et du visage (radiofr\u00e9quence, \u00e9lectrolyse, cavitation, \u00e9pilation laser etc.).Sa formule assure une conductivit\u00e9 optimale, est transparente, inodore et douce pour la peau &#8211; id\u00e9al pour une utilisation professionnelle en institut ou en cabinet. Transparent et non collant Convient \u00e0 tous [&hellip;]<\/p>\n","protected":false},"featured_media":147658,"comment_status":"open","ping_status":"closed","template":"","meta":{"_acf_changed":false},"product_brand":[10530],"product_cat":[9958,9918,10118,9988],"product_tag":[],"class_list":{"0":"post-137755","1":"product","2":"type-product","3":"status-publish","4":"has-post-thumbnail","6":"product_brand-reymerink-fr","7":"product_cat-beaute-pedicure-desinfection-nettoyage","8":"product_cat-beaute-epilation-epilation-laser","9":"product_cat-hygiene-articles-jetables-desinfection-nettoyage-produits-de-desinfection-de-nettoyage","10":"product_cat-soins-des-pieds-podologie-desinfection-nettoyage-produits-de-desinfection-de-nettoyage","12":"first","13":"instock","14":"taxable","15":"shipping-taxable","16":"product-type-simple"},"acf":[],"yoast_head":"<!-- This site is optimized with the Yoast SEO plugin v27.3 - https:\/\/yoast.com\/product\/yoast-seo-wordpress\/ -->\n<title>Gel Conducteur 500 ml - Districos Webshop<\/title>\n<meta name=\"robots\" content=\"noindex, follow, max-snippet:-1, max-image-preview:large, max-video-preview:-1\" \/>\n<meta property=\"og:locale\" content=\"fr_FR\" \/>\n<meta property=\"og:type\" content=\"article\" \/>\n<meta property=\"og:title\" content=\"Gel Conducteur 500 ml - Districos Webshop\" \/>\n<meta property=\"og:description\" content=\"Ce&nbsp;gel conducteur&nbsp;a \u00e9t\u00e9 sp\u00e9cialement con\u00e7u pour une utilisation avec des appareils de soins du corps et du visage (radiofr\u00e9quence, \u00e9lectrolyse, cavitation, \u00e9pilation laser etc.).Sa formule assure une conductivit\u00e9 optimale, est transparente, inodore et douce pour la peau &#8211; id\u00e9al pour une utilisation professionnelle en institut ou en cabinet. Transparent et non collant Convient \u00e0 tous [&hellip;]\" \/>\n<meta property=\"og:url\" content=\"https:\/\/districos.standingout.be\/fr\/product\/gel-conducteur-500-ml-ref-8011-09\/\" \/>\n<meta property=\"og:site_name\" content=\"Districos Webshop\" \/>\n<meta property=\"article:modified_time\" content=\"2026-04-28T08:28:28+00:00\" \/>\n<meta name=\"twitter:card\" content=\"summary_large_image\" \/>\n<script type=\"application\/ld+json\" class=\"yoast-schema-graph\">{\"@context\":\"https:\\\/\\\/schema.org\",\"@graph\":[{\"@type\":\"WebPage\",\"@id\":\"https:\\\/\\\/districos.standingout.be\\\/fr\\\/product\\\/gel-conducteur-500-ml-ref-8011-09\\\/\",\"url\":\"https:\\\/\\\/districos.standingout.be\\\/fr\\\/product\\\/gel-conducteur-500-ml-ref-8011-09\\\/\",\"name\":\"Gel Conducteur 500 ml - Districos Webshop\",\"isPartOf\":{\"@id\":\"https:\\\/\\\/districos.standingout.be\\\/fr\\\/#website\"},\"primaryImageOfPage\":{\"@id\":\"https:\\\/\\\/districos.standingout.be\\\/fr\\\/product\\\/gel-conducteur-500-ml-ref-8011-09\\\/#primaryimage\"},\"image\":{\"@id\":\"https:\\\/\\\/districos.standingout.be\\\/fr\\\/product\\\/gel-conducteur-500-ml-ref-8011-09\\\/#primaryimage\"},\"thumbnailUrl\":\"https:\\\/\\\/districos.standingout.be\\\/wp-content\\\/uploads\\\/2026\\\/04\\\/8011.09@Contactgel-500-ML_1-1.png\",\"datePublished\":\"2026-04-28T08:28:25+00:00\",\"dateModified\":\"2026-04-28T08:28:28+00:00\",\"breadcrumb\":{\"@id\":\"https:\\\/\\\/districos.standingout.be\\\/fr\\\/product\\\/gel-conducteur-500-ml-ref-8011-09\\\/#breadcrumb\"},\"inLanguage\":\"fr-FR\",\"potentialAction\":[{\"@type\":\"ReadAction\",\"target\":[\"https:\\\/\\\/districos.standingout.be\\\/fr\\\/product\\\/gel-conducteur-500-ml-ref-8011-09\\\/\"]}]},{\"@type\":\"ImageObject\",\"inLanguage\":\"fr-FR\",\"@id\":\"https:\\\/\\\/districos.standingout.be\\\/fr\\\/product\\\/gel-conducteur-500-ml-ref-8011-09\\\/#primaryimage\",\"url\":\"https:\\\/\\\/districos.standingout.be\\\/wp-content\\\/uploads\\\/2026\\\/04\\\/8011.09@Contactgel-500-ML_1-1.png\",\"contentUrl\":\"https:\\\/\\\/districos.standingout.be\\\/wp-content\\\/uploads\\\/2026\\\/04\\\/8011.09@Contactgel-500-ML_1-1.png\",\"width\":600,\"height\":600},{\"@type\":\"BreadcrumbList\",\"@id\":\"https:\\\/\\\/districos.standingout.be\\\/fr\\\/product\\\/gel-conducteur-500-ml-ref-8011-09\\\/#breadcrumb\",\"itemListElement\":[{\"@type\":\"ListItem\",\"position\":1,\"name\":\"Home\",\"item\":\"https:\\\/\\\/districos.standingout.be\\\/fr\\\/bienvenue-chez-districos\\\/\"},{\"@type\":\"ListItem\",\"position\":2,\"name\":\"Boutique\",\"item\":\"https:\\\/\\\/districos.standingout.be\\\/fr\\\/boutique\\\/\"},{\"@type\":\"ListItem\",\"position\":3,\"name\":\"Gel Conducteur 500 ml\"}]},{\"@type\":\"WebSite\",\"@id\":\"https:\\\/\\\/districos.standingout.be\\\/fr\\\/#website\",\"url\":\"https:\\\/\\\/districos.standingout.be\\\/fr\\\/\",\"name\":\"Districos Webshop\",\"description\":\"\",\"publisher\":{\"@id\":\"https:\\\/\\\/districos.standingout.be\\\/fr\\\/#organization\"},\"potentialAction\":[{\"@type\":\"SearchAction\",\"target\":{\"@type\":\"EntryPoint\",\"urlTemplate\":\"https:\\\/\\\/districos.standingout.be\\\/fr\\\/?s={search_term_string}\"},\"query-input\":{\"@type\":\"PropertyValueSpecification\",\"valueRequired\":true,\"valueName\":\"search_term_string\"}}],\"inLanguage\":\"fr-FR\"},{\"@type\":\"Organization\",\"@id\":\"https:\\\/\\\/districos.standingout.be\\\/fr\\\/#organization\",\"name\":\"Districos Webshop\",\"url\":\"https:\\\/\\\/districos.standingout.be\\\/fr\\\/\",\"logo\":{\"@type\":\"ImageObject\",\"inLanguage\":\"fr-FR\",\"@id\":\"https:\\\/\\\/districos.standingout.be\\\/fr\\\/#\\\/schema\\\/logo\\\/image\\\/\",\"url\":\"https:\\\/\\\/districos.standingout.be\\\/wp-content\\\/uploads\\\/2022\\\/09\\\/Districos_Logo_Webshop.svg\",\"contentUrl\":\"https:\\\/\\\/districos.standingout.be\\\/wp-content\\\/uploads\\\/2022\\\/09\\\/Districos_Logo_Webshop.svg\",\"caption\":\"Districos Webshop\"},\"image\":{\"@id\":\"https:\\\/\\\/districos.standingout.be\\\/fr\\\/#\\\/schema\\\/logo\\\/image\\\/\"}}]}<\/script>\n<!-- \/ Yoast SEO plugin. -->","yoast_head_json":{"title":"Gel Conducteur 500 ml - Districos Webshop","robots":{"index":"noindex","follow":"follow","max-snippet":"max-snippet:-1","max-image-preview":"max-image-preview:large","max-video-preview":"max-video-preview:-1"},"og_locale":"fr_FR","og_type":"article","og_title":"Gel Conducteur 500 ml - Districos Webshop","og_description":"Ce&nbsp;gel conducteur&nbsp;a \u00e9t\u00e9 sp\u00e9cialement con\u00e7u pour une utilisation avec des appareils de soins du corps et du visage (radiofr\u00e9quence, \u00e9lectrolyse, cavitation, \u00e9pilation laser etc.).Sa formule assure une conductivit\u00e9 optimale, est transparente, inodore et douce pour la peau &#8211; id\u00e9al pour une utilisation professionnelle en institut ou en cabinet. Transparent et non collant Convient \u00e0 tous [&hellip;]","og_url":"https:\/\/districos.standingout.be\/fr\/product\/gel-conducteur-500-ml-ref-8011-09\/","og_site_name":"Districos Webshop","article_modified_time":"2026-04-28T08:28:28+00:00","twitter_card":"summary_large_image","schema":{"@context":"https:\/\/schema.org","@graph":[{"@type":"WebPage","@id":"https:\/\/districos.standingout.be\/fr\/product\/gel-conducteur-500-ml-ref-8011-09\/","url":"https:\/\/districos.standingout.be\/fr\/product\/gel-conducteur-500-ml-ref-8011-09\/","name":"Gel Conducteur 500 ml - Districos Webshop","isPartOf":{"@id":"https:\/\/districos.standingout.be\/fr\/#website"},"primaryImageOfPage":{"@id":"https:\/\/districos.standingout.be\/fr\/product\/gel-conducteur-500-ml-ref-8011-09\/#primaryimage"},"image":{"@id":"https:\/\/districos.standingout.be\/fr\/product\/gel-conducteur-500-ml-ref-8011-09\/#primaryimage"},"thumbnailUrl":"https:\/\/districos.standingout.be\/wp-content\/uploads\/2026\/04\/8011.09@Contactgel-500-ML_1-1.png","datePublished":"2026-04-28T08:28:25+00:00","dateModified":"2026-04-28T08:28:28+00:00","breadcrumb":{"@id":"https:\/\/districos.standingout.be\/fr\/product\/gel-conducteur-500-ml-ref-8011-09\/#breadcrumb"},"inLanguage":"fr-FR","potentialAction":[{"@type":"ReadAction","target":["https:\/\/districos.standingout.be\/fr\/product\/gel-conducteur-500-ml-ref-8011-09\/"]}]},{"@type":"ImageObject","inLanguage":"fr-FR","@id":"https:\/\/districos.standingout.be\/fr\/product\/gel-conducteur-500-ml-ref-8011-09\/#primaryimage","url":"https:\/\/districos.standingout.be\/wp-content\/uploads\/2026\/04\/8011.09@Contactgel-500-ML_1-1.png","contentUrl":"https:\/\/districos.standingout.be\/wp-content\/uploads\/2026\/04\/8011.09@Contactgel-500-ML_1-1.png","width":600,"height":600},{"@type":"BreadcrumbList","@id":"https:\/\/districos.standingout.be\/fr\/product\/gel-conducteur-500-ml-ref-8011-09\/#breadcrumb","itemListElement":[{"@type":"ListItem","position":1,"name":"Home","item":"https:\/\/districos.standingout.be\/fr\/bienvenue-chez-districos\/"},{"@type":"ListItem","position":2,"name":"Boutique","item":"https:\/\/districos.standingout.be\/fr\/boutique\/"},{"@type":"ListItem","position":3,"name":"Gel Conducteur 500 ml"}]},{"@type":"WebSite","@id":"https:\/\/districos.standingout.be\/fr\/#website","url":"https:\/\/districos.standingout.be\/fr\/","name":"Districos Webshop","description":"","publisher":{"@id":"https:\/\/districos.standingout.be\/fr\/#organization"},"potentialAction":[{"@type":"SearchAction","target":{"@type":"EntryPoint","urlTemplate":"https:\/\/districos.standingout.be\/fr\/?s={search_term_string}"},"query-input":{"@type":"PropertyValueSpecification","valueRequired":true,"valueName":"search_term_string"}}],"inLanguage":"fr-FR"},{"@type":"Organization","@id":"https:\/\/districos.standingout.be\/fr\/#organization","name":"Districos Webshop","url":"https:\/\/districos.standingout.be\/fr\/","logo":{"@type":"ImageObject","inLanguage":"fr-FR","@id":"https:\/\/districos.standingout.be\/fr\/#\/schema\/logo\/image\/","url":"https:\/\/districos.standingout.be\/wp-content\/uploads\/2022\/09\/Districos_Logo_Webshop.svg","contentUrl":"https:\/\/districos.standingout.be\/wp-content\/uploads\/2022\/09\/Districos_Logo_Webshop.svg","caption":"Districos Webshop"},"image":{"@id":"https:\/\/districos.standingout.be\/fr\/#\/schema\/logo\/image\/"}}]}},"_links":{"self":[{"href":"https:\/\/districos.standingout.be\/fr\/wp-json\/wp\/v2\/product\/137755","targetHints":{"allow":["GET"]}}],"collection":[{"href":"https:\/\/districos.standingout.be\/fr\/wp-json\/wp\/v2\/product"}],"about":[{"href":"https:\/\/districos.standingout.be\/fr\/wp-json\/wp\/v2\/types\/product"}],"replies":[{"embeddable":true,"href":"https:\/\/districos.standingout.be\/fr\/wp-json\/wp\/v2\/comments?post=137755"}],"wp:featuredmedia":[{"embeddable":true,"href":"https:\/\/districos.standingout.be\/fr\/wp-json\/wp\/v2\/media\/147658"}],"wp:attachment":[{"href":"https:\/\/districos.standingout.be\/fr\/wp-json\/wp\/v2\/media?parent=137755"}],"wp:term":[{"taxonomy":"product_brand","embeddable":true,"href":"https:\/\/districos.standingout.be\/fr\/wp-json\/wp\/v2\/product_brand?post=137755"},{"taxonomy":"product_cat","embeddable":true,"href":"https:\/\/districos.standingout.be\/fr\/wp-json\/wp\/v2\/product_cat?post=137755"},{"taxonomy":"product_tag","embeddable":true,"href":"https:\/\/districos.standingout.be\/fr\/wp-json\/wp\/v2\/product_tag?post=137755"}],"curies":[{"name":"wp","href":"https:\/\/api.w.org\/{rel}","templated":true}]}}