{"id":137763,"date":"2026-04-28T10:28:43","date_gmt":"2026-04-28T08:28:43","guid":{"rendered":"https:\/\/webshopdistricoscom.webhosting.be\/product\/gel-conducteur-5-l-avec-pompe-doseuse-ref-8011-12\/"},"modified":"2026-04-28T10:28:46","modified_gmt":"2026-04-28T08:28:46","slug":"gel-conducteur-5-l-avec-pompe-doseuse-ref-8011-12","status":"publish","type":"product","link":"https:\/\/districos.standingout.be\/fr\/product\/gel-conducteur-5-l-avec-pompe-doseuse-ref-8011-12\/","title":{"rendered":"Gel Conducteur 5 l avec Pompe Doseuse"},"content":{"rendered":"<p >\n<\/p>\n<\/p>\n<\/p>\n<\/p>\n<p data-start=\"798\" data-end=\"1063\">Ce&nbsp;<span data-start=\"804\" data-end=\"822\">gel conducteur<\/span> a \u00e9t\u00e9 sp\u00e9cialement con\u00e7u pour une utilisation avec des appareils de soins du corps et du visage (radiofr\u00e9quence, \u00e9lectrolyse, cavitation, \u00e9pilation laser etc.).<br data-start=\"967\" data-end=\"970\"> Sa formule assure une conductivit\u00e9 optimale, est transparente, inodore et douce pour la peau.<\/p>\n<p data-start=\"1065\" data-end=\"1240\">Gr\u00e2ce \u00e0 sa <strong data-start=\"1076\" data-end=\"1102\">pompe doseuse pratique<\/strong>, vous travaillez de mani\u00e8re hygi\u00e9nique, rapide et sans gaspillage \u2013 id\u00e9al pour une utilisation professionnelle en institut ou en cabinet.<\/p>\n<p dir=\"ltr\">\n<p data-start=\"1242\" data-end=\"1356\">\n<ul>\n<li>Transparent et non collant<\/li>\n<li>Convient \u00e0 tous les types de peau<\/li>\n<li>Livr\u00e9 en bidon de 5 l avec pompe doseuse pratique<\/li>\n<\/ul>\n<div><b>Aussi disponible :<\/b><\/div>\n<div>\n<div>\n<ul>\n<li>Gel Conducteur 1 kg (<a href=\"https:\/\/webshop.districos.com\/ProductDetail\/8011.10\" target=\"_blank\" rel=\"noopener noreferrer nofollow\">r\u00e9f. 8011.10<\/a>)<\/li>\n<li>Gel Conducteur 5 l (sans pompe doseuse) (<a href=\"https:\/\/webshop.districos.com\/ProductDetail\/8011.11\" target=\"_blank\" rel=\"noopener noreferrer nofollow\">r\u00e9f. 8011.11<\/a>)<\/li>\n<li>Pompe Doseuse pour Gel Conducteur 5 l (<a href=\"https:\/\/webshop.districos.com\/ProductDetail\/8011.115\" target=\"_blank\" rel=\"noopener noreferrer nofollow\">r\u00e9f. 8011.115<\/a>)<\/li>\n<\/ul>\n<div><\/div>\n<div>\n<p data-start=\"76\" data-end=\"116\"><font size=\"1\"><strong data-start=\"76\" data-end=\"116\">ATTENTION \u2013 SUPPL\u00c9MENT POUR LIQUIDES<\/strong><\/font><\/p>\n<p dir=\"ltr\"><font size=\"1\"><\/font><\/p>\n<p data-start=\"76\" data-end=\"116\"><font size=\"1\"><\/font><\/p>\n<p data-start=\"118\" data-end=\"392\"><font size=\"1\">Pour les commandes livr\u00e9es contenant plus de&nbsp;<strong data-start=\"155\" data-end=\"180\">15 litres de liquides<\/strong>, un suppl\u00e9ment de&nbsp;<strong data-start=\"199\" data-end=\"245\">0,50 \u20ac (hors TVA) par litre suppl\u00e9mentaire<\/strong>&nbsp;sera appliqu\u00e9 au-del\u00e0 de ce volume.<br data-start=\"281\" data-end=\"284\">Ce suppl\u00e9ment couvre les co\u00fbts additionnels li\u00e9s \u00e0 l\u2019emballage, la manutention et le transport des liquides.<\/font><\/p>\n<\/div>\n<\/div>\n<\/div><\/p>\n","protected":false},"excerpt":{"rendered":"<p>Ce&nbsp;gel conducteur a \u00e9t\u00e9 sp\u00e9cialement con\u00e7u pour une utilisation avec des appareils de soins du corps et du visage (radiofr\u00e9quence, \u00e9lectrolyse, cavitation, \u00e9pilation laser etc.). Sa formule assure une conductivit\u00e9 optimale, est transparente, inodore et douce pour la peau. Gr\u00e2ce \u00e0 sa pompe doseuse pratique, vous travaillez de mani\u00e8re hygi\u00e9nique, rapide et sans gaspillage \u2013 [&hellip;]<\/p>\n","protected":false},"featured_media":147664,"comment_status":"open","ping_status":"closed","template":"","meta":{"_acf_changed":false},"product_brand":[10530],"product_cat":[9958,9918,9988,10118],"product_tag":[],"class_list":{"0":"post-137763","1":"product","2":"type-product","3":"status-publish","4":"has-post-thumbnail","6":"product_brand-reymerink-fr","7":"product_cat-beaute-pedicure-desinfection-nettoyage","8":"product_cat-beaute-epilation-epilation-laser","9":"product_cat-soins-des-pieds-podologie-desinfection-nettoyage-produits-de-desinfection-de-nettoyage","10":"product_cat-hygiene-articles-jetables-desinfection-nettoyage-produits-de-desinfection-de-nettoyage","12":"first","13":"instock","14":"taxable","15":"shipping-taxable","16":"product-type-simple"},"acf":[],"yoast_head":"<!-- This site is optimized with the Yoast SEO plugin v27.3 - https:\/\/yoast.com\/product\/yoast-seo-wordpress\/ -->\n<title>Gel Conducteur 5 l avec Pompe Doseuse - Districos Webshop<\/title>\n<meta name=\"robots\" content=\"noindex, follow, max-snippet:-1, max-image-preview:large, max-video-preview:-1\" \/>\n<meta property=\"og:locale\" content=\"fr_FR\" \/>\n<meta property=\"og:type\" content=\"article\" \/>\n<meta property=\"og:title\" content=\"Gel Conducteur 5 l avec Pompe Doseuse - Districos Webshop\" \/>\n<meta property=\"og:description\" content=\"Ce&nbsp;gel conducteur a \u00e9t\u00e9 sp\u00e9cialement con\u00e7u pour une utilisation avec des appareils de soins du corps et du visage (radiofr\u00e9quence, \u00e9lectrolyse, cavitation, \u00e9pilation laser etc.). Sa formule assure une conductivit\u00e9 optimale, est transparente, inodore et douce pour la peau. Gr\u00e2ce \u00e0 sa pompe doseuse pratique, vous travaillez de mani\u00e8re hygi\u00e9nique, rapide et sans gaspillage \u2013 [&hellip;]\" \/>\n<meta property=\"og:url\" content=\"https:\/\/districos.standingout.be\/fr\/product\/gel-conducteur-5-l-avec-pompe-doseuse-ref-8011-12\/\" \/>\n<meta property=\"og:site_name\" content=\"Districos Webshop\" \/>\n<meta property=\"article:modified_time\" content=\"2026-04-28T08:28:46+00:00\" \/>\n<meta name=\"twitter:card\" content=\"summary_large_image\" \/>\n<meta name=\"twitter:label1\" content=\"Dur\u00e9e de lecture estim\u00e9e\" \/>\n\t<meta name=\"twitter:data1\" content=\"1 minute\" \/>\n<script type=\"application\/ld+json\" class=\"yoast-schema-graph\">{\"@context\":\"https:\\\/\\\/schema.org\",\"@graph\":[{\"@type\":\"WebPage\",\"@id\":\"https:\\\/\\\/districos.standingout.be\\\/fr\\\/product\\\/gel-conducteur-5-l-avec-pompe-doseuse-ref-8011-12\\\/\",\"url\":\"https:\\\/\\\/districos.standingout.be\\\/fr\\\/product\\\/gel-conducteur-5-l-avec-pompe-doseuse-ref-8011-12\\\/\",\"name\":\"Gel Conducteur 5 l avec Pompe Doseuse - Districos Webshop\",\"isPartOf\":{\"@id\":\"https:\\\/\\\/districos.standingout.be\\\/fr\\\/#website\"},\"primaryImageOfPage\":{\"@id\":\"https:\\\/\\\/districos.standingout.be\\\/fr\\\/product\\\/gel-conducteur-5-l-avec-pompe-doseuse-ref-8011-12\\\/#primaryimage\"},\"image\":{\"@id\":\"https:\\\/\\\/districos.standingout.be\\\/fr\\\/product\\\/gel-conducteur-5-l-avec-pompe-doseuse-ref-8011-12\\\/#primaryimage\"},\"thumbnailUrl\":\"https:\\\/\\\/districos.standingout.be\\\/wp-content\\\/uploads\\\/2026\\\/04\\\/8011.12@Contactgel-5-L-met-dosseerpomp_1-1.png\",\"datePublished\":\"2026-04-28T08:28:43+00:00\",\"dateModified\":\"2026-04-28T08:28:46+00:00\",\"breadcrumb\":{\"@id\":\"https:\\\/\\\/districos.standingout.be\\\/fr\\\/product\\\/gel-conducteur-5-l-avec-pompe-doseuse-ref-8011-12\\\/#breadcrumb\"},\"inLanguage\":\"fr-FR\",\"potentialAction\":[{\"@type\":\"ReadAction\",\"target\":[\"https:\\\/\\\/districos.standingout.be\\\/fr\\\/product\\\/gel-conducteur-5-l-avec-pompe-doseuse-ref-8011-12\\\/\"]}]},{\"@type\":\"ImageObject\",\"inLanguage\":\"fr-FR\",\"@id\":\"https:\\\/\\\/districos.standingout.be\\\/fr\\\/product\\\/gel-conducteur-5-l-avec-pompe-doseuse-ref-8011-12\\\/#primaryimage\",\"url\":\"https:\\\/\\\/districos.standingout.be\\\/wp-content\\\/uploads\\\/2026\\\/04\\\/8011.12@Contactgel-5-L-met-dosseerpomp_1-1.png\",\"contentUrl\":\"https:\\\/\\\/districos.standingout.be\\\/wp-content\\\/uploads\\\/2026\\\/04\\\/8011.12@Contactgel-5-L-met-dosseerpomp_1-1.png\",\"width\":600,\"height\":600},{\"@type\":\"BreadcrumbList\",\"@id\":\"https:\\\/\\\/districos.standingout.be\\\/fr\\\/product\\\/gel-conducteur-5-l-avec-pompe-doseuse-ref-8011-12\\\/#breadcrumb\",\"itemListElement\":[{\"@type\":\"ListItem\",\"position\":1,\"name\":\"Home\",\"item\":\"https:\\\/\\\/districos.standingout.be\\\/fr\\\/bienvenue-chez-districos\\\/\"},{\"@type\":\"ListItem\",\"position\":2,\"name\":\"Boutique\",\"item\":\"https:\\\/\\\/districos.standingout.be\\\/fr\\\/boutique\\\/\"},{\"@type\":\"ListItem\",\"position\":3,\"name\":\"Gel Conducteur 5 l avec Pompe Doseuse\"}]},{\"@type\":\"WebSite\",\"@id\":\"https:\\\/\\\/districos.standingout.be\\\/fr\\\/#website\",\"url\":\"https:\\\/\\\/districos.standingout.be\\\/fr\\\/\",\"name\":\"Districos Webshop\",\"description\":\"\",\"publisher\":{\"@id\":\"https:\\\/\\\/districos.standingout.be\\\/fr\\\/#organization\"},\"potentialAction\":[{\"@type\":\"SearchAction\",\"target\":{\"@type\":\"EntryPoint\",\"urlTemplate\":\"https:\\\/\\\/districos.standingout.be\\\/fr\\\/?s={search_term_string}\"},\"query-input\":{\"@type\":\"PropertyValueSpecification\",\"valueRequired\":true,\"valueName\":\"search_term_string\"}}],\"inLanguage\":\"fr-FR\"},{\"@type\":\"Organization\",\"@id\":\"https:\\\/\\\/districos.standingout.be\\\/fr\\\/#organization\",\"name\":\"Districos Webshop\",\"url\":\"https:\\\/\\\/districos.standingout.be\\\/fr\\\/\",\"logo\":{\"@type\":\"ImageObject\",\"inLanguage\":\"fr-FR\",\"@id\":\"https:\\\/\\\/districos.standingout.be\\\/fr\\\/#\\\/schema\\\/logo\\\/image\\\/\",\"url\":\"https:\\\/\\\/districos.standingout.be\\\/wp-content\\\/uploads\\\/2022\\\/09\\\/Districos_Logo_Webshop.svg\",\"contentUrl\":\"https:\\\/\\\/districos.standingout.be\\\/wp-content\\\/uploads\\\/2022\\\/09\\\/Districos_Logo_Webshop.svg\",\"caption\":\"Districos Webshop\"},\"image\":{\"@id\":\"https:\\\/\\\/districos.standingout.be\\\/fr\\\/#\\\/schema\\\/logo\\\/image\\\/\"}}]}<\/script>\n<!-- \/ Yoast SEO plugin. -->","yoast_head_json":{"title":"Gel Conducteur 5 l avec Pompe Doseuse - Districos Webshop","robots":{"index":"noindex","follow":"follow","max-snippet":"max-snippet:-1","max-image-preview":"max-image-preview:large","max-video-preview":"max-video-preview:-1"},"og_locale":"fr_FR","og_type":"article","og_title":"Gel Conducteur 5 l avec Pompe Doseuse - Districos Webshop","og_description":"Ce&nbsp;gel conducteur a \u00e9t\u00e9 sp\u00e9cialement con\u00e7u pour une utilisation avec des appareils de soins du corps et du visage (radiofr\u00e9quence, \u00e9lectrolyse, cavitation, \u00e9pilation laser etc.). Sa formule assure une conductivit\u00e9 optimale, est transparente, inodore et douce pour la peau. Gr\u00e2ce \u00e0 sa pompe doseuse pratique, vous travaillez de mani\u00e8re hygi\u00e9nique, rapide et sans gaspillage \u2013 [&hellip;]","og_url":"https:\/\/districos.standingout.be\/fr\/product\/gel-conducteur-5-l-avec-pompe-doseuse-ref-8011-12\/","og_site_name":"Districos Webshop","article_modified_time":"2026-04-28T08:28:46+00:00","twitter_card":"summary_large_image","twitter_misc":{"Dur\u00e9e de lecture estim\u00e9e":"1 minute"},"schema":{"@context":"https:\/\/schema.org","@graph":[{"@type":"WebPage","@id":"https:\/\/districos.standingout.be\/fr\/product\/gel-conducteur-5-l-avec-pompe-doseuse-ref-8011-12\/","url":"https:\/\/districos.standingout.be\/fr\/product\/gel-conducteur-5-l-avec-pompe-doseuse-ref-8011-12\/","name":"Gel Conducteur 5 l avec Pompe Doseuse - Districos Webshop","isPartOf":{"@id":"https:\/\/districos.standingout.be\/fr\/#website"},"primaryImageOfPage":{"@id":"https:\/\/districos.standingout.be\/fr\/product\/gel-conducteur-5-l-avec-pompe-doseuse-ref-8011-12\/#primaryimage"},"image":{"@id":"https:\/\/districos.standingout.be\/fr\/product\/gel-conducteur-5-l-avec-pompe-doseuse-ref-8011-12\/#primaryimage"},"thumbnailUrl":"https:\/\/districos.standingout.be\/wp-content\/uploads\/2026\/04\/8011.12@Contactgel-5-L-met-dosseerpomp_1-1.png","datePublished":"2026-04-28T08:28:43+00:00","dateModified":"2026-04-28T08:28:46+00:00","breadcrumb":{"@id":"https:\/\/districos.standingout.be\/fr\/product\/gel-conducteur-5-l-avec-pompe-doseuse-ref-8011-12\/#breadcrumb"},"inLanguage":"fr-FR","potentialAction":[{"@type":"ReadAction","target":["https:\/\/districos.standingout.be\/fr\/product\/gel-conducteur-5-l-avec-pompe-doseuse-ref-8011-12\/"]}]},{"@type":"ImageObject","inLanguage":"fr-FR","@id":"https:\/\/districos.standingout.be\/fr\/product\/gel-conducteur-5-l-avec-pompe-doseuse-ref-8011-12\/#primaryimage","url":"https:\/\/districos.standingout.be\/wp-content\/uploads\/2026\/04\/8011.12@Contactgel-5-L-met-dosseerpomp_1-1.png","contentUrl":"https:\/\/districos.standingout.be\/wp-content\/uploads\/2026\/04\/8011.12@Contactgel-5-L-met-dosseerpomp_1-1.png","width":600,"height":600},{"@type":"BreadcrumbList","@id":"https:\/\/districos.standingout.be\/fr\/product\/gel-conducteur-5-l-avec-pompe-doseuse-ref-8011-12\/#breadcrumb","itemListElement":[{"@type":"ListItem","position":1,"name":"Home","item":"https:\/\/districos.standingout.be\/fr\/bienvenue-chez-districos\/"},{"@type":"ListItem","position":2,"name":"Boutique","item":"https:\/\/districos.standingout.be\/fr\/boutique\/"},{"@type":"ListItem","position":3,"name":"Gel Conducteur 5 l avec Pompe Doseuse"}]},{"@type":"WebSite","@id":"https:\/\/districos.standingout.be\/fr\/#website","url":"https:\/\/districos.standingout.be\/fr\/","name":"Districos Webshop","description":"","publisher":{"@id":"https:\/\/districos.standingout.be\/fr\/#organization"},"potentialAction":[{"@type":"SearchAction","target":{"@type":"EntryPoint","urlTemplate":"https:\/\/districos.standingout.be\/fr\/?s={search_term_string}"},"query-input":{"@type":"PropertyValueSpecification","valueRequired":true,"valueName":"search_term_string"}}],"inLanguage":"fr-FR"},{"@type":"Organization","@id":"https:\/\/districos.standingout.be\/fr\/#organization","name":"Districos Webshop","url":"https:\/\/districos.standingout.be\/fr\/","logo":{"@type":"ImageObject","inLanguage":"fr-FR","@id":"https:\/\/districos.standingout.be\/fr\/#\/schema\/logo\/image\/","url":"https:\/\/districos.standingout.be\/wp-content\/uploads\/2022\/09\/Districos_Logo_Webshop.svg","contentUrl":"https:\/\/districos.standingout.be\/wp-content\/uploads\/2022\/09\/Districos_Logo_Webshop.svg","caption":"Districos Webshop"},"image":{"@id":"https:\/\/districos.standingout.be\/fr\/#\/schema\/logo\/image\/"}}]}},"_links":{"self":[{"href":"https:\/\/districos.standingout.be\/fr\/wp-json\/wp\/v2\/product\/137763","targetHints":{"allow":["GET"]}}],"collection":[{"href":"https:\/\/districos.standingout.be\/fr\/wp-json\/wp\/v2\/product"}],"about":[{"href":"https:\/\/districos.standingout.be\/fr\/wp-json\/wp\/v2\/types\/product"}],"replies":[{"embeddable":true,"href":"https:\/\/districos.standingout.be\/fr\/wp-json\/wp\/v2\/comments?post=137763"}],"wp:featuredmedia":[{"embeddable":true,"href":"https:\/\/districos.standingout.be\/fr\/wp-json\/wp\/v2\/media\/147664"}],"wp:attachment":[{"href":"https:\/\/districos.standingout.be\/fr\/wp-json\/wp\/v2\/media?parent=137763"}],"wp:term":[{"taxonomy":"product_brand","embeddable":true,"href":"https:\/\/districos.standingout.be\/fr\/wp-json\/wp\/v2\/product_brand?post=137763"},{"taxonomy":"product_cat","embeddable":true,"href":"https:\/\/districos.standingout.be\/fr\/wp-json\/wp\/v2\/product_cat?post=137763"},{"taxonomy":"product_tag","embeddable":true,"href":"https:\/\/districos.standingout.be\/fr\/wp-json\/wp\/v2\/product_tag?post=137763"}],"curies":[{"name":"wp","href":"https:\/\/api.w.org\/{rel}","templated":true}]}}