{"id":137769,"date":"2026-04-28T10:29:34","date_gmt":"2026-04-28T08:29:34","guid":{"rendered":"https:\/\/webshopdistricoscom.webhosting.be\/product\/emmi-h22-nettoyeur-a-ultrasons-22-l-ref-8025-03\/"},"modified":"2026-04-28T10:29:37","modified_gmt":"2026-04-28T08:29:37","slug":"emmi-h22-nettoyeur-a-ultrasons-22-l-ref-8025-03","status":"publish","type":"product","link":"https:\/\/districos.standingout.be\/fr\/product\/emmi-h22-nettoyeur-a-ultrasons-22-l-ref-8025-03\/","title":{"rendered":"Emmi H22 Nettoyeur \u00e0 Ultrasons 2,2 l"},"content":{"rendered":"<p >\n<p dir=ltr>\n<ul> <\/ul>\n<p> Un nettoyeur \u00e0 ultrasons fait partie de l\u2019\u00e9quipement standard de l\u2019esth\u00e9ticien(ne), du styliste ongulaire et du p\u00e9dicure. Vous n\u2019obtiendrez pas seulement un meilleur nettoyage, mais vous diminuerez aussi le temps de d\u00e9sinfection de 75% (5 minutes, au lieu de 20 minutes). Pour cette raison, Districos vous pr\u00e9sente cette gamme de nettoyeurs \u00e0 ultrasons pratiques et de haute qualit\u00e9 allemande (EMAG Germany). EMAG a des ann\u00e9es d\u2019exp\u00e9rience, plus de 20 brevets pour leurs produits et garantit la qualit\u00e9 et la durabilit\u00e9. Les nettoyeurs \u00e0 ultrasons sont fabriqu\u00e9s en acier inoxydable prolongeant consid\u00e9rablement la dur\u00e9e de vie. Le moteur de ces appareils produit des vibrations uniformes et cons\u00e9quentes de 45 GHz pour un nettoyage minutieux \u00e0 chaque fois, m\u00eame dans de l\u2019eau pure !<\/p>\n<p> Propri\u00e9t\u00e9s : <\/p>\n<ul> <\/ul>\n<p> <\/p>\n<ul> <\/p>\n<li> Mod\u00e8le id\u00e9al pour votre salon <\/li>\n<p> <\/p>\n<li> Contenu : 2,2 litres <\/li>\n<p> <\/p>\n<li> Minuteur : analogique, r\u00e9glable de 0 \u00e0 60 min. ou ind\u00e9fini <\/li>\n<p> <\/p>\n<li> \u00c9l\u00e9ment chauffant : oui, r\u00e9glable (20\u00b0-80\u00b0C)<\/li>\n<p> <\/p>\n<li> Puissance : 2 x 60W <\/li>\n<p> <\/p>\n<li> Capacit\u00e9 limite ultrasonore : 120W <\/li>\n<p> <\/p>\n<li> Dimensions panier : 220 x 120 x 50 mm (L x l x h) <\/li>\n<p> <\/p>\n<li> Dimensions ext\u00e9rieures : 300 x 170 x 225 mm (L x l x h) <\/li>\n<p> <\/ul>\n<p> La temp\u00e9rature de ce mod\u00e8le est r\u00e9glable analogiquement de 0 \u00e0 80\u00b0C. D\u00e8s lors, il est possible de r\u00e9gler la bonne temp\u00e9rature du nettoyant pour un nettoyage et une d\u00e9sinfection optimale. Liquide de d\u00e9sinfection et d\u2019inactivation \u00e0 utiliser : Podisonic (temp\u00e9rature d\u2019action optimale : 50\u00b0C. NE PAS SURCHAUFFER ! MAX. 65\u00b0C.). Sans chauffage, utilisez Podisan, AllClean ou D\u00fcrr ID 231. <\/p>\n<p> \u00c9galement disponible : <\/p>\n<ul> <\/p>\n<li>Emmi 08ST<\/li>\n<p> <\/p>\n<li>Emmi D30<\/li>\n<p> <\/ul><\/p>\n","protected":false},"excerpt":{"rendered":"<p>Un nettoyeur \u00e0 ultrasons fait partie de l\u2019\u00e9quipement standard de l\u2019esth\u00e9ticien(ne), du styliste ongulaire et du p\u00e9dicure. Vous n\u2019obtiendrez pas seulement un meilleur nettoyage, mais vous diminuerez aussi le temps de d\u00e9sinfection de 75% (5 minutes, au lieu de 20 minutes). Pour cette raison, Districos vous pr\u00e9sente cette gamme de nettoyeurs \u00e0 ultrasons pratiques et [&hellip;]<\/p>\n","protected":false},"featured_media":111080,"comment_status":"open","ping_status":"closed","template":"","meta":{"_acf_changed":false},"product_brand":[10392],"product_cat":[9990,10120],"product_tag":[],"class_list":{"0":"post-137769","1":"product","2":"type-product","3":"status-publish","4":"has-post-thumbnail","6":"product_brand-emag-fr","7":"product_cat-soins-des-pieds-podologie-desinfection-nettoyage-equipement","8":"product_cat-hygiene-articles-jetables-desinfection-nettoyage-equipement","10":"first","11":"instock","12":"taxable","13":"shipping-taxable","14":"product-type-simple"},"acf":[],"yoast_head":"<!-- This site is optimized with the Yoast SEO plugin v27.3 - https:\/\/yoast.com\/product\/yoast-seo-wordpress\/ -->\n<title>Emmi H22 Nettoyeur \u00e0 Ultrasons 2,2 l - Districos Webshop<\/title>\n<meta name=\"robots\" content=\"noindex, follow, max-snippet:-1, max-image-preview:large, max-video-preview:-1\" \/>\n<meta property=\"og:locale\" content=\"fr_FR\" \/>\n<meta property=\"og:type\" content=\"article\" \/>\n<meta property=\"og:title\" content=\"Emmi H22 Nettoyeur \u00e0 Ultrasons 2,2 l - Districos Webshop\" \/>\n<meta property=\"og:description\" content=\"Un nettoyeur \u00e0 ultrasons fait partie de l\u2019\u00e9quipement standard de l\u2019esth\u00e9ticien(ne), du styliste ongulaire et du p\u00e9dicure. Vous n\u2019obtiendrez pas seulement un meilleur nettoyage, mais vous diminuerez aussi le temps de d\u00e9sinfection de 75% (5 minutes, au lieu de 20 minutes). Pour cette raison, Districos vous pr\u00e9sente cette gamme de nettoyeurs \u00e0 ultrasons pratiques et [&hellip;]\" \/>\n<meta property=\"og:url\" content=\"https:\/\/districos.standingout.be\/fr\/product\/emmi-h22-nettoyeur-a-ultrasons-22-l-ref-8025-03\/\" \/>\n<meta property=\"og:site_name\" content=\"Districos Webshop\" \/>\n<meta property=\"article:modified_time\" content=\"2026-04-28T08:29:37+00:00\" \/>\n<meta name=\"twitter:card\" content=\"summary_large_image\" \/>\n<meta name=\"twitter:label1\" content=\"Dur\u00e9e de lecture estim\u00e9e\" \/>\n\t<meta name=\"twitter:data1\" content=\"1 minute\" \/>\n<script type=\"application\/ld+json\" class=\"yoast-schema-graph\">{\"@context\":\"https:\\\/\\\/schema.org\",\"@graph\":[{\"@type\":\"WebPage\",\"@id\":\"https:\\\/\\\/districos.standingout.be\\\/fr\\\/product\\\/emmi-h22-nettoyeur-a-ultrasons-22-l-ref-8025-03\\\/\",\"url\":\"https:\\\/\\\/districos.standingout.be\\\/fr\\\/product\\\/emmi-h22-nettoyeur-a-ultrasons-22-l-ref-8025-03\\\/\",\"name\":\"Emmi H22 Nettoyeur \u00e0 Ultrasons 2,2 l - Districos Webshop\",\"isPartOf\":{\"@id\":\"https:\\\/\\\/districos.standingout.be\\\/fr\\\/#website\"},\"primaryImageOfPage\":{\"@id\":\"https:\\\/\\\/districos.standingout.be\\\/fr\\\/product\\\/emmi-h22-nettoyeur-a-ultrasons-22-l-ref-8025-03\\\/#primaryimage\"},\"image\":{\"@id\":\"https:\\\/\\\/districos.standingout.be\\\/fr\\\/product\\\/emmi-h22-nettoyeur-a-ultrasons-22-l-ref-8025-03\\\/#primaryimage\"},\"thumbnailUrl\":\"https:\\\/\\\/districos.standingout.be\\\/wp-content\\\/uploads\\\/2026\\\/03\\\/8025.03@LowRes_1_0.png\",\"datePublished\":\"2026-04-28T08:29:34+00:00\",\"dateModified\":\"2026-04-28T08:29:37+00:00\",\"breadcrumb\":{\"@id\":\"https:\\\/\\\/districos.standingout.be\\\/fr\\\/product\\\/emmi-h22-nettoyeur-a-ultrasons-22-l-ref-8025-03\\\/#breadcrumb\"},\"inLanguage\":\"fr-FR\",\"potentialAction\":[{\"@type\":\"ReadAction\",\"target\":[\"https:\\\/\\\/districos.standingout.be\\\/fr\\\/product\\\/emmi-h22-nettoyeur-a-ultrasons-22-l-ref-8025-03\\\/\"]}]},{\"@type\":\"ImageObject\",\"inLanguage\":\"fr-FR\",\"@id\":\"https:\\\/\\\/districos.standingout.be\\\/fr\\\/product\\\/emmi-h22-nettoyeur-a-ultrasons-22-l-ref-8025-03\\\/#primaryimage\",\"url\":\"https:\\\/\\\/districos.standingout.be\\\/wp-content\\\/uploads\\\/2026\\\/03\\\/8025.03@LowRes_1_0.png\",\"contentUrl\":\"https:\\\/\\\/districos.standingout.be\\\/wp-content\\\/uploads\\\/2026\\\/03\\\/8025.03@LowRes_1_0.png\",\"width\":600,\"height\":600},{\"@type\":\"BreadcrumbList\",\"@id\":\"https:\\\/\\\/districos.standingout.be\\\/fr\\\/product\\\/emmi-h22-nettoyeur-a-ultrasons-22-l-ref-8025-03\\\/#breadcrumb\",\"itemListElement\":[{\"@type\":\"ListItem\",\"position\":1,\"name\":\"Home\",\"item\":\"https:\\\/\\\/districos.standingout.be\\\/fr\\\/bienvenue-chez-districos\\\/\"},{\"@type\":\"ListItem\",\"position\":2,\"name\":\"Boutique\",\"item\":\"https:\\\/\\\/districos.standingout.be\\\/fr\\\/boutique\\\/\"},{\"@type\":\"ListItem\",\"position\":3,\"name\":\"Emmi H22 Nettoyeur \u00e0 Ultrasons 2,2 l\"}]},{\"@type\":\"WebSite\",\"@id\":\"https:\\\/\\\/districos.standingout.be\\\/fr\\\/#website\",\"url\":\"https:\\\/\\\/districos.standingout.be\\\/fr\\\/\",\"name\":\"Districos Webshop\",\"description\":\"\",\"publisher\":{\"@id\":\"https:\\\/\\\/districos.standingout.be\\\/fr\\\/#organization\"},\"potentialAction\":[{\"@type\":\"SearchAction\",\"target\":{\"@type\":\"EntryPoint\",\"urlTemplate\":\"https:\\\/\\\/districos.standingout.be\\\/fr\\\/?s={search_term_string}\"},\"query-input\":{\"@type\":\"PropertyValueSpecification\",\"valueRequired\":true,\"valueName\":\"search_term_string\"}}],\"inLanguage\":\"fr-FR\"},{\"@type\":\"Organization\",\"@id\":\"https:\\\/\\\/districos.standingout.be\\\/fr\\\/#organization\",\"name\":\"Districos Webshop\",\"url\":\"https:\\\/\\\/districos.standingout.be\\\/fr\\\/\",\"logo\":{\"@type\":\"ImageObject\",\"inLanguage\":\"fr-FR\",\"@id\":\"https:\\\/\\\/districos.standingout.be\\\/fr\\\/#\\\/schema\\\/logo\\\/image\\\/\",\"url\":\"https:\\\/\\\/districos.standingout.be\\\/wp-content\\\/uploads\\\/2022\\\/09\\\/Districos_Logo_Webshop.svg\",\"contentUrl\":\"https:\\\/\\\/districos.standingout.be\\\/wp-content\\\/uploads\\\/2022\\\/09\\\/Districos_Logo_Webshop.svg\",\"caption\":\"Districos Webshop\"},\"image\":{\"@id\":\"https:\\\/\\\/districos.standingout.be\\\/fr\\\/#\\\/schema\\\/logo\\\/image\\\/\"}}]}<\/script>\n<!-- \/ Yoast SEO plugin. -->","yoast_head_json":{"title":"Emmi H22 Nettoyeur \u00e0 Ultrasons 2,2 l - Districos Webshop","robots":{"index":"noindex","follow":"follow","max-snippet":"max-snippet:-1","max-image-preview":"max-image-preview:large","max-video-preview":"max-video-preview:-1"},"og_locale":"fr_FR","og_type":"article","og_title":"Emmi H22 Nettoyeur \u00e0 Ultrasons 2,2 l - Districos Webshop","og_description":"Un nettoyeur \u00e0 ultrasons fait partie de l\u2019\u00e9quipement standard de l\u2019esth\u00e9ticien(ne), du styliste ongulaire et du p\u00e9dicure. Vous n\u2019obtiendrez pas seulement un meilleur nettoyage, mais vous diminuerez aussi le temps de d\u00e9sinfection de 75% (5 minutes, au lieu de 20 minutes). Pour cette raison, Districos vous pr\u00e9sente cette gamme de nettoyeurs \u00e0 ultrasons pratiques et [&hellip;]","og_url":"https:\/\/districos.standingout.be\/fr\/product\/emmi-h22-nettoyeur-a-ultrasons-22-l-ref-8025-03\/","og_site_name":"Districos Webshop","article_modified_time":"2026-04-28T08:29:37+00:00","twitter_card":"summary_large_image","twitter_misc":{"Dur\u00e9e de lecture estim\u00e9e":"1 minute"},"schema":{"@context":"https:\/\/schema.org","@graph":[{"@type":"WebPage","@id":"https:\/\/districos.standingout.be\/fr\/product\/emmi-h22-nettoyeur-a-ultrasons-22-l-ref-8025-03\/","url":"https:\/\/districos.standingout.be\/fr\/product\/emmi-h22-nettoyeur-a-ultrasons-22-l-ref-8025-03\/","name":"Emmi H22 Nettoyeur \u00e0 Ultrasons 2,2 l - Districos Webshop","isPartOf":{"@id":"https:\/\/districos.standingout.be\/fr\/#website"},"primaryImageOfPage":{"@id":"https:\/\/districos.standingout.be\/fr\/product\/emmi-h22-nettoyeur-a-ultrasons-22-l-ref-8025-03\/#primaryimage"},"image":{"@id":"https:\/\/districos.standingout.be\/fr\/product\/emmi-h22-nettoyeur-a-ultrasons-22-l-ref-8025-03\/#primaryimage"},"thumbnailUrl":"https:\/\/districos.standingout.be\/wp-content\/uploads\/2026\/03\/8025.03@LowRes_1_0.png","datePublished":"2026-04-28T08:29:34+00:00","dateModified":"2026-04-28T08:29:37+00:00","breadcrumb":{"@id":"https:\/\/districos.standingout.be\/fr\/product\/emmi-h22-nettoyeur-a-ultrasons-22-l-ref-8025-03\/#breadcrumb"},"inLanguage":"fr-FR","potentialAction":[{"@type":"ReadAction","target":["https:\/\/districos.standingout.be\/fr\/product\/emmi-h22-nettoyeur-a-ultrasons-22-l-ref-8025-03\/"]}]},{"@type":"ImageObject","inLanguage":"fr-FR","@id":"https:\/\/districos.standingout.be\/fr\/product\/emmi-h22-nettoyeur-a-ultrasons-22-l-ref-8025-03\/#primaryimage","url":"https:\/\/districos.standingout.be\/wp-content\/uploads\/2026\/03\/8025.03@LowRes_1_0.png","contentUrl":"https:\/\/districos.standingout.be\/wp-content\/uploads\/2026\/03\/8025.03@LowRes_1_0.png","width":600,"height":600},{"@type":"BreadcrumbList","@id":"https:\/\/districos.standingout.be\/fr\/product\/emmi-h22-nettoyeur-a-ultrasons-22-l-ref-8025-03\/#breadcrumb","itemListElement":[{"@type":"ListItem","position":1,"name":"Home","item":"https:\/\/districos.standingout.be\/fr\/bienvenue-chez-districos\/"},{"@type":"ListItem","position":2,"name":"Boutique","item":"https:\/\/districos.standingout.be\/fr\/boutique\/"},{"@type":"ListItem","position":3,"name":"Emmi H22 Nettoyeur \u00e0 Ultrasons 2,2 l"}]},{"@type":"WebSite","@id":"https:\/\/districos.standingout.be\/fr\/#website","url":"https:\/\/districos.standingout.be\/fr\/","name":"Districos Webshop","description":"","publisher":{"@id":"https:\/\/districos.standingout.be\/fr\/#organization"},"potentialAction":[{"@type":"SearchAction","target":{"@type":"EntryPoint","urlTemplate":"https:\/\/districos.standingout.be\/fr\/?s={search_term_string}"},"query-input":{"@type":"PropertyValueSpecification","valueRequired":true,"valueName":"search_term_string"}}],"inLanguage":"fr-FR"},{"@type":"Organization","@id":"https:\/\/districos.standingout.be\/fr\/#organization","name":"Districos Webshop","url":"https:\/\/districos.standingout.be\/fr\/","logo":{"@type":"ImageObject","inLanguage":"fr-FR","@id":"https:\/\/districos.standingout.be\/fr\/#\/schema\/logo\/image\/","url":"https:\/\/districos.standingout.be\/wp-content\/uploads\/2022\/09\/Districos_Logo_Webshop.svg","contentUrl":"https:\/\/districos.standingout.be\/wp-content\/uploads\/2022\/09\/Districos_Logo_Webshop.svg","caption":"Districos Webshop"},"image":{"@id":"https:\/\/districos.standingout.be\/fr\/#\/schema\/logo\/image\/"}}]}},"_links":{"self":[{"href":"https:\/\/districos.standingout.be\/fr\/wp-json\/wp\/v2\/product\/137769","targetHints":{"allow":["GET"]}}],"collection":[{"href":"https:\/\/districos.standingout.be\/fr\/wp-json\/wp\/v2\/product"}],"about":[{"href":"https:\/\/districos.standingout.be\/fr\/wp-json\/wp\/v2\/types\/product"}],"replies":[{"embeddable":true,"href":"https:\/\/districos.standingout.be\/fr\/wp-json\/wp\/v2\/comments?post=137769"}],"wp:featuredmedia":[{"embeddable":true,"href":"https:\/\/districos.standingout.be\/fr\/wp-json\/wp\/v2\/media\/111080"}],"wp:attachment":[{"href":"https:\/\/districos.standingout.be\/fr\/wp-json\/wp\/v2\/media?parent=137769"}],"wp:term":[{"taxonomy":"product_brand","embeddable":true,"href":"https:\/\/districos.standingout.be\/fr\/wp-json\/wp\/v2\/product_brand?post=137769"},{"taxonomy":"product_cat","embeddable":true,"href":"https:\/\/districos.standingout.be\/fr\/wp-json\/wp\/v2\/product_cat?post=137769"},{"taxonomy":"product_tag","embeddable":true,"href":"https:\/\/districos.standingout.be\/fr\/wp-json\/wp\/v2\/product_tag?post=137769"}],"curies":[{"name":"wp","href":"https:\/\/api.w.org\/{rel}","templated":true}]}}