{"id":137773,"date":"2026-04-28T10:29:42","date_gmt":"2026-04-28T08:29:42","guid":{"rendered":"https:\/\/webshopdistricoscom.webhosting.be\/product\/sterilisateur-uvc-254-nm-ref-8025-09\/"},"modified":"2026-04-28T10:29:46","modified_gmt":"2026-04-28T08:29:46","slug":"sterilisateur-uvc-254-nm-ref-8025-09","status":"publish","type":"product","link":"https:\/\/districos.standingout.be\/fr\/product\/sterilisateur-uvc-254-nm-ref-8025-09\/","title":{"rendered":"St\u00e9rilisateur UVC 254 nm"},"content":{"rendered":"<p >\n<\/p>\n<div>\n<p><span lang=\"FR-BE\">L\u2019appareil de d\u00e9sinfection par lumi\u00e8re UV-C bleue a une construction simple et des dimensions compactes. Gr\u00e2ce \u00e0 sa longueur d\u2019onde de 254 nm, le st\u00e9rilisateur UV-C d\u00e9truit les formes n\u00e9gatives des micro-organismes. Il s\u2019agit d\u2019un appareil de d\u00e9sinfection \u00e0 sec (avec rayons UV-C), qui n\u2019utilise pas de solutions chimiques. Les outils doivent \u00eatre lav\u00e9s et s\u00e9ch\u00e9s. Les instruments doivent \u00eatre ouverts et d\u00e9mont\u00e9s, afin que la lumi\u00e8re ultraviolette couvre toute la surface. La d\u00e9sinfection est efficace lorsque les rayons UV-C tombent directement sur l\u2019\u00e9l\u00e9ment.&nbsp;<o:p><\/o:p><\/span><\/p>\n<p><span lang=\"FR-BE\"> &nbsp; <\/span><\/p>\n<p><b><span lang=\"FR-BE\">Donn\u00e9es techniques<o:p><\/o:p><\/span><\/b><\/p>\n<ul type=\"disc\">\n<li><span lang=\"FR-BE\">220-240 V<o:p><\/o:p><\/span><\/li>\n<li><span lang=\"FR-BE\">50 Hz<o:p><\/o:p><\/span><\/li>\n<li><span lang=\"FR-BE\">8 W<o:p><\/o:p><\/span><\/li>\n<\/ul>\n<p><span lang=\"FR-BE\"><br \/> <b>Dimensions<o:p><\/o:p><\/b><\/span><\/p>\n<ul type=\"disc\">\n<li><span lang=\"FR-BE\">Longueur&nbsp;: 40 cm<o:p><\/o:p><\/span><\/li>\n<li><span lang=\"FR-BE\">Largeur&nbsp;: 30 cm<o:p><\/o:p><\/span><\/li>\n<li><span lang=\"FR-BE\">Hauteur&nbsp;: 15 cm<o:p><\/o:p><\/span><\/li>\n<\/ul>\n<p> &nbsp;<\/p>\n<\/div><\/p>\n","protected":false},"excerpt":{"rendered":"<p>L\u2019appareil de d\u00e9sinfection par lumi\u00e8re UV-C bleue a une construction simple et des dimensions compactes. Gr\u00e2ce \u00e0 sa longueur d\u2019onde de 254 nm, le st\u00e9rilisateur UV-C d\u00e9truit les formes n\u00e9gatives des micro-organismes. Il s\u2019agit d\u2019un appareil de d\u00e9sinfection \u00e0 sec (avec rayons UV-C), qui n\u2019utilise pas de solutions chimiques. Les outils doivent \u00eatre lav\u00e9s et [&hellip;]<\/p>\n","protected":false},"featured_media":111092,"comment_status":"open","ping_status":"closed","template":"","meta":{"_acf_changed":false},"product_brand":[10380],"product_cat":[10120,9990],"product_tag":[],"class_list":{"0":"post-137773","1":"product","2":"type-product","3":"status-publish","4":"has-post-thumbnail","6":"product_brand-districos-fr","7":"product_cat-hygiene-articles-jetables-desinfection-nettoyage-equipement","8":"product_cat-soins-des-pieds-podologie-desinfection-nettoyage-equipement","10":"first","11":"instock","12":"taxable","13":"shipping-taxable","14":"product-type-simple"},"acf":[],"yoast_head":"<!-- This site is optimized with the Yoast SEO plugin v27.3 - https:\/\/yoast.com\/product\/yoast-seo-wordpress\/ -->\n<title>St\u00e9rilisateur UVC 254 nm - Districos Webshop<\/title>\n<meta name=\"robots\" content=\"noindex, follow, max-snippet:-1, max-image-preview:large, max-video-preview:-1\" \/>\n<meta property=\"og:locale\" content=\"fr_FR\" \/>\n<meta property=\"og:type\" content=\"article\" \/>\n<meta property=\"og:title\" content=\"St\u00e9rilisateur UVC 254 nm - Districos Webshop\" \/>\n<meta property=\"og:description\" content=\"L\u2019appareil de d\u00e9sinfection par lumi\u00e8re UV-C bleue a une construction simple et des dimensions compactes. Gr\u00e2ce \u00e0 sa longueur d\u2019onde de 254 nm, le st\u00e9rilisateur UV-C d\u00e9truit les formes n\u00e9gatives des micro-organismes. Il s\u2019agit d\u2019un appareil de d\u00e9sinfection \u00e0 sec (avec rayons UV-C), qui n\u2019utilise pas de solutions chimiques. Les outils doivent \u00eatre lav\u00e9s et [&hellip;]\" \/>\n<meta property=\"og:url\" content=\"https:\/\/districos.standingout.be\/fr\/product\/sterilisateur-uvc-254-nm-ref-8025-09\/\" \/>\n<meta property=\"og:site_name\" content=\"Districos Webshop\" \/>\n<meta property=\"article:modified_time\" content=\"2026-04-28T08:29:46+00:00\" \/>\n<meta name=\"twitter:card\" content=\"summary_large_image\" \/>\n<meta name=\"twitter:label1\" content=\"Dur\u00e9e de lecture estim\u00e9e\" \/>\n\t<meta name=\"twitter:data1\" content=\"1 minute\" \/>\n<script type=\"application\/ld+json\" class=\"yoast-schema-graph\">{\"@context\":\"https:\\\/\\\/schema.org\",\"@graph\":[{\"@type\":\"WebPage\",\"@id\":\"https:\\\/\\\/districos.standingout.be\\\/fr\\\/product\\\/sterilisateur-uvc-254-nm-ref-8025-09\\\/\",\"url\":\"https:\\\/\\\/districos.standingout.be\\\/fr\\\/product\\\/sterilisateur-uvc-254-nm-ref-8025-09\\\/\",\"name\":\"St\u00e9rilisateur UVC 254 nm - Districos Webshop\",\"isPartOf\":{\"@id\":\"https:\\\/\\\/districos.standingout.be\\\/fr\\\/#website\"},\"primaryImageOfPage\":{\"@id\":\"https:\\\/\\\/districos.standingout.be\\\/fr\\\/product\\\/sterilisateur-uvc-254-nm-ref-8025-09\\\/#primaryimage\"},\"image\":{\"@id\":\"https:\\\/\\\/districos.standingout.be\\\/fr\\\/product\\\/sterilisateur-uvc-254-nm-ref-8025-09\\\/#primaryimage\"},\"thumbnailUrl\":\"https:\\\/\\\/districos.standingout.be\\\/wp-content\\\/uploads\\\/2026\\\/03\\\/8025.09@HighRes_0_99.png\",\"datePublished\":\"2026-04-28T08:29:42+00:00\",\"dateModified\":\"2026-04-28T08:29:46+00:00\",\"breadcrumb\":{\"@id\":\"https:\\\/\\\/districos.standingout.be\\\/fr\\\/product\\\/sterilisateur-uvc-254-nm-ref-8025-09\\\/#breadcrumb\"},\"inLanguage\":\"fr-FR\",\"potentialAction\":[{\"@type\":\"ReadAction\",\"target\":[\"https:\\\/\\\/districos.standingout.be\\\/fr\\\/product\\\/sterilisateur-uvc-254-nm-ref-8025-09\\\/\"]}]},{\"@type\":\"ImageObject\",\"inLanguage\":\"fr-FR\",\"@id\":\"https:\\\/\\\/districos.standingout.be\\\/fr\\\/product\\\/sterilisateur-uvc-254-nm-ref-8025-09\\\/#primaryimage\",\"url\":\"https:\\\/\\\/districos.standingout.be\\\/wp-content\\\/uploads\\\/2026\\\/03\\\/8025.09@HighRes_0_99.png\",\"contentUrl\":\"https:\\\/\\\/districos.standingout.be\\\/wp-content\\\/uploads\\\/2026\\\/03\\\/8025.09@HighRes_0_99.png\",\"width\":600,\"height\":600},{\"@type\":\"BreadcrumbList\",\"@id\":\"https:\\\/\\\/districos.standingout.be\\\/fr\\\/product\\\/sterilisateur-uvc-254-nm-ref-8025-09\\\/#breadcrumb\",\"itemListElement\":[{\"@type\":\"ListItem\",\"position\":1,\"name\":\"Home\",\"item\":\"https:\\\/\\\/districos.standingout.be\\\/fr\\\/bienvenue-chez-districos\\\/\"},{\"@type\":\"ListItem\",\"position\":2,\"name\":\"Boutique\",\"item\":\"https:\\\/\\\/districos.standingout.be\\\/fr\\\/boutique\\\/\"},{\"@type\":\"ListItem\",\"position\":3,\"name\":\"St\u00e9rilisateur UVC 254 nm\"}]},{\"@type\":\"WebSite\",\"@id\":\"https:\\\/\\\/districos.standingout.be\\\/fr\\\/#website\",\"url\":\"https:\\\/\\\/districos.standingout.be\\\/fr\\\/\",\"name\":\"Districos Webshop\",\"description\":\"\",\"publisher\":{\"@id\":\"https:\\\/\\\/districos.standingout.be\\\/fr\\\/#organization\"},\"potentialAction\":[{\"@type\":\"SearchAction\",\"target\":{\"@type\":\"EntryPoint\",\"urlTemplate\":\"https:\\\/\\\/districos.standingout.be\\\/fr\\\/?s={search_term_string}\"},\"query-input\":{\"@type\":\"PropertyValueSpecification\",\"valueRequired\":true,\"valueName\":\"search_term_string\"}}],\"inLanguage\":\"fr-FR\"},{\"@type\":\"Organization\",\"@id\":\"https:\\\/\\\/districos.standingout.be\\\/fr\\\/#organization\",\"name\":\"Districos Webshop\",\"url\":\"https:\\\/\\\/districos.standingout.be\\\/fr\\\/\",\"logo\":{\"@type\":\"ImageObject\",\"inLanguage\":\"fr-FR\",\"@id\":\"https:\\\/\\\/districos.standingout.be\\\/fr\\\/#\\\/schema\\\/logo\\\/image\\\/\",\"url\":\"https:\\\/\\\/districos.standingout.be\\\/wp-content\\\/uploads\\\/2022\\\/09\\\/Districos_Logo_Webshop.svg\",\"contentUrl\":\"https:\\\/\\\/districos.standingout.be\\\/wp-content\\\/uploads\\\/2022\\\/09\\\/Districos_Logo_Webshop.svg\",\"caption\":\"Districos Webshop\"},\"image\":{\"@id\":\"https:\\\/\\\/districos.standingout.be\\\/fr\\\/#\\\/schema\\\/logo\\\/image\\\/\"}}]}<\/script>\n<!-- \/ Yoast SEO plugin. -->","yoast_head_json":{"title":"St\u00e9rilisateur UVC 254 nm - Districos Webshop","robots":{"index":"noindex","follow":"follow","max-snippet":"max-snippet:-1","max-image-preview":"max-image-preview:large","max-video-preview":"max-video-preview:-1"},"og_locale":"fr_FR","og_type":"article","og_title":"St\u00e9rilisateur UVC 254 nm - Districos Webshop","og_description":"L\u2019appareil de d\u00e9sinfection par lumi\u00e8re UV-C bleue a une construction simple et des dimensions compactes. Gr\u00e2ce \u00e0 sa longueur d\u2019onde de 254 nm, le st\u00e9rilisateur UV-C d\u00e9truit les formes n\u00e9gatives des micro-organismes. Il s\u2019agit d\u2019un appareil de d\u00e9sinfection \u00e0 sec (avec rayons UV-C), qui n\u2019utilise pas de solutions chimiques. Les outils doivent \u00eatre lav\u00e9s et [&hellip;]","og_url":"https:\/\/districos.standingout.be\/fr\/product\/sterilisateur-uvc-254-nm-ref-8025-09\/","og_site_name":"Districos Webshop","article_modified_time":"2026-04-28T08:29:46+00:00","twitter_card":"summary_large_image","twitter_misc":{"Dur\u00e9e de lecture estim\u00e9e":"1 minute"},"schema":{"@context":"https:\/\/schema.org","@graph":[{"@type":"WebPage","@id":"https:\/\/districos.standingout.be\/fr\/product\/sterilisateur-uvc-254-nm-ref-8025-09\/","url":"https:\/\/districos.standingout.be\/fr\/product\/sterilisateur-uvc-254-nm-ref-8025-09\/","name":"St\u00e9rilisateur UVC 254 nm - Districos Webshop","isPartOf":{"@id":"https:\/\/districos.standingout.be\/fr\/#website"},"primaryImageOfPage":{"@id":"https:\/\/districos.standingout.be\/fr\/product\/sterilisateur-uvc-254-nm-ref-8025-09\/#primaryimage"},"image":{"@id":"https:\/\/districos.standingout.be\/fr\/product\/sterilisateur-uvc-254-nm-ref-8025-09\/#primaryimage"},"thumbnailUrl":"https:\/\/districos.standingout.be\/wp-content\/uploads\/2026\/03\/8025.09@HighRes_0_99.png","datePublished":"2026-04-28T08:29:42+00:00","dateModified":"2026-04-28T08:29:46+00:00","breadcrumb":{"@id":"https:\/\/districos.standingout.be\/fr\/product\/sterilisateur-uvc-254-nm-ref-8025-09\/#breadcrumb"},"inLanguage":"fr-FR","potentialAction":[{"@type":"ReadAction","target":["https:\/\/districos.standingout.be\/fr\/product\/sterilisateur-uvc-254-nm-ref-8025-09\/"]}]},{"@type":"ImageObject","inLanguage":"fr-FR","@id":"https:\/\/districos.standingout.be\/fr\/product\/sterilisateur-uvc-254-nm-ref-8025-09\/#primaryimage","url":"https:\/\/districos.standingout.be\/wp-content\/uploads\/2026\/03\/8025.09@HighRes_0_99.png","contentUrl":"https:\/\/districos.standingout.be\/wp-content\/uploads\/2026\/03\/8025.09@HighRes_0_99.png","width":600,"height":600},{"@type":"BreadcrumbList","@id":"https:\/\/districos.standingout.be\/fr\/product\/sterilisateur-uvc-254-nm-ref-8025-09\/#breadcrumb","itemListElement":[{"@type":"ListItem","position":1,"name":"Home","item":"https:\/\/districos.standingout.be\/fr\/bienvenue-chez-districos\/"},{"@type":"ListItem","position":2,"name":"Boutique","item":"https:\/\/districos.standingout.be\/fr\/boutique\/"},{"@type":"ListItem","position":3,"name":"St\u00e9rilisateur UVC 254 nm"}]},{"@type":"WebSite","@id":"https:\/\/districos.standingout.be\/fr\/#website","url":"https:\/\/districos.standingout.be\/fr\/","name":"Districos Webshop","description":"","publisher":{"@id":"https:\/\/districos.standingout.be\/fr\/#organization"},"potentialAction":[{"@type":"SearchAction","target":{"@type":"EntryPoint","urlTemplate":"https:\/\/districos.standingout.be\/fr\/?s={search_term_string}"},"query-input":{"@type":"PropertyValueSpecification","valueRequired":true,"valueName":"search_term_string"}}],"inLanguage":"fr-FR"},{"@type":"Organization","@id":"https:\/\/districos.standingout.be\/fr\/#organization","name":"Districos Webshop","url":"https:\/\/districos.standingout.be\/fr\/","logo":{"@type":"ImageObject","inLanguage":"fr-FR","@id":"https:\/\/districos.standingout.be\/fr\/#\/schema\/logo\/image\/","url":"https:\/\/districos.standingout.be\/wp-content\/uploads\/2022\/09\/Districos_Logo_Webshop.svg","contentUrl":"https:\/\/districos.standingout.be\/wp-content\/uploads\/2022\/09\/Districos_Logo_Webshop.svg","caption":"Districos Webshop"},"image":{"@id":"https:\/\/districos.standingout.be\/fr\/#\/schema\/logo\/image\/"}}]}},"_links":{"self":[{"href":"https:\/\/districos.standingout.be\/fr\/wp-json\/wp\/v2\/product\/137773","targetHints":{"allow":["GET"]}}],"collection":[{"href":"https:\/\/districos.standingout.be\/fr\/wp-json\/wp\/v2\/product"}],"about":[{"href":"https:\/\/districos.standingout.be\/fr\/wp-json\/wp\/v2\/types\/product"}],"replies":[{"embeddable":true,"href":"https:\/\/districos.standingout.be\/fr\/wp-json\/wp\/v2\/comments?post=137773"}],"wp:featuredmedia":[{"embeddable":true,"href":"https:\/\/districos.standingout.be\/fr\/wp-json\/wp\/v2\/media\/111092"}],"wp:attachment":[{"href":"https:\/\/districos.standingout.be\/fr\/wp-json\/wp\/v2\/media?parent=137773"}],"wp:term":[{"taxonomy":"product_brand","embeddable":true,"href":"https:\/\/districos.standingout.be\/fr\/wp-json\/wp\/v2\/product_brand?post=137773"},{"taxonomy":"product_cat","embeddable":true,"href":"https:\/\/districos.standingout.be\/fr\/wp-json\/wp\/v2\/product_cat?post=137773"},{"taxonomy":"product_tag","embeddable":true,"href":"https:\/\/districos.standingout.be\/fr\/wp-json\/wp\/v2\/product_tag?post=137773"}],"curies":[{"name":"wp","href":"https:\/\/api.w.org\/{rel}","templated":true}]}}