{"id":137775,"date":"2026-04-28T10:29:46","date_gmt":"2026-04-28T08:29:46","guid":{"rendered":"https:\/\/webshopdistricoscom.webhosting.be\/product\/emmi-steri-15-sterilisateur-a-air-chaud-ref-8025-10\/"},"modified":"2026-04-28T10:29:50","modified_gmt":"2026-04-28T08:29:50","slug":"emmi-steri-15-sterilisateur-a-air-chaud-ref-8025-10","status":"publish","type":"product","link":"https:\/\/districos.standingout.be\/fr\/product\/emmi-steri-15-sterilisateur-a-air-chaud-ref-8025-10\/","title":{"rendered":"Emmi-Steri 15 St\u00e9rilisateur \u00e0 Air Chaud"},"content":{"rendered":"<p >\n<p dir=ltr>Apr\u00e8s avoir nettoy\u00e9 vos instruments dans un appareil \u00e0 ultrasons et les avoir d\u00e9sinfect\u00e9s, ces derniers sont propres et d\u00e9sinfect\u00e9s, mais pas encore st\u00e9rilis\u00e9s. Gr\u00e2ce au st\u00e9rilisateur \u00e0 air chaud Emmi-Steri 15, \u00e9galement de haute qualit\u00e9 allemande (EMAG Germany), il est possible de st\u00e9riliser les instruments d\u00e9j\u00e0 nettoy\u00e9s et d\u00e9sinfect\u00e9s \u00e0 une temp\u00e9rature de 180\u00b0C. La st\u00e9rilisation est r\u00e9alis\u00e9e \u00e0 une temp\u00e9rature de 180\u00b0 et le temps de st\u00e9rilisation diff\u00e8re selon les instruments. <\/p>\n<ul> <\/p>\n<li> Temp\u00e9rature r\u00e9glable jusqu\u2019\u00e0 200\u00b0C avec bouton <\/li>\n<p> <\/p>\n<li> Temps de st\u00e9rilisation r\u00e9glable d\u20191 \u00e0 120 min. <\/li>\n<p> <\/p>\n<li> Fabriqu\u00e9e en inox et r\u00e9sistant \u00e0 la chaleur et \u00e0 la corrosion. <\/li>\n<p> <\/p>\n<li> Isol\u00e9 avec du fibre de verre afin d\u2019\u00e9viter la surchauffe. <\/li>\n<p> <\/p>\n<li> Panier en aluminium, pourvu de perforations pour une bonne circulation de l\u2019air. <\/li>\n<p> <\/p>\n<li> Dimensions panier : 230 x 111 x 29 mm (L x l x h) <\/li>\n<p> <\/p>\n<li> Dimensions : 320 x 220 x 210 mm (L x l x h) <\/li>\n<p> <\/ul><\/p>\n","protected":false},"excerpt":{"rendered":"<p>Apr\u00e8s avoir nettoy\u00e9 vos instruments dans un appareil \u00e0 ultrasons et les avoir d\u00e9sinfect\u00e9s, ces derniers sont propres et d\u00e9sinfect\u00e9s, mais pas encore st\u00e9rilis\u00e9s. Gr\u00e2ce au st\u00e9rilisateur \u00e0 air chaud Emmi-Steri 15, \u00e9galement de haute qualit\u00e9 allemande (EMAG Germany), il est possible de st\u00e9riliser les instruments d\u00e9j\u00e0 nettoy\u00e9s et d\u00e9sinfect\u00e9s \u00e0 une temp\u00e9rature de 180\u00b0C. [&hellip;]<\/p>\n","protected":false},"featured_media":111107,"comment_status":"open","ping_status":"closed","template":"","meta":{"_acf_changed":false},"product_brand":[10392],"product_cat":[9990,10120],"product_tag":[],"class_list":{"0":"post-137775","1":"product","2":"type-product","3":"status-publish","4":"has-post-thumbnail","6":"product_brand-emag-fr","7":"product_cat-soins-des-pieds-podologie-desinfection-nettoyage-equipement","8":"product_cat-hygiene-articles-jetables-desinfection-nettoyage-equipement","10":"first","11":"instock","12":"taxable","13":"shipping-taxable","14":"product-type-simple"},"acf":[],"yoast_head":"<!-- This site is optimized with the Yoast SEO plugin v27.3 - https:\/\/yoast.com\/product\/yoast-seo-wordpress\/ -->\n<title>Emmi-Steri 15 St\u00e9rilisateur \u00e0 Air Chaud - Districos Webshop<\/title>\n<meta name=\"robots\" content=\"noindex, follow, max-snippet:-1, max-image-preview:large, max-video-preview:-1\" \/>\n<meta property=\"og:locale\" content=\"fr_FR\" \/>\n<meta property=\"og:type\" content=\"article\" \/>\n<meta property=\"og:title\" content=\"Emmi-Steri 15 St\u00e9rilisateur \u00e0 Air Chaud - Districos Webshop\" \/>\n<meta property=\"og:description\" content=\"Apr\u00e8s avoir nettoy\u00e9 vos instruments dans un appareil \u00e0 ultrasons et les avoir d\u00e9sinfect\u00e9s, ces derniers sont propres et d\u00e9sinfect\u00e9s, mais pas encore st\u00e9rilis\u00e9s. Gr\u00e2ce au st\u00e9rilisateur \u00e0 air chaud Emmi-Steri 15, \u00e9galement de haute qualit\u00e9 allemande (EMAG Germany), il est possible de st\u00e9riliser les instruments d\u00e9j\u00e0 nettoy\u00e9s et d\u00e9sinfect\u00e9s \u00e0 une temp\u00e9rature de 180\u00b0C. [&hellip;]\" \/>\n<meta property=\"og:url\" content=\"https:\/\/districos.standingout.be\/fr\/product\/emmi-steri-15-sterilisateur-a-air-chaud-ref-8025-10\/\" \/>\n<meta property=\"og:site_name\" content=\"Districos Webshop\" \/>\n<meta property=\"article:modified_time\" content=\"2026-04-28T08:29:50+00:00\" \/>\n<meta name=\"twitter:card\" content=\"summary_large_image\" \/>\n<meta name=\"twitter:label1\" content=\"Dur\u00e9e de lecture estim\u00e9e\" \/>\n\t<meta name=\"twitter:data1\" content=\"1 minute\" \/>\n<script type=\"application\/ld+json\" class=\"yoast-schema-graph\">{\"@context\":\"https:\\\/\\\/schema.org\",\"@graph\":[{\"@type\":\"WebPage\",\"@id\":\"https:\\\/\\\/districos.standingout.be\\\/fr\\\/product\\\/emmi-steri-15-sterilisateur-a-air-chaud-ref-8025-10\\\/\",\"url\":\"https:\\\/\\\/districos.standingout.be\\\/fr\\\/product\\\/emmi-steri-15-sterilisateur-a-air-chaud-ref-8025-10\\\/\",\"name\":\"Emmi-Steri 15 St\u00e9rilisateur \u00e0 Air Chaud - Districos Webshop\",\"isPartOf\":{\"@id\":\"https:\\\/\\\/districos.standingout.be\\\/fr\\\/#website\"},\"primaryImageOfPage\":{\"@id\":\"https:\\\/\\\/districos.standingout.be\\\/fr\\\/product\\\/emmi-steri-15-sterilisateur-a-air-chaud-ref-8025-10\\\/#primaryimage\"},\"image\":{\"@id\":\"https:\\\/\\\/districos.standingout.be\\\/fr\\\/product\\\/emmi-steri-15-sterilisateur-a-air-chaud-ref-8025-10\\\/#primaryimage\"},\"thumbnailUrl\":\"https:\\\/\\\/districos.standingout.be\\\/wp-content\\\/uploads\\\/2026\\\/03\\\/8025.10@LowRes_1_0.png\",\"datePublished\":\"2026-04-28T08:29:46+00:00\",\"dateModified\":\"2026-04-28T08:29:50+00:00\",\"breadcrumb\":{\"@id\":\"https:\\\/\\\/districos.standingout.be\\\/fr\\\/product\\\/emmi-steri-15-sterilisateur-a-air-chaud-ref-8025-10\\\/#breadcrumb\"},\"inLanguage\":\"fr-FR\",\"potentialAction\":[{\"@type\":\"ReadAction\",\"target\":[\"https:\\\/\\\/districos.standingout.be\\\/fr\\\/product\\\/emmi-steri-15-sterilisateur-a-air-chaud-ref-8025-10\\\/\"]}]},{\"@type\":\"ImageObject\",\"inLanguage\":\"fr-FR\",\"@id\":\"https:\\\/\\\/districos.standingout.be\\\/fr\\\/product\\\/emmi-steri-15-sterilisateur-a-air-chaud-ref-8025-10\\\/#primaryimage\",\"url\":\"https:\\\/\\\/districos.standingout.be\\\/wp-content\\\/uploads\\\/2026\\\/03\\\/8025.10@LowRes_1_0.png\",\"contentUrl\":\"https:\\\/\\\/districos.standingout.be\\\/wp-content\\\/uploads\\\/2026\\\/03\\\/8025.10@LowRes_1_0.png\",\"width\":600,\"height\":600},{\"@type\":\"BreadcrumbList\",\"@id\":\"https:\\\/\\\/districos.standingout.be\\\/fr\\\/product\\\/emmi-steri-15-sterilisateur-a-air-chaud-ref-8025-10\\\/#breadcrumb\",\"itemListElement\":[{\"@type\":\"ListItem\",\"position\":1,\"name\":\"Home\",\"item\":\"https:\\\/\\\/districos.standingout.be\\\/fr\\\/bienvenue-chez-districos\\\/\"},{\"@type\":\"ListItem\",\"position\":2,\"name\":\"Boutique\",\"item\":\"https:\\\/\\\/districos.standingout.be\\\/fr\\\/boutique\\\/\"},{\"@type\":\"ListItem\",\"position\":3,\"name\":\"Emmi-Steri 15 St\u00e9rilisateur \u00e0 Air Chaud\"}]},{\"@type\":\"WebSite\",\"@id\":\"https:\\\/\\\/districos.standingout.be\\\/fr\\\/#website\",\"url\":\"https:\\\/\\\/districos.standingout.be\\\/fr\\\/\",\"name\":\"Districos Webshop\",\"description\":\"\",\"publisher\":{\"@id\":\"https:\\\/\\\/districos.standingout.be\\\/fr\\\/#organization\"},\"potentialAction\":[{\"@type\":\"SearchAction\",\"target\":{\"@type\":\"EntryPoint\",\"urlTemplate\":\"https:\\\/\\\/districos.standingout.be\\\/fr\\\/?s={search_term_string}\"},\"query-input\":{\"@type\":\"PropertyValueSpecification\",\"valueRequired\":true,\"valueName\":\"search_term_string\"}}],\"inLanguage\":\"fr-FR\"},{\"@type\":\"Organization\",\"@id\":\"https:\\\/\\\/districos.standingout.be\\\/fr\\\/#organization\",\"name\":\"Districos Webshop\",\"url\":\"https:\\\/\\\/districos.standingout.be\\\/fr\\\/\",\"logo\":{\"@type\":\"ImageObject\",\"inLanguage\":\"fr-FR\",\"@id\":\"https:\\\/\\\/districos.standingout.be\\\/fr\\\/#\\\/schema\\\/logo\\\/image\\\/\",\"url\":\"https:\\\/\\\/districos.standingout.be\\\/wp-content\\\/uploads\\\/2022\\\/09\\\/Districos_Logo_Webshop.svg\",\"contentUrl\":\"https:\\\/\\\/districos.standingout.be\\\/wp-content\\\/uploads\\\/2022\\\/09\\\/Districos_Logo_Webshop.svg\",\"caption\":\"Districos Webshop\"},\"image\":{\"@id\":\"https:\\\/\\\/districos.standingout.be\\\/fr\\\/#\\\/schema\\\/logo\\\/image\\\/\"}}]}<\/script>\n<!-- \/ Yoast SEO plugin. -->","yoast_head_json":{"title":"Emmi-Steri 15 St\u00e9rilisateur \u00e0 Air Chaud - Districos Webshop","robots":{"index":"noindex","follow":"follow","max-snippet":"max-snippet:-1","max-image-preview":"max-image-preview:large","max-video-preview":"max-video-preview:-1"},"og_locale":"fr_FR","og_type":"article","og_title":"Emmi-Steri 15 St\u00e9rilisateur \u00e0 Air Chaud - Districos Webshop","og_description":"Apr\u00e8s avoir nettoy\u00e9 vos instruments dans un appareil \u00e0 ultrasons et les avoir d\u00e9sinfect\u00e9s, ces derniers sont propres et d\u00e9sinfect\u00e9s, mais pas encore st\u00e9rilis\u00e9s. Gr\u00e2ce au st\u00e9rilisateur \u00e0 air chaud Emmi-Steri 15, \u00e9galement de haute qualit\u00e9 allemande (EMAG Germany), il est possible de st\u00e9riliser les instruments d\u00e9j\u00e0 nettoy\u00e9s et d\u00e9sinfect\u00e9s \u00e0 une temp\u00e9rature de 180\u00b0C. [&hellip;]","og_url":"https:\/\/districos.standingout.be\/fr\/product\/emmi-steri-15-sterilisateur-a-air-chaud-ref-8025-10\/","og_site_name":"Districos Webshop","article_modified_time":"2026-04-28T08:29:50+00:00","twitter_card":"summary_large_image","twitter_misc":{"Dur\u00e9e de lecture estim\u00e9e":"1 minute"},"schema":{"@context":"https:\/\/schema.org","@graph":[{"@type":"WebPage","@id":"https:\/\/districos.standingout.be\/fr\/product\/emmi-steri-15-sterilisateur-a-air-chaud-ref-8025-10\/","url":"https:\/\/districos.standingout.be\/fr\/product\/emmi-steri-15-sterilisateur-a-air-chaud-ref-8025-10\/","name":"Emmi-Steri 15 St\u00e9rilisateur \u00e0 Air Chaud - Districos Webshop","isPartOf":{"@id":"https:\/\/districos.standingout.be\/fr\/#website"},"primaryImageOfPage":{"@id":"https:\/\/districos.standingout.be\/fr\/product\/emmi-steri-15-sterilisateur-a-air-chaud-ref-8025-10\/#primaryimage"},"image":{"@id":"https:\/\/districos.standingout.be\/fr\/product\/emmi-steri-15-sterilisateur-a-air-chaud-ref-8025-10\/#primaryimage"},"thumbnailUrl":"https:\/\/districos.standingout.be\/wp-content\/uploads\/2026\/03\/8025.10@LowRes_1_0.png","datePublished":"2026-04-28T08:29:46+00:00","dateModified":"2026-04-28T08:29:50+00:00","breadcrumb":{"@id":"https:\/\/districos.standingout.be\/fr\/product\/emmi-steri-15-sterilisateur-a-air-chaud-ref-8025-10\/#breadcrumb"},"inLanguage":"fr-FR","potentialAction":[{"@type":"ReadAction","target":["https:\/\/districos.standingout.be\/fr\/product\/emmi-steri-15-sterilisateur-a-air-chaud-ref-8025-10\/"]}]},{"@type":"ImageObject","inLanguage":"fr-FR","@id":"https:\/\/districos.standingout.be\/fr\/product\/emmi-steri-15-sterilisateur-a-air-chaud-ref-8025-10\/#primaryimage","url":"https:\/\/districos.standingout.be\/wp-content\/uploads\/2026\/03\/8025.10@LowRes_1_0.png","contentUrl":"https:\/\/districos.standingout.be\/wp-content\/uploads\/2026\/03\/8025.10@LowRes_1_0.png","width":600,"height":600},{"@type":"BreadcrumbList","@id":"https:\/\/districos.standingout.be\/fr\/product\/emmi-steri-15-sterilisateur-a-air-chaud-ref-8025-10\/#breadcrumb","itemListElement":[{"@type":"ListItem","position":1,"name":"Home","item":"https:\/\/districos.standingout.be\/fr\/bienvenue-chez-districos\/"},{"@type":"ListItem","position":2,"name":"Boutique","item":"https:\/\/districos.standingout.be\/fr\/boutique\/"},{"@type":"ListItem","position":3,"name":"Emmi-Steri 15 St\u00e9rilisateur \u00e0 Air Chaud"}]},{"@type":"WebSite","@id":"https:\/\/districos.standingout.be\/fr\/#website","url":"https:\/\/districos.standingout.be\/fr\/","name":"Districos Webshop","description":"","publisher":{"@id":"https:\/\/districos.standingout.be\/fr\/#organization"},"potentialAction":[{"@type":"SearchAction","target":{"@type":"EntryPoint","urlTemplate":"https:\/\/districos.standingout.be\/fr\/?s={search_term_string}"},"query-input":{"@type":"PropertyValueSpecification","valueRequired":true,"valueName":"search_term_string"}}],"inLanguage":"fr-FR"},{"@type":"Organization","@id":"https:\/\/districos.standingout.be\/fr\/#organization","name":"Districos Webshop","url":"https:\/\/districos.standingout.be\/fr\/","logo":{"@type":"ImageObject","inLanguage":"fr-FR","@id":"https:\/\/districos.standingout.be\/fr\/#\/schema\/logo\/image\/","url":"https:\/\/districos.standingout.be\/wp-content\/uploads\/2022\/09\/Districos_Logo_Webshop.svg","contentUrl":"https:\/\/districos.standingout.be\/wp-content\/uploads\/2022\/09\/Districos_Logo_Webshop.svg","caption":"Districos Webshop"},"image":{"@id":"https:\/\/districos.standingout.be\/fr\/#\/schema\/logo\/image\/"}}]}},"_links":{"self":[{"href":"https:\/\/districos.standingout.be\/fr\/wp-json\/wp\/v2\/product\/137775","targetHints":{"allow":["GET"]}}],"collection":[{"href":"https:\/\/districos.standingout.be\/fr\/wp-json\/wp\/v2\/product"}],"about":[{"href":"https:\/\/districos.standingout.be\/fr\/wp-json\/wp\/v2\/types\/product"}],"replies":[{"embeddable":true,"href":"https:\/\/districos.standingout.be\/fr\/wp-json\/wp\/v2\/comments?post=137775"}],"wp:featuredmedia":[{"embeddable":true,"href":"https:\/\/districos.standingout.be\/fr\/wp-json\/wp\/v2\/media\/111107"}],"wp:attachment":[{"href":"https:\/\/districos.standingout.be\/fr\/wp-json\/wp\/v2\/media?parent=137775"}],"wp:term":[{"taxonomy":"product_brand","embeddable":true,"href":"https:\/\/districos.standingout.be\/fr\/wp-json\/wp\/v2\/product_brand?post=137775"},{"taxonomy":"product_cat","embeddable":true,"href":"https:\/\/districos.standingout.be\/fr\/wp-json\/wp\/v2\/product_cat?post=137775"},{"taxonomy":"product_tag","embeddable":true,"href":"https:\/\/districos.standingout.be\/fr\/wp-json\/wp\/v2\/product_tag?post=137775"}],"curies":[{"name":"wp","href":"https:\/\/api.w.org\/{rel}","templated":true}]}}