{"id":137781,"date":"2026-04-28T10:30:37","date_gmt":"2026-04-28T08:30:37","guid":{"rendered":"https:\/\/webshopdistricoscom.webhosting.be\/product\/midmark-class-b-autoclave-18-l-ref-8025-25\/"},"modified":"2026-04-28T10:30:40","modified_gmt":"2026-04-28T08:30:40","slug":"midmark-class-b-autoclave-18-l-ref-8025-25","status":"publish","type":"product","link":"https:\/\/districos.standingout.be\/fr\/product\/midmark-class-b-autoclave-18-l-ref-8025-25\/","title":{"rendered":"Midmark Class B Autoclave 18 l"},"content":{"rendered":"<p >\n<p dir=ltr>St\u00e9rilit\u00e9, de superflu \u00e0 indispensable !<\/p>\n<p> L\u2019hygi\u00e8ne dans le cabinet de p\u00e9dicure\/podologue, une donn\u00e9e qui \u00e9volue constamment o\u00f9 Districos \u2013 Savoir Acheter, \u00e9volue avec. Vous retrouverez chez Districos non seulement des produits de d\u00e9sinfection, des nettoyeurs \u00e0 ultrasons et des fours \u00e0 air chaud, mais maintenant aussi des autoclaves de type B (le seul type qui garantit la st\u00e9rilit\u00e9 de tous vos instruments). Non seulement pour des conseils, le services mais \u00e9galement tous les accessoires. Venez donc certainement nous rendre visite dans notre showroom ou prenez rendez-vous avec l\u2019un de nos sp\u00e9cialistes, afin de vous informer de toutes les options lors d\u2019un entretien personnel.<\/p>\n<p> Chaque prestataire de soins se doit de traiter son patient du mieux possible. Travailler avec des instruments st\u00e9riles est devenu une exigence mais \u00e9galement un mal n\u00e9cessaire pour vous en temps que soigneurs. La st\u00e9rilisation doit pouvoir \u00eatre garantie dans tous les traitements exig\u00e9s mais \u00e9galement lorsque votre st\u00e9rilisateur tombe en panne, c\u2019est pourquoi, vous avez besoin d\u2019un appareil conforme aux normes de st\u00e9rilisation, fiable et facile \u00e0 utiliser. Districos a fait le tour du march\u00e9 et a choisi Midmark. Il ne livre que des autoclaves de type B, le seul type a vous garantir une st\u00e9rilisation parfaite. De plus, leurs appareils sont au top point de vue mode d\u2019emploi pour l\u2019utilisateur mais \u00e9galement \u00e0 des prix abordables. Midmark b\u00e9n\u00e9ficie de plus de 50 ans d\u2019exp\u00e9rience dans ce domaine mais aussi dans d\u2019autres secteurs m\u00e9dicaux. <\/p>\n<p> <b><i>Midmark , pas seulement le premier, mais bien le meilleur !<\/i><\/b> <\/p>\n<h3>Autoclave Classe B;&nbsp;CE conforme&nbsp;<\/h3>\n<p> <\/p>\n<ul> <\/p>\n<li>Dispositifs m\u00e9dicaux 93\/42\/CE<\/li>\n<p> <\/p>\n<li>R\u00e9cipients sous pression 97\/23\/CE<\/li>\n<p> <\/p>\n<li>Gestion des d\u00e9chets d\u2019\u00e9quipements \u00e9lectriques et \u00e9lectroniques 2002\/96\/CE<\/li>\n<p> <\/p>\n<li>Petits st\u00e9rilisateurs \u00e0 la vapeur EN 13060<\/li>\n<p> <\/p>\n<li>R\u00e8gles de s\u00e9curit\u00e9 pour appareils \u00e9lectriques de mesurage, de r\u00e9gulation et de laboratoire CEI 61010-1<\/li>\n<p> <\/p>\n<li>R\u00e8gles de s\u00e9curit\u00e9 pour st\u00e9rilisateurs CEI EN 61010-2-040<\/li>\n<p> <\/p>\n<li>Compatibilit\u00e9 \u00e9lectromagn\u00e9tique CEI EN 61326<\/li>\n<p> <\/ul>\n<h3><b>FIABILIT\u00c9<\/b><\/h3>\n<p> <\/p>\n<ul> <\/p>\n<li>Tra\u00e7abilit\u00e9 des donn\u00e9es et imprimante int\u00e9gr\u00e9e<\/li>\n<p> <\/p>\n<li>Cycles test Bowie &amp; Dick, Helix et test de vide<\/li>\n<p> <\/ul>\n<h3><b>FACILIT\u00c9 D\u2019EMPLOI<\/b><\/h3>\n<p> <\/p>\n<ul> <\/p>\n<li>Cycles de st\u00e9rilisation pr\u00e9programm\u00e9.<\/li>\n<p> <\/p>\n<li>Remplissage\/vidange en eau par pompe automatique.<\/li>\n<p> <\/p>\n<li>Impression automatique du cycle de st\u00e9rilisation.<\/li>\n<p> <\/p>\n<li>Affichage programmable dans votre langue (e.a. Fran\u00e7ais &amp; N\u00e9erlandais).<\/li>\n<p> <\/p>\n<li>Technologie QuikSteam qui vous permet d\u2019\u00e9conomiser jusqu\u2019\u00e0 20% de temps, d\u2019eau et d\u2019\u00e9nergie.<\/li>\n<p> <\/p>\n<li>Fermeture de porte automatique.<\/li>\n<p> <\/ul>\n<h3><b>CARACT\u00c9RISTIQUES <\/b><b>TECHNIQUES<\/b><\/h3>\n<p> <\/p>\n<ul> <\/p>\n<li>Volume de la chambre: 18L<\/li>\n<p> <\/p>\n<li>Masse st\u00e9rilisable sous emballage: 2,5kg<\/li>\n<p> <\/p>\n<li>Masse st\u00e9rilisable libre: 4kg<\/li>\n<p> <\/p>\n<li>Mat\u00e9riel poreux: 1kg<\/li>\n<p> <\/p>\n<li>Nombre de cycles avec une charge d\u2019eau:8<\/li>\n<p> <\/p>\n<li>USB-DataLogger: NON<\/li>\n<p> <\/p>\n<li>Poids de la machine \u00e0 vide: 56kg<\/li>\n<p> <\/ul>\n<h3><b>DIMENSIONS <\/b><b>EXT\u00c9RIEURES<\/b><\/h3>\n<p> <\/p>\n<ul> <\/p>\n<li>Profondeur: 610 mm<\/li>\n<p> <\/p>\n<li>Largeur: 505 mm<\/li>\n<p> <\/p>\n<li>Hauteur: 400 mm<\/li>\n<p> <\/p>\n<li>Tension d\u2019alimentation: 220 \u2013 240 V<\/li>\n<p> <\/p>\n<li>Fr\u00e9quence du secteur: 50 \u2013 60 Hz<\/li>\n<p> <\/p>\n<li>Puissance nominale: 2400 W<\/li>\n<p> <\/ul>\n<h3><b>DIMENSIONS DES <\/b><b>PLATEAUX EN INOX (profondeur de cuve)<\/b><\/h3>\n<p> <\/p>\n<ul> <\/p>\n<li>4 Plateaux: 285 x 185 x 17<\/li>\n<p> <\/ul><\/p>\n","protected":false},"excerpt":{"rendered":"<p>St\u00e9rilit\u00e9, de superflu \u00e0 indispensable ! L\u2019hygi\u00e8ne dans le cabinet de p\u00e9dicure\/podologue, une donn\u00e9e qui \u00e9volue constamment o\u00f9 Districos \u2013 Savoir Acheter, \u00e9volue avec. Vous retrouverez chez Districos non seulement des produits de d\u00e9sinfection, des nettoyeurs \u00e0 ultrasons et des fours \u00e0 air chaud, mais maintenant aussi des autoclaves de type B (le seul type [&hellip;]<\/p>\n","protected":false},"featured_media":79127,"comment_status":"open","ping_status":"closed","template":"","meta":{"_acf_changed":false},"product_brand":[10482],"product_cat":[9990,10120],"product_tag":[],"class_list":{"0":"post-137781","1":"product","2":"type-product","3":"status-publish","4":"has-post-thumbnail","6":"product_brand-midmark-fr","7":"product_cat-soins-des-pieds-podologie-desinfection-nettoyage-equipement","8":"product_cat-hygiene-articles-jetables-desinfection-nettoyage-equipement","10":"first","11":"outofstock","12":"taxable","13":"shipping-taxable","14":"product-type-simple"},"acf":[],"yoast_head":"<!-- This site is optimized with the Yoast SEO plugin v27.3 - https:\/\/yoast.com\/product\/yoast-seo-wordpress\/ -->\n<title>Midmark Class B Autoclave 18 l - Districos Webshop<\/title>\n<meta name=\"robots\" content=\"noindex, follow, max-snippet:-1, max-image-preview:large, max-video-preview:-1\" \/>\n<meta property=\"og:locale\" content=\"fr_FR\" \/>\n<meta property=\"og:type\" content=\"article\" \/>\n<meta property=\"og:title\" content=\"Midmark Class B Autoclave 18 l - Districos Webshop\" \/>\n<meta property=\"og:description\" content=\"St\u00e9rilit\u00e9, de superflu \u00e0 indispensable ! L\u2019hygi\u00e8ne dans le cabinet de p\u00e9dicure\/podologue, une donn\u00e9e qui \u00e9volue constamment o\u00f9 Districos \u2013 Savoir Acheter, \u00e9volue avec. Vous retrouverez chez Districos non seulement des produits de d\u00e9sinfection, des nettoyeurs \u00e0 ultrasons et des fours \u00e0 air chaud, mais maintenant aussi des autoclaves de type B (le seul type [&hellip;]\" \/>\n<meta property=\"og:url\" content=\"https:\/\/districos.standingout.be\/fr\/product\/midmark-class-b-autoclave-18-l-ref-8025-25\/\" \/>\n<meta property=\"og:site_name\" content=\"Districos Webshop\" \/>\n<meta property=\"article:modified_time\" content=\"2026-04-28T08:30:40+00:00\" \/>\n<meta name=\"twitter:card\" content=\"summary_large_image\" \/>\n<meta name=\"twitter:label1\" content=\"Dur\u00e9e de lecture estim\u00e9e\" \/>\n\t<meta name=\"twitter:data1\" content=\"2 minutes\" \/>\n<script type=\"application\/ld+json\" class=\"yoast-schema-graph\">{\"@context\":\"https:\\\/\\\/schema.org\",\"@graph\":[{\"@type\":\"WebPage\",\"@id\":\"https:\\\/\\\/districos.standingout.be\\\/fr\\\/product\\\/midmark-class-b-autoclave-18-l-ref-8025-25\\\/\",\"url\":\"https:\\\/\\\/districos.standingout.be\\\/fr\\\/product\\\/midmark-class-b-autoclave-18-l-ref-8025-25\\\/\",\"name\":\"Midmark Class B Autoclave 18 l - Districos Webshop\",\"isPartOf\":{\"@id\":\"https:\\\/\\\/districos.standingout.be\\\/fr\\\/#website\"},\"primaryImageOfPage\":{\"@id\":\"https:\\\/\\\/districos.standingout.be\\\/fr\\\/product\\\/midmark-class-b-autoclave-18-l-ref-8025-25\\\/#primaryimage\"},\"image\":{\"@id\":\"https:\\\/\\\/districos.standingout.be\\\/fr\\\/product\\\/midmark-class-b-autoclave-18-l-ref-8025-25\\\/#primaryimage\"},\"thumbnailUrl\":\"https:\\\/\\\/districos.standingout.be\\\/wp-content\\\/uploads\\\/2025\\\/07\\\/8025.25@HighRes_0_99.png\",\"datePublished\":\"2026-04-28T08:30:37+00:00\",\"dateModified\":\"2026-04-28T08:30:40+00:00\",\"breadcrumb\":{\"@id\":\"https:\\\/\\\/districos.standingout.be\\\/fr\\\/product\\\/midmark-class-b-autoclave-18-l-ref-8025-25\\\/#breadcrumb\"},\"inLanguage\":\"fr-FR\",\"potentialAction\":[{\"@type\":\"ReadAction\",\"target\":[\"https:\\\/\\\/districos.standingout.be\\\/fr\\\/product\\\/midmark-class-b-autoclave-18-l-ref-8025-25\\\/\"]}]},{\"@type\":\"ImageObject\",\"inLanguage\":\"fr-FR\",\"@id\":\"https:\\\/\\\/districos.standingout.be\\\/fr\\\/product\\\/midmark-class-b-autoclave-18-l-ref-8025-25\\\/#primaryimage\",\"url\":\"https:\\\/\\\/districos.standingout.be\\\/wp-content\\\/uploads\\\/2025\\\/07\\\/8025.25@HighRes_0_99.png\",\"contentUrl\":\"https:\\\/\\\/districos.standingout.be\\\/wp-content\\\/uploads\\\/2025\\\/07\\\/8025.25@HighRes_0_99.png\",\"width\":600,\"height\":600},{\"@type\":\"BreadcrumbList\",\"@id\":\"https:\\\/\\\/districos.standingout.be\\\/fr\\\/product\\\/midmark-class-b-autoclave-18-l-ref-8025-25\\\/#breadcrumb\",\"itemListElement\":[{\"@type\":\"ListItem\",\"position\":1,\"name\":\"Home\",\"item\":\"https:\\\/\\\/districos.standingout.be\\\/fr\\\/bienvenue-chez-districos\\\/\"},{\"@type\":\"ListItem\",\"position\":2,\"name\":\"Boutique\",\"item\":\"https:\\\/\\\/districos.standingout.be\\\/fr\\\/boutique\\\/\"},{\"@type\":\"ListItem\",\"position\":3,\"name\":\"Midmark Class B Autoclave 18 l\"}]},{\"@type\":\"WebSite\",\"@id\":\"https:\\\/\\\/districos.standingout.be\\\/fr\\\/#website\",\"url\":\"https:\\\/\\\/districos.standingout.be\\\/fr\\\/\",\"name\":\"Districos Webshop\",\"description\":\"\",\"publisher\":{\"@id\":\"https:\\\/\\\/districos.standingout.be\\\/fr\\\/#organization\"},\"potentialAction\":[{\"@type\":\"SearchAction\",\"target\":{\"@type\":\"EntryPoint\",\"urlTemplate\":\"https:\\\/\\\/districos.standingout.be\\\/fr\\\/?s={search_term_string}\"},\"query-input\":{\"@type\":\"PropertyValueSpecification\",\"valueRequired\":true,\"valueName\":\"search_term_string\"}}],\"inLanguage\":\"fr-FR\"},{\"@type\":\"Organization\",\"@id\":\"https:\\\/\\\/districos.standingout.be\\\/fr\\\/#organization\",\"name\":\"Districos Webshop\",\"url\":\"https:\\\/\\\/districos.standingout.be\\\/fr\\\/\",\"logo\":{\"@type\":\"ImageObject\",\"inLanguage\":\"fr-FR\",\"@id\":\"https:\\\/\\\/districos.standingout.be\\\/fr\\\/#\\\/schema\\\/logo\\\/image\\\/\",\"url\":\"https:\\\/\\\/districos.standingout.be\\\/wp-content\\\/uploads\\\/2022\\\/09\\\/Districos_Logo_Webshop.svg\",\"contentUrl\":\"https:\\\/\\\/districos.standingout.be\\\/wp-content\\\/uploads\\\/2022\\\/09\\\/Districos_Logo_Webshop.svg\",\"caption\":\"Districos Webshop\"},\"image\":{\"@id\":\"https:\\\/\\\/districos.standingout.be\\\/fr\\\/#\\\/schema\\\/logo\\\/image\\\/\"}}]}<\/script>\n<!-- \/ Yoast SEO plugin. -->","yoast_head_json":{"title":"Midmark Class B Autoclave 18 l - Districos Webshop","robots":{"index":"noindex","follow":"follow","max-snippet":"max-snippet:-1","max-image-preview":"max-image-preview:large","max-video-preview":"max-video-preview:-1"},"og_locale":"fr_FR","og_type":"article","og_title":"Midmark Class B Autoclave 18 l - Districos Webshop","og_description":"St\u00e9rilit\u00e9, de superflu \u00e0 indispensable ! L\u2019hygi\u00e8ne dans le cabinet de p\u00e9dicure\/podologue, une donn\u00e9e qui \u00e9volue constamment o\u00f9 Districos \u2013 Savoir Acheter, \u00e9volue avec. Vous retrouverez chez Districos non seulement des produits de d\u00e9sinfection, des nettoyeurs \u00e0 ultrasons et des fours \u00e0 air chaud, mais maintenant aussi des autoclaves de type B (le seul type [&hellip;]","og_url":"https:\/\/districos.standingout.be\/fr\/product\/midmark-class-b-autoclave-18-l-ref-8025-25\/","og_site_name":"Districos Webshop","article_modified_time":"2026-04-28T08:30:40+00:00","twitter_card":"summary_large_image","twitter_misc":{"Dur\u00e9e de lecture estim\u00e9e":"2 minutes"},"schema":{"@context":"https:\/\/schema.org","@graph":[{"@type":"WebPage","@id":"https:\/\/districos.standingout.be\/fr\/product\/midmark-class-b-autoclave-18-l-ref-8025-25\/","url":"https:\/\/districos.standingout.be\/fr\/product\/midmark-class-b-autoclave-18-l-ref-8025-25\/","name":"Midmark Class B Autoclave 18 l - Districos Webshop","isPartOf":{"@id":"https:\/\/districos.standingout.be\/fr\/#website"},"primaryImageOfPage":{"@id":"https:\/\/districos.standingout.be\/fr\/product\/midmark-class-b-autoclave-18-l-ref-8025-25\/#primaryimage"},"image":{"@id":"https:\/\/districos.standingout.be\/fr\/product\/midmark-class-b-autoclave-18-l-ref-8025-25\/#primaryimage"},"thumbnailUrl":"https:\/\/districos.standingout.be\/wp-content\/uploads\/2025\/07\/8025.25@HighRes_0_99.png","datePublished":"2026-04-28T08:30:37+00:00","dateModified":"2026-04-28T08:30:40+00:00","breadcrumb":{"@id":"https:\/\/districos.standingout.be\/fr\/product\/midmark-class-b-autoclave-18-l-ref-8025-25\/#breadcrumb"},"inLanguage":"fr-FR","potentialAction":[{"@type":"ReadAction","target":["https:\/\/districos.standingout.be\/fr\/product\/midmark-class-b-autoclave-18-l-ref-8025-25\/"]}]},{"@type":"ImageObject","inLanguage":"fr-FR","@id":"https:\/\/districos.standingout.be\/fr\/product\/midmark-class-b-autoclave-18-l-ref-8025-25\/#primaryimage","url":"https:\/\/districos.standingout.be\/wp-content\/uploads\/2025\/07\/8025.25@HighRes_0_99.png","contentUrl":"https:\/\/districos.standingout.be\/wp-content\/uploads\/2025\/07\/8025.25@HighRes_0_99.png","width":600,"height":600},{"@type":"BreadcrumbList","@id":"https:\/\/districos.standingout.be\/fr\/product\/midmark-class-b-autoclave-18-l-ref-8025-25\/#breadcrumb","itemListElement":[{"@type":"ListItem","position":1,"name":"Home","item":"https:\/\/districos.standingout.be\/fr\/bienvenue-chez-districos\/"},{"@type":"ListItem","position":2,"name":"Boutique","item":"https:\/\/districos.standingout.be\/fr\/boutique\/"},{"@type":"ListItem","position":3,"name":"Midmark Class B Autoclave 18 l"}]},{"@type":"WebSite","@id":"https:\/\/districos.standingout.be\/fr\/#website","url":"https:\/\/districos.standingout.be\/fr\/","name":"Districos Webshop","description":"","publisher":{"@id":"https:\/\/districos.standingout.be\/fr\/#organization"},"potentialAction":[{"@type":"SearchAction","target":{"@type":"EntryPoint","urlTemplate":"https:\/\/districos.standingout.be\/fr\/?s={search_term_string}"},"query-input":{"@type":"PropertyValueSpecification","valueRequired":true,"valueName":"search_term_string"}}],"inLanguage":"fr-FR"},{"@type":"Organization","@id":"https:\/\/districos.standingout.be\/fr\/#organization","name":"Districos Webshop","url":"https:\/\/districos.standingout.be\/fr\/","logo":{"@type":"ImageObject","inLanguage":"fr-FR","@id":"https:\/\/districos.standingout.be\/fr\/#\/schema\/logo\/image\/","url":"https:\/\/districos.standingout.be\/wp-content\/uploads\/2022\/09\/Districos_Logo_Webshop.svg","contentUrl":"https:\/\/districos.standingout.be\/wp-content\/uploads\/2022\/09\/Districos_Logo_Webshop.svg","caption":"Districos Webshop"},"image":{"@id":"https:\/\/districos.standingout.be\/fr\/#\/schema\/logo\/image\/"}}]}},"_links":{"self":[{"href":"https:\/\/districos.standingout.be\/fr\/wp-json\/wp\/v2\/product\/137781","targetHints":{"allow":["GET"]}}],"collection":[{"href":"https:\/\/districos.standingout.be\/fr\/wp-json\/wp\/v2\/product"}],"about":[{"href":"https:\/\/districos.standingout.be\/fr\/wp-json\/wp\/v2\/types\/product"}],"replies":[{"embeddable":true,"href":"https:\/\/districos.standingout.be\/fr\/wp-json\/wp\/v2\/comments?post=137781"}],"wp:featuredmedia":[{"embeddable":true,"href":"https:\/\/districos.standingout.be\/fr\/wp-json\/wp\/v2\/media\/79127"}],"wp:attachment":[{"href":"https:\/\/districos.standingout.be\/fr\/wp-json\/wp\/v2\/media?parent=137781"}],"wp:term":[{"taxonomy":"product_brand","embeddable":true,"href":"https:\/\/districos.standingout.be\/fr\/wp-json\/wp\/v2\/product_brand?post=137781"},{"taxonomy":"product_cat","embeddable":true,"href":"https:\/\/districos.standingout.be\/fr\/wp-json\/wp\/v2\/product_cat?post=137781"},{"taxonomy":"product_tag","embeddable":true,"href":"https:\/\/districos.standingout.be\/fr\/wp-json\/wp\/v2\/product_tag?post=137781"}],"curies":[{"name":"wp","href":"https:\/\/api.w.org\/{rel}","templated":true}]}}