{"id":137787,"date":"2026-04-28T10:30:46","date_gmt":"2026-04-28T08:30:46","guid":{"rendered":"https:\/\/webshopdistricoscom.webhosting.be\/product\/hydriade-multisteril-ref-8025-32-2\/"},"modified":"2026-04-28T10:30:49","modified_gmt":"2026-04-28T08:30:49","slug":"hydriade-multisteril-ref-8025-32","status":"publish","type":"product","link":"https:\/\/districos.standingout.be\/fr\/product\/hydriade-multisteril-ref-8025-32\/","title":{"rendered":"Hydriade Multisteril"},"content":{"rendered":"<p >\n<\/p>\n<\/p>\n<p><span><b><font size=\"3\">Hydriade &#8211; facilite votre proc\u00e9dure de st\u00e9rilisation<\/font><\/b><span><o:p><\/o:p><\/span><\/span><\/p>\n<p><span><b>Id\u00e9al pour un cabinet de groupe<\/b><br \/> Manque de temps. Chaque cabinet \u00e0 succ\u00e8s sait de quoi on parle, l\u2019agenda est rempli, mais les demandes continuent \u00e0 rentrer et il faut faire des changements l\u00e0 o\u00f9 c\u2019est possible. Le nettoyage, la d\u00e9sinfection et la st\u00e9rilisation est une perte de temps pour beaucoup de cabinet. Apr\u00e8s l\u2019utilisation de vos instruments, vous devez les nettoyer, d\u00e9sinfecter, rincer et s\u00e9cher avant de pouvoir les emballer et les placer dans l\u2019autoclave. Chaque \u00e9tape prend du temps, ne peut \u00eatre fait en 1 x et doit, de plus, \u00eatre accomplie soigneusement. Si vous ne le faites pas de cette fa\u00e7on, vous ne parvenez pas \u00e0 une st\u00e9rilisation parfaite.<br \/> Avec l\u2019Hydriade vous savez r\u00e9duire \u00e0 1 \u00e9tape le nettoyage, la d\u00e9sinfection, le rin\u00e7age et le s\u00e9chage. Vous ne devez plus que placer vos instruments dans l\u2019Hydriade et appuyer sur Start. Toutes les \u00e9tapes sont effectu\u00e9es et vous savez, \u00e0 la fin du cycle, emballer vos instruments secs et les placer dans l\u2019autoclave. De plus, tout le monde sait se servir de l\u2019appareil, ce qui le rend id\u00e9al pour dans un cabinet de groupe. Donc m\u00eame la r\u00e9ceptionniste, lorsqu\u2019elle a 5 minutes, peut placer le mat\u00e9riel utilis\u00e9 \u00e0 l\u2019int\u00e9rieur et lancer le cycle. Ou vous pouvez convenir avec vos coll\u00e8gues de lancer l\u2019appareil une fois plein. Mais \u00e9galement lorsque vous travailler seul, vous pouvez gagner \u00e9norm\u00e9ment de temps afin de pouvoir vous concentrer sur les soins \u00e0 donner !<br \/> <o:p><\/o:p><\/span><\/p>\n<p><span><b>Caract\u00e9ristiques techniques :<\/b><o:p><\/o:p><\/span><\/p>\n<\/p>\n<ul>\n<li><span>Facile \u00e0 utiliser et conforme avec le cycle de st\u00e9rilisation. L\u2019Hydriade d\u00e9sinfecte, nettoie \u00e0 ultrason, rince et s\u00e8che afin que vos instruments soient pr\u00eats \u00e0 \u00eatre mis dans l\u2019autoclave.<\/span><\/li>\n<li><span>3 cycles pr\u00e9programm\u00e9s, adaptable \u00e0 vos besoins<\/span><\/li>\n<li><span>Dimensions appareil (L x l x H en mm): 412 x 415 x 450<\/span><\/li>\n<li><span>Dimensions cuve en inox (L x l x H en mm): 322 x 120 x 227<\/span><\/li>\n<li><span>Volume cuve en inox: 9L<\/span><\/li>\n<li><span>Poids de la machine \u00e0 vide: 20kg<\/span><\/li>\n<li><span>Consommation maximale: 1,5 kW<\/span><\/li>\n<li><span>Puissance ultrason: 39 KHz \/ 4 transformateurs<\/span><\/li>\n<li><span>Tension d\u2019alimentation: 230V \u2013 50Hz<\/span><\/li>\n<\/ul>\n<div><font face=\"Verdana, sans-serif\"><b>\u00c9galement disponible :<\/b><\/font><\/div>\n<div>\n<ul>\n<li><font face=\"Verdana, sans-serif\">Id\u00e9al pour une utilisation avec le Hydriade Multisteril D\u00e9tergent (r\u00e9f. 8025.550)<\/font><\/li>\n<\/ul>\n<\/div>\n<div><font face=\"Verdana, sans-serif\"><b><br \/><\/b><\/font><\/div><\/p>\n","protected":false},"excerpt":{"rendered":"<p>Hydriade &#8211; facilite votre proc\u00e9dure de st\u00e9rilisation Id\u00e9al pour un cabinet de groupe Manque de temps. Chaque cabinet \u00e0 succ\u00e8s sait de quoi on parle, l\u2019agenda est rempli, mais les demandes continuent \u00e0 rentrer et il faut faire des changements l\u00e0 o\u00f9 c\u2019est possible. Le nettoyage, la d\u00e9sinfection et la st\u00e9rilisation est une perte de [&hellip;]<\/p>\n","protected":false},"featured_media":111113,"comment_status":"open","ping_status":"closed","template":"","meta":{"_acf_changed":false},"product_brand":[10482],"product_cat":[9990,10120],"product_tag":[],"class_list":{"0":"post-137787","1":"product","2":"type-product","3":"status-publish","4":"has-post-thumbnail","6":"product_brand-midmark-fr","7":"product_cat-soins-des-pieds-podologie-desinfection-nettoyage-equipement","8":"product_cat-hygiene-articles-jetables-desinfection-nettoyage-equipement","10":"first","11":"outofstock","12":"taxable","13":"shipping-taxable","14":"product-type-simple"},"acf":[],"yoast_head":"<!-- This site is optimized with the Yoast SEO plugin v27.3 - https:\/\/yoast.com\/product\/yoast-seo-wordpress\/ -->\n<title>Hydriade Multisteril - Districos Webshop<\/title>\n<meta name=\"robots\" content=\"noindex, follow, max-snippet:-1, max-image-preview:large, max-video-preview:-1\" \/>\n<meta property=\"og:locale\" content=\"fr_FR\" \/>\n<meta property=\"og:type\" content=\"article\" \/>\n<meta property=\"og:title\" content=\"Hydriade Multisteril - Districos Webshop\" \/>\n<meta property=\"og:description\" content=\"Hydriade &#8211; facilite votre proc\u00e9dure de st\u00e9rilisation Id\u00e9al pour un cabinet de groupe Manque de temps. Chaque cabinet \u00e0 succ\u00e8s sait de quoi on parle, l\u2019agenda est rempli, mais les demandes continuent \u00e0 rentrer et il faut faire des changements l\u00e0 o\u00f9 c\u2019est possible. Le nettoyage, la d\u00e9sinfection et la st\u00e9rilisation est une perte de [&hellip;]\" \/>\n<meta property=\"og:url\" content=\"https:\/\/districos.standingout.be\/fr\/product\/hydriade-multisteril-ref-8025-32\/\" \/>\n<meta property=\"og:site_name\" content=\"Districos Webshop\" \/>\n<meta property=\"article:modified_time\" content=\"2026-04-28T08:30:49+00:00\" \/>\n<meta name=\"twitter:card\" content=\"summary_large_image\" \/>\n<meta name=\"twitter:label1\" content=\"Dur\u00e9e de lecture estim\u00e9e\" \/>\n\t<meta name=\"twitter:data1\" content=\"2 minutes\" \/>\n<script type=\"application\/ld+json\" class=\"yoast-schema-graph\">{\"@context\":\"https:\\\/\\\/schema.org\",\"@graph\":[{\"@type\":\"WebPage\",\"@id\":\"https:\\\/\\\/districos.standingout.be\\\/fr\\\/product\\\/hydriade-multisteril-ref-8025-32\\\/\",\"url\":\"https:\\\/\\\/districos.standingout.be\\\/fr\\\/product\\\/hydriade-multisteril-ref-8025-32\\\/\",\"name\":\"Hydriade Multisteril - Districos Webshop\",\"isPartOf\":{\"@id\":\"https:\\\/\\\/districos.standingout.be\\\/fr\\\/#website\"},\"primaryImageOfPage\":{\"@id\":\"https:\\\/\\\/districos.standingout.be\\\/fr\\\/product\\\/hydriade-multisteril-ref-8025-32\\\/#primaryimage\"},\"image\":{\"@id\":\"https:\\\/\\\/districos.standingout.be\\\/fr\\\/product\\\/hydriade-multisteril-ref-8025-32\\\/#primaryimage\"},\"thumbnailUrl\":\"https:\\\/\\\/districos.standingout.be\\\/wp-content\\\/uploads\\\/2026\\\/03\\\/8025.32@LowRes_0_99.png\",\"datePublished\":\"2026-04-28T08:30:46+00:00\",\"dateModified\":\"2026-04-28T08:30:49+00:00\",\"breadcrumb\":{\"@id\":\"https:\\\/\\\/districos.standingout.be\\\/fr\\\/product\\\/hydriade-multisteril-ref-8025-32\\\/#breadcrumb\"},\"inLanguage\":\"fr-FR\",\"potentialAction\":[{\"@type\":\"ReadAction\",\"target\":[\"https:\\\/\\\/districos.standingout.be\\\/fr\\\/product\\\/hydriade-multisteril-ref-8025-32\\\/\"]}]},{\"@type\":\"ImageObject\",\"inLanguage\":\"fr-FR\",\"@id\":\"https:\\\/\\\/districos.standingout.be\\\/fr\\\/product\\\/hydriade-multisteril-ref-8025-32\\\/#primaryimage\",\"url\":\"https:\\\/\\\/districos.standingout.be\\\/wp-content\\\/uploads\\\/2026\\\/03\\\/8025.32@LowRes_0_99.png\",\"contentUrl\":\"https:\\\/\\\/districos.standingout.be\\\/wp-content\\\/uploads\\\/2026\\\/03\\\/8025.32@LowRes_0_99.png\",\"width\":600,\"height\":600},{\"@type\":\"BreadcrumbList\",\"@id\":\"https:\\\/\\\/districos.standingout.be\\\/fr\\\/product\\\/hydriade-multisteril-ref-8025-32\\\/#breadcrumb\",\"itemListElement\":[{\"@type\":\"ListItem\",\"position\":1,\"name\":\"Home\",\"item\":\"https:\\\/\\\/districos.standingout.be\\\/fr\\\/bienvenue-chez-districos\\\/\"},{\"@type\":\"ListItem\",\"position\":2,\"name\":\"Boutique\",\"item\":\"https:\\\/\\\/districos.standingout.be\\\/fr\\\/boutique\\\/\"},{\"@type\":\"ListItem\",\"position\":3,\"name\":\"Hydriade Multisteril\"}]},{\"@type\":\"WebSite\",\"@id\":\"https:\\\/\\\/districos.standingout.be\\\/fr\\\/#website\",\"url\":\"https:\\\/\\\/districos.standingout.be\\\/fr\\\/\",\"name\":\"Districos Webshop\",\"description\":\"\",\"publisher\":{\"@id\":\"https:\\\/\\\/districos.standingout.be\\\/fr\\\/#organization\"},\"potentialAction\":[{\"@type\":\"SearchAction\",\"target\":{\"@type\":\"EntryPoint\",\"urlTemplate\":\"https:\\\/\\\/districos.standingout.be\\\/fr\\\/?s={search_term_string}\"},\"query-input\":{\"@type\":\"PropertyValueSpecification\",\"valueRequired\":true,\"valueName\":\"search_term_string\"}}],\"inLanguage\":\"fr-FR\"},{\"@type\":\"Organization\",\"@id\":\"https:\\\/\\\/districos.standingout.be\\\/fr\\\/#organization\",\"name\":\"Districos Webshop\",\"url\":\"https:\\\/\\\/districos.standingout.be\\\/fr\\\/\",\"logo\":{\"@type\":\"ImageObject\",\"inLanguage\":\"fr-FR\",\"@id\":\"https:\\\/\\\/districos.standingout.be\\\/fr\\\/#\\\/schema\\\/logo\\\/image\\\/\",\"url\":\"https:\\\/\\\/districos.standingout.be\\\/wp-content\\\/uploads\\\/2022\\\/09\\\/Districos_Logo_Webshop.svg\",\"contentUrl\":\"https:\\\/\\\/districos.standingout.be\\\/wp-content\\\/uploads\\\/2022\\\/09\\\/Districos_Logo_Webshop.svg\",\"caption\":\"Districos Webshop\"},\"image\":{\"@id\":\"https:\\\/\\\/districos.standingout.be\\\/fr\\\/#\\\/schema\\\/logo\\\/image\\\/\"}}]}<\/script>\n<!-- \/ Yoast SEO plugin. -->","yoast_head_json":{"title":"Hydriade Multisteril - Districos Webshop","robots":{"index":"noindex","follow":"follow","max-snippet":"max-snippet:-1","max-image-preview":"max-image-preview:large","max-video-preview":"max-video-preview:-1"},"og_locale":"fr_FR","og_type":"article","og_title":"Hydriade Multisteril - Districos Webshop","og_description":"Hydriade &#8211; facilite votre proc\u00e9dure de st\u00e9rilisation Id\u00e9al pour un cabinet de groupe Manque de temps. Chaque cabinet \u00e0 succ\u00e8s sait de quoi on parle, l\u2019agenda est rempli, mais les demandes continuent \u00e0 rentrer et il faut faire des changements l\u00e0 o\u00f9 c\u2019est possible. Le nettoyage, la d\u00e9sinfection et la st\u00e9rilisation est une perte de [&hellip;]","og_url":"https:\/\/districos.standingout.be\/fr\/product\/hydriade-multisteril-ref-8025-32\/","og_site_name":"Districos Webshop","article_modified_time":"2026-04-28T08:30:49+00:00","twitter_card":"summary_large_image","twitter_misc":{"Dur\u00e9e de lecture estim\u00e9e":"2 minutes"},"schema":{"@context":"https:\/\/schema.org","@graph":[{"@type":"WebPage","@id":"https:\/\/districos.standingout.be\/fr\/product\/hydriade-multisteril-ref-8025-32\/","url":"https:\/\/districos.standingout.be\/fr\/product\/hydriade-multisteril-ref-8025-32\/","name":"Hydriade Multisteril - Districos Webshop","isPartOf":{"@id":"https:\/\/districos.standingout.be\/fr\/#website"},"primaryImageOfPage":{"@id":"https:\/\/districos.standingout.be\/fr\/product\/hydriade-multisteril-ref-8025-32\/#primaryimage"},"image":{"@id":"https:\/\/districos.standingout.be\/fr\/product\/hydriade-multisteril-ref-8025-32\/#primaryimage"},"thumbnailUrl":"https:\/\/districos.standingout.be\/wp-content\/uploads\/2026\/03\/8025.32@LowRes_0_99.png","datePublished":"2026-04-28T08:30:46+00:00","dateModified":"2026-04-28T08:30:49+00:00","breadcrumb":{"@id":"https:\/\/districos.standingout.be\/fr\/product\/hydriade-multisteril-ref-8025-32\/#breadcrumb"},"inLanguage":"fr-FR","potentialAction":[{"@type":"ReadAction","target":["https:\/\/districos.standingout.be\/fr\/product\/hydriade-multisteril-ref-8025-32\/"]}]},{"@type":"ImageObject","inLanguage":"fr-FR","@id":"https:\/\/districos.standingout.be\/fr\/product\/hydriade-multisteril-ref-8025-32\/#primaryimage","url":"https:\/\/districos.standingout.be\/wp-content\/uploads\/2026\/03\/8025.32@LowRes_0_99.png","contentUrl":"https:\/\/districos.standingout.be\/wp-content\/uploads\/2026\/03\/8025.32@LowRes_0_99.png","width":600,"height":600},{"@type":"BreadcrumbList","@id":"https:\/\/districos.standingout.be\/fr\/product\/hydriade-multisteril-ref-8025-32\/#breadcrumb","itemListElement":[{"@type":"ListItem","position":1,"name":"Home","item":"https:\/\/districos.standingout.be\/fr\/bienvenue-chez-districos\/"},{"@type":"ListItem","position":2,"name":"Boutique","item":"https:\/\/districos.standingout.be\/fr\/boutique\/"},{"@type":"ListItem","position":3,"name":"Hydriade Multisteril"}]},{"@type":"WebSite","@id":"https:\/\/districos.standingout.be\/fr\/#website","url":"https:\/\/districos.standingout.be\/fr\/","name":"Districos Webshop","description":"","publisher":{"@id":"https:\/\/districos.standingout.be\/fr\/#organization"},"potentialAction":[{"@type":"SearchAction","target":{"@type":"EntryPoint","urlTemplate":"https:\/\/districos.standingout.be\/fr\/?s={search_term_string}"},"query-input":{"@type":"PropertyValueSpecification","valueRequired":true,"valueName":"search_term_string"}}],"inLanguage":"fr-FR"},{"@type":"Organization","@id":"https:\/\/districos.standingout.be\/fr\/#organization","name":"Districos Webshop","url":"https:\/\/districos.standingout.be\/fr\/","logo":{"@type":"ImageObject","inLanguage":"fr-FR","@id":"https:\/\/districos.standingout.be\/fr\/#\/schema\/logo\/image\/","url":"https:\/\/districos.standingout.be\/wp-content\/uploads\/2022\/09\/Districos_Logo_Webshop.svg","contentUrl":"https:\/\/districos.standingout.be\/wp-content\/uploads\/2022\/09\/Districos_Logo_Webshop.svg","caption":"Districos Webshop"},"image":{"@id":"https:\/\/districos.standingout.be\/fr\/#\/schema\/logo\/image\/"}}]}},"_links":{"self":[{"href":"https:\/\/districos.standingout.be\/fr\/wp-json\/wp\/v2\/product\/137787","targetHints":{"allow":["GET"]}}],"collection":[{"href":"https:\/\/districos.standingout.be\/fr\/wp-json\/wp\/v2\/product"}],"about":[{"href":"https:\/\/districos.standingout.be\/fr\/wp-json\/wp\/v2\/types\/product"}],"replies":[{"embeddable":true,"href":"https:\/\/districos.standingout.be\/fr\/wp-json\/wp\/v2\/comments?post=137787"}],"wp:featuredmedia":[{"embeddable":true,"href":"https:\/\/districos.standingout.be\/fr\/wp-json\/wp\/v2\/media\/111113"}],"wp:attachment":[{"href":"https:\/\/districos.standingout.be\/fr\/wp-json\/wp\/v2\/media?parent=137787"}],"wp:term":[{"taxonomy":"product_brand","embeddable":true,"href":"https:\/\/districos.standingout.be\/fr\/wp-json\/wp\/v2\/product_brand?post=137787"},{"taxonomy":"product_cat","embeddable":true,"href":"https:\/\/districos.standingout.be\/fr\/wp-json\/wp\/v2\/product_cat?post=137787"},{"taxonomy":"product_tag","embeddable":true,"href":"https:\/\/districos.standingout.be\/fr\/wp-json\/wp\/v2\/product_tag?post=137787"}],"curies":[{"name":"wp","href":"https:\/\/api.w.org\/{rel}","templated":true}]}}