{"id":137793,"date":"2026-04-28T10:30:56","date_gmt":"2026-04-28T08:30:56","guid":{"rendered":"https:\/\/webshopdistricoscom.webhosting.be\/product\/helix-test-kit-250-strips-ref-8025-402-2\/"},"modified":"2026-04-28T10:30:59","modified_gmt":"2026-04-28T08:30:59","slug":"helix-test-kit-250-strips-ref-8025-402","status":"publish","type":"product","link":"https:\/\/districos.standingout.be\/fr\/product\/helix-test-kit-250-strips-ref-8025-402\/","title":{"rendered":"Helix Test kit + 250 strips"},"content":{"rendered":"<p >\n<\/p>\n<p><span lang=\"FR-BE\">Le test Helix \u00e9value la capacit\u00e9 de p\u00e9n\u00e9tration de l&rsquo;agent st\u00e9rilisant (vapeur, VH202,<\/span><span>EO, formald\u00e9hyde) dans les charges creuses. L&rsquo;air et les autres gaz non condensables doivent \u00eatre \u00e9limin\u00e9s de la chambre de st\u00e9rilisation avant que l&rsquo;agent st\u00e9rilisant n&rsquo;entre en contact avec les dispositifs \u00e0 traiter, afin que le r\u00e9sultat du test ne soit pas affect\u00e9.&nbsp;<\/span><span>Le test Helix convient \u00e0 tout processus de st\u00e9rilisation dans un autoclave charg\u00e9 et peut \u00eatre utilis\u00e9 avec tous les types d&rsquo;autoclaves. Conformit\u00e9 totale avec les normes en vigueur.<\/span><\/p>\n<p><span lang=\"FR-BE\"><br \/><\/span><\/p>\n<\/p>\n<p><span lang=\"FR-BE\">Emballage : 100 bandes<\/span><span lang=\"FR-BE\"><o:p><\/o:p><\/span><\/p>\n","protected":false},"excerpt":{"rendered":"<p>Le test Helix \u00e9value la capacit\u00e9 de p\u00e9n\u00e9tration de l&rsquo;agent st\u00e9rilisant (vapeur, VH202,EO, formald\u00e9hyde) dans les charges creuses. L&rsquo;air et les autres gaz non condensables doivent \u00eatre \u00e9limin\u00e9s de la chambre de st\u00e9rilisation avant que l&rsquo;agent st\u00e9rilisant n&rsquo;entre en contact avec les dispositifs \u00e0 traiter, afin que le r\u00e9sultat du test ne soit pas affect\u00e9.&nbsp;Le [&hellip;]<\/p>\n","protected":false},"featured_media":147674,"comment_status":"open","ping_status":"closed","template":"","meta":{"_acf_changed":false},"product_brand":[10482],"product_cat":[10120,9990],"product_tag":[],"class_list":{"0":"post-137793","1":"product","2":"type-product","3":"status-publish","4":"has-post-thumbnail","6":"product_brand-midmark-fr","7":"product_cat-hygiene-articles-jetables-desinfection-nettoyage-equipement","8":"product_cat-soins-des-pieds-podologie-desinfection-nettoyage-equipement","10":"first","11":"outofstock","12":"taxable","13":"shipping-taxable","14":"product-type-simple"},"acf":[],"yoast_head":"<!-- This site is optimized with the Yoast SEO plugin v27.3 - https:\/\/yoast.com\/product\/yoast-seo-wordpress\/ -->\n<title>Helix Test kit + 250 strips - Districos Webshop<\/title>\n<meta name=\"robots\" content=\"noindex, follow, max-snippet:-1, max-image-preview:large, max-video-preview:-1\" \/>\n<meta property=\"og:locale\" content=\"fr_FR\" \/>\n<meta property=\"og:type\" content=\"article\" \/>\n<meta property=\"og:title\" content=\"Helix Test kit + 250 strips - Districos Webshop\" \/>\n<meta property=\"og:description\" content=\"Le test Helix \u00e9value la capacit\u00e9 de p\u00e9n\u00e9tration de l&rsquo;agent st\u00e9rilisant (vapeur, VH202,EO, formald\u00e9hyde) dans les charges creuses. L&rsquo;air et les autres gaz non condensables doivent \u00eatre \u00e9limin\u00e9s de la chambre de st\u00e9rilisation avant que l&rsquo;agent st\u00e9rilisant n&rsquo;entre en contact avec les dispositifs \u00e0 traiter, afin que le r\u00e9sultat du test ne soit pas affect\u00e9.&nbsp;Le [&hellip;]\" \/>\n<meta property=\"og:url\" content=\"https:\/\/districos.standingout.be\/fr\/product\/helix-test-kit-250-strips-ref-8025-402\/\" \/>\n<meta property=\"og:site_name\" content=\"Districos Webshop\" \/>\n<meta property=\"article:modified_time\" content=\"2026-04-28T08:30:59+00:00\" \/>\n<meta name=\"twitter:card\" content=\"summary_large_image\" \/>\n<script type=\"application\/ld+json\" class=\"yoast-schema-graph\">{\"@context\":\"https:\\\/\\\/schema.org\",\"@graph\":[{\"@type\":\"WebPage\",\"@id\":\"https:\\\/\\\/districos.standingout.be\\\/fr\\\/product\\\/helix-test-kit-250-strips-ref-8025-402\\\/\",\"url\":\"https:\\\/\\\/districos.standingout.be\\\/fr\\\/product\\\/helix-test-kit-250-strips-ref-8025-402\\\/\",\"name\":\"Helix Test kit + 250 strips - Districos Webshop\",\"isPartOf\":{\"@id\":\"https:\\\/\\\/districos.standingout.be\\\/fr\\\/#website\"},\"primaryImageOfPage\":{\"@id\":\"https:\\\/\\\/districos.standingout.be\\\/fr\\\/product\\\/helix-test-kit-250-strips-ref-8025-402\\\/#primaryimage\"},\"image\":{\"@id\":\"https:\\\/\\\/districos.standingout.be\\\/fr\\\/product\\\/helix-test-kit-250-strips-ref-8025-402\\\/#primaryimage\"},\"thumbnailUrl\":\"https:\\\/\\\/districos.standingout.be\\\/wp-content\\\/uploads\\\/2026\\\/04\\\/8025.402@Midmark-Helix-Test-100-st._1-1.png\",\"datePublished\":\"2026-04-28T08:30:56+00:00\",\"dateModified\":\"2026-04-28T08:30:59+00:00\",\"breadcrumb\":{\"@id\":\"https:\\\/\\\/districos.standingout.be\\\/fr\\\/product\\\/helix-test-kit-250-strips-ref-8025-402\\\/#breadcrumb\"},\"inLanguage\":\"fr-FR\",\"potentialAction\":[{\"@type\":\"ReadAction\",\"target\":[\"https:\\\/\\\/districos.standingout.be\\\/fr\\\/product\\\/helix-test-kit-250-strips-ref-8025-402\\\/\"]}]},{\"@type\":\"ImageObject\",\"inLanguage\":\"fr-FR\",\"@id\":\"https:\\\/\\\/districos.standingout.be\\\/fr\\\/product\\\/helix-test-kit-250-strips-ref-8025-402\\\/#primaryimage\",\"url\":\"https:\\\/\\\/districos.standingout.be\\\/wp-content\\\/uploads\\\/2026\\\/04\\\/8025.402@Midmark-Helix-Test-100-st._1-1.png\",\"contentUrl\":\"https:\\\/\\\/districos.standingout.be\\\/wp-content\\\/uploads\\\/2026\\\/04\\\/8025.402@Midmark-Helix-Test-100-st._1-1.png\",\"width\":600,\"height\":600},{\"@type\":\"BreadcrumbList\",\"@id\":\"https:\\\/\\\/districos.standingout.be\\\/fr\\\/product\\\/helix-test-kit-250-strips-ref-8025-402\\\/#breadcrumb\",\"itemListElement\":[{\"@type\":\"ListItem\",\"position\":1,\"name\":\"Home\",\"item\":\"https:\\\/\\\/districos.standingout.be\\\/fr\\\/bienvenue-chez-districos\\\/\"},{\"@type\":\"ListItem\",\"position\":2,\"name\":\"Boutique\",\"item\":\"https:\\\/\\\/districos.standingout.be\\\/fr\\\/boutique\\\/\"},{\"@type\":\"ListItem\",\"position\":3,\"name\":\"Helix Test kit + 250 strips\"}]},{\"@type\":\"WebSite\",\"@id\":\"https:\\\/\\\/districos.standingout.be\\\/fr\\\/#website\",\"url\":\"https:\\\/\\\/districos.standingout.be\\\/fr\\\/\",\"name\":\"Districos Webshop\",\"description\":\"\",\"publisher\":{\"@id\":\"https:\\\/\\\/districos.standingout.be\\\/fr\\\/#organization\"},\"potentialAction\":[{\"@type\":\"SearchAction\",\"target\":{\"@type\":\"EntryPoint\",\"urlTemplate\":\"https:\\\/\\\/districos.standingout.be\\\/fr\\\/?s={search_term_string}\"},\"query-input\":{\"@type\":\"PropertyValueSpecification\",\"valueRequired\":true,\"valueName\":\"search_term_string\"}}],\"inLanguage\":\"fr-FR\"},{\"@type\":\"Organization\",\"@id\":\"https:\\\/\\\/districos.standingout.be\\\/fr\\\/#organization\",\"name\":\"Districos Webshop\",\"url\":\"https:\\\/\\\/districos.standingout.be\\\/fr\\\/\",\"logo\":{\"@type\":\"ImageObject\",\"inLanguage\":\"fr-FR\",\"@id\":\"https:\\\/\\\/districos.standingout.be\\\/fr\\\/#\\\/schema\\\/logo\\\/image\\\/\",\"url\":\"https:\\\/\\\/districos.standingout.be\\\/wp-content\\\/uploads\\\/2022\\\/09\\\/Districos_Logo_Webshop.svg\",\"contentUrl\":\"https:\\\/\\\/districos.standingout.be\\\/wp-content\\\/uploads\\\/2022\\\/09\\\/Districos_Logo_Webshop.svg\",\"caption\":\"Districos Webshop\"},\"image\":{\"@id\":\"https:\\\/\\\/districos.standingout.be\\\/fr\\\/#\\\/schema\\\/logo\\\/image\\\/\"}}]}<\/script>\n<!-- \/ Yoast SEO plugin. -->","yoast_head_json":{"title":"Helix Test kit + 250 strips - Districos Webshop","robots":{"index":"noindex","follow":"follow","max-snippet":"max-snippet:-1","max-image-preview":"max-image-preview:large","max-video-preview":"max-video-preview:-1"},"og_locale":"fr_FR","og_type":"article","og_title":"Helix Test kit + 250 strips - Districos Webshop","og_description":"Le test Helix \u00e9value la capacit\u00e9 de p\u00e9n\u00e9tration de l&rsquo;agent st\u00e9rilisant (vapeur, VH202,EO, formald\u00e9hyde) dans les charges creuses. L&rsquo;air et les autres gaz non condensables doivent \u00eatre \u00e9limin\u00e9s de la chambre de st\u00e9rilisation avant que l&rsquo;agent st\u00e9rilisant n&rsquo;entre en contact avec les dispositifs \u00e0 traiter, afin que le r\u00e9sultat du test ne soit pas affect\u00e9.&nbsp;Le [&hellip;]","og_url":"https:\/\/districos.standingout.be\/fr\/product\/helix-test-kit-250-strips-ref-8025-402\/","og_site_name":"Districos Webshop","article_modified_time":"2026-04-28T08:30:59+00:00","twitter_card":"summary_large_image","schema":{"@context":"https:\/\/schema.org","@graph":[{"@type":"WebPage","@id":"https:\/\/districos.standingout.be\/fr\/product\/helix-test-kit-250-strips-ref-8025-402\/","url":"https:\/\/districos.standingout.be\/fr\/product\/helix-test-kit-250-strips-ref-8025-402\/","name":"Helix Test kit + 250 strips - Districos Webshop","isPartOf":{"@id":"https:\/\/districos.standingout.be\/fr\/#website"},"primaryImageOfPage":{"@id":"https:\/\/districos.standingout.be\/fr\/product\/helix-test-kit-250-strips-ref-8025-402\/#primaryimage"},"image":{"@id":"https:\/\/districos.standingout.be\/fr\/product\/helix-test-kit-250-strips-ref-8025-402\/#primaryimage"},"thumbnailUrl":"https:\/\/districos.standingout.be\/wp-content\/uploads\/2026\/04\/8025.402@Midmark-Helix-Test-100-st._1-1.png","datePublished":"2026-04-28T08:30:56+00:00","dateModified":"2026-04-28T08:30:59+00:00","breadcrumb":{"@id":"https:\/\/districos.standingout.be\/fr\/product\/helix-test-kit-250-strips-ref-8025-402\/#breadcrumb"},"inLanguage":"fr-FR","potentialAction":[{"@type":"ReadAction","target":["https:\/\/districos.standingout.be\/fr\/product\/helix-test-kit-250-strips-ref-8025-402\/"]}]},{"@type":"ImageObject","inLanguage":"fr-FR","@id":"https:\/\/districos.standingout.be\/fr\/product\/helix-test-kit-250-strips-ref-8025-402\/#primaryimage","url":"https:\/\/districos.standingout.be\/wp-content\/uploads\/2026\/04\/8025.402@Midmark-Helix-Test-100-st._1-1.png","contentUrl":"https:\/\/districos.standingout.be\/wp-content\/uploads\/2026\/04\/8025.402@Midmark-Helix-Test-100-st._1-1.png","width":600,"height":600},{"@type":"BreadcrumbList","@id":"https:\/\/districos.standingout.be\/fr\/product\/helix-test-kit-250-strips-ref-8025-402\/#breadcrumb","itemListElement":[{"@type":"ListItem","position":1,"name":"Home","item":"https:\/\/districos.standingout.be\/fr\/bienvenue-chez-districos\/"},{"@type":"ListItem","position":2,"name":"Boutique","item":"https:\/\/districos.standingout.be\/fr\/boutique\/"},{"@type":"ListItem","position":3,"name":"Helix Test kit + 250 strips"}]},{"@type":"WebSite","@id":"https:\/\/districos.standingout.be\/fr\/#website","url":"https:\/\/districos.standingout.be\/fr\/","name":"Districos Webshop","description":"","publisher":{"@id":"https:\/\/districos.standingout.be\/fr\/#organization"},"potentialAction":[{"@type":"SearchAction","target":{"@type":"EntryPoint","urlTemplate":"https:\/\/districos.standingout.be\/fr\/?s={search_term_string}"},"query-input":{"@type":"PropertyValueSpecification","valueRequired":true,"valueName":"search_term_string"}}],"inLanguage":"fr-FR"},{"@type":"Organization","@id":"https:\/\/districos.standingout.be\/fr\/#organization","name":"Districos Webshop","url":"https:\/\/districos.standingout.be\/fr\/","logo":{"@type":"ImageObject","inLanguage":"fr-FR","@id":"https:\/\/districos.standingout.be\/fr\/#\/schema\/logo\/image\/","url":"https:\/\/districos.standingout.be\/wp-content\/uploads\/2022\/09\/Districos_Logo_Webshop.svg","contentUrl":"https:\/\/districos.standingout.be\/wp-content\/uploads\/2022\/09\/Districos_Logo_Webshop.svg","caption":"Districos Webshop"},"image":{"@id":"https:\/\/districos.standingout.be\/fr\/#\/schema\/logo\/image\/"}}]}},"_links":{"self":[{"href":"https:\/\/districos.standingout.be\/fr\/wp-json\/wp\/v2\/product\/137793","targetHints":{"allow":["GET"]}}],"collection":[{"href":"https:\/\/districos.standingout.be\/fr\/wp-json\/wp\/v2\/product"}],"about":[{"href":"https:\/\/districos.standingout.be\/fr\/wp-json\/wp\/v2\/types\/product"}],"replies":[{"embeddable":true,"href":"https:\/\/districos.standingout.be\/fr\/wp-json\/wp\/v2\/comments?post=137793"}],"wp:featuredmedia":[{"embeddable":true,"href":"https:\/\/districos.standingout.be\/fr\/wp-json\/wp\/v2\/media\/147674"}],"wp:attachment":[{"href":"https:\/\/districos.standingout.be\/fr\/wp-json\/wp\/v2\/media?parent=137793"}],"wp:term":[{"taxonomy":"product_brand","embeddable":true,"href":"https:\/\/districos.standingout.be\/fr\/wp-json\/wp\/v2\/product_brand?post=137793"},{"taxonomy":"product_cat","embeddable":true,"href":"https:\/\/districos.standingout.be\/fr\/wp-json\/wp\/v2\/product_cat?post=137793"},{"taxonomy":"product_tag","embeddable":true,"href":"https:\/\/districos.standingout.be\/fr\/wp-json\/wp\/v2\/product_tag?post=137793"}],"curies":[{"name":"wp","href":"https:\/\/api.w.org\/{rel}","templated":true}]}}