{"id":137815,"date":"2026-04-28T10:32:41","date_gmt":"2026-04-28T08:32:41","guid":{"rendered":"https:\/\/webshopdistricoscom.webhosting.be\/product\/nettoyeur-a-ultrasons-14-l-ref-8025-610\/"},"modified":"2026-04-28T10:32:44","modified_gmt":"2026-04-28T08:32:44","slug":"nettoyeur-a-ultrasons-14-l-ref-8025-610","status":"publish","type":"product","link":"https:\/\/districos.standingout.be\/fr\/product\/nettoyeur-a-ultrasons-14-l-ref-8025-610\/","title":{"rendered":"Nettoyeur \u00e0 Ultrasons 1,4 l"},"content":{"rendered":"<p >\n<\/p>\n<\/p>\n<\/p>\n<\/p>\n<\/p>\n<p dir=\"ltr\"><span>Pour un nettoyage en profondeur et en toute s\u00e9curit\u00e9 de votre mat\u00e9riel. Les ondes sonores ultrasoniques causent des vibrations dans le liquide de nettoyage, par quoi m\u00eame les plus petites particules sont ais\u00e9ment \u00e9limin\u00e9es.<\/span><\/p>\n<p dir=\"ltr\">Ce mod\u00e8le n\u2019a pas d\u2019\u00e9l\u00e9ment chauffant. Utilisez le Podisan, AllClean ou D\u00fcrr ID213 comme liquide nettoyant et inactivant.<\/p>\n<ul>\n<li> Mod\u00e8le id\u00e9al pour les \u00e9tudiant(e)s <\/li>\n<li>Fr\u00e9quence des ultrasons : 42 kHz<\/li>\n<li>Puissance : 70 W<\/li>\n<li> Minuterie : digital, r\u00e9glable \u00e0 90, 180, 280, 380 ou 480 secondes<\/li>\n<li> \u00c9l\u00e9ment chauffant : non<\/li>\n<li>Capacit\u00e9 :&nbsp;1,4 litres<\/li>\n<li> Dimensions du panier : 155 x 125 x 58 mm<\/li>\n<li> Dimensions ext\u00e9rieures : 230 x 180 x 160 mm<\/li>\n<li>Fonction de d\u00e9gazage : non<\/li>\n<\/ul>\n<div>\n<p><b>\u00c9galement disponible :<\/b><\/p>\n<ul>\n<li>Ultrasoonreiniger 2,5 l&nbsp;(<a href=\"https:\/\/webshop.districos.com\/ProductDetail\/8025.620\" target=\"_blank\" rel=\"noopener noreferrer nofollow\">r\u00e9f. 8025.620<\/a>)<\/li>\n<\/ul>\n<\/div><\/p>\n","protected":false},"excerpt":{"rendered":"<p>Pour un nettoyage en profondeur et en toute s\u00e9curit\u00e9 de votre mat\u00e9riel. Les ondes sonores ultrasoniques causent des vibrations dans le liquide de nettoyage, par quoi m\u00eame les plus petites particules sont ais\u00e9ment \u00e9limin\u00e9es. Ce mod\u00e8le n\u2019a pas d\u2019\u00e9l\u00e9ment chauffant. Utilisez le Podisan, AllClean ou D\u00fcrr ID213 comme liquide nettoyant et inactivant. Mod\u00e8le id\u00e9al pour [&hellip;]<\/p>\n","protected":false},"featured_media":147692,"comment_status":"open","ping_status":"closed","template":"","meta":{"_acf_changed":false},"product_brand":[10380],"product_cat":[10120,9990],"product_tag":[],"class_list":{"0":"post-137815","1":"product","2":"type-product","3":"status-publish","4":"has-post-thumbnail","6":"product_brand-districos-fr","7":"product_cat-hygiene-articles-jetables-desinfection-nettoyage-equipement","8":"product_cat-soins-des-pieds-podologie-desinfection-nettoyage-equipement","10":"first","11":"instock","12":"taxable","13":"shipping-taxable","14":"product-type-simple"},"acf":[],"yoast_head":"<!-- This site is optimized with the Yoast SEO plugin v27.3 - https:\/\/yoast.com\/product\/yoast-seo-wordpress\/ -->\n<title>Nettoyeur \u00e0 Ultrasons 1,4 l - Districos Webshop<\/title>\n<meta name=\"robots\" content=\"noindex, follow, max-snippet:-1, max-image-preview:large, max-video-preview:-1\" \/>\n<meta property=\"og:locale\" content=\"fr_FR\" \/>\n<meta property=\"og:type\" content=\"article\" \/>\n<meta property=\"og:title\" content=\"Nettoyeur \u00e0 Ultrasons 1,4 l - Districos Webshop\" \/>\n<meta property=\"og:description\" content=\"Pour un nettoyage en profondeur et en toute s\u00e9curit\u00e9 de votre mat\u00e9riel. Les ondes sonores ultrasoniques causent des vibrations dans le liquide de nettoyage, par quoi m\u00eame les plus petites particules sont ais\u00e9ment \u00e9limin\u00e9es. Ce mod\u00e8le n\u2019a pas d\u2019\u00e9l\u00e9ment chauffant. Utilisez le Podisan, AllClean ou D\u00fcrr ID213 comme liquide nettoyant et inactivant. Mod\u00e8le id\u00e9al pour [&hellip;]\" \/>\n<meta property=\"og:url\" content=\"https:\/\/districos.standingout.be\/fr\/product\/nettoyeur-a-ultrasons-14-l-ref-8025-610\/\" \/>\n<meta property=\"og:site_name\" content=\"Districos Webshop\" \/>\n<meta property=\"article:modified_time\" content=\"2026-04-28T08:32:44+00:00\" \/>\n<meta name=\"twitter:card\" content=\"summary_large_image\" \/>\n<meta name=\"twitter:label1\" content=\"Dur\u00e9e de lecture estim\u00e9e\" \/>\n\t<meta name=\"twitter:data1\" content=\"1 minute\" \/>\n<script type=\"application\/ld+json\" class=\"yoast-schema-graph\">{\"@context\":\"https:\\\/\\\/schema.org\",\"@graph\":[{\"@type\":\"WebPage\",\"@id\":\"https:\\\/\\\/districos.standingout.be\\\/fr\\\/product\\\/nettoyeur-a-ultrasons-14-l-ref-8025-610\\\/\",\"url\":\"https:\\\/\\\/districos.standingout.be\\\/fr\\\/product\\\/nettoyeur-a-ultrasons-14-l-ref-8025-610\\\/\",\"name\":\"Nettoyeur \u00e0 Ultrasons 1,4 l - Districos Webshop\",\"isPartOf\":{\"@id\":\"https:\\\/\\\/districos.standingout.be\\\/fr\\\/#website\"},\"primaryImageOfPage\":{\"@id\":\"https:\\\/\\\/districos.standingout.be\\\/fr\\\/product\\\/nettoyeur-a-ultrasons-14-l-ref-8025-610\\\/#primaryimage\"},\"image\":{\"@id\":\"https:\\\/\\\/districos.standingout.be\\\/fr\\\/product\\\/nettoyeur-a-ultrasons-14-l-ref-8025-610\\\/#primaryimage\"},\"thumbnailUrl\":\"https:\\\/\\\/districos.standingout.be\\\/wp-content\\\/uploads\\\/2026\\\/04\\\/8025.610@Ultrasoonreiniger-14-l_1-1.png\",\"datePublished\":\"2026-04-28T08:32:41+00:00\",\"dateModified\":\"2026-04-28T08:32:44+00:00\",\"breadcrumb\":{\"@id\":\"https:\\\/\\\/districos.standingout.be\\\/fr\\\/product\\\/nettoyeur-a-ultrasons-14-l-ref-8025-610\\\/#breadcrumb\"},\"inLanguage\":\"fr-FR\",\"potentialAction\":[{\"@type\":\"ReadAction\",\"target\":[\"https:\\\/\\\/districos.standingout.be\\\/fr\\\/product\\\/nettoyeur-a-ultrasons-14-l-ref-8025-610\\\/\"]}]},{\"@type\":\"ImageObject\",\"inLanguage\":\"fr-FR\",\"@id\":\"https:\\\/\\\/districos.standingout.be\\\/fr\\\/product\\\/nettoyeur-a-ultrasons-14-l-ref-8025-610\\\/#primaryimage\",\"url\":\"https:\\\/\\\/districos.standingout.be\\\/wp-content\\\/uploads\\\/2026\\\/04\\\/8025.610@Ultrasoonreiniger-14-l_1-1.png\",\"contentUrl\":\"https:\\\/\\\/districos.standingout.be\\\/wp-content\\\/uploads\\\/2026\\\/04\\\/8025.610@Ultrasoonreiniger-14-l_1-1.png\",\"width\":600,\"height\":600},{\"@type\":\"BreadcrumbList\",\"@id\":\"https:\\\/\\\/districos.standingout.be\\\/fr\\\/product\\\/nettoyeur-a-ultrasons-14-l-ref-8025-610\\\/#breadcrumb\",\"itemListElement\":[{\"@type\":\"ListItem\",\"position\":1,\"name\":\"Home\",\"item\":\"https:\\\/\\\/districos.standingout.be\\\/fr\\\/bienvenue-chez-districos\\\/\"},{\"@type\":\"ListItem\",\"position\":2,\"name\":\"Boutique\",\"item\":\"https:\\\/\\\/districos.standingout.be\\\/fr\\\/boutique\\\/\"},{\"@type\":\"ListItem\",\"position\":3,\"name\":\"Nettoyeur \u00e0 Ultrasons 1,4 l\"}]},{\"@type\":\"WebSite\",\"@id\":\"https:\\\/\\\/districos.standingout.be\\\/fr\\\/#website\",\"url\":\"https:\\\/\\\/districos.standingout.be\\\/fr\\\/\",\"name\":\"Districos Webshop\",\"description\":\"\",\"publisher\":{\"@id\":\"https:\\\/\\\/districos.standingout.be\\\/fr\\\/#organization\"},\"potentialAction\":[{\"@type\":\"SearchAction\",\"target\":{\"@type\":\"EntryPoint\",\"urlTemplate\":\"https:\\\/\\\/districos.standingout.be\\\/fr\\\/?s={search_term_string}\"},\"query-input\":{\"@type\":\"PropertyValueSpecification\",\"valueRequired\":true,\"valueName\":\"search_term_string\"}}],\"inLanguage\":\"fr-FR\"},{\"@type\":\"Organization\",\"@id\":\"https:\\\/\\\/districos.standingout.be\\\/fr\\\/#organization\",\"name\":\"Districos Webshop\",\"url\":\"https:\\\/\\\/districos.standingout.be\\\/fr\\\/\",\"logo\":{\"@type\":\"ImageObject\",\"inLanguage\":\"fr-FR\",\"@id\":\"https:\\\/\\\/districos.standingout.be\\\/fr\\\/#\\\/schema\\\/logo\\\/image\\\/\",\"url\":\"https:\\\/\\\/districos.standingout.be\\\/wp-content\\\/uploads\\\/2022\\\/09\\\/Districos_Logo_Webshop.svg\",\"contentUrl\":\"https:\\\/\\\/districos.standingout.be\\\/wp-content\\\/uploads\\\/2022\\\/09\\\/Districos_Logo_Webshop.svg\",\"caption\":\"Districos Webshop\"},\"image\":{\"@id\":\"https:\\\/\\\/districos.standingout.be\\\/fr\\\/#\\\/schema\\\/logo\\\/image\\\/\"}}]}<\/script>\n<!-- \/ Yoast SEO plugin. -->","yoast_head_json":{"title":"Nettoyeur \u00e0 Ultrasons 1,4 l - Districos Webshop","robots":{"index":"noindex","follow":"follow","max-snippet":"max-snippet:-1","max-image-preview":"max-image-preview:large","max-video-preview":"max-video-preview:-1"},"og_locale":"fr_FR","og_type":"article","og_title":"Nettoyeur \u00e0 Ultrasons 1,4 l - Districos Webshop","og_description":"Pour un nettoyage en profondeur et en toute s\u00e9curit\u00e9 de votre mat\u00e9riel. Les ondes sonores ultrasoniques causent des vibrations dans le liquide de nettoyage, par quoi m\u00eame les plus petites particules sont ais\u00e9ment \u00e9limin\u00e9es. Ce mod\u00e8le n\u2019a pas d\u2019\u00e9l\u00e9ment chauffant. Utilisez le Podisan, AllClean ou D\u00fcrr ID213 comme liquide nettoyant et inactivant. Mod\u00e8le id\u00e9al pour [&hellip;]","og_url":"https:\/\/districos.standingout.be\/fr\/product\/nettoyeur-a-ultrasons-14-l-ref-8025-610\/","og_site_name":"Districos Webshop","article_modified_time":"2026-04-28T08:32:44+00:00","twitter_card":"summary_large_image","twitter_misc":{"Dur\u00e9e de lecture estim\u00e9e":"1 minute"},"schema":{"@context":"https:\/\/schema.org","@graph":[{"@type":"WebPage","@id":"https:\/\/districos.standingout.be\/fr\/product\/nettoyeur-a-ultrasons-14-l-ref-8025-610\/","url":"https:\/\/districos.standingout.be\/fr\/product\/nettoyeur-a-ultrasons-14-l-ref-8025-610\/","name":"Nettoyeur \u00e0 Ultrasons 1,4 l - Districos Webshop","isPartOf":{"@id":"https:\/\/districos.standingout.be\/fr\/#website"},"primaryImageOfPage":{"@id":"https:\/\/districos.standingout.be\/fr\/product\/nettoyeur-a-ultrasons-14-l-ref-8025-610\/#primaryimage"},"image":{"@id":"https:\/\/districos.standingout.be\/fr\/product\/nettoyeur-a-ultrasons-14-l-ref-8025-610\/#primaryimage"},"thumbnailUrl":"https:\/\/districos.standingout.be\/wp-content\/uploads\/2026\/04\/8025.610@Ultrasoonreiniger-14-l_1-1.png","datePublished":"2026-04-28T08:32:41+00:00","dateModified":"2026-04-28T08:32:44+00:00","breadcrumb":{"@id":"https:\/\/districos.standingout.be\/fr\/product\/nettoyeur-a-ultrasons-14-l-ref-8025-610\/#breadcrumb"},"inLanguage":"fr-FR","potentialAction":[{"@type":"ReadAction","target":["https:\/\/districos.standingout.be\/fr\/product\/nettoyeur-a-ultrasons-14-l-ref-8025-610\/"]}]},{"@type":"ImageObject","inLanguage":"fr-FR","@id":"https:\/\/districos.standingout.be\/fr\/product\/nettoyeur-a-ultrasons-14-l-ref-8025-610\/#primaryimage","url":"https:\/\/districos.standingout.be\/wp-content\/uploads\/2026\/04\/8025.610@Ultrasoonreiniger-14-l_1-1.png","contentUrl":"https:\/\/districos.standingout.be\/wp-content\/uploads\/2026\/04\/8025.610@Ultrasoonreiniger-14-l_1-1.png","width":600,"height":600},{"@type":"BreadcrumbList","@id":"https:\/\/districos.standingout.be\/fr\/product\/nettoyeur-a-ultrasons-14-l-ref-8025-610\/#breadcrumb","itemListElement":[{"@type":"ListItem","position":1,"name":"Home","item":"https:\/\/districos.standingout.be\/fr\/bienvenue-chez-districos\/"},{"@type":"ListItem","position":2,"name":"Boutique","item":"https:\/\/districos.standingout.be\/fr\/boutique\/"},{"@type":"ListItem","position":3,"name":"Nettoyeur \u00e0 Ultrasons 1,4 l"}]},{"@type":"WebSite","@id":"https:\/\/districos.standingout.be\/fr\/#website","url":"https:\/\/districos.standingout.be\/fr\/","name":"Districos Webshop","description":"","publisher":{"@id":"https:\/\/districos.standingout.be\/fr\/#organization"},"potentialAction":[{"@type":"SearchAction","target":{"@type":"EntryPoint","urlTemplate":"https:\/\/districos.standingout.be\/fr\/?s={search_term_string}"},"query-input":{"@type":"PropertyValueSpecification","valueRequired":true,"valueName":"search_term_string"}}],"inLanguage":"fr-FR"},{"@type":"Organization","@id":"https:\/\/districos.standingout.be\/fr\/#organization","name":"Districos Webshop","url":"https:\/\/districos.standingout.be\/fr\/","logo":{"@type":"ImageObject","inLanguage":"fr-FR","@id":"https:\/\/districos.standingout.be\/fr\/#\/schema\/logo\/image\/","url":"https:\/\/districos.standingout.be\/wp-content\/uploads\/2022\/09\/Districos_Logo_Webshop.svg","contentUrl":"https:\/\/districos.standingout.be\/wp-content\/uploads\/2022\/09\/Districos_Logo_Webshop.svg","caption":"Districos Webshop"},"image":{"@id":"https:\/\/districos.standingout.be\/fr\/#\/schema\/logo\/image\/"}}]}},"_links":{"self":[{"href":"https:\/\/districos.standingout.be\/fr\/wp-json\/wp\/v2\/product\/137815","targetHints":{"allow":["GET"]}}],"collection":[{"href":"https:\/\/districos.standingout.be\/fr\/wp-json\/wp\/v2\/product"}],"about":[{"href":"https:\/\/districos.standingout.be\/fr\/wp-json\/wp\/v2\/types\/product"}],"replies":[{"embeddable":true,"href":"https:\/\/districos.standingout.be\/fr\/wp-json\/wp\/v2\/comments?post=137815"}],"wp:featuredmedia":[{"embeddable":true,"href":"https:\/\/districos.standingout.be\/fr\/wp-json\/wp\/v2\/media\/147692"}],"wp:attachment":[{"href":"https:\/\/districos.standingout.be\/fr\/wp-json\/wp\/v2\/media?parent=137815"}],"wp:term":[{"taxonomy":"product_brand","embeddable":true,"href":"https:\/\/districos.standingout.be\/fr\/wp-json\/wp\/v2\/product_brand?post=137815"},{"taxonomy":"product_cat","embeddable":true,"href":"https:\/\/districos.standingout.be\/fr\/wp-json\/wp\/v2\/product_cat?post=137815"},{"taxonomy":"product_tag","embeddable":true,"href":"https:\/\/districos.standingout.be\/fr\/wp-json\/wp\/v2\/product_tag?post=137815"}],"curies":[{"name":"wp","href":"https:\/\/api.w.org\/{rel}","templated":true}]}}