{"id":137825,"date":"2026-04-28T10:33:42","date_gmt":"2026-04-28T08:33:42","guid":{"rendered":"https:\/\/webshopdistricoscom.webhosting.be\/product\/enbio-meuble-pour-autoclave-ref-8026-00901\/"},"modified":"2026-04-28T10:33:46","modified_gmt":"2026-04-28T08:33:46","slug":"enbio-meuble-pour-autoclave-ref-8026-00901","status":"publish","type":"product","link":"https:\/\/districos.standingout.be\/fr\/product\/enbio-meuble-pour-autoclave-ref-8026-00901\/","title":{"rendered":"Enbio Meuble pour autoclave"},"content":{"rendered":"<p >\n<p>Donnez \u00e0 votre autoclave Enbio une place \u00e9l\u00e9gante avec ce meuble assorti. Gr\u00e2ce aux roulettes, vous pouvez le d\u00e9placer facilement dans la pi\u00e8ce. Le meuble forme avec l\u2019autoclave un ensemble \u00e0 la fois pratique et esth\u00e9tique, dispose d\u2019un petit placard de rangement et peut \u00eatre enti\u00e8rement \u00e9clair\u00e9 dans la couleur de votre choix, command\u00e9e avec la t\u00e9l\u00e9commande fournie.<\/p>\n<p><\/p>\n<p>Il y a aussi un espace pr\u00e9vu pour une carafe Aquapur de 5 litres.<\/p>\n","protected":false},"excerpt":{"rendered":"<p>Donnez \u00e0 votre autoclave Enbio une place \u00e9l\u00e9gante avec ce meuble assorti. Gr\u00e2ce aux roulettes, vous pouvez le d\u00e9placer facilement dans la pi\u00e8ce. Le meuble forme avec l\u2019autoclave un ensemble \u00e0 la fois pratique et esth\u00e9tique, dispose d\u2019un petit placard de rangement et peut \u00eatre enti\u00e8rement \u00e9clair\u00e9 dans la couleur de votre choix, command\u00e9e avec [&hellip;]<\/p>\n","protected":false},"featured_media":147758,"comment_status":"open","ping_status":"closed","template":"","meta":{"_acf_changed":false},"product_brand":[10394],"product_cat":[9990,10120],"product_tag":[],"class_list":{"0":"post-137825","1":"product","2":"type-product","3":"status-publish","4":"has-post-thumbnail","6":"product_brand-enbio-fr","7":"product_cat-soins-des-pieds-podologie-desinfection-nettoyage-equipement","8":"product_cat-hygiene-articles-jetables-desinfection-nettoyage-equipement","10":"first","11":"instock","12":"taxable","13":"shipping-taxable","14":"product-type-simple"},"acf":[],"yoast_head":"<!-- This site is optimized with the Yoast SEO plugin v27.3 - https:\/\/yoast.com\/product\/yoast-seo-wordpress\/ -->\n<title>Enbio Meuble pour autoclave - Districos Webshop<\/title>\n<meta name=\"robots\" content=\"noindex, follow, max-snippet:-1, max-image-preview:large, max-video-preview:-1\" \/>\n<meta property=\"og:locale\" content=\"fr_FR\" \/>\n<meta property=\"og:type\" content=\"article\" \/>\n<meta property=\"og:title\" content=\"Enbio Meuble pour autoclave - Districos Webshop\" \/>\n<meta property=\"og:description\" content=\"Donnez \u00e0 votre autoclave Enbio une place \u00e9l\u00e9gante avec ce meuble assorti. Gr\u00e2ce aux roulettes, vous pouvez le d\u00e9placer facilement dans la pi\u00e8ce. Le meuble forme avec l\u2019autoclave un ensemble \u00e0 la fois pratique et esth\u00e9tique, dispose d\u2019un petit placard de rangement et peut \u00eatre enti\u00e8rement \u00e9clair\u00e9 dans la couleur de votre choix, command\u00e9e avec [&hellip;]\" \/>\n<meta property=\"og:url\" content=\"https:\/\/districos.standingout.be\/fr\/product\/enbio-meuble-pour-autoclave-ref-8026-00901\/\" \/>\n<meta property=\"og:site_name\" content=\"Districos Webshop\" \/>\n<meta property=\"article:modified_time\" content=\"2026-04-28T08:33:46+00:00\" \/>\n<meta name=\"twitter:card\" content=\"summary_large_image\" \/>\n<script type=\"application\/ld+json\" class=\"yoast-schema-graph\">{\"@context\":\"https:\\\/\\\/schema.org\",\"@graph\":[{\"@type\":\"WebPage\",\"@id\":\"https:\\\/\\\/districos.standingout.be\\\/fr\\\/product\\\/enbio-meuble-pour-autoclave-ref-8026-00901\\\/\",\"url\":\"https:\\\/\\\/districos.standingout.be\\\/fr\\\/product\\\/enbio-meuble-pour-autoclave-ref-8026-00901\\\/\",\"name\":\"Enbio Meuble pour autoclave - Districos Webshop\",\"isPartOf\":{\"@id\":\"https:\\\/\\\/districos.standingout.be\\\/fr\\\/#website\"},\"primaryImageOfPage\":{\"@id\":\"https:\\\/\\\/districos.standingout.be\\\/fr\\\/product\\\/enbio-meuble-pour-autoclave-ref-8026-00901\\\/#primaryimage\"},\"image\":{\"@id\":\"https:\\\/\\\/districos.standingout.be\\\/fr\\\/product\\\/enbio-meuble-pour-autoclave-ref-8026-00901\\\/#primaryimage\"},\"thumbnailUrl\":\"https:\\\/\\\/districos.standingout.be\\\/wp-content\\\/uploads\\\/2026\\\/04\\\/8026.00901@Enbio-Autoclaafmeubel_1-1.png\",\"datePublished\":\"2026-04-28T08:33:42+00:00\",\"dateModified\":\"2026-04-28T08:33:46+00:00\",\"breadcrumb\":{\"@id\":\"https:\\\/\\\/districos.standingout.be\\\/fr\\\/product\\\/enbio-meuble-pour-autoclave-ref-8026-00901\\\/#breadcrumb\"},\"inLanguage\":\"fr-FR\",\"potentialAction\":[{\"@type\":\"ReadAction\",\"target\":[\"https:\\\/\\\/districos.standingout.be\\\/fr\\\/product\\\/enbio-meuble-pour-autoclave-ref-8026-00901\\\/\"]}]},{\"@type\":\"ImageObject\",\"inLanguage\":\"fr-FR\",\"@id\":\"https:\\\/\\\/districos.standingout.be\\\/fr\\\/product\\\/enbio-meuble-pour-autoclave-ref-8026-00901\\\/#primaryimage\",\"url\":\"https:\\\/\\\/districos.standingout.be\\\/wp-content\\\/uploads\\\/2026\\\/04\\\/8026.00901@Enbio-Autoclaafmeubel_1-1.png\",\"contentUrl\":\"https:\\\/\\\/districos.standingout.be\\\/wp-content\\\/uploads\\\/2026\\\/04\\\/8026.00901@Enbio-Autoclaafmeubel_1-1.png\",\"width\":600,\"height\":600},{\"@type\":\"BreadcrumbList\",\"@id\":\"https:\\\/\\\/districos.standingout.be\\\/fr\\\/product\\\/enbio-meuble-pour-autoclave-ref-8026-00901\\\/#breadcrumb\",\"itemListElement\":[{\"@type\":\"ListItem\",\"position\":1,\"name\":\"Home\",\"item\":\"https:\\\/\\\/districos.standingout.be\\\/fr\\\/bienvenue-chez-districos\\\/\"},{\"@type\":\"ListItem\",\"position\":2,\"name\":\"Boutique\",\"item\":\"https:\\\/\\\/districos.standingout.be\\\/fr\\\/boutique\\\/\"},{\"@type\":\"ListItem\",\"position\":3,\"name\":\"Enbio Meuble pour autoclave\"}]},{\"@type\":\"WebSite\",\"@id\":\"https:\\\/\\\/districos.standingout.be\\\/fr\\\/#website\",\"url\":\"https:\\\/\\\/districos.standingout.be\\\/fr\\\/\",\"name\":\"Districos Webshop\",\"description\":\"\",\"publisher\":{\"@id\":\"https:\\\/\\\/districos.standingout.be\\\/fr\\\/#organization\"},\"potentialAction\":[{\"@type\":\"SearchAction\",\"target\":{\"@type\":\"EntryPoint\",\"urlTemplate\":\"https:\\\/\\\/districos.standingout.be\\\/fr\\\/?s={search_term_string}\"},\"query-input\":{\"@type\":\"PropertyValueSpecification\",\"valueRequired\":true,\"valueName\":\"search_term_string\"}}],\"inLanguage\":\"fr-FR\"},{\"@type\":\"Organization\",\"@id\":\"https:\\\/\\\/districos.standingout.be\\\/fr\\\/#organization\",\"name\":\"Districos Webshop\",\"url\":\"https:\\\/\\\/districos.standingout.be\\\/fr\\\/\",\"logo\":{\"@type\":\"ImageObject\",\"inLanguage\":\"fr-FR\",\"@id\":\"https:\\\/\\\/districos.standingout.be\\\/fr\\\/#\\\/schema\\\/logo\\\/image\\\/\",\"url\":\"https:\\\/\\\/districos.standingout.be\\\/wp-content\\\/uploads\\\/2022\\\/09\\\/Districos_Logo_Webshop.svg\",\"contentUrl\":\"https:\\\/\\\/districos.standingout.be\\\/wp-content\\\/uploads\\\/2022\\\/09\\\/Districos_Logo_Webshop.svg\",\"caption\":\"Districos Webshop\"},\"image\":{\"@id\":\"https:\\\/\\\/districos.standingout.be\\\/fr\\\/#\\\/schema\\\/logo\\\/image\\\/\"}}]}<\/script>\n<!-- \/ Yoast SEO plugin. -->","yoast_head_json":{"title":"Enbio Meuble pour autoclave - Districos Webshop","robots":{"index":"noindex","follow":"follow","max-snippet":"max-snippet:-1","max-image-preview":"max-image-preview:large","max-video-preview":"max-video-preview:-1"},"og_locale":"fr_FR","og_type":"article","og_title":"Enbio Meuble pour autoclave - Districos Webshop","og_description":"Donnez \u00e0 votre autoclave Enbio une place \u00e9l\u00e9gante avec ce meuble assorti. Gr\u00e2ce aux roulettes, vous pouvez le d\u00e9placer facilement dans la pi\u00e8ce. Le meuble forme avec l\u2019autoclave un ensemble \u00e0 la fois pratique et esth\u00e9tique, dispose d\u2019un petit placard de rangement et peut \u00eatre enti\u00e8rement \u00e9clair\u00e9 dans la couleur de votre choix, command\u00e9e avec [&hellip;]","og_url":"https:\/\/districos.standingout.be\/fr\/product\/enbio-meuble-pour-autoclave-ref-8026-00901\/","og_site_name":"Districos Webshop","article_modified_time":"2026-04-28T08:33:46+00:00","twitter_card":"summary_large_image","schema":{"@context":"https:\/\/schema.org","@graph":[{"@type":"WebPage","@id":"https:\/\/districos.standingout.be\/fr\/product\/enbio-meuble-pour-autoclave-ref-8026-00901\/","url":"https:\/\/districos.standingout.be\/fr\/product\/enbio-meuble-pour-autoclave-ref-8026-00901\/","name":"Enbio Meuble pour autoclave - Districos Webshop","isPartOf":{"@id":"https:\/\/districos.standingout.be\/fr\/#website"},"primaryImageOfPage":{"@id":"https:\/\/districos.standingout.be\/fr\/product\/enbio-meuble-pour-autoclave-ref-8026-00901\/#primaryimage"},"image":{"@id":"https:\/\/districos.standingout.be\/fr\/product\/enbio-meuble-pour-autoclave-ref-8026-00901\/#primaryimage"},"thumbnailUrl":"https:\/\/districos.standingout.be\/wp-content\/uploads\/2026\/04\/8026.00901@Enbio-Autoclaafmeubel_1-1.png","datePublished":"2026-04-28T08:33:42+00:00","dateModified":"2026-04-28T08:33:46+00:00","breadcrumb":{"@id":"https:\/\/districos.standingout.be\/fr\/product\/enbio-meuble-pour-autoclave-ref-8026-00901\/#breadcrumb"},"inLanguage":"fr-FR","potentialAction":[{"@type":"ReadAction","target":["https:\/\/districos.standingout.be\/fr\/product\/enbio-meuble-pour-autoclave-ref-8026-00901\/"]}]},{"@type":"ImageObject","inLanguage":"fr-FR","@id":"https:\/\/districos.standingout.be\/fr\/product\/enbio-meuble-pour-autoclave-ref-8026-00901\/#primaryimage","url":"https:\/\/districos.standingout.be\/wp-content\/uploads\/2026\/04\/8026.00901@Enbio-Autoclaafmeubel_1-1.png","contentUrl":"https:\/\/districos.standingout.be\/wp-content\/uploads\/2026\/04\/8026.00901@Enbio-Autoclaafmeubel_1-1.png","width":600,"height":600},{"@type":"BreadcrumbList","@id":"https:\/\/districos.standingout.be\/fr\/product\/enbio-meuble-pour-autoclave-ref-8026-00901\/#breadcrumb","itemListElement":[{"@type":"ListItem","position":1,"name":"Home","item":"https:\/\/districos.standingout.be\/fr\/bienvenue-chez-districos\/"},{"@type":"ListItem","position":2,"name":"Boutique","item":"https:\/\/districos.standingout.be\/fr\/boutique\/"},{"@type":"ListItem","position":3,"name":"Enbio Meuble pour autoclave"}]},{"@type":"WebSite","@id":"https:\/\/districos.standingout.be\/fr\/#website","url":"https:\/\/districos.standingout.be\/fr\/","name":"Districos Webshop","description":"","publisher":{"@id":"https:\/\/districos.standingout.be\/fr\/#organization"},"potentialAction":[{"@type":"SearchAction","target":{"@type":"EntryPoint","urlTemplate":"https:\/\/districos.standingout.be\/fr\/?s={search_term_string}"},"query-input":{"@type":"PropertyValueSpecification","valueRequired":true,"valueName":"search_term_string"}}],"inLanguage":"fr-FR"},{"@type":"Organization","@id":"https:\/\/districos.standingout.be\/fr\/#organization","name":"Districos Webshop","url":"https:\/\/districos.standingout.be\/fr\/","logo":{"@type":"ImageObject","inLanguage":"fr-FR","@id":"https:\/\/districos.standingout.be\/fr\/#\/schema\/logo\/image\/","url":"https:\/\/districos.standingout.be\/wp-content\/uploads\/2022\/09\/Districos_Logo_Webshop.svg","contentUrl":"https:\/\/districos.standingout.be\/wp-content\/uploads\/2022\/09\/Districos_Logo_Webshop.svg","caption":"Districos Webshop"},"image":{"@id":"https:\/\/districos.standingout.be\/fr\/#\/schema\/logo\/image\/"}}]}},"_links":{"self":[{"href":"https:\/\/districos.standingout.be\/fr\/wp-json\/wp\/v2\/product\/137825","targetHints":{"allow":["GET"]}}],"collection":[{"href":"https:\/\/districos.standingout.be\/fr\/wp-json\/wp\/v2\/product"}],"about":[{"href":"https:\/\/districos.standingout.be\/fr\/wp-json\/wp\/v2\/types\/product"}],"replies":[{"embeddable":true,"href":"https:\/\/districos.standingout.be\/fr\/wp-json\/wp\/v2\/comments?post=137825"}],"wp:featuredmedia":[{"embeddable":true,"href":"https:\/\/districos.standingout.be\/fr\/wp-json\/wp\/v2\/media\/147758"}],"wp:attachment":[{"href":"https:\/\/districos.standingout.be\/fr\/wp-json\/wp\/v2\/media?parent=137825"}],"wp:term":[{"taxonomy":"product_brand","embeddable":true,"href":"https:\/\/districos.standingout.be\/fr\/wp-json\/wp\/v2\/product_brand?post=137825"},{"taxonomy":"product_cat","embeddable":true,"href":"https:\/\/districos.standingout.be\/fr\/wp-json\/wp\/v2\/product_cat?post=137825"},{"taxonomy":"product_tag","embeddable":true,"href":"https:\/\/districos.standingout.be\/fr\/wp-json\/wp\/v2\/product_tag?post=137825"}],"curies":[{"name":"wp","href":"https:\/\/api.w.org\/{rel}","templated":true}]}}