{"id":137829,"date":"2026-04-28T10:33:52","date_gmt":"2026-04-28T08:33:52","guid":{"rendered":"https:\/\/webshopdistricoscom.webhosting.be\/product\/enbio-filtre-bacteriologique-hepa-ref-8026-00903\/"},"modified":"2026-04-28T10:33:56","modified_gmt":"2026-04-28T08:33:56","slug":"enbio-filtre-bacteriologique-hepa-ref-8026-00903","status":"publish","type":"product","link":"https:\/\/districos.standingout.be\/fr\/product\/enbio-filtre-bacteriologique-hepa-ref-8026-00903\/","title":{"rendered":"Enbio Filtre bact\u00e9riologique \/ HEPA"},"content":{"rendered":"<p >\n<\/p>\n<p><font size=\"2\"><font size=\"2\"><font size=\"2\">Ce filtre HEPA de remplacement est sp\u00e9cialement con\u00e7u pour les autoclaves Enbio et se situe \u00e0 l\u2019arri\u00e8re de l\u2019appareil. Il assure une purification optimale de l\u2019air pendant chaque cycle de st\u00e9rilisation et contribue ainsi \u00e0 la s\u00e9curit\u00e9 et \u00e0 la fiabilit\u00e9 de votre \u00e9quipement.<\/font><\/font><\/font><\/p>\n<p><font size=\"2\"><font size=\"2\"><font size=\"2\"><br \/><\/font><\/font><\/font><\/p>\n<p><font size=\"2\"><font size=\"2\"><font size=\"2\">Le filtre offre une longue dur\u00e9e de vie d\u2019environ 1000 cycles de st\u00e9rilisation. \u00c0 partir de 950 cycles, l\u2019autoclave \u00e9met un avertissement, et \u00e0 1000 cycles le remplacement devient n\u00e9cessaire. Vous avez ainsi la garantie d\u2019un fonctionnement toujours s\u00fbr et efficace.<\/font><\/font><\/font><\/p>\n<p><font size=\"2\"><font size=\"2\"><font size=\"2\"><br \/><\/font><\/font><\/font><\/p>\n<ul>\n<li><font size=\"2\"><font size=\"2\"><font size=\"2\">Pi\u00e8ce d\u2019origine Enbio<\/font><\/font><\/font><\/li>\n<li><font size=\"2\"><font size=\"2\"><font size=\"2\">Facile \u00e0 remplacer<\/font><\/font><\/font><\/li>\n<li><font size=\"2\"><font size=\"2\"><font size=\"2\">Dur\u00e9e de vie jusqu\u2019\u00e0 1000 cycles<\/font><\/font><\/font><\/li>\n<\/ul>\n<p><font size=\"2\"><font size=\"2\"><\/font><\/font><\/p>\n<p><font size=\"2\"><\/font><\/p>\n","protected":false},"excerpt":{"rendered":"<p>Ce filtre HEPA de remplacement est sp\u00e9cialement con\u00e7u pour les autoclaves Enbio et se situe \u00e0 l\u2019arri\u00e8re de l\u2019appareil. Il assure une purification optimale de l\u2019air pendant chaque cycle de st\u00e9rilisation et contribue ainsi \u00e0 la s\u00e9curit\u00e9 et \u00e0 la fiabilit\u00e9 de votre \u00e9quipement. Le filtre offre une longue dur\u00e9e de vie d\u2019environ 1000 cycles [&hellip;]<\/p>\n","protected":false},"featured_media":147776,"comment_status":"open","ping_status":"closed","template":"","meta":{"_acf_changed":false},"product_brand":[10394],"product_cat":[9990,10120],"product_tag":[],"class_list":{"0":"post-137829","1":"product","2":"type-product","3":"status-publish","4":"has-post-thumbnail","6":"product_brand-enbio-fr","7":"product_cat-soins-des-pieds-podologie-desinfection-nettoyage-equipement","8":"product_cat-hygiene-articles-jetables-desinfection-nettoyage-equipement","10":"first","11":"instock","12":"taxable","13":"shipping-taxable","14":"product-type-simple"},"acf":[],"yoast_head":"<!-- This site is optimized with the Yoast SEO plugin v27.3 - https:\/\/yoast.com\/product\/yoast-seo-wordpress\/ -->\n<title>Enbio Filtre bact\u00e9riologique \/ HEPA - Districos Webshop<\/title>\n<meta name=\"robots\" content=\"noindex, follow, max-snippet:-1, max-image-preview:large, max-video-preview:-1\" \/>\n<meta property=\"og:locale\" content=\"fr_FR\" \/>\n<meta property=\"og:type\" content=\"article\" \/>\n<meta property=\"og:title\" content=\"Enbio Filtre bact\u00e9riologique \/ HEPA - Districos Webshop\" \/>\n<meta property=\"og:description\" content=\"Ce filtre HEPA de remplacement est sp\u00e9cialement con\u00e7u pour les autoclaves Enbio et se situe \u00e0 l\u2019arri\u00e8re de l\u2019appareil. Il assure une purification optimale de l\u2019air pendant chaque cycle de st\u00e9rilisation et contribue ainsi \u00e0 la s\u00e9curit\u00e9 et \u00e0 la fiabilit\u00e9 de votre \u00e9quipement. Le filtre offre une longue dur\u00e9e de vie d\u2019environ 1000 cycles [&hellip;]\" \/>\n<meta property=\"og:url\" content=\"https:\/\/districos.standingout.be\/fr\/product\/enbio-filtre-bacteriologique-hepa-ref-8026-00903\/\" \/>\n<meta property=\"og:site_name\" content=\"Districos Webshop\" \/>\n<meta property=\"article:modified_time\" content=\"2026-04-28T08:33:56+00:00\" \/>\n<meta name=\"twitter:card\" content=\"summary_large_image\" \/>\n<meta name=\"twitter:label1\" content=\"Dur\u00e9e de lecture estim\u00e9e\" \/>\n\t<meta name=\"twitter:data1\" content=\"1 minute\" \/>\n<script type=\"application\/ld+json\" class=\"yoast-schema-graph\">{\"@context\":\"https:\\\/\\\/schema.org\",\"@graph\":[{\"@type\":\"WebPage\",\"@id\":\"https:\\\/\\\/districos.standingout.be\\\/fr\\\/product\\\/enbio-filtre-bacteriologique-hepa-ref-8026-00903\\\/\",\"url\":\"https:\\\/\\\/districos.standingout.be\\\/fr\\\/product\\\/enbio-filtre-bacteriologique-hepa-ref-8026-00903\\\/\",\"name\":\"Enbio Filtre bact\u00e9riologique \\\/ HEPA - Districos Webshop\",\"isPartOf\":{\"@id\":\"https:\\\/\\\/districos.standingout.be\\\/fr\\\/#website\"},\"primaryImageOfPage\":{\"@id\":\"https:\\\/\\\/districos.standingout.be\\\/fr\\\/product\\\/enbio-filtre-bacteriologique-hepa-ref-8026-00903\\\/#primaryimage\"},\"image\":{\"@id\":\"https:\\\/\\\/districos.standingout.be\\\/fr\\\/product\\\/enbio-filtre-bacteriologique-hepa-ref-8026-00903\\\/#primaryimage\"},\"thumbnailUrl\":\"https:\\\/\\\/districos.standingout.be\\\/wp-content\\\/uploads\\\/2026\\\/04\\\/8026.00903@Enbio-Bacteriologic-Filter_1-1.png\",\"datePublished\":\"2026-04-28T08:33:52+00:00\",\"dateModified\":\"2026-04-28T08:33:56+00:00\",\"breadcrumb\":{\"@id\":\"https:\\\/\\\/districos.standingout.be\\\/fr\\\/product\\\/enbio-filtre-bacteriologique-hepa-ref-8026-00903\\\/#breadcrumb\"},\"inLanguage\":\"fr-FR\",\"potentialAction\":[{\"@type\":\"ReadAction\",\"target\":[\"https:\\\/\\\/districos.standingout.be\\\/fr\\\/product\\\/enbio-filtre-bacteriologique-hepa-ref-8026-00903\\\/\"]}]},{\"@type\":\"ImageObject\",\"inLanguage\":\"fr-FR\",\"@id\":\"https:\\\/\\\/districos.standingout.be\\\/fr\\\/product\\\/enbio-filtre-bacteriologique-hepa-ref-8026-00903\\\/#primaryimage\",\"url\":\"https:\\\/\\\/districos.standingout.be\\\/wp-content\\\/uploads\\\/2026\\\/04\\\/8026.00903@Enbio-Bacteriologic-Filter_1-1.png\",\"contentUrl\":\"https:\\\/\\\/districos.standingout.be\\\/wp-content\\\/uploads\\\/2026\\\/04\\\/8026.00903@Enbio-Bacteriologic-Filter_1-1.png\",\"width\":600,\"height\":600},{\"@type\":\"BreadcrumbList\",\"@id\":\"https:\\\/\\\/districos.standingout.be\\\/fr\\\/product\\\/enbio-filtre-bacteriologique-hepa-ref-8026-00903\\\/#breadcrumb\",\"itemListElement\":[{\"@type\":\"ListItem\",\"position\":1,\"name\":\"Home\",\"item\":\"https:\\\/\\\/districos.standingout.be\\\/fr\\\/bienvenue-chez-districos\\\/\"},{\"@type\":\"ListItem\",\"position\":2,\"name\":\"Boutique\",\"item\":\"https:\\\/\\\/districos.standingout.be\\\/fr\\\/boutique\\\/\"},{\"@type\":\"ListItem\",\"position\":3,\"name\":\"Enbio Filtre bact\u00e9riologique \\\/ HEPA\"}]},{\"@type\":\"WebSite\",\"@id\":\"https:\\\/\\\/districos.standingout.be\\\/fr\\\/#website\",\"url\":\"https:\\\/\\\/districos.standingout.be\\\/fr\\\/\",\"name\":\"Districos Webshop\",\"description\":\"\",\"publisher\":{\"@id\":\"https:\\\/\\\/districos.standingout.be\\\/fr\\\/#organization\"},\"potentialAction\":[{\"@type\":\"SearchAction\",\"target\":{\"@type\":\"EntryPoint\",\"urlTemplate\":\"https:\\\/\\\/districos.standingout.be\\\/fr\\\/?s={search_term_string}\"},\"query-input\":{\"@type\":\"PropertyValueSpecification\",\"valueRequired\":true,\"valueName\":\"search_term_string\"}}],\"inLanguage\":\"fr-FR\"},{\"@type\":\"Organization\",\"@id\":\"https:\\\/\\\/districos.standingout.be\\\/fr\\\/#organization\",\"name\":\"Districos Webshop\",\"url\":\"https:\\\/\\\/districos.standingout.be\\\/fr\\\/\",\"logo\":{\"@type\":\"ImageObject\",\"inLanguage\":\"fr-FR\",\"@id\":\"https:\\\/\\\/districos.standingout.be\\\/fr\\\/#\\\/schema\\\/logo\\\/image\\\/\",\"url\":\"https:\\\/\\\/districos.standingout.be\\\/wp-content\\\/uploads\\\/2022\\\/09\\\/Districos_Logo_Webshop.svg\",\"contentUrl\":\"https:\\\/\\\/districos.standingout.be\\\/wp-content\\\/uploads\\\/2022\\\/09\\\/Districos_Logo_Webshop.svg\",\"caption\":\"Districos Webshop\"},\"image\":{\"@id\":\"https:\\\/\\\/districos.standingout.be\\\/fr\\\/#\\\/schema\\\/logo\\\/image\\\/\"}}]}<\/script>\n<!-- \/ Yoast SEO plugin. -->","yoast_head_json":{"title":"Enbio Filtre bact\u00e9riologique \/ HEPA - Districos Webshop","robots":{"index":"noindex","follow":"follow","max-snippet":"max-snippet:-1","max-image-preview":"max-image-preview:large","max-video-preview":"max-video-preview:-1"},"og_locale":"fr_FR","og_type":"article","og_title":"Enbio Filtre bact\u00e9riologique \/ HEPA - Districos Webshop","og_description":"Ce filtre HEPA de remplacement est sp\u00e9cialement con\u00e7u pour les autoclaves Enbio et se situe \u00e0 l\u2019arri\u00e8re de l\u2019appareil. Il assure une purification optimale de l\u2019air pendant chaque cycle de st\u00e9rilisation et contribue ainsi \u00e0 la s\u00e9curit\u00e9 et \u00e0 la fiabilit\u00e9 de votre \u00e9quipement. Le filtre offre une longue dur\u00e9e de vie d\u2019environ 1000 cycles [&hellip;]","og_url":"https:\/\/districos.standingout.be\/fr\/product\/enbio-filtre-bacteriologique-hepa-ref-8026-00903\/","og_site_name":"Districos Webshop","article_modified_time":"2026-04-28T08:33:56+00:00","twitter_card":"summary_large_image","twitter_misc":{"Dur\u00e9e de lecture estim\u00e9e":"1 minute"},"schema":{"@context":"https:\/\/schema.org","@graph":[{"@type":"WebPage","@id":"https:\/\/districos.standingout.be\/fr\/product\/enbio-filtre-bacteriologique-hepa-ref-8026-00903\/","url":"https:\/\/districos.standingout.be\/fr\/product\/enbio-filtre-bacteriologique-hepa-ref-8026-00903\/","name":"Enbio Filtre bact\u00e9riologique \/ HEPA - Districos Webshop","isPartOf":{"@id":"https:\/\/districos.standingout.be\/fr\/#website"},"primaryImageOfPage":{"@id":"https:\/\/districos.standingout.be\/fr\/product\/enbio-filtre-bacteriologique-hepa-ref-8026-00903\/#primaryimage"},"image":{"@id":"https:\/\/districos.standingout.be\/fr\/product\/enbio-filtre-bacteriologique-hepa-ref-8026-00903\/#primaryimage"},"thumbnailUrl":"https:\/\/districos.standingout.be\/wp-content\/uploads\/2026\/04\/8026.00903@Enbio-Bacteriologic-Filter_1-1.png","datePublished":"2026-04-28T08:33:52+00:00","dateModified":"2026-04-28T08:33:56+00:00","breadcrumb":{"@id":"https:\/\/districos.standingout.be\/fr\/product\/enbio-filtre-bacteriologique-hepa-ref-8026-00903\/#breadcrumb"},"inLanguage":"fr-FR","potentialAction":[{"@type":"ReadAction","target":["https:\/\/districos.standingout.be\/fr\/product\/enbio-filtre-bacteriologique-hepa-ref-8026-00903\/"]}]},{"@type":"ImageObject","inLanguage":"fr-FR","@id":"https:\/\/districos.standingout.be\/fr\/product\/enbio-filtre-bacteriologique-hepa-ref-8026-00903\/#primaryimage","url":"https:\/\/districos.standingout.be\/wp-content\/uploads\/2026\/04\/8026.00903@Enbio-Bacteriologic-Filter_1-1.png","contentUrl":"https:\/\/districos.standingout.be\/wp-content\/uploads\/2026\/04\/8026.00903@Enbio-Bacteriologic-Filter_1-1.png","width":600,"height":600},{"@type":"BreadcrumbList","@id":"https:\/\/districos.standingout.be\/fr\/product\/enbio-filtre-bacteriologique-hepa-ref-8026-00903\/#breadcrumb","itemListElement":[{"@type":"ListItem","position":1,"name":"Home","item":"https:\/\/districos.standingout.be\/fr\/bienvenue-chez-districos\/"},{"@type":"ListItem","position":2,"name":"Boutique","item":"https:\/\/districos.standingout.be\/fr\/boutique\/"},{"@type":"ListItem","position":3,"name":"Enbio Filtre bact\u00e9riologique \/ HEPA"}]},{"@type":"WebSite","@id":"https:\/\/districos.standingout.be\/fr\/#website","url":"https:\/\/districos.standingout.be\/fr\/","name":"Districos Webshop","description":"","publisher":{"@id":"https:\/\/districos.standingout.be\/fr\/#organization"},"potentialAction":[{"@type":"SearchAction","target":{"@type":"EntryPoint","urlTemplate":"https:\/\/districos.standingout.be\/fr\/?s={search_term_string}"},"query-input":{"@type":"PropertyValueSpecification","valueRequired":true,"valueName":"search_term_string"}}],"inLanguage":"fr-FR"},{"@type":"Organization","@id":"https:\/\/districos.standingout.be\/fr\/#organization","name":"Districos Webshop","url":"https:\/\/districos.standingout.be\/fr\/","logo":{"@type":"ImageObject","inLanguage":"fr-FR","@id":"https:\/\/districos.standingout.be\/fr\/#\/schema\/logo\/image\/","url":"https:\/\/districos.standingout.be\/wp-content\/uploads\/2022\/09\/Districos_Logo_Webshop.svg","contentUrl":"https:\/\/districos.standingout.be\/wp-content\/uploads\/2022\/09\/Districos_Logo_Webshop.svg","caption":"Districos Webshop"},"image":{"@id":"https:\/\/districos.standingout.be\/fr\/#\/schema\/logo\/image\/"}}]}},"_links":{"self":[{"href":"https:\/\/districos.standingout.be\/fr\/wp-json\/wp\/v2\/product\/137829","targetHints":{"allow":["GET"]}}],"collection":[{"href":"https:\/\/districos.standingout.be\/fr\/wp-json\/wp\/v2\/product"}],"about":[{"href":"https:\/\/districos.standingout.be\/fr\/wp-json\/wp\/v2\/types\/product"}],"replies":[{"embeddable":true,"href":"https:\/\/districos.standingout.be\/fr\/wp-json\/wp\/v2\/comments?post=137829"}],"wp:featuredmedia":[{"embeddable":true,"href":"https:\/\/districos.standingout.be\/fr\/wp-json\/wp\/v2\/media\/147776"}],"wp:attachment":[{"href":"https:\/\/districos.standingout.be\/fr\/wp-json\/wp\/v2\/media?parent=137829"}],"wp:term":[{"taxonomy":"product_brand","embeddable":true,"href":"https:\/\/districos.standingout.be\/fr\/wp-json\/wp\/v2\/product_brand?post=137829"},{"taxonomy":"product_cat","embeddable":true,"href":"https:\/\/districos.standingout.be\/fr\/wp-json\/wp\/v2\/product_cat?post=137829"},{"taxonomy":"product_tag","embeddable":true,"href":"https:\/\/districos.standingout.be\/fr\/wp-json\/wp\/v2\/product_tag?post=137829"}],"curies":[{"name":"wp","href":"https:\/\/api.w.org\/{rel}","templated":true}]}}