{"id":137831,"date":"2026-04-28T10:33:56","date_gmt":"2026-04-28T08:33:56","guid":{"rendered":"https:\/\/webshopdistricoscom.webhosting.be\/product\/enbio-bac-dinsertion-ref-8026-00905\/"},"modified":"2026-04-28T10:33:58","modified_gmt":"2026-04-28T08:33:58","slug":"enbio-bac-dinsertion-ref-8026-00905","status":"publish","type":"product","link":"https:\/\/districos.standingout.be\/fr\/product\/enbio-bac-dinsertion-ref-8026-00905\/","title":{"rendered":"Enbio Bac d&rsquo;insertion"},"content":{"rendered":"<p >\n<p>Le bac d&rsquo;insertion pour l&rsquo;Enbio Pro emp\u00eache les petits instruments ou mat\u00e9riaux de tomber du tiroir lorsqu&rsquo;ils ne sont pas plac\u00e9s dans un sachet autoclavable pendant l&rsquo;autoclavage. Fabriqu\u00e9 en acier inoxydable de haute qualit\u00e9, r\u00e9sistant \u00e0 la chaleur et facile \u00e0 nettoyer.<\/p>\n<p><\/p>\n<p>Compatible uniquement avec :<\/p>\n<ul>\n<li>Enbio Pro. (<a href=\"https:\/\/webshop.districos.com\/ProductDetail\/8026.003\" target=\"_blank\" rel=\"noopener noreferrer nofollow\"> r\u00e9f. 8026.003<\/a>)<\/li>\n<\/ul>\n<p>&nbsp;<\/p>\n","protected":false},"excerpt":{"rendered":"<p>Le bac d&rsquo;insertion pour l&rsquo;Enbio Pro emp\u00eache les petits instruments ou mat\u00e9riaux de tomber du tiroir lorsqu&rsquo;ils ne sont pas plac\u00e9s dans un sachet autoclavable pendant l&rsquo;autoclavage. Fabriqu\u00e9 en acier inoxydable de haute qualit\u00e9, r\u00e9sistant \u00e0 la chaleur et facile \u00e0 nettoyer. Compatible uniquement avec : Enbio Pro. ( r\u00e9f. 8026.003) &nbsp;<\/p>\n","protected":false},"featured_media":147778,"comment_status":"open","ping_status":"closed","template":"","meta":{"_acf_changed":false},"product_brand":[10394],"product_cat":[9990,10120],"product_tag":[],"class_list":{"0":"post-137831","1":"product","2":"type-product","3":"status-publish","4":"has-post-thumbnail","6":"product_brand-enbio-fr","7":"product_cat-soins-des-pieds-podologie-desinfection-nettoyage-equipement","8":"product_cat-hygiene-articles-jetables-desinfection-nettoyage-equipement","10":"first","11":"instock","12":"taxable","13":"shipping-taxable","14":"product-type-simple"},"acf":[],"yoast_head":"<!-- This site is optimized with the Yoast SEO plugin v27.3 - https:\/\/yoast.com\/product\/yoast-seo-wordpress\/ -->\n<title>Enbio Bac d&#039;insertion - Districos Webshop<\/title>\n<meta name=\"robots\" content=\"noindex, follow, max-snippet:-1, max-image-preview:large, max-video-preview:-1\" \/>\n<meta property=\"og:locale\" content=\"fr_FR\" \/>\n<meta property=\"og:type\" content=\"article\" \/>\n<meta property=\"og:title\" content=\"Enbio Bac d&#039;insertion - Districos Webshop\" \/>\n<meta property=\"og:description\" content=\"Le bac d&rsquo;insertion pour l&rsquo;Enbio Pro emp\u00eache les petits instruments ou mat\u00e9riaux de tomber du tiroir lorsqu&rsquo;ils ne sont pas plac\u00e9s dans un sachet autoclavable pendant l&rsquo;autoclavage. Fabriqu\u00e9 en acier inoxydable de haute qualit\u00e9, r\u00e9sistant \u00e0 la chaleur et facile \u00e0 nettoyer. Compatible uniquement avec : Enbio Pro. ( r\u00e9f. 8026.003) &nbsp;\" \/>\n<meta property=\"og:url\" content=\"https:\/\/districos.standingout.be\/fr\/product\/enbio-bac-dinsertion-ref-8026-00905\/\" \/>\n<meta property=\"og:site_name\" content=\"Districos Webshop\" \/>\n<meta property=\"article:modified_time\" content=\"2026-04-28T08:33:58+00:00\" \/>\n<meta name=\"twitter:card\" content=\"summary_large_image\" \/>\n<script type=\"application\/ld+json\" class=\"yoast-schema-graph\">{\"@context\":\"https:\\\/\\\/schema.org\",\"@graph\":[{\"@type\":\"WebPage\",\"@id\":\"https:\\\/\\\/districos.standingout.be\\\/fr\\\/product\\\/enbio-bac-dinsertion-ref-8026-00905\\\/\",\"url\":\"https:\\\/\\\/districos.standingout.be\\\/fr\\\/product\\\/enbio-bac-dinsertion-ref-8026-00905\\\/\",\"name\":\"Enbio Bac d'insertion - Districos Webshop\",\"isPartOf\":{\"@id\":\"https:\\\/\\\/districos.standingout.be\\\/fr\\\/#website\"},\"primaryImageOfPage\":{\"@id\":\"https:\\\/\\\/districos.standingout.be\\\/fr\\\/product\\\/enbio-bac-dinsertion-ref-8026-00905\\\/#primaryimage\"},\"image\":{\"@id\":\"https:\\\/\\\/districos.standingout.be\\\/fr\\\/product\\\/enbio-bac-dinsertion-ref-8026-00905\\\/#primaryimage\"},\"thumbnailUrl\":\"https:\\\/\\\/districos.standingout.be\\\/wp-content\\\/uploads\\\/2026\\\/04\\\/8026.00905@Enbio-Opvangschaal-Top_1.png\",\"datePublished\":\"2026-04-28T08:33:56+00:00\",\"dateModified\":\"2026-04-28T08:33:58+00:00\",\"breadcrumb\":{\"@id\":\"https:\\\/\\\/districos.standingout.be\\\/fr\\\/product\\\/enbio-bac-dinsertion-ref-8026-00905\\\/#breadcrumb\"},\"inLanguage\":\"fr-FR\",\"potentialAction\":[{\"@type\":\"ReadAction\",\"target\":[\"https:\\\/\\\/districos.standingout.be\\\/fr\\\/product\\\/enbio-bac-dinsertion-ref-8026-00905\\\/\"]}]},{\"@type\":\"ImageObject\",\"inLanguage\":\"fr-FR\",\"@id\":\"https:\\\/\\\/districos.standingout.be\\\/fr\\\/product\\\/enbio-bac-dinsertion-ref-8026-00905\\\/#primaryimage\",\"url\":\"https:\\\/\\\/districos.standingout.be\\\/wp-content\\\/uploads\\\/2026\\\/04\\\/8026.00905@Enbio-Opvangschaal-Top_1.png\",\"contentUrl\":\"https:\\\/\\\/districos.standingout.be\\\/wp-content\\\/uploads\\\/2026\\\/04\\\/8026.00905@Enbio-Opvangschaal-Top_1.png\",\"width\":600,\"height\":600},{\"@type\":\"BreadcrumbList\",\"@id\":\"https:\\\/\\\/districos.standingout.be\\\/fr\\\/product\\\/enbio-bac-dinsertion-ref-8026-00905\\\/#breadcrumb\",\"itemListElement\":[{\"@type\":\"ListItem\",\"position\":1,\"name\":\"Home\",\"item\":\"https:\\\/\\\/districos.standingout.be\\\/fr\\\/bienvenue-chez-districos\\\/\"},{\"@type\":\"ListItem\",\"position\":2,\"name\":\"Boutique\",\"item\":\"https:\\\/\\\/districos.standingout.be\\\/fr\\\/boutique\\\/\"},{\"@type\":\"ListItem\",\"position\":3,\"name\":\"Enbio Bac d&#8217;insertion\"}]},{\"@type\":\"WebSite\",\"@id\":\"https:\\\/\\\/districos.standingout.be\\\/fr\\\/#website\",\"url\":\"https:\\\/\\\/districos.standingout.be\\\/fr\\\/\",\"name\":\"Districos Webshop\",\"description\":\"\",\"publisher\":{\"@id\":\"https:\\\/\\\/districos.standingout.be\\\/fr\\\/#organization\"},\"potentialAction\":[{\"@type\":\"SearchAction\",\"target\":{\"@type\":\"EntryPoint\",\"urlTemplate\":\"https:\\\/\\\/districos.standingout.be\\\/fr\\\/?s={search_term_string}\"},\"query-input\":{\"@type\":\"PropertyValueSpecification\",\"valueRequired\":true,\"valueName\":\"search_term_string\"}}],\"inLanguage\":\"fr-FR\"},{\"@type\":\"Organization\",\"@id\":\"https:\\\/\\\/districos.standingout.be\\\/fr\\\/#organization\",\"name\":\"Districos Webshop\",\"url\":\"https:\\\/\\\/districos.standingout.be\\\/fr\\\/\",\"logo\":{\"@type\":\"ImageObject\",\"inLanguage\":\"fr-FR\",\"@id\":\"https:\\\/\\\/districos.standingout.be\\\/fr\\\/#\\\/schema\\\/logo\\\/image\\\/\",\"url\":\"https:\\\/\\\/districos.standingout.be\\\/wp-content\\\/uploads\\\/2022\\\/09\\\/Districos_Logo_Webshop.svg\",\"contentUrl\":\"https:\\\/\\\/districos.standingout.be\\\/wp-content\\\/uploads\\\/2022\\\/09\\\/Districos_Logo_Webshop.svg\",\"caption\":\"Districos Webshop\"},\"image\":{\"@id\":\"https:\\\/\\\/districos.standingout.be\\\/fr\\\/#\\\/schema\\\/logo\\\/image\\\/\"}}]}<\/script>\n<!-- \/ Yoast SEO plugin. -->","yoast_head_json":{"title":"Enbio Bac d'insertion - Districos Webshop","robots":{"index":"noindex","follow":"follow","max-snippet":"max-snippet:-1","max-image-preview":"max-image-preview:large","max-video-preview":"max-video-preview:-1"},"og_locale":"fr_FR","og_type":"article","og_title":"Enbio Bac d'insertion - Districos Webshop","og_description":"Le bac d&rsquo;insertion pour l&rsquo;Enbio Pro emp\u00eache les petits instruments ou mat\u00e9riaux de tomber du tiroir lorsqu&rsquo;ils ne sont pas plac\u00e9s dans un sachet autoclavable pendant l&rsquo;autoclavage. Fabriqu\u00e9 en acier inoxydable de haute qualit\u00e9, r\u00e9sistant \u00e0 la chaleur et facile \u00e0 nettoyer. Compatible uniquement avec : Enbio Pro. ( r\u00e9f. 8026.003) &nbsp;","og_url":"https:\/\/districos.standingout.be\/fr\/product\/enbio-bac-dinsertion-ref-8026-00905\/","og_site_name":"Districos Webshop","article_modified_time":"2026-04-28T08:33:58+00:00","twitter_card":"summary_large_image","schema":{"@context":"https:\/\/schema.org","@graph":[{"@type":"WebPage","@id":"https:\/\/districos.standingout.be\/fr\/product\/enbio-bac-dinsertion-ref-8026-00905\/","url":"https:\/\/districos.standingout.be\/fr\/product\/enbio-bac-dinsertion-ref-8026-00905\/","name":"Enbio Bac d'insertion - Districos Webshop","isPartOf":{"@id":"https:\/\/districos.standingout.be\/fr\/#website"},"primaryImageOfPage":{"@id":"https:\/\/districos.standingout.be\/fr\/product\/enbio-bac-dinsertion-ref-8026-00905\/#primaryimage"},"image":{"@id":"https:\/\/districos.standingout.be\/fr\/product\/enbio-bac-dinsertion-ref-8026-00905\/#primaryimage"},"thumbnailUrl":"https:\/\/districos.standingout.be\/wp-content\/uploads\/2026\/04\/8026.00905@Enbio-Opvangschaal-Top_1.png","datePublished":"2026-04-28T08:33:56+00:00","dateModified":"2026-04-28T08:33:58+00:00","breadcrumb":{"@id":"https:\/\/districos.standingout.be\/fr\/product\/enbio-bac-dinsertion-ref-8026-00905\/#breadcrumb"},"inLanguage":"fr-FR","potentialAction":[{"@type":"ReadAction","target":["https:\/\/districos.standingout.be\/fr\/product\/enbio-bac-dinsertion-ref-8026-00905\/"]}]},{"@type":"ImageObject","inLanguage":"fr-FR","@id":"https:\/\/districos.standingout.be\/fr\/product\/enbio-bac-dinsertion-ref-8026-00905\/#primaryimage","url":"https:\/\/districos.standingout.be\/wp-content\/uploads\/2026\/04\/8026.00905@Enbio-Opvangschaal-Top_1.png","contentUrl":"https:\/\/districos.standingout.be\/wp-content\/uploads\/2026\/04\/8026.00905@Enbio-Opvangschaal-Top_1.png","width":600,"height":600},{"@type":"BreadcrumbList","@id":"https:\/\/districos.standingout.be\/fr\/product\/enbio-bac-dinsertion-ref-8026-00905\/#breadcrumb","itemListElement":[{"@type":"ListItem","position":1,"name":"Home","item":"https:\/\/districos.standingout.be\/fr\/bienvenue-chez-districos\/"},{"@type":"ListItem","position":2,"name":"Boutique","item":"https:\/\/districos.standingout.be\/fr\/boutique\/"},{"@type":"ListItem","position":3,"name":"Enbio Bac d&#8217;insertion"}]},{"@type":"WebSite","@id":"https:\/\/districos.standingout.be\/fr\/#website","url":"https:\/\/districos.standingout.be\/fr\/","name":"Districos Webshop","description":"","publisher":{"@id":"https:\/\/districos.standingout.be\/fr\/#organization"},"potentialAction":[{"@type":"SearchAction","target":{"@type":"EntryPoint","urlTemplate":"https:\/\/districos.standingout.be\/fr\/?s={search_term_string}"},"query-input":{"@type":"PropertyValueSpecification","valueRequired":true,"valueName":"search_term_string"}}],"inLanguage":"fr-FR"},{"@type":"Organization","@id":"https:\/\/districos.standingout.be\/fr\/#organization","name":"Districos Webshop","url":"https:\/\/districos.standingout.be\/fr\/","logo":{"@type":"ImageObject","inLanguage":"fr-FR","@id":"https:\/\/districos.standingout.be\/fr\/#\/schema\/logo\/image\/","url":"https:\/\/districos.standingout.be\/wp-content\/uploads\/2022\/09\/Districos_Logo_Webshop.svg","contentUrl":"https:\/\/districos.standingout.be\/wp-content\/uploads\/2022\/09\/Districos_Logo_Webshop.svg","caption":"Districos Webshop"},"image":{"@id":"https:\/\/districos.standingout.be\/fr\/#\/schema\/logo\/image\/"}}]}},"_links":{"self":[{"href":"https:\/\/districos.standingout.be\/fr\/wp-json\/wp\/v2\/product\/137831","targetHints":{"allow":["GET"]}}],"collection":[{"href":"https:\/\/districos.standingout.be\/fr\/wp-json\/wp\/v2\/product"}],"about":[{"href":"https:\/\/districos.standingout.be\/fr\/wp-json\/wp\/v2\/types\/product"}],"replies":[{"embeddable":true,"href":"https:\/\/districos.standingout.be\/fr\/wp-json\/wp\/v2\/comments?post=137831"}],"wp:featuredmedia":[{"embeddable":true,"href":"https:\/\/districos.standingout.be\/fr\/wp-json\/wp\/v2\/media\/147778"}],"wp:attachment":[{"href":"https:\/\/districos.standingout.be\/fr\/wp-json\/wp\/v2\/media?parent=137831"}],"wp:term":[{"taxonomy":"product_brand","embeddable":true,"href":"https:\/\/districos.standingout.be\/fr\/wp-json\/wp\/v2\/product_brand?post=137831"},{"taxonomy":"product_cat","embeddable":true,"href":"https:\/\/districos.standingout.be\/fr\/wp-json\/wp\/v2\/product_cat?post=137831"},{"taxonomy":"product_tag","embeddable":true,"href":"https:\/\/districos.standingout.be\/fr\/wp-json\/wp\/v2\/product_tag?post=137831"}],"curies":[{"name":"wp","href":"https:\/\/api.w.org\/{rel}","templated":true}]}}